{"id":28395,"date":"2024-09-17T14:16:51","date_gmt":"2024-09-17T12:16:51","guid":{"rendered":"https:\/\/pugliamare.it\/?page_id=28395"},"modified":"2024-09-17T15:03:14","modified_gmt":"2024-09-17T13:03:14","slug":"guide-tour-autonomi","status":"publish","type":"page","link":"https:\/\/pugliamare.it\/en\/guide-tour-autonomi\/","title":{"rendered":"Guide"},"content":{"rendered":"<div data-elementor-type=\"wp-page\" data-elementor-id=\"28395\" class=\"elementor elementor-28395\" data-elementor-post-type=\"page\">\n\t\t\t\t<div class=\"elementor-element elementor-element-9cfa07b e-flex e-con-boxed e-con e-parent\" data-id=\"9cfa07b\" data-element_type=\"container\">\n\t\t\t\t\t<div class=\"e-con-inner\">\n\t\t\t\t<div class=\"elementor-element elementor-element-476f148 elementor-widget elementor-widget-heading\" data-id=\"476f148\" data-element_type=\"widget\" data-widget_type=\"heading.default\">\n\t\t\t\t<div class=\"elementor-widget-container\">\n\t\t\t<h1 class=\"elementor-heading-title elementor-size-default\">Guides for Self Guided Tours<\/h1>\t\t<\/div>\n\t\t\t\t<\/div>\n\t\t\t\t<div class=\"elementor-element elementor-element-23aa7db elementor-widget elementor-widget-text-editor\" data-id=\"23aa7db\" data-element_type=\"widget\" data-widget_type=\"text-editor.default\">\n\t\t\t\t<div class=\"elementor-widget-container\">\n\t\t\t\t\t\t\t<p class=\" translation-block\">Do you want to discover the wonders of <b>Puglia <\/b>at your own pace, without constraints and with the freedom to follow your own pace? Our <b>self-guided tour guides<\/b> offer you detailed itineraries to explore the region's most fascinating cities.<\/p><p class=\" translation-block\">You can purchase the <b>transportation<\/b> to your preferred destinations, and you will be provided with <b>digital guides<\/b>. You will have everything you need to <b>explore the cities in complete autonomy<\/b>, directly on your device!<span style=\"color: var( --e-global-color-text );font-family: var( --e-global-typography-text-font-family ), Sans-serif;text-align: var(--text-align)\"> <\/span><\/p><p><b>Puglia awaits you, ready to reveal its hidden treasures!<\/b><\/p>\t\t\t\t\t\t<\/div>\n\t\t\t\t<\/div>\n\t\t\t\t\t<\/div>\n\t\t\t\t<\/div>\n\t\t<div class=\"elementor-element elementor-element-816f87e e-flex e-con-boxed e-con e-parent\" data-id=\"816f87e\" data-element_type=\"container\">\n\t\t\t\t\t<div class=\"e-con-inner\">\n\t\t\t\t<div class=\"elementor-element elementor-element-dc70a85 elementor-grid-1 elementor-grid-tablet-2 elementor-grid-mobile-1 elementor-widget elementor-widget-elementor-blog-posts\" data-id=\"dc70a85\" data-element_type=\"widget\" data-settings=\"{&quot;columns&quot;:&quot;1&quot;,&quot;columns_tablet&quot;:&quot;2&quot;,&quot;columns_mobile&quot;:&quot;1&quot;}\" data-widget_type=\"elementor-blog-posts.default\">\n\t\t\t\t<div class=\"elementor-widget-container\">\n\t\t\t\t\t<div class=\"wpcap-grid\">\n\t\t\t\t\t\t<div class=\"wpcap-grid-container elementor-grid wpcap-grid-desktop-1 wpcap-grid-tablet-2 wpcap-grid-mobile-1 grid-meta-bottom\">\n\n\t\t\t\t\n        <article id=\"post-33931\" class=\"wpcap-post post-33931 post type-post status-publish format-standard has-post-thumbnail hentry category-guide category-polignano-a-mare category-traveltips tag-avventura tag-mare tag-polignano-a-mare\">\n         \n            <div class=\"post-grid-inner\">\n            \t\n            \t\t\t\t<div class=\"post-grid-thumbnail\">\n\t\t\t\t<a href=\"https:\/\/pugliamare.it\/en\/guida-di-polignano-a-mare-cosa-vedere-mangiare-e-fare\/\">\n\t\t\t\t\t<img fetchpriority=\"high\" decoding=\"async\" width=\"1920\" height=\"1080\" src=\"https:\/\/pugliamare.it\/wp-content\/uploads\/2025\/07\/Blog-Header-Immagine.png\" class=\"attachment-full size-full wp-post-image\" alt=\"\" srcset=\"https:\/\/pugliamare.it\/wp-content\/uploads\/2025\/07\/Blog-Header-Immagine.png 1920w, https:\/\/pugliamare.it\/wp-content\/uploads\/2025\/07\/Blog-Header-Immagine-300x169.png 300w, https:\/\/pugliamare.it\/wp-content\/uploads\/2025\/07\/Blog-Header-Immagine-1024x576.png 1024w, https:\/\/pugliamare.it\/wp-content\/uploads\/2025\/07\/Blog-Header-Immagine-768x432.png 768w, https:\/\/pugliamare.it\/wp-content\/uploads\/2025\/07\/Blog-Header-Immagine-1536x864.png 1536w, https:\/\/pugliamare.it\/wp-content\/uploads\/2025\/07\/Blog-Header-Immagine-18x10.png 18w, https:\/\/pugliamare.it\/wp-content\/uploads\/2025\/07\/Blog-Header-Immagine-800x450.png 800w, https:\/\/pugliamare.it\/wp-content\/uploads\/2025\/07\/Blog-Header-Immagine-600x338.png 600w\" sizes=\"(max-width: 1920px) 100vw, 1920px\" \/>\t\t\t\t<\/a>\n\t\t\t<\/div>\n        \n                <div class=\"post-grid-text-wrap\">\n               \t\t\t\t<h2 class=\"title\">\n\t\t\t<a href=\"https:\/\/pugliamare.it\/en\/guida-di-polignano-a-mare-cosa-vedere-mangiare-e-fare\/\">Guide to Polignano a Mare: What to See, Eat, and Do<\/a>\n\t\t<\/h2>\n\t\t\t                \t\t<div class=\"post-grid-excerpt\">\n\t\t\t<p>Discover Polignano a Mare, one of Puglia\u2019s jewels, with its crystal-clear sea, charming historic center, and authentic flavors. Explore the town on foot, by boat, or by Vespa; visit Lama Monachile, the Modugno monument, and the beaches of San Vito. Enjoy the local street food, the famous Special Coffee, and take part in unique experiences such as cooking classes and mozzarella-making lessons. Experience Polignano with fresh eyes, surrounded by culture, tradition, and breathtaking views.<\/p>\n\t\t<\/div>\n\t\t\t                \t\t<a class=\"read-more-btn\" href=\"https:\/\/pugliamare.it\/en\/guida-di-polignano-a-mare-cosa-vedere-mangiare-e-fare\/\">Read more \u00bb<\/a>\n\t\t                <\/div>\n\n                \t\t<div class=\"post-grid-meta\">\n\t\t\t\n\t\t\t\t<span class=\"post-author\">Gianni Vitto<\/span>\n\n\t\t\t\t\n\t\t\t\t<span class=\"post-date\"><time datetime=\"2025-07-29T13:19:50+02:00\">29 July 2025<\/time><\/span>\n\n\t\t\t\t\t\t<\/div>\n\t\t\n            <\/div><!-- .blog-inner -->\n           \n        <\/article>\n\n        \n        <article id=\"post-32392\" class=\"wpcap-post post-32392 post type-post status-publish format-standard has-post-thumbnail hentry category-guide category-ostuni category-traveltips category-valle-ditria tag-avventura tag-mare tag-polignano-a-mare\">\n         \n            <div class=\"post-grid-inner\">\n            \t\n            \t\t\t\t<div class=\"post-grid-thumbnail\">\n\t\t\t\t<a href=\"https:\/\/pugliamare.it\/en\/coa-vedere-a-ostuni-guida-completa-tra-storia-e-sapori\/\">\n\t\t\t\t\t<img decoding=\"async\" width=\"1920\" height=\"1080\" src=\"https:\/\/pugliamare.it\/wp-content\/uploads\/2025\/06\/15.png\" class=\"attachment-full size-full wp-post-image\" alt=\"\" srcset=\"https:\/\/pugliamare.it\/wp-content\/uploads\/2025\/06\/15.png 1920w, https:\/\/pugliamare.it\/wp-content\/uploads\/2025\/06\/15-300x169.png 300w, https:\/\/pugliamare.it\/wp-content\/uploads\/2025\/06\/15-1024x576.png 1024w, https:\/\/pugliamare.it\/wp-content\/uploads\/2025\/06\/15-768x432.png 768w, https:\/\/pugliamare.it\/wp-content\/uploads\/2025\/06\/15-1536x864.png 1536w, https:\/\/pugliamare.it\/wp-content\/uploads\/2025\/06\/15-18x10.png 18w, https:\/\/pugliamare.it\/wp-content\/uploads\/2025\/06\/15-800x450.png 800w, https:\/\/pugliamare.it\/wp-content\/uploads\/2025\/06\/15-600x338.png 600w\" sizes=\"(max-width: 1920px) 100vw, 1920px\" \/>\t\t\t\t<\/a>\n\t\t\t<\/div>\n        \n                <div class=\"post-grid-text-wrap\">\n               \t\t\t\t<h2 class=\"title\">\n\t\t\t<a href=\"https:\/\/pugliamare.it\/en\/coa-vedere-a-ostuni-guida-completa-tra-storia-e-sapori\/\">What to See in Ostuni: A Complete Guide Through History and Flavors<\/a>\n\t\t<\/h2>\n\t\t\t                \t\t<div class=\"post-grid-excerpt\">\n\t\t\t<p>Discover Ostuni, Puglia's \"White City\": a charming town of whitewashed alleys, a splendid cathedral, artisan workshops, and authentic flavors. Stroll through the historic center, savor traditional cuisine, and enjoy unique experiences amidst history, culture, and breathtaking scenery.<\/p>\n\t\t<\/div>\n\t\t\t                \t\t<a class=\"read-more-btn\" href=\"https:\/\/pugliamare.it\/en\/coa-vedere-a-ostuni-guida-completa-tra-storia-e-sapori\/\">Read more \u00bb<\/a>\n\t\t                <\/div>\n\n                \t\t<div class=\"post-grid-meta\">\n\t\t\t\n\t\t\t\t<span class=\"post-author\">pugliamare<\/span>\n\n\t\t\t\t\n\t\t\t\t<span class=\"post-date\"><time datetime=\"2025-06-18T14:32:00+02:00\">18 June 2025<\/time><\/span>\n\n\t\t\t\t\t\t<\/div>\n\t\t\n            <\/div><!-- .blog-inner -->\n           \n        <\/article>\n\n        \n        <article id=\"post-31768\" class=\"wpcap-post post-31768 post type-post status-publish format-standard has-post-thumbnail hentry category-alberobello category-guide category-traveltips category-valle-ditria tag-avventura tag-mare tag-polignano-a-mare\">\n         \n            <div class=\"post-grid-inner\">\n            \t\n            \t\t\t\t<div class=\"post-grid-thumbnail\">\n\t\t\t\t<a href=\"https:\/\/pugliamare.it\/en\/guida-completa-di-alberobello\/\">\n\t\t\t\t\t<img decoding=\"async\" width=\"1920\" height=\"1080\" src=\"https:\/\/pugliamare.it\/wp-content\/uploads\/2025\/05\/8-1.png\" class=\"attachment-full size-full wp-post-image\" alt=\"\" srcset=\"https:\/\/pugliamare.it\/wp-content\/uploads\/2025\/05\/8-1.png 1920w, https:\/\/pugliamare.it\/wp-content\/uploads\/2025\/05\/8-1-300x169.png 300w, https:\/\/pugliamare.it\/wp-content\/uploads\/2025\/05\/8-1-1024x576.png 1024w, https:\/\/pugliamare.it\/wp-content\/uploads\/2025\/05\/8-1-768x432.png 768w, https:\/\/pugliamare.it\/wp-content\/uploads\/2025\/05\/8-1-1536x864.png 1536w, https:\/\/pugliamare.it\/wp-content\/uploads\/2025\/05\/8-1-18x10.png 18w, https:\/\/pugliamare.it\/wp-content\/uploads\/2025\/05\/8-1-800x450.png 800w, https:\/\/pugliamare.it\/wp-content\/uploads\/2025\/05\/8-1-600x338.png 600w\" sizes=\"(max-width: 1920px) 100vw, 1920px\" \/>\t\t\t\t<\/a>\n\t\t\t<\/div>\n        \n                <div class=\"post-grid-text-wrap\">\n               \t\t\t\t<h2 class=\"title\">\n\t\t\t<a href=\"https:\/\/pugliamare.it\/en\/guida-completa-di-alberobello\/\">What to See, Do, and Eat in Alberobello: The Ultimate Guide to the Trulli Capital of Puglia<\/a>\n\t\t<\/h2>\n\t\t\t                \t\t<div class=\"post-grid-excerpt\">\n\t\t\t<p class=\" translation-block\">Famous worldwide, unique and renowned for its characteristic <strong>trulli,<\/strong> declared a World Heritage Site by <strong>UNESCO.<\/strong> Alberobello is a true gem in the Apulian inland. A small jewel that attracts visitors every year from all over the world, curious to visit the trulli and fascinated by the surrounding countryside full of olive trees, wheat fields, and vineyards.<\/p>\n\t\t<\/div>\n\t\t\t                \t\t<a class=\"read-more-btn\" href=\"https:\/\/pugliamare.it\/en\/guida-completa-di-alberobello\/\">Read more \u00bb<\/a>\n\t\t                <\/div>\n\n                \t\t<div class=\"post-grid-meta\">\n\t\t\t\n\t\t\t\t<span class=\"post-author\">pugliamare<\/span>\n\n\t\t\t\t\n\t\t\t\t<span class=\"post-date\"><time datetime=\"2025-05-27T15:46:37+02:00\">27 May 2025<\/time><\/span>\n\n\t\t\t\t\t\t<\/div>\n\t\t\n            <\/div><!-- .blog-inner -->\n           \n        <\/article>\n\n        \n        <article id=\"post-28232\" class=\"wpcap-post post-28232 post type-post status-publish format-standard has-post-thumbnail hentry category-guide category-matera-alberobello tag-alberobello tag-city-tours tag-matera\">\n         \n            <div class=\"post-grid-inner\">\n            \t\n            \t\t\t\t<div class=\"post-grid-thumbnail\">\n\t\t\t\t<a href=\"https:\/\/pugliamare.it\/en\/alberobello-e-matera-guida\/\">\n\t\t\t\t\t<img loading=\"lazy\" decoding=\"async\" width=\"1600\" height=\"1066\" src=\"https:\/\/pugliamare.it\/wp-content\/uploads\/2024\/09\/WhatsApp-Image-2024-09-10-at-09.36.36-1.jpeg\" class=\"attachment-full size-full wp-post-image\" alt=\"Self guided tour\" srcset=\"https:\/\/pugliamare.it\/wp-content\/uploads\/2024\/09\/WhatsApp-Image-2024-09-10-at-09.36.36-1.jpeg 1600w, https:\/\/pugliamare.it\/wp-content\/uploads\/2024\/09\/WhatsApp-Image-2024-09-10-at-09.36.36-1-300x200.jpeg 300w, https:\/\/pugliamare.it\/wp-content\/uploads\/2024\/09\/WhatsApp-Image-2024-09-10-at-09.36.36-1-1024x682.jpeg 1024w, https:\/\/pugliamare.it\/wp-content\/uploads\/2024\/09\/WhatsApp-Image-2024-09-10-at-09.36.36-1-768x512.jpeg 768w, https:\/\/pugliamare.it\/wp-content\/uploads\/2024\/09\/WhatsApp-Image-2024-09-10-at-09.36.36-1-1536x1023.jpeg 1536w, https:\/\/pugliamare.it\/wp-content\/uploads\/2024\/09\/WhatsApp-Image-2024-09-10-at-09.36.36-1-18x12.jpeg 18w, https:\/\/pugliamare.it\/wp-content\/uploads\/2024\/09\/WhatsApp-Image-2024-09-10-at-09.36.36-1-675x450.jpeg 675w, https:\/\/pugliamare.it\/wp-content\/uploads\/2024\/09\/WhatsApp-Image-2024-09-10-at-09.36.36-1-600x400.jpeg 600w\" sizes=\"(max-width: 1600px) 100vw, 1600px\" \/>\t\t\t\t<\/a>\n\t\t\t<\/div>\n        \n                <div class=\"post-grid-text-wrap\">\n               \t\t\t\t<h2 class=\"title\">\n\t\t\t<a href=\"https:\/\/pugliamare.it\/en\/alberobello-e-matera-guida\/\">Self Guided Tour \u2013 Discover Alberobello and Matera independently<\/a>\n\t\t<\/h2>\n\t\t\t                \t\t<div class=\"post-grid-excerpt\">\n\t\t\t<p>Discover Alberobello and Matera with our guide for an independent tour. Explore the famous trulli and the evocative sassi, both UNESCO heritage sites, and immerse yourself in a journey through history, culture and unique landscapes that only Puglia can offer.<\/p>\n\t\t<\/div>\n\t\t\t                \t\t<a class=\"read-more-btn\" href=\"https:\/\/pugliamare.it\/en\/alberobello-e-matera-guida\/\">Read more \u00bb<\/a>\n\t\t                <\/div>\n\n                \t\t<div class=\"post-grid-meta\">\n\t\t\t\n\t\t\t\t<span class=\"post-author\">pugliamare<\/span>\n\n\t\t\t\t\n\t\t\t\t<span class=\"post-date\"><time datetime=\"2024-09-16T14:34:07+02:00\">16 September 2024<\/time><\/span>\n\n\t\t\t\t\t\t<\/div>\n\t\t\n            <\/div><!-- .blog-inner -->\n           \n        <\/article>\n\n        \n        <article id=\"post-29458\" class=\"wpcap-post post-29458 post type-post status-publish format-standard has-post-thumbnail hentry category-guide category-matera-alberobello tag-alberobello tag-city-tours tag-matera\">\n         \n            <div class=\"post-grid-inner\">\n            \t\n            \t\t\t\t<div class=\"post-grid-thumbnail\">\n\t\t\t\t<a href=\"https:\/\/pugliamare.it\/en\/self-guided-tour-scopri-autonomamente-alberobello\/\">\n\t\t\t\t\t<img loading=\"lazy\" decoding=\"async\" width=\"2560\" height=\"1626\" src=\"https:\/\/pugliamare.it\/wp-content\/uploads\/2024\/03\/foto-alberobello-scaled.jpeg\" class=\"attachment-full size-full wp-post-image\" alt=\"I famosi trulli di Alberobello\" srcset=\"https:\/\/pugliamare.it\/wp-content\/uploads\/2024\/03\/foto-alberobello-scaled.jpeg 2560w, https:\/\/pugliamare.it\/wp-content\/uploads\/2024\/03\/foto-alberobello-300x191.jpeg 300w, https:\/\/pugliamare.it\/wp-content\/uploads\/2024\/03\/foto-alberobello-1024x651.jpeg 1024w, https:\/\/pugliamare.it\/wp-content\/uploads\/2024\/03\/foto-alberobello-768x488.jpeg 768w, https:\/\/pugliamare.it\/wp-content\/uploads\/2024\/03\/foto-alberobello-1536x976.jpeg 1536w, https:\/\/pugliamare.it\/wp-content\/uploads\/2024\/03\/foto-alberobello-2048x1301.jpeg 2048w, https:\/\/pugliamare.it\/wp-content\/uploads\/2024\/03\/foto-alberobello-18x12.jpeg 18w, https:\/\/pugliamare.it\/wp-content\/uploads\/2024\/03\/foto-alberobello-820x520.jpeg 820w, https:\/\/pugliamare.it\/wp-content\/uploads\/2024\/03\/foto-alberobello-708x450.jpeg 708w, https:\/\/pugliamare.it\/wp-content\/uploads\/2024\/03\/foto-alberobello-600x381.jpeg 600w\" sizes=\"(max-width: 2560px) 100vw, 2560px\" \/>\t\t\t\t<\/a>\n\t\t\t<\/div>\n        \n                <div class=\"post-grid-text-wrap\">\n               \t\t\t\t<h2 class=\"title\">\n\t\t\t<a href=\"https:\/\/pugliamare.it\/en\/self-guided-tour-scopri-autonomamente-alberobello\/\">Self-Guided Tour \u2013 Discover Alberobello on Your Own<\/a>\n\t\t<\/h2>\n\t\t\t                \t\t<div class=\"post-grid-excerpt\">\n\t\t\t<p>Discover Alberobello and Matera with our guide for an independent tour. Explore the famous trulli and the evocative sassi, both UNESCO heritage sites, and immerse yourself in a journey through history, culture and unique landscapes that only Puglia can offer.<\/p>\n\t\t<\/div>\n\t\t\t                \t\t<a class=\"read-more-btn\" href=\"https:\/\/pugliamare.it\/en\/self-guided-tour-scopri-autonomamente-alberobello\/\">Read more \u00bb<\/a>\n\t\t                <\/div>\n\n                \t\t<div class=\"post-grid-meta\">\n\t\t\t\n\t\t\t\t<span class=\"post-author\">pugliamare<\/span>\n\n\t\t\t\t\n\t\t\t\t<span class=\"post-date\"><time datetime=\"2024-03-11T17:08:00+01:00\">11 March 2024<\/time><\/span>\n\n\t\t\t\t\t\t<\/div>\n\t\t\n            <\/div><!-- .blog-inner -->\n           \n        <\/article>\n\n        \n\t\t\t<\/div>\n\t\t<\/div>\n\t\t\t\t<\/div>\n\t\t\t\t<\/div>\n\t\t\t\t\t<\/div>\n\t\t\t\t<\/div>\n\t\t\t\t<\/div>","protected":false},"excerpt":{"rendered":"<p>Guide per Self Guided Tour Vuoi scoprire le meraviglie della Puglia al tuo ritmo, senza vincoli e con la libert\u00e0 di seguire i tuoi tempi? Le nostre guide per tour autonomi ti offrono itinerari dettagliati per esplorare le citt\u00e0 pi\u00f9 affascinanti della regione. Puoi acquistare il trasporto per le mete che pi\u00f9 preferisci e ti [&hellip;]<\/p>","protected":false},"author":314,"featured_media":0,"parent":0,"menu_order":0,"comment_status":"closed","ping_status":"closed","template":"","meta":{"_acf_changed":false,"inline_featured_image":false,"footnotes":""},"acf":[],"yoast_head":"<!-- This site is optimized with the Yoast SEO Premium plugin v22.8 (Yoast SEO v22.8) - https:\/\/yoast.com\/wordpress\/plugins\/seo\/ -->\n<title>Guide | Pugliamare<\/title>\n<meta name=\"robots\" content=\"index, follow, max-snippet:-1, max-image-preview:large, max-video-preview:-1\" \/>\n<link rel=\"canonical\" href=\"https:\/\/pugliamare.it\/en\/guide-tour-autonomi\/\" \/>\n<meta property=\"og:locale\" content=\"en_GB\" \/>\n<meta property=\"og:type\" content=\"article\" \/>\n<meta property=\"og:title\" content=\"Guide\" \/>\n<meta property=\"og:description\" content=\"Guide per Self Guided Tour Vuoi scoprire le meraviglie della Puglia al tuo ritmo, senza vincoli e con la libert\u00e0 di seguire i tuoi tempi? Le nostre guide per tour autonomi ti offrono itinerari dettagliati per esplorare le citt\u00e0 pi\u00f9 affascinanti della regione. Puoi acquistare il trasporto per le mete che pi\u00f9 preferisci e ti [&hellip;]\" \/>\n<meta property=\"og:url\" content=\"https:\/\/pugliamare.it\/en\/guide-tour-autonomi\/\" \/>\n<meta property=\"og:site_name\" content=\"Pugliamare\" \/>\n<meta property=\"article:publisher\" content=\"https:\/\/www.facebook.com\/pugliamarexperience\" \/>\n<meta property=\"article:modified_time\" content=\"2024-09-17T13:03:14+00:00\" \/>\n<meta property=\"og:image\" content=\"https:\/\/pugliamare.it\/wp-content\/uploads\/2024\/09\/WhatsApp-Image-2024-09-10-at-09.36.36-1.jpeg\" \/>\n<meta name=\"twitter:card\" content=\"summary_large_image\" \/>\n<script type=\"application\/ld+json\" class=\"yoast-schema-graph\">{\"@context\":\"https:\/\/schema.org\",\"@graph\":[{\"@type\":\"WebPage\",\"@id\":\"https:\/\/pugliamare.it\/guide-tour-autonomi\/\",\"url\":\"https:\/\/pugliamare.it\/guide-tour-autonomi\/\",\"name\":\"Guide | Pugliamare\",\"isPartOf\":{\"@id\":\"https:\/\/pugliamare.it\/en\/#website\"},\"primaryImageOfPage\":{\"@id\":\"https:\/\/pugliamare.it\/guide-tour-autonomi\/#primaryimage\"},\"image\":{\"@id\":\"https:\/\/pugliamare.it\/guide-tour-autonomi\/#primaryimage\"},\"thumbnailUrl\":\"https:\/\/pugliamare.it\/wp-content\/uploads\/2024\/09\/WhatsApp-Image-2024-09-10-at-09.36.36-1.jpeg\",\"datePublished\":\"2024-09-17T12:16:51+00:00\",\"dateModified\":\"2024-09-17T13:03:14+00:00\",\"breadcrumb\":{\"@id\":\"https:\/\/pugliamare.it\/guide-tour-autonomi\/#breadcrumb\"},\"inLanguage\":\"en-GB\",\"potentialAction\":[{\"@type\":\"ReadAction\",\"target\":[\"https:\/\/pugliamare.it\/guide-tour-autonomi\/\"]}]},{\"@type\":\"ImageObject\",\"inLanguage\":\"en-GB\",\"@id\":\"https:\/\/pugliamare.it\/guide-tour-autonomi\/#primaryimage\",\"url\":\"https:\/\/pugliamare.it\/wp-content\/uploads\/2024\/09\/WhatsApp-Image-2024-09-10-at-09.36.36-1.jpeg\",\"contentUrl\":\"https:\/\/pugliamare.it\/wp-content\/uploads\/2024\/09\/WhatsApp-Image-2024-09-10-at-09.36.36-1.jpeg\"},{\"@type\":\"BreadcrumbList\",\"@id\":\"https:\/\/pugliamare.it\/guide-tour-autonomi\/#breadcrumb\",\"itemListElement\":[{\"@type\":\"ListItem\",\"position\":1,\"name\":\"Home\",\"item\":\"https:\/\/pugliamare.it\/\"},{\"@type\":\"ListItem\",\"position\":2,\"name\":\"Guide\"}]},{\"@type\":\"WebSite\",\"@id\":\"https:\/\/pugliamare.it\/en\/#website\",\"url\":\"https:\/\/pugliamare.it\/en\/\",\"name\":\"Pugliamare\",\"description\":\"Esperienze, Soggiorni e Tour personalizzati in Puglia\",\"publisher\":{\"@id\":\"https:\/\/pugliamare.it\/en\/#organization\"},\"potentialAction\":[{\"@type\":\"SearchAction\",\"target\":{\"@type\":\"EntryPoint\",\"urlTemplate\":\"https:\/\/pugliamare.it\/en\/?s={search_term_string}\"},\"query-input\":\"required name=search_term_string\"}],\"inLanguage\":\"en-GB\"},{\"@type\":\"Organization\",\"@id\":\"https:\/\/pugliamare.it\/en\/#organization\",\"name\":\"Pugliamare srl\",\"url\":\"https:\/\/pugliamare.it\/en\/\",\"logo\":{\"@type\":\"ImageObject\",\"inLanguage\":\"en-GB\",\"@id\":\"https:\/\/pugliamare.it\/en\/#\/schema\/logo\/image\/\",\"url\":\"https:\/\/pugliamare.it\/wp-content\/uploads\/2021\/04\/cropped-cropped-Risorsa-2.png\",\"contentUrl\":\"https:\/\/pugliamare.it\/wp-content\/uploads\/2021\/04\/cropped-cropped-Risorsa-2.png\",\"width\":374,\"height\":117,\"caption\":\"Pugliamare srl\"},\"image\":{\"@id\":\"https:\/\/pugliamare.it\/en\/#\/schema\/logo\/image\/\"},\"sameAs\":[\"https:\/\/www.facebook.com\/pugliamarexperience\",\"https:\/\/www.instagram.com\/pugliamare\/\"]}]}<\/script>\n<!-- \/ Yoast SEO Premium plugin. -->","yoast_head_json":{"title":"Guide | Pugliamare","robots":{"index":"index","follow":"follow","max-snippet":"max-snippet:-1","max-image-preview":"max-image-preview:large","max-video-preview":"max-video-preview:-1"},"canonical":"https:\/\/pugliamare.it\/en\/guide-tour-autonomi\/","og_locale":"en_GB","og_type":"article","og_title":"Guide","og_description":"Guide per Self Guided Tour Vuoi scoprire le meraviglie della Puglia al tuo ritmo, senza vincoli e con la libert\u00e0 di seguire i tuoi tempi? Le nostre guide per tour autonomi ti offrono itinerari dettagliati per esplorare le citt\u00e0 pi\u00f9 affascinanti della regione. Puoi acquistare il trasporto per le mete che pi\u00f9 preferisci e ti [&hellip;]","og_url":"https:\/\/pugliamare.it\/en\/guide-tour-autonomi\/","og_site_name":"Pugliamare","article_publisher":"https:\/\/www.facebook.com\/pugliamarexperience","article_modified_time":"2024-09-17T13:03:14+00:00","og_image":[{"url":"https:\/\/pugliamare.it\/wp-content\/uploads\/2024\/09\/WhatsApp-Image-2024-09-10-at-09.36.36-1.jpeg"}],"twitter_card":"summary_large_image","schema":{"@context":"https:\/\/schema.org","@graph":[{"@type":"WebPage","@id":"https:\/\/pugliamare.it\/guide-tour-autonomi\/","url":"https:\/\/pugliamare.it\/guide-tour-autonomi\/","name":"Guide | Pugliamare","isPartOf":{"@id":"https:\/\/pugliamare.it\/en\/#website"},"primaryImageOfPage":{"@id":"https:\/\/pugliamare.it\/guide-tour-autonomi\/#primaryimage"},"image":{"@id":"https:\/\/pugliamare.it\/guide-tour-autonomi\/#primaryimage"},"thumbnailUrl":"https:\/\/pugliamare.it\/wp-content\/uploads\/2024\/09\/WhatsApp-Image-2024-09-10-at-09.36.36-1.jpeg","datePublished":"2024-09-17T12:16:51+00:00","dateModified":"2024-09-17T13:03:14+00:00","breadcrumb":{"@id":"https:\/\/pugliamare.it\/guide-tour-autonomi\/#breadcrumb"},"inLanguage":"en-GB","potentialAction":[{"@type":"ReadAction","target":["https:\/\/pugliamare.it\/guide-tour-autonomi\/"]}]},{"@type":"ImageObject","inLanguage":"en-GB","@id":"https:\/\/pugliamare.it\/guide-tour-autonomi\/#primaryimage","url":"https:\/\/pugliamare.it\/wp-content\/uploads\/2024\/09\/WhatsApp-Image-2024-09-10-at-09.36.36-1.jpeg","contentUrl":"https:\/\/pugliamare.it\/wp-content\/uploads\/2024\/09\/WhatsApp-Image-2024-09-10-at-09.36.36-1.jpeg"},{"@type":"BreadcrumbList","@id":"https:\/\/pugliamare.it\/guide-tour-autonomi\/#breadcrumb","itemListElement":[{"@type":"ListItem","position":1,"name":"Home","item":"https:\/\/pugliamare.it\/"},{"@type":"ListItem","position":2,"name":"Guide"}]},{"@type":"WebSite","@id":"https:\/\/pugliamare.it\/en\/#website","url":"https:\/\/pugliamare.it\/en\/","name":"Pugliamare","description":"Esperienze, Soggiorni e Tour personalizzati in Puglia","publisher":{"@id":"https:\/\/pugliamare.it\/en\/#organization"},"potentialAction":[{"@type":"SearchAction","target":{"@type":"EntryPoint","urlTemplate":"https:\/\/pugliamare.it\/en\/?s={search_term_string}"},"query-input":"required name=search_term_string"}],"inLanguage":"en-GB"},{"@type":"Organization","@id":"https:\/\/pugliamare.it\/en\/#organization","name":"Pugliamare srl","url":"https:\/\/pugliamare.it\/en\/","logo":{"@type":"ImageObject","inLanguage":"en-GB","@id":"https:\/\/pugliamare.it\/en\/#\/schema\/logo\/image\/","url":"https:\/\/pugliamare.it\/wp-content\/uploads\/2021\/04\/cropped-cropped-Risorsa-2.png","contentUrl":"https:\/\/pugliamare.it\/wp-content\/uploads\/2021\/04\/cropped-cropped-Risorsa-2.png","width":374,"height":117,"caption":"Pugliamare srl"},"image":{"@id":"https:\/\/pugliamare.it\/en\/#\/schema\/logo\/image\/"},"sameAs":["https:\/\/www.facebook.com\/pugliamarexperience","https:\/\/www.instagram.com\/pugliamare\/"]}]}},"_links":{"self":[{"href":"https:\/\/pugliamare.it\/en\/wp-json\/wp\/v2\/pages\/28395"}],"collection":[{"href":"https:\/\/pugliamare.it\/en\/wp-json\/wp\/v2\/pages"}],"about":[{"href":"https:\/\/pugliamare.it\/en\/wp-json\/wp\/v2\/types\/page"}],"author":[{"embeddable":true,"href":"https:\/\/pugliamare.it\/en\/wp-json\/wp\/v2\/users\/314"}],"replies":[{"embeddable":true,"href":"https:\/\/pugliamare.it\/en\/wp-json\/wp\/v2\/comments?post=28395"}],"version-history":[{"count":29,"href":"https:\/\/pugliamare.it\/en\/wp-json\/wp\/v2\/pages\/28395\/revisions"}],"predecessor-version":[{"id":29459,"href":"https:\/\/pugliamare.it\/en\/wp-json\/wp\/v2\/pages\/28395\/revisions\/29459"}],"wp:attachment":[{"href":"https:\/\/pugliamare.it\/en\/wp-json\/wp\/v2\/media?parent=28395"}],"curies":[{"name":"wp","href":"https:\/\/api.w.org\/{rel}","templated":true}]}}