{"id":20620,"date":"2024-03-24T18:49:52","date_gmt":"2024-03-24T17:49:52","guid":{"rendered":"https:\/\/staging.pugliamare.it\/esperienze\/tour-in-barca-delle-grotte-di-polignano-a-mare\/"},"modified":"2026-03-30T15:14:58","modified_gmt":"2026-03-30T13:14:58","slug":"tour-in-barca-delle-grotte-di-polignano-a-mare","status":"publish","type":"product","link":"https:\/\/pugliamare.it\/en\/esperienze\/tour-in-barca-delle-grotte-di-polignano-a-mare\/","title":{"rendered":"Boat Tour of the Polignano a Mare Caves with typical Aperitif on board"},"content":{"rendered":"<p><strong>Choose the Polignano a Mare Caves Boat Tour with Pugliamare!<\/strong><\/p>\n<p class=\" translation-block\">Explore the fascinating caves of Polignano a Mare with our boat tour. Admire spectacular rock formations, hidden caverns, and crystal-clear waters. Discover the <strong>Grotta Palazzese<\/strong> and other natural wonders in an unforgettable experience that will make you fall in love with this Puglian gem. During the tour, you will visit all the caves of Polignano, following the coast until you reach <strong>Port\u2019alga<\/strong> cove and the <strong>grotta degli Innamorati<\/strong> a little further on, passing by the <strong>Scoglio dell\u2019eremita<\/strong>. Fun and carefree moments are guaranteed!<\/p>\n<p class=\" translation-block\">Our Boat Tour to the Polignano a Mare caves ha la durata di un\u2019ora e mezza lasts one and a half hours and is conducted with 7-meter open boats, perfect for visiting the caves. Each boat has a maximum capacity of 10 people.<\/p>\n<p class=\" translation-block\">An aperitif is included on board and there is the possibility of stopping for a dip where the sea is bluest!<\/p>\n<p>Choose your time between <strong>9:30 &#8211; 11:00 &#8211; 12:30 &#8211; 14:00 &#8211; 15:30 &#8211; 17:00- 18:30 <\/strong>and be amazed by the beauty of our country from a new perspective!<\/p>\n<p>Durante il tour delle <strong>18:30<\/strong> \u00e8 possibile ammirare il tramonto direttamente dal mare. Oppure , per un&#8217;esperienza ancora pi\u00f9 magica, prova il nostro esclusivo<a href=\"https:\/\/pugliamare.it\/esperienze\/tour-in-barca-alle-grotte-di-polignano-a-mare-by-night\/\"> Tour in Barca alle grotte by Night<\/a>. Scopri le grotte illuminate dalla luce della luna e lasciati incantare dalla quiete e dalla magia del mare notturno.<\/p>\n<p>L&#8217;opzione del <a href=\"https:\/\/pugliamare.it\/esperienze\/tour-in-barca-privato-delle-grotte-di-polignano-a-mare\/\">tour alle grotte privato<\/a> prevede l&#8217;intero utilizzo della barca, si effettuer\u00e0 il tour accompagnati dallo skipper. Per gruppi numerosi \u00e8 possibile organizzare il tour con pi\u00f9 barche che navigano insieme.<\/p>\n<p class=\" translation-block\">The boat tour departs from San Vito, a district of Polignano a Mare; specifically from the small harbor in front of the abbey built in the 10th century by the Benedictine monks. The departure point is 10 minutes away from the center of Polignano, but for those who need it, it is possible to purchase a <strong>round trip transfer service<\/strong>.<\/p>\n<p class=\" translation-block\">Book the day and time that works best for you from the box next to this. If you have questions about purchasing boat tours or need further details, feel free to <a href=\"https:\/\/api.whatsapp.com\/send?phone=393668959532\" target=\"_self\">contact us<\/a>. We look forward to seeing you!<\/p>","protected":false},"excerpt":{"rendered":"<p class=\" translation-block\"><span style=\"font-weight: 400\">Choose <strong>the Polignano a Mare cave boat tour<\/strong> and be amazed by the jagged cliffs overlooking the sea!<\/span><\/p>\n<p><span style=\"font-weight: 400;\">Caves, coves with stunning colors, and small bays surrounded by Mediterranean vegetation in perfect harmony with the turquoise sea make this coastal stretch one of the most beautiful in the Mediterranean. <\/span><span style=\"font-weight: 400;\">The famous <strong>Grotta Palazzese<\/strong>, the <strong>Grotta delle Rondinelle<\/strong> and <strong>Grotta Ardito<\/strong>, sono solo alcune delle piu\u0300 belle attrazioni naturali che caratterizzano il territorio, accessibili solo via mare.<\/span><\/p>","protected":false},"featured_media":10658,"template":"","meta":{"_acf_changed":false,"inline_featured_image":false},"product_cat":[296],"product_tag":[290],"acf":[],"yoast_head":"<!-- This site is optimized with the Yoast SEO Premium plugin v22.8 (Yoast SEO v22.8) - https:\/\/yoast.com\/wordpress\/plugins\/seo\/ -->\n<title>Tour in barca delle grotte di Polignano a Mare con Aperitivo | Pugliamare<\/title>\n<meta name=\"description\" content=\"Il tour in barca delle grotte di Polignano a Mare \u00e8 perfetto per chi vuole vedere la perla di Puglia da una nuova prospettiva. Con sosta bagno e aperitivo!\" \/>\n<meta name=\"robots\" content=\"index, follow, max-snippet:-1, max-image-preview:large, max-video-preview:-1\" \/>\n<link rel=\"canonical\" href=\"https:\/\/pugliamare.it\/en\/esperienze\/tour-in-barca-delle-grotte-di-polignano-a-mare\/\" \/>\n<meta property=\"og:locale\" content=\"en_GB\" \/>\n<meta property=\"og:type\" content=\"article\" \/>\n<meta property=\"og:title\" content=\"Tour in barca delle grotte di Polignano a Mare con aperitivo\" \/>\n<meta property=\"og:description\" content=\"Il tour in barca delle grotte di Polignano a Mare \u00e8 perfetto per chi vuole vedere la perla di Puglia da una nuova prospettiva. Con sosta bagno e aperitivo!\" \/>\n<meta property=\"og:url\" content=\"https:\/\/pugliamare.it\/en\/esperienze\/tour-in-barca-delle-grotte-di-polignano-a-mare\/\" \/>\n<meta property=\"og:site_name\" content=\"Pugliamare\" \/>\n<meta property=\"article:publisher\" content=\"https:\/\/www.facebook.com\/pugliamarexperience\" \/>\n<meta property=\"article:modified_time\" content=\"2026-03-30T13:14:58+00:00\" \/>\n<meta property=\"og:image\" content=\"https:\/\/pugliamare.it\/wp-content\/uploads\/2021\/08\/cliff-tour-4.jpg\" \/>\n\t<meta property=\"og:image:width\" content=\"1536\" \/>\n\t<meta property=\"og:image:height\" content=\"2300\" \/>\n\t<meta property=\"og:image:type\" content=\"image\/jpeg\" \/>\n<meta name=\"twitter:card\" content=\"summary_large_image\" \/>\n<script type=\"application\/ld+json\" class=\"yoast-schema-graph\">{\"@context\":\"https:\/\/schema.org\",\"@graph\":[{\"@type\":\"WebPage\",\"@id\":\"https:\/\/pugliamare.it\/esperienze\/tour-in-barca-delle-grotte-di-polignano-a-mare\/\",\"url\":\"https:\/\/pugliamare.it\/esperienze\/tour-in-barca-delle-grotte-di-polignano-a-mare\/\",\"name\":\"Tour in barca delle grotte di Polignano a Mare con Aperitivo | Pugliamare\",\"isPartOf\":{\"@id\":\"https:\/\/pugliamare.it\/en\/#website\"},\"primaryImageOfPage\":{\"@id\":\"https:\/\/pugliamare.it\/esperienze\/tour-in-barca-delle-grotte-di-polignano-a-mare\/#primaryimage\"},\"image\":{\"@id\":\"https:\/\/pugliamare.it\/esperienze\/tour-in-barca-delle-grotte-di-polignano-a-mare\/#primaryimage\"},\"thumbnailUrl\":\"https:\/\/pugliamare.it\/wp-content\/uploads\/2021\/08\/cliff-tour-4.jpg\",\"datePublished\":\"2024-03-24T17:49:52+00:00\",\"dateModified\":\"2026-03-30T13:14:58+00:00\",\"description\":\"Il tour in barca delle grotte di Polignano a Mare \u00e8 perfetto per chi vuole vedere la perla di Puglia da una nuova prospettiva. Con sosta bagno e aperitivo!\",\"breadcrumb\":{\"@id\":\"https:\/\/pugliamare.it\/esperienze\/tour-in-barca-delle-grotte-di-polignano-a-mare\/#breadcrumb\"},\"inLanguage\":\"en-GB\",\"potentialAction\":[{\"@type\":\"ReadAction\",\"target\":[\"https:\/\/pugliamare.it\/esperienze\/tour-in-barca-delle-grotte-di-polignano-a-mare\/\"]}]},{\"@type\":\"ImageObject\",\"inLanguage\":\"en-GB\",\"@id\":\"https:\/\/pugliamare.it\/esperienze\/tour-in-barca-delle-grotte-di-polignano-a-mare\/#primaryimage\",\"url\":\"https:\/\/pugliamare.it\/wp-content\/uploads\/2021\/08\/cliff-tour-4.jpg\",\"contentUrl\":\"https:\/\/pugliamare.it\/wp-content\/uploads\/2021\/08\/cliff-tour-4.jpg\",\"width\":1536,\"height\":2300,\"caption\":\"Foto del tour in barca alle grotte di Polignano a Mare\"},{\"@type\":\"BreadcrumbList\",\"@id\":\"https:\/\/pugliamare.it\/esperienze\/tour-in-barca-delle-grotte-di-polignano-a-mare\/#breadcrumb\",\"itemListElement\":[{\"@type\":\"ListItem\",\"position\":1,\"name\":\"Home\",\"item\":\"https:\/\/pugliamare.it\/\"},{\"@type\":\"ListItem\",\"position\":2,\"name\":\"Tour in barca delle grotte di Polignano a Mare con aperitivo\"}]},{\"@type\":\"WebSite\",\"@id\":\"https:\/\/pugliamare.it\/en\/#website\",\"url\":\"https:\/\/pugliamare.it\/en\/\",\"name\":\"Pugliamare\",\"description\":\"Esperienze, Soggiorni e Tour personalizzati in Puglia\",\"publisher\":{\"@id\":\"https:\/\/pugliamare.it\/en\/#organization\"},\"potentialAction\":[{\"@type\":\"SearchAction\",\"target\":{\"@type\":\"EntryPoint\",\"urlTemplate\":\"https:\/\/pugliamare.it\/en\/?s={search_term_string}\"},\"query-input\":\"required name=search_term_string\"}],\"inLanguage\":\"en-GB\"},{\"@type\":\"Organization\",\"@id\":\"https:\/\/pugliamare.it\/en\/#organization\",\"name\":\"Pugliamare srl\",\"url\":\"https:\/\/pugliamare.it\/en\/\",\"logo\":{\"@type\":\"ImageObject\",\"inLanguage\":\"en-GB\",\"@id\":\"https:\/\/pugliamare.it\/en\/#\/schema\/logo\/image\/\",\"url\":\"https:\/\/pugliamare.it\/wp-content\/uploads\/2021\/04\/cropped-cropped-Risorsa-2.png\",\"contentUrl\":\"https:\/\/pugliamare.it\/wp-content\/uploads\/2021\/04\/cropped-cropped-Risorsa-2.png\",\"width\":374,\"height\":117,\"caption\":\"Pugliamare srl\"},\"image\":{\"@id\":\"https:\/\/pugliamare.it\/en\/#\/schema\/logo\/image\/\"},\"sameAs\":[\"https:\/\/www.facebook.com\/pugliamarexperience\",\"https:\/\/www.instagram.com\/pugliamare\/\"]}]}<\/script>\n<!-- \/ Yoast SEO Premium plugin. -->","yoast_head_json":{"title":"Tour in barca delle grotte di Polignano a Mare con Aperitivo | Pugliamare","description":"Il tour in barca delle grotte di Polignano a Mare \u00e8 perfetto per chi vuole vedere la perla di Puglia da una nuova prospettiva. Con sosta bagno e aperitivo!","robots":{"index":"index","follow":"follow","max-snippet":"max-snippet:-1","max-image-preview":"max-image-preview:large","max-video-preview":"max-video-preview:-1"},"canonical":"https:\/\/pugliamare.it\/en\/esperienze\/tour-in-barca-delle-grotte-di-polignano-a-mare\/","og_locale":"en_GB","og_type":"article","og_title":"Tour in barca delle grotte di Polignano a Mare con aperitivo","og_description":"Il tour in barca delle grotte di Polignano a Mare \u00e8 perfetto per chi vuole vedere la perla di Puglia da una nuova prospettiva. Con sosta bagno e aperitivo!","og_url":"https:\/\/pugliamare.it\/en\/esperienze\/tour-in-barca-delle-grotte-di-polignano-a-mare\/","og_site_name":"Pugliamare","article_publisher":"https:\/\/www.facebook.com\/pugliamarexperience","article_modified_time":"2026-03-30T13:14:58+00:00","og_image":[{"width":1536,"height":2300,"url":"https:\/\/pugliamare.it\/wp-content\/uploads\/2021\/08\/cliff-tour-4.jpg","type":"image\/jpeg"}],"twitter_card":"summary_large_image","schema":{"@context":"https:\/\/schema.org","@graph":[{"@type":"WebPage","@id":"https:\/\/pugliamare.it\/esperienze\/tour-in-barca-delle-grotte-di-polignano-a-mare\/","url":"https:\/\/pugliamare.it\/esperienze\/tour-in-barca-delle-grotte-di-polignano-a-mare\/","name":"Tour in barca delle grotte di Polignano a Mare con Aperitivo | Pugliamare","isPartOf":{"@id":"https:\/\/pugliamare.it\/en\/#website"},"primaryImageOfPage":{"@id":"https:\/\/pugliamare.it\/esperienze\/tour-in-barca-delle-grotte-di-polignano-a-mare\/#primaryimage"},"image":{"@id":"https:\/\/pugliamare.it\/esperienze\/tour-in-barca-delle-grotte-di-polignano-a-mare\/#primaryimage"},"thumbnailUrl":"https:\/\/pugliamare.it\/wp-content\/uploads\/2021\/08\/cliff-tour-4.jpg","datePublished":"2024-03-24T17:49:52+00:00","dateModified":"2026-03-30T13:14:58+00:00","description":"Il tour in barca delle grotte di Polignano a Mare \u00e8 perfetto per chi vuole vedere la perla di Puglia da una nuova prospettiva. Con sosta bagno e aperitivo!","breadcrumb":{"@id":"https:\/\/pugliamare.it\/esperienze\/tour-in-barca-delle-grotte-di-polignano-a-mare\/#breadcrumb"},"inLanguage":"en-GB","potentialAction":[{"@type":"ReadAction","target":["https:\/\/pugliamare.it\/esperienze\/tour-in-barca-delle-grotte-di-polignano-a-mare\/"]}]},{"@type":"ImageObject","inLanguage":"en-GB","@id":"https:\/\/pugliamare.it\/esperienze\/tour-in-barca-delle-grotte-di-polignano-a-mare\/#primaryimage","url":"https:\/\/pugliamare.it\/wp-content\/uploads\/2021\/08\/cliff-tour-4.jpg","contentUrl":"https:\/\/pugliamare.it\/wp-content\/uploads\/2021\/08\/cliff-tour-4.jpg","width":1536,"height":2300,"caption":"Foto del tour in barca alle grotte di Polignano a Mare"},{"@type":"BreadcrumbList","@id":"https:\/\/pugliamare.it\/esperienze\/tour-in-barca-delle-grotte-di-polignano-a-mare\/#breadcrumb","itemListElement":[{"@type":"ListItem","position":1,"name":"Home","item":"https:\/\/pugliamare.it\/"},{"@type":"ListItem","position":2,"name":"Tour in barca delle grotte di Polignano a Mare con aperitivo"}]},{"@type":"WebSite","@id":"https:\/\/pugliamare.it\/en\/#website","url":"https:\/\/pugliamare.it\/en\/","name":"Pugliamare","description":"Esperienze, Soggiorni e Tour personalizzati in Puglia","publisher":{"@id":"https:\/\/pugliamare.it\/en\/#organization"},"potentialAction":[{"@type":"SearchAction","target":{"@type":"EntryPoint","urlTemplate":"https:\/\/pugliamare.it\/en\/?s={search_term_string}"},"query-input":"required name=search_term_string"}],"inLanguage":"en-GB"},{"@type":"Organization","@id":"https:\/\/pugliamare.it\/en\/#organization","name":"Pugliamare srl","url":"https:\/\/pugliamare.it\/en\/","logo":{"@type":"ImageObject","inLanguage":"en-GB","@id":"https:\/\/pugliamare.it\/en\/#\/schema\/logo\/image\/","url":"https:\/\/pugliamare.it\/wp-content\/uploads\/2021\/04\/cropped-cropped-Risorsa-2.png","contentUrl":"https:\/\/pugliamare.it\/wp-content\/uploads\/2021\/04\/cropped-cropped-Risorsa-2.png","width":374,"height":117,"caption":"Pugliamare srl"},"image":{"@id":"https:\/\/pugliamare.it\/en\/#\/schema\/logo\/image\/"},"sameAs":["https:\/\/www.facebook.com\/pugliamarexperience","https:\/\/www.instagram.com\/pugliamare\/"]}]}},"_links":{"self":[{"href":"https:\/\/pugliamare.it\/en\/wp-json\/wp\/v2\/product\/20620"}],"collection":[{"href":"https:\/\/pugliamare.it\/en\/wp-json\/wp\/v2\/product"}],"about":[{"href":"https:\/\/pugliamare.it\/en\/wp-json\/wp\/v2\/types\/product"}],"version-history":[{"count":40,"href":"https:\/\/pugliamare.it\/en\/wp-json\/wp\/v2\/product\/20620\/revisions"}],"predecessor-version":[{"id":25701,"href":"https:\/\/pugliamare.it\/en\/wp-json\/wp\/v2\/product\/20620\/revisions\/25701"}],"wp:featuredmedia":[{"embeddable":true,"href":"https:\/\/pugliamare.it\/en\/wp-json\/wp\/v2\/media\/10658"}],"wp:attachment":[{"href":"https:\/\/pugliamare.it\/en\/wp-json\/wp\/v2\/media?parent=20620"}],"wp:term":[{"taxonomy":"product_cat","embeddable":true,"href":"https:\/\/pugliamare.it\/en\/wp-json\/wp\/v2\/product_cat?post=20620"},{"taxonomy":"product_tag","embeddable":true,"href":"https:\/\/pugliamare.it\/en\/wp-json\/wp\/v2\/product_tag?post=20620"}],"curies":[{"name":"wp","href":"https:\/\/api.w.org\/{rel}","templated":true}]}}