{"id":27979,"date":"2024-09-10T14:26:57","date_gmt":"2024-09-10T12:26:57","guid":{"rendered":"https:\/\/pugliamare.it\/?post_type=product&#038;p=27979"},"modified":"2025-12-22T15:15:14","modified_gmt":"2025-12-22T14:15:14","slug":"street-food-tour-di-polignano-a-mare-cooking-class-partenza-da-bari","status":"publish","type":"product","link":"https:\/\/pugliamare.it\/en\/esperienze\/from-bari-street-food-tour-of-polignano-a-mare-and-cooking-class\/","title":{"rendered":"Polignano a Mare Street Food Tour with Cooking Class \u2013 Departing from Bari"},"content":{"rendered":"<h1 data-start=\"1386\" data-end=\"1462\"><strong>Polignano a Mare Street Food Tour &amp; Cooking Class \u2013 Departing from Bari<\/strong><\/h1>\n<p data-start=\"301\" data-end=\"476\">Vivi un autentico <em data-start=\"319\" data-end=\"337\">street food tour<\/em> a Polignano a Mare con <em data-start=\"361\" data-end=\"376\">Cooking Class<\/em>, un\u2019esperienza che ti far\u00e0 scoprire i sapori pi\u00f9 autentici e le tradizioni culinarie della citt\u00e0.<\/p>\n<p data-start=\"478\" data-end=\"651\">Per due ore, una guida esperta ti accompagner\u00e0 tra i suggestivi vicoli di Polignano a Mare, offrendoti scorci mozzafiato e un\u2019immersione nella cultura gastronomica locale.<\/p>\n<p data-start=\"653\" data-end=\"865\">Il percorso prevede <strong data-start=\"673\" data-end=\"706\">quattro tappe di degustazione<\/strong>, tra cui il celebre <em data-start=\"727\" data-end=\"743\">caff\u00e8 speciale<\/em> di Mario Campanella e un calice di vino locale, per un viaggio sensoriale che unisce gusto, storia e panorami sul mare.<\/p>\n<h3 data-start=\"2174\" data-end=\"2209\"><strong>\ud83d\udc69\u200d\ud83c\udf73 Cooking Class and aperitif<\/strong><\/h3>\n<p data-start=\"2211\" data-end=\"2428\">Join a cooking class led by a local chef and learn how to make typical Apulian orecchiette. Afterward, enjoy the fruits of your labor along with other traditional dishes, accompanied by drinks and wine.<\/p>\n<h3 data-start=\"2435\" data-end=\"2465\"><strong>\ud83d\udd52 Schedule of the day<\/strong><\/h3>\n<ul data-start=\"2467\" data-end=\"2811\">\n<li data-start=\"2467\" data-end=\"2537\">\n<p data-start=\"2469\" data-end=\"2537\"><strong>9:00<\/strong> Departure from Bari (meeting point: Largo Eroi del Mare, Bari)<\/p>\n<\/li>\n<li data-start=\"2538\" data-end=\"2580\">\n<p data-start=\"2540\" data-end=\"2580\"><strong>9:30<\/strong> Arrival in Polignano and free time<\/p>\n<\/li>\n<li data-start=\"2581\" data-end=\"2675\">\n<p data-start=\"2583\" data-end=\"2675\"><strong>10:30<\/strong> Street Food Tour in Polignano a Mare (meeting point: Piazza Caduti, Via Fani, 26)<\/p>\n<\/li>\n<li data-start=\"2676\" data-end=\"2712\">\n<p data-start=\"2678\" data-end=\"2712\"><strong>14:00<\/strong> Apulian cooking class<\/p>\n<\/li>\n<li data-start=\"2713\" data-end=\"2748\">\n<p data-start=\"2715\" data-end=\"2748\"><strong>16:00<\/strong> Free time for shopping<\/p>\n<\/li>\n<li data-start=\"2749\" data-end=\"2811\">\n<p data-start=\"2751\" data-end=\"2811\"><strong>17:30<\/strong> Meeting point with the driver for the return trip to Bari<\/p>\n<\/li>\n<\/ul>\n<p data-start=\"2813\" data-end=\"2915\" class=\" translation-block\">During your free time, you can request a <strong>Tuk-Tuk tour<\/strong>: \u20ac40 for 30 minutes or \u20ac60 for 1 hour.<\/p>\n<h3 data-start=\"2922\" data-end=\"2998\"><strong>Book your Polignano a Mare street food tour with cooking class now.<\/strong><\/h3>\n<p data-start=\"3000\" data-end=\"3205\" class=\" translation-block\">If you want to deepen your discovery of Apulia, you can combine this <strong data-start=\"179\" data-end=\"215\">street food tour and cooking class<\/strong> with a suggestive <strong data-start=\"233\" data-end=\"291\"><a href=\"https:\/\/pugliamare.it\/esperienze\/da-bari-tempo-libero-e-tour-in-barca-alle-grotte-marine-di-polignano-a-mare\/\" target=\"_self\">boat excursion<\/a> along the coasts of Polignano a Mare<\/strong>, or explore the historic villages with a <strong data-start=\"334\" data-end=\"388\"><a href=\"https:\/\/pugliamare.it\/esperienze\/vespa-tour-borghi-e-grotte-polignano-monopoli-alberobello-castellana-grotte\/\" target=\"_self\">Vespa tour<\/a> through Polignano, Conversano and Monopoli<\/strong>.<br>\nDon\u2019t miss this unique experience that combines taste, culture and Apulian tradition. <strong>Private tour<\/strong> available upon request.<br data-start=\"3125\" data-end=\"3128\">For questions or requests, <a href=\"https:\/\/api.whatsapp.com\/send?phone=393668959532\" target=\"_self\">contact us<\/a>: the Pugliamare team is at your disposal!<\/p>","protected":false},"excerpt":{"rendered":"<p class=\" translation-block\">Discover the authentic flavors of Puglia with a <strong data-start=\"146\" data-end=\"201\">street food tour in<\/strong> Polignano a Mare with a <strong data-start=\"146\" data-end=\"201\">cooking class<\/strong>, a unique experience combining <strong data-start=\"234\" data-end=\"271\">tastings of local specialties<\/strong> with a <strong data-start=\"278\" data-end=\"334\">hands-on lesson in orecchiette preparation<\/strong>.<br data-start=\"335\" data-end=\"338\">Stroll through the <strong data-start=\"354\" data-end=\"398\">characteristic alleys of the historic center<\/strong>, admire the <strong data-start=\"410\" data-end=\"443\">panoramic sea-view terraces<\/strong>, and capture the city\u2019s most evocative vistas.<\/p>\n<p>Assapora prodotti tipici attraverso <em><strong>quattro tappe di degustazione<\/strong><\/em>.<\/p>\n<p class=\" translation-block\">End the day by learning to cook <strong data-start=\"729\" data-end=\"747\">Apulian pasta<\/strong> with an <strong data-start=\"756\" data-end=\"772\">expert chef<\/strong> and enjoying a <strong data-start=\"789\" data-end=\"815\">traditional aperitivo<\/strong>. A total immersion in <strong data-start=\"844\" data-end=\"874\">Apulian culinary culture<\/strong>, ideal for those who love good food and tradition.<\/p>","protected":false},"featured_media":28065,"template":"","meta":{"_acf_changed":false,"inline_featured_image":false},"product_cat":[364,293],"product_tag":[290],"acf":[],"yoast_head":"<!-- This site is optimized with the Yoast SEO Premium plugin v22.8 (Yoast SEO v22.8) - https:\/\/yoast.com\/wordpress\/plugins\/seo\/ -->\n<title>Street Food tour Polignano a Mare con Cooking Class | Pugliamare<\/title>\n<meta name=\"description\" content=\"Scopri i sapori di Polignano a Mare con un tour di street food e una cooking class sulle orecchiette. Degustazioni, panorama e tradizione pugliese.\" \/>\n<meta name=\"robots\" content=\"index, follow, max-snippet:-1, max-image-preview:large, max-video-preview:-1\" \/>\n<link rel=\"canonical\" href=\"https:\/\/pugliamare.it\/en\/esperienze\/from-bari-street-food-tour-of-polignano-a-mare-and-cooking-class\/\" \/>\n<meta property=\"og:locale\" content=\"en_GB\" \/>\n<meta property=\"og:type\" content=\"article\" \/>\n<meta property=\"og:title\" content=\"Street Food tour Polignano a Mare con Cooking Class \u2013 Partenza da Bari\" \/>\n<meta property=\"og:description\" content=\"Scopri i sapori di Polignano a Mare con un tour di street food e una cooking class sulle orecchiette. Degustazioni, panorama e tradizione pugliese.\" \/>\n<meta property=\"og:url\" content=\"https:\/\/pugliamare.it\/en\/esperienze\/from-bari-street-food-tour-of-polignano-a-mare-and-cooking-class\/\" \/>\n<meta property=\"og:site_name\" content=\"Pugliamare\" \/>\n<meta property=\"article:publisher\" content=\"https:\/\/www.facebook.com\/pugliamarexperience\" \/>\n<meta property=\"article:modified_time\" content=\"2025-12-22T14:15:14+00:00\" \/>\n<meta property=\"og:image\" content=\"https:\/\/pugliamare.it\/wp-content\/uploads\/2024\/09\/Street-Food-Tour-e-Cooking-Class.jpg\" \/>\n\t<meta property=\"og:image:width\" content=\"1200\" \/>\n\t<meta property=\"og:image:height\" content=\"800\" \/>\n\t<meta property=\"og:image:type\" content=\"image\/jpeg\" \/>\n<meta name=\"twitter:card\" content=\"summary_large_image\" \/>\n<script type=\"application\/ld+json\" class=\"yoast-schema-graph\">{\"@context\":\"https:\/\/schema.org\",\"@graph\":[{\"@type\":\"WebPage\",\"@id\":\"https:\/\/pugliamare.it\/esperienze\/street-food-tour-di-polignano-a-mare-cooking-class-partenza-da-bari\/\",\"url\":\"https:\/\/pugliamare.it\/esperienze\/street-food-tour-di-polignano-a-mare-cooking-class-partenza-da-bari\/\",\"name\":\"Street Food tour Polignano a Mare con Cooking Class | Pugliamare\",\"isPartOf\":{\"@id\":\"https:\/\/pugliamare.it\/en\/#website\"},\"primaryImageOfPage\":{\"@id\":\"https:\/\/pugliamare.it\/esperienze\/street-food-tour-di-polignano-a-mare-cooking-class-partenza-da-bari\/#primaryimage\"},\"image\":{\"@id\":\"https:\/\/pugliamare.it\/esperienze\/street-food-tour-di-polignano-a-mare-cooking-class-partenza-da-bari\/#primaryimage\"},\"thumbnailUrl\":\"https:\/\/pugliamare.it\/wp-content\/uploads\/2024\/09\/Street-Food-Tour-e-Cooking-Class.jpg\",\"datePublished\":\"2024-09-10T12:26:57+00:00\",\"dateModified\":\"2025-12-22T14:15:14+00:00\",\"description\":\"Scopri i sapori di Polignano a Mare con un tour di street food e una cooking class sulle orecchiette. Degustazioni, panorama e tradizione pugliese.\",\"breadcrumb\":{\"@id\":\"https:\/\/pugliamare.it\/esperienze\/street-food-tour-di-polignano-a-mare-cooking-class-partenza-da-bari\/#breadcrumb\"},\"inLanguage\":\"en-GB\",\"potentialAction\":[{\"@type\":\"ReadAction\",\"target\":[\"https:\/\/pugliamare.it\/esperienze\/street-food-tour-di-polignano-a-mare-cooking-class-partenza-da-bari\/\"]}]},{\"@type\":\"ImageObject\",\"inLanguage\":\"en-GB\",\"@id\":\"https:\/\/pugliamare.it\/esperienze\/street-food-tour-di-polignano-a-mare-cooking-class-partenza-da-bari\/#primaryimage\",\"url\":\"https:\/\/pugliamare.it\/wp-content\/uploads\/2024\/09\/Street-Food-Tour-e-Cooking-Class.jpg\",\"contentUrl\":\"https:\/\/pugliamare.it\/wp-content\/uploads\/2024\/09\/Street-Food-Tour-e-Cooking-Class.jpg\",\"width\":1200,\"height\":800,\"caption\":\"Collage Tour Combinato\"},{\"@type\":\"BreadcrumbList\",\"@id\":\"https:\/\/pugliamare.it\/esperienze\/street-food-tour-di-polignano-a-mare-cooking-class-partenza-da-bari\/#breadcrumb\",\"itemListElement\":[{\"@type\":\"ListItem\",\"position\":1,\"name\":\"Home\",\"item\":\"https:\/\/pugliamare.it\/\"},{\"@type\":\"ListItem\",\"position\":2,\"name\":\"Street Food tour Polignano a Mare con Cooking Class \u2013 Partenza da Bari\"}]},{\"@type\":\"WebSite\",\"@id\":\"https:\/\/pugliamare.it\/en\/#website\",\"url\":\"https:\/\/pugliamare.it\/en\/\",\"name\":\"Pugliamare\",\"description\":\"Esperienze, Soggiorni e Tour personalizzati in Puglia\",\"publisher\":{\"@id\":\"https:\/\/pugliamare.it\/en\/#organization\"},\"potentialAction\":[{\"@type\":\"SearchAction\",\"target\":{\"@type\":\"EntryPoint\",\"urlTemplate\":\"https:\/\/pugliamare.it\/en\/?s={search_term_string}\"},\"query-input\":\"required name=search_term_string\"}],\"inLanguage\":\"en-GB\"},{\"@type\":\"Organization\",\"@id\":\"https:\/\/pugliamare.it\/en\/#organization\",\"name\":\"Pugliamare srl\",\"url\":\"https:\/\/pugliamare.it\/en\/\",\"logo\":{\"@type\":\"ImageObject\",\"inLanguage\":\"en-GB\",\"@id\":\"https:\/\/pugliamare.it\/en\/#\/schema\/logo\/image\/\",\"url\":\"https:\/\/pugliamare.it\/wp-content\/uploads\/2021\/04\/cropped-cropped-Risorsa-2.png\",\"contentUrl\":\"https:\/\/pugliamare.it\/wp-content\/uploads\/2021\/04\/cropped-cropped-Risorsa-2.png\",\"width\":374,\"height\":117,\"caption\":\"Pugliamare srl\"},\"image\":{\"@id\":\"https:\/\/pugliamare.it\/en\/#\/schema\/logo\/image\/\"},\"sameAs\":[\"https:\/\/www.facebook.com\/pugliamarexperience\",\"https:\/\/www.instagram.com\/pugliamare\/\"]}]}<\/script>\n<!-- \/ Yoast SEO Premium plugin. -->","yoast_head_json":{"title":"Street Food tour Polignano a Mare con Cooking Class | Pugliamare","description":"Scopri i sapori di Polignano a Mare con un tour di street food e una cooking class sulle orecchiette. Degustazioni, panorama e tradizione pugliese.","robots":{"index":"index","follow":"follow","max-snippet":"max-snippet:-1","max-image-preview":"max-image-preview:large","max-video-preview":"max-video-preview:-1"},"canonical":"https:\/\/pugliamare.it\/en\/esperienze\/from-bari-street-food-tour-of-polignano-a-mare-and-cooking-class\/","og_locale":"en_GB","og_type":"article","og_title":"Street Food tour Polignano a Mare con Cooking Class \u2013 Partenza da Bari","og_description":"Scopri i sapori di Polignano a Mare con un tour di street food e una cooking class sulle orecchiette. Degustazioni, panorama e tradizione pugliese.","og_url":"https:\/\/pugliamare.it\/en\/esperienze\/from-bari-street-food-tour-of-polignano-a-mare-and-cooking-class\/","og_site_name":"Pugliamare","article_publisher":"https:\/\/www.facebook.com\/pugliamarexperience","article_modified_time":"2025-12-22T14:15:14+00:00","og_image":[{"width":1200,"height":800,"url":"https:\/\/pugliamare.it\/wp-content\/uploads\/2024\/09\/Street-Food-Tour-e-Cooking-Class.jpg","type":"image\/jpeg"}],"twitter_card":"summary_large_image","schema":{"@context":"https:\/\/schema.org","@graph":[{"@type":"WebPage","@id":"https:\/\/pugliamare.it\/esperienze\/street-food-tour-di-polignano-a-mare-cooking-class-partenza-da-bari\/","url":"https:\/\/pugliamare.it\/esperienze\/street-food-tour-di-polignano-a-mare-cooking-class-partenza-da-bari\/","name":"Street Food tour Polignano a Mare con Cooking Class | Pugliamare","isPartOf":{"@id":"https:\/\/pugliamare.it\/en\/#website"},"primaryImageOfPage":{"@id":"https:\/\/pugliamare.it\/esperienze\/street-food-tour-di-polignano-a-mare-cooking-class-partenza-da-bari\/#primaryimage"},"image":{"@id":"https:\/\/pugliamare.it\/esperienze\/street-food-tour-di-polignano-a-mare-cooking-class-partenza-da-bari\/#primaryimage"},"thumbnailUrl":"https:\/\/pugliamare.it\/wp-content\/uploads\/2024\/09\/Street-Food-Tour-e-Cooking-Class.jpg","datePublished":"2024-09-10T12:26:57+00:00","dateModified":"2025-12-22T14:15:14+00:00","description":"Scopri i sapori di Polignano a Mare con un tour di street food e una cooking class sulle orecchiette. Degustazioni, panorama e tradizione pugliese.","breadcrumb":{"@id":"https:\/\/pugliamare.it\/esperienze\/street-food-tour-di-polignano-a-mare-cooking-class-partenza-da-bari\/#breadcrumb"},"inLanguage":"en-GB","potentialAction":[{"@type":"ReadAction","target":["https:\/\/pugliamare.it\/esperienze\/street-food-tour-di-polignano-a-mare-cooking-class-partenza-da-bari\/"]}]},{"@type":"ImageObject","inLanguage":"en-GB","@id":"https:\/\/pugliamare.it\/esperienze\/street-food-tour-di-polignano-a-mare-cooking-class-partenza-da-bari\/#primaryimage","url":"https:\/\/pugliamare.it\/wp-content\/uploads\/2024\/09\/Street-Food-Tour-e-Cooking-Class.jpg","contentUrl":"https:\/\/pugliamare.it\/wp-content\/uploads\/2024\/09\/Street-Food-Tour-e-Cooking-Class.jpg","width":1200,"height":800,"caption":"Collage Tour Combinato"},{"@type":"BreadcrumbList","@id":"https:\/\/pugliamare.it\/esperienze\/street-food-tour-di-polignano-a-mare-cooking-class-partenza-da-bari\/#breadcrumb","itemListElement":[{"@type":"ListItem","position":1,"name":"Home","item":"https:\/\/pugliamare.it\/"},{"@type":"ListItem","position":2,"name":"Street Food tour Polignano a Mare con Cooking Class \u2013 Partenza da Bari"}]},{"@type":"WebSite","@id":"https:\/\/pugliamare.it\/en\/#website","url":"https:\/\/pugliamare.it\/en\/","name":"Pugliamare","description":"Esperienze, Soggiorni e Tour personalizzati in Puglia","publisher":{"@id":"https:\/\/pugliamare.it\/en\/#organization"},"potentialAction":[{"@type":"SearchAction","target":{"@type":"EntryPoint","urlTemplate":"https:\/\/pugliamare.it\/en\/?s={search_term_string}"},"query-input":"required name=search_term_string"}],"inLanguage":"en-GB"},{"@type":"Organization","@id":"https:\/\/pugliamare.it\/en\/#organization","name":"Pugliamare srl","url":"https:\/\/pugliamare.it\/en\/","logo":{"@type":"ImageObject","inLanguage":"en-GB","@id":"https:\/\/pugliamare.it\/en\/#\/schema\/logo\/image\/","url":"https:\/\/pugliamare.it\/wp-content\/uploads\/2021\/04\/cropped-cropped-Risorsa-2.png","contentUrl":"https:\/\/pugliamare.it\/wp-content\/uploads\/2021\/04\/cropped-cropped-Risorsa-2.png","width":374,"height":117,"caption":"Pugliamare srl"},"image":{"@id":"https:\/\/pugliamare.it\/en\/#\/schema\/logo\/image\/"},"sameAs":["https:\/\/www.facebook.com\/pugliamarexperience","https:\/\/www.instagram.com\/pugliamare\/"]}]}},"_links":{"self":[{"href":"https:\/\/pugliamare.it\/en\/wp-json\/wp\/v2\/product\/27979"}],"collection":[{"href":"https:\/\/pugliamare.it\/en\/wp-json\/wp\/v2\/product"}],"about":[{"href":"https:\/\/pugliamare.it\/en\/wp-json\/wp\/v2\/types\/product"}],"version-history":[{"count":18,"href":"https:\/\/pugliamare.it\/en\/wp-json\/wp\/v2\/product\/27979\/revisions"}],"predecessor-version":[{"id":36668,"href":"https:\/\/pugliamare.it\/en\/wp-json\/wp\/v2\/product\/27979\/revisions\/36668"}],"wp:featuredmedia":[{"embeddable":true,"href":"https:\/\/pugliamare.it\/en\/wp-json\/wp\/v2\/media\/28065"}],"wp:attachment":[{"href":"https:\/\/pugliamare.it\/en\/wp-json\/wp\/v2\/media?parent=27979"}],"wp:term":[{"taxonomy":"product_cat","embeddable":true,"href":"https:\/\/pugliamare.it\/en\/wp-json\/wp\/v2\/product_cat?post=27979"},{"taxonomy":"product_tag","embeddable":true,"href":"https:\/\/pugliamare.it\/en\/wp-json\/wp\/v2\/product_tag?post=27979"}],"curies":[{"name":"wp","href":"https:\/\/api.w.org\/{rel}","templated":true}]}}