{"id":28395,"date":"2024-09-17T14:16:51","date_gmt":"2024-09-17T12:16:51","guid":{"rendered":"https:\/\/pugliamare.it\/?page_id=28395"},"modified":"2024-09-17T15:03:14","modified_gmt":"2024-09-17T13:03:14","slug":"guide-tour-autonomi","status":"publish","type":"page","link":"https:\/\/pugliamare.it\/es\/guide-tour-autonomi\/","title":{"rendered":"Guide"},"content":{"rendered":"<div data-elementor-type=\"wp-page\" data-elementor-id=\"28395\" class=\"elementor elementor-28395\" data-elementor-post-type=\"page\">\n\t\t\t\t<div class=\"elementor-element elementor-element-9cfa07b e-flex e-con-boxed e-con e-parent\" data-id=\"9cfa07b\" data-element_type=\"container\">\n\t\t\t\t\t<div class=\"e-con-inner\">\n\t\t\t\t<div class=\"elementor-element elementor-element-476f148 elementor-widget elementor-widget-heading\" data-id=\"476f148\" data-element_type=\"widget\" data-widget_type=\"heading.default\">\n\t\t\t\t<div class=\"elementor-widget-container\">\n\t\t\t<h1 class=\"elementor-heading-title elementor-size-default\">Gu\u00edas tur\u00edsticos autoguiados<\/h1>\t\t<\/div>\n\t\t\t\t<\/div>\n\t\t\t\t<div class=\"elementor-element elementor-element-23aa7db elementor-widget elementor-widget-text-editor\" data-id=\"23aa7db\" data-element_type=\"widget\" data-widget_type=\"text-editor.default\">\n\t\t\t\t<div class=\"elementor-widget-container\">\n\t\t\t\t\t\t\t<p class=\" translation-block\">\u00bfQuieres descubrir las maravillas de <b>Puglia<\/b> a tu propio ritmo, sin limitaciones y con la libertad de seguir tus propios tiempos? Nuestras <b>gu\u00edas para tours aut\u00f3nomos<\/b> te ofrecen itinerarios detallados para explorar las ciudades m\u00e1s fascinantes de la regi\u00f3n.<\/p><p class=\" translation-block\">Puedes adquirir el <b>transporte<\/b> hacia los destinos que m\u00e1s prefieras y recibir\u00e1s las <b>gu\u00edas en formato digital<\/b>. Tendr\u00e1s todo lo necesario para <b>explorar las ciudades con total autonom\u00eda<\/b>, directamente en tu dispositivo.<span style=\"color: var( --e-global-color-text );font-family: var( --e-global-typography-text-font-family ), Sans-serif;text-align: var(--text-align)\"> <\/span><\/p><p><b>\u00a1Puglia te espera, lista para revelar sus tesoros escondidos!<\/b><\/p>\t\t\t\t\t\t<\/div>\n\t\t\t\t<\/div>\n\t\t\t\t\t<\/div>\n\t\t\t\t<\/div>\n\t\t<div class=\"elementor-element elementor-element-816f87e e-flex e-con-boxed e-con e-parent\" data-id=\"816f87e\" data-element_type=\"container\">\n\t\t\t\t\t<div class=\"e-con-inner\">\n\t\t\t\t<div class=\"elementor-element elementor-element-dc70a85 elementor-grid-1 elementor-grid-tablet-2 elementor-grid-mobile-1 elementor-widget elementor-widget-elementor-blog-posts\" data-id=\"dc70a85\" data-element_type=\"widget\" data-settings=\"{&quot;columns&quot;:&quot;1&quot;,&quot;columns_tablet&quot;:&quot;2&quot;,&quot;columns_mobile&quot;:&quot;1&quot;}\" data-widget_type=\"elementor-blog-posts.default\">\n\t\t\t\t<div class=\"elementor-widget-container\">\n\t\t\t\t\t<div class=\"wpcap-grid\">\n\t\t\t\t\t\t<div class=\"wpcap-grid-container elementor-grid wpcap-grid-desktop-1 wpcap-grid-tablet-2 wpcap-grid-mobile-1 grid-meta-bottom\">\n\n\t\t\t\t\n        <article id=\"post-33931\" class=\"wpcap-post post-33931 post type-post status-publish format-standard has-post-thumbnail hentry category-guide category-polignano-a-mare category-traveltips tag-avventura tag-mare tag-polignano-a-mare\">\n         \n            <div class=\"post-grid-inner\">\n            \t\n            \t\t\t\t<div class=\"post-grid-thumbnail\">\n\t\t\t\t<a href=\"https:\/\/pugliamare.it\/es\/guida-di-polignano-a-mare-cosa-vedere-mangiare-e-fare\/\">\n\t\t\t\t\t<img fetchpriority=\"high\" decoding=\"async\" width=\"1920\" height=\"1080\" src=\"https:\/\/pugliamare.it\/wp-content\/uploads\/2025\/07\/Blog-Header-Immagine.png\" class=\"attachment-full size-full wp-post-image\" alt=\"\" srcset=\"https:\/\/pugliamare.it\/wp-content\/uploads\/2025\/07\/Blog-Header-Immagine.png 1920w, https:\/\/pugliamare.it\/wp-content\/uploads\/2025\/07\/Blog-Header-Immagine-300x169.png 300w, https:\/\/pugliamare.it\/wp-content\/uploads\/2025\/07\/Blog-Header-Immagine-1024x576.png 1024w, https:\/\/pugliamare.it\/wp-content\/uploads\/2025\/07\/Blog-Header-Immagine-768x432.png 768w, https:\/\/pugliamare.it\/wp-content\/uploads\/2025\/07\/Blog-Header-Immagine-1536x864.png 1536w, https:\/\/pugliamare.it\/wp-content\/uploads\/2025\/07\/Blog-Header-Immagine-18x10.png 18w, https:\/\/pugliamare.it\/wp-content\/uploads\/2025\/07\/Blog-Header-Immagine-800x450.png 800w, https:\/\/pugliamare.it\/wp-content\/uploads\/2025\/07\/Blog-Header-Immagine-600x338.png 600w\" sizes=\"(max-width: 1920px) 100vw, 1920px\" \/>\t\t\t\t<\/a>\n\t\t\t<\/div>\n        \n                <div class=\"post-grid-text-wrap\">\n               \t\t\t\t<h2 class=\"title\">\n\t\t\t<a href=\"https:\/\/pugliamare.it\/es\/guida-di-polignano-a-mare-cosa-vedere-mangiare-e-fare\/\">Gu\u00eda de Polignano a Mare: Qu\u00e9 ver, comer y hacer<\/a>\n\t\t<\/h2>\n\t\t\t                \t\t<div class=\"post-grid-excerpt\">\n\t\t\t<p>Descubra Polignano a Mare, una de las joyas de Apulia, con su mar cristalino, su encantador centro hist\u00f3rico y sus aut\u00e9nticos sabores. Explore la ciudad a pie, en barco o en Vespa; visite Lama Monachile, el monumento a Modugno y las playas de San Vito. Disfrute de la comida callejera local, del famoso Caff\u00e8 Speciale y participe en experiencias \u00fanicas como clases de cocina y de elaboraci\u00f3n de mozzarella. Experimente Polignano con nuevos ojos, rodeado de cultura, tradici\u00f3n y vistas impresionantes.<\/p>\n\t\t<\/div>\n\t\t\t                \t\t<a class=\"read-more-btn\" href=\"https:\/\/pugliamare.it\/es\/guida-di-polignano-a-mare-cosa-vedere-mangiare-e-fare\/\">Leer m\u00e1s \u00bb<\/a>\n\t\t                <\/div>\n\n                \t\t<div class=\"post-grid-meta\">\n\t\t\t\n\t\t\t\t<span class=\"post-author\">Gianni Vitto<\/span>\n\n\t\t\t\t\n\t\t\t\t<span class=\"post-date\"><time datetime=\"2025-07-29T13:19:50+02:00\">29 julio 2025<\/time><\/span>\n\n\t\t\t\t\t\t<\/div>\n\t\t\n            <\/div><!-- .blog-inner -->\n           \n        <\/article>\n\n        \n        <article id=\"post-32392\" class=\"wpcap-post post-32392 post type-post status-publish format-standard has-post-thumbnail hentry category-guide category-ostuni category-traveltips category-valle-ditria tag-avventura tag-mare tag-polignano-a-mare\">\n         \n            <div class=\"post-grid-inner\">\n            \t\n            \t\t\t\t<div class=\"post-grid-thumbnail\">\n\t\t\t\t<a href=\"https:\/\/pugliamare.it\/es\/coa-vedere-a-ostuni-guida-completa-tra-storia-e-sapori\/\">\n\t\t\t\t\t<img decoding=\"async\" width=\"1920\" height=\"1080\" src=\"https:\/\/pugliamare.it\/wp-content\/uploads\/2025\/06\/15.png\" class=\"attachment-full size-full wp-post-image\" alt=\"\" srcset=\"https:\/\/pugliamare.it\/wp-content\/uploads\/2025\/06\/15.png 1920w, https:\/\/pugliamare.it\/wp-content\/uploads\/2025\/06\/15-300x169.png 300w, https:\/\/pugliamare.it\/wp-content\/uploads\/2025\/06\/15-1024x576.png 1024w, https:\/\/pugliamare.it\/wp-content\/uploads\/2025\/06\/15-768x432.png 768w, https:\/\/pugliamare.it\/wp-content\/uploads\/2025\/06\/15-1536x864.png 1536w, https:\/\/pugliamare.it\/wp-content\/uploads\/2025\/06\/15-18x10.png 18w, https:\/\/pugliamare.it\/wp-content\/uploads\/2025\/06\/15-800x450.png 800w, https:\/\/pugliamare.it\/wp-content\/uploads\/2025\/06\/15-600x338.png 600w\" sizes=\"(max-width: 1920px) 100vw, 1920px\" \/>\t\t\t\t<\/a>\n\t\t\t<\/div>\n        \n                <div class=\"post-grid-text-wrap\">\n               \t\t\t\t<h2 class=\"title\">\n\t\t\t<a href=\"https:\/\/pugliamare.it\/es\/coa-vedere-a-ostuni-guida-completa-tra-storia-e-sapori\/\">Qu\u00e9 Ver en Ostuni: Gu\u00eda Completa entre Historia y Sabores<\/a>\n\t\t<\/h2>\n\t\t\t                \t\t<div class=\"post-grid-excerpt\">\n\t\t\t<p>Descubre Ostuni, la \"Ciudad Blanca\" de Apulia: un pueblo encantador con callejones encalados, una espl\u00e9ndida catedral, tiendas artesanales y sabores aut\u00e9nticos. Pasea por el centro hist\u00f3rico, disfruta de la cocina t\u00edpica y vive experiencias \u00fanicas entre historia, cultura y paisajes impresionantes.<\/p>\n\t\t<\/div>\n\t\t\t                \t\t<a class=\"read-more-btn\" href=\"https:\/\/pugliamare.it\/es\/coa-vedere-a-ostuni-guida-completa-tra-storia-e-sapori\/\">Leer m\u00e1s \u00bb<\/a>\n\t\t                <\/div>\n\n                \t\t<div class=\"post-grid-meta\">\n\t\t\t\n\t\t\t\t<span class=\"post-author\">pugliamare<\/span>\n\n\t\t\t\t\n\t\t\t\t<span class=\"post-date\"><time datetime=\"2025-06-18T14:32:00+02:00\">18 junio 2025<\/time><\/span>\n\n\t\t\t\t\t\t<\/div>\n\t\t\n            <\/div><!-- .blog-inner -->\n           \n        <\/article>\n\n        \n        <article id=\"post-31768\" class=\"wpcap-post post-31768 post type-post status-publish format-standard has-post-thumbnail hentry category-alberobello category-guide category-traveltips category-valle-ditria tag-avventura tag-mare tag-polignano-a-mare\">\n         \n            <div class=\"post-grid-inner\">\n            \t\n            \t\t\t\t<div class=\"post-grid-thumbnail\">\n\t\t\t\t<a href=\"https:\/\/pugliamare.it\/es\/guida-completa-di-alberobello\/\">\n\t\t\t\t\t<img decoding=\"async\" width=\"1920\" height=\"1080\" src=\"https:\/\/pugliamare.it\/wp-content\/uploads\/2025\/05\/8-1.png\" class=\"attachment-full size-full wp-post-image\" alt=\"\" srcset=\"https:\/\/pugliamare.it\/wp-content\/uploads\/2025\/05\/8-1.png 1920w, https:\/\/pugliamare.it\/wp-content\/uploads\/2025\/05\/8-1-300x169.png 300w, https:\/\/pugliamare.it\/wp-content\/uploads\/2025\/05\/8-1-1024x576.png 1024w, https:\/\/pugliamare.it\/wp-content\/uploads\/2025\/05\/8-1-768x432.png 768w, https:\/\/pugliamare.it\/wp-content\/uploads\/2025\/05\/8-1-1536x864.png 1536w, https:\/\/pugliamare.it\/wp-content\/uploads\/2025\/05\/8-1-18x10.png 18w, https:\/\/pugliamare.it\/wp-content\/uploads\/2025\/05\/8-1-800x450.png 800w, https:\/\/pugliamare.it\/wp-content\/uploads\/2025\/05\/8-1-600x338.png 600w\" sizes=\"(max-width: 1920px) 100vw, 1920px\" \/>\t\t\t\t<\/a>\n\t\t\t<\/div>\n        \n                <div class=\"post-grid-text-wrap\">\n               \t\t\t\t<h2 class=\"title\">\n\t\t\t<a href=\"https:\/\/pugliamare.it\/es\/guida-completa-di-alberobello\/\">Qu\u00e9 Ver, Hacer y Comer en Alberobello: La Gu\u00eda Completa de la Capital de los Trulli en Apulia<\/a>\n\t\t<\/h2>\n\t\t\t                \t\t<div class=\"post-grid-excerpt\">\n\t\t\t<p class=\" translation-block\">Famosa en todo el mundo, \u00fanica y conocida por sus caracter\u00edsticos <strong>trulli,<\/strong> declarados Patrimonio Mundial por la <strong>UNESCO.<\/strong> Alberobello es una verdadera joya del interior de Apulia. Un peque\u00f1o tesoro que atrae cada a\u00f1o a visitantes de todo el mundo, curiosos por visitar los trulli y fascinados por el campo circundante lleno de olivares, campos de trigo y vi\u00f1edos.<\/p>\n\t\t<\/div>\n\t\t\t                \t\t<a class=\"read-more-btn\" href=\"https:\/\/pugliamare.it\/es\/guida-completa-di-alberobello\/\">Leer m\u00e1s \u00bb<\/a>\n\t\t                <\/div>\n\n                \t\t<div class=\"post-grid-meta\">\n\t\t\t\n\t\t\t\t<span class=\"post-author\">pugliamare<\/span>\n\n\t\t\t\t\n\t\t\t\t<span class=\"post-date\"><time datetime=\"2025-05-27T15:46:37+02:00\">27 mayo 2025<\/time><\/span>\n\n\t\t\t\t\t\t<\/div>\n\t\t\n            <\/div><!-- .blog-inner -->\n           \n        <\/article>\n\n        \n        <article id=\"post-28232\" class=\"wpcap-post post-28232 post type-post status-publish format-standard has-post-thumbnail hentry category-guide category-matera-alberobello tag-alberobello tag-city-tours tag-matera\">\n         \n            <div class=\"post-grid-inner\">\n            \t\n            \t\t\t\t<div class=\"post-grid-thumbnail\">\n\t\t\t\t<a href=\"https:\/\/pugliamare.it\/es\/alberobello-e-matera-guida\/\">\n\t\t\t\t\t<img loading=\"lazy\" decoding=\"async\" width=\"1600\" height=\"1066\" src=\"https:\/\/pugliamare.it\/wp-content\/uploads\/2024\/09\/WhatsApp-Image-2024-09-10-at-09.36.36-1.jpeg\" class=\"attachment-full size-full wp-post-image\" alt=\"Self guided tour\" srcset=\"https:\/\/pugliamare.it\/wp-content\/uploads\/2024\/09\/WhatsApp-Image-2024-09-10-at-09.36.36-1.jpeg 1600w, https:\/\/pugliamare.it\/wp-content\/uploads\/2024\/09\/WhatsApp-Image-2024-09-10-at-09.36.36-1-300x200.jpeg 300w, https:\/\/pugliamare.it\/wp-content\/uploads\/2024\/09\/WhatsApp-Image-2024-09-10-at-09.36.36-1-1024x682.jpeg 1024w, https:\/\/pugliamare.it\/wp-content\/uploads\/2024\/09\/WhatsApp-Image-2024-09-10-at-09.36.36-1-768x512.jpeg 768w, https:\/\/pugliamare.it\/wp-content\/uploads\/2024\/09\/WhatsApp-Image-2024-09-10-at-09.36.36-1-1536x1023.jpeg 1536w, https:\/\/pugliamare.it\/wp-content\/uploads\/2024\/09\/WhatsApp-Image-2024-09-10-at-09.36.36-1-18x12.jpeg 18w, https:\/\/pugliamare.it\/wp-content\/uploads\/2024\/09\/WhatsApp-Image-2024-09-10-at-09.36.36-1-675x450.jpeg 675w, https:\/\/pugliamare.it\/wp-content\/uploads\/2024\/09\/WhatsApp-Image-2024-09-10-at-09.36.36-1-600x400.jpeg 600w\" sizes=\"(max-width: 1600px) 100vw, 1600px\" \/>\t\t\t\t<\/a>\n\t\t\t<\/div>\n        \n                <div class=\"post-grid-text-wrap\">\n               \t\t\t\t<h2 class=\"title\">\n\t\t\t<a href=\"https:\/\/pugliamare.it\/es\/alberobello-e-matera-guida\/\">Tour Aut\u00f3nomo \u2013 Descubre Alberobello y Matera por tu Cuenta<\/a>\n\t\t<\/h2>\n\t\t\t                \t\t<div class=\"post-grid-excerpt\">\n\t\t\t<p>Scopri Alberobello e Matera con la nostra guida per un tour autonomo. Esplora i famosi trulli e i suggestivi sassi, entrambi patrimonio UNESCO, e immergiti in un viaggio tra storia, cultura e paesaggi unici che solo la Puglia pu\u00f2 offrire.<\/p>\n\t\t<\/div>\n\t\t\t                \t\t<a class=\"read-more-btn\" href=\"https:\/\/pugliamare.it\/es\/alberobello-e-matera-guida\/\">Leer m\u00e1s \u00bb<\/a>\n\t\t                <\/div>\n\n                \t\t<div class=\"post-grid-meta\">\n\t\t\t\n\t\t\t\t<span class=\"post-author\">pugliamare<\/span>\n\n\t\t\t\t\n\t\t\t\t<span class=\"post-date\"><time datetime=\"2024-09-16T14:34:07+02:00\">16 septiembre 2024<\/time><\/span>\n\n\t\t\t\t\t\t<\/div>\n\t\t\n            <\/div><!-- .blog-inner -->\n           \n        <\/article>\n\n        \n        <article id=\"post-29458\" class=\"wpcap-post post-29458 post type-post status-publish format-standard has-post-thumbnail hentry category-guide category-matera-alberobello tag-alberobello tag-city-tours tag-matera\">\n         \n            <div class=\"post-grid-inner\">\n            \t\n            \t\t\t\t<div class=\"post-grid-thumbnail\">\n\t\t\t\t<a href=\"https:\/\/pugliamare.it\/es\/self-guided-tour-scopri-autonomamente-alberobello\/\">\n\t\t\t\t\t<img loading=\"lazy\" decoding=\"async\" width=\"2560\" height=\"1626\" src=\"https:\/\/pugliamare.it\/wp-content\/uploads\/2024\/03\/foto-alberobello-scaled.jpeg\" class=\"attachment-full size-full wp-post-image\" alt=\"I famosi trulli di Alberobello\" srcset=\"https:\/\/pugliamare.it\/wp-content\/uploads\/2024\/03\/foto-alberobello-scaled.jpeg 2560w, https:\/\/pugliamare.it\/wp-content\/uploads\/2024\/03\/foto-alberobello-300x191.jpeg 300w, https:\/\/pugliamare.it\/wp-content\/uploads\/2024\/03\/foto-alberobello-1024x651.jpeg 1024w, https:\/\/pugliamare.it\/wp-content\/uploads\/2024\/03\/foto-alberobello-768x488.jpeg 768w, https:\/\/pugliamare.it\/wp-content\/uploads\/2024\/03\/foto-alberobello-1536x976.jpeg 1536w, https:\/\/pugliamare.it\/wp-content\/uploads\/2024\/03\/foto-alberobello-2048x1301.jpeg 2048w, https:\/\/pugliamare.it\/wp-content\/uploads\/2024\/03\/foto-alberobello-18x12.jpeg 18w, https:\/\/pugliamare.it\/wp-content\/uploads\/2024\/03\/foto-alberobello-820x520.jpeg 820w, https:\/\/pugliamare.it\/wp-content\/uploads\/2024\/03\/foto-alberobello-708x450.jpeg 708w, https:\/\/pugliamare.it\/wp-content\/uploads\/2024\/03\/foto-alberobello-600x381.jpeg 600w\" sizes=\"(max-width: 2560px) 100vw, 2560px\" \/>\t\t\t\t<\/a>\n\t\t\t<\/div>\n        \n                <div class=\"post-grid-text-wrap\">\n               \t\t\t\t<h2 class=\"title\">\n\t\t\t<a href=\"https:\/\/pugliamare.it\/es\/self-guided-tour-scopri-autonomamente-alberobello\/\">Tour Autoguiado \u2013 Descubre Alberobello por tu Cuenta<\/a>\n\t\t<\/h2>\n\t\t\t                \t\t<div class=\"post-grid-excerpt\">\n\t\t\t<p>Scopri Alberobello e Matera con la nostra guida per un tour autonomo. Esplora i famosi trulli e i suggestivi sassi, entrambi patrimonio UNESCO, e immergiti in un viaggio tra storia, cultura e paesaggi unici che solo la Puglia pu\u00f2 offrire.<\/p>\n\t\t<\/div>\n\t\t\t                \t\t<a class=\"read-more-btn\" href=\"https:\/\/pugliamare.it\/es\/self-guided-tour-scopri-autonomamente-alberobello\/\">Leer m\u00e1s \u00bb<\/a>\n\t\t                <\/div>\n\n                \t\t<div class=\"post-grid-meta\">\n\t\t\t\n\t\t\t\t<span class=\"post-author\">pugliamare<\/span>\n\n\t\t\t\t\n\t\t\t\t<span class=\"post-date\"><time datetime=\"2024-03-11T17:08:00+01:00\">11 marzo 2024<\/time><\/span>\n\n\t\t\t\t\t\t<\/div>\n\t\t\n            <\/div><!-- .blog-inner -->\n           \n        <\/article>\n\n        \n\t\t\t<\/div>\n\t\t<\/div>\n\t\t\t\t<\/div>\n\t\t\t\t<\/div>\n\t\t\t\t\t<\/div>\n\t\t\t\t<\/div>\n\t\t\t\t<\/div>","protected":false},"excerpt":{"rendered":"<p>Guide per Self Guided Tour Vuoi scoprire le meraviglie della Puglia al tuo ritmo, senza vincoli e con la libert\u00e0 di seguire i tuoi tempi? Le nostre guide per tour autonomi ti offrono itinerari dettagliati per esplorare le citt\u00e0 pi\u00f9 affascinanti della regione. Puoi acquistare il trasporto per le mete che pi\u00f9 preferisci e ti [&hellip;]<\/p>","protected":false},"author":314,"featured_media":0,"parent":0,"menu_order":0,"comment_status":"closed","ping_status":"closed","template":"","meta":{"_acf_changed":false,"inline_featured_image":false,"footnotes":""},"acf":[],"yoast_head":"<!-- This site is optimized with the Yoast SEO Premium plugin v22.8 (Yoast SEO v22.8) - https:\/\/yoast.com\/wordpress\/plugins\/seo\/ -->\n<title>Guide | Pugliamare<\/title>\n<meta name=\"robots\" content=\"index, follow, max-snippet:-1, max-image-preview:large, max-video-preview:-1\" \/>\n<link rel=\"canonical\" href=\"https:\/\/pugliamare.it\/es\/guide-tour-autonomi\/\" \/>\n<meta property=\"og:locale\" content=\"es_ES\" \/>\n<meta property=\"og:type\" content=\"article\" \/>\n<meta property=\"og:title\" content=\"Guide\" \/>\n<meta property=\"og:description\" content=\"Guide per Self Guided Tour Vuoi scoprire le meraviglie della Puglia al tuo ritmo, senza vincoli e con la libert\u00e0 di seguire i tuoi tempi? Le nostre guide per tour autonomi ti offrono itinerari dettagliati per esplorare le citt\u00e0 pi\u00f9 affascinanti della regione. Puoi acquistare il trasporto per le mete che pi\u00f9 preferisci e ti [&hellip;]\" \/>\n<meta property=\"og:url\" content=\"https:\/\/pugliamare.it\/es\/guide-tour-autonomi\/\" \/>\n<meta property=\"og:site_name\" content=\"Pugliamare\" \/>\n<meta property=\"article:publisher\" content=\"https:\/\/www.facebook.com\/pugliamarexperience\" \/>\n<meta property=\"article:modified_time\" content=\"2024-09-17T13:03:14+00:00\" \/>\n<meta property=\"og:image\" content=\"https:\/\/pugliamare.it\/wp-content\/uploads\/2024\/09\/WhatsApp-Image-2024-09-10-at-09.36.36-1.jpeg\" \/>\n<meta name=\"twitter:card\" content=\"summary_large_image\" \/>\n<script type=\"application\/ld+json\" class=\"yoast-schema-graph\">{\"@context\":\"https:\/\/schema.org\",\"@graph\":[{\"@type\":\"WebPage\",\"@id\":\"https:\/\/pugliamare.it\/guide-tour-autonomi\/\",\"url\":\"https:\/\/pugliamare.it\/guide-tour-autonomi\/\",\"name\":\"Guide | Pugliamare\",\"isPartOf\":{\"@id\":\"https:\/\/pugliamare.it\/en\/#website\"},\"primaryImageOfPage\":{\"@id\":\"https:\/\/pugliamare.it\/guide-tour-autonomi\/#primaryimage\"},\"image\":{\"@id\":\"https:\/\/pugliamare.it\/guide-tour-autonomi\/#primaryimage\"},\"thumbnailUrl\":\"https:\/\/pugliamare.it\/wp-content\/uploads\/2024\/09\/WhatsApp-Image-2024-09-10-at-09.36.36-1.jpeg\",\"datePublished\":\"2024-09-17T12:16:51+00:00\",\"dateModified\":\"2024-09-17T13:03:14+00:00\",\"breadcrumb\":{\"@id\":\"https:\/\/pugliamare.it\/guide-tour-autonomi\/#breadcrumb\"},\"inLanguage\":\"es\",\"potentialAction\":[{\"@type\":\"ReadAction\",\"target\":[\"https:\/\/pugliamare.it\/guide-tour-autonomi\/\"]}]},{\"@type\":\"ImageObject\",\"inLanguage\":\"es\",\"@id\":\"https:\/\/pugliamare.it\/guide-tour-autonomi\/#primaryimage\",\"url\":\"https:\/\/pugliamare.it\/wp-content\/uploads\/2024\/09\/WhatsApp-Image-2024-09-10-at-09.36.36-1.jpeg\",\"contentUrl\":\"https:\/\/pugliamare.it\/wp-content\/uploads\/2024\/09\/WhatsApp-Image-2024-09-10-at-09.36.36-1.jpeg\"},{\"@type\":\"BreadcrumbList\",\"@id\":\"https:\/\/pugliamare.it\/guide-tour-autonomi\/#breadcrumb\",\"itemListElement\":[{\"@type\":\"ListItem\",\"position\":1,\"name\":\"Home\",\"item\":\"https:\/\/pugliamare.it\/\"},{\"@type\":\"ListItem\",\"position\":2,\"name\":\"Guide\"}]},{\"@type\":\"WebSite\",\"@id\":\"https:\/\/pugliamare.it\/en\/#website\",\"url\":\"https:\/\/pugliamare.it\/en\/\",\"name\":\"Pugliamare\",\"description\":\"Esperienze, Soggiorni e Tour personalizzati in Puglia\",\"publisher\":{\"@id\":\"https:\/\/pugliamare.it\/en\/#organization\"},\"potentialAction\":[{\"@type\":\"SearchAction\",\"target\":{\"@type\":\"EntryPoint\",\"urlTemplate\":\"https:\/\/pugliamare.it\/en\/?s={search_term_string}\"},\"query-input\":\"required name=search_term_string\"}],\"inLanguage\":\"es\"},{\"@type\":\"Organization\",\"@id\":\"https:\/\/pugliamare.it\/en\/#organization\",\"name\":\"Pugliamare srl\",\"url\":\"https:\/\/pugliamare.it\/en\/\",\"logo\":{\"@type\":\"ImageObject\",\"inLanguage\":\"es\",\"@id\":\"https:\/\/pugliamare.it\/en\/#\/schema\/logo\/image\/\",\"url\":\"https:\/\/pugliamare.it\/wp-content\/uploads\/2021\/04\/cropped-cropped-Risorsa-2.png\",\"contentUrl\":\"https:\/\/pugliamare.it\/wp-content\/uploads\/2021\/04\/cropped-cropped-Risorsa-2.png\",\"width\":374,\"height\":117,\"caption\":\"Pugliamare srl\"},\"image\":{\"@id\":\"https:\/\/pugliamare.it\/en\/#\/schema\/logo\/image\/\"},\"sameAs\":[\"https:\/\/www.facebook.com\/pugliamarexperience\",\"https:\/\/www.instagram.com\/pugliamare\/\"]}]}<\/script>\n<!-- \/ Yoast SEO Premium plugin. -->","yoast_head_json":{"title":"Guide | Pugliamare","robots":{"index":"index","follow":"follow","max-snippet":"max-snippet:-1","max-image-preview":"max-image-preview:large","max-video-preview":"max-video-preview:-1"},"canonical":"https:\/\/pugliamare.it\/es\/guide-tour-autonomi\/","og_locale":"es_ES","og_type":"article","og_title":"Guide","og_description":"Guide per Self Guided Tour Vuoi scoprire le meraviglie della Puglia al tuo ritmo, senza vincoli e con la libert\u00e0 di seguire i tuoi tempi? Le nostre guide per tour autonomi ti offrono itinerari dettagliati per esplorare le citt\u00e0 pi\u00f9 affascinanti della regione. Puoi acquistare il trasporto per le mete che pi\u00f9 preferisci e ti [&hellip;]","og_url":"https:\/\/pugliamare.it\/es\/guide-tour-autonomi\/","og_site_name":"Pugliamare","article_publisher":"https:\/\/www.facebook.com\/pugliamarexperience","article_modified_time":"2024-09-17T13:03:14+00:00","og_image":[{"url":"https:\/\/pugliamare.it\/wp-content\/uploads\/2024\/09\/WhatsApp-Image-2024-09-10-at-09.36.36-1.jpeg"}],"twitter_card":"summary_large_image","schema":{"@context":"https:\/\/schema.org","@graph":[{"@type":"WebPage","@id":"https:\/\/pugliamare.it\/guide-tour-autonomi\/","url":"https:\/\/pugliamare.it\/guide-tour-autonomi\/","name":"Guide | Pugliamare","isPartOf":{"@id":"https:\/\/pugliamare.it\/en\/#website"},"primaryImageOfPage":{"@id":"https:\/\/pugliamare.it\/guide-tour-autonomi\/#primaryimage"},"image":{"@id":"https:\/\/pugliamare.it\/guide-tour-autonomi\/#primaryimage"},"thumbnailUrl":"https:\/\/pugliamare.it\/wp-content\/uploads\/2024\/09\/WhatsApp-Image-2024-09-10-at-09.36.36-1.jpeg","datePublished":"2024-09-17T12:16:51+00:00","dateModified":"2024-09-17T13:03:14+00:00","breadcrumb":{"@id":"https:\/\/pugliamare.it\/guide-tour-autonomi\/#breadcrumb"},"inLanguage":"es","potentialAction":[{"@type":"ReadAction","target":["https:\/\/pugliamare.it\/guide-tour-autonomi\/"]}]},{"@type":"ImageObject","inLanguage":"es","@id":"https:\/\/pugliamare.it\/guide-tour-autonomi\/#primaryimage","url":"https:\/\/pugliamare.it\/wp-content\/uploads\/2024\/09\/WhatsApp-Image-2024-09-10-at-09.36.36-1.jpeg","contentUrl":"https:\/\/pugliamare.it\/wp-content\/uploads\/2024\/09\/WhatsApp-Image-2024-09-10-at-09.36.36-1.jpeg"},{"@type":"BreadcrumbList","@id":"https:\/\/pugliamare.it\/guide-tour-autonomi\/#breadcrumb","itemListElement":[{"@type":"ListItem","position":1,"name":"Home","item":"https:\/\/pugliamare.it\/"},{"@type":"ListItem","position":2,"name":"Guide"}]},{"@type":"WebSite","@id":"https:\/\/pugliamare.it\/en\/#website","url":"https:\/\/pugliamare.it\/en\/","name":"Pugliamare","description":"Esperienze, Soggiorni e Tour personalizzati in Puglia","publisher":{"@id":"https:\/\/pugliamare.it\/en\/#organization"},"potentialAction":[{"@type":"SearchAction","target":{"@type":"EntryPoint","urlTemplate":"https:\/\/pugliamare.it\/en\/?s={search_term_string}"},"query-input":"required name=search_term_string"}],"inLanguage":"es"},{"@type":"Organization","@id":"https:\/\/pugliamare.it\/en\/#organization","name":"Pugliamare srl","url":"https:\/\/pugliamare.it\/en\/","logo":{"@type":"ImageObject","inLanguage":"es","@id":"https:\/\/pugliamare.it\/en\/#\/schema\/logo\/image\/","url":"https:\/\/pugliamare.it\/wp-content\/uploads\/2021\/04\/cropped-cropped-Risorsa-2.png","contentUrl":"https:\/\/pugliamare.it\/wp-content\/uploads\/2021\/04\/cropped-cropped-Risorsa-2.png","width":374,"height":117,"caption":"Pugliamare srl"},"image":{"@id":"https:\/\/pugliamare.it\/en\/#\/schema\/logo\/image\/"},"sameAs":["https:\/\/www.facebook.com\/pugliamarexperience","https:\/\/www.instagram.com\/pugliamare\/"]}]}},"_links":{"self":[{"href":"https:\/\/pugliamare.it\/es\/wp-json\/wp\/v2\/pages\/28395"}],"collection":[{"href":"https:\/\/pugliamare.it\/es\/wp-json\/wp\/v2\/pages"}],"about":[{"href":"https:\/\/pugliamare.it\/es\/wp-json\/wp\/v2\/types\/page"}],"author":[{"embeddable":true,"href":"https:\/\/pugliamare.it\/es\/wp-json\/wp\/v2\/users\/314"}],"replies":[{"embeddable":true,"href":"https:\/\/pugliamare.it\/es\/wp-json\/wp\/v2\/comments?post=28395"}],"version-history":[{"count":29,"href":"https:\/\/pugliamare.it\/es\/wp-json\/wp\/v2\/pages\/28395\/revisions"}],"predecessor-version":[{"id":29459,"href":"https:\/\/pugliamare.it\/es\/wp-json\/wp\/v2\/pages\/28395\/revisions\/29459"}],"wp:attachment":[{"href":"https:\/\/pugliamare.it\/es\/wp-json\/wp\/v2\/media?parent=28395"}],"curies":[{"name":"wp","href":"https:\/\/api.w.org\/{rel}","templated":true}]}}