{"id":20618,"date":"2024-03-24T18:49:48","date_gmt":"2024-03-24T17:49:48","guid":{"rendered":"https:\/\/staging.pugliamare.it\/esperienze\/street-food-tour-di-polignano-a-mare\/"},"modified":"2025-12-20T14:46:25","modified_gmt":"2025-12-20T13:46:25","slug":"street-food-tour-di-polignano-a-mare","status":"publish","type":"product","link":"https:\/\/pugliamare.it\/es\/esperienze\/street-food-tour-di-polignano-a-mare\/","title":{"rendered":"Tour de Street Food en Polignano a Mare \u2013 Descubre los Sabores Aut\u00e9nticos de Apulia"},"content":{"rendered":"<div class=\"column\">\n<h1 data-start=\"97\" data-end=\"380\"><strong>Tour de Street Food en Polignano a Mare: Un Viaje entre Sabores y Tradici\u00f3n<\/strong><\/h1>\n<p data-start=\"724\" data-end=\"1072\" class=\" translation-block\">Durante dos horas inolvidables, un gu\u00eda local experto te acompa\u00f1ar\u00e1 por los callejones m\u00e1s sugestivos de <a href=\"https:\/\/pugliamare.it\/destinazioni\/polignano-a-mare\/\" target=\"_self\"><strong>Polignano a Mare<\/strong><\/a>, revel\u00e1ndote las localizaciones cinematogr\u00e1ficas m\u00e1s ic\u00f3nicas y cont\u00e1ndote an\u00e9cdotas curiosas sobre la ciudad. En este recorrido \u00fanico por el coraz\u00f3n del centro hist\u00f3rico, descubrir\u00e1s junto con los sabores que han hecho famosa la cocina de Apulia en todo el mundo.<\/p>\n<p data-start=\"1074\" data-end=\"1468\" class=\" translation-block\"><strong><em>El Street Food de Polignano a Mare es mucho m\u00e1s que un simple tour gastron\u00f3mico:<\/em><\/strong> es una inmersi\u00f3n aut\u00e9ntica en la tradici\u00f3n culinaria de Apulia, enmarcada por vistas impresionantes y el azul cristalino del mar Adri\u00e1tico. El pueblo, con sus espectaculares acantilados y sus pintorescas calles, ofrece la atm\u00f3sfera perfecta para una experiencia de degustaci\u00f3n que une sabor, cultura y autenticidad.<\/p>\n<h3 data-start=\"938\" data-end=\"974\"><strong data-start=\"944\" data-end=\"972\">El Recorrido Gastron\u00f3mico<\/strong><\/h3>\n<p data-start=\"1470\" data-end=\"1886\" class=\" translation-block\">El recorrido se desarrolla en cuatro paradas cuidadosamente seleccionadas, cada una dedicada a una especialidad t\u00edpica del street food de Apulia: desde platos salados hasta dulces tradicionales, cada degustaci\u00f3n celebra <strong>ingredientes locales frescos<\/strong> y recetas transmitidas a lo largo del tiempo, reinterpretadas con un toque moderno. Un tour ideal para quienes aman descubrir Apulia a trav\u00e9s de sus sabores t\u00edpicos y quieren vivir una experiencia culinaria genuina y envolvente.<\/p>\n<p data-start=\"1888\" data-end=\"2147\">Ya seas un apasionado de la cocina, un viajero curioso o simplemente busques una experiencia relajante entre buena comida y paisajes de postal, este tour de street food en Polignano a Mare deleitar\u00e1 tus sentidos y te regalar\u00e1 recuerdos inolvidables.<\/p>\n<h3 data-start=\"1338\" data-end=\"1367\">\ud83d\udccb <strong data-start=\"1344\" data-end=\"1365\">Detalles del tour<\/strong><\/h3>\n<ul data-start=\"1368\" data-end=\"1639\">\n<li data-start=\"1368\" data-end=\"1395\">\n<p data-start=\"1370\" data-end=\"1395\" class=\" translation-block\"><strong data-start=\"1370\" data-end=\"1381\">Duraci\u00f3n:<\/strong> Aproximadamente 2 horas<\/p>\n<\/li>\n<li data-start=\"1396\" data-end=\"1434\">\n<p data-start=\"1398\" data-end=\"1434\" class=\" translation-block\"><strong data-start=\"1398\" data-end=\"1415\">Participantes:<\/strong> m\u00ednimo 2 personas<\/p>\n<\/li>\n<li data-start=\"1491\" data-end=\"1565\">\n<p data-start=\"1493\" data-end=\"1565\" class=\" translation-block\"><strong data-start=\"1493\" data-end=\"1507\">Consejo:<\/strong> desayuno ligero para disfrutar mejor de las degustaciones<\/p>\n<\/li>\n<li data-start=\"1566\" data-end=\"1639\">\n<p data-start=\"1568\" data-end=\"1639\" class=\" translation-block\"><strong data-start=\"1568\" data-end=\"1580\">Incluido:<\/strong> gu\u00eda local, cuatro degustaciones de especialidades t\u00edpicas<\/p>\n<\/li>\n<\/ul>\n<h3 data-start=\"1918\" data-end=\"1947\"><strong>\ud83c\udf1f <\/strong><strong data-start=\"1652\" data-end=\"1676\">Experiencias relacionadas<\/strong><\/h3>\n<p data-start=\"1679\" data-end=\"1893\" class=\" translation-block\">\u00bfQuieres hacer tu d\u00eda a\u00fan m\u00e1s especial? Puedes combinar el tour con una <a href=\"https:\/\/pugliamare.it\/esperienze\/tour-in-barca-delle-grotte-di-polignano-a-mare-aperitivo\/\" target=\"_self\"><strong>excursi\u00f3n en barco<\/strong><\/a> entre las grutas de Polignano, una <a href=\"https:\/\/pugliamare.it\/esperienze\/escursione-in-sup-dell-grotte-di-polignano-a-mare\/\" target=\"_self\"><strong>excursi\u00f3n en SUP<\/strong><\/a> o un <a href=\"https:\/\/pugliamare.it\/esperienze\/tour-in-ape-calessino-di-polignano-a-mare\/\" target=\"_self\"><strong>paseo en calessino<\/strong><\/a> para descubrir la ciudad desde una perspectiva \u00fanica.<\/p>\n<h3 data-start=\"1900\" data-end=\"1966\"><strong data-start=\"1906\" data-end=\"1964\">Reserva ahora tu Tour de Street Food en Polignano a Mare<\/strong><\/h3>\n<p data-start=\"1967\" data-end=\"2214\" class=\" translation-block\">Elige el d\u00eda que prefieras y d\u00e9jate guiar para descubrir los sabores de esta joya del Adri\u00e1tico. <a href=\"https:\/\/api.whatsapp.com\/send?phone=393668959532\" target=\"_self\">Cont\u00e1ctanos<\/a> para cualquier informaci\u00f3n o necesidad especial, el equipo de Pugliamare est\u00e1 a tu disposici\u00f3n para organizar una experiencia inolvidable.<\/p>\n<\/div>","protected":false},"excerpt":{"rendered":"<p class=\" translation-block\">El Tour de Street Food de <strong>Polignano a Mare<\/strong> es el tour ideal si te gusta conocer los lugares que visitas con los ojos de quienes los viven a diario. Pasea por los caracter\u00edsticos callejones del centro hist\u00f3rico, admira las terrazas panor\u00e1micas al mar y fotograf\u00eda los pintorescos rincones de la ciudad. Prueba los productos t\u00edpicos locales, incluyendo el <strong>caf\u00e9 especial de Mario Campanella<\/strong>, la <strong>focaccia<\/strong>, el <strong>panzerotto<\/strong> y una <strong>copa de vino local<\/strong>, acompa\u00f1ados de burrata y capocollo. Una experiencia aut\u00e9ntica para descubrir los sabores de Apulia.<\/p>","protected":false},"featured_media":24010,"template":"","meta":{"_acf_changed":false,"inline_featured_image":false},"product_cat":[292,293],"product_tag":[290],"acf":[],"yoast_head":"<!-- This site is optimized with the Yoast SEO Premium plugin v22.8 (Yoast SEO v22.8) - https:\/\/yoast.com\/wordpress\/plugins\/seo\/ -->\n<title>Street Food tour di Polignano a Mare: assapora le specialit\u00e0 locali | Pugliamare<\/title>\n<meta name=\"description\" content=\"Scopri il gusto autentico di Polignano a Mare con un tour guidato di street food tra vicoli storici e sapori tipici pugliesi indimenticabili. Prenota ora!\" \/>\n<meta name=\"robots\" content=\"index, follow, max-snippet:-1, max-image-preview:large, max-video-preview:-1\" \/>\n<link rel=\"canonical\" href=\"https:\/\/pugliamare.it\/es\/esperienze\/street-food-tour-di-polignano-a-mare\/\" \/>\n<meta property=\"og:locale\" content=\"es_ES\" \/>\n<meta property=\"og:type\" content=\"article\" \/>\n<meta property=\"og:title\" content=\"Street Food Tour Polignano a Mare \u2013 Scopri i Sapori Autentici della Puglia\" \/>\n<meta property=\"og:description\" content=\"Scopri il gusto autentico di Polignano a Mare con un tour guidato di street food tra vicoli storici e sapori tipici pugliesi indimenticabili. Prenota ora!\" \/>\n<meta property=\"og:url\" content=\"https:\/\/pugliamare.it\/es\/esperienze\/street-food-tour-di-polignano-a-mare\/\" \/>\n<meta property=\"og:site_name\" content=\"Pugliamare\" \/>\n<meta property=\"article:publisher\" content=\"https:\/\/www.facebook.com\/pugliamarexperience\" \/>\n<meta property=\"article:modified_time\" content=\"2025-12-20T13:46:25+00:00\" \/>\n<meta property=\"og:image\" content=\"https:\/\/pugliamare.it\/wp-content\/uploads\/2024\/03\/DSCF0079-RAF_DxO_DeepPRIMEXD-1024x683.jpg\" \/>\n\t<meta property=\"og:image:width\" content=\"1024\" \/>\n\t<meta property=\"og:image:height\" content=\"683\" \/>\n\t<meta property=\"og:image:type\" content=\"image\/jpeg\" \/>\n<meta name=\"twitter:card\" content=\"summary_large_image\" \/>\n<script type=\"application\/ld+json\" class=\"yoast-schema-graph\">{\"@context\":\"https:\/\/schema.org\",\"@graph\":[{\"@type\":\"WebPage\",\"@id\":\"https:\/\/pugliamare.it\/esperienze\/street-food-tour-di-polignano-a-mare\/\",\"url\":\"https:\/\/pugliamare.it\/esperienze\/street-food-tour-di-polignano-a-mare\/\",\"name\":\"Street Food tour di Polignano a Mare: assapora le specialit\u00e0 locali | Pugliamare\",\"isPartOf\":{\"@id\":\"https:\/\/pugliamare.it\/en\/#website\"},\"primaryImageOfPage\":{\"@id\":\"https:\/\/pugliamare.it\/esperienze\/street-food-tour-di-polignano-a-mare\/#primaryimage\"},\"image\":{\"@id\":\"https:\/\/pugliamare.it\/esperienze\/street-food-tour-di-polignano-a-mare\/#primaryimage\"},\"thumbnailUrl\":\"https:\/\/pugliamare.it\/wp-content\/uploads\/2024\/03\/DSCF0079-RAF_DxO_DeepPRIMEXD.jpg\",\"datePublished\":\"2024-03-24T17:49:48+00:00\",\"dateModified\":\"2025-12-20T13:46:25+00:00\",\"description\":\"Scopri il gusto autentico di Polignano a Mare con un tour guidato di street food tra vicoli storici e sapori tipici pugliesi indimenticabili. Prenota ora!\",\"breadcrumb\":{\"@id\":\"https:\/\/pugliamare.it\/esperienze\/street-food-tour-di-polignano-a-mare\/#breadcrumb\"},\"inLanguage\":\"es\",\"potentialAction\":[{\"@type\":\"ReadAction\",\"target\":[\"https:\/\/pugliamare.it\/esperienze\/street-food-tour-di-polignano-a-mare\/\"]}]},{\"@type\":\"ImageObject\",\"inLanguage\":\"es\",\"@id\":\"https:\/\/pugliamare.it\/esperienze\/street-food-tour-di-polignano-a-mare\/#primaryimage\",\"url\":\"https:\/\/pugliamare.it\/wp-content\/uploads\/2024\/03\/DSCF0079-RAF_DxO_DeepPRIMEXD.jpg\",\"contentUrl\":\"https:\/\/pugliamare.it\/wp-content\/uploads\/2024\/03\/DSCF0079-RAF_DxO_DeepPRIMEXD.jpg\",\"width\":2500,\"height\":1667,\"caption\":\"Turisti che brindano con calici di vino durante lo Street Food Tour a Polignano a Mare.\"},{\"@type\":\"BreadcrumbList\",\"@id\":\"https:\/\/pugliamare.it\/esperienze\/street-food-tour-di-polignano-a-mare\/#breadcrumb\",\"itemListElement\":[{\"@type\":\"ListItem\",\"position\":1,\"name\":\"Home\",\"item\":\"https:\/\/pugliamare.it\/\"},{\"@type\":\"ListItem\",\"position\":2,\"name\":\"Street Food Tour Polignano a Mare \u2013 Scopri i Sapori Autentici della Puglia\"}]},{\"@type\":\"WebSite\",\"@id\":\"https:\/\/pugliamare.it\/en\/#website\",\"url\":\"https:\/\/pugliamare.it\/en\/\",\"name\":\"Pugliamare\",\"description\":\"Esperienze, Soggiorni e Tour personalizzati in Puglia\",\"publisher\":{\"@id\":\"https:\/\/pugliamare.it\/en\/#organization\"},\"potentialAction\":[{\"@type\":\"SearchAction\",\"target\":{\"@type\":\"EntryPoint\",\"urlTemplate\":\"https:\/\/pugliamare.it\/en\/?s={search_term_string}\"},\"query-input\":\"required name=search_term_string\"}],\"inLanguage\":\"es\"},{\"@type\":\"Organization\",\"@id\":\"https:\/\/pugliamare.it\/en\/#organization\",\"name\":\"Pugliamare srl\",\"url\":\"https:\/\/pugliamare.it\/en\/\",\"logo\":{\"@type\":\"ImageObject\",\"inLanguage\":\"es\",\"@id\":\"https:\/\/pugliamare.it\/en\/#\/schema\/logo\/image\/\",\"url\":\"https:\/\/pugliamare.it\/wp-content\/uploads\/2021\/04\/cropped-cropped-Risorsa-2.png\",\"contentUrl\":\"https:\/\/pugliamare.it\/wp-content\/uploads\/2021\/04\/cropped-cropped-Risorsa-2.png\",\"width\":374,\"height\":117,\"caption\":\"Pugliamare srl\"},\"image\":{\"@id\":\"https:\/\/pugliamare.it\/en\/#\/schema\/logo\/image\/\"},\"sameAs\":[\"https:\/\/www.facebook.com\/pugliamarexperience\",\"https:\/\/www.instagram.com\/pugliamare\/\"]}]}<\/script>\n<!-- \/ Yoast SEO Premium plugin. -->","yoast_head_json":{"title":"Street Food tour di Polignano a Mare: assapora le specialit\u00e0 locali | Pugliamare","description":"Scopri il gusto autentico di Polignano a Mare con un tour guidato di street food tra vicoli storici e sapori tipici pugliesi indimenticabili. Prenota ora!","robots":{"index":"index","follow":"follow","max-snippet":"max-snippet:-1","max-image-preview":"max-image-preview:large","max-video-preview":"max-video-preview:-1"},"canonical":"https:\/\/pugliamare.it\/es\/esperienze\/street-food-tour-di-polignano-a-mare\/","og_locale":"es_ES","og_type":"article","og_title":"Street Food Tour Polignano a Mare \u2013 Scopri i Sapori Autentici della Puglia","og_description":"Scopri il gusto autentico di Polignano a Mare con un tour guidato di street food tra vicoli storici e sapori tipici pugliesi indimenticabili. Prenota ora!","og_url":"https:\/\/pugliamare.it\/es\/esperienze\/street-food-tour-di-polignano-a-mare\/","og_site_name":"Pugliamare","article_publisher":"https:\/\/www.facebook.com\/pugliamarexperience","article_modified_time":"2025-12-20T13:46:25+00:00","og_image":[{"width":1024,"height":683,"url":"https:\/\/pugliamare.it\/wp-content\/uploads\/2024\/03\/DSCF0079-RAF_DxO_DeepPRIMEXD-1024x683.jpg","type":"image\/jpeg"}],"twitter_card":"summary_large_image","schema":{"@context":"https:\/\/schema.org","@graph":[{"@type":"WebPage","@id":"https:\/\/pugliamare.it\/esperienze\/street-food-tour-di-polignano-a-mare\/","url":"https:\/\/pugliamare.it\/esperienze\/street-food-tour-di-polignano-a-mare\/","name":"Street Food tour di Polignano a Mare: assapora le specialit\u00e0 locali | Pugliamare","isPartOf":{"@id":"https:\/\/pugliamare.it\/en\/#website"},"primaryImageOfPage":{"@id":"https:\/\/pugliamare.it\/esperienze\/street-food-tour-di-polignano-a-mare\/#primaryimage"},"image":{"@id":"https:\/\/pugliamare.it\/esperienze\/street-food-tour-di-polignano-a-mare\/#primaryimage"},"thumbnailUrl":"https:\/\/pugliamare.it\/wp-content\/uploads\/2024\/03\/DSCF0079-RAF_DxO_DeepPRIMEXD.jpg","datePublished":"2024-03-24T17:49:48+00:00","dateModified":"2025-12-20T13:46:25+00:00","description":"Scopri il gusto autentico di Polignano a Mare con un tour guidato di street food tra vicoli storici e sapori tipici pugliesi indimenticabili. Prenota ora!","breadcrumb":{"@id":"https:\/\/pugliamare.it\/esperienze\/street-food-tour-di-polignano-a-mare\/#breadcrumb"},"inLanguage":"es","potentialAction":[{"@type":"ReadAction","target":["https:\/\/pugliamare.it\/esperienze\/street-food-tour-di-polignano-a-mare\/"]}]},{"@type":"ImageObject","inLanguage":"es","@id":"https:\/\/pugliamare.it\/esperienze\/street-food-tour-di-polignano-a-mare\/#primaryimage","url":"https:\/\/pugliamare.it\/wp-content\/uploads\/2024\/03\/DSCF0079-RAF_DxO_DeepPRIMEXD.jpg","contentUrl":"https:\/\/pugliamare.it\/wp-content\/uploads\/2024\/03\/DSCF0079-RAF_DxO_DeepPRIMEXD.jpg","width":2500,"height":1667,"caption":"Turisti che brindano con calici di vino durante lo Street Food Tour a Polignano a Mare."},{"@type":"BreadcrumbList","@id":"https:\/\/pugliamare.it\/esperienze\/street-food-tour-di-polignano-a-mare\/#breadcrumb","itemListElement":[{"@type":"ListItem","position":1,"name":"Home","item":"https:\/\/pugliamare.it\/"},{"@type":"ListItem","position":2,"name":"Street Food Tour Polignano a Mare \u2013 Scopri i Sapori Autentici della Puglia"}]},{"@type":"WebSite","@id":"https:\/\/pugliamare.it\/en\/#website","url":"https:\/\/pugliamare.it\/en\/","name":"Pugliamare","description":"Esperienze, Soggiorni e Tour personalizzati in Puglia","publisher":{"@id":"https:\/\/pugliamare.it\/en\/#organization"},"potentialAction":[{"@type":"SearchAction","target":{"@type":"EntryPoint","urlTemplate":"https:\/\/pugliamare.it\/en\/?s={search_term_string}"},"query-input":"required name=search_term_string"}],"inLanguage":"es"},{"@type":"Organization","@id":"https:\/\/pugliamare.it\/en\/#organization","name":"Pugliamare srl","url":"https:\/\/pugliamare.it\/en\/","logo":{"@type":"ImageObject","inLanguage":"es","@id":"https:\/\/pugliamare.it\/en\/#\/schema\/logo\/image\/","url":"https:\/\/pugliamare.it\/wp-content\/uploads\/2021\/04\/cropped-cropped-Risorsa-2.png","contentUrl":"https:\/\/pugliamare.it\/wp-content\/uploads\/2021\/04\/cropped-cropped-Risorsa-2.png","width":374,"height":117,"caption":"Pugliamare srl"},"image":{"@id":"https:\/\/pugliamare.it\/en\/#\/schema\/logo\/image\/"},"sameAs":["https:\/\/www.facebook.com\/pugliamarexperience","https:\/\/www.instagram.com\/pugliamare\/"]}]}},"_links":{"self":[{"href":"https:\/\/pugliamare.it\/es\/wp-json\/wp\/v2\/product\/20618"}],"collection":[{"href":"https:\/\/pugliamare.it\/es\/wp-json\/wp\/v2\/product"}],"about":[{"href":"https:\/\/pugliamare.it\/es\/wp-json\/wp\/v2\/types\/product"}],"version-history":[{"count":16,"href":"https:\/\/pugliamare.it\/es\/wp-json\/wp\/v2\/product\/20618\/revisions"}],"predecessor-version":[{"id":36451,"href":"https:\/\/pugliamare.it\/es\/wp-json\/wp\/v2\/product\/20618\/revisions\/36451"}],"wp:featuredmedia":[{"embeddable":true,"href":"https:\/\/pugliamare.it\/es\/wp-json\/wp\/v2\/media\/24010"}],"wp:attachment":[{"href":"https:\/\/pugliamare.it\/es\/wp-json\/wp\/v2\/media?parent=20618"}],"wp:term":[{"taxonomy":"product_cat","embeddable":true,"href":"https:\/\/pugliamare.it\/es\/wp-json\/wp\/v2\/product_cat?post=20618"},{"taxonomy":"product_tag","embeddable":true,"href":"https:\/\/pugliamare.it\/es\/wp-json\/wp\/v2\/product_tag?post=20618"}],"curies":[{"name":"wp","href":"https:\/\/api.w.org\/{rel}","templated":true}]}}