{"id":20621,"date":"2024-03-24T18:49:54","date_gmt":"2024-03-24T17:49:54","guid":{"rendered":"https:\/\/staging.pugliamare.it\/esperienze\/tour-in-barca-alle-grotte-di-polignano-a-mare-by-night\/"},"modified":"2025-08-07T16:22:56","modified_gmt":"2025-08-07T14:22:56","slug":"tour-in-barca-alle-grotte-di-polignano-a-mare-by-night","status":"publish","type":"product","link":"https:\/\/pugliamare.it\/es\/esperienze\/tour-in-barca-alle-grotte-di-polignano-a-mare-by-night\/","title":{"rendered":"Tour en Barco por las Grutas de Polignano de Noche \u2013 Magia Nocturna entre el Mar y las Estrellas"},"content":{"rendered":"<div class=\"column\"><\/div>\n<div>\n<h1 data-start=\"188\" data-end=\"249\"><strong>Tour en Barco por las Grutas de Polignano a Mare de Noche<\/strong><\/h1>\n<p data-start=\"251\" data-end=\"725\" class=\" translation-block\">Vive una experiencia \u00fanica y sugerente con el <strong data-start=\"296\" data-end=\"354\">tour nocturno en barco por las grutas de Polignano a Mare<\/strong>, uno de los espect\u00e1culos naturales m\u00e1s fascinantes de Apulia. Navega bajo las estrellas a lo largo de la costa Adri\u00e1tica y descubre las grutas marinas iluminadas por la luz de la luna, disfrutando de una atm\u00f3sfera m\u00e1gica y rom\u00e1ntica. Este <strong data-start=\"576\" data-end=\"600\">tour nocturno en barco<\/strong> es perfecto para parejas, familias y peque\u00f1os grupos que desean vivir Polignano a Mare de una manera original e inolvidable.<\/p>\n<h3 data-start=\"732\" data-end=\"774\"><strong>\ud83d\udea4 Detalles del Tour en Barco de Noche<\/strong><\/h3>\n<ul data-start=\"776\" data-end=\"1195\">\n<li data-start=\"776\" data-end=\"797\">\n<p data-start=\"778\" data-end=\"797\" class=\" translation-block\"><strong>Duraci\u00f3n:<\/strong> 2 horas<\/p>\n<\/li>\n<li data-start=\"798\" data-end=\"888\">\n<p data-start=\"800\" data-end=\"888\" class=\" translation-block\"><strong data-start=\"800\" data-end=\"813\">Salida:<\/strong> Puerto de San Vito, Polignano a Mare (a 10 minutos del centro hist\u00f3rico)<\/p>\n<\/li>\n<li data-start=\"956\" data-end=\"990\">\n<p data-start=\"958\" data-end=\"990\" class=\" translation-block\"><strong data-start=\"958\" data-end=\"969\">Grupo:<\/strong> m\u00e1ximo 10 personas<\/p>\n<\/li>\n<li data-start=\"991\" data-end=\"1029\">\n<p data-start=\"993\" data-end=\"1029\" class=\" translation-block\"><strong data-start=\"993\" data-end=\"1019\">Patr\u00f3n profesional<\/strong> a bordo<\/p>\n<\/li>\n<li data-start=\"1030\" data-end=\"1149\">\n<p data-start=\"1032\" data-end=\"1149\" class=\" translation-block\"><strong data-start=\"1032\" data-end=\"1044\">Incluido:<\/strong> Aperitivo a bordo<\/p>\n<\/li>\n<li data-start=\"1150\" data-end=\"1195\">\n<p data-start=\"1152\" data-end=\"1195\" class=\" translation-block\"><strong data-start=\"1152\" data-end=\"1168\">Traslado ida y vuelta<\/strong> disponible bajo petici\u00f3n<\/p>\n<\/li>\n<\/ul>\n<h3 data-start=\"1202\" data-end=\"1224\"><strong>\ud83c\udf0a Qu\u00e9 te espera<\/strong><\/h3>\n<p data-start=\"1226\" data-end=\"1648\" class=\" translation-block\">Durante este tour exclusivo, navegar\u00e1s entre algunas de las <strong>grutas<\/strong> m\u00e1s sugerentes y misteriosas de la costa de Polignano a Mare. Al caer el sol y con la luz de la luna que ilumina el mar, las grutas se transforman en un espect\u00e1culo natural surrealista y fascinante. Podr\u00e1s admirar imponentes <strong>acantilados<\/strong>, arcos de roca y calas escondidas accesibles solo desde el mar.<\/p>\n<p data-start=\"1650\" data-end=\"2000\" class=\" translation-block\">A bordo del barco, podr\u00e1s relajarte mientras disfrutas de un <strong>aperitivo<\/strong> t\u00edpico de Apulia, mientras el patr\u00f3n te cuenta historias, leyendas y curiosidades sobre las grutas y la costa de Polignano a Mare. Si las condiciones lo permiten, tambi\u00e9n tendr\u00e1s la oportunidad de darte un refrescante ba\u00f1o bajo el cielo estrellado, haciendo que esta experiencia sea a\u00fan m\u00e1s memorable.<\/p>\n<h3 data-start=\"2007\" data-end=\"2032\"><strong>\ud83d\udd52 Informaci\u00f3n \u00datil<\/strong><\/h3>\n<ul data-start=\"2034\" data-end=\"2280\">\n<li data-start=\"2034\" data-end=\"2108\">\n<p data-start=\"2036\" data-end=\"2108\">Pres\u00e9ntate en el punto de salida 30 minutos antes de la hora de inicio<\/p>\n<\/li>\n<li data-start=\"2109\" data-end=\"2207\">\n<p data-start=\"2111\" data-end=\"2207\">Tour adecuado para quienes buscan una experiencia rom\u00e1ntica, relajante y panor\u00e1mica al atardecer y por la noche<\/p>\n<\/li>\n<li data-start=\"2208\" data-end=\"2280\">\n<p data-start=\"2210\" data-end=\"2280\">Posibilidad de personalizar el tour con traslados y otras solicitudes<\/p>\n<\/li>\n<\/ul>\n<h3 data-start=\"2287\" data-end=\"2314\"><strong>\ud83c\udf1f Experiencias Relacionadas<\/strong><\/h3>\n<p data-start=\"155\" data-end=\"408\" class=\" translation-block\">Si deseas profundizar en el descubrimiento de la aut\u00e9ntica Apulia, te sugerimos combinar el tour nocturno en barco con la <a href=\"https:\/\/pugliamare.it\/esperienze\/visita-guidata-di-alberobello\/\" target=\"_self\"><strong data-start=\"275\" data-end=\"308\">visita guiada de Alberobello<\/strong><\/a>, para sumergirte entre los trulli y las tradiciones hist\u00f3ricas de uno de los pueblos m\u00e1s fascinantes de Italia.<\/p>\n<p data-start=\"410\" data-end=\"662\" class=\" translation-block\">Adem\u00e1s, puedes explorar el campo apuliano participando en un <a href=\"https:\/\/pugliamare.it\/tipologia\/vespa-tours\/\" target=\"_self\"><strong data-start=\"477\" data-end=\"507\">tour en Vespa por los pueblos<\/strong><\/a>, una aventura sobre dos ruedas entre olivares, paisajes rurales y antiguos centros hist\u00f3ricos, perfecta para quienes aman moverse con ligereza y descubrir rincones escondidos.<\/p>\n<h3 data-start=\"3107\" data-end=\"3146\">Reserva Ahora Tu Tour Nocturno<\/h3>\n<p data-start=\"3148\" data-end=\"3514\" class=\" translation-block\">No pierdas esta oportunidad exclusiva de descubrir Polignano a Mare bajo una luz diferente. Reserva ahora el <strong data-start=\"3258\" data-end=\"3316\">tour en barco por las grutas de Polignano a Mare de noche<\/strong> y d\u00e9jate encantar por la magia de la costa de Apulia bajo la luz de la luna. <a href=\"https:\/\/api.whatsapp.com\/send?phone=393668959532\" target=\"_self\">Cont\u00e1ctanos<\/a> para informaci\u00f3n, solicitudes especiales o servicios de traslado. \u00a1Te esperamos a bordo para una experiencia inolvidable!<\/p>\n<\/div>","protected":false},"excerpt":{"rendered":"<div class=\"flex-shrink-0 flex flex-col relative items-end\">\n<div>\n<div class=\"pt-0\">\n<div class=\"gizmo-bot-avatar flex h-8 w-8 items-center justify-center overflow-hidden rounded-full\">\n<div class=\"relative p-1 rounded-sm flex items-center justify-center bg-token-main-surface-primary text-token-text-primary h-8 w-8 translation-block\"><strong data-start=\"225\" data-end=\"336\">Polignano a Mare<\/strong> como nunca antes, con un exclusivo <strong>tour en barco por las grutas a la luz de la luna<\/strong>. Vive la costa adri\u00e1tica de Apulia bajo un cielo estrellado, navegando entre acantilados iluminados por la luna, calas secretas y grutas impresionantes. Durante el tour nocturno, podr\u00e1s relajarte a bordo con un aperitivo de prosecco y taralli, disfrutar de una parada para un ba\u00f1o nocturno (si el mar lo permite) y dejarte fascinar por la belleza silenciosa y misteriosa de <strong>Polignano by night<\/strong>. Una experiencia rom\u00e1ntica, \u00edntima y m\u00e1gica, perfecta para parejas, grupos de amigos o cualquiera que quiera descubrir el mar de Apulia de una manera diferente y sugerente.<\/div>\n<\/div>\n<\/div>\n<\/div>\n<\/div>","protected":false},"featured_media":12328,"template":"","meta":{"_acf_changed":false,"inline_featured_image":false},"product_cat":[296],"product_tag":[290],"acf":[],"yoast_head":"<!-- This site is optimized with the Yoast SEO Premium plugin v22.8 (Yoast SEO v22.8) - https:\/\/yoast.com\/wordpress\/plugins\/seo\/ -->\n<title>Tour In Barca delle grotte di Polignano A Mare by Night | Pugliamare<\/title>\n<meta name=\"description\" content=\"Scopri il Tour in Barca alle Grotte di Polignano a Mare by Night. Esplora grotte illuminate dalla luna e vivi un&#039;esperienza magica e indimenticabile.\" \/>\n<meta name=\"robots\" content=\"index, follow, max-snippet:-1, max-image-preview:large, max-video-preview:-1\" \/>\n<link rel=\"canonical\" href=\"https:\/\/pugliamare.it\/es\/esperienze\/tour-in-barca-alle-grotte-di-polignano-a-mare-by-night\/\" \/>\n<meta property=\"og:locale\" content=\"es_ES\" \/>\n<meta property=\"og:type\" content=\"article\" \/>\n<meta property=\"og:title\" content=\"Tour in Barca alle Grotte di Polignano by Night \u2013 Magia della Sera tra Mare e Stelle\" \/>\n<meta property=\"og:description\" content=\"Scopri il Tour in Barca alle Grotte di Polignano a Mare by Night. Esplora grotte illuminate dalla luna e vivi un&#039;esperienza magica e indimenticabile.\" \/>\n<meta property=\"og:url\" content=\"https:\/\/pugliamare.it\/es\/esperienze\/tour-in-barca-alle-grotte-di-polignano-a-mare-by-night\/\" \/>\n<meta property=\"og:site_name\" content=\"Pugliamare\" \/>\n<meta property=\"article:publisher\" content=\"https:\/\/www.facebook.com\/pugliamarexperience\" \/>\n<meta property=\"article:modified_time\" content=\"2025-08-07T14:22:56+00:00\" \/>\n<meta property=\"og:image\" content=\"https:\/\/pugliamare.it\/wp-content\/uploads\/2022\/05\/Polignano-by-night-2-scaled.jpg\" \/>\n\t<meta property=\"og:image:width\" content=\"2560\" \/>\n\t<meta property=\"og:image:height\" content=\"1709\" \/>\n\t<meta property=\"og:image:type\" content=\"image\/jpeg\" \/>\n<meta name=\"twitter:card\" content=\"summary_large_image\" \/>\n<script type=\"application\/ld+json\" class=\"yoast-schema-graph\">{\"@context\":\"https:\/\/schema.org\",\"@graph\":[{\"@type\":\"WebPage\",\"@id\":\"https:\/\/pugliamare.it\/esperienze\/tour-in-barca-alle-grotte-di-polignano-a-mare-by-night\/\",\"url\":\"https:\/\/pugliamare.it\/esperienze\/tour-in-barca-alle-grotte-di-polignano-a-mare-by-night\/\",\"name\":\"Tour In Barca delle grotte di Polignano A Mare by Night | Pugliamare\",\"isPartOf\":{\"@id\":\"https:\/\/pugliamare.it\/en\/#website\"},\"primaryImageOfPage\":{\"@id\":\"https:\/\/pugliamare.it\/esperienze\/tour-in-barca-alle-grotte-di-polignano-a-mare-by-night\/#primaryimage\"},\"image\":{\"@id\":\"https:\/\/pugliamare.it\/esperienze\/tour-in-barca-alle-grotte-di-polignano-a-mare-by-night\/#primaryimage\"},\"thumbnailUrl\":\"https:\/\/pugliamare.it\/wp-content\/uploads\/2022\/05\/Polignano-by-night-2-scaled.jpg\",\"datePublished\":\"2024-03-24T17:49:54+00:00\",\"dateModified\":\"2025-08-07T14:22:56+00:00\",\"description\":\"Scopri il Tour in Barca alle Grotte di Polignano a Mare by Night. Esplora grotte illuminate dalla luna e vivi un'esperienza magica e indimenticabile.\",\"breadcrumb\":{\"@id\":\"https:\/\/pugliamare.it\/esperienze\/tour-in-barca-alle-grotte-di-polignano-a-mare-by-night\/#breadcrumb\"},\"inLanguage\":\"es\",\"potentialAction\":[{\"@type\":\"ReadAction\",\"target\":[\"https:\/\/pugliamare.it\/esperienze\/tour-in-barca-alle-grotte-di-polignano-a-mare-by-night\/\"]}]},{\"@type\":\"ImageObject\",\"inLanguage\":\"es\",\"@id\":\"https:\/\/pugliamare.it\/esperienze\/tour-in-barca-alle-grotte-di-polignano-a-mare-by-night\/#primaryimage\",\"url\":\"https:\/\/pugliamare.it\/wp-content\/uploads\/2022\/05\/Polignano-by-night-2-scaled.jpg\",\"contentUrl\":\"https:\/\/pugliamare.it\/wp-content\/uploads\/2022\/05\/Polignano-by-night-2-scaled.jpg\",\"width\":2560,\"height\":1709,\"caption\":\"Tour in Barca di Polignano a Mare by Night\"},{\"@type\":\"BreadcrumbList\",\"@id\":\"https:\/\/pugliamare.it\/esperienze\/tour-in-barca-alle-grotte-di-polignano-a-mare-by-night\/#breadcrumb\",\"itemListElement\":[{\"@type\":\"ListItem\",\"position\":1,\"name\":\"Home\",\"item\":\"https:\/\/pugliamare.it\/\"},{\"@type\":\"ListItem\",\"position\":2,\"name\":\"Tour in Barca alle Grotte di Polignano by Night \u2013 Magia della Sera tra Mare e Stelle\"}]},{\"@type\":\"WebSite\",\"@id\":\"https:\/\/pugliamare.it\/en\/#website\",\"url\":\"https:\/\/pugliamare.it\/en\/\",\"name\":\"Pugliamare\",\"description\":\"Esperienze, Soggiorni e Tour personalizzati in Puglia\",\"publisher\":{\"@id\":\"https:\/\/pugliamare.it\/en\/#organization\"},\"potentialAction\":[{\"@type\":\"SearchAction\",\"target\":{\"@type\":\"EntryPoint\",\"urlTemplate\":\"https:\/\/pugliamare.it\/en\/?s={search_term_string}\"},\"query-input\":\"required name=search_term_string\"}],\"inLanguage\":\"es\"},{\"@type\":\"Organization\",\"@id\":\"https:\/\/pugliamare.it\/en\/#organization\",\"name\":\"Pugliamare srl\",\"url\":\"https:\/\/pugliamare.it\/en\/\",\"logo\":{\"@type\":\"ImageObject\",\"inLanguage\":\"es\",\"@id\":\"https:\/\/pugliamare.it\/en\/#\/schema\/logo\/image\/\",\"url\":\"https:\/\/pugliamare.it\/wp-content\/uploads\/2021\/04\/cropped-cropped-Risorsa-2.png\",\"contentUrl\":\"https:\/\/pugliamare.it\/wp-content\/uploads\/2021\/04\/cropped-cropped-Risorsa-2.png\",\"width\":374,\"height\":117,\"caption\":\"Pugliamare srl\"},\"image\":{\"@id\":\"https:\/\/pugliamare.it\/en\/#\/schema\/logo\/image\/\"},\"sameAs\":[\"https:\/\/www.facebook.com\/pugliamarexperience\",\"https:\/\/www.instagram.com\/pugliamare\/\"]}]}<\/script>\n<!-- \/ Yoast SEO Premium plugin. -->","yoast_head_json":{"title":"Tour In Barca delle grotte di Polignano A Mare by Night | Pugliamare","description":"Scopri il Tour in Barca alle Grotte di Polignano a Mare by Night. Esplora grotte illuminate dalla luna e vivi un'esperienza magica e indimenticabile.","robots":{"index":"index","follow":"follow","max-snippet":"max-snippet:-1","max-image-preview":"max-image-preview:large","max-video-preview":"max-video-preview:-1"},"canonical":"https:\/\/pugliamare.it\/es\/esperienze\/tour-in-barca-alle-grotte-di-polignano-a-mare-by-night\/","og_locale":"es_ES","og_type":"article","og_title":"Tour in Barca alle Grotte di Polignano by Night \u2013 Magia della Sera tra Mare e Stelle","og_description":"Scopri il Tour in Barca alle Grotte di Polignano a Mare by Night. Esplora grotte illuminate dalla luna e vivi un'esperienza magica e indimenticabile.","og_url":"https:\/\/pugliamare.it\/es\/esperienze\/tour-in-barca-alle-grotte-di-polignano-a-mare-by-night\/","og_site_name":"Pugliamare","article_publisher":"https:\/\/www.facebook.com\/pugliamarexperience","article_modified_time":"2025-08-07T14:22:56+00:00","og_image":[{"width":2560,"height":1709,"url":"https:\/\/pugliamare.it\/wp-content\/uploads\/2022\/05\/Polignano-by-night-2-scaled.jpg","type":"image\/jpeg"}],"twitter_card":"summary_large_image","schema":{"@context":"https:\/\/schema.org","@graph":[{"@type":"WebPage","@id":"https:\/\/pugliamare.it\/esperienze\/tour-in-barca-alle-grotte-di-polignano-a-mare-by-night\/","url":"https:\/\/pugliamare.it\/esperienze\/tour-in-barca-alle-grotte-di-polignano-a-mare-by-night\/","name":"Tour In Barca delle grotte di Polignano A Mare by Night | Pugliamare","isPartOf":{"@id":"https:\/\/pugliamare.it\/en\/#website"},"primaryImageOfPage":{"@id":"https:\/\/pugliamare.it\/esperienze\/tour-in-barca-alle-grotte-di-polignano-a-mare-by-night\/#primaryimage"},"image":{"@id":"https:\/\/pugliamare.it\/esperienze\/tour-in-barca-alle-grotte-di-polignano-a-mare-by-night\/#primaryimage"},"thumbnailUrl":"https:\/\/pugliamare.it\/wp-content\/uploads\/2022\/05\/Polignano-by-night-2-scaled.jpg","datePublished":"2024-03-24T17:49:54+00:00","dateModified":"2025-08-07T14:22:56+00:00","description":"Scopri il Tour in Barca alle Grotte di Polignano a Mare by Night. Esplora grotte illuminate dalla luna e vivi un'esperienza magica e indimenticabile.","breadcrumb":{"@id":"https:\/\/pugliamare.it\/esperienze\/tour-in-barca-alle-grotte-di-polignano-a-mare-by-night\/#breadcrumb"},"inLanguage":"es","potentialAction":[{"@type":"ReadAction","target":["https:\/\/pugliamare.it\/esperienze\/tour-in-barca-alle-grotte-di-polignano-a-mare-by-night\/"]}]},{"@type":"ImageObject","inLanguage":"es","@id":"https:\/\/pugliamare.it\/esperienze\/tour-in-barca-alle-grotte-di-polignano-a-mare-by-night\/#primaryimage","url":"https:\/\/pugliamare.it\/wp-content\/uploads\/2022\/05\/Polignano-by-night-2-scaled.jpg","contentUrl":"https:\/\/pugliamare.it\/wp-content\/uploads\/2022\/05\/Polignano-by-night-2-scaled.jpg","width":2560,"height":1709,"caption":"Tour in Barca di Polignano a Mare by Night"},{"@type":"BreadcrumbList","@id":"https:\/\/pugliamare.it\/esperienze\/tour-in-barca-alle-grotte-di-polignano-a-mare-by-night\/#breadcrumb","itemListElement":[{"@type":"ListItem","position":1,"name":"Home","item":"https:\/\/pugliamare.it\/"},{"@type":"ListItem","position":2,"name":"Tour in Barca alle Grotte di Polignano by Night \u2013 Magia della Sera tra Mare e Stelle"}]},{"@type":"WebSite","@id":"https:\/\/pugliamare.it\/en\/#website","url":"https:\/\/pugliamare.it\/en\/","name":"Pugliamare","description":"Esperienze, Soggiorni e Tour personalizzati in Puglia","publisher":{"@id":"https:\/\/pugliamare.it\/en\/#organization"},"potentialAction":[{"@type":"SearchAction","target":{"@type":"EntryPoint","urlTemplate":"https:\/\/pugliamare.it\/en\/?s={search_term_string}"},"query-input":"required name=search_term_string"}],"inLanguage":"es"},{"@type":"Organization","@id":"https:\/\/pugliamare.it\/en\/#organization","name":"Pugliamare srl","url":"https:\/\/pugliamare.it\/en\/","logo":{"@type":"ImageObject","inLanguage":"es","@id":"https:\/\/pugliamare.it\/en\/#\/schema\/logo\/image\/","url":"https:\/\/pugliamare.it\/wp-content\/uploads\/2021\/04\/cropped-cropped-Risorsa-2.png","contentUrl":"https:\/\/pugliamare.it\/wp-content\/uploads\/2021\/04\/cropped-cropped-Risorsa-2.png","width":374,"height":117,"caption":"Pugliamare srl"},"image":{"@id":"https:\/\/pugliamare.it\/en\/#\/schema\/logo\/image\/"},"sameAs":["https:\/\/www.facebook.com\/pugliamarexperience","https:\/\/www.instagram.com\/pugliamare\/"]}]}},"_links":{"self":[{"href":"https:\/\/pugliamare.it\/es\/wp-json\/wp\/v2\/product\/20621"}],"collection":[{"href":"https:\/\/pugliamare.it\/es\/wp-json\/wp\/v2\/product"}],"about":[{"href":"https:\/\/pugliamare.it\/es\/wp-json\/wp\/v2\/types\/product"}],"version-history":[{"count":18,"href":"https:\/\/pugliamare.it\/es\/wp-json\/wp\/v2\/product\/20621\/revisions"}],"predecessor-version":[{"id":34342,"href":"https:\/\/pugliamare.it\/es\/wp-json\/wp\/v2\/product\/20621\/revisions\/34342"}],"wp:featuredmedia":[{"embeddable":true,"href":"https:\/\/pugliamare.it\/es\/wp-json\/wp\/v2\/media\/12328"}],"wp:attachment":[{"href":"https:\/\/pugliamare.it\/es\/wp-json\/wp\/v2\/media?parent=20621"}],"wp:term":[{"taxonomy":"product_cat","embeddable":true,"href":"https:\/\/pugliamare.it\/es\/wp-json\/wp\/v2\/product_cat?post=20621"},{"taxonomy":"product_tag","embeddable":true,"href":"https:\/\/pugliamare.it\/es\/wp-json\/wp\/v2\/product_tag?post=20621"}],"curies":[{"name":"wp","href":"https:\/\/api.w.org\/{rel}","templated":true}]}}