{"id":20622,"date":"2024-03-24T18:49:57","date_gmt":"2024-03-24T17:49:57","guid":{"rendered":"https:\/\/staging.pugliamare.it\/esperienze\/tour-30-minuti-in-ape-calessino-a-polignano-a-mare\/"},"modified":"2025-10-28T15:10:48","modified_gmt":"2025-10-28T14:10:48","slug":"tour-in-ape-calessino-di-polignano-a-mare","status":"publish","type":"product","link":"https:\/\/pugliamare.it\/es\/esperienze\/tour-in-ape-calessino-di-polignano-a-mare\/","title":{"rendered":"Tour en Ape Calessino (Tuk-Tuk) por Polignano a Mare"},"content":{"rendered":"<div class=\"column\">\n<h1 data-start=\"613\" data-end=\"674\"><strong>Explora Polignano con estilo: a bordo del Ape Calessino<\/strong><\/h1>\n<p data-start=\"676\" data-end=\"755\">Un tour c\u00f3modo, divertido y sorprendente entre las maravillas de Polignano a Mare<\/p>\n<p data-start=\"757\" data-end=\"1129\" class=\" translation-block\">Descubre una forma original de vivir la magia de Polignano a Mare con nuestro <strong data-start=\"836\" data-end=\"871\">Tour en Ape Calessino (Tuk-Tuk)<\/strong>, perfecto para quienes quieren dejarse guiar entre panoramas espectaculares y rincones escondidos sin tener que caminar o perder tiempo. En apenas 30 minutos podr\u00e1s visitar los lugares m\u00e1s ic\u00f3nicos de la ciudad, c\u00f3modamente sentado y con la c\u00e1mara siempre lista.<\/p>\n<p data-start=\"1131\" data-end=\"1489\" class=\" translation-block\">A bordo de nuestro Ape Calessino \u2013 un s\u00edmbolo de la Dolce Vita \u2013 recorrer\u00e1s el coraz\u00f3n del pueblo y su costa escarpada, acompa\u00f1ado por un gu\u00eda que te contar\u00e1 an\u00e9cdotas, historias y curiosidades locales. Es la experiencia ideal para parejas, familias y viajeros que desean descubrir <strong data-start=\"1426\" data-end=\"1446\">Polignano a Mare<\/strong> desde una perspectiva \u00fanica, en total relax.<\/p>\n<h3 data-start=\"1491\" data-end=\"1527\"><strong>\ud83d\udccd Las paradas principales del tour:<\/strong><\/h3>\n<ul data-start=\"1529\" data-end=\"2043\">\n<li data-start=\"1529\" data-end=\"1729\">\n<p data-start=\"1531\" data-end=\"1729\" class=\" translation-block\"><strong data-start=\"1531\" data-end=\"1544\">Port\u2019Alga<\/strong> \u2013 Un peque\u00f1o puerto natural, \u00edntimo y po\u00e9tico, con el cartel \u201cPuerto de mar y felicidad\u201d que recibe a los visitantes. Un lugar perfecto para fotos al atardecer y momentos de paz junto al mar.<\/p>\n<\/li>\n<li data-start=\"1730\" data-end=\"1895\">\n<p data-start=\"1732\" data-end=\"1895\" class=\" translation-block\"><strong data-start=\"1732\" data-end=\"1762\">Estatua de Domenico Modugno<\/strong> \u2013 El s\u00edmbolo musical de la ciudad. Aqu\u00ed podr\u00e1s admirar el panorama desde la escalera que conduce a las rocas con vistas al Mar Adri\u00e1tico.<\/p>\n<\/li>\n<li data-start=\"1896\" data-end=\"2043\">\n<p data-start=\"1898\" data-end=\"2043\" class=\" translation-block\"><strong data-start=\"1898\" data-end=\"1916\">Centro hist\u00f3rico<\/strong> \u2013 Callejones blancos, plazas peque\u00f1as y vistas pintorescas para disfrutar sin prisa. Cada rinc\u00f3n cuenta una parte de la historia de Apulia.<\/p>\n<\/li>\n<\/ul>\n<p data-start=\"2045\" data-end=\"2238\" class=\" translation-block\">Ya sea que tengas poco tiempo, no quieras caminar o est\u00e9s buscando una forma original de vivir la ciudad, el <strong data-start=\"2149\" data-end=\"2195\">tour en Ape Calessino es la elecci\u00f3n perfecta<\/strong>. C\u00f3modo, panor\u00e1mico y accesible para todos.<\/p>\n<h3 data-start=\"2245\" data-end=\"2272\"><strong>\u23f0 Informaci\u00f3n y detalles \u00fatiles<\/strong><\/h3>\n<ul data-start=\"2274\" data-end=\"2495\">\n<li data-start=\"2274\" data-end=\"2297\">\n<p data-start=\"2276\" data-end=\"2297\" class=\" translation-block\"><strong data-start=\"2276\" data-end=\"2287\">Duraci\u00f3n:<\/strong> 30 minutos<\/p>\n<\/li>\n<li data-start=\"2298\" data-end=\"2344\">\n<p data-start=\"2300\" data-end=\"2344\" class=\" translation-block\"><strong data-start=\"2300\" data-end=\"2313\">Salida:<\/strong> desde el centro de Polignano a Mare<\/p>\n<\/li>\n<li data-start=\"2345\" data-end=\"2402\">\n<p data-start=\"2347\" data-end=\"2402\" class=\" translation-block\"><strong data-start=\"2347\" data-end=\"2357\">Veh\u00edculo:<\/strong> Ape Calessino (m\u00e1ximo 2 adultos + 1 ni\u00f1o)<\/p>\n<\/li>\n<li data-start=\"2403\" data-end=\"2459\">\n<p data-start=\"2405\" data-end=\"2459\" class=\" translation-block\"><strong data-start=\"2405\" data-end=\"2419\">Tipo:<\/strong> tour compartido o privado (bajo petici\u00f3n)<\/p>\n<\/li>\n<li data-start=\"2460\" data-end=\"2495\">\n<p data-start=\"2462\" data-end=\"2495\" class=\" translation-block\"><strong data-start=\"2462\" data-end=\"2472\">Gu\u00eda:<\/strong> experto local<\/p>\n<\/li>\n<\/ul>\n<h3 data-start=\"2502\" data-end=\"2537\"><strong>\ud83c\udfaf Por qu\u00e9 elegir este tour<\/strong><\/h3>\n<ul data-start=\"2539\" data-end=\"2701\">\n<li data-start=\"2539\" data-end=\"2567\">\n<p data-start=\"2541\" data-end=\"2567\">Perfecto si tienes poco tiempo<\/p>\n<\/li>\n<li data-start=\"2568\" data-end=\"2589\">\n<p data-start=\"2570\" data-end=\"2589\">No hace falta caminar<\/p>\n<\/li>\n<li data-start=\"2590\" data-end=\"2623\">\n<p data-start=\"2592\" data-end=\"2623\">Paradas fotogr\u00e1ficas espectaculares<\/p>\n<\/li>\n<li data-start=\"2624\" data-end=\"2656\">\n<p data-start=\"2626\" data-end=\"2656\">Una experiencia c\u00f3moda e ic\u00f3nica<\/p>\n<\/li>\n<li data-start=\"2657\" data-end=\"2701\">\n<p data-start=\"2659\" data-end=\"2701\">Ideal tambi\u00e9n para ni\u00f1os o personas mayores<\/p>\n<\/li>\n<\/ul>\n<h3 data-start=\"2708\" data-end=\"2735\"><strong>\ud83d\udca1 Consejo Pugliamare<\/strong><\/h3>\n<p data-start=\"2737\" data-end=\"3018\" class=\" translation-block\">\u00bfQuieres hacer tu d\u00eda a\u00fan m\u00e1s especial? Combina el <strong data-start=\"2797\" data-end=\"2822\">tour en Ape Calessino<\/strong> con una <a href=\"https:\/\/pugliamare.it\/esperienze\/tour-in-barca-delle-grotte-di-polignano-a-mare\/\" target=\"_self\">excursi\u00f3n en barco<\/a> por la costa y descubre las <strong data-start=\"2881\" data-end=\"2918\">grutas marinas de Polignano a Mare<\/strong> desde otra perspectiva. Dos experiencias complementarias para una inmersi\u00f3n total entre el mar y la belleza.<\/p>\n<h3 data-start=\"3025\" data-end=\"3072\"><strong>Reserva ahora tu tour en Ape Calessino<\/strong><\/h3>\n<p data-start=\"3074\" data-end=\"3361\" class=\" translation-block\">No te pierdas esta experiencia divertida, ligera y perfecta para descubrir la ciudad sin estr\u00e9s. <strong data-start=\"3182\" data-end=\"3213\">Reserva directamente online<\/strong> o <a href=\"https:\/\/api.whatsapp.com\/send?phone=393668959532\" target=\"_self\">cont\u00e1ctanos por WhatsApp<\/a> para cualquier informaci\u00f3n o consulta.<\/p>\n<\/div>","protected":false},"excerpt":{"rendered":"<p class=\" translation-block\">Te llevaremos a pasear entre <b>calas, acantilados, playas y torres sarracenas,<\/b><span style=\"font-weight: 400\"> lugares emblem\u00e1ticos de esta tierra donde las olas parecen perderse m\u00e1s all\u00e1 de las nubes, el viento da paso al horizonte y se abre al infinito. Solo tendr\u00e1s que sentarte y tener a mano el m\u00f3vil o la c\u00e1mara fotogr\u00e1fica. \u00bfListo para descubrir lugares maravillosos?<\/span><\/p>","protected":false},"featured_media":7505,"template":"","meta":{"_acf_changed":false,"inline_featured_image":false},"product_cat":[292],"product_tag":[290],"acf":[],"yoast_head":"<!-- This site is optimized with the Yoast SEO Premium plugin v22.8 (Yoast SEO v22.8) - https:\/\/yoast.com\/wordpress\/plugins\/seo\/ -->\n<title>Ape Calessino Tour a Polignano a Mare | Pugliamare<\/title>\n<meta name=\"description\" content=\"Scopri l&#039;Ape Calessino Tour a Polignano a Mare per esplorare la citt\u00e0 in modo originale e divertente. Pronti a raggiungere luoghi meravigliosi? Prenota ora!\" \/>\n<meta name=\"robots\" content=\"index, follow, max-snippet:-1, max-image-preview:large, max-video-preview:-1\" \/>\n<link rel=\"canonical\" href=\"https:\/\/pugliamare.it\/es\/esperienze\/tour-in-ape-calessino-di-polignano-a-mare\/\" \/>\n<meta property=\"og:locale\" content=\"es_ES\" \/>\n<meta property=\"og:type\" content=\"article\" \/>\n<meta property=\"og:title\" content=\"Tour in Ape Calessino (Tuk-Tuk) di Polignano a Mare\" \/>\n<meta property=\"og:description\" content=\"Scopri l&#039;Ape Calessino Tour a Polignano a Mare per esplorare la citt\u00e0 in modo originale e divertente. Pronti a raggiungere luoghi meravigliosi? Prenota ora!\" \/>\n<meta property=\"og:url\" content=\"https:\/\/pugliamare.it\/es\/esperienze\/tour-in-ape-calessino-di-polignano-a-mare\/\" \/>\n<meta property=\"og:site_name\" content=\"Pugliamare\" \/>\n<meta property=\"article:publisher\" content=\"https:\/\/www.facebook.com\/pugliamarexperience\" \/>\n<meta property=\"article:modified_time\" content=\"2025-10-28T14:10:48+00:00\" \/>\n<meta property=\"og:image\" content=\"https:\/\/pugliamare.it\/wp-content\/uploads\/2021\/05\/polignano_ape_calessino_tour_pugliamare4.jpeg\" \/>\n\t<meta property=\"og:image:width\" content=\"1041\" \/>\n\t<meta property=\"og:image:height\" content=\"577\" \/>\n\t<meta property=\"og:image:type\" content=\"image\/jpeg\" \/>\n<meta name=\"twitter:card\" content=\"summary_large_image\" \/>\n<script type=\"application\/ld+json\" class=\"yoast-schema-graph\">{\"@context\":\"https:\/\/schema.org\",\"@graph\":[{\"@type\":\"WebPage\",\"@id\":\"https:\/\/pugliamare.it\/esperienze\/tour-in-ape-calessino-di-polignano-a-mare\/\",\"url\":\"https:\/\/pugliamare.it\/esperienze\/tour-in-ape-calessino-di-polignano-a-mare\/\",\"name\":\"Ape Calessino Tour a Polignano a Mare | Pugliamare\",\"isPartOf\":{\"@id\":\"https:\/\/pugliamare.it\/en\/#website\"},\"primaryImageOfPage\":{\"@id\":\"https:\/\/pugliamare.it\/esperienze\/tour-in-ape-calessino-di-polignano-a-mare\/#primaryimage\"},\"image\":{\"@id\":\"https:\/\/pugliamare.it\/esperienze\/tour-in-ape-calessino-di-polignano-a-mare\/#primaryimage\"},\"thumbnailUrl\":\"https:\/\/pugliamare.it\/wp-content\/uploads\/2021\/05\/polignano_ape_calessino_tour_pugliamare4.jpeg\",\"datePublished\":\"2024-03-24T17:49:57+00:00\",\"dateModified\":\"2025-10-28T14:10:48+00:00\",\"description\":\"Scopri l'Ape Calessino Tour a Polignano a Mare per esplorare la citt\u00e0 in modo originale e divertente. Pronti a raggiungere luoghi meravigliosi? Prenota ora!\",\"breadcrumb\":{\"@id\":\"https:\/\/pugliamare.it\/esperienze\/tour-in-ape-calessino-di-polignano-a-mare\/#breadcrumb\"},\"inLanguage\":\"es\",\"potentialAction\":[{\"@type\":\"ReadAction\",\"target\":[\"https:\/\/pugliamare.it\/esperienze\/tour-in-ape-calessino-di-polignano-a-mare\/\"]}]},{\"@type\":\"ImageObject\",\"inLanguage\":\"es\",\"@id\":\"https:\/\/pugliamare.it\/esperienze\/tour-in-ape-calessino-di-polignano-a-mare\/#primaryimage\",\"url\":\"https:\/\/pugliamare.it\/wp-content\/uploads\/2021\/05\/polignano_ape_calessino_tour_pugliamare4.jpeg\",\"contentUrl\":\"https:\/\/pugliamare.it\/wp-content\/uploads\/2021\/05\/polignano_ape_calessino_tour_pugliamare4.jpeg\",\"width\":1041,\"height\":577,\"caption\":\"Ape Calessini con vista sul mare di Polignano a Mare e lo Scoglio dell'Eremita\"},{\"@type\":\"BreadcrumbList\",\"@id\":\"https:\/\/pugliamare.it\/esperienze\/tour-in-ape-calessino-di-polignano-a-mare\/#breadcrumb\",\"itemListElement\":[{\"@type\":\"ListItem\",\"position\":1,\"name\":\"Home\",\"item\":\"https:\/\/pugliamare.it\/\"},{\"@type\":\"ListItem\",\"position\":2,\"name\":\"Tour in Ape Calessino (Tuk-Tuk) di Polignano a Mare\"}]},{\"@type\":\"WebSite\",\"@id\":\"https:\/\/pugliamare.it\/en\/#website\",\"url\":\"https:\/\/pugliamare.it\/en\/\",\"name\":\"Pugliamare\",\"description\":\"Esperienze, Soggiorni e Tour personalizzati in Puglia\",\"publisher\":{\"@id\":\"https:\/\/pugliamare.it\/en\/#organization\"},\"potentialAction\":[{\"@type\":\"SearchAction\",\"target\":{\"@type\":\"EntryPoint\",\"urlTemplate\":\"https:\/\/pugliamare.it\/en\/?s={search_term_string}\"},\"query-input\":\"required name=search_term_string\"}],\"inLanguage\":\"es\"},{\"@type\":\"Organization\",\"@id\":\"https:\/\/pugliamare.it\/en\/#organization\",\"name\":\"Pugliamare srl\",\"url\":\"https:\/\/pugliamare.it\/en\/\",\"logo\":{\"@type\":\"ImageObject\",\"inLanguage\":\"es\",\"@id\":\"https:\/\/pugliamare.it\/en\/#\/schema\/logo\/image\/\",\"url\":\"https:\/\/pugliamare.it\/wp-content\/uploads\/2021\/04\/cropped-cropped-Risorsa-2.png\",\"contentUrl\":\"https:\/\/pugliamare.it\/wp-content\/uploads\/2021\/04\/cropped-cropped-Risorsa-2.png\",\"width\":374,\"height\":117,\"caption\":\"Pugliamare srl\"},\"image\":{\"@id\":\"https:\/\/pugliamare.it\/en\/#\/schema\/logo\/image\/\"},\"sameAs\":[\"https:\/\/www.facebook.com\/pugliamarexperience\",\"https:\/\/www.instagram.com\/pugliamare\/\"]}]}<\/script>\n<!-- \/ Yoast SEO Premium plugin. -->","yoast_head_json":{"title":"Ape Calessino Tour a Polignano a Mare | Pugliamare","description":"Scopri l'Ape Calessino Tour a Polignano a Mare per esplorare la citt\u00e0 in modo originale e divertente. Pronti a raggiungere luoghi meravigliosi? Prenota ora!","robots":{"index":"index","follow":"follow","max-snippet":"max-snippet:-1","max-image-preview":"max-image-preview:large","max-video-preview":"max-video-preview:-1"},"canonical":"https:\/\/pugliamare.it\/es\/esperienze\/tour-in-ape-calessino-di-polignano-a-mare\/","og_locale":"es_ES","og_type":"article","og_title":"Tour in Ape Calessino (Tuk-Tuk) di Polignano a Mare","og_description":"Scopri l'Ape Calessino Tour a Polignano a Mare per esplorare la citt\u00e0 in modo originale e divertente. Pronti a raggiungere luoghi meravigliosi? Prenota ora!","og_url":"https:\/\/pugliamare.it\/es\/esperienze\/tour-in-ape-calessino-di-polignano-a-mare\/","og_site_name":"Pugliamare","article_publisher":"https:\/\/www.facebook.com\/pugliamarexperience","article_modified_time":"2025-10-28T14:10:48+00:00","og_image":[{"width":1041,"height":577,"url":"https:\/\/pugliamare.it\/wp-content\/uploads\/2021\/05\/polignano_ape_calessino_tour_pugliamare4.jpeg","type":"image\/jpeg"}],"twitter_card":"summary_large_image","schema":{"@context":"https:\/\/schema.org","@graph":[{"@type":"WebPage","@id":"https:\/\/pugliamare.it\/esperienze\/tour-in-ape-calessino-di-polignano-a-mare\/","url":"https:\/\/pugliamare.it\/esperienze\/tour-in-ape-calessino-di-polignano-a-mare\/","name":"Ape Calessino Tour a Polignano a Mare | Pugliamare","isPartOf":{"@id":"https:\/\/pugliamare.it\/en\/#website"},"primaryImageOfPage":{"@id":"https:\/\/pugliamare.it\/esperienze\/tour-in-ape-calessino-di-polignano-a-mare\/#primaryimage"},"image":{"@id":"https:\/\/pugliamare.it\/esperienze\/tour-in-ape-calessino-di-polignano-a-mare\/#primaryimage"},"thumbnailUrl":"https:\/\/pugliamare.it\/wp-content\/uploads\/2021\/05\/polignano_ape_calessino_tour_pugliamare4.jpeg","datePublished":"2024-03-24T17:49:57+00:00","dateModified":"2025-10-28T14:10:48+00:00","description":"Scopri l'Ape Calessino Tour a Polignano a Mare per esplorare la citt\u00e0 in modo originale e divertente. Pronti a raggiungere luoghi meravigliosi? Prenota ora!","breadcrumb":{"@id":"https:\/\/pugliamare.it\/esperienze\/tour-in-ape-calessino-di-polignano-a-mare\/#breadcrumb"},"inLanguage":"es","potentialAction":[{"@type":"ReadAction","target":["https:\/\/pugliamare.it\/esperienze\/tour-in-ape-calessino-di-polignano-a-mare\/"]}]},{"@type":"ImageObject","inLanguage":"es","@id":"https:\/\/pugliamare.it\/esperienze\/tour-in-ape-calessino-di-polignano-a-mare\/#primaryimage","url":"https:\/\/pugliamare.it\/wp-content\/uploads\/2021\/05\/polignano_ape_calessino_tour_pugliamare4.jpeg","contentUrl":"https:\/\/pugliamare.it\/wp-content\/uploads\/2021\/05\/polignano_ape_calessino_tour_pugliamare4.jpeg","width":1041,"height":577,"caption":"Ape Calessini con vista sul mare di Polignano a Mare e lo Scoglio dell'Eremita"},{"@type":"BreadcrumbList","@id":"https:\/\/pugliamare.it\/esperienze\/tour-in-ape-calessino-di-polignano-a-mare\/#breadcrumb","itemListElement":[{"@type":"ListItem","position":1,"name":"Home","item":"https:\/\/pugliamare.it\/"},{"@type":"ListItem","position":2,"name":"Tour in Ape Calessino (Tuk-Tuk) di Polignano a Mare"}]},{"@type":"WebSite","@id":"https:\/\/pugliamare.it\/en\/#website","url":"https:\/\/pugliamare.it\/en\/","name":"Pugliamare","description":"Esperienze, Soggiorni e Tour personalizzati in Puglia","publisher":{"@id":"https:\/\/pugliamare.it\/en\/#organization"},"potentialAction":[{"@type":"SearchAction","target":{"@type":"EntryPoint","urlTemplate":"https:\/\/pugliamare.it\/en\/?s={search_term_string}"},"query-input":"required name=search_term_string"}],"inLanguage":"es"},{"@type":"Organization","@id":"https:\/\/pugliamare.it\/en\/#organization","name":"Pugliamare srl","url":"https:\/\/pugliamare.it\/en\/","logo":{"@type":"ImageObject","inLanguage":"es","@id":"https:\/\/pugliamare.it\/en\/#\/schema\/logo\/image\/","url":"https:\/\/pugliamare.it\/wp-content\/uploads\/2021\/04\/cropped-cropped-Risorsa-2.png","contentUrl":"https:\/\/pugliamare.it\/wp-content\/uploads\/2021\/04\/cropped-cropped-Risorsa-2.png","width":374,"height":117,"caption":"Pugliamare srl"},"image":{"@id":"https:\/\/pugliamare.it\/en\/#\/schema\/logo\/image\/"},"sameAs":["https:\/\/www.facebook.com\/pugliamarexperience","https:\/\/www.instagram.com\/pugliamare\/"]}]}},"_links":{"self":[{"href":"https:\/\/pugliamare.it\/es\/wp-json\/wp\/v2\/product\/20622"}],"collection":[{"href":"https:\/\/pugliamare.it\/es\/wp-json\/wp\/v2\/product"}],"about":[{"href":"https:\/\/pugliamare.it\/es\/wp-json\/wp\/v2\/types\/product"}],"version-history":[{"count":13,"href":"https:\/\/pugliamare.it\/es\/wp-json\/wp\/v2\/product\/20622\/revisions"}],"predecessor-version":[{"id":26042,"href":"https:\/\/pugliamare.it\/es\/wp-json\/wp\/v2\/product\/20622\/revisions\/26042"}],"wp:featuredmedia":[{"embeddable":true,"href":"https:\/\/pugliamare.it\/es\/wp-json\/wp\/v2\/media\/7505"}],"wp:attachment":[{"href":"https:\/\/pugliamare.it\/es\/wp-json\/wp\/v2\/media?parent=20622"}],"wp:term":[{"taxonomy":"product_cat","embeddable":true,"href":"https:\/\/pugliamare.it\/es\/wp-json\/wp\/v2\/product_cat?post=20622"},{"taxonomy":"product_tag","embeddable":true,"href":"https:\/\/pugliamare.it\/es\/wp-json\/wp\/v2\/product_tag?post=20622"}],"curies":[{"name":"wp","href":"https:\/\/api.w.org\/{rel}","templated":true}]}}