{"id":20624,"date":"2024-03-24T18:49:59","date_gmt":"2024-03-24T17:49:59","guid":{"rendered":"https:\/\/staging.pugliamare.it\/esperienze\/tour-in-catamarano-alle-grotte-di-polignano-a-mare\/"},"modified":"2025-10-28T16:03:52","modified_gmt":"2025-10-28T15:03:52","slug":"tour-in-catamarano-alle-grotte-di-polignano-a-mare","status":"publish","type":"product","link":"https:\/\/pugliamare.it\/es\/esperienze\/tour-in-catamarano-alle-grotte-di-polignano-a-mare\/","title":{"rendered":"Tour en catamar\u00e1n a las cuevas de Polignano a Mare \u2013 Excursi\u00f3n privada"},"content":{"rendered":"<h1 data-start=\"179\" data-end=\"276\"><strong>Tour en catamar\u00e1n a las cuevas de Polignano a Mare: una experiencia aut\u00e9ntica entre mar y naturaleza<\/strong><\/h1>\n<p data-start=\"278\" data-end=\"546\" class=\" translation-block\">Vive una aventura exclusiva a lo largo de la hermosa costa de <a href=\"https:\/\/pugliamare.it\/destinazioni\/polignano-a-mare\/\" target=\"_self\"><strong>Polignano a Mare<\/strong><\/a>, a bordo de un elegante catamar\u00e1n privado. Descubre las cuevas marinas m\u00e1s impresionantes, enclavadas entre altos acantilados que se asoman al mar Adri\u00e1tico, y admira un paisaje natural \u00fanico en el mundo, perfecto para amantes del mar, la naturaleza virgen y la fotograf\u00eda.<\/p>\n<h3 data-start=\"548\" data-end=\"869\">\ud83c\udf0a <strong data-start=\"551\" data-end=\"600\">Navega entre las cuevas y acantilados m\u00e1s bellos<\/strong><\/h3>\n<p data-start=\"548\" data-end=\"869\" class=\" translation-block\">Durante el tour en catamar\u00e1n podr\u00e1s explorar la famosa <strong>Grotta Palazzese<\/strong>, la rom\u00e1ntica <strong>Grotta degli Innamorati<\/strong> y otras cuevas escondidas a lo largo de la costa, verdaderas joyas naturales de Polignano a Mare. Una experiencia imperdible para quienes desean descubrir la belleza de las cuevas marinas de Apulia y sumergirse en las aguas cristalinas del mar Adri\u00e1tico.<\/p>\n<h3 data-start=\"871\" data-end=\"1134\">\u26f5 <strong data-start=\"873\" data-end=\"900\">Relajaci\u00f3n y privacidad a bordo<\/strong><\/h3>\n<p data-start=\"871\" data-end=\"1134\" class=\" translation-block\">El catamar\u00e1n est\u00e1 reservado en exclusiva para tu grupo (<strong>m\u00e1ximo 10 personas<\/strong>) para garantizarte comodidad, privacidad y seguridad. Para grupos m\u00e1s numerosos, es posible reservar dos catamaranes que navegar\u00e1n juntos por la costa de Apulia.<\/p>\n<h3 data-start=\"1136\" data-end=\"1285\"><strong data-start=\"1138\" data-end=\"1172\">Una experiencia a medida para ti<\/strong><\/h3>\n<p data-start=\"1136\" data-end=\"1285\">Elige si relajarte en la cubierta admirando el paisaje o sumergirte en las aguas cristalinas de Polignano a Mare. Esta experiencia privada combina momentos de tranquilidad con emociones aut\u00e9nticas, todo inmerso en una atm\u00f3sfera m\u00e1gica suspendida entre el mar y el cielo.<\/p>\n<h3 data-start=\"1292\" data-end=\"1313\"><strong>Detalles del tour<\/strong><\/h3>\n<ul data-start=\"1315\" data-end=\"1821\">\n<li data-start=\"1315\" data-end=\"1342\">\n<p data-start=\"1317\" data-end=\"1342\" class=\" translation-block\"><strong>Duraci\u00f3n:<\/strong> unas 3 horas<\/p>\n<\/li>\n<li data-start=\"1343\" data-end=\"1447\">\n<p data-start=\"1345\" data-end=\"1447\" class=\" translation-block\"><strong data-start=\"1345\" data-end=\"1358\">Salida:<\/strong> Puerto de San Vito, una fracci\u00f3n de Polignano a Mare (a 10 minutos del centro hist\u00f3rico)<\/p>\n<\/li>\n<li data-start=\"1448\" data-end=\"1497\">\n<p data-start=\"1450\" data-end=\"1497\" class=\" translation-block\"><strong data-start=\"1450\" data-end=\"1461\">Grupo:<\/strong> m\u00e1ximo 10 personas por catamar\u00e1n<\/p>\n<\/li>\n<li data-start=\"1498\" data-end=\"1576\">\n<p data-start=\"1500\" data-end=\"1576\"><strong data-start=\"1500\" data-end=\"1517\">Tour privado<\/strong><\/p>\n<\/li>\n<li data-start=\"1696\" data-end=\"1821\">\n<p data-start=\"1698\" data-end=\"1821\" class=\" translation-block\"><strong data-start=\"1698\" data-end=\"1728\">Pol\u00edtica de cancelaci\u00f3n:<\/strong><br data-start=\"1728\" data-end=\"1731\">\u2003\u2714\ufe0f Cancelaci\u00f3n gratuita hasta 14 d\u00edas antes<br data-start=\"1780\" data-end=\"1783\">\u2003\u274c No hay reembolso despu\u00e9s de este plazo<\/p>\n<\/li>\n<\/ul>\n<h3 data-start=\"1566\" data-end=\"1606\"><strong>\ud83c\udf1f <\/strong><strong>Experiencias relacionadas<\/strong><\/h3>\n<p data-start=\"1854\" data-end=\"1936\">Para los amantes del mar que quieran descubrir m\u00e1s maravillas de Apulia, tambi\u00e9n recomendamos:<\/p>\n<ul data-start=\"1938\" data-end=\"2203\">\n<li data-start=\"1938\" data-end=\"2068\">\n<p data-start=\"1940\" data-end=\"2068\" class=\" translation-block\"><a href=\"https:\/\/pugliamare.it\/esperienze\/escursione-in-sup-delle-grotte-di-polignano-a-mare\/\" target=\"_self\"><strong data-start=\"1940\" data-end=\"1987\">Tour en SUP<\/strong><\/a> \u2013 Una forma \u00fanica y activa de explorar la costa de Polignano.<\/p>\n<\/li>\n<li data-start=\"2069\" data-end=\"2203\">\n<p data-start=\"2071\" data-end=\"2203\" class=\" translation-block\"><a href=\"https:\/\/pugliamare.it\/esperienze\/tour-in-barca-tra-i-delfini-taranto\/\" target=\"_self\"><strong data-start=\"2071\" data-end=\"2128\">Excursi\u00f3n en barco en Taranto entre delfines<\/strong><\/a> \u2013 Una experiencia inmersiva entre fondos cristalinos y paisajes impresionantes.<\/p>\n<\/li>\n<\/ul>\n<h3 data-start=\"2210\" data-end=\"2283\"><strong>Reserva ahora tu tour en catamar\u00e1n a las cuevas de Polignano a Mare<\/strong><\/h3>\n<p data-start=\"2285\" data-end=\"2608\">No pierdas la oportunidad de vivir una experiencia exclusiva en el mar Adri\u00e1tico, rodeado de las maravillas naturales de la costa de Apulia. Cont\u00e1ctanos para m\u00e1s informaci\u00f3n o reserva tu lugar ahora en nuestro tour en catamar\u00e1n a las cuevas de Polignano a Mare. \u00a1Te esperamos para hacerte vivir emociones \u00fanicas e inolvidables!<\/p>","protected":false},"excerpt":{"rendered":"<p class=\" translation-block\">Descubre el encanto \u00fanico de las cuevas marinas de <strong>Polignano a Mare<\/strong> con nuestro exclusivo tour en catamar\u00e1n. Navega por la costa de Apulia entre acantilados escarpados y aguas cristalinas, explorando cuevas escondidas y calas secretas. Vive una experiencia privada, relajante e inolvidable, con comodidad y vistas impresionantes.<\/p>","protected":false},"featured_media":9214,"template":"","meta":{"_acf_changed":false,"inline_featured_image":false},"product_cat":[296],"product_tag":[290],"acf":[],"yoast_head":"<!-- This site is optimized with the Yoast SEO Premium plugin v22.8 (Yoast SEO v22.8) - https:\/\/yoast.com\/wordpress\/plugins\/seo\/ -->\n<title>Tour in catamarano alle grotte di Polignano a Mare | Pugliamare<\/title>\n<meta name=\"description\" content=\"Vivi un tour in catamarano privato alle grotte di Polignano a Mare. Relax, natura e acque cristalline tra le meraviglie della costa pugliese. Prenota ora!\" \/>\n<meta name=\"robots\" content=\"index, follow, max-snippet:-1, max-image-preview:large, max-video-preview:-1\" \/>\n<link rel=\"canonical\" href=\"https:\/\/pugliamare.it\/es\/esperienze\/tour-in-catamarano-alle-grotte-di-polignano-a-mare\/\" \/>\n<meta property=\"og:locale\" content=\"es_ES\" \/>\n<meta property=\"og:type\" content=\"article\" \/>\n<meta property=\"og:title\" content=\"Tour in catamarano alle grotte di Polignano a Mare \u2013 Escursione privata\" \/>\n<meta property=\"og:description\" content=\"Vivi un tour in catamarano privato alle grotte di Polignano a Mare. Relax, natura e acque cristalline tra le meraviglie della costa pugliese. Prenota ora!\" \/>\n<meta property=\"og:url\" content=\"https:\/\/pugliamare.it\/es\/esperienze\/tour-in-catamarano-alle-grotte-di-polignano-a-mare\/\" \/>\n<meta property=\"og:site_name\" content=\"Pugliamare\" \/>\n<meta property=\"article:publisher\" content=\"https:\/\/www.facebook.com\/pugliamarexperience\" \/>\n<meta property=\"article:modified_time\" content=\"2025-10-28T15:03:52+00:00\" \/>\n<meta property=\"og:image\" content=\"https:\/\/pugliamare.it\/wp-content\/uploads\/2021\/08\/catamarano-a-vela-8.jpeg\" \/>\n\t<meta property=\"og:image:width\" content=\"2000\" \/>\n\t<meta property=\"og:image:height\" content=\"1125\" \/>\n\t<meta property=\"og:image:type\" content=\"image\/jpeg\" \/>\n<meta name=\"twitter:card\" content=\"summary_large_image\" \/>\n<script type=\"application\/ld+json\" class=\"yoast-schema-graph\">{\"@context\":\"https:\/\/schema.org\",\"@graph\":[{\"@type\":\"WebPage\",\"@id\":\"https:\/\/pugliamare.it\/esperienze\/tour-in-catamarano-alle-grotte-di-polignano-a-mare\/\",\"url\":\"https:\/\/pugliamare.it\/esperienze\/tour-in-catamarano-alle-grotte-di-polignano-a-mare\/\",\"name\":\"Tour in catamarano alle grotte di Polignano a Mare | Pugliamare\",\"isPartOf\":{\"@id\":\"https:\/\/pugliamare.it\/en\/#website\"},\"primaryImageOfPage\":{\"@id\":\"https:\/\/pugliamare.it\/esperienze\/tour-in-catamarano-alle-grotte-di-polignano-a-mare\/#primaryimage\"},\"image\":{\"@id\":\"https:\/\/pugliamare.it\/esperienze\/tour-in-catamarano-alle-grotte-di-polignano-a-mare\/#primaryimage\"},\"thumbnailUrl\":\"https:\/\/pugliamare.it\/wp-content\/uploads\/2021\/08\/catamarano-a-vela-8.jpeg\",\"datePublished\":\"2024-03-24T17:49:59+00:00\",\"dateModified\":\"2025-10-28T15:03:52+00:00\",\"description\":\"Vivi un tour in catamarano privato alle grotte di Polignano a Mare. Relax, natura e acque cristalline tra le meraviglie della costa pugliese. Prenota ora!\",\"breadcrumb\":{\"@id\":\"https:\/\/pugliamare.it\/esperienze\/tour-in-catamarano-alle-grotte-di-polignano-a-mare\/#breadcrumb\"},\"inLanguage\":\"es\",\"potentialAction\":[{\"@type\":\"ReadAction\",\"target\":[\"https:\/\/pugliamare.it\/esperienze\/tour-in-catamarano-alle-grotte-di-polignano-a-mare\/\"]}]},{\"@type\":\"ImageObject\",\"inLanguage\":\"es\",\"@id\":\"https:\/\/pugliamare.it\/esperienze\/tour-in-catamarano-alle-grotte-di-polignano-a-mare\/#primaryimage\",\"url\":\"https:\/\/pugliamare.it\/wp-content\/uploads\/2021\/08\/catamarano-a-vela-8.jpeg\",\"contentUrl\":\"https:\/\/pugliamare.it\/wp-content\/uploads\/2021\/08\/catamarano-a-vela-8.jpeg\",\"width\":2000,\"height\":1125,\"caption\":\"Il nostro catamarano sotto la scogliera di Polignano a Mare\"},{\"@type\":\"BreadcrumbList\",\"@id\":\"https:\/\/pugliamare.it\/esperienze\/tour-in-catamarano-alle-grotte-di-polignano-a-mare\/#breadcrumb\",\"itemListElement\":[{\"@type\":\"ListItem\",\"position\":1,\"name\":\"Home\",\"item\":\"https:\/\/pugliamare.it\/\"},{\"@type\":\"ListItem\",\"position\":2,\"name\":\"Tour in catamarano alle grotte di Polignano a Mare \u2013 Escursione privata\"}]},{\"@type\":\"WebSite\",\"@id\":\"https:\/\/pugliamare.it\/en\/#website\",\"url\":\"https:\/\/pugliamare.it\/en\/\",\"name\":\"Pugliamare\",\"description\":\"Esperienze, Soggiorni e Tour personalizzati in Puglia\",\"publisher\":{\"@id\":\"https:\/\/pugliamare.it\/en\/#organization\"},\"potentialAction\":[{\"@type\":\"SearchAction\",\"target\":{\"@type\":\"EntryPoint\",\"urlTemplate\":\"https:\/\/pugliamare.it\/en\/?s={search_term_string}\"},\"query-input\":\"required name=search_term_string\"}],\"inLanguage\":\"es\"},{\"@type\":\"Organization\",\"@id\":\"https:\/\/pugliamare.it\/en\/#organization\",\"name\":\"Pugliamare srl\",\"url\":\"https:\/\/pugliamare.it\/en\/\",\"logo\":{\"@type\":\"ImageObject\",\"inLanguage\":\"es\",\"@id\":\"https:\/\/pugliamare.it\/en\/#\/schema\/logo\/image\/\",\"url\":\"https:\/\/pugliamare.it\/wp-content\/uploads\/2021\/04\/cropped-cropped-Risorsa-2.png\",\"contentUrl\":\"https:\/\/pugliamare.it\/wp-content\/uploads\/2021\/04\/cropped-cropped-Risorsa-2.png\",\"width\":374,\"height\":117,\"caption\":\"Pugliamare srl\"},\"image\":{\"@id\":\"https:\/\/pugliamare.it\/en\/#\/schema\/logo\/image\/\"},\"sameAs\":[\"https:\/\/www.facebook.com\/pugliamarexperience\",\"https:\/\/www.instagram.com\/pugliamare\/\"]}]}<\/script>\n<!-- \/ Yoast SEO Premium plugin. -->","yoast_head_json":{"title":"Tour in catamarano alle grotte di Polignano a Mare | Pugliamare","description":"Vivi un tour in catamarano privato alle grotte di Polignano a Mare. Relax, natura e acque cristalline tra le meraviglie della costa pugliese. Prenota ora!","robots":{"index":"index","follow":"follow","max-snippet":"max-snippet:-1","max-image-preview":"max-image-preview:large","max-video-preview":"max-video-preview:-1"},"canonical":"https:\/\/pugliamare.it\/es\/esperienze\/tour-in-catamarano-alle-grotte-di-polignano-a-mare\/","og_locale":"es_ES","og_type":"article","og_title":"Tour in catamarano alle grotte di Polignano a Mare \u2013 Escursione privata","og_description":"Vivi un tour in catamarano privato alle grotte di Polignano a Mare. Relax, natura e acque cristalline tra le meraviglie della costa pugliese. Prenota ora!","og_url":"https:\/\/pugliamare.it\/es\/esperienze\/tour-in-catamarano-alle-grotte-di-polignano-a-mare\/","og_site_name":"Pugliamare","article_publisher":"https:\/\/www.facebook.com\/pugliamarexperience","article_modified_time":"2025-10-28T15:03:52+00:00","og_image":[{"width":2000,"height":1125,"url":"https:\/\/pugliamare.it\/wp-content\/uploads\/2021\/08\/catamarano-a-vela-8.jpeg","type":"image\/jpeg"}],"twitter_card":"summary_large_image","schema":{"@context":"https:\/\/schema.org","@graph":[{"@type":"WebPage","@id":"https:\/\/pugliamare.it\/esperienze\/tour-in-catamarano-alle-grotte-di-polignano-a-mare\/","url":"https:\/\/pugliamare.it\/esperienze\/tour-in-catamarano-alle-grotte-di-polignano-a-mare\/","name":"Tour in catamarano alle grotte di Polignano a Mare | Pugliamare","isPartOf":{"@id":"https:\/\/pugliamare.it\/en\/#website"},"primaryImageOfPage":{"@id":"https:\/\/pugliamare.it\/esperienze\/tour-in-catamarano-alle-grotte-di-polignano-a-mare\/#primaryimage"},"image":{"@id":"https:\/\/pugliamare.it\/esperienze\/tour-in-catamarano-alle-grotte-di-polignano-a-mare\/#primaryimage"},"thumbnailUrl":"https:\/\/pugliamare.it\/wp-content\/uploads\/2021\/08\/catamarano-a-vela-8.jpeg","datePublished":"2024-03-24T17:49:59+00:00","dateModified":"2025-10-28T15:03:52+00:00","description":"Vivi un tour in catamarano privato alle grotte di Polignano a Mare. Relax, natura e acque cristalline tra le meraviglie della costa pugliese. Prenota ora!","breadcrumb":{"@id":"https:\/\/pugliamare.it\/esperienze\/tour-in-catamarano-alle-grotte-di-polignano-a-mare\/#breadcrumb"},"inLanguage":"es","potentialAction":[{"@type":"ReadAction","target":["https:\/\/pugliamare.it\/esperienze\/tour-in-catamarano-alle-grotte-di-polignano-a-mare\/"]}]},{"@type":"ImageObject","inLanguage":"es","@id":"https:\/\/pugliamare.it\/esperienze\/tour-in-catamarano-alle-grotte-di-polignano-a-mare\/#primaryimage","url":"https:\/\/pugliamare.it\/wp-content\/uploads\/2021\/08\/catamarano-a-vela-8.jpeg","contentUrl":"https:\/\/pugliamare.it\/wp-content\/uploads\/2021\/08\/catamarano-a-vela-8.jpeg","width":2000,"height":1125,"caption":"Il nostro catamarano sotto la scogliera di Polignano a Mare"},{"@type":"BreadcrumbList","@id":"https:\/\/pugliamare.it\/esperienze\/tour-in-catamarano-alle-grotte-di-polignano-a-mare\/#breadcrumb","itemListElement":[{"@type":"ListItem","position":1,"name":"Home","item":"https:\/\/pugliamare.it\/"},{"@type":"ListItem","position":2,"name":"Tour in catamarano alle grotte di Polignano a Mare \u2013 Escursione privata"}]},{"@type":"WebSite","@id":"https:\/\/pugliamare.it\/en\/#website","url":"https:\/\/pugliamare.it\/en\/","name":"Pugliamare","description":"Esperienze, Soggiorni e Tour personalizzati in Puglia","publisher":{"@id":"https:\/\/pugliamare.it\/en\/#organization"},"potentialAction":[{"@type":"SearchAction","target":{"@type":"EntryPoint","urlTemplate":"https:\/\/pugliamare.it\/en\/?s={search_term_string}"},"query-input":"required name=search_term_string"}],"inLanguage":"es"},{"@type":"Organization","@id":"https:\/\/pugliamare.it\/en\/#organization","name":"Pugliamare srl","url":"https:\/\/pugliamare.it\/en\/","logo":{"@type":"ImageObject","inLanguage":"es","@id":"https:\/\/pugliamare.it\/en\/#\/schema\/logo\/image\/","url":"https:\/\/pugliamare.it\/wp-content\/uploads\/2021\/04\/cropped-cropped-Risorsa-2.png","contentUrl":"https:\/\/pugliamare.it\/wp-content\/uploads\/2021\/04\/cropped-cropped-Risorsa-2.png","width":374,"height":117,"caption":"Pugliamare srl"},"image":{"@id":"https:\/\/pugliamare.it\/en\/#\/schema\/logo\/image\/"},"sameAs":["https:\/\/www.facebook.com\/pugliamarexperience","https:\/\/www.instagram.com\/pugliamare\/"]}]}},"_links":{"self":[{"href":"https:\/\/pugliamare.it\/es\/wp-json\/wp\/v2\/product\/20624"}],"collection":[{"href":"https:\/\/pugliamare.it\/es\/wp-json\/wp\/v2\/product"}],"about":[{"href":"https:\/\/pugliamare.it\/es\/wp-json\/wp\/v2\/types\/product"}],"version-history":[{"count":15,"href":"https:\/\/pugliamare.it\/es\/wp-json\/wp\/v2\/product\/20624\/revisions"}],"predecessor-version":[{"id":34331,"href":"https:\/\/pugliamare.it\/es\/wp-json\/wp\/v2\/product\/20624\/revisions\/34331"}],"wp:featuredmedia":[{"embeddable":true,"href":"https:\/\/pugliamare.it\/es\/wp-json\/wp\/v2\/media\/9214"}],"wp:attachment":[{"href":"https:\/\/pugliamare.it\/es\/wp-json\/wp\/v2\/media?parent=20624"}],"wp:term":[{"taxonomy":"product_cat","embeddable":true,"href":"https:\/\/pugliamare.it\/es\/wp-json\/wp\/v2\/product_cat?post=20624"},{"taxonomy":"product_tag","embeddable":true,"href":"https:\/\/pugliamare.it\/es\/wp-json\/wp\/v2\/product_tag?post=20624"}],"curies":[{"name":"wp","href":"https:\/\/api.w.org\/{rel}","templated":true}]}}