{"id":20627,"date":"2024-03-24T18:50:02","date_gmt":"2024-03-24T17:50:02","guid":{"rendered":"https:\/\/staging.pugliamare.it\/esperienze\/visita-guidata-di-alberobello-con-partenza-da-polignano-a-mare\/"},"modified":"2026-04-10T17:40:28","modified_gmt":"2026-04-10T15:40:28","slug":"visita-guidata-di-alberobello-con-partenza-da-polignano-a-mare","status":"publish","type":"product","link":"https:\/\/pugliamare.it\/es\/esperienze\/visita-guidata-di-alberobello-con-partenza-da-polignano-a-mare\/","title":{"rendered":"Visita guiada de Alberobello con salida desde Polignano a Mare \u2013 Tour de medio d\u00eda"},"content":{"rendered":"<h1 data-start=\"778\" data-end=\"836\"><strong>Alberobello, entre historia y maravilla arquitect\u00f3nica<\/strong><\/h1>\n<p data-start=\"837\" data-end=\"1149\">Alberobello es uno de los lugares m\u00e1s ic\u00f3nicos del sur de Italia, reconocido internacionalmente por sus caracter\u00edsticas casas de piedra con forma c\u00f3nica: los trulli. Caminar entre estas construcciones de cuento de hadas significa hacer un salto en el tiempo, en un pueblo que ha sabido conservar intacto su encanto secular.<\/p>\n<h3 data-start=\"1151\" data-end=\"1200\"><strong>Un tour guiado entre los trulli m\u00e1s aut\u00e9nticos<\/strong><\/h3>\n<p data-start=\"1201\" data-end=\"1601\" class=\" translation-block\">Con nuestra visita guiada de Alberobello, partir\u00e1s desde Polignano a Mare a primeras horas de la tarde. Tras un agradable recorrido panor\u00e1mico por el campo de Apulia, llegar\u00e1s a Alberobello, donde comenzar\u00e1 la exploraci\u00f3n del centro hist\u00f3rico. El gu\u00eda local te acompa\u00f1ar\u00e1 por los barrios m\u00e1s pintorescos \u2014 como <strong data-start=\"1491\" data-end=\"1506\">Aia Piccola<\/strong> y <strong data-start=\"1509\" data-end=\"1524\">Rione Monti<\/strong> \u2014 cont\u00e1ndote curiosidades, an\u00e9cdotas hist\u00f3ricas y particularidades arquitect\u00f3nicas.<\/p>\n<p data-start=\"1603\" data-end=\"1789\">Tambi\u00e9n tendr\u00e1s tiempo libre para explorar el pueblo a tu ritmo, comprar en las peque\u00f1as tiendas artesanales o simplemente dejarte encantar por la belleza atemporal de los trulli.<\/p>\n<h3 data-start=\"1791\" data-end=\"1816\"><strong>\u23f0 Programa del tour<\/strong><\/h3>\n<ul data-start=\"1817\" data-end=\"2031\">\n<li data-start=\"1817\" data-end=\"1887\">\n<p data-start=\"1819\" data-end=\"1887\"><strong data-start=\"1819\" data-end=\"1828\">14:30<\/strong> \u2013 Encuentro en Polignano a Mare y salida hacia Alberobello<\/p>\n<\/li>\n<li data-start=\"1888\" data-end=\"1963\">\n<p data-start=\"1890\" data-end=\"1963\"><strong data-start=\"1890\" data-end=\"1899\">15:30<\/strong> \u2013 Inicio de la visita guiada entre los trulli y tiempo libre despu\u00e9s<\/p>\n<\/li>\n<li data-start=\"1964\" data-end=\"2003\">\n<p data-start=\"1966\" data-end=\"2003\"><strong data-start=\"1966\" data-end=\"1975\">17:00<\/strong> \u2013 Regreso a Polignano<\/p>\n<\/li>\n<li data-start=\"2004\" data-end=\"2031\">\n<p data-start=\"2006\" data-end=\"2031\"><strong data-start=\"2006\" data-end=\"2015\">17:30<\/strong> \u2013 Fin del tour<\/p>\n<\/li>\n<\/ul>\n<h3 data-start=\"2033\" data-end=\"2051\"><strong>\u2139\ufe0f Informaci\u00f3n \u00fatil<\/strong><\/h3>\n<ul data-start=\"2052\" data-end=\"2243\">\n<li data-start=\"2052\" data-end=\"2079\">\n<p data-start=\"2054\" data-end=\"2079\" class=\" translation-block\"><strong>Duraci\u00f3n:<\/strong> unas 3 horas<\/p>\n<\/li>\n<li data-start=\"2080\" data-end=\"2117\">\n<p data-start=\"2082\" data-end=\"2117\"><strong data-start=\"2082\" data-end=\"2112\">N\u00famero m\u00ednimo de participantes<\/strong>: 2<\/p>\n<\/li>\n<li data-start=\"2118\" data-end=\"2151\">\n<p data-start=\"2120\" data-end=\"2151\"><strong data-start=\"2120\" data-end=\"2149\">Gu\u00eda tur\u00edstica autorizada<\/strong><\/p>\n<\/li>\n<li data-start=\"2152\" data-end=\"2205\">\n<p data-start=\"2154\" data-end=\"2205\" class=\" translation-block\"><strong data-start=\"2154\" data-end=\"2180\">Cancelaci\u00f3n gratuita<\/strong> hasta 14 d\u00edas antes<\/p>\n<\/li>\n<li data-start=\"2206\" data-end=\"2243\">\n<p data-start=\"2208\" data-end=\"2243\">Despu\u00e9s de este plazo: 100% de penalizaci\u00f3n<\/p>\n<\/li>\n<\/ul>\n<h3 data-start=\"2250\" data-end=\"2290\"><strong>\ud83c\udf3f Vive la autenticidad de Apulia<\/strong><\/h3>\n<p data-start=\"2291\" data-end=\"2609\">Esta visita guiada de Alberobello est\u00e1 pensada para quienes desean descubrir las ra\u00edces aut\u00e9nticas de Apulia, entre paisajes rurales, arquitectura \u00fanica y una narraci\u00f3n envolvente. Es la experiencia ideal para combinar con unas vacaciones en la playa, especialmente en los d\u00edas de viento, cuando explorar el interior se convierte en una alternativa perfecta.<\/p>\n<h3 data-start=\"2938\" data-end=\"2965\"><strong>\ud83c\udf1f Experiencias relacionadas<\/strong><\/h3>\n<p data-start=\"2967\" data-end=\"3069\">Descubre otras experiencias de Pugliamare que te llevar\u00e1n a descubrir la Apulia m\u00e1s aut\u00e9ntica:<\/p>\n<ul data-start=\"3071\" data-end=\"3410\">\n<li data-start=\"3071\" data-end=\"3164\">\n<p data-start=\"3073\" data-end=\"3164\" class=\" translation-block\"><a href=\"https:\/\/pugliamare.it\/esperienze\/tour-unesco-matera-e-alberobello-da-bari\/\" target=\"_self\"><strong data-start=\"3073\" data-end=\"3110\">Tour Unesco: Matera y Alberobello<\/strong><\/a> \u2013 Un viaje entre dos tesoros Patrimonio de la Humanidad<\/p>\n<\/li>\n<li data-start=\"3071\" data-end=\"3164\">\n<p data-start=\"3073\" data-end=\"3164\" class=\" translation-block\"><a href=\"https:\/\/pugliamare.it\/esperienze\/tour-in-barca-delle-grotte-di-polignano-a-mare\/\" target=\"_self\"><strong data-start=\"448\" data-end=\"484\">Excursi\u00f3n en barco en Polignano a Mare<\/strong><\/a> \u2013 Explora cuevas marinas y calas inaccesibles desde tierra<\/p>\n<\/li>\n<li data-start=\"3071\" data-end=\"3164\">\n<p data-start=\"3073\" data-end=\"3164\" class=\" translation-block\"><a href=\"https:\/\/pugliamare.it\/tipologia\/vespa-tours\/\" target=\"_self\"><strong data-start=\"521\" data-end=\"557\">Tour en Vespa por los pueblos de Apulia<\/strong><\/a> \u2013 Vive una aventura aut\u00e9ntica montando una Vespa entre campos, olivares y centros hist\u00f3ricos<\/p>\n<\/li>\n<\/ul>\n<h3 data-start=\"3073\" data-end=\"3164\"><strong>Reserva ahora el tour de Alberobello<\/strong><\/h3>\n<p data-start=\"2975\" data-end=\"3266\" class=\" translation-block\">No pierdas la oportunidad de visitar Alberobello con la comodidad de un tour guiado desde Polignano a Mare. Selecciona la fecha que prefieras directamente desde el cuadro de reservas o <a href=\"https:\/\/api.whatsapp.com\/send?phone=393668959532\" target=\"_self\">cont\u00e1ctanos<\/a> para m\u00e1s informaci\u00f3n. \u00a1Te esperamos para mostrarte uno de los lugares m\u00e1s fascinantes de Apulia!<\/p>","protected":false},"excerpt":{"rendered":"<p class=\" translation-block\">Parte desde Polignano a Mare para una excursi\u00f3n que te llevar\u00e1 al coraz\u00f3n de <strong>Alberobello<\/strong>, uno de los \u201cPueblos m\u00e1s Bonitos de Italia\u201d y Patrimonio de la Humanidad por la UNESCO. Acompa\u00f1ado por un gu\u00eda experto, caminar\u00e1s por los barrios hist\u00f3ricos para descubrir los or\u00edgenes de los trulli, las tradiciones locales y los secretos de un pueblo \u00fanico en el mundo. Una experiencia aut\u00e9ntica entre historia, arquitectura y los paisajes sugerentes del Valle de Itria.<\/p>\n<p>&nbsp;<\/p>","protected":false},"featured_media":11127,"template":"","meta":{"_acf_changed":false,"inline_featured_image":false},"product_cat":[292,364],"product_tag":[290],"acf":[],"yoast_head":"<!-- This site is optimized with the Yoast SEO Premium plugin v22.8 (Yoast SEO v22.8) - https:\/\/yoast.com\/wordpress\/plugins\/seo\/ -->\n<title>Visita guidata di Alberobello con partenza da Polignano a Mare | Pugliamare<\/title>\n<meta name=\"description\" content=\"Scopri Alberobello patrimonio UNESCO con un tour guidato da Polignano a Mare. Vivi i trulli, la storia e le tradizioni pugliesi in un\u2019esperienza unica.\" \/>\n<meta name=\"robots\" content=\"index, follow, max-snippet:-1, max-image-preview:large, max-video-preview:-1\" \/>\n<link rel=\"canonical\" href=\"https:\/\/pugliamare.it\/es\/esperienze\/visita-guidata-di-alberobello-con-partenza-da-polignano-a-mare\/\" \/>\n<meta property=\"og:locale\" content=\"es_ES\" \/>\n<meta property=\"og:type\" content=\"article\" \/>\n<meta property=\"og:title\" content=\"Visita guidata di Alberobello con partenza da Polignano a Mare - Tour di mezza giornata\" \/>\n<meta property=\"og:description\" content=\"Scopri Alberobello patrimonio UNESCO con un tour guidato da Polignano a Mare. Vivi i trulli, la storia e le tradizioni pugliesi in un\u2019esperienza unica.\" \/>\n<meta property=\"og:url\" content=\"https:\/\/pugliamare.it\/es\/esperienze\/visita-guidata-di-alberobello-con-partenza-da-polignano-a-mare\/\" \/>\n<meta property=\"og:site_name\" content=\"Pugliamare\" \/>\n<meta property=\"article:publisher\" content=\"https:\/\/www.facebook.com\/pugliamarexperience\" \/>\n<meta property=\"article:modified_time\" content=\"2026-04-10T15:40:28+00:00\" \/>\n<meta property=\"og:image\" content=\"https:\/\/pugliamare.it\/wp-content\/uploads\/2022\/01\/Alberobello-scaled-1.jpeg\" \/>\n\t<meta property=\"og:image:width\" content=\"2560\" \/>\n\t<meta property=\"og:image:height\" content=\"1099\" \/>\n\t<meta property=\"og:image:type\" content=\"image\/jpeg\" \/>\n<meta name=\"twitter:card\" content=\"summary_large_image\" \/>\n<script type=\"application\/ld+json\" class=\"yoast-schema-graph\">{\"@context\":\"https:\/\/schema.org\",\"@graph\":[{\"@type\":\"WebPage\",\"@id\":\"https:\/\/pugliamare.it\/esperienze\/visita-guidata-di-alberobello-con-partenza-da-polignano-a-mare\/\",\"url\":\"https:\/\/pugliamare.it\/esperienze\/visita-guidata-di-alberobello-con-partenza-da-polignano-a-mare\/\",\"name\":\"Visita guidata di Alberobello con partenza da Polignano a Mare | Pugliamare\",\"isPartOf\":{\"@id\":\"https:\/\/pugliamare.it\/en\/#website\"},\"primaryImageOfPage\":{\"@id\":\"https:\/\/pugliamare.it\/esperienze\/visita-guidata-di-alberobello-con-partenza-da-polignano-a-mare\/#primaryimage\"},\"image\":{\"@id\":\"https:\/\/pugliamare.it\/esperienze\/visita-guidata-di-alberobello-con-partenza-da-polignano-a-mare\/#primaryimage\"},\"thumbnailUrl\":\"https:\/\/pugliamare.it\/wp-content\/uploads\/2022\/01\/Alberobello-scaled-1.jpeg\",\"datePublished\":\"2024-03-24T17:50:02+00:00\",\"dateModified\":\"2026-04-10T15:40:28+00:00\",\"description\":\"Scopri Alberobello patrimonio UNESCO con un tour guidato da Polignano a Mare. Vivi i trulli, la storia e le tradizioni pugliesi in un\u2019esperienza unica.\",\"breadcrumb\":{\"@id\":\"https:\/\/pugliamare.it\/esperienze\/visita-guidata-di-alberobello-con-partenza-da-polignano-a-mare\/#breadcrumb\"},\"inLanguage\":\"es\",\"potentialAction\":[{\"@type\":\"ReadAction\",\"target\":[\"https:\/\/pugliamare.it\/esperienze\/visita-guidata-di-alberobello-con-partenza-da-polignano-a-mare\/\"]}]},{\"@type\":\"ImageObject\",\"inLanguage\":\"es\",\"@id\":\"https:\/\/pugliamare.it\/esperienze\/visita-guidata-di-alberobello-con-partenza-da-polignano-a-mare\/#primaryimage\",\"url\":\"https:\/\/pugliamare.it\/wp-content\/uploads\/2022\/01\/Alberobello-scaled-1.jpeg\",\"contentUrl\":\"https:\/\/pugliamare.it\/wp-content\/uploads\/2022\/01\/Alberobello-scaled-1.jpeg\",\"width\":2560,\"height\":1099,\"caption\":\"Trulli di Alberobello\"},{\"@type\":\"BreadcrumbList\",\"@id\":\"https:\/\/pugliamare.it\/esperienze\/visita-guidata-di-alberobello-con-partenza-da-polignano-a-mare\/#breadcrumb\",\"itemListElement\":[{\"@type\":\"ListItem\",\"position\":1,\"name\":\"Home\",\"item\":\"https:\/\/pugliamare.it\/\"},{\"@type\":\"ListItem\",\"position\":2,\"name\":\"Visita guidata di Alberobello con partenza da Polignano a Mare &#8211; Tour di mezza giornata\"}]},{\"@type\":\"WebSite\",\"@id\":\"https:\/\/pugliamare.it\/en\/#website\",\"url\":\"https:\/\/pugliamare.it\/en\/\",\"name\":\"Pugliamare\",\"description\":\"Esperienze, Soggiorni e Tour personalizzati in Puglia\",\"publisher\":{\"@id\":\"https:\/\/pugliamare.it\/en\/#organization\"},\"potentialAction\":[{\"@type\":\"SearchAction\",\"target\":{\"@type\":\"EntryPoint\",\"urlTemplate\":\"https:\/\/pugliamare.it\/en\/?s={search_term_string}\"},\"query-input\":\"required name=search_term_string\"}],\"inLanguage\":\"es\"},{\"@type\":\"Organization\",\"@id\":\"https:\/\/pugliamare.it\/en\/#organization\",\"name\":\"Pugliamare srl\",\"url\":\"https:\/\/pugliamare.it\/en\/\",\"logo\":{\"@type\":\"ImageObject\",\"inLanguage\":\"es\",\"@id\":\"https:\/\/pugliamare.it\/en\/#\/schema\/logo\/image\/\",\"url\":\"https:\/\/pugliamare.it\/wp-content\/uploads\/2021\/04\/cropped-cropped-Risorsa-2.png\",\"contentUrl\":\"https:\/\/pugliamare.it\/wp-content\/uploads\/2021\/04\/cropped-cropped-Risorsa-2.png\",\"width\":374,\"height\":117,\"caption\":\"Pugliamare srl\"},\"image\":{\"@id\":\"https:\/\/pugliamare.it\/en\/#\/schema\/logo\/image\/\"},\"sameAs\":[\"https:\/\/www.facebook.com\/pugliamarexperience\",\"https:\/\/www.instagram.com\/pugliamare\/\"]}]}<\/script>\n<!-- \/ Yoast SEO Premium plugin. -->","yoast_head_json":{"title":"Visita guidata di Alberobello con partenza da Polignano a Mare | Pugliamare","description":"Scopri Alberobello patrimonio UNESCO con un tour guidato da Polignano a Mare. Vivi i trulli, la storia e le tradizioni pugliesi in un\u2019esperienza unica.","robots":{"index":"index","follow":"follow","max-snippet":"max-snippet:-1","max-image-preview":"max-image-preview:large","max-video-preview":"max-video-preview:-1"},"canonical":"https:\/\/pugliamare.it\/es\/esperienze\/visita-guidata-di-alberobello-con-partenza-da-polignano-a-mare\/","og_locale":"es_ES","og_type":"article","og_title":"Visita guidata di Alberobello con partenza da Polignano a Mare - Tour di mezza giornata","og_description":"Scopri Alberobello patrimonio UNESCO con un tour guidato da Polignano a Mare. Vivi i trulli, la storia e le tradizioni pugliesi in un\u2019esperienza unica.","og_url":"https:\/\/pugliamare.it\/es\/esperienze\/visita-guidata-di-alberobello-con-partenza-da-polignano-a-mare\/","og_site_name":"Pugliamare","article_publisher":"https:\/\/www.facebook.com\/pugliamarexperience","article_modified_time":"2026-04-10T15:40:28+00:00","og_image":[{"width":2560,"height":1099,"url":"https:\/\/pugliamare.it\/wp-content\/uploads\/2022\/01\/Alberobello-scaled-1.jpeg","type":"image\/jpeg"}],"twitter_card":"summary_large_image","schema":{"@context":"https:\/\/schema.org","@graph":[{"@type":"WebPage","@id":"https:\/\/pugliamare.it\/esperienze\/visita-guidata-di-alberobello-con-partenza-da-polignano-a-mare\/","url":"https:\/\/pugliamare.it\/esperienze\/visita-guidata-di-alberobello-con-partenza-da-polignano-a-mare\/","name":"Visita guidata di Alberobello con partenza da Polignano a Mare | Pugliamare","isPartOf":{"@id":"https:\/\/pugliamare.it\/en\/#website"},"primaryImageOfPage":{"@id":"https:\/\/pugliamare.it\/esperienze\/visita-guidata-di-alberobello-con-partenza-da-polignano-a-mare\/#primaryimage"},"image":{"@id":"https:\/\/pugliamare.it\/esperienze\/visita-guidata-di-alberobello-con-partenza-da-polignano-a-mare\/#primaryimage"},"thumbnailUrl":"https:\/\/pugliamare.it\/wp-content\/uploads\/2022\/01\/Alberobello-scaled-1.jpeg","datePublished":"2024-03-24T17:50:02+00:00","dateModified":"2026-04-10T15:40:28+00:00","description":"Scopri Alberobello patrimonio UNESCO con un tour guidato da Polignano a Mare. Vivi i trulli, la storia e le tradizioni pugliesi in un\u2019esperienza unica.","breadcrumb":{"@id":"https:\/\/pugliamare.it\/esperienze\/visita-guidata-di-alberobello-con-partenza-da-polignano-a-mare\/#breadcrumb"},"inLanguage":"es","potentialAction":[{"@type":"ReadAction","target":["https:\/\/pugliamare.it\/esperienze\/visita-guidata-di-alberobello-con-partenza-da-polignano-a-mare\/"]}]},{"@type":"ImageObject","inLanguage":"es","@id":"https:\/\/pugliamare.it\/esperienze\/visita-guidata-di-alberobello-con-partenza-da-polignano-a-mare\/#primaryimage","url":"https:\/\/pugliamare.it\/wp-content\/uploads\/2022\/01\/Alberobello-scaled-1.jpeg","contentUrl":"https:\/\/pugliamare.it\/wp-content\/uploads\/2022\/01\/Alberobello-scaled-1.jpeg","width":2560,"height":1099,"caption":"Trulli di Alberobello"},{"@type":"BreadcrumbList","@id":"https:\/\/pugliamare.it\/esperienze\/visita-guidata-di-alberobello-con-partenza-da-polignano-a-mare\/#breadcrumb","itemListElement":[{"@type":"ListItem","position":1,"name":"Home","item":"https:\/\/pugliamare.it\/"},{"@type":"ListItem","position":2,"name":"Visita guidata di Alberobello con partenza da Polignano a Mare &#8211; Tour di mezza giornata"}]},{"@type":"WebSite","@id":"https:\/\/pugliamare.it\/en\/#website","url":"https:\/\/pugliamare.it\/en\/","name":"Pugliamare","description":"Esperienze, Soggiorni e Tour personalizzati in Puglia","publisher":{"@id":"https:\/\/pugliamare.it\/en\/#organization"},"potentialAction":[{"@type":"SearchAction","target":{"@type":"EntryPoint","urlTemplate":"https:\/\/pugliamare.it\/en\/?s={search_term_string}"},"query-input":"required name=search_term_string"}],"inLanguage":"es"},{"@type":"Organization","@id":"https:\/\/pugliamare.it\/en\/#organization","name":"Pugliamare srl","url":"https:\/\/pugliamare.it\/en\/","logo":{"@type":"ImageObject","inLanguage":"es","@id":"https:\/\/pugliamare.it\/en\/#\/schema\/logo\/image\/","url":"https:\/\/pugliamare.it\/wp-content\/uploads\/2021\/04\/cropped-cropped-Risorsa-2.png","contentUrl":"https:\/\/pugliamare.it\/wp-content\/uploads\/2021\/04\/cropped-cropped-Risorsa-2.png","width":374,"height":117,"caption":"Pugliamare srl"},"image":{"@id":"https:\/\/pugliamare.it\/en\/#\/schema\/logo\/image\/"},"sameAs":["https:\/\/www.facebook.com\/pugliamarexperience","https:\/\/www.instagram.com\/pugliamare\/"]}]}},"_links":{"self":[{"href":"https:\/\/pugliamare.it\/es\/wp-json\/wp\/v2\/product\/20627"}],"collection":[{"href":"https:\/\/pugliamare.it\/es\/wp-json\/wp\/v2\/product"}],"about":[{"href":"https:\/\/pugliamare.it\/es\/wp-json\/wp\/v2\/types\/product"}],"version-history":[{"count":16,"href":"https:\/\/pugliamare.it\/es\/wp-json\/wp\/v2\/product\/20627\/revisions"}],"predecessor-version":[{"id":34322,"href":"https:\/\/pugliamare.it\/es\/wp-json\/wp\/v2\/product\/20627\/revisions\/34322"}],"wp:featuredmedia":[{"embeddable":true,"href":"https:\/\/pugliamare.it\/es\/wp-json\/wp\/v2\/media\/11127"}],"wp:attachment":[{"href":"https:\/\/pugliamare.it\/es\/wp-json\/wp\/v2\/media?parent=20627"}],"wp:term":[{"taxonomy":"product_cat","embeddable":true,"href":"https:\/\/pugliamare.it\/es\/wp-json\/wp\/v2\/product_cat?post=20627"},{"taxonomy":"product_tag","embeddable":true,"href":"https:\/\/pugliamare.it\/es\/wp-json\/wp\/v2\/product_tag?post=20627"}],"curies":[{"name":"wp","href":"https:\/\/api.w.org\/{rel}","templated":true}]}}