{"id":20628,"date":"2024-03-24T18:50:05","date_gmt":"2024-03-24T17:50:05","guid":{"rendered":"https:\/\/staging.pugliamare.it\/esperienze\/tour-unesco-matera-e-alberobello-da-polignano-a-mare\/"},"modified":"2026-04-10T17:39:09","modified_gmt":"2026-04-10T15:39:09","slug":"tour-unesco-matera-e-alberobello-da-polignano-a-mare","status":"publish","type":"product","link":"https:\/\/pugliamare.it\/es\/esperienze\/tour-unesco-matera-e-alberobello-da-polignano-a-mare\/","title":{"rendered":"Tour UNESCO \u2013 Visita Guiada de Matera y Alberobello desde Polignano a Mare"},"content":{"rendered":"<h1 data-start=\"284\" data-end=\"355\"><strong>Descubre Matera y Alberobello \u2013 Tesoros de la UNESCO al alcance de la mano<\/strong><\/h1>\n<p data-start=\"356\" data-end=\"646\">Zarpa desde Polignano a Mare para un tour exclusivo que te llevar\u00e1 a explorar dos joyas culturales y naturales del sur de Italia: Matera y Alberobello. Dos sitios Patrimonio de la Humanidad por la UNESCO, famosos por su historia, arquitectura \u00fanica y tradiciones que encantan a visitantes de todo el mundo.<\/p>\n<h3 data-start=\"648\" data-end=\"686\"><strong>Matera \u2013 La Ciudad de las Piedras<\/strong><\/h3>\n<p data-start=\"687\" data-end=\"1039\">Camina entre los sugestivos Sassi de Matera, antiguas viviendas excavadas en la roca que cuentan historias milenarias. Admira los callejones, las iglesias rupestres y d\u00e9jate fascinar por la atm\u00f3sfera atemporal de esta Capital Europea de la Cultura 2019. Un gu\u00eda experto te acompa\u00f1ar\u00e1 para descubrir las curiosidades y leyendas de esta ciudad \u00fanica.<br \/>\nIncluso: <strong data-start=\"210\" data-end=\"256\">Biglietto d\u2019ingresso Casa Grotta di Matera<\/strong><\/p>\n<h3 data-start=\"1041\" data-end=\"1084\"><strong>Alberobello \u2013 La Magia de los Trulli<\/strong><\/h3>\n<p data-start=\"1085\" data-end=\"1382\">Despu\u00e9s de una pausa libre para el almuerzo, el tour contin\u00faa en Alberobello, con su encantador barrio de trulli, construcciones c\u00f3nicas de piedra que parecen sacadas de un cuento de hadas. Pasea por las callejuelas de Aia Piccola y Rione Monti, sumergi\u00e9ndote en la historia y las tradiciones de la Puglia m\u00e1s aut\u00e9ntica.<\/p>\n<h3 data-start=\"1384\" data-end=\"1413\"><strong>\u00a0Comodidad y Practicidad<\/strong><\/h3>\n<p data-start=\"1414\" data-end=\"1632\">El traslado se realiza en minib\u00fas o autob\u00fas climatizado con salida desde Polignano a Mare. Bajo petici\u00f3n, es posible organizar el recogida en hoteles o ciudades cercanas, para una experiencia a\u00fan m\u00e1s c\u00f3moda y personalizada.<\/p>\n<h3 data-start=\"1639\" data-end=\"1662\"><strong>Detalles del Tour<\/strong><\/h3>\n<ul data-start=\"1663\" data-end=\"1955\">\n<li data-start=\"1663\" data-end=\"1711\">\n<p data-start=\"1665\" data-end=\"1711\" class=\" translation-block\">\u23f0 <strong data-start=\"1667\" data-end=\"1678\">Duraci\u00f3n:<\/strong> D\u00eda completo (aproximadamente 10 horas)<\/p>\n<\/li>\n<li data-start=\"1712\" data-end=\"1749\">\n<p data-start=\"1714\" data-end=\"1749\" class=\" translation-block\">\ud83d\udccd <strong data-start=\"1717\" data-end=\"1730\">Salida:<\/strong> Polignano a Mare<\/p>\n<\/li>\n<li data-start=\"1750\" data-end=\"1839\">\n<p data-start=\"1752\" data-end=\"1839\" class=\" translation-block\">\u2705 <strong data-start=\"1754\" data-end=\"1766\">Incluido:<\/strong> Transporte en minib\u00fas o autob\u00fas, gu\u00eda experto, tour por Matera y Alberobello<\/p>\n<\/li>\n<li data-start=\"1840\" data-end=\"1906\">\n<p data-start=\"1842\" data-end=\"1906\" class=\" translation-block\">\ud83c\udf7d\ufe0f <strong data-start=\"1846\" data-end=\"1863\">Pausa para almorzar:<\/strong> Libre (para saborear la cocina local)<\/p>\n<\/li>\n<li data-start=\"1907\" data-end=\"1955\">\n<p data-start=\"1909\" data-end=\"1955\" class=\" translation-block\">\ud83d\udc65 <strong data-start=\"1912\" data-end=\"1943\">N\u00famero m\u00ednimo de participantes:<\/strong> 4 personas<\/p>\n<\/li>\n<\/ul>\n<h3 data-start=\"1962\" data-end=\"1996\"><strong>\ud83d\udcc5 Pol\u00edtica de cancelaci\u00f3n<\/strong><\/h3>\n<p data-start=\"1997\" data-end=\"2098\">\u2714\ufe0f Cancela hasta 14 d\u00edas antes para un reembolso completo.<br data-start=\"2056\" data-end=\"2059\" \/>\u274c No hay reembolso despu\u00e9s de este plazo.<\/p>\n<h3 data-start=\"2422\" data-end=\"2451\"><strong>\ud83c\udf1f Experiencias relacionadas<\/strong><\/h3>\n<p data-start=\"2452\" data-end=\"2621\" class=\" translation-block\">Descubre otras propuestas de nuestros <a href=\"https:\/\/pugliamare.it\/tipologia\/city-tours\/\" target=\"_self\"> <strong data-start=\"2474\" data-end=\"2498\">City Tours en Puglia<\/strong><\/a> para explorar los pueblos m\u00e1s bellos y las bellezas ocultas de la regi\u00f3n. \u00a1Vive experiencias aut\u00e9nticas y \u00fanicas con Pugliamare!<\/p>\n<h3 data-start=\"2105\" data-end=\"2168\"><strong>Reserva ya tu Tour Unesco Matera y Alberobello<\/strong><\/h3>\n<p data-start=\"2169\" data-end=\"2415\" class=\" translation-block\">No pierdas la oportunidad de vivir un d\u00eda inolvidable entre historia, cultura y paisajes \u00fanicos. <a href=\"https:\/\/api.whatsapp.com\/send?phone=393668959532\" target=\"_self\">Cont\u00e1ctanos<\/a> para m\u00e1s informaci\u00f3n o para reservar tu lugar en este tour exclusivo. \u00a1Vive lo mejor de Puglia y Basilicata con Pugliamare!<\/p>","protected":false},"excerpt":{"rendered":"<p class=\" translation-block\">Vive un d\u00eda emocionante descubriendo dos <strong>Patrimonios Mundiales de la UNESCO<\/strong>: <strong>Matera<\/strong>, la ciudad de los Sassi, Patrimonio Mundial y Capital Europea de la Cultura, y <strong>Alberobello<\/strong>, con sus ic\u00f3nicos trulli \u00fanicos en el mundo. Sal desde Polignano a Mare con traslado en minib\u00fas c\u00f3modo y gu\u00eda experta para un tour cultural inolvidable por Basilicata y Apulia.<\/p>","protected":false},"featured_media":35198,"template":"","meta":{"_acf_changed":false,"inline_featured_image":false},"product_cat":[292,364],"product_tag":[290],"acf":[],"yoast_head":"<!-- This site is optimized with the Yoast SEO Premium plugin v22.8 (Yoast SEO v22.8) - https:\/\/yoast.com\/wordpress\/plugins\/seo\/ -->\n<title>Tour Unesco Matera e Alberobello partenza da Polignano a Mare | Pugliamare<\/title>\n<meta name=\"description\" content=\"Tour Unesco da Polignano a Mare a Matera e Alberobello. Visita i Sassi e i trulli con guida esperta e trasferimento incluso. Prenota ora!\" \/>\n<meta name=\"robots\" content=\"index, follow, max-snippet:-1, max-image-preview:large, max-video-preview:-1\" \/>\n<link rel=\"canonical\" href=\"https:\/\/pugliamare.it\/es\/esperienze\/tour-unesco-matera-e-alberobello-da-polignano-a-mare\/\" \/>\n<meta property=\"og:locale\" content=\"es_ES\" \/>\n<meta property=\"og:type\" content=\"article\" \/>\n<meta property=\"og:title\" content=\"Tour Unesco - Visita Guidata di Matera e Alberobello da Polignano a Mare\" \/>\n<meta property=\"og:description\" content=\"Tour Unesco da Polignano a Mare a Matera e Alberobello. Visita i Sassi e i trulli con guida esperta e trasferimento incluso. Prenota ora!\" \/>\n<meta property=\"og:url\" content=\"https:\/\/pugliamare.it\/es\/esperienze\/tour-unesco-matera-e-alberobello-da-polignano-a-mare\/\" \/>\n<meta property=\"og:site_name\" content=\"Pugliamare\" \/>\n<meta property=\"article:publisher\" content=\"https:\/\/www.facebook.com\/pugliamarexperience\" \/>\n<meta property=\"article:modified_time\" content=\"2026-04-10T15:39:09+00:00\" \/>\n<meta property=\"og:image\" content=\"https:\/\/pugliamare.it\/wp-content\/uploads\/2024\/03\/2.png\" \/>\n\t<meta property=\"og:image:width\" content=\"1200\" \/>\n\t<meta property=\"og:image:height\" content=\"800\" \/>\n\t<meta property=\"og:image:type\" content=\"image\/png\" \/>\n<meta name=\"twitter:card\" content=\"summary_large_image\" \/>\n<script type=\"application\/ld+json\" class=\"yoast-schema-graph\">{\"@context\":\"https:\/\/schema.org\",\"@graph\":[{\"@type\":\"WebPage\",\"@id\":\"https:\/\/pugliamare.it\/esperienze\/tour-unesco-matera-e-alberobello-da-polignano-a-mare\/\",\"url\":\"https:\/\/pugliamare.it\/esperienze\/tour-unesco-matera-e-alberobello-da-polignano-a-mare\/\",\"name\":\"Tour Unesco Matera e Alberobello partenza da Polignano a Mare | Pugliamare\",\"isPartOf\":{\"@id\":\"https:\/\/pugliamare.it\/en\/#website\"},\"primaryImageOfPage\":{\"@id\":\"https:\/\/pugliamare.it\/esperienze\/tour-unesco-matera-e-alberobello-da-polignano-a-mare\/#primaryimage\"},\"image\":{\"@id\":\"https:\/\/pugliamare.it\/esperienze\/tour-unesco-matera-e-alberobello-da-polignano-a-mare\/#primaryimage\"},\"thumbnailUrl\":\"https:\/\/pugliamare.it\/wp-content\/uploads\/2024\/03\/2.png\",\"datePublished\":\"2024-03-24T17:50:05+00:00\",\"dateModified\":\"2026-04-10T15:39:09+00:00\",\"description\":\"Tour Unesco da Polignano a Mare a Matera e Alberobello. Visita i Sassi e i trulli con guida esperta e trasferimento incluso. Prenota ora!\",\"breadcrumb\":{\"@id\":\"https:\/\/pugliamare.it\/esperienze\/tour-unesco-matera-e-alberobello-da-polignano-a-mare\/#breadcrumb\"},\"inLanguage\":\"es\",\"potentialAction\":[{\"@type\":\"ReadAction\",\"target\":[\"https:\/\/pugliamare.it\/esperienze\/tour-unesco-matera-e-alberobello-da-polignano-a-mare\/\"]}]},{\"@type\":\"ImageObject\",\"inLanguage\":\"es\",\"@id\":\"https:\/\/pugliamare.it\/esperienze\/tour-unesco-matera-e-alberobello-da-polignano-a-mare\/#primaryimage\",\"url\":\"https:\/\/pugliamare.it\/wp-content\/uploads\/2024\/03\/2.png\",\"contentUrl\":\"https:\/\/pugliamare.it\/wp-content\/uploads\/2024\/03\/2.png\",\"width\":1200,\"height\":800},{\"@type\":\"BreadcrumbList\",\"@id\":\"https:\/\/pugliamare.it\/esperienze\/tour-unesco-matera-e-alberobello-da-polignano-a-mare\/#breadcrumb\",\"itemListElement\":[{\"@type\":\"ListItem\",\"position\":1,\"name\":\"Home\",\"item\":\"https:\/\/pugliamare.it\/\"},{\"@type\":\"ListItem\",\"position\":2,\"name\":\"Tour Unesco &#8211; Visita Guidata di Matera e Alberobello da Polignano a Mare\"}]},{\"@type\":\"WebSite\",\"@id\":\"https:\/\/pugliamare.it\/en\/#website\",\"url\":\"https:\/\/pugliamare.it\/en\/\",\"name\":\"Pugliamare\",\"description\":\"Esperienze, Soggiorni e Tour personalizzati in Puglia\",\"publisher\":{\"@id\":\"https:\/\/pugliamare.it\/en\/#organization\"},\"potentialAction\":[{\"@type\":\"SearchAction\",\"target\":{\"@type\":\"EntryPoint\",\"urlTemplate\":\"https:\/\/pugliamare.it\/en\/?s={search_term_string}\"},\"query-input\":\"required name=search_term_string\"}],\"inLanguage\":\"es\"},{\"@type\":\"Organization\",\"@id\":\"https:\/\/pugliamare.it\/en\/#organization\",\"name\":\"Pugliamare srl\",\"url\":\"https:\/\/pugliamare.it\/en\/\",\"logo\":{\"@type\":\"ImageObject\",\"inLanguage\":\"es\",\"@id\":\"https:\/\/pugliamare.it\/en\/#\/schema\/logo\/image\/\",\"url\":\"https:\/\/pugliamare.it\/wp-content\/uploads\/2021\/04\/cropped-cropped-Risorsa-2.png\",\"contentUrl\":\"https:\/\/pugliamare.it\/wp-content\/uploads\/2021\/04\/cropped-cropped-Risorsa-2.png\",\"width\":374,\"height\":117,\"caption\":\"Pugliamare srl\"},\"image\":{\"@id\":\"https:\/\/pugliamare.it\/en\/#\/schema\/logo\/image\/\"},\"sameAs\":[\"https:\/\/www.facebook.com\/pugliamarexperience\",\"https:\/\/www.instagram.com\/pugliamare\/\"]}]}<\/script>\n<!-- \/ Yoast SEO Premium plugin. -->","yoast_head_json":{"title":"Tour Unesco Matera e Alberobello partenza da Polignano a Mare | Pugliamare","description":"Tour Unesco da Polignano a Mare a Matera e Alberobello. Visita i Sassi e i trulli con guida esperta e trasferimento incluso. Prenota ora!","robots":{"index":"index","follow":"follow","max-snippet":"max-snippet:-1","max-image-preview":"max-image-preview:large","max-video-preview":"max-video-preview:-1"},"canonical":"https:\/\/pugliamare.it\/es\/esperienze\/tour-unesco-matera-e-alberobello-da-polignano-a-mare\/","og_locale":"es_ES","og_type":"article","og_title":"Tour Unesco - Visita Guidata di Matera e Alberobello da Polignano a Mare","og_description":"Tour Unesco da Polignano a Mare a Matera e Alberobello. Visita i Sassi e i trulli con guida esperta e trasferimento incluso. Prenota ora!","og_url":"https:\/\/pugliamare.it\/es\/esperienze\/tour-unesco-matera-e-alberobello-da-polignano-a-mare\/","og_site_name":"Pugliamare","article_publisher":"https:\/\/www.facebook.com\/pugliamarexperience","article_modified_time":"2026-04-10T15:39:09+00:00","og_image":[{"width":1200,"height":800,"url":"https:\/\/pugliamare.it\/wp-content\/uploads\/2024\/03\/2.png","type":"image\/png"}],"twitter_card":"summary_large_image","schema":{"@context":"https:\/\/schema.org","@graph":[{"@type":"WebPage","@id":"https:\/\/pugliamare.it\/esperienze\/tour-unesco-matera-e-alberobello-da-polignano-a-mare\/","url":"https:\/\/pugliamare.it\/esperienze\/tour-unesco-matera-e-alberobello-da-polignano-a-mare\/","name":"Tour Unesco Matera e Alberobello partenza da Polignano a Mare | Pugliamare","isPartOf":{"@id":"https:\/\/pugliamare.it\/en\/#website"},"primaryImageOfPage":{"@id":"https:\/\/pugliamare.it\/esperienze\/tour-unesco-matera-e-alberobello-da-polignano-a-mare\/#primaryimage"},"image":{"@id":"https:\/\/pugliamare.it\/esperienze\/tour-unesco-matera-e-alberobello-da-polignano-a-mare\/#primaryimage"},"thumbnailUrl":"https:\/\/pugliamare.it\/wp-content\/uploads\/2024\/03\/2.png","datePublished":"2024-03-24T17:50:05+00:00","dateModified":"2026-04-10T15:39:09+00:00","description":"Tour Unesco da Polignano a Mare a Matera e Alberobello. Visita i Sassi e i trulli con guida esperta e trasferimento incluso. Prenota ora!","breadcrumb":{"@id":"https:\/\/pugliamare.it\/esperienze\/tour-unesco-matera-e-alberobello-da-polignano-a-mare\/#breadcrumb"},"inLanguage":"es","potentialAction":[{"@type":"ReadAction","target":["https:\/\/pugliamare.it\/esperienze\/tour-unesco-matera-e-alberobello-da-polignano-a-mare\/"]}]},{"@type":"ImageObject","inLanguage":"es","@id":"https:\/\/pugliamare.it\/esperienze\/tour-unesco-matera-e-alberobello-da-polignano-a-mare\/#primaryimage","url":"https:\/\/pugliamare.it\/wp-content\/uploads\/2024\/03\/2.png","contentUrl":"https:\/\/pugliamare.it\/wp-content\/uploads\/2024\/03\/2.png","width":1200,"height":800},{"@type":"BreadcrumbList","@id":"https:\/\/pugliamare.it\/esperienze\/tour-unesco-matera-e-alberobello-da-polignano-a-mare\/#breadcrumb","itemListElement":[{"@type":"ListItem","position":1,"name":"Home","item":"https:\/\/pugliamare.it\/"},{"@type":"ListItem","position":2,"name":"Tour Unesco &#8211; Visita Guidata di Matera e Alberobello da Polignano a Mare"}]},{"@type":"WebSite","@id":"https:\/\/pugliamare.it\/en\/#website","url":"https:\/\/pugliamare.it\/en\/","name":"Pugliamare","description":"Esperienze, Soggiorni e Tour personalizzati in Puglia","publisher":{"@id":"https:\/\/pugliamare.it\/en\/#organization"},"potentialAction":[{"@type":"SearchAction","target":{"@type":"EntryPoint","urlTemplate":"https:\/\/pugliamare.it\/en\/?s={search_term_string}"},"query-input":"required name=search_term_string"}],"inLanguage":"es"},{"@type":"Organization","@id":"https:\/\/pugliamare.it\/en\/#organization","name":"Pugliamare srl","url":"https:\/\/pugliamare.it\/en\/","logo":{"@type":"ImageObject","inLanguage":"es","@id":"https:\/\/pugliamare.it\/en\/#\/schema\/logo\/image\/","url":"https:\/\/pugliamare.it\/wp-content\/uploads\/2021\/04\/cropped-cropped-Risorsa-2.png","contentUrl":"https:\/\/pugliamare.it\/wp-content\/uploads\/2021\/04\/cropped-cropped-Risorsa-2.png","width":374,"height":117,"caption":"Pugliamare srl"},"image":{"@id":"https:\/\/pugliamare.it\/en\/#\/schema\/logo\/image\/"},"sameAs":["https:\/\/www.facebook.com\/pugliamarexperience","https:\/\/www.instagram.com\/pugliamare\/"]}]}},"_links":{"self":[{"href":"https:\/\/pugliamare.it\/es\/wp-json\/wp\/v2\/product\/20628"}],"collection":[{"href":"https:\/\/pugliamare.it\/es\/wp-json\/wp\/v2\/product"}],"about":[{"href":"https:\/\/pugliamare.it\/es\/wp-json\/wp\/v2\/types\/product"}],"version-history":[{"count":21,"href":"https:\/\/pugliamare.it\/es\/wp-json\/wp\/v2\/product\/20628\/revisions"}],"predecessor-version":[{"id":36663,"href":"https:\/\/pugliamare.it\/es\/wp-json\/wp\/v2\/product\/20628\/revisions\/36663"}],"wp:featuredmedia":[{"embeddable":true,"href":"https:\/\/pugliamare.it\/es\/wp-json\/wp\/v2\/media\/35198"}],"wp:attachment":[{"href":"https:\/\/pugliamare.it\/es\/wp-json\/wp\/v2\/media?parent=20628"}],"wp:term":[{"taxonomy":"product_cat","embeddable":true,"href":"https:\/\/pugliamare.it\/es\/wp-json\/wp\/v2\/product_cat?post=20628"},{"taxonomy":"product_tag","embeddable":true,"href":"https:\/\/pugliamare.it\/es\/wp-json\/wp\/v2\/product_tag?post=20628"}],"curies":[{"name":"wp","href":"https:\/\/api.w.org\/{rel}","templated":true}]}}