{"id":20630,"date":"2024-03-24T18:50:14","date_gmt":"2024-03-24T17:50:14","guid":{"rendered":"https:\/\/staging.pugliamare.it\/esperienze\/un-giorno-a-polignano\/"},"modified":"2025-12-20T14:40:18","modified_gmt":"2025-12-20T13:40:18","slug":"un-giorno-a-polignano-a-mare","status":"publish","type":"product","link":"https:\/\/pugliamare.it\/es\/esperienze\/un-giorno-a-polignano-a-mare\/","title":{"rendered":"Un d\u00eda en Polignano a Mare \u2013 Tour completo entre historia, mar y sabores"},"content":{"rendered":"<h1 data-start=\"161\" data-end=\"239\"><strong>Un d\u00eda en Polignano a Mare: Descubre el encanto de la perla del Adri\u00e1tico<\/strong><\/h1>\n<p data-start=\"241\" data-end=\"577\" class=\" translation-block\">Polignano a Mare es el destino perfecto para quienes buscan unas vacaciones llenas de <strong data-start=\"326\" data-end=\"336\">historia<\/strong>, <strong data-start=\"338\" data-end=\"349\">cultura<\/strong>, <strong data-start=\"351\" data-end=\"371\">mar cristalino<\/strong> y <strong data-start=\"374\" data-end=\"397\">paisajes impresionantes<\/strong>. Este tour te permite vivir un d\u00eda completo descubriendo las bellezas naturales, art\u00edsticas y enogastron\u00f3micas de uno de los pueblos m\u00e1s encantadores de la <strong data-start=\"566\" data-end=\"576\">Apulia<\/strong>.<\/p>\n<h3 data-start=\"579\" data-end=\"650\" class=\" translation-block\">\ud83c\udf05 <strong>Ma\u00f1ana:<\/strong> visita guiada por el centro hist\u00f3rico de Polignano a Mare<\/h3>\n<p data-start=\"651\" data-end=\"915\">Comienza tu d\u00eda con una visita guiada en el coraz\u00f3n del centro hist\u00f3rico de Polignano, recorriendo callejones empedrados, arquitectura medieval y plazas caracter\u00edsticas. Descubre la historia milenaria, las tradiciones locales y los tesoros escondidos de esta ciudad junto al mar Adri\u00e1tico.<\/p>\n<h3 data-start=\"917\" data-end=\"985\">\ud83c\udf7d\ufe0f Tour de comida callejera: saborea los sabores aut\u00e9nticos de Apulia<\/h3>\n<p data-start=\"986\" data-end=\"1226\">Il percorso si snoda tra<strong> quattro tappe selezionate<\/strong> con cura, tra cui il <em><strong>caff\u00e8 speciale di Mario Campanella<\/strong><\/em>. Ogni tappa \u00e8 dedicata a una specialit\u00e0 tipica dello street food pugliese: dai piatti salati ai dolci tradizionali, ogni assaggio celebra <strong>ingredienti locali freschi<\/strong> e ricette tramandate nel tempo, rivisitate in chiave moderna. Un tour ideale per chi ama scoprire la Puglia attraverso i sapori tipici e vuole vivere un\u2019esperienza culinaria coinvolgente e genuina.<\/p>\n<h3 data-start=\"1228\" data-end=\"1286\">\ud83d\udefa Tour en carruaje entre calas y vistas panor\u00e1micas<\/h3>\n<p data-start=\"1287\" data-end=\"1543\">A primera hora de la tarde, sube a un carruaje para un tour relajante por la costa, explorando calas escondidas, acantilados espectaculares y torres sarracenas. Disfruta del panorama \u00fanico y del aire fresco del mar mientras descubres rincones menos conocidos de Polignano a Mare.<\/p>\n<h3 data-start=\"1545\" data-end=\"1611\" class=\" translation-block\">\ud83d\udea4 <strong>Tarde:<\/strong> tour en barco a las cuevas marinas de Polignano<\/h3>\n<p data-start=\"1612\" data-end=\"1868\">Vive una emocionante excursi\u00f3n en barco entre las famosas cuevas marinas como la Grotta Palazzese, la Grotta degli Innamorati y otras maravillas naturales. Admira estas atracciones desde un punto de vista exclusivo, navegando por las aguas cristalinas del Adri\u00e1tico.<\/p>\n<h3 data-start=\"1870\" data-end=\"1907\">\ud83c\udfca\u200d\u2642\ufe0f Ba\u00f1o y aperitivo a bordo<\/h3>\n<p data-start=\"1908\" data-end=\"2108\">Si las condiciones meteorol\u00f3gicas lo permiten, podr\u00e1s darte un ba\u00f1o en las aguas cristalinas y disfrutar de un aperitivo a bordo con los t\u00edpicos taralli puglieses, un momento de relax y sabor al m\u00e1s puro estilo mediterr\u00e1neo.<\/p>\n<h3 data-start=\"2110\" data-end=\"2142\"><strong>\u23f0 Programa del d\u00eda<\/strong><\/h3>\n<ul data-start=\"2143\" data-end=\"2380\">\n<li data-start=\"2143\" data-end=\"2231\">\n<p data-start=\"2145\" data-end=\"2231\"><strong>10:30<\/strong> Visita guiada con tour de comida callejera (salida desde Piazza Caduti di Via Fani 26)<\/p>\n<\/li>\n<li data-start=\"2232\" data-end=\"2294\">\n<p data-start=\"2234\" data-end=\"2294\"><strong>13:30<\/strong> Tour en carruaje a lo largo de la costa de Polignano a Mare<\/p>\n<\/li>\n<li data-start=\"2295\" data-end=\"2343\">\n<p data-start=\"2297\" data-end=\"2343\"><strong>14:00<\/strong> Escursione in barca alle grotte marine della durata di 1h30min<\/p>\n<\/li>\n<li data-start=\"2344\" data-end=\"2380\">\n<p data-start=\"2346\" data-end=\"2380\"><strong>15:30<\/strong> Regreso a Polignano a Mare<\/p>\n<\/li>\n<\/ul>\n<h3 data-start=\"2382\" data-end=\"2400\"><strong>\u2705 Informaci\u00f3n \u00fatil<\/strong><\/h3>\n<ul data-start=\"2401\" data-end=\"2517\">\n<li data-start=\"2401\" data-end=\"2434\">\n<p data-start=\"2403\" data-end=\"2434\">N\u00famero m\u00ednimo de participantes: 2<\/p>\n<\/li>\n<li data-start=\"2435\" data-end=\"2464\">\n<p data-start=\"2437\" data-end=\"2464\">Reserva obligatoria<\/p>\n<\/li>\n<li data-start=\"2465\" data-end=\"2517\">\n<p data-start=\"2467\" data-end=\"2517\">\u2714\ufe0f Cancelaci\u00f3n gratuita hasta 14 d\u00edas antes<\/p>\n<\/li>\n<\/ul>\n<h3 data-start=\"2524\" data-end=\"2553\"><strong>\ud83c\udf1f Experiencias relacionadas<\/strong><\/h3>\n<p data-start=\"2554\" data-end=\"2997\" class=\" translation-block\">Completa tu experiencia en Polignano a Mare descubriendo nuestros exclusivos <a href=\"https:\/\/pugliamare.it\/tipologia\/city-tours\/\" target=\"_self\"> <strong data-start=\"240\" data-end=\"254\">City Tours<\/strong><\/a> en los pueblos m\u00e1s encantadores de Apulia. Visita <a href=\"https:\/\/pugliamare.it\/destinazioni\/alberobello\/\" target=\"_self\"><strong data-start=\"304\" data-end=\"319\">Alberobello<\/strong><\/a>, con sus ic\u00f3nicos trulli declarados Patrimonio de la Humanidad por la UNESCO, y d\u00e9jate encantar por <a href=\"https:\/\/pugliamare.it\/destinazioni\/monopoli\/\" target=\"_self\"><strong data-start=\"390\" data-end=\"402\">Monopoli<\/strong><\/a>, ciudad costera rica en historia y tradiciones.<\/p>\n<h3 data-start=\"3004\" data-end=\"3024\"><strong>\ud83d\udcc5 Reserva ahora<\/strong><\/h3>\n<p data-start=\"3025\" data-end=\"3315\" class=\" translation-block\">\u00a1No pierdas esta oportunidad de vivir un d\u00eda inolvidable en Polignano a Mare! <a href=\"https:\/\/api.whatsapp.com\/send?phone=393668959532\" target=\"_self\">Cont\u00e1ctanos<\/a> ahora para informaci\u00f3n y reservas: nuestro equipo est\u00e1 listo para ayudarte a organizar una experiencia a medida. \u00a1Reserva tu tour ahora y prep\u00e1rate para descubrir la magia de la aut\u00e9ntica Apulia!<\/p>","protected":false},"excerpt":{"rendered":"<p data-start=\"257\" data-end=\"608\" class=\" translation-block\">Descubre <strong>Polignano a Mare<\/strong> en un d\u00eda con un tour completo por los <strong>acantilados<\/strong> frente al mar, las <strong>cuevas marinas<\/strong> y el encanto del <strong>centro hist\u00f3rico<\/strong>. Vive la cultura local, <strong>saborea los platos t\u00edpicos de Apulia<\/strong> y d\u00e9jate encantar por paisajes impresionantes. Una experiencia perfecta para quienes quieren explorar Polignano a Mare de forma aut\u00e9ntica y relajada. \u00a1Reserva ya!<\/p>","protected":false},"featured_media":24012,"template":"","meta":{"_acf_changed":false,"inline_featured_image":false},"product_cat":[296,293],"product_tag":[290],"acf":[],"yoast_head":"<!-- This site is optimized with the Yoast SEO Premium plugin v22.8 (Yoast SEO v22.8) - https:\/\/yoast.com\/wordpress\/plugins\/seo\/ -->\n<title>Un giorno a Polignano a Mare: Tour, Street food e Giro in Barca | Pugliamare<\/title>\n<meta name=\"description\" content=\"Vivi un giorno a Polignano a Mare con tour guidato, city tour in calessino e visita alle splendide grotte marine. Prenota ora un\u2019esperienza indimenticabile!\" \/>\n<meta name=\"robots\" content=\"index, follow, max-snippet:-1, max-image-preview:large, max-video-preview:-1\" \/>\n<link rel=\"canonical\" href=\"https:\/\/pugliamare.it\/es\/esperienze\/un-giorno-a-polignano-a-mare\/\" \/>\n<meta property=\"og:locale\" content=\"es_ES\" \/>\n<meta property=\"og:type\" content=\"article\" \/>\n<meta property=\"og:title\" content=\"Un giorno a Polignano a Mare - Tour completo tra storia, mare e sapori\" \/>\n<meta property=\"og:description\" content=\"Vivi un giorno a Polignano a Mare con tour guidato, city tour in calessino e visita alle splendide grotte marine. Prenota ora un\u2019esperienza indimenticabile!\" \/>\n<meta property=\"og:url\" content=\"https:\/\/pugliamare.it\/es\/esperienze\/un-giorno-a-polignano-a-mare\/\" \/>\n<meta property=\"og:site_name\" content=\"Pugliamare\" \/>\n<meta property=\"article:publisher\" content=\"https:\/\/www.facebook.com\/pugliamarexperience\" \/>\n<meta property=\"article:modified_time\" content=\"2025-12-20T13:40:18+00:00\" \/>\n<meta property=\"og:image\" content=\"https:\/\/pugliamare.it\/wp-content\/uploads\/2024\/03\/DSCF9940-RAF_DxO_DeepPRIMEXD-1024x683.jpg\" \/>\n\t<meta property=\"og:image:width\" content=\"1024\" \/>\n\t<meta property=\"og:image:height\" content=\"683\" \/>\n\t<meta property=\"og:image:type\" content=\"image\/jpeg\" \/>\n<meta name=\"twitter:card\" content=\"summary_large_image\" \/>\n<script type=\"application\/ld+json\" class=\"yoast-schema-graph\">{\"@context\":\"https:\/\/schema.org\",\"@graph\":[{\"@type\":\"WebPage\",\"@id\":\"https:\/\/pugliamare.it\/esperienze\/un-giorno-a-polignano-a-mare\/\",\"url\":\"https:\/\/pugliamare.it\/esperienze\/un-giorno-a-polignano-a-mare\/\",\"name\":\"Un giorno a Polignano a Mare: Tour, Street food e Giro in Barca | Pugliamare\",\"isPartOf\":{\"@id\":\"https:\/\/pugliamare.it\/en\/#website\"},\"primaryImageOfPage\":{\"@id\":\"https:\/\/pugliamare.it\/esperienze\/un-giorno-a-polignano-a-mare\/#primaryimage\"},\"image\":{\"@id\":\"https:\/\/pugliamare.it\/esperienze\/un-giorno-a-polignano-a-mare\/#primaryimage\"},\"thumbnailUrl\":\"https:\/\/pugliamare.it\/wp-content\/uploads\/2024\/03\/DSCF9940-RAF_DxO_DeepPRIMEXD.jpg\",\"datePublished\":\"2024-03-24T17:50:14+00:00\",\"dateModified\":\"2025-12-20T13:40:18+00:00\",\"description\":\"Vivi un giorno a Polignano a Mare con tour guidato, city tour in calessino e visita alle splendide grotte marine. Prenota ora un\u2019esperienza indimenticabile!\",\"breadcrumb\":{\"@id\":\"https:\/\/pugliamare.it\/esperienze\/un-giorno-a-polignano-a-mare\/#breadcrumb\"},\"inLanguage\":\"es\",\"potentialAction\":[{\"@type\":\"ReadAction\",\"target\":[\"https:\/\/pugliamare.it\/esperienze\/un-giorno-a-polignano-a-mare\/\"]}]},{\"@type\":\"ImageObject\",\"inLanguage\":\"es\",\"@id\":\"https:\/\/pugliamare.it\/esperienze\/un-giorno-a-polignano-a-mare\/#primaryimage\",\"url\":\"https:\/\/pugliamare.it\/wp-content\/uploads\/2024\/03\/DSCF9940-RAF_DxO_DeepPRIMEXD.jpg\",\"contentUrl\":\"https:\/\/pugliamare.it\/wp-content\/uploads\/2024\/03\/DSCF9940-RAF_DxO_DeepPRIMEXD.jpg\",\"width\":2500,\"height\":1667,\"caption\":\"Visuale sulla scogliera durante il tour di un giorno a Polignano a Mare\"},{\"@type\":\"BreadcrumbList\",\"@id\":\"https:\/\/pugliamare.it\/esperienze\/un-giorno-a-polignano-a-mare\/#breadcrumb\",\"itemListElement\":[{\"@type\":\"ListItem\",\"position\":1,\"name\":\"Home\",\"item\":\"https:\/\/pugliamare.it\/\"},{\"@type\":\"ListItem\",\"position\":2,\"name\":\"Un giorno a Polignano a Mare &#8211; Tour completo tra storia, mare e sapori\"}]},{\"@type\":\"WebSite\",\"@id\":\"https:\/\/pugliamare.it\/en\/#website\",\"url\":\"https:\/\/pugliamare.it\/en\/\",\"name\":\"Pugliamare\",\"description\":\"Esperienze, Soggiorni e Tour personalizzati in Puglia\",\"publisher\":{\"@id\":\"https:\/\/pugliamare.it\/en\/#organization\"},\"potentialAction\":[{\"@type\":\"SearchAction\",\"target\":{\"@type\":\"EntryPoint\",\"urlTemplate\":\"https:\/\/pugliamare.it\/en\/?s={search_term_string}\"},\"query-input\":\"required name=search_term_string\"}],\"inLanguage\":\"es\"},{\"@type\":\"Organization\",\"@id\":\"https:\/\/pugliamare.it\/en\/#organization\",\"name\":\"Pugliamare srl\",\"url\":\"https:\/\/pugliamare.it\/en\/\",\"logo\":{\"@type\":\"ImageObject\",\"inLanguage\":\"es\",\"@id\":\"https:\/\/pugliamare.it\/en\/#\/schema\/logo\/image\/\",\"url\":\"https:\/\/pugliamare.it\/wp-content\/uploads\/2021\/04\/cropped-cropped-Risorsa-2.png\",\"contentUrl\":\"https:\/\/pugliamare.it\/wp-content\/uploads\/2021\/04\/cropped-cropped-Risorsa-2.png\",\"width\":374,\"height\":117,\"caption\":\"Pugliamare srl\"},\"image\":{\"@id\":\"https:\/\/pugliamare.it\/en\/#\/schema\/logo\/image\/\"},\"sameAs\":[\"https:\/\/www.facebook.com\/pugliamarexperience\",\"https:\/\/www.instagram.com\/pugliamare\/\"]}]}<\/script>\n<!-- \/ Yoast SEO Premium plugin. -->","yoast_head_json":{"title":"Un giorno a Polignano a Mare: Tour, Street food e Giro in Barca | Pugliamare","description":"Vivi un giorno a Polignano a Mare con tour guidato, city tour in calessino e visita alle splendide grotte marine. Prenota ora un\u2019esperienza indimenticabile!","robots":{"index":"index","follow":"follow","max-snippet":"max-snippet:-1","max-image-preview":"max-image-preview:large","max-video-preview":"max-video-preview:-1"},"canonical":"https:\/\/pugliamare.it\/es\/esperienze\/un-giorno-a-polignano-a-mare\/","og_locale":"es_ES","og_type":"article","og_title":"Un giorno a Polignano a Mare - Tour completo tra storia, mare e sapori","og_description":"Vivi un giorno a Polignano a Mare con tour guidato, city tour in calessino e visita alle splendide grotte marine. Prenota ora un\u2019esperienza indimenticabile!","og_url":"https:\/\/pugliamare.it\/es\/esperienze\/un-giorno-a-polignano-a-mare\/","og_site_name":"Pugliamare","article_publisher":"https:\/\/www.facebook.com\/pugliamarexperience","article_modified_time":"2025-12-20T13:40:18+00:00","og_image":[{"width":1024,"height":683,"url":"https:\/\/pugliamare.it\/wp-content\/uploads\/2024\/03\/DSCF9940-RAF_DxO_DeepPRIMEXD-1024x683.jpg","type":"image\/jpeg"}],"twitter_card":"summary_large_image","schema":{"@context":"https:\/\/schema.org","@graph":[{"@type":"WebPage","@id":"https:\/\/pugliamare.it\/esperienze\/un-giorno-a-polignano-a-mare\/","url":"https:\/\/pugliamare.it\/esperienze\/un-giorno-a-polignano-a-mare\/","name":"Un giorno a Polignano a Mare: Tour, Street food e Giro in Barca | Pugliamare","isPartOf":{"@id":"https:\/\/pugliamare.it\/en\/#website"},"primaryImageOfPage":{"@id":"https:\/\/pugliamare.it\/esperienze\/un-giorno-a-polignano-a-mare\/#primaryimage"},"image":{"@id":"https:\/\/pugliamare.it\/esperienze\/un-giorno-a-polignano-a-mare\/#primaryimage"},"thumbnailUrl":"https:\/\/pugliamare.it\/wp-content\/uploads\/2024\/03\/DSCF9940-RAF_DxO_DeepPRIMEXD.jpg","datePublished":"2024-03-24T17:50:14+00:00","dateModified":"2025-12-20T13:40:18+00:00","description":"Vivi un giorno a Polignano a Mare con tour guidato, city tour in calessino e visita alle splendide grotte marine. Prenota ora un\u2019esperienza indimenticabile!","breadcrumb":{"@id":"https:\/\/pugliamare.it\/esperienze\/un-giorno-a-polignano-a-mare\/#breadcrumb"},"inLanguage":"es","potentialAction":[{"@type":"ReadAction","target":["https:\/\/pugliamare.it\/esperienze\/un-giorno-a-polignano-a-mare\/"]}]},{"@type":"ImageObject","inLanguage":"es","@id":"https:\/\/pugliamare.it\/esperienze\/un-giorno-a-polignano-a-mare\/#primaryimage","url":"https:\/\/pugliamare.it\/wp-content\/uploads\/2024\/03\/DSCF9940-RAF_DxO_DeepPRIMEXD.jpg","contentUrl":"https:\/\/pugliamare.it\/wp-content\/uploads\/2024\/03\/DSCF9940-RAF_DxO_DeepPRIMEXD.jpg","width":2500,"height":1667,"caption":"Visuale sulla scogliera durante il tour di un giorno a Polignano a Mare"},{"@type":"BreadcrumbList","@id":"https:\/\/pugliamare.it\/esperienze\/un-giorno-a-polignano-a-mare\/#breadcrumb","itemListElement":[{"@type":"ListItem","position":1,"name":"Home","item":"https:\/\/pugliamare.it\/"},{"@type":"ListItem","position":2,"name":"Un giorno a Polignano a Mare &#8211; Tour completo tra storia, mare e sapori"}]},{"@type":"WebSite","@id":"https:\/\/pugliamare.it\/en\/#website","url":"https:\/\/pugliamare.it\/en\/","name":"Pugliamare","description":"Esperienze, Soggiorni e Tour personalizzati in Puglia","publisher":{"@id":"https:\/\/pugliamare.it\/en\/#organization"},"potentialAction":[{"@type":"SearchAction","target":{"@type":"EntryPoint","urlTemplate":"https:\/\/pugliamare.it\/en\/?s={search_term_string}"},"query-input":"required name=search_term_string"}],"inLanguage":"es"},{"@type":"Organization","@id":"https:\/\/pugliamare.it\/en\/#organization","name":"Pugliamare srl","url":"https:\/\/pugliamare.it\/en\/","logo":{"@type":"ImageObject","inLanguage":"es","@id":"https:\/\/pugliamare.it\/en\/#\/schema\/logo\/image\/","url":"https:\/\/pugliamare.it\/wp-content\/uploads\/2021\/04\/cropped-cropped-Risorsa-2.png","contentUrl":"https:\/\/pugliamare.it\/wp-content\/uploads\/2021\/04\/cropped-cropped-Risorsa-2.png","width":374,"height":117,"caption":"Pugliamare srl"},"image":{"@id":"https:\/\/pugliamare.it\/en\/#\/schema\/logo\/image\/"},"sameAs":["https:\/\/www.facebook.com\/pugliamarexperience","https:\/\/www.instagram.com\/pugliamare\/"]}]}},"_links":{"self":[{"href":"https:\/\/pugliamare.it\/es\/wp-json\/wp\/v2\/product\/20630"}],"collection":[{"href":"https:\/\/pugliamare.it\/es\/wp-json\/wp\/v2\/product"}],"about":[{"href":"https:\/\/pugliamare.it\/es\/wp-json\/wp\/v2\/types\/product"}],"version-history":[{"count":17,"href":"https:\/\/pugliamare.it\/es\/wp-json\/wp\/v2\/product\/20630\/revisions"}],"predecessor-version":[{"id":36671,"href":"https:\/\/pugliamare.it\/es\/wp-json\/wp\/v2\/product\/20630\/revisions\/36671"}],"wp:featuredmedia":[{"embeddable":true,"href":"https:\/\/pugliamare.it\/es\/wp-json\/wp\/v2\/media\/24012"}],"wp:attachment":[{"href":"https:\/\/pugliamare.it\/es\/wp-json\/wp\/v2\/media?parent=20630"}],"wp:term":[{"taxonomy":"product_cat","embeddable":true,"href":"https:\/\/pugliamare.it\/es\/wp-json\/wp\/v2\/product_cat?post=20630"},{"taxonomy":"product_tag","embeddable":true,"href":"https:\/\/pugliamare.it\/es\/wp-json\/wp\/v2\/product_tag?post=20630"}],"curies":[{"name":"wp","href":"https:\/\/api.w.org\/{rel}","templated":true}]}}