{"id":20631,"date":"2024-03-24T18:50:17","date_gmt":"2024-03-24T17:50:17","guid":{"rendered":"https:\/\/staging.pugliamare.it\/esperienze\/degustazione-di-vino-e-visita-in-cantina\/"},"modified":"2025-12-20T14:53:31","modified_gmt":"2025-12-20T13:53:31","slug":"degustazione-di-vino-e-visita-in-cantina","status":"publish","type":"product","link":"https:\/\/pugliamare.it\/es\/esperienze\/degustazione-di-vino-e-visita-in-cantina\/","title":{"rendered":"Degustaci\u00f3n de Vino y Visita a la Bodega en el Valle de Itria"},"content":{"rendered":"<h1 data-start=\"923\" data-end=\"1009\"><strong>Degustaci\u00f3n de Vino y Visita a la Bodega: Vive la Tradici\u00f3n Vin\u00edcola de Puglia<\/strong><\/h1>\n<p data-start=\"1011\" data-end=\"1241\" class=\" translation-block\">\u00bfEst\u00e1s listo para un viaje enogastron\u00f3mico entre sabores aut\u00e9nticos y paisajes de ensue\u00f1o? Con esta <strong data-start=\"1110\" data-end=\"1168\">experiencia de degustaci\u00f3n de vino en el Valle de Itria<\/strong>, Pugliamare te acompa\u00f1a a descubrir el coraz\u00f3n vin\u00edcola de Puglia.<\/p>\n<h3 data-start=\"1243\" data-end=\"1280\"><strong>\ud83c\udf77 Pasea entre vi\u00f1edos centenarios<\/strong><\/h3>\n<p data-start=\"1282\" data-end=\"1644\" class=\" translation-block\">La experiencia comienza entre las filas de vi\u00f1edos, donde podr\u00e1s sumergirte en la naturaleza exuberante del <strong data-start=\"1384\" data-end=\"1401\">Valle de Itria<\/strong>, admirando los paisajes ondulados que hacen de esta zona una de las m\u00e1s pintorescas de Puglia. Un viticultor local te guiar\u00e1 en el descubrimiento de la vid y las t\u00e9cnicas de cultivo que dan vida a algunos de los mejores <strong data-start=\"1626\" data-end=\"1643\">vinos puglieses<\/strong>.<\/p>\n<h3 data-start=\"1646\" data-end=\"1699\"><strong>\ud83c\udf47 Descubre el proceso de elaboraci\u00f3n del vino en la bodega<\/strong><\/h3>\n<p data-start=\"1701\" data-end=\"2011\" class=\" translation-block\">Entrar\u00e1s en una <strong data-start=\"1717\" data-end=\"1744\">bodega t\u00edpica pugliesa<\/strong>, donde aprender\u00e1s todo sobre el proceso de elaboraci\u00f3n del vino: desde la vendimia hasta la fermentaci\u00f3n, desde el envejecimiento en barricas hasta la magia del embotellado. Un relato fascinante contado directamente por quienes trabajan con pasi\u00f3n cada d\u00eda para producir vinos de alta calidad.<\/p>\n<h3 data-start=\"2013\" data-end=\"2069\"><strong>\ud83c\udf7e Degusta los vinos locales y los sabores de la tradici\u00f3n<\/strong><\/h3>\n<p data-start=\"2071\" data-end=\"2436\" class=\" translation-block\">El momento culminante de la experiencia es la <strong data-start=\"2108\" data-end=\"2149\">degustaci\u00f3n guiada de vinos puglieses<\/strong>, que incluye varias etiquetas seleccionadas del Valle de Itria. Cada copa estar\u00e1 acompa\u00f1ada de productos t\u00edpicos locales como quesos, pan, taralli y embutidos. Aprender\u00e1s a reconocer aromas, matices y caracter\u00edsticas \u00fanicas de cada vino, guiado paso a paso por expertos del sector.<\/p>\n<h3 data-start=\"2438\" data-end=\"2500\"><strong>Una experiencia aut\u00e9ntica entre cultura, tradici\u00f3n y sabor<\/strong><\/h3>\n<p data-start=\"2502\" data-end=\"2866\" class=\" translation-block\">Esta <strong data-start=\"2509\" data-end=\"2557\">experiencia de degustaci\u00f3n de vino en Puglia<\/strong> no es solo una ocasi\u00f3n para saborear vinos selectos, sino tambi\u00e9n para conocer la cultura y la historia que se esconden detr\u00e1s de cada botella. Las t\u00e9cnicas transmitidas de generaci\u00f3n en generaci\u00f3n, las historias de las familias campesinas, el respeto por la tierra: todo contribuye a hacer que esta experiencia sea aut\u00e9ntica e inolvidable.<\/p>\n<h3 data-start=\"2873\" data-end=\"2903\"><strong>\ud83d\udccd Detalles de la experiencia<\/strong><\/h3>\n<ul data-start=\"2905\" data-end=\"3133\">\n<li data-start=\"2905\" data-end=\"2935\">\n<p data-start=\"2907\" data-end=\"2935\" class=\" translation-block\"><strong>\ud83d\udccc Localidad:<\/strong> Valle de Itria<\/p>\n<\/li>\n<li data-start=\"2936\" data-end=\"2962\">\n<p data-start=\"2938\" data-end=\"2962\" class=\" translation-block\">\u23f1\ufe0f<strong> Duraci\u00f3n:<\/strong> Aproximadamente 2 horas<\/p>\n<\/li>\n<li data-start=\"2963\" data-end=\"3027\">\n<p data-start=\"2965\" data-end=\"3027\">\ud83d\udc64 Adecuado para todos, incluso para quienes son principiantes con el vino<\/p>\n<\/li>\n<li data-start=\"3028\" data-end=\"3087\">\n<p data-start=\"3030\" data-end=\"3087\">\ud83c\udf7d\ufe0f Degustaci\u00f3n acompa\u00f1ada de productos t\u00edpicos locales<\/p>\n<\/li>\n<li data-start=\"3088\" data-end=\"3133\">\n<p data-start=\"3090\" data-end=\"3133\">\ud83e\udd42 Visita guiada con viticultor experto<\/p>\n<\/li>\n<\/ul>\n<h3 data-start=\"278\" data-end=\"304\">\ud83c\udf1f Experiencias Relacionadas<\/h3>\n<p data-start=\"306\" data-end=\"721\" class=\" translation-block\">Para completar tu viaje entre los sabores y la cultura del sur de Italia, te recomendamos nuestro <a href=\"https:\/\/pugliamare.it\/esperienze\/tour-unesco-matera-e-alberobello-da-bari\/\" target=\"_self\"> <strong data-start=\"403\" data-end=\"439\">Tour UNESCO de Matera y Alberobello<\/strong><\/a>: una excursi\u00f3n fascinante por los famosos <strong data-start=\"482\" data-end=\"501\">Sassi di Matera<\/strong> y los ic\u00f3nicos <strong data-start=\"516\" data-end=\"535\">trulli puglieses<\/strong>.<br data-start=\"536\" data-end=\"539\">Una experiencia que une <strong data-start=\"564\" data-end=\"612\">historia, paisajes \u00fanicos y patrimonio mundial<\/strong> en un d\u00eda inolvidable, ideal para quienes desean descubrir el alma aut\u00e9ntica de <strong data-start=\"697\" data-end=\"720\" data-is-only-node=\"\">Puglia y Basilicata<\/strong>.<\/p>\n<h3 data-start=\"3140\" data-end=\"3195\">Reserva ahora tu experiencia enol\u00f3gica en Puglia<\/h3>\n<p data-start=\"3197\" data-end=\"3530\" class=\" translation-block\">No pierdas la oportunidad de vivir una de las <strong data-start=\"3235\" data-end=\"3280\">degustaciones de vino en bodega m\u00e1s aut\u00e9nticas y emocionantes de Puglia<\/strong>. Para informaci\u00f3n y reservas, <a class=\"cursor-pointer\" href=\"https:\/\/api.whatsapp.com\/send?phone=393668959532\" target=\"_new\" rel=\"noopener\" data-start=\"3352\" data-end=\"3414\">cont\u00e1ctanos<\/a>: estamos a tu completa disposici\u00f3n para organizar cada detalle y ofrecerte una experiencia a medida.<\/p>","protected":false},"excerpt":{"rendered":"<p class=\" translation-block\">Descubre la magia del Valle de Itria con una <strong>degustaci\u00f3n de vinos locales<\/strong> combinada con una <strong>visita guiada a la bodega<\/strong>. Pasea entre los vi\u00f1edos, escucha las historias de un viticultor experto y disfruta de una selecci\u00f3n de vinos puglieses acompa\u00f1ados de productos t\u00edpicos. Una experiencia enogastron\u00f3mica aut\u00e9ntica, inmersa en la belleza y tradici\u00f3n de Puglia. \u00a1Reserva ahora y vive un viaje por los sabores y la cultura del vino!<\/p>","protected":false},"featured_media":7598,"template":"","meta":{"_acf_changed":false,"inline_featured_image":false},"product_cat":[293],"product_tag":[290],"acf":[],"yoast_head":"<!-- This site is optimized with the Yoast SEO Premium plugin v22.8 (Yoast SEO v22.8) - https:\/\/yoast.com\/wordpress\/plugins\/seo\/ -->\n<title>Degustazione di Vino e visita in Cantina in Puglia - Valle d&#039;Itria | Pugliamare<\/title>\n<meta name=\"description\" content=\"Scopri la Valle d&#039;Itria con una degustazione di vino in cantina. Passeggia tra i vigneti e assapora i sapori autentici della Puglia. Prenota ora!\" \/>\n<meta name=\"robots\" content=\"index, follow, max-snippet:-1, max-image-preview:large, max-video-preview:-1\" \/>\n<link rel=\"canonical\" href=\"https:\/\/pugliamare.it\/es\/esperienze\/degustazione-di-vino-e-visita-in-cantina\/\" \/>\n<meta property=\"og:locale\" content=\"es_ES\" \/>\n<meta property=\"og:type\" content=\"article\" \/>\n<meta property=\"og:title\" content=\"Degustazione di vino e visita in cantina in Valle d\u2019Itria\" \/>\n<meta property=\"og:description\" content=\"Scopri la Valle d&#039;Itria con una degustazione di vino in cantina. Passeggia tra i vigneti e assapora i sapori autentici della Puglia. Prenota ora!\" \/>\n<meta property=\"og:url\" content=\"https:\/\/pugliamare.it\/es\/esperienze\/degustazione-di-vino-e-visita-in-cantina\/\" \/>\n<meta property=\"og:site_name\" content=\"Pugliamare\" \/>\n<meta property=\"article:publisher\" content=\"https:\/\/www.facebook.com\/pugliamarexperience\" \/>\n<meta property=\"article:modified_time\" content=\"2025-12-20T13:53:31+00:00\" \/>\n<meta property=\"og:image\" content=\"https:\/\/pugliamare.it\/wp-content\/uploads\/2020\/11\/Wine_tour_valleditria_experience_pugliamare.jpg\" \/>\n\t<meta property=\"og:image:width\" content=\"640\" \/>\n\t<meta property=\"og:image:height\" content=\"960\" \/>\n\t<meta property=\"og:image:type\" content=\"image\/jpeg\" \/>\n<meta name=\"twitter:card\" content=\"summary_large_image\" \/>\n<script type=\"application\/ld+json\" class=\"yoast-schema-graph\">{\"@context\":\"https:\/\/schema.org\",\"@graph\":[{\"@type\":\"WebPage\",\"@id\":\"https:\/\/pugliamare.it\/esperienze\/degustazione-di-vino-e-visita-in-cantina\/\",\"url\":\"https:\/\/pugliamare.it\/esperienze\/degustazione-di-vino-e-visita-in-cantina\/\",\"name\":\"Degustazione di Vino e visita in Cantina in Puglia - Valle d'Itria | Pugliamare\",\"isPartOf\":{\"@id\":\"https:\/\/pugliamare.it\/en\/#website\"},\"primaryImageOfPage\":{\"@id\":\"https:\/\/pugliamare.it\/esperienze\/degustazione-di-vino-e-visita-in-cantina\/#primaryimage\"},\"image\":{\"@id\":\"https:\/\/pugliamare.it\/esperienze\/degustazione-di-vino-e-visita-in-cantina\/#primaryimage\"},\"thumbnailUrl\":\"https:\/\/pugliamare.it\/wp-content\/uploads\/2020\/11\/Wine_tour_valleditria_experience_pugliamare.jpg\",\"datePublished\":\"2024-03-24T17:50:17+00:00\",\"dateModified\":\"2025-12-20T13:53:31+00:00\",\"description\":\"Scopri la Valle d'Itria con una degustazione di vino in cantina. Passeggia tra i vigneti e assapora i sapori autentici della Puglia. Prenota ora!\",\"breadcrumb\":{\"@id\":\"https:\/\/pugliamare.it\/esperienze\/degustazione-di-vino-e-visita-in-cantina\/#breadcrumb\"},\"inLanguage\":\"es\",\"potentialAction\":[{\"@type\":\"ReadAction\",\"target\":[\"https:\/\/pugliamare.it\/esperienze\/degustazione-di-vino-e-visita-in-cantina\/\"]}]},{\"@type\":\"ImageObject\",\"inLanguage\":\"es\",\"@id\":\"https:\/\/pugliamare.it\/esperienze\/degustazione-di-vino-e-visita-in-cantina\/#primaryimage\",\"url\":\"https:\/\/pugliamare.it\/wp-content\/uploads\/2020\/11\/Wine_tour_valleditria_experience_pugliamare.jpg\",\"contentUrl\":\"https:\/\/pugliamare.it\/wp-content\/uploads\/2020\/11\/Wine_tour_valleditria_experience_pugliamare.jpg\",\"width\":640,\"height\":960,\"caption\":\"Turista che passeggia tra i vigneti della Valle D'Itria durante la visita in cantina\"},{\"@type\":\"BreadcrumbList\",\"@id\":\"https:\/\/pugliamare.it\/esperienze\/degustazione-di-vino-e-visita-in-cantina\/#breadcrumb\",\"itemListElement\":[{\"@type\":\"ListItem\",\"position\":1,\"name\":\"Home\",\"item\":\"https:\/\/pugliamare.it\/\"},{\"@type\":\"ListItem\",\"position\":2,\"name\":\"Degustazione di vino e visita in cantina in Valle d\u2019Itria\"}]},{\"@type\":\"WebSite\",\"@id\":\"https:\/\/pugliamare.it\/en\/#website\",\"url\":\"https:\/\/pugliamare.it\/en\/\",\"name\":\"Pugliamare\",\"description\":\"Esperienze, Soggiorni e Tour personalizzati in Puglia\",\"publisher\":{\"@id\":\"https:\/\/pugliamare.it\/en\/#organization\"},\"potentialAction\":[{\"@type\":\"SearchAction\",\"target\":{\"@type\":\"EntryPoint\",\"urlTemplate\":\"https:\/\/pugliamare.it\/en\/?s={search_term_string}\"},\"query-input\":\"required name=search_term_string\"}],\"inLanguage\":\"es\"},{\"@type\":\"Organization\",\"@id\":\"https:\/\/pugliamare.it\/en\/#organization\",\"name\":\"Pugliamare srl\",\"url\":\"https:\/\/pugliamare.it\/en\/\",\"logo\":{\"@type\":\"ImageObject\",\"inLanguage\":\"es\",\"@id\":\"https:\/\/pugliamare.it\/en\/#\/schema\/logo\/image\/\",\"url\":\"https:\/\/pugliamare.it\/wp-content\/uploads\/2021\/04\/cropped-cropped-Risorsa-2.png\",\"contentUrl\":\"https:\/\/pugliamare.it\/wp-content\/uploads\/2021\/04\/cropped-cropped-Risorsa-2.png\",\"width\":374,\"height\":117,\"caption\":\"Pugliamare srl\"},\"image\":{\"@id\":\"https:\/\/pugliamare.it\/en\/#\/schema\/logo\/image\/\"},\"sameAs\":[\"https:\/\/www.facebook.com\/pugliamarexperience\",\"https:\/\/www.instagram.com\/pugliamare\/\"]}]}<\/script>\n<!-- \/ Yoast SEO Premium plugin. -->","yoast_head_json":{"title":"Degustazione di Vino e visita in Cantina in Puglia - Valle d'Itria | Pugliamare","description":"Scopri la Valle d'Itria con una degustazione di vino in cantina. Passeggia tra i vigneti e assapora i sapori autentici della Puglia. Prenota ora!","robots":{"index":"index","follow":"follow","max-snippet":"max-snippet:-1","max-image-preview":"max-image-preview:large","max-video-preview":"max-video-preview:-1"},"canonical":"https:\/\/pugliamare.it\/es\/esperienze\/degustazione-di-vino-e-visita-in-cantina\/","og_locale":"es_ES","og_type":"article","og_title":"Degustazione di vino e visita in cantina in Valle d\u2019Itria","og_description":"Scopri la Valle d'Itria con una degustazione di vino in cantina. Passeggia tra i vigneti e assapora i sapori autentici della Puglia. Prenota ora!","og_url":"https:\/\/pugliamare.it\/es\/esperienze\/degustazione-di-vino-e-visita-in-cantina\/","og_site_name":"Pugliamare","article_publisher":"https:\/\/www.facebook.com\/pugliamarexperience","article_modified_time":"2025-12-20T13:53:31+00:00","og_image":[{"width":640,"height":960,"url":"https:\/\/pugliamare.it\/wp-content\/uploads\/2020\/11\/Wine_tour_valleditria_experience_pugliamare.jpg","type":"image\/jpeg"}],"twitter_card":"summary_large_image","schema":{"@context":"https:\/\/schema.org","@graph":[{"@type":"WebPage","@id":"https:\/\/pugliamare.it\/esperienze\/degustazione-di-vino-e-visita-in-cantina\/","url":"https:\/\/pugliamare.it\/esperienze\/degustazione-di-vino-e-visita-in-cantina\/","name":"Degustazione di Vino e visita in Cantina in Puglia - Valle d'Itria | Pugliamare","isPartOf":{"@id":"https:\/\/pugliamare.it\/en\/#website"},"primaryImageOfPage":{"@id":"https:\/\/pugliamare.it\/esperienze\/degustazione-di-vino-e-visita-in-cantina\/#primaryimage"},"image":{"@id":"https:\/\/pugliamare.it\/esperienze\/degustazione-di-vino-e-visita-in-cantina\/#primaryimage"},"thumbnailUrl":"https:\/\/pugliamare.it\/wp-content\/uploads\/2020\/11\/Wine_tour_valleditria_experience_pugliamare.jpg","datePublished":"2024-03-24T17:50:17+00:00","dateModified":"2025-12-20T13:53:31+00:00","description":"Scopri la Valle d'Itria con una degustazione di vino in cantina. Passeggia tra i vigneti e assapora i sapori autentici della Puglia. Prenota ora!","breadcrumb":{"@id":"https:\/\/pugliamare.it\/esperienze\/degustazione-di-vino-e-visita-in-cantina\/#breadcrumb"},"inLanguage":"es","potentialAction":[{"@type":"ReadAction","target":["https:\/\/pugliamare.it\/esperienze\/degustazione-di-vino-e-visita-in-cantina\/"]}]},{"@type":"ImageObject","inLanguage":"es","@id":"https:\/\/pugliamare.it\/esperienze\/degustazione-di-vino-e-visita-in-cantina\/#primaryimage","url":"https:\/\/pugliamare.it\/wp-content\/uploads\/2020\/11\/Wine_tour_valleditria_experience_pugliamare.jpg","contentUrl":"https:\/\/pugliamare.it\/wp-content\/uploads\/2020\/11\/Wine_tour_valleditria_experience_pugliamare.jpg","width":640,"height":960,"caption":"Turista che passeggia tra i vigneti della Valle D'Itria durante la visita in cantina"},{"@type":"BreadcrumbList","@id":"https:\/\/pugliamare.it\/esperienze\/degustazione-di-vino-e-visita-in-cantina\/#breadcrumb","itemListElement":[{"@type":"ListItem","position":1,"name":"Home","item":"https:\/\/pugliamare.it\/"},{"@type":"ListItem","position":2,"name":"Degustazione di vino e visita in cantina in Valle d\u2019Itria"}]},{"@type":"WebSite","@id":"https:\/\/pugliamare.it\/en\/#website","url":"https:\/\/pugliamare.it\/en\/","name":"Pugliamare","description":"Esperienze, Soggiorni e Tour personalizzati in Puglia","publisher":{"@id":"https:\/\/pugliamare.it\/en\/#organization"},"potentialAction":[{"@type":"SearchAction","target":{"@type":"EntryPoint","urlTemplate":"https:\/\/pugliamare.it\/en\/?s={search_term_string}"},"query-input":"required name=search_term_string"}],"inLanguage":"es"},{"@type":"Organization","@id":"https:\/\/pugliamare.it\/en\/#organization","name":"Pugliamare srl","url":"https:\/\/pugliamare.it\/en\/","logo":{"@type":"ImageObject","inLanguage":"es","@id":"https:\/\/pugliamare.it\/en\/#\/schema\/logo\/image\/","url":"https:\/\/pugliamare.it\/wp-content\/uploads\/2021\/04\/cropped-cropped-Risorsa-2.png","contentUrl":"https:\/\/pugliamare.it\/wp-content\/uploads\/2021\/04\/cropped-cropped-Risorsa-2.png","width":374,"height":117,"caption":"Pugliamare srl"},"image":{"@id":"https:\/\/pugliamare.it\/en\/#\/schema\/logo\/image\/"},"sameAs":["https:\/\/www.facebook.com\/pugliamarexperience","https:\/\/www.instagram.com\/pugliamare\/"]}]}},"_links":{"self":[{"href":"https:\/\/pugliamare.it\/es\/wp-json\/wp\/v2\/product\/20631"}],"collection":[{"href":"https:\/\/pugliamare.it\/es\/wp-json\/wp\/v2\/product"}],"about":[{"href":"https:\/\/pugliamare.it\/es\/wp-json\/wp\/v2\/types\/product"}],"version-history":[{"count":12,"href":"https:\/\/pugliamare.it\/es\/wp-json\/wp\/v2\/product\/20631\/revisions"}],"predecessor-version":[{"id":26704,"href":"https:\/\/pugliamare.it\/es\/wp-json\/wp\/v2\/product\/20631\/revisions\/26704"}],"wp:featuredmedia":[{"embeddable":true,"href":"https:\/\/pugliamare.it\/es\/wp-json\/wp\/v2\/media\/7598"}],"wp:attachment":[{"href":"https:\/\/pugliamare.it\/es\/wp-json\/wp\/v2\/media?parent=20631"}],"wp:term":[{"taxonomy":"product_cat","embeddable":true,"href":"https:\/\/pugliamare.it\/es\/wp-json\/wp\/v2\/product_cat?post=20631"},{"taxonomy":"product_tag","embeddable":true,"href":"https:\/\/pugliamare.it\/es\/wp-json\/wp\/v2\/product_tag?post=20631"}],"curies":[{"name":"wp","href":"https:\/\/api.w.org\/{rel}","templated":true}]}}