{"id":20632,"date":"2024-03-24T18:50:20","date_gmt":"2024-03-24T17:50:20","guid":{"rendered":"https:\/\/staging.pugliamare.it\/esperienze\/degustazione-olio-extravergine-di-oliva-in-masseria\/"},"modified":"2025-12-20T14:44:51","modified_gmt":"2025-12-20T13:44:51","slug":"degustazione-olio-extravergine-di-oliva-in-masseria","status":"publish","type":"product","link":"https:\/\/pugliamare.it\/es\/esperienze\/degustazione-olio-extravergine-di-oliva-in-masseria\/","title":{"rendered":"Degustaci\u00f3n de Aceite de Oliva Virgen Extra en una Masseria en Puglia"},"content":{"rendered":"<h1 data-start=\"387\" data-end=\"461\"><strong>Vive una experiencia aut\u00e9ntica entre olivares centenarios y almazaras hist\u00f3ricas<\/strong><\/h1>\n<p data-start=\"463\" data-end=\"874\" class=\" translation-block\">\u00danete a nosotros para una <strong data-start=\"486\" data-end=\"544\">degustaci\u00f3n de aceite de oliva virgen extra en una masseria<\/strong> en el coraz\u00f3n de Puglia. Un viaje por los sabores, la historia y la cultura milenaria del oro verde pugliese, rodeado de olivares centenarios y aromas intensos. Desde el paseo entre los olivos hasta la visita al molino subterr\u00e1neo, y finalmente la degustaci\u00f3n guiada, cada momento est\u00e1 pensado para ofrecerte una experiencia aut\u00e9ntica e inmersiva.<\/p>\n<h3 data-start=\"881\" data-end=\"925\"><strong>\ud83c\udf3f Entre olivares centenarios y la historia campesina<\/strong><\/h3>\n<p data-start=\"927\" data-end=\"1152\">Comienza el tour con un relajante paseo entre los olivares que cuentan la historia de Puglia. Descubrir\u00e1s el v\u00ednculo profundo entre territorio y tradici\u00f3n, escuchando curiosidades y relatos sobre el \u00e1rbol s\u00edmbolo de la regi\u00f3n.<\/p>\n<h3 data-start=\"1159\" data-end=\"1194\"><strong>Visita a un molino de aceite subterr\u00e1neo<\/strong><\/h3>\n<p data-start=\"1196\" data-end=\"1507\">Luego llegar\u00e1s a un sugestivo molino de aceite subterr\u00e1neo, una antigua estructura excavada en la roca, donde antes se produc\u00eda el aceite. Una parada imprescindible para quienes desean comprender realmente el valor cultural del aceite pugliese.<br data-start=\"1416\" data-end=\"1419\" \/><em data-start=\"1419\" data-end=\"1507\">Nota: La visita al molino de aceite subterr\u00e1neo no es accesible para personas con discapacidades motrices.<\/em><\/p>\n<h3 data-start=\"1514\" data-end=\"1571\"><strong>Degustaci\u00f3n guiada de aceite de oliva virgen extra pugliese<\/strong><\/h3>\n<p data-start=\"1573\" data-end=\"1864\" class=\" translation-block\">El momento culminante: la <strong data-start=\"1593\" data-end=\"1639\">degustaci\u00f3n de aceite de oliva virgen extra<\/strong>. Acompa\u00f1ado por un experto, descubrir\u00e1s las diferentes variedades locales, aprender\u00e1s a reconocer aromas e intensidad y entender\u00e1s qu\u00e9 hace que un aceite sea realmente de calidad. Una experiencia sensorial que involucra gusto, olfato y conocimiento.<\/p>\n<h3 data-start=\"1871\" data-end=\"1905\"><strong>Sabor, cultura y tradici\u00f3n<\/strong><\/h3>\n<p data-start=\"1907\" data-end=\"2154\">No solo degustaciones, sino tambi\u00e9n historias, t\u00e9cnicas de producci\u00f3n, maridajes y curiosidades relacionadas con el aceite y la cocina pugliesa. Una inmersi\u00f3n completa en la cultura gastron\u00f3mica y las ra\u00edces del territorio, perfecta para quienes buscan experiencias genuinas e inolvidables.<\/p>\n<h3 data-start=\"2161\" data-end=\"2186\"><strong>\ud83d\udccd Informaci\u00f3n \u00fatil<\/strong><\/h3>\n<ul data-start=\"2188\" data-end=\"2367\">\n<li data-start=\"2188\" data-end=\"2218\">\n<p data-start=\"2190\" data-end=\"2218\" class=\" translation-block\">\ud83d\udd52<strong> Duraci\u00f3n:<\/strong> aproximadamente 90 minutos<\/p>\n<\/li>\n<li data-start=\"2219\" data-end=\"2260\">\n<p data-start=\"2221\" data-end=\"2260\" class=\" translation-block\">\ud83d\udccc<strong> Ubicaci\u00f3n:<\/strong> t\u00edpica masseria pugliesa<\/p>\n<\/li>\n<li data-start=\"2261\" data-end=\"2313\">\n<p data-start=\"2263\" data-end=\"2313\" class=\" translation-block\">\ud83c\udf31 Accesible para todos (<strong>excepto molino de aceite subterr\u00e1neo<\/strong>)<\/p>\n<\/li>\n<li data-start=\"2314\" data-end=\"2367\">\n<p data-start=\"2316\" data-end=\"2367\">\ud83d\udcde Soporte y asistencia dedicada para cada necesidad<\/p>\n<\/li>\n<\/ul>\n<h3 data-start=\"2374\" data-end=\"2401\"><strong>\ud83c\udf1f Experiencias relacionadas<\/strong><\/h3>\n<p data-start=\"2403\" data-end=\"2489\" class=\" translation-block\">Descubre otras actividades aut\u00e9nticas pugliesas pensadas para quienes aman la naturaleza, la cultura y los sabores locales. Te esperan d\u00edas inolvidables entre el <a href=\"https:\/\/pugliamare.it\/tipologia\/cruises\/\" target=\"_self\">mar<\/a>, <a href=\"https:\/\/pugliamare.it\/tipologia\/natura\/\" target=\"_self\">campo<\/a> y <a href=\"https:\/\/pugliamare.it\/tipologia\/city-tours\/\" target=\"_self\">pueblos hist\u00f3ricos<\/a>.<\/p>\n<h3 data-start=\"2403\" data-end=\"2489\"><strong>Reserva ahora<\/strong><\/h3>\n<p data-start=\"2516\" data-end=\"2740\" class=\" translation-block\">No pierdas la oportunidad de vivir una aut\u00e9ntica <strong data-start=\"2561\" data-end=\"2626\">degustaci\u00f3n de aceite de oliva virgen extra en una masseria en Puglia<\/strong>. <a href=\"https:\/\/api.whatsapp.com\/send?phone=393668959532\" target=\"_self\">Cont\u00e1ctanos<\/a> para informaci\u00f3n y reservas: estamos completamente disponibles para crear una experiencia a tu medida.<\/p>","protected":false},"excerpt":{"rendered":"<p class=\"p1 translation-block\">Vive la autenticidad de Puglia con una degustaci\u00f3n de <strong>aceite de oliva virgen extra<\/strong> en una masseria t\u00edpica, rodeado de olivares centenarios. Descubre los secretos de la producci\u00f3n tradicional en un molino de aceite hipogeo y saborea aceites selectos guiado por expertos sommeliers del aceite. Una experiencia sensorial y cultural que une sabores, historia y tradiciones locales. Reserva ahora para vivir la verdadera esencia de Puglia a trav\u00e9s del aceite de oliva.<\/p>","protected":false},"featured_media":13004,"template":"","meta":{"_acf_changed":false,"inline_featured_image":false},"product_cat":[293],"product_tag":[290],"acf":[],"yoast_head":"<!-- This site is optimized with the Yoast SEO Premium plugin v22.8 (Yoast SEO v22.8) - https:\/\/yoast.com\/wordpress\/plugins\/seo\/ -->\n<title>Degustazione Olio Extravergine d&#039;Oliva In Masseria in Puglia | Pugliamare<\/title>\n<meta name=\"description\" content=\"Scopri l\u2019olio pugliese tra uliveti e frantoi antichi. Degustazione guidata in masseria con sapori autentici e cultura contadina. Prenota ora!\" \/>\n<meta name=\"robots\" content=\"index, follow, max-snippet:-1, max-image-preview:large, max-video-preview:-1\" \/>\n<link rel=\"canonical\" href=\"https:\/\/pugliamare.it\/es\/esperienze\/degustazione-olio-extravergine-di-oliva-in-masseria\/\" \/>\n<meta property=\"og:locale\" content=\"es_ES\" \/>\n<meta property=\"og:type\" content=\"article\" \/>\n<meta property=\"og:title\" content=\"Degustazione Olio Extravergine di Oliva in Masseria in Puglia\" \/>\n<meta property=\"og:description\" content=\"Scopri l\u2019olio pugliese tra uliveti e frantoi antichi. Degustazione guidata in masseria con sapori autentici e cultura contadina. Prenota ora!\" \/>\n<meta property=\"og:url\" content=\"https:\/\/pugliamare.it\/es\/esperienze\/degustazione-olio-extravergine-di-oliva-in-masseria\/\" \/>\n<meta property=\"og:site_name\" content=\"Pugliamare\" \/>\n<meta property=\"article:publisher\" content=\"https:\/\/www.facebook.com\/pugliamarexperience\" \/>\n<meta property=\"article:modified_time\" content=\"2025-12-20T13:44:51+00:00\" \/>\n<meta property=\"og:image\" content=\"https:\/\/pugliamare.it\/wp-content\/uploads\/2022\/08\/53768631.jpg\" \/>\n\t<meta property=\"og:image:width\" content=\"1280\" \/>\n\t<meta property=\"og:image:height\" content=\"853\" \/>\n\t<meta property=\"og:image:type\" content=\"image\/jpeg\" \/>\n<meta name=\"twitter:card\" content=\"summary_large_image\" \/>\n<script type=\"application\/ld+json\" class=\"yoast-schema-graph\">{\"@context\":\"https:\/\/schema.org\",\"@graph\":[{\"@type\":\"WebPage\",\"@id\":\"https:\/\/pugliamare.it\/esperienze\/degustazione-olio-extravergine-di-oliva-in-masseria\/\",\"url\":\"https:\/\/pugliamare.it\/esperienze\/degustazione-olio-extravergine-di-oliva-in-masseria\/\",\"name\":\"Degustazione Olio Extravergine d'Oliva In Masseria in Puglia | Pugliamare\",\"isPartOf\":{\"@id\":\"https:\/\/pugliamare.it\/en\/#website\"},\"primaryImageOfPage\":{\"@id\":\"https:\/\/pugliamare.it\/esperienze\/degustazione-olio-extravergine-di-oliva-in-masseria\/#primaryimage\"},\"image\":{\"@id\":\"https:\/\/pugliamare.it\/esperienze\/degustazione-olio-extravergine-di-oliva-in-masseria\/#primaryimage\"},\"thumbnailUrl\":\"https:\/\/pugliamare.it\/wp-content\/uploads\/2022\/08\/53768631.jpg\",\"datePublished\":\"2024-03-24T17:50:20+00:00\",\"dateModified\":\"2025-12-20T13:44:51+00:00\",\"description\":\"Scopri l\u2019olio pugliese tra uliveti e frantoi antichi. Degustazione guidata in masseria con sapori autentici e cultura contadina. Prenota ora!\",\"breadcrumb\":{\"@id\":\"https:\/\/pugliamare.it\/esperienze\/degustazione-olio-extravergine-di-oliva-in-masseria\/#breadcrumb\"},\"inLanguage\":\"es\",\"potentialAction\":[{\"@type\":\"ReadAction\",\"target\":[\"https:\/\/pugliamare.it\/esperienze\/degustazione-olio-extravergine-di-oliva-in-masseria\/\"]}]},{\"@type\":\"ImageObject\",\"inLanguage\":\"es\",\"@id\":\"https:\/\/pugliamare.it\/esperienze\/degustazione-olio-extravergine-di-oliva-in-masseria\/#primaryimage\",\"url\":\"https:\/\/pugliamare.it\/wp-content\/uploads\/2022\/08\/53768631.jpg\",\"contentUrl\":\"https:\/\/pugliamare.it\/wp-content\/uploads\/2022\/08\/53768631.jpg\",\"width\":1280,\"height\":853,\"caption\":\"Frantoio ipogeo durante la degustazione di olio Pugliese\"},{\"@type\":\"BreadcrumbList\",\"@id\":\"https:\/\/pugliamare.it\/esperienze\/degustazione-olio-extravergine-di-oliva-in-masseria\/#breadcrumb\",\"itemListElement\":[{\"@type\":\"ListItem\",\"position\":1,\"name\":\"Home\",\"item\":\"https:\/\/pugliamare.it\/\"},{\"@type\":\"ListItem\",\"position\":2,\"name\":\"Degustazione Olio Extravergine di Oliva in Masseria in Puglia\"}]},{\"@type\":\"WebSite\",\"@id\":\"https:\/\/pugliamare.it\/en\/#website\",\"url\":\"https:\/\/pugliamare.it\/en\/\",\"name\":\"Pugliamare\",\"description\":\"Esperienze, Soggiorni e Tour personalizzati in Puglia\",\"publisher\":{\"@id\":\"https:\/\/pugliamare.it\/en\/#organization\"},\"potentialAction\":[{\"@type\":\"SearchAction\",\"target\":{\"@type\":\"EntryPoint\",\"urlTemplate\":\"https:\/\/pugliamare.it\/en\/?s={search_term_string}\"},\"query-input\":\"required name=search_term_string\"}],\"inLanguage\":\"es\"},{\"@type\":\"Organization\",\"@id\":\"https:\/\/pugliamare.it\/en\/#organization\",\"name\":\"Pugliamare srl\",\"url\":\"https:\/\/pugliamare.it\/en\/\",\"logo\":{\"@type\":\"ImageObject\",\"inLanguage\":\"es\",\"@id\":\"https:\/\/pugliamare.it\/en\/#\/schema\/logo\/image\/\",\"url\":\"https:\/\/pugliamare.it\/wp-content\/uploads\/2021\/04\/cropped-cropped-Risorsa-2.png\",\"contentUrl\":\"https:\/\/pugliamare.it\/wp-content\/uploads\/2021\/04\/cropped-cropped-Risorsa-2.png\",\"width\":374,\"height\":117,\"caption\":\"Pugliamare srl\"},\"image\":{\"@id\":\"https:\/\/pugliamare.it\/en\/#\/schema\/logo\/image\/\"},\"sameAs\":[\"https:\/\/www.facebook.com\/pugliamarexperience\",\"https:\/\/www.instagram.com\/pugliamare\/\"]}]}<\/script>\n<!-- \/ Yoast SEO Premium plugin. -->","yoast_head_json":{"title":"Degustazione Olio Extravergine d'Oliva In Masseria in Puglia | Pugliamare","description":"Scopri l\u2019olio pugliese tra uliveti e frantoi antichi. Degustazione guidata in masseria con sapori autentici e cultura contadina. Prenota ora!","robots":{"index":"index","follow":"follow","max-snippet":"max-snippet:-1","max-image-preview":"max-image-preview:large","max-video-preview":"max-video-preview:-1"},"canonical":"https:\/\/pugliamare.it\/es\/esperienze\/degustazione-olio-extravergine-di-oliva-in-masseria\/","og_locale":"es_ES","og_type":"article","og_title":"Degustazione Olio Extravergine di Oliva in Masseria in Puglia","og_description":"Scopri l\u2019olio pugliese tra uliveti e frantoi antichi. Degustazione guidata in masseria con sapori autentici e cultura contadina. Prenota ora!","og_url":"https:\/\/pugliamare.it\/es\/esperienze\/degustazione-olio-extravergine-di-oliva-in-masseria\/","og_site_name":"Pugliamare","article_publisher":"https:\/\/www.facebook.com\/pugliamarexperience","article_modified_time":"2025-12-20T13:44:51+00:00","og_image":[{"width":1280,"height":853,"url":"https:\/\/pugliamare.it\/wp-content\/uploads\/2022\/08\/53768631.jpg","type":"image\/jpeg"}],"twitter_card":"summary_large_image","schema":{"@context":"https:\/\/schema.org","@graph":[{"@type":"WebPage","@id":"https:\/\/pugliamare.it\/esperienze\/degustazione-olio-extravergine-di-oliva-in-masseria\/","url":"https:\/\/pugliamare.it\/esperienze\/degustazione-olio-extravergine-di-oliva-in-masseria\/","name":"Degustazione Olio Extravergine d'Oliva In Masseria in Puglia | Pugliamare","isPartOf":{"@id":"https:\/\/pugliamare.it\/en\/#website"},"primaryImageOfPage":{"@id":"https:\/\/pugliamare.it\/esperienze\/degustazione-olio-extravergine-di-oliva-in-masseria\/#primaryimage"},"image":{"@id":"https:\/\/pugliamare.it\/esperienze\/degustazione-olio-extravergine-di-oliva-in-masseria\/#primaryimage"},"thumbnailUrl":"https:\/\/pugliamare.it\/wp-content\/uploads\/2022\/08\/53768631.jpg","datePublished":"2024-03-24T17:50:20+00:00","dateModified":"2025-12-20T13:44:51+00:00","description":"Scopri l\u2019olio pugliese tra uliveti e frantoi antichi. Degustazione guidata in masseria con sapori autentici e cultura contadina. Prenota ora!","breadcrumb":{"@id":"https:\/\/pugliamare.it\/esperienze\/degustazione-olio-extravergine-di-oliva-in-masseria\/#breadcrumb"},"inLanguage":"es","potentialAction":[{"@type":"ReadAction","target":["https:\/\/pugliamare.it\/esperienze\/degustazione-olio-extravergine-di-oliva-in-masseria\/"]}]},{"@type":"ImageObject","inLanguage":"es","@id":"https:\/\/pugliamare.it\/esperienze\/degustazione-olio-extravergine-di-oliva-in-masseria\/#primaryimage","url":"https:\/\/pugliamare.it\/wp-content\/uploads\/2022\/08\/53768631.jpg","contentUrl":"https:\/\/pugliamare.it\/wp-content\/uploads\/2022\/08\/53768631.jpg","width":1280,"height":853,"caption":"Frantoio ipogeo durante la degustazione di olio Pugliese"},{"@type":"BreadcrumbList","@id":"https:\/\/pugliamare.it\/esperienze\/degustazione-olio-extravergine-di-oliva-in-masseria\/#breadcrumb","itemListElement":[{"@type":"ListItem","position":1,"name":"Home","item":"https:\/\/pugliamare.it\/"},{"@type":"ListItem","position":2,"name":"Degustazione Olio Extravergine di Oliva in Masseria in Puglia"}]},{"@type":"WebSite","@id":"https:\/\/pugliamare.it\/en\/#website","url":"https:\/\/pugliamare.it\/en\/","name":"Pugliamare","description":"Esperienze, Soggiorni e Tour personalizzati in Puglia","publisher":{"@id":"https:\/\/pugliamare.it\/en\/#organization"},"potentialAction":[{"@type":"SearchAction","target":{"@type":"EntryPoint","urlTemplate":"https:\/\/pugliamare.it\/en\/?s={search_term_string}"},"query-input":"required name=search_term_string"}],"inLanguage":"es"},{"@type":"Organization","@id":"https:\/\/pugliamare.it\/en\/#organization","name":"Pugliamare srl","url":"https:\/\/pugliamare.it\/en\/","logo":{"@type":"ImageObject","inLanguage":"es","@id":"https:\/\/pugliamare.it\/en\/#\/schema\/logo\/image\/","url":"https:\/\/pugliamare.it\/wp-content\/uploads\/2021\/04\/cropped-cropped-Risorsa-2.png","contentUrl":"https:\/\/pugliamare.it\/wp-content\/uploads\/2021\/04\/cropped-cropped-Risorsa-2.png","width":374,"height":117,"caption":"Pugliamare srl"},"image":{"@id":"https:\/\/pugliamare.it\/en\/#\/schema\/logo\/image\/"},"sameAs":["https:\/\/www.facebook.com\/pugliamarexperience","https:\/\/www.instagram.com\/pugliamare\/"]}]}},"_links":{"self":[{"href":"https:\/\/pugliamare.it\/es\/wp-json\/wp\/v2\/product\/20632"}],"collection":[{"href":"https:\/\/pugliamare.it\/es\/wp-json\/wp\/v2\/product"}],"about":[{"href":"https:\/\/pugliamare.it\/es\/wp-json\/wp\/v2\/types\/product"}],"version-history":[{"count":11,"href":"https:\/\/pugliamare.it\/es\/wp-json\/wp\/v2\/product\/20632\/revisions"}],"predecessor-version":[{"id":34279,"href":"https:\/\/pugliamare.it\/es\/wp-json\/wp\/v2\/product\/20632\/revisions\/34279"}],"wp:featuredmedia":[{"embeddable":true,"href":"https:\/\/pugliamare.it\/es\/wp-json\/wp\/v2\/media\/13004"}],"wp:attachment":[{"href":"https:\/\/pugliamare.it\/es\/wp-json\/wp\/v2\/media?parent=20632"}],"wp:term":[{"taxonomy":"product_cat","embeddable":true,"href":"https:\/\/pugliamare.it\/es\/wp-json\/wp\/v2\/product_cat?post=20632"},{"taxonomy":"product_tag","embeddable":true,"href":"https:\/\/pugliamare.it\/es\/wp-json\/wp\/v2\/product_tag?post=20632"}],"curies":[{"name":"wp","href":"https:\/\/api.w.org\/{rel}","templated":true}]}}