{"id":20633,"date":"2024-03-24T18:50:22","date_gmt":"2024-03-24T17:50:22","guid":{"rendered":"https:\/\/staging.pugliamare.it\/esperienze\/escursione-in-sup-tra-le-grotte-di-polignano-a-mare\/"},"modified":"2025-10-28T15:59:53","modified_gmt":"2025-10-28T14:59:53","slug":"escursione-in-sup-delle-grotte-di-polignano-a-mare","status":"publish","type":"product","link":"https:\/\/pugliamare.it\/es\/esperienze\/escursione-in-sup-delle-grotte-di-polignano-a-mare\/","title":{"rendered":"Excursi\u00f3n en SUP a las cuevas de Polignano a Mare"},"content":{"rendered":"<div class=\"column\">\n<h1 data-start=\"604\" data-end=\"988\"><strong data-start=\"610\" data-end=\"658\">Aventura y relax en el SUP en Polignano a Mare<\/strong><\/h1>\n<p data-start=\"604\" data-end=\"988\">La excursi\u00f3n en SUP a las cuevas de Polignano es la manera ideal de vivir aventura y relax en el SUP en Polignano a Mare, descubriendo la costa pugliesa desde una perspectiva nueva y envolvente. Tanto para principiantes como para expertos, el tour incluye una breve lecci\u00f3n pr\u00e1ctica para aprender las t\u00e9cnicas b\u00e1sicas del stand up paddle, garantizando seguridad y diversi\u00f3n en todo momento.<\/p>\n<h3 data-start=\"990\" data-end=\"1342\">\ud83c\udf0a <strong data-start=\"993\" data-end=\"1048\">Un recorrido entre cuevas, calas y aguas cristalinas<\/strong><\/h3>\n<p data-start=\"990\" data-end=\"1342\" class=\" translation-block\">Navegar\u00e1s a lo largo de la costa de Polignano admirando escenarios impresionantes como la <strong>Grotta Palazzese<\/strong>, la <strong>Grotta delle Rondinelle<\/strong> y la <strong>Grotta Ardito<\/strong>. Estas cuevas y calas, accesibles solo por mar, representan aut\u00e9nticas joyas naturales, perfectas para una experiencia de aventura y relax en el SUP en Polignano a Mare en total armon\u00eda con el entorno.<\/p>\n<h3 data-start=\"1344\" data-end=\"1377\">\u23f1\ufe0f <strong data-start=\"1347\" data-end=\"1375\">Detalles de la experiencia<\/strong><\/h3>\n<ul data-start=\"1378\" data-end=\"1581\">\n<li data-start=\"1378\" data-end=\"1399\">\n<p data-start=\"1380\" data-end=\"1399\" class=\" translation-block\"><strong>Duraci\u00f3n:<\/strong> 90 minutos<\/p>\n<\/li>\n<li data-start=\"1400\" data-end=\"1459\">\n<p data-start=\"1402\" data-end=\"1459\" class=\" translation-block\"><strong>Punto de partida:<\/strong> Playa de Cala Paguro (Cala Paura)<\/p>\n<\/li>\n<li data-start=\"1460\" data-end=\"1517\">\n<p data-start=\"1462\" data-end=\"1517\">Apto para todos, incluso para quienes nunca han probado el SUP<\/p>\n<\/li>\n<li data-start=\"1518\" data-end=\"1581\">\n<p data-start=\"1520\" data-end=\"1581\">Posibilidad de guardar objetos en el puesto de la playa<\/p>\n<\/li>\n<\/ul>\n<h3 data-start=\"1583\" data-end=\"1855\"><strong data-start=\"1586\" data-end=\"1623\">\ud83c\udf1f Alternativas en caso de mar agitado<\/strong><\/h3>\n<p data-start=\"1583\" data-end=\"1855\" class=\" translation-block\">Si las condiciones meteorol\u00f3gicas no permiten la navegaci\u00f3n en SUP, podr\u00e1s elegir una alternativa relajante: aprovecha nuestros <a href=\"https:\/\/pugliamare.it\/tipologia\/city-tours\/\" target=\"_self\">City Tours<\/a> para descubrir los fant\u00e1sticos pueblos de Puglia.<\/p>\n<h3 data-start=\"1857\" data-end=\"2113\"><strong data-start=\"1860\" data-end=\"1900\">Reserva ahora tu excursi\u00f3n en SUP<\/strong><\/h3>\n<p data-start=\"1857\" data-end=\"2113\" class=\" translation-block\">Reserva ahora tu excursi\u00f3n en SUP y vive una aventura de relax y naturaleza aut\u00e9ntica en Polignano a Mare. Para m\u00e1s informaci\u00f3n y reservas, <a href=\"https:\/\/api.whatsapp.com\/send?phone=393668959532\" target=\"_self\">cont\u00e1ctanos<\/a>: estamos completamente disponibles para organizar una experiencia a tu medida.<\/p>\n<\/div>","protected":false},"excerpt":{"rendered":"<p class=\" translation-block\">Elige la excursi\u00f3n en <strong>SUP<\/strong> entre las espectaculares cuevas de Polignano a Mare y d\u00e9jate encantar por los acantilados que se precipitan al mar, las calas escondidas y las aguas turquesas del Mediterr\u00e1neo. Vive una experiencia \u00fanica con instructores expertos, apta para todos, entre naturaleza, aventura y momentos de puro relax.<\/p>","protected":false},"featured_media":17975,"template":"","meta":{"_acf_changed":false,"inline_featured_image":false},"product_cat":[296,365],"product_tag":[290],"acf":[],"yoast_head":"<!-- This site is optimized with the Yoast SEO Premium plugin v22.8 (Yoast SEO v22.8) - https:\/\/yoast.com\/wordpress\/plugins\/seo\/ -->\n<title>Escursione in SUP delle grotte di Polignano a Mare | Pugliamare<\/title>\n<meta name=\"description\" content=\"Esplora le grotte di Polignano a Mare con l\u2019escursione in SUP. Avventura, relax e paesaggi unici in un\u2019esperienza indimenticabile sul mare cristallino.\" \/>\n<meta name=\"robots\" content=\"index, follow, max-snippet:-1, max-image-preview:large, max-video-preview:-1\" \/>\n<link rel=\"canonical\" href=\"https:\/\/pugliamare.it\/es\/esperienze\/escursione-in-sup-delle-grotte-di-polignano-a-mare\/\" \/>\n<meta property=\"og:locale\" content=\"es_ES\" \/>\n<meta property=\"og:type\" content=\"article\" \/>\n<meta property=\"og:title\" content=\"Escursione in SUP alle grotte di Polignano a Mare\" \/>\n<meta property=\"og:description\" content=\"Esplora le grotte di Polignano a Mare con l\u2019escursione in SUP. Avventura, relax e paesaggi unici in un\u2019esperienza indimenticabile sul mare cristallino.\" \/>\n<meta property=\"og:url\" content=\"https:\/\/pugliamare.it\/es\/esperienze\/escursione-in-sup-delle-grotte-di-polignano-a-mare\/\" \/>\n<meta property=\"og:site_name\" content=\"Pugliamare\" \/>\n<meta property=\"article:publisher\" content=\"https:\/\/www.facebook.com\/pugliamarexperience\" \/>\n<meta property=\"article:modified_time\" content=\"2025-10-28T14:59:53+00:00\" \/>\n<meta property=\"og:image\" content=\"https:\/\/pugliamare.it\/wp-content\/uploads\/2023\/09\/sup_experience_polignano_pugliamare4-1000x565-1.jpg\" \/>\n\t<meta property=\"og:image:width\" content=\"1000\" \/>\n\t<meta property=\"og:image:height\" content=\"565\" \/>\n\t<meta property=\"og:image:type\" content=\"image\/jpeg\" \/>\n<meta name=\"twitter:card\" content=\"summary_large_image\" \/>\n<script type=\"application\/ld+json\" class=\"yoast-schema-graph\">{\"@context\":\"https:\/\/schema.org\",\"@graph\":[{\"@type\":\"WebPage\",\"@id\":\"https:\/\/pugliamare.it\/esperienze\/escursione-in-sup-delle-grotte-di-polignano-a-mare\/\",\"url\":\"https:\/\/pugliamare.it\/esperienze\/escursione-in-sup-delle-grotte-di-polignano-a-mare\/\",\"name\":\"Escursione in SUP delle grotte di Polignano a Mare | Pugliamare\",\"isPartOf\":{\"@id\":\"https:\/\/pugliamare.it\/en\/#website\"},\"primaryImageOfPage\":{\"@id\":\"https:\/\/pugliamare.it\/esperienze\/escursione-in-sup-delle-grotte-di-polignano-a-mare\/#primaryimage\"},\"image\":{\"@id\":\"https:\/\/pugliamare.it\/esperienze\/escursione-in-sup-delle-grotte-di-polignano-a-mare\/#primaryimage\"},\"thumbnailUrl\":\"https:\/\/pugliamare.it\/wp-content\/uploads\/2023\/09\/sup_experience_polignano_pugliamare4-1000x565-1.jpg\",\"datePublished\":\"2024-03-24T17:50:22+00:00\",\"dateModified\":\"2025-10-28T14:59:53+00:00\",\"description\":\"Esplora le grotte di Polignano a Mare con l\u2019escursione in SUP. Avventura, relax e paesaggi unici in un\u2019esperienza indimenticabile sul mare cristallino.\",\"breadcrumb\":{\"@id\":\"https:\/\/pugliamare.it\/esperienze\/escursione-in-sup-delle-grotte-di-polignano-a-mare\/#breadcrumb\"},\"inLanguage\":\"es\",\"potentialAction\":[{\"@type\":\"ReadAction\",\"target\":[\"https:\/\/pugliamare.it\/esperienze\/escursione-in-sup-delle-grotte-di-polignano-a-mare\/\"]}]},{\"@type\":\"ImageObject\",\"inLanguage\":\"es\",\"@id\":\"https:\/\/pugliamare.it\/esperienze\/escursione-in-sup-delle-grotte-di-polignano-a-mare\/#primaryimage\",\"url\":\"https:\/\/pugliamare.it\/wp-content\/uploads\/2023\/09\/sup_experience_polignano_pugliamare4-1000x565-1.jpg\",\"contentUrl\":\"https:\/\/pugliamare.it\/wp-content\/uploads\/2023\/09\/sup_experience_polignano_pugliamare4-1000x565-1.jpg\",\"width\":1000,\"height\":565,\"caption\":\"Escursione in SUP tra le fantastiche grotte di Polignano a mare\"},{\"@type\":\"BreadcrumbList\",\"@id\":\"https:\/\/pugliamare.it\/esperienze\/escursione-in-sup-delle-grotte-di-polignano-a-mare\/#breadcrumb\",\"itemListElement\":[{\"@type\":\"ListItem\",\"position\":1,\"name\":\"Home\",\"item\":\"https:\/\/pugliamare.it\/\"},{\"@type\":\"ListItem\",\"position\":2,\"name\":\"Escursione in SUP alle grotte di Polignano a Mare\"}]},{\"@type\":\"WebSite\",\"@id\":\"https:\/\/pugliamare.it\/en\/#website\",\"url\":\"https:\/\/pugliamare.it\/en\/\",\"name\":\"Pugliamare\",\"description\":\"Esperienze, Soggiorni e Tour personalizzati in Puglia\",\"publisher\":{\"@id\":\"https:\/\/pugliamare.it\/en\/#organization\"},\"potentialAction\":[{\"@type\":\"SearchAction\",\"target\":{\"@type\":\"EntryPoint\",\"urlTemplate\":\"https:\/\/pugliamare.it\/en\/?s={search_term_string}\"},\"query-input\":\"required name=search_term_string\"}],\"inLanguage\":\"es\"},{\"@type\":\"Organization\",\"@id\":\"https:\/\/pugliamare.it\/en\/#organization\",\"name\":\"Pugliamare srl\",\"url\":\"https:\/\/pugliamare.it\/en\/\",\"logo\":{\"@type\":\"ImageObject\",\"inLanguage\":\"es\",\"@id\":\"https:\/\/pugliamare.it\/en\/#\/schema\/logo\/image\/\",\"url\":\"https:\/\/pugliamare.it\/wp-content\/uploads\/2021\/04\/cropped-cropped-Risorsa-2.png\",\"contentUrl\":\"https:\/\/pugliamare.it\/wp-content\/uploads\/2021\/04\/cropped-cropped-Risorsa-2.png\",\"width\":374,\"height\":117,\"caption\":\"Pugliamare srl\"},\"image\":{\"@id\":\"https:\/\/pugliamare.it\/en\/#\/schema\/logo\/image\/\"},\"sameAs\":[\"https:\/\/www.facebook.com\/pugliamarexperience\",\"https:\/\/www.instagram.com\/pugliamare\/\"]}]}<\/script>\n<!-- \/ Yoast SEO Premium plugin. -->","yoast_head_json":{"title":"Escursione in SUP delle grotte di Polignano a Mare | Pugliamare","description":"Esplora le grotte di Polignano a Mare con l\u2019escursione in SUP. Avventura, relax e paesaggi unici in un\u2019esperienza indimenticabile sul mare cristallino.","robots":{"index":"index","follow":"follow","max-snippet":"max-snippet:-1","max-image-preview":"max-image-preview:large","max-video-preview":"max-video-preview:-1"},"canonical":"https:\/\/pugliamare.it\/es\/esperienze\/escursione-in-sup-delle-grotte-di-polignano-a-mare\/","og_locale":"es_ES","og_type":"article","og_title":"Escursione in SUP alle grotte di Polignano a Mare","og_description":"Esplora le grotte di Polignano a Mare con l\u2019escursione in SUP. Avventura, relax e paesaggi unici in un\u2019esperienza indimenticabile sul mare cristallino.","og_url":"https:\/\/pugliamare.it\/es\/esperienze\/escursione-in-sup-delle-grotte-di-polignano-a-mare\/","og_site_name":"Pugliamare","article_publisher":"https:\/\/www.facebook.com\/pugliamarexperience","article_modified_time":"2025-10-28T14:59:53+00:00","og_image":[{"width":1000,"height":565,"url":"https:\/\/pugliamare.it\/wp-content\/uploads\/2023\/09\/sup_experience_polignano_pugliamare4-1000x565-1.jpg","type":"image\/jpeg"}],"twitter_card":"summary_large_image","schema":{"@context":"https:\/\/schema.org","@graph":[{"@type":"WebPage","@id":"https:\/\/pugliamare.it\/esperienze\/escursione-in-sup-delle-grotte-di-polignano-a-mare\/","url":"https:\/\/pugliamare.it\/esperienze\/escursione-in-sup-delle-grotte-di-polignano-a-mare\/","name":"Escursione in SUP delle grotte di Polignano a Mare | Pugliamare","isPartOf":{"@id":"https:\/\/pugliamare.it\/en\/#website"},"primaryImageOfPage":{"@id":"https:\/\/pugliamare.it\/esperienze\/escursione-in-sup-delle-grotte-di-polignano-a-mare\/#primaryimage"},"image":{"@id":"https:\/\/pugliamare.it\/esperienze\/escursione-in-sup-delle-grotte-di-polignano-a-mare\/#primaryimage"},"thumbnailUrl":"https:\/\/pugliamare.it\/wp-content\/uploads\/2023\/09\/sup_experience_polignano_pugliamare4-1000x565-1.jpg","datePublished":"2024-03-24T17:50:22+00:00","dateModified":"2025-10-28T14:59:53+00:00","description":"Esplora le grotte di Polignano a Mare con l\u2019escursione in SUP. Avventura, relax e paesaggi unici in un\u2019esperienza indimenticabile sul mare cristallino.","breadcrumb":{"@id":"https:\/\/pugliamare.it\/esperienze\/escursione-in-sup-delle-grotte-di-polignano-a-mare\/#breadcrumb"},"inLanguage":"es","potentialAction":[{"@type":"ReadAction","target":["https:\/\/pugliamare.it\/esperienze\/escursione-in-sup-delle-grotte-di-polignano-a-mare\/"]}]},{"@type":"ImageObject","inLanguage":"es","@id":"https:\/\/pugliamare.it\/esperienze\/escursione-in-sup-delle-grotte-di-polignano-a-mare\/#primaryimage","url":"https:\/\/pugliamare.it\/wp-content\/uploads\/2023\/09\/sup_experience_polignano_pugliamare4-1000x565-1.jpg","contentUrl":"https:\/\/pugliamare.it\/wp-content\/uploads\/2023\/09\/sup_experience_polignano_pugliamare4-1000x565-1.jpg","width":1000,"height":565,"caption":"Escursione in SUP tra le fantastiche grotte di Polignano a mare"},{"@type":"BreadcrumbList","@id":"https:\/\/pugliamare.it\/esperienze\/escursione-in-sup-delle-grotte-di-polignano-a-mare\/#breadcrumb","itemListElement":[{"@type":"ListItem","position":1,"name":"Home","item":"https:\/\/pugliamare.it\/"},{"@type":"ListItem","position":2,"name":"Escursione in SUP alle grotte di Polignano a Mare"}]},{"@type":"WebSite","@id":"https:\/\/pugliamare.it\/en\/#website","url":"https:\/\/pugliamare.it\/en\/","name":"Pugliamare","description":"Esperienze, Soggiorni e Tour personalizzati in Puglia","publisher":{"@id":"https:\/\/pugliamare.it\/en\/#organization"},"potentialAction":[{"@type":"SearchAction","target":{"@type":"EntryPoint","urlTemplate":"https:\/\/pugliamare.it\/en\/?s={search_term_string}"},"query-input":"required name=search_term_string"}],"inLanguage":"es"},{"@type":"Organization","@id":"https:\/\/pugliamare.it\/en\/#organization","name":"Pugliamare srl","url":"https:\/\/pugliamare.it\/en\/","logo":{"@type":"ImageObject","inLanguage":"es","@id":"https:\/\/pugliamare.it\/en\/#\/schema\/logo\/image\/","url":"https:\/\/pugliamare.it\/wp-content\/uploads\/2021\/04\/cropped-cropped-Risorsa-2.png","contentUrl":"https:\/\/pugliamare.it\/wp-content\/uploads\/2021\/04\/cropped-cropped-Risorsa-2.png","width":374,"height":117,"caption":"Pugliamare srl"},"image":{"@id":"https:\/\/pugliamare.it\/en\/#\/schema\/logo\/image\/"},"sameAs":["https:\/\/www.facebook.com\/pugliamarexperience","https:\/\/www.instagram.com\/pugliamare\/"]}]}},"_links":{"self":[{"href":"https:\/\/pugliamare.it\/es\/wp-json\/wp\/v2\/product\/20633"}],"collection":[{"href":"https:\/\/pugliamare.it\/es\/wp-json\/wp\/v2\/product"}],"about":[{"href":"https:\/\/pugliamare.it\/es\/wp-json\/wp\/v2\/types\/product"}],"version-history":[{"count":19,"href":"https:\/\/pugliamare.it\/es\/wp-json\/wp\/v2\/product\/20633\/revisions"}],"predecessor-version":[{"id":25787,"href":"https:\/\/pugliamare.it\/es\/wp-json\/wp\/v2\/product\/20633\/revisions\/25787"}],"wp:featuredmedia":[{"embeddable":true,"href":"https:\/\/pugliamare.it\/es\/wp-json\/wp\/v2\/media\/17975"}],"wp:attachment":[{"href":"https:\/\/pugliamare.it\/es\/wp-json\/wp\/v2\/media?parent=20633"}],"wp:term":[{"taxonomy":"product_cat","embeddable":true,"href":"https:\/\/pugliamare.it\/es\/wp-json\/wp\/v2\/product_cat?post=20633"},{"taxonomy":"product_tag","embeddable":true,"href":"https:\/\/pugliamare.it\/es\/wp-json\/wp\/v2\/product_tag?post=20633"}],"curies":[{"name":"wp","href":"https:\/\/api.w.org\/{rel}","templated":true}]}}