{"id":20634,"date":"2024-03-24T18:50:24","date_gmt":"2024-03-24T17:50:24","guid":{"rendered":"https:\/\/staging.pugliamare.it\/esperienze\/tour-in-barca-a-vela-di-polignano-a-mare\/"},"modified":"2025-10-28T15:56:25","modified_gmt":"2025-10-28T14:56:25","slug":"tour-in-barca-a-vela-di-polignano-a-mare","status":"publish","type":"product","link":"https:\/\/pugliamare.it\/es\/esperienze\/tour-in-barca-a-vela-di-polignano-a-mare\/","title":{"rendered":"Tour en Velero por Polignano a Mare - Cuevas, Relax y Aperitivo al Atardecer"},"content":{"rendered":"<h1 data-start=\"840\" data-end=\"898\"><strong>Una experiencia aut\u00e9ntica entre mar, viento y belleza<\/strong><\/h1>\n<p data-start=\"899\" data-end=\"1191\" class=\" translation-block\">Vive una aventura inolvidable con nuestro <strong data-start=\"947\" data-end=\"991\">tour en velero por Polignano a Mare<\/strong>, una excursi\u00f3n \u00fanica entre naturaleza, emoci\u00f3n y relax. D\u00e9jate llevar por el viento a lo largo de uno de los tramos m\u00e1s fascinantes de la costa pugliesa, entre paisajes de postal y una atm\u00f3sfera suspendida en el tiempo.<\/p>\n<h3 data-start=\"1193\" data-end=\"1242\"><strong>\ud83c\udf0a Navega entre calas y cuevas espectaculares<\/strong><\/h3>\n<p data-start=\"1243\" data-end=\"1563\" class=\" translation-block\">Explora el tramo costero entre Polignano y Monopoli: podr\u00e1s admirar los famosos acantilados que se alzan sobre el mar, las ic\u00f3nicas cuevas marinas, las calas rocosas y las playas m\u00e1s queridas de la zona como <strong data-start=\"1439\" data-end=\"1457\">Lama Monachile<\/strong>. Un viaje emocionante que te muestra la Puglia desde una perspectiva \u00fanica y privilegiada: la del mar.<\/p>\n<h3 data-start=\"1565\" data-end=\"1600\"><strong>\ud83e\udd3f Snorkel o relax a bordo<\/strong><\/h3>\n<p data-start=\"1601\" data-end=\"1636\">Durante el tour, podr\u00e1s decidir si:<\/p>\n<ul data-start=\"1637\" data-end=\"1778\">\n<li data-start=\"1637\" data-end=\"1697\">\n<p data-start=\"1639\" data-end=\"1697\">Sum\u00e9rgete en aguas cristalinas y practica snorkel entre los fondos marinos;<\/p>\n<\/li>\n<li data-start=\"1698\" data-end=\"1778\">\n<p data-start=\"1700\" data-end=\"1778\">O rel\u00e1jate en la cubierta, mecido por el mar, escuchando el sonido de las olas.<\/p>\n<\/li>\n<\/ul>\n<p data-start=\"1780\" data-end=\"1903\">Una mezcla perfecta de aventura y tranquilidad, ideal para parejas, familias o peque\u00f1os grupos en busca de experiencias aut\u00e9nticas.<\/p>\n<h3 data-start=\"1905\" data-end=\"1938\"><strong>\ud83c\udf77 Aperitivo con vista al mar<\/strong><\/h3>\n<p data-start=\"1939\" data-end=\"2158\" class=\" translation-block\">A bordo te espera un delicioso <strong data-start=\"1971\" data-end=\"2013\">aperitivo con productos t\u00edpicos puglieses<\/strong>, para hacer que tu excursi\u00f3n en velero sea a\u00fan m\u00e1s memorable. Un momento de placer para compartir mientras el sol acaricia el horizonte.<\/p>\n<h3 data-start=\"2160\" data-end=\"2178\"><strong>\u2693 Informaci\u00f3n \u00fatil<\/strong><\/h3>\n<p data-start=\"2179\" data-end=\"2206\">\ud83d\udccd <strong data-start=\"2182\" data-end=\"2203\">Puntos de partida<\/strong>:<\/p>\n<ul data-start=\"2207\" data-end=\"2367\">\n<li data-start=\"2207\" data-end=\"2289\">\n<p data-start=\"2209\" data-end=\"2231\"><strong data-start=\"2209\" data-end=\"2229\">Polignano a Mare<\/strong><\/p>\n<ul data-start=\"2309\" data-end=\"2367\">\n<li data-start=\"2234\" data-end=\"2289\">\n<p data-start=\"2236\" data-end=\"2289\">Tour compartido (3h30min): 09:00 | 13:00 | 17:00<\/p>\n<\/li>\n<\/ul>\n<\/li>\n<\/ul>\n<h4 data-start=\"2369\" data-end=\"2476\"><strong data-start=\"687\" data-end=\"720\">\ud83d\udcc5 Pol\u00edtica de cancelaci\u00f3n:<\/strong><\/h4>\n<p data-start=\"2369\" data-end=\"2476\">\u2714\ufe0f Cancelaci\u00f3n gratuita hasta 14 d\u00edas antes<br data-start=\"771\" data-end=\"774\" \/>\u274c No hay reembolso despu\u00e9s de este plazo.<\/p>\n<h3 data-start=\"2478\" data-end=\"2501\"><strong>\ud83c\udf1f Experiencias Relacionadas<\/strong><\/h3>\n<p data-start=\"2502\" data-end=\"2679\" class=\" translation-block\">\u00c9chale un vistazo tambi\u00e9n a nuestros otros <a href=\"https:\/\/pugliamare.it\/tipologia\/cruises\/\" target=\"_self\">tours en barco en Puglia<\/a>, ideales para explorar la costa de norte a sur.<\/p>\n<h3 data-start=\"2681\" data-end=\"2701\"><strong>Reserva ahora tu tour en velero<\/strong><\/h3>\n<p data-start=\"2702\" data-end=\"2915\" class=\" translation-block\">\u00bfTienes preguntas? \u00bfQuieres un tour a medida? <a href=\"https:\/\/api.whatsapp.com\/send?phone=393668959532\" target=\"_self\">Cont\u00e1ctanos<\/a>: estamos disponibles para organizar tu perfecto <strong data-start=\"2795\" data-end=\"2839\">tour en velero por Polignano a Mare<\/strong>. \u00a1Reserva ahora y prep\u00e1rate para vivir una experiencia \u00fanica en Puglia!<\/p>","protected":false},"excerpt":{"rendered":"<div class=\"flex flex-grow flex-col max-w-full\">\n<div class=\"min-h-[20px] text-message flex w-full flex-col items-end gap-2 whitespace-pre-wrap break-words [.text-message+&amp;]:mt-5 overflow-x-auto\" dir=\"auto\" data-message-author-role=\"assistant\" data-message-id=\"12b3ce7a-bc58-414b-bc54-2db5560ea796\">\n<div class=\"flex w-full flex-col gap-1 empty:hidden first:pt-[3px]\">\n<div class=\"markdown prose w-full break-words dark:prose-invert dark\">\n<p class=\" translation-block\">Zarpa para un emocionante <strong data-start=\"474\" data-end=\"518\">tour en velero por Polignano a Mare<\/strong>, descubriendo sus espectaculares cuevas y calas escondidas. Navega entre acantilados impresionantes y aguas cristalinas, relaj\u00e1ndote a bordo con un aperitivo y dej\u00e1ndote mecer por la brisa del Adri\u00e1tico. Una experiencia aut\u00e9ntica y rom\u00e1ntica para vivir la costa pugliesa desde una perspectiva exclusiva.<\/p>\n<\/div>\n<\/div>\n<\/div>\n<\/div>","protected":false},"featured_media":10529,"template":"","meta":{"_acf_changed":false,"inline_featured_image":false},"product_cat":[296],"product_tag":[290],"acf":[],"yoast_head":"<!-- This site is optimized with the Yoast SEO Premium plugin v22.8 (Yoast SEO v22.8) - https:\/\/yoast.com\/wordpress\/plugins\/seo\/ -->\n<title>Esperienza in barca a vela a Polignano - Naviga tra grotte e calette | Pugliamare<\/title>\n<meta name=\"description\" content=\"Vivi un tour in barca a vela di Polignano a Mare tra grotte marine e calette. Naviga, rilassati e gusta un aperitivo pugliese a bordo. Prenota ora!\" \/>\n<meta name=\"robots\" content=\"index, follow, max-snippet:-1, max-image-preview:large, max-video-preview:-1\" \/>\n<link rel=\"canonical\" href=\"https:\/\/pugliamare.it\/es\/esperienze\/tour-in-barca-a-vela-di-polignano-a-mare\/\" \/>\n<meta property=\"og:locale\" content=\"es_ES\" \/>\n<meta property=\"og:type\" content=\"article\" \/>\n<meta property=\"og:title\" content=\"Tour in Barca a Vela di Polignano a Mare - Grotte, Relax e Aperitivo al Tramonto\" \/>\n<meta property=\"og:description\" content=\"Vivi un tour in barca a vela di Polignano a Mare tra grotte marine e calette. Naviga, rilassati e gusta un aperitivo pugliese a bordo. Prenota ora!\" \/>\n<meta property=\"og:url\" content=\"https:\/\/pugliamare.it\/es\/esperienze\/tour-in-barca-a-vela-di-polignano-a-mare\/\" \/>\n<meta property=\"og:site_name\" content=\"Pugliamare\" \/>\n<meta property=\"article:publisher\" content=\"https:\/\/www.facebook.com\/pugliamarexperience\" \/>\n<meta property=\"article:modified_time\" content=\"2025-10-28T14:56:25+00:00\" \/>\n<meta property=\"og:image\" content=\"https:\/\/pugliamare.it\/wp-content\/uploads\/2022\/01\/barca-a-vela-bari-9.jpeg\" \/>\n\t<meta property=\"og:image:width\" content=\"1600\" \/>\n\t<meta property=\"og:image:height\" content=\"1200\" \/>\n\t<meta property=\"og:image:type\" content=\"image\/jpeg\" \/>\n<meta name=\"twitter:card\" content=\"summary_large_image\" \/>\n<script type=\"application\/ld+json\" class=\"yoast-schema-graph\">{\"@context\":\"https:\/\/schema.org\",\"@graph\":[{\"@type\":\"WebPage\",\"@id\":\"https:\/\/pugliamare.it\/esperienze\/tour-in-barca-a-vela-di-polignano-a-mare\/\",\"url\":\"https:\/\/pugliamare.it\/esperienze\/tour-in-barca-a-vela-di-polignano-a-mare\/\",\"name\":\"Esperienza in barca a vela a Polignano - Naviga tra grotte e calette | Pugliamare\",\"isPartOf\":{\"@id\":\"https:\/\/pugliamare.it\/en\/#website\"},\"primaryImageOfPage\":{\"@id\":\"https:\/\/pugliamare.it\/esperienze\/tour-in-barca-a-vela-di-polignano-a-mare\/#primaryimage\"},\"image\":{\"@id\":\"https:\/\/pugliamare.it\/esperienze\/tour-in-barca-a-vela-di-polignano-a-mare\/#primaryimage\"},\"thumbnailUrl\":\"https:\/\/pugliamare.it\/wp-content\/uploads\/2022\/01\/barca-a-vela-bari-9.jpeg\",\"datePublished\":\"2024-03-24T17:50:24+00:00\",\"dateModified\":\"2025-10-28T14:56:25+00:00\",\"description\":\"Vivi un tour in barca a vela di Polignano a Mare tra grotte marine e calette. Naviga, rilassati e gusta un aperitivo pugliese a bordo. Prenota ora!\",\"breadcrumb\":{\"@id\":\"https:\/\/pugliamare.it\/esperienze\/tour-in-barca-a-vela-di-polignano-a-mare\/#breadcrumb\"},\"inLanguage\":\"es\",\"potentialAction\":[{\"@type\":\"ReadAction\",\"target\":[\"https:\/\/pugliamare.it\/esperienze\/tour-in-barca-a-vela-di-polignano-a-mare\/\"]}]},{\"@type\":\"ImageObject\",\"inLanguage\":\"es\",\"@id\":\"https:\/\/pugliamare.it\/esperienze\/tour-in-barca-a-vela-di-polignano-a-mare\/#primaryimage\",\"url\":\"https:\/\/pugliamare.it\/wp-content\/uploads\/2022\/01\/barca-a-vela-bari-9.jpeg\",\"contentUrl\":\"https:\/\/pugliamare.it\/wp-content\/uploads\/2022\/01\/barca-a-vela-bari-9.jpeg\",\"width\":1600,\"height\":1200,\"caption\":\"Barca a Vela in navigazione durante il Tour di Polignano a Mare\"},{\"@type\":\"BreadcrumbList\",\"@id\":\"https:\/\/pugliamare.it\/esperienze\/tour-in-barca-a-vela-di-polignano-a-mare\/#breadcrumb\",\"itemListElement\":[{\"@type\":\"ListItem\",\"position\":1,\"name\":\"Home\",\"item\":\"https:\/\/pugliamare.it\/\"},{\"@type\":\"ListItem\",\"position\":2,\"name\":\"Tour in Barca a Vela di Polignano a Mare &#8211; Grotte, Relax e Aperitivo al Tramonto\"}]},{\"@type\":\"WebSite\",\"@id\":\"https:\/\/pugliamare.it\/en\/#website\",\"url\":\"https:\/\/pugliamare.it\/en\/\",\"name\":\"Pugliamare\",\"description\":\"Esperienze, Soggiorni e Tour personalizzati in Puglia\",\"publisher\":{\"@id\":\"https:\/\/pugliamare.it\/en\/#organization\"},\"potentialAction\":[{\"@type\":\"SearchAction\",\"target\":{\"@type\":\"EntryPoint\",\"urlTemplate\":\"https:\/\/pugliamare.it\/en\/?s={search_term_string}\"},\"query-input\":\"required name=search_term_string\"}],\"inLanguage\":\"es\"},{\"@type\":\"Organization\",\"@id\":\"https:\/\/pugliamare.it\/en\/#organization\",\"name\":\"Pugliamare srl\",\"url\":\"https:\/\/pugliamare.it\/en\/\",\"logo\":{\"@type\":\"ImageObject\",\"inLanguage\":\"es\",\"@id\":\"https:\/\/pugliamare.it\/en\/#\/schema\/logo\/image\/\",\"url\":\"https:\/\/pugliamare.it\/wp-content\/uploads\/2021\/04\/cropped-cropped-Risorsa-2.png\",\"contentUrl\":\"https:\/\/pugliamare.it\/wp-content\/uploads\/2021\/04\/cropped-cropped-Risorsa-2.png\",\"width\":374,\"height\":117,\"caption\":\"Pugliamare srl\"},\"image\":{\"@id\":\"https:\/\/pugliamare.it\/en\/#\/schema\/logo\/image\/\"},\"sameAs\":[\"https:\/\/www.facebook.com\/pugliamarexperience\",\"https:\/\/www.instagram.com\/pugliamare\/\"]}]}<\/script>\n<!-- \/ Yoast SEO Premium plugin. -->","yoast_head_json":{"title":"Esperienza in barca a vela a Polignano - Naviga tra grotte e calette | Pugliamare","description":"Vivi un tour in barca a vela di Polignano a Mare tra grotte marine e calette. Naviga, rilassati e gusta un aperitivo pugliese a bordo. Prenota ora!","robots":{"index":"index","follow":"follow","max-snippet":"max-snippet:-1","max-image-preview":"max-image-preview:large","max-video-preview":"max-video-preview:-1"},"canonical":"https:\/\/pugliamare.it\/es\/esperienze\/tour-in-barca-a-vela-di-polignano-a-mare\/","og_locale":"es_ES","og_type":"article","og_title":"Tour in Barca a Vela di Polignano a Mare - Grotte, Relax e Aperitivo al Tramonto","og_description":"Vivi un tour in barca a vela di Polignano a Mare tra grotte marine e calette. Naviga, rilassati e gusta un aperitivo pugliese a bordo. Prenota ora!","og_url":"https:\/\/pugliamare.it\/es\/esperienze\/tour-in-barca-a-vela-di-polignano-a-mare\/","og_site_name":"Pugliamare","article_publisher":"https:\/\/www.facebook.com\/pugliamarexperience","article_modified_time":"2025-10-28T14:56:25+00:00","og_image":[{"width":1600,"height":1200,"url":"https:\/\/pugliamare.it\/wp-content\/uploads\/2022\/01\/barca-a-vela-bari-9.jpeg","type":"image\/jpeg"}],"twitter_card":"summary_large_image","schema":{"@context":"https:\/\/schema.org","@graph":[{"@type":"WebPage","@id":"https:\/\/pugliamare.it\/esperienze\/tour-in-barca-a-vela-di-polignano-a-mare\/","url":"https:\/\/pugliamare.it\/esperienze\/tour-in-barca-a-vela-di-polignano-a-mare\/","name":"Esperienza in barca a vela a Polignano - Naviga tra grotte e calette | Pugliamare","isPartOf":{"@id":"https:\/\/pugliamare.it\/en\/#website"},"primaryImageOfPage":{"@id":"https:\/\/pugliamare.it\/esperienze\/tour-in-barca-a-vela-di-polignano-a-mare\/#primaryimage"},"image":{"@id":"https:\/\/pugliamare.it\/esperienze\/tour-in-barca-a-vela-di-polignano-a-mare\/#primaryimage"},"thumbnailUrl":"https:\/\/pugliamare.it\/wp-content\/uploads\/2022\/01\/barca-a-vela-bari-9.jpeg","datePublished":"2024-03-24T17:50:24+00:00","dateModified":"2025-10-28T14:56:25+00:00","description":"Vivi un tour in barca a vela di Polignano a Mare tra grotte marine e calette. Naviga, rilassati e gusta un aperitivo pugliese a bordo. Prenota ora!","breadcrumb":{"@id":"https:\/\/pugliamare.it\/esperienze\/tour-in-barca-a-vela-di-polignano-a-mare\/#breadcrumb"},"inLanguage":"es","potentialAction":[{"@type":"ReadAction","target":["https:\/\/pugliamare.it\/esperienze\/tour-in-barca-a-vela-di-polignano-a-mare\/"]}]},{"@type":"ImageObject","inLanguage":"es","@id":"https:\/\/pugliamare.it\/esperienze\/tour-in-barca-a-vela-di-polignano-a-mare\/#primaryimage","url":"https:\/\/pugliamare.it\/wp-content\/uploads\/2022\/01\/barca-a-vela-bari-9.jpeg","contentUrl":"https:\/\/pugliamare.it\/wp-content\/uploads\/2022\/01\/barca-a-vela-bari-9.jpeg","width":1600,"height":1200,"caption":"Barca a Vela in navigazione durante il Tour di Polignano a Mare"},{"@type":"BreadcrumbList","@id":"https:\/\/pugliamare.it\/esperienze\/tour-in-barca-a-vela-di-polignano-a-mare\/#breadcrumb","itemListElement":[{"@type":"ListItem","position":1,"name":"Home","item":"https:\/\/pugliamare.it\/"},{"@type":"ListItem","position":2,"name":"Tour in Barca a Vela di Polignano a Mare &#8211; Grotte, Relax e Aperitivo al Tramonto"}]},{"@type":"WebSite","@id":"https:\/\/pugliamare.it\/en\/#website","url":"https:\/\/pugliamare.it\/en\/","name":"Pugliamare","description":"Esperienze, Soggiorni e Tour personalizzati in Puglia","publisher":{"@id":"https:\/\/pugliamare.it\/en\/#organization"},"potentialAction":[{"@type":"SearchAction","target":{"@type":"EntryPoint","urlTemplate":"https:\/\/pugliamare.it\/en\/?s={search_term_string}"},"query-input":"required name=search_term_string"}],"inLanguage":"es"},{"@type":"Organization","@id":"https:\/\/pugliamare.it\/en\/#organization","name":"Pugliamare srl","url":"https:\/\/pugliamare.it\/en\/","logo":{"@type":"ImageObject","inLanguage":"es","@id":"https:\/\/pugliamare.it\/en\/#\/schema\/logo\/image\/","url":"https:\/\/pugliamare.it\/wp-content\/uploads\/2021\/04\/cropped-cropped-Risorsa-2.png","contentUrl":"https:\/\/pugliamare.it\/wp-content\/uploads\/2021\/04\/cropped-cropped-Risorsa-2.png","width":374,"height":117,"caption":"Pugliamare srl"},"image":{"@id":"https:\/\/pugliamare.it\/en\/#\/schema\/logo\/image\/"},"sameAs":["https:\/\/www.facebook.com\/pugliamarexperience","https:\/\/www.instagram.com\/pugliamare\/"]}]}},"_links":{"self":[{"href":"https:\/\/pugliamare.it\/es\/wp-json\/wp\/v2\/product\/20634"}],"collection":[{"href":"https:\/\/pugliamare.it\/es\/wp-json\/wp\/v2\/product"}],"about":[{"href":"https:\/\/pugliamare.it\/es\/wp-json\/wp\/v2\/types\/product"}],"version-history":[{"count":22,"href":"https:\/\/pugliamare.it\/es\/wp-json\/wp\/v2\/product\/20634\/revisions"}],"predecessor-version":[{"id":36673,"href":"https:\/\/pugliamare.it\/es\/wp-json\/wp\/v2\/product\/20634\/revisions\/36673"}],"wp:featuredmedia":[{"embeddable":true,"href":"https:\/\/pugliamare.it\/es\/wp-json\/wp\/v2\/media\/10529"}],"wp:attachment":[{"href":"https:\/\/pugliamare.it\/es\/wp-json\/wp\/v2\/media?parent=20634"}],"wp:term":[{"taxonomy":"product_cat","embeddable":true,"href":"https:\/\/pugliamare.it\/es\/wp-json\/wp\/v2\/product_cat?post=20634"},{"taxonomy":"product_tag","embeddable":true,"href":"https:\/\/pugliamare.it\/es\/wp-json\/wp\/v2\/product_tag?post=20634"}],"curies":[{"name":"wp","href":"https:\/\/api.w.org\/{rel}","templated":true}]}}