{"id":20638,"date":"2024-03-24T18:50:36","date_gmt":"2024-03-24T17:50:36","guid":{"rendered":"https:\/\/staging.pugliamare.it\/esperienze\/tour-in-barca-a-otranto\/"},"modified":"2025-08-05T15:03:41","modified_gmt":"2025-08-05T13:03:41","slug":"tour-in-barca-a-otranto","status":"publish","type":"product","link":"https:\/\/pugliamare.it\/es\/esperienze\/tour-in-barca-a-otranto\/","title":{"rendered":"Tour en Barco en Otranto \u2013 Grutas, Acantilados y Aperitivo a Bordo"},"content":{"rendered":"<div class=\"column\">\n<h1><strong>Sube a bordo y descubre la magia de la costa de Otranto con nuestro exclusivo tour en barco!<\/strong><\/h1>\n<p data-start=\"1268\" data-end=\"1530\" class=\" translation-block\">Descubre la belleza impresionante del Salento con un inolvidable <strong>tour en barco en Otranto<\/strong>, perfecto para quienes desean vivir el mar de Apulia desde una perspectiva \u00fanica. Sube a bordo y d\u00e9jate mecer por las olas a lo largo de una de las costas m\u00e1s pintorescas de Italia.<\/p>\n<h3 data-start=\"1532\" data-end=\"1584\"><strong>\ud83e\udded Itinerario flexible: costa sur o costa norte<\/strong><\/h3>\n<p data-start=\"1586\" data-end=\"1717\">La ruta del tour en barco var\u00eda seg\u00fan las condiciones del mar y el clima, garantiz\u00e1ndote siempre lo mejor que Otranto puede ofrecer:<\/p>\n<h4 data-start=\"1719\" data-end=\"1765\">\ud83c\udf05 Costa sur (en caso de viento del norte)<\/h4>\n<ul data-start=\"1766\" data-end=\"1988\">\n<li data-start=\"1766\" data-end=\"1788\">\n<p data-start=\"1768\" data-end=\"1788\">Torre del Serpente<\/p>\n<\/li>\n<li data-start=\"1789\" data-end=\"1808\">\n<p data-start=\"1791\" data-end=\"1808\">Baia delle Orte<\/p>\n<\/li>\n<li data-start=\"1809\" data-end=\"1827\">\n<p data-start=\"1811\" data-end=\"1827\">Capo d\u2019Otranto<\/p>\n<\/li>\n<li data-start=\"1828\" data-end=\"1842\">\n<p data-start=\"1830\" data-end=\"1842\">Punta Fac\u00ec<\/p>\n<\/li>\n<li data-start=\"1843\" data-end=\"1860\">\n<p data-start=\"1845\" data-end=\"1860\">Porto Badisco<\/p>\n<\/li>\n<li data-start=\"1861\" data-end=\"1878\">\n<p data-start=\"1863\" data-end=\"1878\">Sant\u2019Emiliano<\/p>\n<\/li>\n<li data-start=\"1879\" data-end=\"1900\">\n<p data-start=\"1881\" data-end=\"1900\">Grotta delle Rose<\/p>\n<\/li>\n<li data-start=\"1901\" data-end=\"1924\">\n<p data-start=\"1903\" data-end=\"1924\">Grotta della Fraula<\/p>\n<\/li>\n<li data-start=\"1925\" data-end=\"1948\">\n<p data-start=\"1927\" data-end=\"1948\">Santa Cesarea Terme<\/p>\n<\/li>\n<li data-start=\"1949\" data-end=\"1969\">\n<p data-start=\"1951\" data-end=\"1969\">Grotta Zinzulusa<\/p>\n<\/li>\n<li data-start=\"1970\" data-end=\"1988\">\n<p data-start=\"1972\" data-end=\"1988\">La Gruta Azul<\/p>\n<\/li>\n<\/ul>\n<h4 data-start=\"1990\" data-end=\"2037\">\ud83c\udfd6\ufe0f Costa norte (en caso de viento del sur)<\/h4>\n<ul data-start=\"2038\" data-end=\"2187\">\n<li data-start=\"2038\" data-end=\"2056\">\n<p data-start=\"2040\" data-end=\"2056\">Mulino d\u2019Acqua<\/p>\n<\/li>\n<li data-start=\"2057\" data-end=\"2075\">\n<p data-start=\"2059\" data-end=\"2075\">Cale d\u2019Otranto<\/p>\n<\/li>\n<li data-start=\"2076\" data-end=\"2093\">\n<p data-start=\"2078\" data-end=\"2093\">Santo Stefano<\/p>\n<\/li>\n<li data-start=\"2094\" data-end=\"2113\">\n<p data-start=\"2096\" data-end=\"2113\">Baia dei Turchi<\/p>\n<\/li>\n<li data-start=\"2114\" data-end=\"2125\">\n<p data-start=\"2116\" data-end=\"2125\">Alimini<\/p>\n<\/li>\n<li data-start=\"2126\" data-end=\"2147\">\n<p data-start=\"2128\" data-end=\"2147\">Conca Specchiulla<\/p>\n<\/li>\n<li data-start=\"2148\" data-end=\"2165\">\n<p data-start=\"2150\" data-end=\"2165\">La Punticella<\/p>\n<\/li>\n<li data-start=\"2166\" data-end=\"2187\">\n<p data-start=\"2168\" data-end=\"2187\">Torre Sant\u2019Andrea<\/p>\n<\/li>\n<\/ul>\n<p data-start=\"2189\" data-end=\"2286\">Cada rinc\u00f3n ofrece paisajes espectaculares, perfectos para fotos de ensue\u00f1o y momentos de puro relax.<\/p>\n<h3 data-start=\"2288\" data-end=\"2342\"><strong>\ud83c\udfca\u200d\u2642\ufe0f Ba\u00f1os revitalizantes y aperitivo t\u00edpico a bordo<\/strong><\/h3>\n<p data-start=\"2344\" data-end=\"2626\" class=\" translation-block\">Durante el <strong data-start=\"2355\" data-end=\"2382\">tour en barco en Otranto<\/strong>, haremos varias paradas para que puedas nadar en las aguas cristalinas del Mar Adri\u00e1tico. A bordo, podr\u00e1s disfrutar de un sabroso <strong data-start=\"2506\" data-end=\"2529\">aperitivo salentino<\/strong>, con productos locales seleccionados, acompa\u00f1ado de una copa de vino o una bebida fresca.<\/p>\n<h3 data-start=\"2628\" data-end=\"2666\"><strong>\ud83d\udea4 Comodidad y hospitalidad garantizadas<\/strong><\/h3>\n<p data-start=\"2668\" data-end=\"2899\">Nuestra embarcaci\u00f3n est\u00e1 equipada con todas las comodidades para garantizarte una experiencia relajante y segura. La tripulaci\u00f3n estar\u00e1 a tu disposici\u00f3n para contarte curiosidades, ofrecer consejos y acompa\u00f1arte con total tranquilidad durante todo el recorrido.<\/p>\n<h3 data-start=\"2906\" data-end=\"2922\"><strong>\ud83d\udcc5 Informaci\u00f3n \u00fatil<\/strong><\/h3>\n<ul data-start=\"2924\" data-end=\"3264\">\n<li data-start=\"2924\" data-end=\"2951\">\n<p data-start=\"2926\" data-end=\"2951\" class=\" translation-block\"><strong>Duraci\u00f3n:<\/strong> unas 3 horas<\/p>\n<\/li>\n<li data-start=\"2952\" data-end=\"3001\">\n<p data-start=\"2954\" data-end=\"3001\" class=\" translation-block\"><strong data-start=\"2954\" data-end=\"2966\">Salidas<\/strong>: todos los d\u00edas (sujeto a condiciones meteorol\u00f3gicas)<\/p>\n<\/li>\n<li data-start=\"3002\" data-end=\"3046\">\n<p data-start=\"3004\" data-end=\"3046\" class=\" translation-block\"><strong data-start=\"3004\" data-end=\"3014\">Horario<\/strong>: comunicado al hacer la reserva<\/p>\n<\/li>\n<li data-start=\"3047\" data-end=\"3088\">\n<p data-start=\"3049\" data-end=\"3088\" class=\" translation-block\"><strong data-start=\"3049\" data-end=\"3068\">Lugar de embarque<\/strong>: Puerto de Otranto<\/p>\n<\/li>\n<li data-start=\"3089\" data-end=\"3131\">\n<p data-start=\"3091\" data-end=\"3131\" class=\" translation-block\"><strong data-start=\"3091\" data-end=\"3109\">Idiomas hablados<\/strong>: Italiano e Ingl\u00e9s<\/p>\n<\/li>\n<li data-start=\"3132\" data-end=\"3165\">\n<p data-start=\"3134\" data-end=\"3165\"><strong data-start=\"3134\" data-end=\"3163\">Aperitivo a bordo incluido<\/strong><\/p>\n<\/li>\n<li data-start=\"3166\" data-end=\"3215\">\n<p data-start=\"3168\" data-end=\"3215\" class=\" translation-block\"><strong data-start=\"3168\" data-end=\"3184\">Qu\u00e9 llevar<\/strong>: traje de ba\u00f1o, toalla, crema solar<\/p>\n<\/li>\n<li data-start=\"3216\" data-end=\"3264\">\n<p data-start=\"3218\" data-end=\"3264\" class=\" translation-block\"><strong data-start=\"3218\" data-end=\"3230\">Check-in<\/strong>: 20 minutos antes de la salida<\/p>\n<\/li>\n<\/ul>\n<h3 data-start=\"3271\" data-end=\"3317\">\ud83c\udf1f<strong> \u00bfQuieres vivir m\u00e1s la magia del Salento?<\/strong><\/h3>\n<p data-start=\"3319\" data-end=\"3777\" class=\" translation-block\">Despu\u00e9s de tu <strong data-start=\"3331\" data-end=\"3358\">tour en barco en Otranto<\/strong>, contin\u00faa explorando Puglia con nuestras experiencias aut\u00e9nticas!<br data-start=\"3427\" data-end=\"3430\">Podr\u00edas poner manos a la obra con una <a href=\"https:\/\/pugliamare.it\/esperienze\/lezione-di-cucina-pugliese-polignano-a-mare\/\" target=\"_self\">clase de cocina pugliese<\/a> en el coraz\u00f3n de Polignano, o descubrir los secretos de los productos l\u00e1cteos locales con una <a href=\"https:\/\/pugliamare.it\/esperienze\/visita-al-caseificio-e-degustazione\/\" target=\"_self\">visita guiada a la masser\u00eda y degustaci\u00f3n<\/a>. Si amas el mar, no te pierdas nuestras <a href=\"https:\/\/pugliamare.it\/tipologia\/cruises\/\" target=\"_self\">excursiones en barco<\/a> tambi\u00e9n en Polignano a Mare, con aperitivos al atardecer y cuevas espectaculares por descubrir.<\/p>\n<p data-start=\"3779\" data-end=\"3893\">Cada experiencia est\u00e1 pensada para que saborees lo mejor de la cultura, el paisaje y la tradici\u00f3n pugliese.<\/p>\n<hr data-start=\"3895\" data-end=\"3898\" \/>\n<h3 data-start=\"3900\" data-end=\"3952\" class=\" translation-block\">Reserva ahora tu <strong data-start=\"3925\" data-end=\"3952\">tour en barco en Otranto<\/strong><\/h3>\n<p data-start=\"3954\" data-end=\"4178\" class=\" translation-block\">No pierdas la oportunidad de vivir el mar del Salento como nunca antes. Relax, ba\u00f1os, paisajes de postal y sabores locales en una sola experiencia.<br data-start=\"4119\" data-end=\"4122\"><a href=\"https:\/\/api.whatsapp.com\/send?phone=393668959532\" target=\"_self\">Cont\u00e1ctanos<\/a> para informaci\u00f3n o reservas, \u00a1y zarpa con nosotros!<\/p>\n<\/div>","protected":false},"excerpt":{"rendered":"<p data-start=\"726\" data-end=\"1143\" class=\" translation-block\">Emprende un fascinante <strong>tour en barco en Otranto<\/strong> y d\u00e9jate cautivar por la costa del Salento. \u00a1Grutas misteriosas, imponentes acantilados y bah\u00edas secretas te esperan! Durante la navegaci\u00f3n, podr\u00e1s nadar en aguas cristalinas y disfrutar de un delicioso <strong>aperitivo<\/strong> a bordo con especialidades locales. El itinerario puede variar seg\u00fan las condiciones meteorol\u00f3gicas, explorando la costa norte o sur. Una experiencia inolvidable entre naturaleza y relax.<\/p>","protected":false},"featured_media":7546,"template":"","meta":{"_acf_changed":false,"inline_featured_image":false},"product_cat":[296],"product_tag":[290],"acf":[],"yoast_head":"<!-- This site is optimized with the Yoast SEO Premium plugin v22.8 (Yoast SEO v22.8) - https:\/\/yoast.com\/wordpress\/plugins\/seo\/ -->\n<title>Tour in Barca a Otranto con Aperitivo | Pugliamare<\/title>\n<meta name=\"description\" content=\"Scopri la costa salentina con un tour in barca a Otranto tra grotte, calette e aperitivo tipico. Tuffi, relax e panorami indimenticabili. Prenota Ora!\" \/>\n<meta name=\"robots\" content=\"index, follow, max-snippet:-1, max-image-preview:large, max-video-preview:-1\" \/>\n<link rel=\"canonical\" href=\"https:\/\/pugliamare.it\/es\/esperienze\/tour-in-barca-a-otranto\/\" \/>\n<meta property=\"og:locale\" content=\"es_ES\" \/>\n<meta property=\"og:type\" content=\"article\" \/>\n<meta property=\"og:title\" content=\"Tour in barca a Otranto - Grotte, Scogliere e Aperitivo a bordo\" \/>\n<meta property=\"og:description\" content=\"Scopri la costa salentina con un tour in barca a Otranto tra grotte, calette e aperitivo tipico. Tuffi, relax e panorami indimenticabili. Prenota Ora!\" \/>\n<meta property=\"og:url\" content=\"https:\/\/pugliamare.it\/es\/esperienze\/tour-in-barca-a-otranto\/\" \/>\n<meta property=\"og:site_name\" content=\"Pugliamare\" \/>\n<meta property=\"article:publisher\" content=\"https:\/\/www.facebook.com\/pugliamarexperience\" \/>\n<meta property=\"article:modified_time\" content=\"2025-08-05T13:03:41+00:00\" \/>\n<meta property=\"og:image\" content=\"https:\/\/pugliamare.it\/wp-content\/uploads\/2021\/05\/otranto_santandrea_tour_barca_pugliamare.jpg\" \/>\n\t<meta property=\"og:image:width\" content=\"1050\" \/>\n\t<meta property=\"og:image:height\" content=\"700\" \/>\n\t<meta property=\"og:image:type\" content=\"image\/jpeg\" \/>\n<meta name=\"twitter:card\" content=\"summary_large_image\" \/>\n<script type=\"application\/ld+json\" class=\"yoast-schema-graph\">{\"@context\":\"https:\/\/schema.org\",\"@graph\":[{\"@type\":\"WebPage\",\"@id\":\"https:\/\/pugliamare.it\/esperienze\/tour-in-barca-a-otranto\/\",\"url\":\"https:\/\/pugliamare.it\/esperienze\/tour-in-barca-a-otranto\/\",\"name\":\"Tour in Barca a Otranto con Aperitivo | Pugliamare\",\"isPartOf\":{\"@id\":\"https:\/\/pugliamare.it\/en\/#website\"},\"primaryImageOfPage\":{\"@id\":\"https:\/\/pugliamare.it\/esperienze\/tour-in-barca-a-otranto\/#primaryimage\"},\"image\":{\"@id\":\"https:\/\/pugliamare.it\/esperienze\/tour-in-barca-a-otranto\/#primaryimage\"},\"thumbnailUrl\":\"https:\/\/pugliamare.it\/wp-content\/uploads\/2021\/05\/otranto_santandrea_tour_barca_pugliamare.jpg\",\"datePublished\":\"2024-03-24T17:50:36+00:00\",\"dateModified\":\"2025-08-05T13:03:41+00:00\",\"description\":\"Scopri la costa salentina con un tour in barca a Otranto tra grotte, calette e aperitivo tipico. Tuffi, relax e panorami indimenticabili. Prenota Ora!\",\"breadcrumb\":{\"@id\":\"https:\/\/pugliamare.it\/esperienze\/tour-in-barca-a-otranto\/#breadcrumb\"},\"inLanguage\":\"es\",\"potentialAction\":[{\"@type\":\"ReadAction\",\"target\":[\"https:\/\/pugliamare.it\/esperienze\/tour-in-barca-a-otranto\/\"]}]},{\"@type\":\"ImageObject\",\"inLanguage\":\"es\",\"@id\":\"https:\/\/pugliamare.it\/esperienze\/tour-in-barca-a-otranto\/#primaryimage\",\"url\":\"https:\/\/pugliamare.it\/wp-content\/uploads\/2021\/05\/otranto_santandrea_tour_barca_pugliamare.jpg\",\"contentUrl\":\"https:\/\/pugliamare.it\/wp-content\/uploads\/2021\/05\/otranto_santandrea_tour_barca_pugliamare.jpg\",\"width\":1050,\"height\":700,\"caption\":\"Meravigliosa scogliera ad Otranto visitabile con il Tour in Barca\"},{\"@type\":\"BreadcrumbList\",\"@id\":\"https:\/\/pugliamare.it\/esperienze\/tour-in-barca-a-otranto\/#breadcrumb\",\"itemListElement\":[{\"@type\":\"ListItem\",\"position\":1,\"name\":\"Home\",\"item\":\"https:\/\/pugliamare.it\/\"},{\"@type\":\"ListItem\",\"position\":2,\"name\":\"Tour in barca a Otranto &#8211; Grotte, Scogliere e Aperitivo a bordo\"}]},{\"@type\":\"WebSite\",\"@id\":\"https:\/\/pugliamare.it\/en\/#website\",\"url\":\"https:\/\/pugliamare.it\/en\/\",\"name\":\"Pugliamare\",\"description\":\"Esperienze, Soggiorni e Tour personalizzati in Puglia\",\"publisher\":{\"@id\":\"https:\/\/pugliamare.it\/en\/#organization\"},\"potentialAction\":[{\"@type\":\"SearchAction\",\"target\":{\"@type\":\"EntryPoint\",\"urlTemplate\":\"https:\/\/pugliamare.it\/en\/?s={search_term_string}\"},\"query-input\":\"required name=search_term_string\"}],\"inLanguage\":\"es\"},{\"@type\":\"Organization\",\"@id\":\"https:\/\/pugliamare.it\/en\/#organization\",\"name\":\"Pugliamare srl\",\"url\":\"https:\/\/pugliamare.it\/en\/\",\"logo\":{\"@type\":\"ImageObject\",\"inLanguage\":\"es\",\"@id\":\"https:\/\/pugliamare.it\/en\/#\/schema\/logo\/image\/\",\"url\":\"https:\/\/pugliamare.it\/wp-content\/uploads\/2021\/04\/cropped-cropped-Risorsa-2.png\",\"contentUrl\":\"https:\/\/pugliamare.it\/wp-content\/uploads\/2021\/04\/cropped-cropped-Risorsa-2.png\",\"width\":374,\"height\":117,\"caption\":\"Pugliamare srl\"},\"image\":{\"@id\":\"https:\/\/pugliamare.it\/en\/#\/schema\/logo\/image\/\"},\"sameAs\":[\"https:\/\/www.facebook.com\/pugliamarexperience\",\"https:\/\/www.instagram.com\/pugliamare\/\"]}]}<\/script>\n<!-- \/ Yoast SEO Premium plugin. -->","yoast_head_json":{"title":"Tour in Barca a Otranto con Aperitivo | Pugliamare","description":"Scopri la costa salentina con un tour in barca a Otranto tra grotte, calette e aperitivo tipico. Tuffi, relax e panorami indimenticabili. Prenota Ora!","robots":{"index":"index","follow":"follow","max-snippet":"max-snippet:-1","max-image-preview":"max-image-preview:large","max-video-preview":"max-video-preview:-1"},"canonical":"https:\/\/pugliamare.it\/es\/esperienze\/tour-in-barca-a-otranto\/","og_locale":"es_ES","og_type":"article","og_title":"Tour in barca a Otranto - Grotte, Scogliere e Aperitivo a bordo","og_description":"Scopri la costa salentina con un tour in barca a Otranto tra grotte, calette e aperitivo tipico. Tuffi, relax e panorami indimenticabili. Prenota Ora!","og_url":"https:\/\/pugliamare.it\/es\/esperienze\/tour-in-barca-a-otranto\/","og_site_name":"Pugliamare","article_publisher":"https:\/\/www.facebook.com\/pugliamarexperience","article_modified_time":"2025-08-05T13:03:41+00:00","og_image":[{"width":1050,"height":700,"url":"https:\/\/pugliamare.it\/wp-content\/uploads\/2021\/05\/otranto_santandrea_tour_barca_pugliamare.jpg","type":"image\/jpeg"}],"twitter_card":"summary_large_image","schema":{"@context":"https:\/\/schema.org","@graph":[{"@type":"WebPage","@id":"https:\/\/pugliamare.it\/esperienze\/tour-in-barca-a-otranto\/","url":"https:\/\/pugliamare.it\/esperienze\/tour-in-barca-a-otranto\/","name":"Tour in Barca a Otranto con Aperitivo | Pugliamare","isPartOf":{"@id":"https:\/\/pugliamare.it\/en\/#website"},"primaryImageOfPage":{"@id":"https:\/\/pugliamare.it\/esperienze\/tour-in-barca-a-otranto\/#primaryimage"},"image":{"@id":"https:\/\/pugliamare.it\/esperienze\/tour-in-barca-a-otranto\/#primaryimage"},"thumbnailUrl":"https:\/\/pugliamare.it\/wp-content\/uploads\/2021\/05\/otranto_santandrea_tour_barca_pugliamare.jpg","datePublished":"2024-03-24T17:50:36+00:00","dateModified":"2025-08-05T13:03:41+00:00","description":"Scopri la costa salentina con un tour in barca a Otranto tra grotte, calette e aperitivo tipico. Tuffi, relax e panorami indimenticabili. Prenota Ora!","breadcrumb":{"@id":"https:\/\/pugliamare.it\/esperienze\/tour-in-barca-a-otranto\/#breadcrumb"},"inLanguage":"es","potentialAction":[{"@type":"ReadAction","target":["https:\/\/pugliamare.it\/esperienze\/tour-in-barca-a-otranto\/"]}]},{"@type":"ImageObject","inLanguage":"es","@id":"https:\/\/pugliamare.it\/esperienze\/tour-in-barca-a-otranto\/#primaryimage","url":"https:\/\/pugliamare.it\/wp-content\/uploads\/2021\/05\/otranto_santandrea_tour_barca_pugliamare.jpg","contentUrl":"https:\/\/pugliamare.it\/wp-content\/uploads\/2021\/05\/otranto_santandrea_tour_barca_pugliamare.jpg","width":1050,"height":700,"caption":"Meravigliosa scogliera ad Otranto visitabile con il Tour in Barca"},{"@type":"BreadcrumbList","@id":"https:\/\/pugliamare.it\/esperienze\/tour-in-barca-a-otranto\/#breadcrumb","itemListElement":[{"@type":"ListItem","position":1,"name":"Home","item":"https:\/\/pugliamare.it\/"},{"@type":"ListItem","position":2,"name":"Tour in barca a Otranto &#8211; Grotte, Scogliere e Aperitivo a bordo"}]},{"@type":"WebSite","@id":"https:\/\/pugliamare.it\/en\/#website","url":"https:\/\/pugliamare.it\/en\/","name":"Pugliamare","description":"Esperienze, Soggiorni e Tour personalizzati in Puglia","publisher":{"@id":"https:\/\/pugliamare.it\/en\/#organization"},"potentialAction":[{"@type":"SearchAction","target":{"@type":"EntryPoint","urlTemplate":"https:\/\/pugliamare.it\/en\/?s={search_term_string}"},"query-input":"required name=search_term_string"}],"inLanguage":"es"},{"@type":"Organization","@id":"https:\/\/pugliamare.it\/en\/#organization","name":"Pugliamare srl","url":"https:\/\/pugliamare.it\/en\/","logo":{"@type":"ImageObject","inLanguage":"es","@id":"https:\/\/pugliamare.it\/en\/#\/schema\/logo\/image\/","url":"https:\/\/pugliamare.it\/wp-content\/uploads\/2021\/04\/cropped-cropped-Risorsa-2.png","contentUrl":"https:\/\/pugliamare.it\/wp-content\/uploads\/2021\/04\/cropped-cropped-Risorsa-2.png","width":374,"height":117,"caption":"Pugliamare srl"},"image":{"@id":"https:\/\/pugliamare.it\/en\/#\/schema\/logo\/image\/"},"sameAs":["https:\/\/www.facebook.com\/pugliamarexperience","https:\/\/www.instagram.com\/pugliamare\/"]}]}},"_links":{"self":[{"href":"https:\/\/pugliamare.it\/es\/wp-json\/wp\/v2\/product\/20638"}],"collection":[{"href":"https:\/\/pugliamare.it\/es\/wp-json\/wp\/v2\/product"}],"about":[{"href":"https:\/\/pugliamare.it\/es\/wp-json\/wp\/v2\/types\/product"}],"version-history":[{"count":13,"href":"https:\/\/pugliamare.it\/es\/wp-json\/wp\/v2\/product\/20638\/revisions"}],"predecessor-version":[{"id":34222,"href":"https:\/\/pugliamare.it\/es\/wp-json\/wp\/v2\/product\/20638\/revisions\/34222"}],"wp:featuredmedia":[{"embeddable":true,"href":"https:\/\/pugliamare.it\/es\/wp-json\/wp\/v2\/media\/7546"}],"wp:attachment":[{"href":"https:\/\/pugliamare.it\/es\/wp-json\/wp\/v2\/media?parent=20638"}],"wp:term":[{"taxonomy":"product_cat","embeddable":true,"href":"https:\/\/pugliamare.it\/es\/wp-json\/wp\/v2\/product_cat?post=20638"},{"taxonomy":"product_tag","embeddable":true,"href":"https:\/\/pugliamare.it\/es\/wp-json\/wp\/v2\/product_tag?post=20638"}],"curies":[{"name":"wp","href":"https:\/\/api.w.org\/{rel}","templated":true}]}}