{"id":20639,"date":"2024-03-24T18:50:39","date_gmt":"2024-03-24T17:50:39","guid":{"rendered":"https:\/\/staging.pugliamare.it\/esperienze\/lezione-di-cucina-pugliese\/"},"modified":"2025-12-20T13:02:38","modified_gmt":"2025-12-20T12:02:38","slug":"lezione-di-cucina-pugliese-polignano-a-mare","status":"publish","type":"product","link":"https:\/\/pugliamare.it\/es\/esperienze\/lezione-di-cucina-pugliese-polignano-a-mare\/","title":{"rendered":"Clase de Cocina en Polignano a Mare \u2013 Lecci\u00f3n de Cocina T\u00edpica Pugliese con Cena"},"content":{"rendered":"<h3 data-start=\"740\" data-end=\"808\" class=\" translation-block\">Vive la aut\u00e9ntica <strong data-start=\"763\" data-end=\"808\">Clase de Cocina Pugliese en Polignano a Mare<\/strong><\/h3>\n<p data-start=\"810\" data-end=\"1124\" class=\" translation-block\"><strong data-start=\"393\" data-end=\"479\">Vive una aut\u00e9ntica <em data-start=\"413\" data-end=\"460\">clase de cocina pugliese en Polignano a Mare<\/em> con cena incluida<\/strong>, perfecta para quienes aman cocinar y descubrir los verdaderos sabores locales. Una experiencia inmersiva en el coraz\u00f3n del centro hist\u00f3rico, donde aprender\u00e1s los secretos de la tradici\u00f3n de un verdadero chef local.<\/p>\n<h3 data-start=\"1126\" data-end=\"1149\">\ud83c\udf7d\ufe0f \u00bfQu\u00e9 cocinar\u00e1s?<\/h3>\n<p data-start=\"1151\" data-end=\"1214\" class=\" translation-block\">Durante esta <em data-start=\"750\" data-end=\"778\">clase de cocina pugliese<\/em>, un chef nativo de Polignano te guiar\u00e1 paso a paso en la preparaci\u00f3n de recetas emblem\u00e1ticas del territorio:<\/p>\n<ul>\n<li data-start=\"65\" data-end=\"92\">Pasta fresca fatta a mano<\/li>\n<li data-start=\"65\" data-end=\"92\">Friselle pugliesi<\/li>\n<li data-start=\"65\" data-end=\"92\">Un dessert (preparato al momento)<\/li>\n<\/ul>\n<p data-start=\"1369\" data-end=\"1477\">Tutti piatti realizzati con ingredienti di stagione.<\/p>\n<h3 data-start=\"1479\" data-end=\"1521\">\ud83e\udd42 Cena convivial con productos t\u00edpicos<\/h3>\n<p data-start=\"1523\" data-end=\"1843\">Al termine della cooking class, potrai finalmente goderti i piatti che hai preparato, serviti in una cena conviviale, accompagnata da un bicchiere di <strong data-start=\"1639\" data-end=\"1654\">vino locale <\/strong>(Primitivo, Negroamaro o similari) e <strong>Limoncello<\/strong>. Il pasto si conclude con un <strong data-start=\"1719\" data-end=\"1741\">dolce al cucchiaio<\/strong> preparato dallo chef. Un momento di condivisione, gusto e convivialit\u00e0 tipico dello spirito pugliese. Un modo delizioso per assaporare davvero i frutti del tuo lavoro.<\/p>\n<h3 data-start=\"1845\" data-end=\"1892\">\ud83c\udf3f Ubicaci\u00f3n aut\u00e9ntica y ambiente familiar<\/h3>\n<p data-start=\"1894\" data-end=\"2120\">La lezione si svolge in una <strong data-start=\"1922\" data-end=\"1956\">casa tipica a Polignano a mare<\/strong>, un luogo accogliente e rilassato, ideale per imparare, divertirsi e creare ricordi. L\u2019ambiente familiare ti far\u00e0 sentire subito a casa, anche se vieni da lontano.<\/p>\n<h3 data-start=\"2122\" data-end=\"2139\">\ud83d\ude97 Informaci\u00f3n \u00fatil<\/h3>\n<ul data-start=\"2141\" data-end=\"2471\">\n<li data-start=\"2141\" data-end=\"2192\">\n<p data-start=\"2143\" data-end=\"2192\">\ud83d\udccd <strong data-start=\"2146\" data-end=\"2155\">Dove:<\/strong> centro di Polignano a Mare<\/p>\n<\/li>\n<li data-start=\"2193\" data-end=\"2231\">\n<p data-start=\"2195\" data-end=\"2231\">\ud83d\udd52 <strong data-start=\"2198\" data-end=\"2209\">Duraci\u00f3n<\/strong> circa 2 ore e mezza<\/p>\n<\/li>\n<li data-start=\"2232\" data-end=\"2283\">\n<p data-start=\"2234\" data-end=\"2283\" class=\" translation-block\">\ud83d\uddd3\ufe0f <strong data-start=\"2238\" data-end=\"2249\">Cu\u00e1ndo:<\/strong> todos los d\u00edas, con reserva<\/p>\n<\/li>\n<li data-start=\"2284\" data-end=\"2346\">\n<p data-start=\"2286\" data-end=\"2346\">\ud83d\udc65 <strong data-start=\"2289\" data-end=\"2300\">Gruppi:<\/strong> esperienza condivisa con altri partecipanti o privata (su richiesta)<\/p>\n<\/li>\n<li data-start=\"2347\" data-end=\"2406\">\n<p data-start=\"2349\" data-end=\"2406\" class=\" translation-block\">\ud83d\udde3\ufe0f <strong data-start=\"2353\" data-end=\"2364\">Idiomas:<\/strong> Italiano e Ingl\u00e9s (otros bajo petici\u00f3n)<\/p>\n<\/li>\n<li data-start=\"2407\" data-end=\"2471\">\n<p data-start=\"2409\" data-end=\"2471\" class=\" translation-block\">\ud83d\ude90 <strong data-start=\"2412\" data-end=\"2425\">Traslado:<\/strong> disponible bajo petici\u00f3n desde localidades cercanas<\/p>\n<\/li>\n<\/ul>\n<h3 data-start=\"2473\" data-end=\"2500\">\ud83c\udf1f Experiencias relacionadas<\/h3>\n<p data-start=\"2502\" data-end=\"2564\">\u00bfQuieres vivir a\u00fan m\u00e1s la magia de Puglia? Descubre tambi\u00e9n:<\/p>\n<ul data-start=\"2566\" data-end=\"2726\">\n<li data-start=\"2566\" data-end=\"2620\">\n<p data-start=\"2568\" data-end=\"2620\" class=\" translation-block\">\ud83d\udef6 <a href=\"https:\/\/pugliamare.it\/tipologia\/cruises\/\" target=\"_self\">Excursiones en barco por la costa de Polignano<\/a><\/p>\n<\/li>\n<li data-start=\"2621\" data-end=\"2661\">\n<p data-start=\"2623\" data-end=\"2661\" class=\" translation-block\">\ud83c\udf77 <a href=\"https:\/\/pugliamare.it\/tipologia\/food-wine\/\" target=\"_self\">Tours enogastron\u00f3micos por los pueblos<\/a><\/p>\n<\/li>\n<\/ul>\n<p data-start=\"2728\" data-end=\"2825\" class=\" translation-block\">\ud83d\udc49 <a class=\"\" href=\"https:\/\/pugliamare.it\/esperienze\/\" target=\"_new\" rel=\"noopener\" data-start=\"2731\" data-end=\"2825\">Haz clic aqu\u00ed para explorar todas las experiencias disponibles.<\/a><\/p>\n<h3 data-start=\"2832\" data-end=\"2896\">Reserva ahora tu Clase de Cocina Pugliese en Polignano<\/h3>\n<p data-start=\"2898\" data-end=\"3078\" class=\" translation-block\">No pierdas la oportunidad de aprender a cocinar como un verdadero pugliese, en un ambiente c\u00e1lido, aut\u00e9ntico y divertido. <a href=\"https:\/\/api.whatsapp.com\/send?phone=393668959532\" target=\"_self\">Cont\u00e1ctanos<\/a> para cualquier pregunta o reserva tu lugar ahora mismo.<\/p>","protected":false},"excerpt":{"rendered":"<p data-start=\"338\" data-end=\"689\" class=\" translation-block\">Vive una aut\u00e9ntica <strong>clase de cocina pugliese<\/strong> en el coraz\u00f3n de Polignano a Mare. Aprende a preparar orecchiette, panzerotti y focaccia junto a chefs locales en una acogedora casa hist\u00f3rica. Despu\u00e9s de la clase, disfruta los platos que preparaste durante una <strong>cena<\/strong> convivial, acompa\u00f1ada de <strong>vino<\/strong> local y un postre final. Una experiencia inmersiva entre sabor, tradici\u00f3n y convivencia.<\/p>","protected":false},"featured_media":24279,"template":"","meta":{"_acf_changed":false,"inline_featured_image":false},"product_cat":[293],"product_tag":[290],"acf":[],"yoast_head":"<!-- This site is optimized with the Yoast SEO Premium plugin v22.8 (Yoast SEO v22.8) - https:\/\/yoast.com\/wordpress\/plugins\/seo\/ -->\n<title>Cooking class a Polignano con cena - Lezione di Cucina in Puglia | Pugliamare<\/title>\n<meta name=\"description\" content=\"Scopri la cucina pugliese a Polignano con una cooking class autentica: prepara orecchiette e focaccia, poi gusta una cena tipica con vino locale.\" \/>\n<meta name=\"robots\" content=\"index, follow, max-snippet:-1, max-image-preview:large, max-video-preview:-1\" \/>\n<link rel=\"canonical\" href=\"https:\/\/pugliamare.it\/es\/esperienze\/lezione-di-cucina-pugliese-polignano-a-mare\/\" \/>\n<meta property=\"og:locale\" content=\"es_ES\" \/>\n<meta property=\"og:type\" content=\"article\" \/>\n<meta property=\"og:title\" content=\"Cooking Class a Polignano a Mare \u2013 Lezione di Cucina Tipica Pugliese con Cena\" \/>\n<meta property=\"og:description\" content=\"Scopri la cucina pugliese a Polignano con una cooking class autentica: prepara orecchiette e focaccia, poi gusta una cena tipica con vino locale.\" \/>\n<meta property=\"og:url\" content=\"https:\/\/pugliamare.it\/es\/esperienze\/lezione-di-cucina-pugliese-polignano-a-mare\/\" \/>\n<meta property=\"og:site_name\" content=\"Pugliamare\" \/>\n<meta property=\"article:publisher\" content=\"https:\/\/www.facebook.com\/pugliamarexperience\" \/>\n<meta property=\"article:modified_time\" content=\"2025-12-20T12:02:38+00:00\" \/>\n<meta property=\"og:image\" content=\"https:\/\/pugliamare.it\/wp-content\/uploads\/2024\/03\/Pugliamare_Cooking-Class_2-scaled.jpg\" \/>\n\t<meta property=\"og:image:width\" content=\"2048\" \/>\n\t<meta property=\"og:image:height\" content=\"2560\" \/>\n\t<meta property=\"og:image:type\" content=\"image\/jpeg\" \/>\n<meta name=\"twitter:card\" content=\"summary_large_image\" \/>\n<script type=\"application\/ld+json\" class=\"yoast-schema-graph\">{\"@context\":\"https:\/\/schema.org\",\"@graph\":[{\"@type\":\"WebPage\",\"@id\":\"https:\/\/pugliamare.it\/esperienze\/lezione-di-cucina-pugliese-polignano-a-mare\/\",\"url\":\"https:\/\/pugliamare.it\/esperienze\/lezione-di-cucina-pugliese-polignano-a-mare\/\",\"name\":\"Cooking class a Polignano con cena - Lezione di Cucina in Puglia | Pugliamare\",\"isPartOf\":{\"@id\":\"https:\/\/pugliamare.it\/en\/#website\"},\"primaryImageOfPage\":{\"@id\":\"https:\/\/pugliamare.it\/esperienze\/lezione-di-cucina-pugliese-polignano-a-mare\/#primaryimage\"},\"image\":{\"@id\":\"https:\/\/pugliamare.it\/esperienze\/lezione-di-cucina-pugliese-polignano-a-mare\/#primaryimage\"},\"thumbnailUrl\":\"https:\/\/pugliamare.it\/wp-content\/uploads\/2024\/03\/Pugliamare_Cooking-Class_2-scaled.jpg\",\"datePublished\":\"2024-03-24T17:50:39+00:00\",\"dateModified\":\"2025-12-20T12:02:38+00:00\",\"description\":\"Scopri la cucina pugliese a Polignano con una cooking class autentica: prepara orecchiette e focaccia, poi gusta una cena tipica con vino locale.\",\"breadcrumb\":{\"@id\":\"https:\/\/pugliamare.it\/esperienze\/lezione-di-cucina-pugliese-polignano-a-mare\/#breadcrumb\"},\"inLanguage\":\"es\",\"potentialAction\":[{\"@type\":\"ReadAction\",\"target\":[\"https:\/\/pugliamare.it\/esperienze\/lezione-di-cucina-pugliese-polignano-a-mare\/\"]}]},{\"@type\":\"ImageObject\",\"inLanguage\":\"es\",\"@id\":\"https:\/\/pugliamare.it\/esperienze\/lezione-di-cucina-pugliese-polignano-a-mare\/#primaryimage\",\"url\":\"https:\/\/pugliamare.it\/wp-content\/uploads\/2024\/03\/Pugliamare_Cooking-Class_2-scaled.jpg\",\"contentUrl\":\"https:\/\/pugliamare.it\/wp-content\/uploads\/2024\/03\/Pugliamare_Cooking-Class_2-scaled.jpg\",\"width\":2048,\"height\":2560,\"caption\":\"Lezione di Cucina Pugliese\"},{\"@type\":\"BreadcrumbList\",\"@id\":\"https:\/\/pugliamare.it\/esperienze\/lezione-di-cucina-pugliese-polignano-a-mare\/#breadcrumb\",\"itemListElement\":[{\"@type\":\"ListItem\",\"position\":1,\"name\":\"Home\",\"item\":\"https:\/\/pugliamare.it\/\"},{\"@type\":\"ListItem\",\"position\":2,\"name\":\"Cooking Class a Polignano a Mare \u2013 Lezione di Cucina Tipica Pugliese con Cena\"}]},{\"@type\":\"WebSite\",\"@id\":\"https:\/\/pugliamare.it\/en\/#website\",\"url\":\"https:\/\/pugliamare.it\/en\/\",\"name\":\"Pugliamare\",\"description\":\"Esperienze, Soggiorni e Tour personalizzati in Puglia\",\"publisher\":{\"@id\":\"https:\/\/pugliamare.it\/en\/#organization\"},\"potentialAction\":[{\"@type\":\"SearchAction\",\"target\":{\"@type\":\"EntryPoint\",\"urlTemplate\":\"https:\/\/pugliamare.it\/en\/?s={search_term_string}\"},\"query-input\":\"required name=search_term_string\"}],\"inLanguage\":\"es\"},{\"@type\":\"Organization\",\"@id\":\"https:\/\/pugliamare.it\/en\/#organization\",\"name\":\"Pugliamare srl\",\"url\":\"https:\/\/pugliamare.it\/en\/\",\"logo\":{\"@type\":\"ImageObject\",\"inLanguage\":\"es\",\"@id\":\"https:\/\/pugliamare.it\/en\/#\/schema\/logo\/image\/\",\"url\":\"https:\/\/pugliamare.it\/wp-content\/uploads\/2021\/04\/cropped-cropped-Risorsa-2.png\",\"contentUrl\":\"https:\/\/pugliamare.it\/wp-content\/uploads\/2021\/04\/cropped-cropped-Risorsa-2.png\",\"width\":374,\"height\":117,\"caption\":\"Pugliamare srl\"},\"image\":{\"@id\":\"https:\/\/pugliamare.it\/en\/#\/schema\/logo\/image\/\"},\"sameAs\":[\"https:\/\/www.facebook.com\/pugliamarexperience\",\"https:\/\/www.instagram.com\/pugliamare\/\"]}]}<\/script>\n<!-- \/ Yoast SEO Premium plugin. -->","yoast_head_json":{"title":"Cooking class a Polignano con cena - Lezione di Cucina in Puglia | Pugliamare","description":"Scopri la cucina pugliese a Polignano con una cooking class autentica: prepara orecchiette e focaccia, poi gusta una cena tipica con vino locale.","robots":{"index":"index","follow":"follow","max-snippet":"max-snippet:-1","max-image-preview":"max-image-preview:large","max-video-preview":"max-video-preview:-1"},"canonical":"https:\/\/pugliamare.it\/es\/esperienze\/lezione-di-cucina-pugliese-polignano-a-mare\/","og_locale":"es_ES","og_type":"article","og_title":"Cooking Class a Polignano a Mare \u2013 Lezione di Cucina Tipica Pugliese con Cena","og_description":"Scopri la cucina pugliese a Polignano con una cooking class autentica: prepara orecchiette e focaccia, poi gusta una cena tipica con vino locale.","og_url":"https:\/\/pugliamare.it\/es\/esperienze\/lezione-di-cucina-pugliese-polignano-a-mare\/","og_site_name":"Pugliamare","article_publisher":"https:\/\/www.facebook.com\/pugliamarexperience","article_modified_time":"2025-12-20T12:02:38+00:00","og_image":[{"width":2048,"height":2560,"url":"https:\/\/pugliamare.it\/wp-content\/uploads\/2024\/03\/Pugliamare_Cooking-Class_2-scaled.jpg","type":"image\/jpeg"}],"twitter_card":"summary_large_image","schema":{"@context":"https:\/\/schema.org","@graph":[{"@type":"WebPage","@id":"https:\/\/pugliamare.it\/esperienze\/lezione-di-cucina-pugliese-polignano-a-mare\/","url":"https:\/\/pugliamare.it\/esperienze\/lezione-di-cucina-pugliese-polignano-a-mare\/","name":"Cooking class a Polignano con cena - Lezione di Cucina in Puglia | Pugliamare","isPartOf":{"@id":"https:\/\/pugliamare.it\/en\/#website"},"primaryImageOfPage":{"@id":"https:\/\/pugliamare.it\/esperienze\/lezione-di-cucina-pugliese-polignano-a-mare\/#primaryimage"},"image":{"@id":"https:\/\/pugliamare.it\/esperienze\/lezione-di-cucina-pugliese-polignano-a-mare\/#primaryimage"},"thumbnailUrl":"https:\/\/pugliamare.it\/wp-content\/uploads\/2024\/03\/Pugliamare_Cooking-Class_2-scaled.jpg","datePublished":"2024-03-24T17:50:39+00:00","dateModified":"2025-12-20T12:02:38+00:00","description":"Scopri la cucina pugliese a Polignano con una cooking class autentica: prepara orecchiette e focaccia, poi gusta una cena tipica con vino locale.","breadcrumb":{"@id":"https:\/\/pugliamare.it\/esperienze\/lezione-di-cucina-pugliese-polignano-a-mare\/#breadcrumb"},"inLanguage":"es","potentialAction":[{"@type":"ReadAction","target":["https:\/\/pugliamare.it\/esperienze\/lezione-di-cucina-pugliese-polignano-a-mare\/"]}]},{"@type":"ImageObject","inLanguage":"es","@id":"https:\/\/pugliamare.it\/esperienze\/lezione-di-cucina-pugliese-polignano-a-mare\/#primaryimage","url":"https:\/\/pugliamare.it\/wp-content\/uploads\/2024\/03\/Pugliamare_Cooking-Class_2-scaled.jpg","contentUrl":"https:\/\/pugliamare.it\/wp-content\/uploads\/2024\/03\/Pugliamare_Cooking-Class_2-scaled.jpg","width":2048,"height":2560,"caption":"Lezione di Cucina Pugliese"},{"@type":"BreadcrumbList","@id":"https:\/\/pugliamare.it\/esperienze\/lezione-di-cucina-pugliese-polignano-a-mare\/#breadcrumb","itemListElement":[{"@type":"ListItem","position":1,"name":"Home","item":"https:\/\/pugliamare.it\/"},{"@type":"ListItem","position":2,"name":"Cooking Class a Polignano a Mare \u2013 Lezione di Cucina Tipica Pugliese con Cena"}]},{"@type":"WebSite","@id":"https:\/\/pugliamare.it\/en\/#website","url":"https:\/\/pugliamare.it\/en\/","name":"Pugliamare","description":"Esperienze, Soggiorni e Tour personalizzati in Puglia","publisher":{"@id":"https:\/\/pugliamare.it\/en\/#organization"},"potentialAction":[{"@type":"SearchAction","target":{"@type":"EntryPoint","urlTemplate":"https:\/\/pugliamare.it\/en\/?s={search_term_string}"},"query-input":"required name=search_term_string"}],"inLanguage":"es"},{"@type":"Organization","@id":"https:\/\/pugliamare.it\/en\/#organization","name":"Pugliamare srl","url":"https:\/\/pugliamare.it\/en\/","logo":{"@type":"ImageObject","inLanguage":"es","@id":"https:\/\/pugliamare.it\/en\/#\/schema\/logo\/image\/","url":"https:\/\/pugliamare.it\/wp-content\/uploads\/2021\/04\/cropped-cropped-Risorsa-2.png","contentUrl":"https:\/\/pugliamare.it\/wp-content\/uploads\/2021\/04\/cropped-cropped-Risorsa-2.png","width":374,"height":117,"caption":"Pugliamare srl"},"image":{"@id":"https:\/\/pugliamare.it\/en\/#\/schema\/logo\/image\/"},"sameAs":["https:\/\/www.facebook.com\/pugliamarexperience","https:\/\/www.instagram.com\/pugliamare\/"]}]}},"_links":{"self":[{"href":"https:\/\/pugliamare.it\/es\/wp-json\/wp\/v2\/product\/20639"}],"collection":[{"href":"https:\/\/pugliamare.it\/es\/wp-json\/wp\/v2\/product"}],"about":[{"href":"https:\/\/pugliamare.it\/es\/wp-json\/wp\/v2\/types\/product"}],"version-history":[{"count":33,"href":"https:\/\/pugliamare.it\/es\/wp-json\/wp\/v2\/product\/20639\/revisions"}],"predecessor-version":[{"id":25962,"href":"https:\/\/pugliamare.it\/es\/wp-json\/wp\/v2\/product\/20639\/revisions\/25962"}],"wp:featuredmedia":[{"embeddable":true,"href":"https:\/\/pugliamare.it\/es\/wp-json\/wp\/v2\/media\/24279"}],"wp:attachment":[{"href":"https:\/\/pugliamare.it\/es\/wp-json\/wp\/v2\/media?parent=20639"}],"wp:term":[{"taxonomy":"product_cat","embeddable":true,"href":"https:\/\/pugliamare.it\/es\/wp-json\/wp\/v2\/product_cat?post=20639"},{"taxonomy":"product_tag","embeddable":true,"href":"https:\/\/pugliamare.it\/es\/wp-json\/wp\/v2\/product_tag?post=20639"}],"curies":[{"name":"wp","href":"https:\/\/api.w.org\/{rel}","templated":true}]}}