{"id":20640,"date":"2024-03-24T18:50:42","date_gmt":"2024-03-24T17:50:42","guid":{"rendered":"https:\/\/staging.pugliamare.it\/esperienze\/visita-al-caseificio-e-degustazione\/"},"modified":"2025-11-13T13:49:54","modified_gmt":"2025-11-13T12:49:54","slug":"visita-al-caseificio-e-degustazione","status":"publish","type":"product","link":"https:\/\/pugliamare.it\/es\/esperienze\/visita-al-caseificio-e-degustazione\/","title":{"rendered":"Visita a la Queser\u00eda en Puglia con Degustaci\u00f3n de L\u00e1cteos"},"content":{"rendered":"<h3 data-start=\"146\" data-end=\"210\"><strong>Visita a la Queser\u00eda y Degustaci\u00f3n de L\u00e1cteos en Puglia<\/strong><\/h3>\n<p data-start=\"212\" data-end=\"605\"><strong data-start=\"212\" data-end=\"271\">Un viaje al coraz\u00f3n de la tradici\u00f3n quesera de Puglia<\/strong><br data-start=\"271\" data-end=\"274\" \/>Descubre c\u00f3mo nace la aut\u00e9ntica mozzarella de Puglia y muchos otros quesos t\u00edpicos durante una visita guiada por un maestro quesero experto. En el interior de una masseria tradicional, rodeada de campo, podr\u00e1s observar cada etapa del proceso artesanal: desde la transformaci\u00f3n de la leche hasta la creaci\u00f3n de mozzarellas, burratas, nodini y stracciatella.<\/p>\n<h3 data-start=\"607\" data-end=\"659\"><strong>\ud83c\udf7d\ufe0f Degustaci\u00f3n de L\u00e1cteos en la Queser\u00eda: Productos Frescos y Aut\u00e9nticos<\/strong><\/h3>\n<p data-start=\"660\" data-end=\"884\">Al finalizar la visita, participa en una degustaci\u00f3n de l\u00e1cteos en la queser\u00eda, saboreando una selecci\u00f3n de productos frescos y sabrosos elaborados con t\u00e9cnicas tradicionales transmitidas de generaci\u00f3n en generaci\u00f3n. Una oportunidad \u00fanica para conocer y apreciar los sabores aut\u00e9nticos de Puglia directamente del productor.<\/p>\n<h3 data-start=\"886\" data-end=\"928\"><strong>\ud83c\udf3f Ambiente Aut\u00e9ntico y Acogedor<\/strong><\/h3>\n<p data-start=\"929\" data-end=\"1097\" class=\" translation-block\">La <strong>masseria<\/strong>, situada en un entorno natural y evocador, te ofrece una experiencia aut\u00e9ntica donde la tradici\u00f3n y la naturaleza se encuentran. Podr\u00e1s disfrutar del aroma del campo de Puglia mientras te sumerges en las antiguas pr\u00e1cticas queseras.<\/p>\n<h3 data-start=\"1099\" data-end=\"1127\"><strong>\ud83d\udcc5 Detalles de la Experiencia<\/strong><\/h3>\n<ul data-start=\"1128\" data-end=\"1350\">\n<li data-start=\"1128\" data-end=\"1162\">\n<p data-start=\"1130\" data-end=\"1162\" class=\" translation-block\"><strong>Horario:<\/strong> todos los d\u00edas a las 10:30<\/p>\n<\/li>\n<li data-start=\"1163\" data-end=\"1186\">\n<p data-start=\"1165\" data-end=\"1186\" class=\" translation-block\"><strong>Duraci\u00f3n<\/strong>: aproximadamente 2 horas<\/p>\n<\/li>\n<li data-start=\"1187\" data-end=\"1217\">\n<p data-start=\"1189\" data-end=\"1217\" class=\" translation-block\"><strong>Grupo m\u00e1ximo:<\/strong> 12 personas<\/p>\n<\/li>\n<li data-start=\"1218\" data-end=\"1269\">\n<p data-start=\"1220\" data-end=\"1269\" class=\" translation-block\"><strong>Idiomas:<\/strong> Italiano e Ingl\u00e9s (otros bajo petici\u00f3n)<\/p>\n<\/li>\n<li data-start=\"1270\" data-end=\"1350\">\n<p data-start=\"1272\" data-end=\"1350\" class=\" translation-block\"><strong>Ubicaci\u00f3n:<\/strong> masseria tradicional en Puglia (detalles proporcionados al momento de la reserva)<\/p>\n<\/li>\n<\/ul>\n<h3 data-start=\"1357\" data-end=\"1386\">\ud83c\udf1f Experiencias relacionadas<\/h3>\n<p data-start=\"1458\" data-end=\"1537\">Si quieres enriquecer tu viaje a Puglia, tambi\u00e9n te recomendamos probar:<\/p>\n<ul>\n<li style=\"list-style-type: none;\">\n<ul data-start=\"1538\" data-end=\"1735\">\n<li data-start=\"1538\" data-end=\"1593\">\n<p data-start=\"1540\" data-end=\"1593\" class=\" translation-block\"><a href=\"https:\/\/pugliamare.it\/esperienze\/lezione-di-cucina-pugliese-polignano-a-mare\/\" target=\"_self\">Clase de cocina<\/a> para aprender los platos t\u00edpicos de Puglia<\/p>\n<\/li>\n<li data-start=\"1645\" data-end=\"1688\">\n<p data-start=\"1647\" data-end=\"1688\" class=\" translation-block\"><a href=\"https:\/\/pugliamare.it\/tipologia\/food-wine\/\" target=\"_self\">Tours enogastron\u00f3micos<\/a> por pueblos hist\u00f3ricos<\/p>\n<\/li>\n<li data-start=\"1689\" data-end=\"1735\">\n<p data-start=\"1691\" data-end=\"1735\" class=\" translation-block\"><a href=\"https:\/\/pugliamare.it\/tipologia\/cruises\/\" target=\"_self\">Excursiones en barco<\/a> a lo largo de la costa adri\u00e1tica<\/p>\n<\/li>\n<\/ul>\n<\/li>\n<\/ul>\n<h3 data-start=\"1674\" data-end=\"1739\">Reserva ahora tu visita al caseificio con degustaci\u00f3n<\/h3>\n<p data-start=\"1740\" data-end=\"1933\" class=\" translation-block\">No pierdas la oportunidad de vivir una experiencia aut\u00e9ntica entre el sabor y la tradici\u00f3n de Puglia. <a href=\"https:\/\/api.whatsapp.com\/send?phone=393668959532\" target=\"_self\">Cont\u00e1ctanos<\/a> para informaci\u00f3n o reservas, \u00a1estaremos encantados de ayudarte a organizar todo de la mejor manera!<\/p>","protected":false},"excerpt":{"rendered":"<p class=\" translation-block\">Guiado por un maestro <strong>quesero experto,<\/strong> visita una masseria tradicional en Puglia y descubre los secretos de los quesos locales con una degustaci\u00f3n aut\u00e9ntica y envolvente.<\/p>","protected":false},"featured_media":7437,"template":"","meta":{"_acf_changed":false,"inline_featured_image":false},"product_cat":[293],"product_tag":[290],"acf":[],"yoast_head":"<!-- This site is optimized with the Yoast SEO Premium plugin v22.8 (Yoast SEO v22.8) - https:\/\/yoast.com\/wordpress\/plugins\/seo\/ -->\n<title>Visita al Caseificio in Puglia con Degustazione di latticini | Pugliamare<\/title>\n<meta name=\"description\" content=\"Visita un caseificio in Puglia, scopri la produzione artigianale di mozzarella e formaggi tipici e gusta una degustazione di prodotti freschi e genuini.\" \/>\n<meta name=\"robots\" content=\"index, follow, max-snippet:-1, max-image-preview:large, max-video-preview:-1\" \/>\n<link rel=\"canonical\" href=\"https:\/\/pugliamare.it\/es\/esperienze\/visita-al-caseificio-e-degustazione\/\" \/>\n<meta property=\"og:locale\" content=\"es_ES\" \/>\n<meta property=\"og:type\" content=\"article\" \/>\n<meta property=\"og:title\" content=\"Visita al Caseificio in Puglia con Degustazione di latticini\" \/>\n<meta property=\"og:description\" content=\"Visita un caseificio in Puglia, scopri la produzione artigianale di mozzarella e formaggi tipici e gusta una degustazione di prodotti freschi e genuini.\" \/>\n<meta property=\"og:url\" content=\"https:\/\/pugliamare.it\/es\/esperienze\/visita-al-caseificio-e-degustazione\/\" \/>\n<meta property=\"og:site_name\" content=\"Pugliamare\" \/>\n<meta property=\"article:publisher\" content=\"https:\/\/www.facebook.com\/pugliamarexperience\" \/>\n<meta property=\"article:modified_time\" content=\"2025-11-13T12:49:54+00:00\" \/>\n<meta property=\"og:image\" content=\"https:\/\/pugliamare.it\/wp-content\/uploads\/2021\/05\/tastemozzarella_experience_pugliamre.jpeg\" \/>\n\t<meta property=\"og:image:width\" content=\"780\" \/>\n\t<meta property=\"og:image:height\" content=\"521\" \/>\n\t<meta property=\"og:image:type\" content=\"image\/jpeg\" \/>\n<meta name=\"twitter:card\" content=\"summary_large_image\" \/>\n<script type=\"application\/ld+json\" class=\"yoast-schema-graph\">{\"@context\":\"https:\/\/schema.org\",\"@graph\":[{\"@type\":\"WebPage\",\"@id\":\"https:\/\/pugliamare.it\/esperienze\/visita-al-caseificio-e-degustazione\/\",\"url\":\"https:\/\/pugliamare.it\/esperienze\/visita-al-caseificio-e-degustazione\/\",\"name\":\"Visita al Caseificio in Puglia con Degustazione di latticini | Pugliamare\",\"isPartOf\":{\"@id\":\"https:\/\/pugliamare.it\/en\/#website\"},\"primaryImageOfPage\":{\"@id\":\"https:\/\/pugliamare.it\/esperienze\/visita-al-caseificio-e-degustazione\/#primaryimage\"},\"image\":{\"@id\":\"https:\/\/pugliamare.it\/esperienze\/visita-al-caseificio-e-degustazione\/#primaryimage\"},\"thumbnailUrl\":\"https:\/\/pugliamare.it\/wp-content\/uploads\/2021\/05\/tastemozzarella_experience_pugliamre.jpeg\",\"datePublished\":\"2024-03-24T17:50:42+00:00\",\"dateModified\":\"2025-11-13T12:49:54+00:00\",\"description\":\"Visita un caseificio in Puglia, scopri la produzione artigianale di mozzarella e formaggi tipici e gusta una degustazione di prodotti freschi e genuini.\",\"breadcrumb\":{\"@id\":\"https:\/\/pugliamare.it\/esperienze\/visita-al-caseificio-e-degustazione\/#breadcrumb\"},\"inLanguage\":\"es\",\"potentialAction\":[{\"@type\":\"ReadAction\",\"target\":[\"https:\/\/pugliamare.it\/esperienze\/visita-al-caseificio-e-degustazione\/\"]}]},{\"@type\":\"ImageObject\",\"inLanguage\":\"es\",\"@id\":\"https:\/\/pugliamare.it\/esperienze\/visita-al-caseificio-e-degustazione\/#primaryimage\",\"url\":\"https:\/\/pugliamare.it\/wp-content\/uploads\/2021\/05\/tastemozzarella_experience_pugliamre.jpeg\",\"contentUrl\":\"https:\/\/pugliamare.it\/wp-content\/uploads\/2021\/05\/tastemozzarella_experience_pugliamre.jpeg\",\"width\":780,\"height\":521,\"caption\":\"Mastro casaro mentre prepara le mozzarelle\"},{\"@type\":\"BreadcrumbList\",\"@id\":\"https:\/\/pugliamare.it\/esperienze\/visita-al-caseificio-e-degustazione\/#breadcrumb\",\"itemListElement\":[{\"@type\":\"ListItem\",\"position\":1,\"name\":\"Home\",\"item\":\"https:\/\/pugliamare.it\/\"},{\"@type\":\"ListItem\",\"position\":2,\"name\":\"Visita al Caseificio in Puglia con Degustazione di latticini\"}]},{\"@type\":\"WebSite\",\"@id\":\"https:\/\/pugliamare.it\/en\/#website\",\"url\":\"https:\/\/pugliamare.it\/en\/\",\"name\":\"Pugliamare\",\"description\":\"Esperienze, Soggiorni e Tour personalizzati in Puglia\",\"publisher\":{\"@id\":\"https:\/\/pugliamare.it\/en\/#organization\"},\"potentialAction\":[{\"@type\":\"SearchAction\",\"target\":{\"@type\":\"EntryPoint\",\"urlTemplate\":\"https:\/\/pugliamare.it\/en\/?s={search_term_string}\"},\"query-input\":\"required name=search_term_string\"}],\"inLanguage\":\"es\"},{\"@type\":\"Organization\",\"@id\":\"https:\/\/pugliamare.it\/en\/#organization\",\"name\":\"Pugliamare srl\",\"url\":\"https:\/\/pugliamare.it\/en\/\",\"logo\":{\"@type\":\"ImageObject\",\"inLanguage\":\"es\",\"@id\":\"https:\/\/pugliamare.it\/en\/#\/schema\/logo\/image\/\",\"url\":\"https:\/\/pugliamare.it\/wp-content\/uploads\/2021\/04\/cropped-cropped-Risorsa-2.png\",\"contentUrl\":\"https:\/\/pugliamare.it\/wp-content\/uploads\/2021\/04\/cropped-cropped-Risorsa-2.png\",\"width\":374,\"height\":117,\"caption\":\"Pugliamare srl\"},\"image\":{\"@id\":\"https:\/\/pugliamare.it\/en\/#\/schema\/logo\/image\/\"},\"sameAs\":[\"https:\/\/www.facebook.com\/pugliamarexperience\",\"https:\/\/www.instagram.com\/pugliamare\/\"]}]}<\/script>\n<!-- \/ Yoast SEO Premium plugin. -->","yoast_head_json":{"title":"Visita al Caseificio in Puglia con Degustazione di latticini | Pugliamare","description":"Visita un caseificio in Puglia, scopri la produzione artigianale di mozzarella e formaggi tipici e gusta una degustazione di prodotti freschi e genuini.","robots":{"index":"index","follow":"follow","max-snippet":"max-snippet:-1","max-image-preview":"max-image-preview:large","max-video-preview":"max-video-preview:-1"},"canonical":"https:\/\/pugliamare.it\/es\/esperienze\/visita-al-caseificio-e-degustazione\/","og_locale":"es_ES","og_type":"article","og_title":"Visita al Caseificio in Puglia con Degustazione di latticini","og_description":"Visita un caseificio in Puglia, scopri la produzione artigianale di mozzarella e formaggi tipici e gusta una degustazione di prodotti freschi e genuini.","og_url":"https:\/\/pugliamare.it\/es\/esperienze\/visita-al-caseificio-e-degustazione\/","og_site_name":"Pugliamare","article_publisher":"https:\/\/www.facebook.com\/pugliamarexperience","article_modified_time":"2025-11-13T12:49:54+00:00","og_image":[{"width":780,"height":521,"url":"https:\/\/pugliamare.it\/wp-content\/uploads\/2021\/05\/tastemozzarella_experience_pugliamre.jpeg","type":"image\/jpeg"}],"twitter_card":"summary_large_image","schema":{"@context":"https:\/\/schema.org","@graph":[{"@type":"WebPage","@id":"https:\/\/pugliamare.it\/esperienze\/visita-al-caseificio-e-degustazione\/","url":"https:\/\/pugliamare.it\/esperienze\/visita-al-caseificio-e-degustazione\/","name":"Visita al Caseificio in Puglia con Degustazione di latticini | Pugliamare","isPartOf":{"@id":"https:\/\/pugliamare.it\/en\/#website"},"primaryImageOfPage":{"@id":"https:\/\/pugliamare.it\/esperienze\/visita-al-caseificio-e-degustazione\/#primaryimage"},"image":{"@id":"https:\/\/pugliamare.it\/esperienze\/visita-al-caseificio-e-degustazione\/#primaryimage"},"thumbnailUrl":"https:\/\/pugliamare.it\/wp-content\/uploads\/2021\/05\/tastemozzarella_experience_pugliamre.jpeg","datePublished":"2024-03-24T17:50:42+00:00","dateModified":"2025-11-13T12:49:54+00:00","description":"Visita un caseificio in Puglia, scopri la produzione artigianale di mozzarella e formaggi tipici e gusta una degustazione di prodotti freschi e genuini.","breadcrumb":{"@id":"https:\/\/pugliamare.it\/esperienze\/visita-al-caseificio-e-degustazione\/#breadcrumb"},"inLanguage":"es","potentialAction":[{"@type":"ReadAction","target":["https:\/\/pugliamare.it\/esperienze\/visita-al-caseificio-e-degustazione\/"]}]},{"@type":"ImageObject","inLanguage":"es","@id":"https:\/\/pugliamare.it\/esperienze\/visita-al-caseificio-e-degustazione\/#primaryimage","url":"https:\/\/pugliamare.it\/wp-content\/uploads\/2021\/05\/tastemozzarella_experience_pugliamre.jpeg","contentUrl":"https:\/\/pugliamare.it\/wp-content\/uploads\/2021\/05\/tastemozzarella_experience_pugliamre.jpeg","width":780,"height":521,"caption":"Mastro casaro mentre prepara le mozzarelle"},{"@type":"BreadcrumbList","@id":"https:\/\/pugliamare.it\/esperienze\/visita-al-caseificio-e-degustazione\/#breadcrumb","itemListElement":[{"@type":"ListItem","position":1,"name":"Home","item":"https:\/\/pugliamare.it\/"},{"@type":"ListItem","position":2,"name":"Visita al Caseificio in Puglia con Degustazione di latticini"}]},{"@type":"WebSite","@id":"https:\/\/pugliamare.it\/en\/#website","url":"https:\/\/pugliamare.it\/en\/","name":"Pugliamare","description":"Esperienze, Soggiorni e Tour personalizzati in Puglia","publisher":{"@id":"https:\/\/pugliamare.it\/en\/#organization"},"potentialAction":[{"@type":"SearchAction","target":{"@type":"EntryPoint","urlTemplate":"https:\/\/pugliamare.it\/en\/?s={search_term_string}"},"query-input":"required name=search_term_string"}],"inLanguage":"es"},{"@type":"Organization","@id":"https:\/\/pugliamare.it\/en\/#organization","name":"Pugliamare srl","url":"https:\/\/pugliamare.it\/en\/","logo":{"@type":"ImageObject","inLanguage":"es","@id":"https:\/\/pugliamare.it\/en\/#\/schema\/logo\/image\/","url":"https:\/\/pugliamare.it\/wp-content\/uploads\/2021\/04\/cropped-cropped-Risorsa-2.png","contentUrl":"https:\/\/pugliamare.it\/wp-content\/uploads\/2021\/04\/cropped-cropped-Risorsa-2.png","width":374,"height":117,"caption":"Pugliamare srl"},"image":{"@id":"https:\/\/pugliamare.it\/en\/#\/schema\/logo\/image\/"},"sameAs":["https:\/\/www.facebook.com\/pugliamarexperience","https:\/\/www.instagram.com\/pugliamare\/"]}]}},"_links":{"self":[{"href":"https:\/\/pugliamare.it\/es\/wp-json\/wp\/v2\/product\/20640"}],"collection":[{"href":"https:\/\/pugliamare.it\/es\/wp-json\/wp\/v2\/product"}],"about":[{"href":"https:\/\/pugliamare.it\/es\/wp-json\/wp\/v2\/types\/product"}],"version-history":[{"count":8,"href":"https:\/\/pugliamare.it\/es\/wp-json\/wp\/v2\/product\/20640\/revisions"}],"predecessor-version":[{"id":34213,"href":"https:\/\/pugliamare.it\/es\/wp-json\/wp\/v2\/product\/20640\/revisions\/34213"}],"wp:featuredmedia":[{"embeddable":true,"href":"https:\/\/pugliamare.it\/es\/wp-json\/wp\/v2\/media\/7437"}],"wp:attachment":[{"href":"https:\/\/pugliamare.it\/es\/wp-json\/wp\/v2\/media?parent=20640"}],"wp:term":[{"taxonomy":"product_cat","embeddable":true,"href":"https:\/\/pugliamare.it\/es\/wp-json\/wp\/v2\/product_cat?post=20640"},{"taxonomy":"product_tag","embeddable":true,"href":"https:\/\/pugliamare.it\/es\/wp-json\/wp\/v2\/product_tag?post=20640"}],"curies":[{"name":"wp","href":"https:\/\/api.w.org\/{rel}","templated":true}]}}