{"id":20641,"date":"2024-03-24T18:50:44","date_gmt":"2024-03-24T17:50:44","guid":{"rendered":"https:\/\/staging.pugliamare.it\/esperienze\/passeggiata-a-cavallo-tra-campagna-e-mare\/"},"modified":"2025-11-20T11:48:40","modified_gmt":"2025-11-20T10:48:40","slug":"passeggiata-a-cavallo-tra-campagna-e-mare","status":"publish","type":"product","link":"https:\/\/pugliamare.it\/es\/esperienze\/passeggiata-a-cavallo-tra-campagna-e-mare\/","title":{"rendered":"Paseo a Caballo entre el Campo y el Mar en Puglia"},"content":{"rendered":"<div class=\"flex-shrink-0 flex flex-col relative items-end\">\n<div class=\"pt-0\">\n<div class=\"gizmo-bot-avatar flex h-8 w-8 items-center justify-center overflow-hidden rounded-full\">\n<div class=\"flex-shrink-0 flex flex-col relative items-end\">\n<div class=\"pt-0\">\n<div class=\"gizmo-bot-avatar flex h-8 w-8 items-center justify-center overflow-hidden rounded-full\">\n<h1 data-start=\"513\" data-end=\"587\"><strong data-start=\"516\" data-end=\"587\">Paseo a Caballo en Puglia: Naturaleza y Magia entre el Campo y el Mar<\/strong><\/h1>\n<p data-start=\"589\" data-end=\"933\">Descubre la belleza virgen de Puglia a caballo, comenzando desde nuestro reconocido centro ecuestre con instructores y gu\u00edas profesionales. Recorrer\u00e1s senderos inmersos en el matorral mediterr\u00e1neo, lleno de flora y fauna, hasta llegar a las encantadoras dunas costeras, donde podr\u00e1s cabalgar junto a la orilla del mar mientras contemplas atardeceres espectaculares.<\/p>\n<p data-start=\"935\" data-end=\"1204\" class=\" translation-block\">\u23f3 El paseo tiene una duraci\u00f3n de aproximadamente <strong>2 horas<\/strong> y est\u00e1 pensado para ser apto incluso para quienes nunca han montado a caballo. La edad m\u00ednima es de <strong>14 a\u00f1os<\/strong>. La hora de salida var\u00eda seg\u00fan la temporada para ofrecerte siempre la mejor experiencia en t\u00e9rminos de luz y temperatura.<\/p>\n<p data-start=\"1206\" data-end=\"1345\" class=\" translation-block\">\u26a0\ufe0f <strong>Nota importante:<\/strong> el paseo no es apto para personas con discapacidades motoras ni para mujeres embarazadas, con el fin de garantizar la m\u00e1xima seguridad.<\/p>\n<p data-start=\"1347\" data-end=\"1589\">\ud83c\udf3f El recorrido atraviesa el maravilloso Parque de las Dunas Costeras, desde Torre Canne hasta Torre San Leonardo, cerca de la encantadora Ostuni, una zona natural que tambi\u00e9n puedes descubrir con otros tours, como visitas guiadas por la ciudad o excursiones en barco a lo largo de la costa.<\/p>\n<h3 data-start=\"1591\" data-end=\"1849\">\u2728 <strong data-start=\"1593\" data-end=\"1617\">Experiencias relacionadas<\/strong><\/h3>\n<p data-start=\"1591\" data-end=\"1849\" class=\" translation-block\">Para enriquecer tu aventura, te recomendamos explorar tambi\u00e9n nuestros atractivos <a href=\"https:\/\/pugliamare.it\/tipologia\/city-tours\/\" target=\"_self\">city tours<\/a> y las espectaculares <a href=\"https:\/\/pugliamare.it\/tipologia\/cruises\/\" target=\"_self\">excursiones en barco<\/a> a lo largo de la costa de Apulia. \u00a1Descubre todas las propuestas imperdibles en nuestro sitio web <a href=\"https:\/\/pugliamare.it\/esperienze\/\" target=\"_self\">haciendo clic aqu\u00ed<\/a>!<\/p>\n<h3 data-start=\"1851\" data-end=\"2193\"><strong data-start=\"1855\" data-end=\"1935\">\u00a1Reserva ahora tu paseo a caballo entre campo y mar con Pugliamare!<\/strong><\/h3>\n<p data-start=\"1851\" data-end=\"2193\" class=\" translation-block\">Prep\u00e1rate para vivir una experiencia aut\u00e9ntica, inmersa en la naturaleza y la tradici\u00f3n de Puglia. Para m\u00e1s informaci\u00f3n o consultas, no dudes en <a href=\"https:\/\/api.whatsapp.com\/send?phone=393668959532\" target=\"_self\">contactarnos<\/a>. Nuestro equipo est\u00e1 listo para asistirte y organizar esta aventura inolvidable para ti.<\/p>\n<\/div>\n<\/div>\n<\/div>\n<\/div>\n<\/div>\n<\/div>","protected":false},"excerpt":{"rendered":"<p class=\" translation-block\">Si est\u00e1s buscando una experiencia inolvidable que te permita sumergirte en la naturaleza y la belleza de Puglia, entonces nuestro <strong>paseo a caballo<\/strong> entre el campo y el mar es perfecto para ti. Una verdadera aventura que te llevar\u00e1 a explorar algunos de los paisajes m\u00e1s fascinantes del territorio de Puglia, para que vivas una experiencia <strong>aut\u00e9ntica y envolvente<\/strong>.<\/p>","protected":false},"featured_media":7358,"template":"","meta":{"_acf_changed":false,"inline_featured_image":false},"product_cat":[288],"product_tag":[290],"acf":[],"yoast_head":"<!-- This site is optimized with the Yoast SEO Premium plugin v22.8 (Yoast SEO v22.8) - https:\/\/yoast.com\/wordpress\/plugins\/seo\/ -->\n<title>Passeggiata a Cavallo tra campagna e mare in Puglia | Pugliamare<\/title>\n<meta name=\"description\" content=\"Passeggiata a cavallo in Puglia! Concediti un&#039;escursione alla scoperta delle dune costiere ed immergiti nella natura con noi. Prenota ora!\" \/>\n<meta name=\"robots\" content=\"index, follow, max-snippet:-1, max-image-preview:large, max-video-preview:-1\" \/>\n<link rel=\"canonical\" href=\"https:\/\/pugliamare.it\/es\/esperienze\/passeggiata-a-cavallo-tra-campagna-e-mare\/\" \/>\n<meta property=\"og:locale\" content=\"es_ES\" \/>\n<meta property=\"og:type\" content=\"article\" \/>\n<meta property=\"og:title\" content=\"Passeggiata a Cavallo tra campagna e mare in Puglia\" \/>\n<meta property=\"og:description\" content=\"Passeggiata a cavallo in Puglia! Concediti un&#039;escursione alla scoperta delle dune costiere ed immergiti nella natura con noi. Prenota ora!\" \/>\n<meta property=\"og:url\" content=\"https:\/\/pugliamare.it\/es\/esperienze\/passeggiata-a-cavallo-tra-campagna-e-mare\/\" \/>\n<meta property=\"og:site_name\" content=\"Pugliamare\" \/>\n<meta property=\"article:publisher\" content=\"https:\/\/www.facebook.com\/pugliamarexperience\" \/>\n<meta property=\"article:modified_time\" content=\"2025-11-20T10:48:40+00:00\" \/>\n<meta property=\"og:image\" content=\"https:\/\/pugliamare.it\/wp-content\/uploads\/2021\/04\/pass-29.3-45-scaled.jpg\" \/>\n\t<meta property=\"og:image:width\" content=\"2560\" \/>\n\t<meta property=\"og:image:height\" content=\"1705\" \/>\n\t<meta property=\"og:image:type\" content=\"image\/jpeg\" \/>\n<meta name=\"twitter:card\" content=\"summary_large_image\" \/>\n<script type=\"application\/ld+json\" class=\"yoast-schema-graph\">{\"@context\":\"https:\/\/schema.org\",\"@graph\":[{\"@type\":\"WebPage\",\"@id\":\"https:\/\/pugliamare.it\/esperienze\/passeggiata-a-cavallo-tra-campagna-e-mare\/\",\"url\":\"https:\/\/pugliamare.it\/esperienze\/passeggiata-a-cavallo-tra-campagna-e-mare\/\",\"name\":\"Passeggiata a Cavallo tra campagna e mare in Puglia | Pugliamare\",\"isPartOf\":{\"@id\":\"https:\/\/pugliamare.it\/en\/#website\"},\"primaryImageOfPage\":{\"@id\":\"https:\/\/pugliamare.it\/esperienze\/passeggiata-a-cavallo-tra-campagna-e-mare\/#primaryimage\"},\"image\":{\"@id\":\"https:\/\/pugliamare.it\/esperienze\/passeggiata-a-cavallo-tra-campagna-e-mare\/#primaryimage\"},\"thumbnailUrl\":\"https:\/\/pugliamare.it\/wp-content\/uploads\/2021\/04\/pass-29.3-45-scaled.jpg\",\"datePublished\":\"2024-03-24T17:50:44+00:00\",\"dateModified\":\"2025-11-20T10:48:40+00:00\",\"description\":\"Passeggiata a cavallo in Puglia! Concediti un'escursione alla scoperta delle dune costiere ed immergiti nella natura con noi. Prenota ora!\",\"breadcrumb\":{\"@id\":\"https:\/\/pugliamare.it\/esperienze\/passeggiata-a-cavallo-tra-campagna-e-mare\/#breadcrumb\"},\"inLanguage\":\"es\",\"potentialAction\":[{\"@type\":\"ReadAction\",\"target\":[\"https:\/\/pugliamare.it\/esperienze\/passeggiata-a-cavallo-tra-campagna-e-mare\/\"]}]},{\"@type\":\"ImageObject\",\"inLanguage\":\"es\",\"@id\":\"https:\/\/pugliamare.it\/esperienze\/passeggiata-a-cavallo-tra-campagna-e-mare\/#primaryimage\",\"url\":\"https:\/\/pugliamare.it\/wp-content\/uploads\/2021\/04\/pass-29.3-45-scaled.jpg\",\"contentUrl\":\"https:\/\/pugliamare.it\/wp-content\/uploads\/2021\/04\/pass-29.3-45-scaled.jpg\",\"width\":2560,\"height\":1705,\"caption\":\"Passeggiata a Cavallo sulla riva del mare\"},{\"@type\":\"BreadcrumbList\",\"@id\":\"https:\/\/pugliamare.it\/esperienze\/passeggiata-a-cavallo-tra-campagna-e-mare\/#breadcrumb\",\"itemListElement\":[{\"@type\":\"ListItem\",\"position\":1,\"name\":\"Home\",\"item\":\"https:\/\/pugliamare.it\/\"},{\"@type\":\"ListItem\",\"position\":2,\"name\":\"Passeggiata a Cavallo tra campagna e mare in Puglia\"}]},{\"@type\":\"WebSite\",\"@id\":\"https:\/\/pugliamare.it\/en\/#website\",\"url\":\"https:\/\/pugliamare.it\/en\/\",\"name\":\"Pugliamare\",\"description\":\"Esperienze, Soggiorni e Tour personalizzati in Puglia\",\"publisher\":{\"@id\":\"https:\/\/pugliamare.it\/en\/#organization\"},\"potentialAction\":[{\"@type\":\"SearchAction\",\"target\":{\"@type\":\"EntryPoint\",\"urlTemplate\":\"https:\/\/pugliamare.it\/en\/?s={search_term_string}\"},\"query-input\":\"required name=search_term_string\"}],\"inLanguage\":\"es\"},{\"@type\":\"Organization\",\"@id\":\"https:\/\/pugliamare.it\/en\/#organization\",\"name\":\"Pugliamare srl\",\"url\":\"https:\/\/pugliamare.it\/en\/\",\"logo\":{\"@type\":\"ImageObject\",\"inLanguage\":\"es\",\"@id\":\"https:\/\/pugliamare.it\/en\/#\/schema\/logo\/image\/\",\"url\":\"https:\/\/pugliamare.it\/wp-content\/uploads\/2021\/04\/cropped-cropped-Risorsa-2.png\",\"contentUrl\":\"https:\/\/pugliamare.it\/wp-content\/uploads\/2021\/04\/cropped-cropped-Risorsa-2.png\",\"width\":374,\"height\":117,\"caption\":\"Pugliamare srl\"},\"image\":{\"@id\":\"https:\/\/pugliamare.it\/en\/#\/schema\/logo\/image\/\"},\"sameAs\":[\"https:\/\/www.facebook.com\/pugliamarexperience\",\"https:\/\/www.instagram.com\/pugliamare\/\"]}]}<\/script>\n<!-- \/ Yoast SEO Premium plugin. -->","yoast_head_json":{"title":"Passeggiata a Cavallo tra campagna e mare in Puglia | Pugliamare","description":"Passeggiata a cavallo in Puglia! Concediti un'escursione alla scoperta delle dune costiere ed immergiti nella natura con noi. Prenota ora!","robots":{"index":"index","follow":"follow","max-snippet":"max-snippet:-1","max-image-preview":"max-image-preview:large","max-video-preview":"max-video-preview:-1"},"canonical":"https:\/\/pugliamare.it\/es\/esperienze\/passeggiata-a-cavallo-tra-campagna-e-mare\/","og_locale":"es_ES","og_type":"article","og_title":"Passeggiata a Cavallo tra campagna e mare in Puglia","og_description":"Passeggiata a cavallo in Puglia! Concediti un'escursione alla scoperta delle dune costiere ed immergiti nella natura con noi. Prenota ora!","og_url":"https:\/\/pugliamare.it\/es\/esperienze\/passeggiata-a-cavallo-tra-campagna-e-mare\/","og_site_name":"Pugliamare","article_publisher":"https:\/\/www.facebook.com\/pugliamarexperience","article_modified_time":"2025-11-20T10:48:40+00:00","og_image":[{"width":2560,"height":1705,"url":"https:\/\/pugliamare.it\/wp-content\/uploads\/2021\/04\/pass-29.3-45-scaled.jpg","type":"image\/jpeg"}],"twitter_card":"summary_large_image","schema":{"@context":"https:\/\/schema.org","@graph":[{"@type":"WebPage","@id":"https:\/\/pugliamare.it\/esperienze\/passeggiata-a-cavallo-tra-campagna-e-mare\/","url":"https:\/\/pugliamare.it\/esperienze\/passeggiata-a-cavallo-tra-campagna-e-mare\/","name":"Passeggiata a Cavallo tra campagna e mare in Puglia | Pugliamare","isPartOf":{"@id":"https:\/\/pugliamare.it\/en\/#website"},"primaryImageOfPage":{"@id":"https:\/\/pugliamare.it\/esperienze\/passeggiata-a-cavallo-tra-campagna-e-mare\/#primaryimage"},"image":{"@id":"https:\/\/pugliamare.it\/esperienze\/passeggiata-a-cavallo-tra-campagna-e-mare\/#primaryimage"},"thumbnailUrl":"https:\/\/pugliamare.it\/wp-content\/uploads\/2021\/04\/pass-29.3-45-scaled.jpg","datePublished":"2024-03-24T17:50:44+00:00","dateModified":"2025-11-20T10:48:40+00:00","description":"Passeggiata a cavallo in Puglia! Concediti un'escursione alla scoperta delle dune costiere ed immergiti nella natura con noi. Prenota ora!","breadcrumb":{"@id":"https:\/\/pugliamare.it\/esperienze\/passeggiata-a-cavallo-tra-campagna-e-mare\/#breadcrumb"},"inLanguage":"es","potentialAction":[{"@type":"ReadAction","target":["https:\/\/pugliamare.it\/esperienze\/passeggiata-a-cavallo-tra-campagna-e-mare\/"]}]},{"@type":"ImageObject","inLanguage":"es","@id":"https:\/\/pugliamare.it\/esperienze\/passeggiata-a-cavallo-tra-campagna-e-mare\/#primaryimage","url":"https:\/\/pugliamare.it\/wp-content\/uploads\/2021\/04\/pass-29.3-45-scaled.jpg","contentUrl":"https:\/\/pugliamare.it\/wp-content\/uploads\/2021\/04\/pass-29.3-45-scaled.jpg","width":2560,"height":1705,"caption":"Passeggiata a Cavallo sulla riva del mare"},{"@type":"BreadcrumbList","@id":"https:\/\/pugliamare.it\/esperienze\/passeggiata-a-cavallo-tra-campagna-e-mare\/#breadcrumb","itemListElement":[{"@type":"ListItem","position":1,"name":"Home","item":"https:\/\/pugliamare.it\/"},{"@type":"ListItem","position":2,"name":"Passeggiata a Cavallo tra campagna e mare in Puglia"}]},{"@type":"WebSite","@id":"https:\/\/pugliamare.it\/en\/#website","url":"https:\/\/pugliamare.it\/en\/","name":"Pugliamare","description":"Esperienze, Soggiorni e Tour personalizzati in Puglia","publisher":{"@id":"https:\/\/pugliamare.it\/en\/#organization"},"potentialAction":[{"@type":"SearchAction","target":{"@type":"EntryPoint","urlTemplate":"https:\/\/pugliamare.it\/en\/?s={search_term_string}"},"query-input":"required name=search_term_string"}],"inLanguage":"es"},{"@type":"Organization","@id":"https:\/\/pugliamare.it\/en\/#organization","name":"Pugliamare srl","url":"https:\/\/pugliamare.it\/en\/","logo":{"@type":"ImageObject","inLanguage":"es","@id":"https:\/\/pugliamare.it\/en\/#\/schema\/logo\/image\/","url":"https:\/\/pugliamare.it\/wp-content\/uploads\/2021\/04\/cropped-cropped-Risorsa-2.png","contentUrl":"https:\/\/pugliamare.it\/wp-content\/uploads\/2021\/04\/cropped-cropped-Risorsa-2.png","width":374,"height":117,"caption":"Pugliamare srl"},"image":{"@id":"https:\/\/pugliamare.it\/en\/#\/schema\/logo\/image\/"},"sameAs":["https:\/\/www.facebook.com\/pugliamarexperience","https:\/\/www.instagram.com\/pugliamare\/"]}]}},"_links":{"self":[{"href":"https:\/\/pugliamare.it\/es\/wp-json\/wp\/v2\/product\/20641"}],"collection":[{"href":"https:\/\/pugliamare.it\/es\/wp-json\/wp\/v2\/product"}],"about":[{"href":"https:\/\/pugliamare.it\/es\/wp-json\/wp\/v2\/types\/product"}],"version-history":[{"count":8,"href":"https:\/\/pugliamare.it\/es\/wp-json\/wp\/v2\/product\/20641\/revisions"}],"predecessor-version":[{"id":34210,"href":"https:\/\/pugliamare.it\/es\/wp-json\/wp\/v2\/product\/20641\/revisions\/34210"}],"wp:featuredmedia":[{"embeddable":true,"href":"https:\/\/pugliamare.it\/es\/wp-json\/wp\/v2\/media\/7358"}],"wp:attachment":[{"href":"https:\/\/pugliamare.it\/es\/wp-json\/wp\/v2\/media?parent=20641"}],"wp:term":[{"taxonomy":"product_cat","embeddable":true,"href":"https:\/\/pugliamare.it\/es\/wp-json\/wp\/v2\/product_cat?post=20641"},{"taxonomy":"product_tag","embeddable":true,"href":"https:\/\/pugliamare.it\/es\/wp-json\/wp\/v2\/product_tag?post=20641"}],"curies":[{"name":"wp","href":"https:\/\/api.w.org\/{rel}","templated":true}]}}