{"id":20643,"date":"2024-03-24T18:50:49","date_gmt":"2024-03-24T17:50:49","guid":{"rendered":"https:\/\/staging.pugliamare.it\/esperienze\/tour-in-barca-privato-di-4-ore-e-mezza-delle-grotte-di-polignano-a-mare\/"},"modified":"2026-03-30T15:16:42","modified_gmt":"2026-03-30T13:16:42","slug":"tour-in-barca-privato-delle-grotte-di-polignano-a-mare","status":"publish","type":"product","link":"https:\/\/pugliamare.it\/es\/esperienze\/tour-in-barca-privato-delle-grotte-di-polignano-a-mare\/","title":{"rendered":"Tour privado en barco por las cuevas de Polignano a Mare \u2013 1 hora y media"},"content":{"rendered":"<h1 data-start=\"537\" data-end=\"597\"><strong data-start=\"540\" data-end=\"597\">Tour privado en barco a las cuevas de Polignano a Mare<\/strong><\/h1>\n<p data-start=\"599\" data-end=\"906\" class=\" translation-block\">Descubre la magia oculta de la costa de Apulia con un tour privado en barco de <strong>1 hora y media<\/strong> a las famosas cuevas de <a href=\"https:\/\/pugliamare.it\/destinazioni\/polignano-a-mare\/\" target=\"_self\"><strong>Polignano a Mare<\/strong><\/a>. Este itinerario exclusivo es perfecto para quienes desean explorar las maravillas naturales con total relax, con la privacidad y comodidad de un barco dedicado \u00fanicamente a tu grupo.<\/p>\n<p data-start=\"908\" data-end=\"1129\">Navega por aguas cristalinas y admira de cerca cuevas encantadas como Cala Port\u2019alga, la Cueva de los Enamorados y la Roca del Ermita\u00f1o. Cada rinc\u00f3n ofrece vistas impresionantes, una mezcla perfecta entre naturaleza y aventura.<\/p>\n<p data-start=\"1131\" data-end=\"1371\" class=\" translation-block\">\ud83d\udee5\ufe0f Nuestras embarcaciones abiertas de 7 metros, con una capacidad m\u00e1xima de <strong>10 personas<\/strong>, garantizan una experiencia \u00edntima y segura. A bordo te espera un delicioso aperitivo local, y tendr\u00e1s la oportunidad de darte un chapuz\u00f3n refrescante en las aguas m\u00e1s azules.<\/p>\n<p data-start=\"1373\" data-end=\"1528\" class=\" translation-block\">\ud83d\udccd El tour parte desde <strong>Calaponte Marina en San Vito<\/strong>, a solo 10 minutos del centro de Polignano. Para quien lo desee, est\u00e1 disponible un c\u00f3modo servicio de <strong>transfer de ida y vuelta<\/strong>.<\/p>\n<p data-start=\"1530\" data-end=\"1701\" class=\" translation-block\">\u23f0 Elige tu horario ideal entre las salidas diarias: <strong>9:30<\/strong>, <strong>11:00<\/strong>, <strong>12:30<\/strong>, <strong>14:00<\/strong>, <strong>15:30<\/strong>, <strong>17:00<\/strong> y <strong>18:30<\/strong>, para vivir el mar desde una perspectiva \u00fanica, incluso al atardecer.<\/p>\n<p data-start=\"1703\" data-end=\"1874\" class=\" translation-block\">\ud83c\udf19 Vive la magia del mar nocturno con nuestro exclusivo<a href=\"https:\/\/pugliamare.it\/esperienze\/tour-in-barca-alle-grotte-di-polignano-a-mare-by-night\/\" target=\"_self\"> <strong>Tour en barco By Night<\/strong><\/a>, donde las cuevas se iluminan bajo la luz de la luna creando ambientes inolvidables.<\/p>\n<p data-start=\"1876\" data-end=\"2056\" class=\" translation-block\">El tour privado incluye un <strong>skipper<\/strong> experimentado para una navegaci\u00f3n segura y personalizada. Para grupos m\u00e1s grandes, podemos organizar tours con varias embarcaciones simult\u00e1neamente.<\/p>\n<p data-start=\"2058\" data-end=\"2211\" class=\" translation-block\">\ud83d\ude97 <strong>Estacionamientos<\/strong> gratuitos y de pago est\u00e1n disponibles cerca del punto de embarque. Se recomienda presentarse 30 minutos antes para las operaciones de embarque.<\/p>\n<h3 data-start=\"2218\" data-end=\"2425\"><strong data-start=\"2218\" data-end=\"2246\">\ud83c\udf1f Experiencias Relacionadas:<\/strong><\/h3>\n<p data-start=\"2218\" data-end=\"2425\" class=\" translation-block\">Para una excursi\u00f3n m\u00e1s larga, prueba el tour privado en barco por las cuevas de Polignano a Mare de <a href=\"https:\/\/pugliamare.it\/esperienze\/tour-in-barca-privato-delle-grotte-di-polignano-a-mare-3-ore\/\" target=\"_self\">3 horas<\/a> o <a href=\"https:\/\/pugliamare.it\/esperienze\/tour-privato-delle-grotte-di-polignano-a-mare-in-barca-4-ore-mezzo\/\" target=\"_self\">4 horas y media<\/a>. Vive la costa de Apulia de forma completa e inolvidable.<\/p>\n<h3 data-start=\"2432\" data-end=\"2746\"><strong data-start=\"2432\" data-end=\"2516\">\u00a1Reserva ya tu tour privado en barco por las cuevas de Polignano a Mare!<\/strong><\/h3>\n<p data-start=\"2432\" data-end=\"2746\" class=\" translation-block\">Select your preferred day and time in the box next to it. For any information or requests, <a href=\"https:\/\/api.whatsapp.com\/send?phone=393668959532\" target=\"_self\">contact us<\/a>, our team is always available to assist you. Get ready for an exclusive adventure in the heart of the Apulian sea!<\/p>","protected":false},"excerpt":{"rendered":"<p data-start=\"212\" data-end=\"540\" class=\" translation-block\">Vive un tour privado en barco de 1 hora y media entre las espectaculares <strong>cuevas<\/strong> de Polignano a Mare. Disfruta de un <strong>aperitivo<\/strong> a bordo, ba\u00f1os en aguas cristalinas y salidas flexibles, incluyendo un impresionante tour al atardecer. Servicio de traslado disponible bajo petici\u00f3n.<\/p>\n<p>&nbsp;<\/p>","protected":false},"featured_media":24274,"template":"","meta":{"_acf_changed":false,"inline_featured_image":false},"product_cat":[296],"product_tag":[290],"acf":[],"yoast_head":"<!-- This site is optimized with the Yoast SEO Premium plugin v22.8 (Yoast SEO v22.8) - https:\/\/yoast.com\/wordpress\/plugins\/seo\/ -->\n<title>Tour in barca Privato delle grotte di Polignano a Mare | Pugliamare<\/title>\n<meta name=\"description\" content=\"Scopri le grotte di Polignano a Mare con un tour privato in barca di 1 ora e mezza. Aperitivo a bordo, tuffi e partenze flessibili. Transfer disponibile.\" \/>\n<meta name=\"robots\" content=\"index, follow, max-snippet:-1, max-image-preview:large, max-video-preview:-1\" \/>\n<link rel=\"canonical\" href=\"https:\/\/pugliamare.it\/es\/esperienze\/tour-in-barca-privato-delle-grotte-di-polignano-a-mare\/\" \/>\n<meta property=\"og:locale\" content=\"es_ES\" \/>\n<meta property=\"og:type\" content=\"article\" \/>\n<meta property=\"og:title\" content=\"Tour in barca privato delle grotte di Polignano a Mare - 1 ora e mezza\" \/>\n<meta property=\"og:description\" content=\"Scopri le grotte di Polignano a Mare con un tour privato in barca di 1 ora e mezza. Aperitivo a bordo, tuffi e partenze flessibili. Transfer disponibile.\" \/>\n<meta property=\"og:url\" content=\"https:\/\/pugliamare.it\/es\/esperienze\/tour-in-barca-privato-delle-grotte-di-polignano-a-mare\/\" \/>\n<meta property=\"og:site_name\" content=\"Pugliamare\" \/>\n<meta property=\"article:publisher\" content=\"https:\/\/www.facebook.com\/pugliamarexperience\" \/>\n<meta property=\"article:modified_time\" content=\"2026-03-30T13:16:42+00:00\" \/>\n<meta property=\"og:image\" content=\"https:\/\/pugliamare.it\/wp-content\/uploads\/2024\/03\/Pugliamare_Boat-Tour_2-scaled.jpg\" \/>\n\t<meta property=\"og:image:width\" content=\"2048\" \/>\n\t<meta property=\"og:image:height\" content=\"2560\" \/>\n\t<meta property=\"og:image:type\" content=\"image\/jpeg\" \/>\n<meta name=\"twitter:card\" content=\"summary_large_image\" \/>\n<script type=\"application\/ld+json\" class=\"yoast-schema-graph\">{\"@context\":\"https:\/\/schema.org\",\"@graph\":[{\"@type\":\"WebPage\",\"@id\":\"https:\/\/pugliamare.it\/esperienze\/tour-in-barca-privato-delle-grotte-di-polignano-a-mare\/\",\"url\":\"https:\/\/pugliamare.it\/esperienze\/tour-in-barca-privato-delle-grotte-di-polignano-a-mare\/\",\"name\":\"Tour in barca Privato delle grotte di Polignano a Mare | Pugliamare\",\"isPartOf\":{\"@id\":\"https:\/\/pugliamare.it\/en\/#website\"},\"primaryImageOfPage\":{\"@id\":\"https:\/\/pugliamare.it\/esperienze\/tour-in-barca-privato-delle-grotte-di-polignano-a-mare\/#primaryimage\"},\"image\":{\"@id\":\"https:\/\/pugliamare.it\/esperienze\/tour-in-barca-privato-delle-grotte-di-polignano-a-mare\/#primaryimage\"},\"thumbnailUrl\":\"https:\/\/pugliamare.it\/wp-content\/uploads\/2024\/03\/Pugliamare_Boat-Tour_2-scaled.jpg\",\"datePublished\":\"2024-03-24T17:50:49+00:00\",\"dateModified\":\"2026-03-30T13:16:42+00:00\",\"description\":\"Scopri le grotte di Polignano a Mare con un tour privato in barca di 1 ora e mezza. Aperitivo a bordo, tuffi e partenze flessibili. Transfer disponibile.\",\"breadcrumb\":{\"@id\":\"https:\/\/pugliamare.it\/esperienze\/tour-in-barca-privato-delle-grotte-di-polignano-a-mare\/#breadcrumb\"},\"inLanguage\":\"es\",\"potentialAction\":[{\"@type\":\"ReadAction\",\"target\":[\"https:\/\/pugliamare.it\/esperienze\/tour-in-barca-privato-delle-grotte-di-polignano-a-mare\/\"]}]},{\"@type\":\"ImageObject\",\"inLanguage\":\"es\",\"@id\":\"https:\/\/pugliamare.it\/esperienze\/tour-in-barca-privato-delle-grotte-di-polignano-a-mare\/#primaryimage\",\"url\":\"https:\/\/pugliamare.it\/wp-content\/uploads\/2024\/03\/Pugliamare_Boat-Tour_2-scaled.jpg\",\"contentUrl\":\"https:\/\/pugliamare.it\/wp-content\/uploads\/2024\/03\/Pugliamare_Boat-Tour_2-scaled.jpg\",\"width\":2048,\"height\":2560,\"caption\":\"Barca al tramonto sotto la scogliera di Polignano a Mare\"},{\"@type\":\"BreadcrumbList\",\"@id\":\"https:\/\/pugliamare.it\/esperienze\/tour-in-barca-privato-delle-grotte-di-polignano-a-mare\/#breadcrumb\",\"itemListElement\":[{\"@type\":\"ListItem\",\"position\":1,\"name\":\"Home\",\"item\":\"https:\/\/pugliamare.it\/\"},{\"@type\":\"ListItem\",\"position\":2,\"name\":\"Tour in barca privato delle grotte di Polignano a Mare &#8211; 1 ora e mezza\"}]},{\"@type\":\"WebSite\",\"@id\":\"https:\/\/pugliamare.it\/en\/#website\",\"url\":\"https:\/\/pugliamare.it\/en\/\",\"name\":\"Pugliamare\",\"description\":\"Esperienze, Soggiorni e Tour personalizzati in Puglia\",\"publisher\":{\"@id\":\"https:\/\/pugliamare.it\/en\/#organization\"},\"potentialAction\":[{\"@type\":\"SearchAction\",\"target\":{\"@type\":\"EntryPoint\",\"urlTemplate\":\"https:\/\/pugliamare.it\/en\/?s={search_term_string}\"},\"query-input\":\"required name=search_term_string\"}],\"inLanguage\":\"es\"},{\"@type\":\"Organization\",\"@id\":\"https:\/\/pugliamare.it\/en\/#organization\",\"name\":\"Pugliamare srl\",\"url\":\"https:\/\/pugliamare.it\/en\/\",\"logo\":{\"@type\":\"ImageObject\",\"inLanguage\":\"es\",\"@id\":\"https:\/\/pugliamare.it\/en\/#\/schema\/logo\/image\/\",\"url\":\"https:\/\/pugliamare.it\/wp-content\/uploads\/2021\/04\/cropped-cropped-Risorsa-2.png\",\"contentUrl\":\"https:\/\/pugliamare.it\/wp-content\/uploads\/2021\/04\/cropped-cropped-Risorsa-2.png\",\"width\":374,\"height\":117,\"caption\":\"Pugliamare srl\"},\"image\":{\"@id\":\"https:\/\/pugliamare.it\/en\/#\/schema\/logo\/image\/\"},\"sameAs\":[\"https:\/\/www.facebook.com\/pugliamarexperience\",\"https:\/\/www.instagram.com\/pugliamare\/\"]}]}<\/script>\n<!-- \/ Yoast SEO Premium plugin. -->","yoast_head_json":{"title":"Tour in barca Privato delle grotte di Polignano a Mare | Pugliamare","description":"Scopri le grotte di Polignano a Mare con un tour privato in barca di 1 ora e mezza. Aperitivo a bordo, tuffi e partenze flessibili. Transfer disponibile.","robots":{"index":"index","follow":"follow","max-snippet":"max-snippet:-1","max-image-preview":"max-image-preview:large","max-video-preview":"max-video-preview:-1"},"canonical":"https:\/\/pugliamare.it\/es\/esperienze\/tour-in-barca-privato-delle-grotte-di-polignano-a-mare\/","og_locale":"es_ES","og_type":"article","og_title":"Tour in barca privato delle grotte di Polignano a Mare - 1 ora e mezza","og_description":"Scopri le grotte di Polignano a Mare con un tour privato in barca di 1 ora e mezza. Aperitivo a bordo, tuffi e partenze flessibili. Transfer disponibile.","og_url":"https:\/\/pugliamare.it\/es\/esperienze\/tour-in-barca-privato-delle-grotte-di-polignano-a-mare\/","og_site_name":"Pugliamare","article_publisher":"https:\/\/www.facebook.com\/pugliamarexperience","article_modified_time":"2026-03-30T13:16:42+00:00","og_image":[{"width":2048,"height":2560,"url":"https:\/\/pugliamare.it\/wp-content\/uploads\/2024\/03\/Pugliamare_Boat-Tour_2-scaled.jpg","type":"image\/jpeg"}],"twitter_card":"summary_large_image","schema":{"@context":"https:\/\/schema.org","@graph":[{"@type":"WebPage","@id":"https:\/\/pugliamare.it\/esperienze\/tour-in-barca-privato-delle-grotte-di-polignano-a-mare\/","url":"https:\/\/pugliamare.it\/esperienze\/tour-in-barca-privato-delle-grotte-di-polignano-a-mare\/","name":"Tour in barca Privato delle grotte di Polignano a Mare | Pugliamare","isPartOf":{"@id":"https:\/\/pugliamare.it\/en\/#website"},"primaryImageOfPage":{"@id":"https:\/\/pugliamare.it\/esperienze\/tour-in-barca-privato-delle-grotte-di-polignano-a-mare\/#primaryimage"},"image":{"@id":"https:\/\/pugliamare.it\/esperienze\/tour-in-barca-privato-delle-grotte-di-polignano-a-mare\/#primaryimage"},"thumbnailUrl":"https:\/\/pugliamare.it\/wp-content\/uploads\/2024\/03\/Pugliamare_Boat-Tour_2-scaled.jpg","datePublished":"2024-03-24T17:50:49+00:00","dateModified":"2026-03-30T13:16:42+00:00","description":"Scopri le grotte di Polignano a Mare con un tour privato in barca di 1 ora e mezza. Aperitivo a bordo, tuffi e partenze flessibili. Transfer disponibile.","breadcrumb":{"@id":"https:\/\/pugliamare.it\/esperienze\/tour-in-barca-privato-delle-grotte-di-polignano-a-mare\/#breadcrumb"},"inLanguage":"es","potentialAction":[{"@type":"ReadAction","target":["https:\/\/pugliamare.it\/esperienze\/tour-in-barca-privato-delle-grotte-di-polignano-a-mare\/"]}]},{"@type":"ImageObject","inLanguage":"es","@id":"https:\/\/pugliamare.it\/esperienze\/tour-in-barca-privato-delle-grotte-di-polignano-a-mare\/#primaryimage","url":"https:\/\/pugliamare.it\/wp-content\/uploads\/2024\/03\/Pugliamare_Boat-Tour_2-scaled.jpg","contentUrl":"https:\/\/pugliamare.it\/wp-content\/uploads\/2024\/03\/Pugliamare_Boat-Tour_2-scaled.jpg","width":2048,"height":2560,"caption":"Barca al tramonto sotto la scogliera di Polignano a Mare"},{"@type":"BreadcrumbList","@id":"https:\/\/pugliamare.it\/esperienze\/tour-in-barca-privato-delle-grotte-di-polignano-a-mare\/#breadcrumb","itemListElement":[{"@type":"ListItem","position":1,"name":"Home","item":"https:\/\/pugliamare.it\/"},{"@type":"ListItem","position":2,"name":"Tour in barca privato delle grotte di Polignano a Mare &#8211; 1 ora e mezza"}]},{"@type":"WebSite","@id":"https:\/\/pugliamare.it\/en\/#website","url":"https:\/\/pugliamare.it\/en\/","name":"Pugliamare","description":"Esperienze, Soggiorni e Tour personalizzati in Puglia","publisher":{"@id":"https:\/\/pugliamare.it\/en\/#organization"},"potentialAction":[{"@type":"SearchAction","target":{"@type":"EntryPoint","urlTemplate":"https:\/\/pugliamare.it\/en\/?s={search_term_string}"},"query-input":"required name=search_term_string"}],"inLanguage":"es"},{"@type":"Organization","@id":"https:\/\/pugliamare.it\/en\/#organization","name":"Pugliamare srl","url":"https:\/\/pugliamare.it\/en\/","logo":{"@type":"ImageObject","inLanguage":"es","@id":"https:\/\/pugliamare.it\/en\/#\/schema\/logo\/image\/","url":"https:\/\/pugliamare.it\/wp-content\/uploads\/2021\/04\/cropped-cropped-Risorsa-2.png","contentUrl":"https:\/\/pugliamare.it\/wp-content\/uploads\/2021\/04\/cropped-cropped-Risorsa-2.png","width":374,"height":117,"caption":"Pugliamare srl"},"image":{"@id":"https:\/\/pugliamare.it\/en\/#\/schema\/logo\/image\/"},"sameAs":["https:\/\/www.facebook.com\/pugliamarexperience","https:\/\/www.instagram.com\/pugliamare\/"]}]}},"_links":{"self":[{"href":"https:\/\/pugliamare.it\/es\/wp-json\/wp\/v2\/product\/20643"}],"collection":[{"href":"https:\/\/pugliamare.it\/es\/wp-json\/wp\/v2\/product"}],"about":[{"href":"https:\/\/pugliamare.it\/es\/wp-json\/wp\/v2\/types\/product"}],"version-history":[{"count":27,"href":"https:\/\/pugliamare.it\/es\/wp-json\/wp\/v2\/product\/20643\/revisions"}],"predecessor-version":[{"id":25856,"href":"https:\/\/pugliamare.it\/es\/wp-json\/wp\/v2\/product\/20643\/revisions\/25856"}],"wp:featuredmedia":[{"embeddable":true,"href":"https:\/\/pugliamare.it\/es\/wp-json\/wp\/v2\/media\/24274"}],"wp:attachment":[{"href":"https:\/\/pugliamare.it\/es\/wp-json\/wp\/v2\/media?parent=20643"}],"wp:term":[{"taxonomy":"product_cat","embeddable":true,"href":"https:\/\/pugliamare.it\/es\/wp-json\/wp\/v2\/product_cat?post=20643"},{"taxonomy":"product_tag","embeddable":true,"href":"https:\/\/pugliamare.it\/es\/wp-json\/wp\/v2\/product_tag?post=20643"}],"curies":[{"name":"wp","href":"https:\/\/api.w.org\/{rel}","templated":true}]}}