{"id":20645,"date":"2024-03-24T18:50:56","date_gmt":"2024-03-24T17:50:56","guid":{"rendered":"https:\/\/staging.pugliamare.it\/esperienze\/tour-di-polignano-a-mare-in-500-depoca\/"},"modified":"2026-01-05T08:58:55","modified_gmt":"2026-01-05T07:58:55","slug":"tour-di-polignano-a-mare-in-500-depoca","status":"publish","type":"product","link":"https:\/\/pugliamare.it\/es\/esperienze\/tour-di-polignano-a-mare-in-500-depoca\/","title":{"rendered":"Tour por Polignano a Mare en Fiat 500 de \u00e9poca \u2013 Una experiencia privada y aut\u00e9ntica"},"content":{"rendered":"<h1 data-start=\"544\" data-end=\"594\"><strong data-start=\"544\" data-end=\"594\">Tour en Fiat 500 de \u00e9poca por Polignano a Mare<\/strong><\/h1>\n<p data-start=\"596\" data-end=\"846\" class=\" translation-block\">Bienvenidos a bordo de un tour \u00fanico en un Fiat 500 de \u00e9poca, una forma exclusiva y rom\u00e1ntica de descubrir las maravillas de <a href=\"https:\/\/pugliamare.it\/destinazioni\/polignano-a-mare\/\" target=\"_self\"><strong>Polignano a Mare<\/strong><\/a>. D\u00e9jate guiar por un conductor experto a trav\u00e9s de las calles m\u00e1s pintorescas y los paisajes m\u00e1s impresionantes de la ciudad.<\/p>\n<h3 data-start=\"848\" data-end=\"890\"><strong data-start=\"848\" data-end=\"890\">\ud83d\udee3\ufe0f Descubre rincones ocultos y aut\u00e9nticos<\/strong><\/h3>\n<p data-start=\"892\" data-end=\"1132\">El Fiat 500 de \u00e9poca te llevar\u00e1 a lugares secretos y rincones que solo un coche cl\u00e1sico puede alcanzar. Podr\u00e1s tomar fotos inolvidables y vivir Polignano desde una perspectiva \u00edntima y original, lejos de las rutas tur\u00edsticas m\u00e1s concurridas.<\/p>\n<h3 data-start=\"1134\" data-end=\"1170\"><strong data-start=\"1134\" data-end=\"1170\">\ud83d\udc65 Tour privado y personalizado<\/strong><\/h3>\n<p data-start=\"1172\" data-end=\"1392\" class=\" translation-block\">Este tour est\u00e1 pensado para una experiencia privada y exclusiva, perfecta para parejas o familias (m\u00e1ximo <strong>2 adultos y 1 ni\u00f1o<\/strong>). Nuestro conductor te contar\u00e1 historias y curiosidades, haciendo que cada parada sea \u00fanica y envolvente.<\/p>\n<h3 data-start=\"2147\" data-end=\"2419\">\ud83c\udf1f <strong data-start=\"2150\" data-end=\"2175\">Experiencias relacionadas<\/strong><\/h3>\n<p data-start=\"1430\" data-end=\"1646\" class=\" translation-block\">Si deseas ampliar tu experiencia, descubre las <a href=\"https:\/\/pugliamare.it\/esperienze\/tour-in-barca-delle-grotte-di-polignano-a-mare\/\" target=\"_self\">excursiones en barco a las cuevas de Polignano<\/a> y otras actividades exclusivas en <a href=\"https:\/\/pugliamare.it\/\" target=\"_self\">nuestro sitio web<\/a>. Cada propuesta est\u00e1 pensada para que vivas Puglia de forma completa y aut\u00e9ntica.<\/p>\n<h3 data-start=\"1648\" data-end=\"1675\"><strong data-start=\"1648\" data-end=\"1675\">Reserva ahora el tour en 500<\/strong><\/h3>\n<p data-start=\"1677\" data-end=\"1845\" class=\" translation-block\"><a href=\"https:\/\/api.whatsapp.com\/send?phone=393668959532\" target=\"_self\">Cont\u00e1ctanos<\/a> para cualquier duda o asistencia \u2014 estamos a tu completa disposici\u00f3n. Reserva ahora tu tour privado en Fiat 500 de \u00e9poca por Polignano a Mare y reg\u00e1late una experiencia inolvidable.<\/p>","protected":false},"excerpt":{"rendered":"<p class=\" translation-block\">Vive el encanto vintage con nuestro tour privado en un <strong>Fiat 500 de \u00e9poca<\/strong> por Polignano a Mare. Explora rincones ocultos y panoramas \u00fanicos, guiado por un conductor experto. \u00a1Una experiencia \u00edntima e inolvidable!<\/p>","protected":false},"featured_media":26563,"template":"","meta":{"_acf_changed":false,"inline_featured_image":false},"product_cat":[292],"product_tag":[290],"acf":[],"yoast_head":"<!-- This site is optimized with the Yoast SEO Premium plugin v22.8 (Yoast SEO v22.8) - https:\/\/yoast.com\/wordpress\/plugins\/seo\/ -->\n<title>Tour in 500 di Polignano a Mare con driver | Pugliamare<\/title>\n<meta name=\"description\" content=\"Esplora Polignano a Mare con un tour esclusivo in 500 d&#039;epoca. Scopri angoli nascosti e panorami mozzafiato a bordo di un\u2019auto vintage. Prenota ora!\" \/>\n<meta name=\"robots\" content=\"index, follow, max-snippet:-1, max-image-preview:large, max-video-preview:-1\" \/>\n<link rel=\"canonical\" href=\"https:\/\/pugliamare.it\/es\/esperienze\/tour-di-polignano-a-mare-in-500-depoca\/\" \/>\n<meta property=\"og:locale\" content=\"es_ES\" \/>\n<meta property=\"og:type\" content=\"article\" \/>\n<meta property=\"og:title\" content=\"Tour di Polignano a Mare in Fiat 500 d\u2019epoca \u2013 Esperienza privata e autentica\" \/>\n<meta property=\"og:description\" content=\"Esplora Polignano a Mare con un tour esclusivo in 500 d&#039;epoca. Scopri angoli nascosti e panorami mozzafiato a bordo di un\u2019auto vintage. Prenota ora!\" \/>\n<meta property=\"og:url\" content=\"https:\/\/pugliamare.it\/es\/esperienze\/tour-di-polignano-a-mare-in-500-depoca\/\" \/>\n<meta property=\"og:site_name\" content=\"Pugliamare\" \/>\n<meta property=\"article:publisher\" content=\"https:\/\/www.facebook.com\/pugliamarexperience\" \/>\n<meta property=\"article:modified_time\" content=\"2026-01-05T07:58:55+00:00\" \/>\n<meta property=\"og:image\" content=\"https:\/\/pugliamare.it\/wp-content\/uploads\/2024\/03\/500copertin.png\" \/>\n\t<meta property=\"og:image:width\" content=\"1123\" \/>\n\t<meta property=\"og:image:height\" content=\"1256\" \/>\n\t<meta property=\"og:image:type\" content=\"image\/png\" \/>\n<meta name=\"twitter:card\" content=\"summary_large_image\" \/>\n<script type=\"application\/ld+json\" class=\"yoast-schema-graph\">{\"@context\":\"https:\/\/schema.org\",\"@graph\":[{\"@type\":\"WebPage\",\"@id\":\"https:\/\/pugliamare.it\/esperienze\/tour-di-polignano-a-mare-in-500-depoca\/\",\"url\":\"https:\/\/pugliamare.it\/esperienze\/tour-di-polignano-a-mare-in-500-depoca\/\",\"name\":\"Tour in 500 di Polignano a Mare con driver | Pugliamare\",\"isPartOf\":{\"@id\":\"https:\/\/pugliamare.it\/en\/#website\"},\"primaryImageOfPage\":{\"@id\":\"https:\/\/pugliamare.it\/esperienze\/tour-di-polignano-a-mare-in-500-depoca\/#primaryimage\"},\"image\":{\"@id\":\"https:\/\/pugliamare.it\/esperienze\/tour-di-polignano-a-mare-in-500-depoca\/#primaryimage\"},\"thumbnailUrl\":\"https:\/\/pugliamare.it\/wp-content\/uploads\/2024\/03\/500copertin.png\",\"datePublished\":\"2024-03-24T17:50:56+00:00\",\"dateModified\":\"2026-01-05T07:58:55+00:00\",\"description\":\"Esplora Polignano a Mare con un tour esclusivo in 500 d'epoca. Scopri angoli nascosti e panorami mozzafiato a bordo di un\u2019auto vintage. Prenota ora!\",\"breadcrumb\":{\"@id\":\"https:\/\/pugliamare.it\/esperienze\/tour-di-polignano-a-mare-in-500-depoca\/#breadcrumb\"},\"inLanguage\":\"es\",\"potentialAction\":[{\"@type\":\"ReadAction\",\"target\":[\"https:\/\/pugliamare.it\/esperienze\/tour-di-polignano-a-mare-in-500-depoca\/\"]}]},{\"@type\":\"ImageObject\",\"inLanguage\":\"es\",\"@id\":\"https:\/\/pugliamare.it\/esperienze\/tour-di-polignano-a-mare-in-500-depoca\/#primaryimage\",\"url\":\"https:\/\/pugliamare.it\/wp-content\/uploads\/2024\/03\/500copertin.png\",\"contentUrl\":\"https:\/\/pugliamare.it\/wp-content\/uploads\/2024\/03\/500copertin.png\",\"width\":1123,\"height\":1256,\"caption\":\"500 d'epoca per il tour di Polignano a Mare\"},{\"@type\":\"BreadcrumbList\",\"@id\":\"https:\/\/pugliamare.it\/esperienze\/tour-di-polignano-a-mare-in-500-depoca\/#breadcrumb\",\"itemListElement\":[{\"@type\":\"ListItem\",\"position\":1,\"name\":\"Home\",\"item\":\"https:\/\/pugliamare.it\/\"},{\"@type\":\"ListItem\",\"position\":2,\"name\":\"Tour di Polignano a Mare in Fiat 500 d\u2019epoca \u2013 Esperienza privata e autentica\"}]},{\"@type\":\"WebSite\",\"@id\":\"https:\/\/pugliamare.it\/en\/#website\",\"url\":\"https:\/\/pugliamare.it\/en\/\",\"name\":\"Pugliamare\",\"description\":\"Esperienze, Soggiorni e Tour personalizzati in Puglia\",\"publisher\":{\"@id\":\"https:\/\/pugliamare.it\/en\/#organization\"},\"potentialAction\":[{\"@type\":\"SearchAction\",\"target\":{\"@type\":\"EntryPoint\",\"urlTemplate\":\"https:\/\/pugliamare.it\/en\/?s={search_term_string}\"},\"query-input\":\"required name=search_term_string\"}],\"inLanguage\":\"es\"},{\"@type\":\"Organization\",\"@id\":\"https:\/\/pugliamare.it\/en\/#organization\",\"name\":\"Pugliamare srl\",\"url\":\"https:\/\/pugliamare.it\/en\/\",\"logo\":{\"@type\":\"ImageObject\",\"inLanguage\":\"es\",\"@id\":\"https:\/\/pugliamare.it\/en\/#\/schema\/logo\/image\/\",\"url\":\"https:\/\/pugliamare.it\/wp-content\/uploads\/2021\/04\/cropped-cropped-Risorsa-2.png\",\"contentUrl\":\"https:\/\/pugliamare.it\/wp-content\/uploads\/2021\/04\/cropped-cropped-Risorsa-2.png\",\"width\":374,\"height\":117,\"caption\":\"Pugliamare srl\"},\"image\":{\"@id\":\"https:\/\/pugliamare.it\/en\/#\/schema\/logo\/image\/\"},\"sameAs\":[\"https:\/\/www.facebook.com\/pugliamarexperience\",\"https:\/\/www.instagram.com\/pugliamare\/\"]}]}<\/script>\n<!-- \/ Yoast SEO Premium plugin. -->","yoast_head_json":{"title":"Tour in 500 di Polignano a Mare con driver | Pugliamare","description":"Esplora Polignano a Mare con un tour esclusivo in 500 d'epoca. Scopri angoli nascosti e panorami mozzafiato a bordo di un\u2019auto vintage. Prenota ora!","robots":{"index":"index","follow":"follow","max-snippet":"max-snippet:-1","max-image-preview":"max-image-preview:large","max-video-preview":"max-video-preview:-1"},"canonical":"https:\/\/pugliamare.it\/es\/esperienze\/tour-di-polignano-a-mare-in-500-depoca\/","og_locale":"es_ES","og_type":"article","og_title":"Tour di Polignano a Mare in Fiat 500 d\u2019epoca \u2013 Esperienza privata e autentica","og_description":"Esplora Polignano a Mare con un tour esclusivo in 500 d'epoca. Scopri angoli nascosti e panorami mozzafiato a bordo di un\u2019auto vintage. Prenota ora!","og_url":"https:\/\/pugliamare.it\/es\/esperienze\/tour-di-polignano-a-mare-in-500-depoca\/","og_site_name":"Pugliamare","article_publisher":"https:\/\/www.facebook.com\/pugliamarexperience","article_modified_time":"2026-01-05T07:58:55+00:00","og_image":[{"width":1123,"height":1256,"url":"https:\/\/pugliamare.it\/wp-content\/uploads\/2024\/03\/500copertin.png","type":"image\/png"}],"twitter_card":"summary_large_image","schema":{"@context":"https:\/\/schema.org","@graph":[{"@type":"WebPage","@id":"https:\/\/pugliamare.it\/esperienze\/tour-di-polignano-a-mare-in-500-depoca\/","url":"https:\/\/pugliamare.it\/esperienze\/tour-di-polignano-a-mare-in-500-depoca\/","name":"Tour in 500 di Polignano a Mare con driver | Pugliamare","isPartOf":{"@id":"https:\/\/pugliamare.it\/en\/#website"},"primaryImageOfPage":{"@id":"https:\/\/pugliamare.it\/esperienze\/tour-di-polignano-a-mare-in-500-depoca\/#primaryimage"},"image":{"@id":"https:\/\/pugliamare.it\/esperienze\/tour-di-polignano-a-mare-in-500-depoca\/#primaryimage"},"thumbnailUrl":"https:\/\/pugliamare.it\/wp-content\/uploads\/2024\/03\/500copertin.png","datePublished":"2024-03-24T17:50:56+00:00","dateModified":"2026-01-05T07:58:55+00:00","description":"Esplora Polignano a Mare con un tour esclusivo in 500 d'epoca. Scopri angoli nascosti e panorami mozzafiato a bordo di un\u2019auto vintage. Prenota ora!","breadcrumb":{"@id":"https:\/\/pugliamare.it\/esperienze\/tour-di-polignano-a-mare-in-500-depoca\/#breadcrumb"},"inLanguage":"es","potentialAction":[{"@type":"ReadAction","target":["https:\/\/pugliamare.it\/esperienze\/tour-di-polignano-a-mare-in-500-depoca\/"]}]},{"@type":"ImageObject","inLanguage":"es","@id":"https:\/\/pugliamare.it\/esperienze\/tour-di-polignano-a-mare-in-500-depoca\/#primaryimage","url":"https:\/\/pugliamare.it\/wp-content\/uploads\/2024\/03\/500copertin.png","contentUrl":"https:\/\/pugliamare.it\/wp-content\/uploads\/2024\/03\/500copertin.png","width":1123,"height":1256,"caption":"500 d'epoca per il tour di Polignano a Mare"},{"@type":"BreadcrumbList","@id":"https:\/\/pugliamare.it\/esperienze\/tour-di-polignano-a-mare-in-500-depoca\/#breadcrumb","itemListElement":[{"@type":"ListItem","position":1,"name":"Home","item":"https:\/\/pugliamare.it\/"},{"@type":"ListItem","position":2,"name":"Tour di Polignano a Mare in Fiat 500 d\u2019epoca \u2013 Esperienza privata e autentica"}]},{"@type":"WebSite","@id":"https:\/\/pugliamare.it\/en\/#website","url":"https:\/\/pugliamare.it\/en\/","name":"Pugliamare","description":"Esperienze, Soggiorni e Tour personalizzati in Puglia","publisher":{"@id":"https:\/\/pugliamare.it\/en\/#organization"},"potentialAction":[{"@type":"SearchAction","target":{"@type":"EntryPoint","urlTemplate":"https:\/\/pugliamare.it\/en\/?s={search_term_string}"},"query-input":"required name=search_term_string"}],"inLanguage":"es"},{"@type":"Organization","@id":"https:\/\/pugliamare.it\/en\/#organization","name":"Pugliamare srl","url":"https:\/\/pugliamare.it\/en\/","logo":{"@type":"ImageObject","inLanguage":"es","@id":"https:\/\/pugliamare.it\/en\/#\/schema\/logo\/image\/","url":"https:\/\/pugliamare.it\/wp-content\/uploads\/2021\/04\/cropped-cropped-Risorsa-2.png","contentUrl":"https:\/\/pugliamare.it\/wp-content\/uploads\/2021\/04\/cropped-cropped-Risorsa-2.png","width":374,"height":117,"caption":"Pugliamare srl"},"image":{"@id":"https:\/\/pugliamare.it\/en\/#\/schema\/logo\/image\/"},"sameAs":["https:\/\/www.facebook.com\/pugliamarexperience","https:\/\/www.instagram.com\/pugliamare\/"]}]}},"_links":{"self":[{"href":"https:\/\/pugliamare.it\/es\/wp-json\/wp\/v2\/product\/20645"}],"collection":[{"href":"https:\/\/pugliamare.it\/es\/wp-json\/wp\/v2\/product"}],"about":[{"href":"https:\/\/pugliamare.it\/es\/wp-json\/wp\/v2\/types\/product"}],"version-history":[{"count":16,"href":"https:\/\/pugliamare.it\/es\/wp-json\/wp\/v2\/product\/20645\/revisions"}],"predecessor-version":[{"id":34173,"href":"https:\/\/pugliamare.it\/es\/wp-json\/wp\/v2\/product\/20645\/revisions\/34173"}],"wp:featuredmedia":[{"embeddable":true,"href":"https:\/\/pugliamare.it\/es\/wp-json\/wp\/v2\/media\/26563"}],"wp:attachment":[{"href":"https:\/\/pugliamare.it\/es\/wp-json\/wp\/v2\/media?parent=20645"}],"wp:term":[{"taxonomy":"product_cat","embeddable":true,"href":"https:\/\/pugliamare.it\/es\/wp-json\/wp\/v2\/product_cat?post=20645"},{"taxonomy":"product_tag","embeddable":true,"href":"https:\/\/pugliamare.it\/es\/wp-json\/wp\/v2\/product_tag?post=20645"}],"curies":[{"name":"wp","href":"https:\/\/api.w.org\/{rel}","templated":true}]}}