{"id":20646,"date":"2024-03-24T18:50:59","date_gmt":"2024-03-24T17:50:59","guid":{"rendered":"https:\/\/staging.pugliamare.it\/esperienze\/visita-polignano-a-mare-da-bari\/"},"modified":"2026-04-10T17:38:08","modified_gmt":"2026-04-10T15:38:08","slug":"visita-polignano-a-mare-da-bari","status":"publish","type":"product","link":"https:\/\/pugliamare.it\/es\/esperienze\/visita-polignano-a-mare-da-bari\/","title":{"rendered":"Tour de Street Food de Polignano a Mare \u2013 Salida desde Bari"},"content":{"rendered":"<h1 data-start=\"413\" data-end=\"472\"><strong data-start=\"416\" data-end=\"472\">Visita Polignano a Mare con un Street Food Tour desde Bari<\/strong><\/h1>\n<p data-start=\"474\" data-end=\"815\">\u00danete a nosotros para vivir una experiencia inolvidable en Polignano a Mare, la perla de la costa de Apulia, a pocos kil\u00f3metros de Bari. Este tour incluye un c\u00f3modo traslado desde Bari hasta Polignano, donde comenzar\u00e1 el descubrimiento de una localidad famosa por sus impresionantes acantilados junto al mar, sus sugestivas cuevas marinas y su encantador casco hist\u00f3rico.<\/p>\n<h3 data-start=\"817\" data-end=\"1270\">\ud83d\udd58 <strong data-start=\"820\" data-end=\"845\">Itinerario y Salidas<\/strong><\/h3>\n<p data-start=\"817\" data-end=\"1270\" class=\" translation-block\">El tour parte de Largo Eroi del Mare en Bari a las <strong>09:00<\/strong>, con llegada prevista a Polignano a Mare a las <strong>10:00<\/strong>. A las <strong>10:30<\/strong> comenzar\u00e1 la visita guiada, acompa\u00f1ados por una gu\u00eda local experta que os llevar\u00e1 por los callejones t\u00edpicos, las terrazas panor\u00e1micas con vistas al mar y los lugares emblem\u00e1ticos como la Iglesia Matrice y la Plaza del Reloj.<br data-start=\"1176\" data-end=\"1179\">Tambi\u00e9n descubrir\u00e9is la historia del pueblo natal de Domenico Modugno, el c\u00e9lebre \u201cMr. Volare\u201d.<\/p>\n<h3 data-start=\"1272\" data-end=\"1401\">\ud83c\udf55 <strong data-start=\"1275\" data-end=\"1307\">Degustaciones de Especialidades Locales<\/strong><\/h3>\n<p data-start=\"301\" data-end=\"476\">Vivi un autentico <em data-start=\"319\" data-end=\"337\">street food tour<\/em> a Polignano a Mare con <em data-start=\"361\" data-end=\"376\">cooking class<\/em>, un\u2019esperienza che ti far\u00e0 scoprire i sapori pi\u00f9 autentici e le tradizioni culinarie della citt\u00e0.<\/p>\n<p data-start=\"478\" data-end=\"651\">Per due ore, una guida esperta ti accompagner\u00e0 tra i suggestivi vicoli di Polignano a Mare, offrendoti scorci mozzafiato e un\u2019immersione nella cultura gastronomica locale.<\/p>\n<p data-start=\"653\" data-end=\"865\">Il percorso prevede <strong data-start=\"673\" data-end=\"706\">quattro tappe di degustazione<\/strong>, tra cui il celebre <em data-start=\"727\" data-end=\"743\">caff\u00e8 speciale<\/em> di Mario Campanella e un calice di vino locale, per un viaggio sensoriale che unisce gusto, storia e panorami sul mare.<\/p>\n<h3 data-start=\"1743\" data-end=\"1933\">\ud83d\udee5\ufe0f <strong data-start=\"1747\" data-end=\"1764\">Servicios Extra<\/strong><\/h3>\n<p data-start=\"1743\" data-end=\"1933\">Bajo petici\u00f3n, es posible a\u00f1adir experiencias como un tour en barco por las cuevas marinas de Polignano o un paseo en motocarro para vivir el pueblo de una forma a\u00fan m\u00e1s especial.<\/p>\n<h3 data-start=\"1935\" data-end=\"2140\">\ud83d\ude8d <strong data-start=\"1938\" data-end=\"1956\">Regreso a Bari<\/strong><\/h3>\n<p data-start=\"1935\" data-end=\"2140\">Il tour si conclude con il transfer di ritorno a Bari, con partenza da Polignano alle<strong> 15:00<\/strong> e arrivo previsto alle <strong>16:00<\/strong>, portando con s\u00e9 ricordi unici di questa splendida giornata.<\/p>\n<h3 data-start=\"2147\" data-end=\"2419\">\ud83c\udf1f <strong data-start=\"2150\" data-end=\"2175\">Experiencias relacionadas<\/strong><\/h3>\n<p data-start=\"2147\" data-end=\"2419\" class=\" translation-block\">Para enriquecer tu visita a Puglia, te recomendamos el <a href=\"https:\/\/pugliamare.it\/esperienze\/visita-polignano-a-mare-e-alberobello\/\" target=\"_self\">tour combinado de Polignano a Mare y Alberobello<\/a>, o el <a href=\"https:\/\/pugliamare.it\/esperienze\/tour-in-barca-delle-grotte-di-polignano-a-mare\/\" target=\"_self\">tour en barco por las cuevas marinas de Polignano<\/a> para descubrir la costa desde el mar. Descubre todas nuestras experiencias \u00fanicas haciendo clic aqu\u00ed.<\/p>\n<h3 data-start=\"2426\" data-end=\"2762\"><strong data-start=\"2430\" data-end=\"2497\">Reserva ahora tu Street Food Tour por Polignano a Mare desde Bari<\/strong><\/h3>\n<p data-start=\"2426\" data-end=\"2762\" class=\" translation-block\">No pierdas la oportunidad de vivir Polignano a Mare como un local, entre sabores, historia y paisajes espectaculares. Para m\u00e1s informaci\u00f3n o solicitudes personalizadas, <a href=\"https:\/\/api.whatsapp.com\/send?phone=393668959532\" target=\"_self\">cont\u00e1ctanos<\/a>: estamos a tu completa disposici\u00f3n para hacer que tu viaje sea inolvidable.<\/p>","protected":false},"excerpt":{"rendered":"<p class=\" translation-block\">Descubre <strong>Polignano a Mare<\/strong> con nuestro exclusivo <strong>Street Food Tour<\/strong> desde Bari. Explora el centro hist\u00f3rico, las cuevas marinas y saborea especialidades locales en una experiencia \u00fanica.<\/p>","protected":false},"featured_media":24268,"template":"","meta":{"_acf_changed":false,"inline_featured_image":false},"product_cat":[292,364,293],"product_tag":[290],"acf":[],"yoast_head":"<!-- This site is optimized with the Yoast SEO Premium plugin v22.8 (Yoast SEO v22.8) - https:\/\/yoast.com\/wordpress\/plugins\/seo\/ -->\n<title>Visita Polignano a Mare con Street Food Tour - partenza da Bari | Pugliamare<\/title>\n<meta name=\"description\" content=\"Scopri Polignano a Mare con il nostro Street Food Tour da Bari: visita il centro storico, assaggia specialit\u00e0 locali e goditi il transfer incluso.\" \/>\n<meta name=\"robots\" content=\"index, follow, max-snippet:-1, max-image-preview:large, max-video-preview:-1\" \/>\n<link rel=\"canonical\" href=\"https:\/\/pugliamare.it\/es\/esperienze\/visita-polignano-a-mare-da-bari\/\" \/>\n<meta property=\"og:locale\" content=\"es_ES\" \/>\n<meta property=\"og:type\" content=\"article\" \/>\n<meta property=\"og:title\" content=\"Street Food Tour di Polignano a Mare - Partenza da Bari\" \/>\n<meta property=\"og:description\" content=\"Scopri Polignano a Mare con il nostro Street Food Tour da Bari: visita il centro storico, assaggia specialit\u00e0 locali e goditi il transfer incluso.\" \/>\n<meta property=\"og:url\" content=\"https:\/\/pugliamare.it\/es\/esperienze\/visita-polignano-a-mare-da-bari\/\" \/>\n<meta property=\"og:site_name\" content=\"Pugliamare\" \/>\n<meta property=\"article:publisher\" content=\"https:\/\/www.facebook.com\/pugliamarexperience\" \/>\n<meta property=\"article:modified_time\" content=\"2026-04-10T15:38:08+00:00\" \/>\n<meta property=\"og:image\" content=\"https:\/\/pugliamare.it\/wp-content\/uploads\/2024\/03\/Pugliamare_Cooking-Class_8-scaled.jpg\" \/>\n\t<meta property=\"og:image:width\" content=\"2048\" \/>\n\t<meta property=\"og:image:height\" content=\"2560\" \/>\n\t<meta property=\"og:image:type\" content=\"image\/jpeg\" \/>\n<meta name=\"twitter:card\" content=\"summary_large_image\" \/>\n<script type=\"application\/ld+json\" class=\"yoast-schema-graph\">{\"@context\":\"https:\/\/schema.org\",\"@graph\":[{\"@type\":\"WebPage\",\"@id\":\"https:\/\/pugliamare.it\/esperienze\/visita-polignano-a-mare-da-bari\/\",\"url\":\"https:\/\/pugliamare.it\/esperienze\/visita-polignano-a-mare-da-bari\/\",\"name\":\"Visita Polignano a Mare con Street Food Tour - partenza da Bari | Pugliamare\",\"isPartOf\":{\"@id\":\"https:\/\/pugliamare.it\/en\/#website\"},\"primaryImageOfPage\":{\"@id\":\"https:\/\/pugliamare.it\/esperienze\/visita-polignano-a-mare-da-bari\/#primaryimage\"},\"image\":{\"@id\":\"https:\/\/pugliamare.it\/esperienze\/visita-polignano-a-mare-da-bari\/#primaryimage\"},\"thumbnailUrl\":\"https:\/\/pugliamare.it\/wp-content\/uploads\/2024\/03\/Pugliamare_Cooking-Class_8-scaled.jpg\",\"datePublished\":\"2024-03-24T17:50:59+00:00\",\"dateModified\":\"2026-04-10T15:38:08+00:00\",\"description\":\"Scopri Polignano a Mare con il nostro Street Food Tour da Bari: visita il centro storico, assaggia specialit\u00e0 locali e goditi il transfer incluso.\",\"breadcrumb\":{\"@id\":\"https:\/\/pugliamare.it\/esperienze\/visita-polignano-a-mare-da-bari\/#breadcrumb\"},\"inLanguage\":\"es\",\"potentialAction\":[{\"@type\":\"ReadAction\",\"target\":[\"https:\/\/pugliamare.it\/esperienze\/visita-polignano-a-mare-da-bari\/\"]}]},{\"@type\":\"ImageObject\",\"inLanguage\":\"es\",\"@id\":\"https:\/\/pugliamare.it\/esperienze\/visita-polignano-a-mare-da-bari\/#primaryimage\",\"url\":\"https:\/\/pugliamare.it\/wp-content\/uploads\/2024\/03\/Pugliamare_Cooking-Class_8-scaled.jpg\",\"contentUrl\":\"https:\/\/pugliamare.it\/wp-content\/uploads\/2024\/03\/Pugliamare_Cooking-Class_8-scaled.jpg\",\"width\":2048,\"height\":2560,\"caption\":\"Turista che assapora la focaccia pugliese sul ponte Lama Monachile di Polignano a mARE\"},{\"@type\":\"BreadcrumbList\",\"@id\":\"https:\/\/pugliamare.it\/esperienze\/visita-polignano-a-mare-da-bari\/#breadcrumb\",\"itemListElement\":[{\"@type\":\"ListItem\",\"position\":1,\"name\":\"Home\",\"item\":\"https:\/\/pugliamare.it\/\"},{\"@type\":\"ListItem\",\"position\":2,\"name\":\"Street Food Tour di Polignano a Mare &#8211; Partenza da Bari\"}]},{\"@type\":\"WebSite\",\"@id\":\"https:\/\/pugliamare.it\/en\/#website\",\"url\":\"https:\/\/pugliamare.it\/en\/\",\"name\":\"Pugliamare\",\"description\":\"Esperienze, Soggiorni e Tour personalizzati in Puglia\",\"publisher\":{\"@id\":\"https:\/\/pugliamare.it\/en\/#organization\"},\"potentialAction\":[{\"@type\":\"SearchAction\",\"target\":{\"@type\":\"EntryPoint\",\"urlTemplate\":\"https:\/\/pugliamare.it\/en\/?s={search_term_string}\"},\"query-input\":\"required name=search_term_string\"}],\"inLanguage\":\"es\"},{\"@type\":\"Organization\",\"@id\":\"https:\/\/pugliamare.it\/en\/#organization\",\"name\":\"Pugliamare srl\",\"url\":\"https:\/\/pugliamare.it\/en\/\",\"logo\":{\"@type\":\"ImageObject\",\"inLanguage\":\"es\",\"@id\":\"https:\/\/pugliamare.it\/en\/#\/schema\/logo\/image\/\",\"url\":\"https:\/\/pugliamare.it\/wp-content\/uploads\/2021\/04\/cropped-cropped-Risorsa-2.png\",\"contentUrl\":\"https:\/\/pugliamare.it\/wp-content\/uploads\/2021\/04\/cropped-cropped-Risorsa-2.png\",\"width\":374,\"height\":117,\"caption\":\"Pugliamare srl\"},\"image\":{\"@id\":\"https:\/\/pugliamare.it\/en\/#\/schema\/logo\/image\/\"},\"sameAs\":[\"https:\/\/www.facebook.com\/pugliamarexperience\",\"https:\/\/www.instagram.com\/pugliamare\/\"]}]}<\/script>\n<!-- \/ Yoast SEO Premium plugin. -->","yoast_head_json":{"title":"Visita Polignano a Mare con Street Food Tour - partenza da Bari | Pugliamare","description":"Scopri Polignano a Mare con il nostro Street Food Tour da Bari: visita il centro storico, assaggia specialit\u00e0 locali e goditi il transfer incluso.","robots":{"index":"index","follow":"follow","max-snippet":"max-snippet:-1","max-image-preview":"max-image-preview:large","max-video-preview":"max-video-preview:-1"},"canonical":"https:\/\/pugliamare.it\/es\/esperienze\/visita-polignano-a-mare-da-bari\/","og_locale":"es_ES","og_type":"article","og_title":"Street Food Tour di Polignano a Mare - Partenza da Bari","og_description":"Scopri Polignano a Mare con il nostro Street Food Tour da Bari: visita il centro storico, assaggia specialit\u00e0 locali e goditi il transfer incluso.","og_url":"https:\/\/pugliamare.it\/es\/esperienze\/visita-polignano-a-mare-da-bari\/","og_site_name":"Pugliamare","article_publisher":"https:\/\/www.facebook.com\/pugliamarexperience","article_modified_time":"2026-04-10T15:38:08+00:00","og_image":[{"width":2048,"height":2560,"url":"https:\/\/pugliamare.it\/wp-content\/uploads\/2024\/03\/Pugliamare_Cooking-Class_8-scaled.jpg","type":"image\/jpeg"}],"twitter_card":"summary_large_image","schema":{"@context":"https:\/\/schema.org","@graph":[{"@type":"WebPage","@id":"https:\/\/pugliamare.it\/esperienze\/visita-polignano-a-mare-da-bari\/","url":"https:\/\/pugliamare.it\/esperienze\/visita-polignano-a-mare-da-bari\/","name":"Visita Polignano a Mare con Street Food Tour - partenza da Bari | Pugliamare","isPartOf":{"@id":"https:\/\/pugliamare.it\/en\/#website"},"primaryImageOfPage":{"@id":"https:\/\/pugliamare.it\/esperienze\/visita-polignano-a-mare-da-bari\/#primaryimage"},"image":{"@id":"https:\/\/pugliamare.it\/esperienze\/visita-polignano-a-mare-da-bari\/#primaryimage"},"thumbnailUrl":"https:\/\/pugliamare.it\/wp-content\/uploads\/2024\/03\/Pugliamare_Cooking-Class_8-scaled.jpg","datePublished":"2024-03-24T17:50:59+00:00","dateModified":"2026-04-10T15:38:08+00:00","description":"Scopri Polignano a Mare con il nostro Street Food Tour da Bari: visita il centro storico, assaggia specialit\u00e0 locali e goditi il transfer incluso.","breadcrumb":{"@id":"https:\/\/pugliamare.it\/esperienze\/visita-polignano-a-mare-da-bari\/#breadcrumb"},"inLanguage":"es","potentialAction":[{"@type":"ReadAction","target":["https:\/\/pugliamare.it\/esperienze\/visita-polignano-a-mare-da-bari\/"]}]},{"@type":"ImageObject","inLanguage":"es","@id":"https:\/\/pugliamare.it\/esperienze\/visita-polignano-a-mare-da-bari\/#primaryimage","url":"https:\/\/pugliamare.it\/wp-content\/uploads\/2024\/03\/Pugliamare_Cooking-Class_8-scaled.jpg","contentUrl":"https:\/\/pugliamare.it\/wp-content\/uploads\/2024\/03\/Pugliamare_Cooking-Class_8-scaled.jpg","width":2048,"height":2560,"caption":"Turista che assapora la focaccia pugliese sul ponte Lama Monachile di Polignano a mARE"},{"@type":"BreadcrumbList","@id":"https:\/\/pugliamare.it\/esperienze\/visita-polignano-a-mare-da-bari\/#breadcrumb","itemListElement":[{"@type":"ListItem","position":1,"name":"Home","item":"https:\/\/pugliamare.it\/"},{"@type":"ListItem","position":2,"name":"Street Food Tour di Polignano a Mare &#8211; Partenza da Bari"}]},{"@type":"WebSite","@id":"https:\/\/pugliamare.it\/en\/#website","url":"https:\/\/pugliamare.it\/en\/","name":"Pugliamare","description":"Esperienze, Soggiorni e Tour personalizzati in Puglia","publisher":{"@id":"https:\/\/pugliamare.it\/en\/#organization"},"potentialAction":[{"@type":"SearchAction","target":{"@type":"EntryPoint","urlTemplate":"https:\/\/pugliamare.it\/en\/?s={search_term_string}"},"query-input":"required name=search_term_string"}],"inLanguage":"es"},{"@type":"Organization","@id":"https:\/\/pugliamare.it\/en\/#organization","name":"Pugliamare srl","url":"https:\/\/pugliamare.it\/en\/","logo":{"@type":"ImageObject","inLanguage":"es","@id":"https:\/\/pugliamare.it\/en\/#\/schema\/logo\/image\/","url":"https:\/\/pugliamare.it\/wp-content\/uploads\/2021\/04\/cropped-cropped-Risorsa-2.png","contentUrl":"https:\/\/pugliamare.it\/wp-content\/uploads\/2021\/04\/cropped-cropped-Risorsa-2.png","width":374,"height":117,"caption":"Pugliamare srl"},"image":{"@id":"https:\/\/pugliamare.it\/en\/#\/schema\/logo\/image\/"},"sameAs":["https:\/\/www.facebook.com\/pugliamarexperience","https:\/\/www.instagram.com\/pugliamare\/"]}]}},"_links":{"self":[{"href":"https:\/\/pugliamare.it\/es\/wp-json\/wp\/v2\/product\/20646"}],"collection":[{"href":"https:\/\/pugliamare.it\/es\/wp-json\/wp\/v2\/product"}],"about":[{"href":"https:\/\/pugliamare.it\/es\/wp-json\/wp\/v2\/types\/product"}],"version-history":[{"count":25,"href":"https:\/\/pugliamare.it\/es\/wp-json\/wp\/v2\/product\/20646\/revisions"}],"predecessor-version":[{"id":36667,"href":"https:\/\/pugliamare.it\/es\/wp-json\/wp\/v2\/product\/20646\/revisions\/36667"}],"wp:featuredmedia":[{"embeddable":true,"href":"https:\/\/pugliamare.it\/es\/wp-json\/wp\/v2\/media\/24268"}],"wp:attachment":[{"href":"https:\/\/pugliamare.it\/es\/wp-json\/wp\/v2\/media?parent=20646"}],"wp:term":[{"taxonomy":"product_cat","embeddable":true,"href":"https:\/\/pugliamare.it\/es\/wp-json\/wp\/v2\/product_cat?post=20646"},{"taxonomy":"product_tag","embeddable":true,"href":"https:\/\/pugliamare.it\/es\/wp-json\/wp\/v2\/product_tag?post=20646"}],"curies":[{"name":"wp","href":"https:\/\/api.w.org\/{rel}","templated":true}]}}