{"id":20647,"date":"2024-03-24T18:51:03","date_gmt":"2024-03-24T17:51:03","guid":{"rendered":"https:\/\/staging.pugliamare.it\/esperienze\/visita-polignano-a-mare-e-alberobello-da-bari\/"},"modified":"2026-04-10T17:38:30","modified_gmt":"2026-04-10T15:38:30","slug":"visita-polignano-a-mare-e-alberobello","status":"publish","type":"product","link":"https:\/\/pugliamare.it\/es\/esperienze\/visita-polignano-a-mare-e-alberobello\/","title":{"rendered":"Visita a Polignano a Mare y Alberobello desde Bari \u2013 Tour Guiado de Un D\u00eda"},"content":{"rendered":"<h1 data-start=\"550\" data-end=\"636\"><strong data-start=\"583\" data-end=\"634\">Visita Guiada a Polignano a Mare y Alberobello<\/strong><\/h1>\n<p data-start=\"638\" data-end=\"870\">\u00danete a nuestro tour de un d\u00eda desde Bari para descubrir dos de los destinos m\u00e1s emblem\u00e1ticos de Puglia: Polignano a Mare y Alberobello. Vive una jornada llena de emociones, paisajes impresionantes, historia y tradiciones aut\u00e9nticas.<\/p>\n<h3 data-start=\"872\" data-end=\"1318\">\ud83d\ude8d <strong data-start=\"875\" data-end=\"923\">Salida desde Bari y llegada a Polignano a Mare<\/strong><\/h3>\n<p data-start=\"92\" data-end=\"245\">Il tour partir\u00e0 alle <strong data-start=\"113\" data-end=\"130\">09:00 da Bari<\/strong>, con un comodo trasferimento verso <strong data-start=\"166\" data-end=\"186\">Polignano a Mare<\/strong>, dove arriveremo indicativamente intorno alle <strong data-start=\"233\" data-end=\"242\">10:00<\/strong>.<\/p>\n<p data-start=\"247\" data-end=\"400\">Una volta giunti a destinazione, inizier\u00e0 la <strong data-start=\"292\" data-end=\"322\">visita di Polignano a Mare<\/strong>. Potrai svolgere una delle esperienze proposte da <strong data-start=\"374\" data-end=\"388\">Pugliamare<\/strong>, a seconda della disponibilit\u00e0, tra cui:<\/p>\n<ul data-start=\"401\" data-end=\"665\">\n<li data-start=\"401\" data-end=\"452\">\n<p data-start=\"403\" data-end=\"452\">un suggestivo <strong data-start=\"417\" data-end=\"434\">tour in barca<\/strong> lungo la costa;<\/p>\n<\/li>\n<li data-start=\"453\" data-end=\"507\">\n<p data-start=\"455\" data-end=\"507\">un giro panoramico in <strong data-start=\"477\" data-end=\"504\">Tuk Tuk (Ape Calessino)<\/strong>;<\/p>\n<\/li>\n<li data-start=\"508\" data-end=\"544\">\n<p data-start=\"510\" data-end=\"544\">un <strong data-start=\"513\" data-end=\"541\">gustoso street food tour<\/strong>;<\/p>\n<\/li>\n<li data-start=\"545\" data-end=\"665\">\n<p data-start=\"547\" data-end=\"665\"><strong data-start=\"564\" data-end=\"581\">cooking class<\/strong>, per scoprire i sapori e le tradizioni culinarie di questa incantevole cittadina.<\/p>\n<\/li>\n<\/ul>\n<h3 data-start=\"1320\" data-end=\"1492\">\ud83c\udf7d\ufe0f <strong data-start=\"1324\" data-end=\"1353\"><strong>Almuerzo libre en Polignano<\/strong><\/strong><\/h3>\n<p data-start=\"1320\" data-end=\"1492\">Despu\u00e9s de la visita, tendr\u00e1s tiempo libre para disfrutar de un almuerzo t\u00edpico en uno de los muchos restaurantes o trattor\u00edas de la ciudad, con vista al mar.<\/p>\n<h3 data-start=\"1494\" data-end=\"1922\">\ud83d\udeb6\u200d\u2642\ufe0f <strong data-start=\"1500\" data-end=\"1535\">Continuaci\u00f3n hacia Alberobello<\/strong><\/h3>\n<p data-start=\"1494\" data-end=\"1922\" class=\" translation-block\">Por la tarde, a las <strong>14:00<\/strong>, nos trasladaremos a Alberobello, llegando alrededor de las <strong>15:00<\/strong> para comenzar la segunda parte del d\u00eda. Aqu\u00ed podr\u00e1s admirar los famosos trullos, construcciones \u00fanicas y Patrimonio de la Humanidad por la UNESCO, paseando por las pintorescas calles del pueblo. El gu\u00eda te contar\u00e1 la historia y las tradiciones de este lugar encantador, haciendo la visita a\u00fan m\u00e1s interesante.<\/p>\n<h3 data-start=\"1924\" data-end=\"2084\">\ud83d\udd54 <strong data-start=\"1927\" data-end=\"1945\">Regreso a Bari<\/strong><\/h3>\n<p data-start=\"1924\" data-end=\"2084\">Alle <strong>17:15<\/strong> si conclude la visita ad Alberobello e partir\u00e0 il rientro a Bari, previsto per le 18:00, con il cuore pieno di nuovi ricordi.<\/p>\n<hr data-start=\"2086\" data-end=\"2089\" \/>\n<p data-start=\"2091\" data-end=\"2119\"><strong data-start=\"2091\" data-end=\"2117\">Programa Detallado:<\/strong><\/p>\n<ul data-start=\"2120\" data-end=\"2393\">\n<li data-start=\"2120\" data-end=\"2146\">\n<p data-start=\"2122\" data-end=\"2146\">09:00 Salida desde Bari<\/p>\n<\/li>\n<li data-start=\"2147\" data-end=\"2182\">\n<p data-start=\"2149\" data-end=\"2182\">10:00 Llegada a Polignano a Mare<\/p>\n<\/li>\n<li data-start=\"2183\" data-end=\"2227\">\n<p data-start=\"2185\" data-end=\"2227\">10:30 Visita di Polignano a Mare e svolgimento di una delle attivit\u00e0 proposte (a seconda delle disponibilit\u00e0)<\/p>\n<\/li>\n<li data-start=\"2228\" data-end=\"2251\">\n<p data-start=\"2230\" data-end=\"2251\">12:30 Almuerzo libre<\/p>\n<\/li>\n<li data-start=\"2252\" data-end=\"2286\">\n<p data-start=\"2254\" data-end=\"2286\">14:00 Salida hacia Alberobello<\/p>\n<\/li>\n<li data-start=\"2287\" data-end=\"2326\">\n<p data-start=\"2289\" data-end=\"2326\">15:00 Visita guiada de Alberobello<\/p>\n<\/li>\n<li data-start=\"2327\" data-end=\"2368\">\n<p data-start=\"2329\" data-end=\"2368\">17:00 Fin de la visita y salida hacia Bari<\/p>\n<\/li>\n<li data-start=\"2369\" data-end=\"2393\">\n<p data-start=\"2371\" data-end=\"2393\">18:30 Rientro a Bari<\/p>\n<\/li>\n<\/ul>\n<h3 data-start=\"2400\" data-end=\"2684\">\ud83c\udf1f <strong data-start=\"2403\" data-end=\"2427\">Experiencias relacionadas<\/strong><\/h3>\n<p data-start=\"2400\" data-end=\"2684\" class=\" translation-block\">Para enriquecer tu viaje, descubre tambi\u00e9n nuestros otros city tours en Puglia, como el <a href=\"https:\/\/pugliamare.it\/esperienze\/vespa-tour-valle-d-itria\/\" target=\"_self\"><strong>Tour en Vespa por el Valle de Itria<\/strong><\/a> o la <a href=\"https:\/\/pugliamare.it\/esperienze\/visita-ai-sassi-di-matera-con-partenza-da-bari\/\" target=\"_self\"><strong data-start=\"2565\" data-end=\"2614\">Visita guiada a Matera con traslado desde Bari<\/strong><\/a>, para una inmersi\u00f3n total en la cultura y los paisajes de la regi\u00f3n.<\/p>\n<h3 data-start=\"2691\" data-end=\"2996\"><strong data-start=\"2695\" data-end=\"2766\">\u00a1Reserva ahora tu visita guiada a Polignano a Mare y Alberobello!<\/strong><\/h3>\n<p data-start=\"2691\" data-end=\"2996\" class=\" translation-block\">Asegura tu plaza en este tour imperdible. Para m\u00e1s informaci\u00f3n o solicitudes especiales, no dudes en <a href=\"https:\/\/api.whatsapp.com\/send?phone=393668959532\" target=\"_self\">contactarnos<\/a>. Nuestro equipo est\u00e1 a tu disposici\u00f3n para que tu experiencia en Puglia sea \u00fanica e inolvidable.<\/p>","protected":false},"excerpt":{"rendered":"<p class=\" translation-block\">Descubre la belleza \u00fanica de <strong>Polignano a Mare<\/strong> y <strong>Alberobello<\/strong> en un tour guiado desde Bari. Admira los impresionantes acantilados y las cuevas marinas de Polignano, explora su encantador centro hist\u00f3rico y visita los famosos trulli de Alberobello, Patrimonio de la Humanidad por la UNESCO. Una experiencia completa entre mar, cultura y tradici\u00f3n pugliese, con regreso a Bari por la tarde.<\/p>","protected":false},"featured_media":23184,"template":"","meta":{"_acf_changed":false,"inline_featured_image":false},"product_cat":[292,364],"product_tag":[290],"acf":[],"yoast_head":"<!-- This site is optimized with the Yoast SEO Premium plugin v22.8 (Yoast SEO v22.8) - https:\/\/yoast.com\/wordpress\/plugins\/seo\/ -->\n<title>Visita a Polignano a Mare e Alberobello con partenza da Bari | Pugliamare<\/title>\n<meta name=\"description\" content=\"Scopri Polignano a Mare e Alberobello in un tour guidato da Bari. Visita i trulli UNESCO, le scogliere e il centro storico. Prenota ora!\" \/>\n<meta name=\"robots\" content=\"index, follow, max-snippet:-1, max-image-preview:large, max-video-preview:-1\" \/>\n<link rel=\"canonical\" href=\"https:\/\/pugliamare.it\/es\/esperienze\/visita-polignano-a-mare-e-alberobello\/\" \/>\n<meta property=\"og:locale\" content=\"es_ES\" \/>\n<meta property=\"og:type\" content=\"article\" \/>\n<meta property=\"og:title\" content=\"Visita Polignano a Mare e Alberobello da Bari \u2013 Tour guidato giornaliero\" \/>\n<meta property=\"og:description\" content=\"Scopri Polignano a Mare e Alberobello in un tour guidato da Bari. Visita i trulli UNESCO, le scogliere e il centro storico. Prenota ora!\" \/>\n<meta property=\"og:url\" content=\"https:\/\/pugliamare.it\/es\/esperienze\/visita-polignano-a-mare-e-alberobello\/\" \/>\n<meta property=\"og:site_name\" content=\"Pugliamare\" \/>\n<meta property=\"article:publisher\" content=\"https:\/\/www.facebook.com\/pugliamarexperience\" \/>\n<meta property=\"article:modified_time\" content=\"2026-04-10T15:38:30+00:00\" \/>\n<meta property=\"og:image\" content=\"https:\/\/pugliamare.it\/wp-content\/uploads\/2024\/03\/Company-Ita-Pugliamare-2-e1722504198217-1024x639.jpg\" \/>\n\t<meta property=\"og:image:width\" content=\"1024\" \/>\n\t<meta property=\"og:image:height\" content=\"639\" \/>\n\t<meta property=\"og:image:type\" content=\"image\/jpeg\" \/>\n<meta name=\"twitter:card\" content=\"summary_large_image\" \/>\n<script type=\"application\/ld+json\" class=\"yoast-schema-graph\">{\"@context\":\"https:\/\/schema.org\",\"@graph\":[{\"@type\":\"WebPage\",\"@id\":\"https:\/\/pugliamare.it\/esperienze\/visita-polignano-a-mare-e-alberobello\/\",\"url\":\"https:\/\/pugliamare.it\/esperienze\/visita-polignano-a-mare-e-alberobello\/\",\"name\":\"Visita a Polignano a Mare e Alberobello con partenza da Bari | Pugliamare\",\"isPartOf\":{\"@id\":\"https:\/\/pugliamare.it\/en\/#website\"},\"primaryImageOfPage\":{\"@id\":\"https:\/\/pugliamare.it\/esperienze\/visita-polignano-a-mare-e-alberobello\/#primaryimage\"},\"image\":{\"@id\":\"https:\/\/pugliamare.it\/esperienze\/visita-polignano-a-mare-e-alberobello\/#primaryimage\"},\"thumbnailUrl\":\"https:\/\/pugliamare.it\/wp-content\/uploads\/2024\/03\/Company-Ita-Pugliamare-2-e1722504198217.jpg\",\"datePublished\":\"2024-03-24T17:51:03+00:00\",\"dateModified\":\"2026-04-10T15:38:30+00:00\",\"description\":\"Scopri Polignano a Mare e Alberobello in un tour guidato da Bari. Visita i trulli UNESCO, le scogliere e il centro storico. Prenota ora!\",\"breadcrumb\":{\"@id\":\"https:\/\/pugliamare.it\/esperienze\/visita-polignano-a-mare-e-alberobello\/#breadcrumb\"},\"inLanguage\":\"es\",\"potentialAction\":[{\"@type\":\"ReadAction\",\"target\":[\"https:\/\/pugliamare.it\/esperienze\/visita-polignano-a-mare-e-alberobello\/\"]}]},{\"@type\":\"ImageObject\",\"inLanguage\":\"es\",\"@id\":\"https:\/\/pugliamare.it\/esperienze\/visita-polignano-a-mare-e-alberobello\/#primaryimage\",\"url\":\"https:\/\/pugliamare.it\/wp-content\/uploads\/2024\/03\/Company-Ita-Pugliamare-2-e1722504198217.jpg\",\"contentUrl\":\"https:\/\/pugliamare.it\/wp-content\/uploads\/2024\/03\/Company-Ita-Pugliamare-2-e1722504198217.jpg\",\"width\":1690,\"height\":1054,\"caption\":\"Polignano a Mare e Alberobello\"},{\"@type\":\"BreadcrumbList\",\"@id\":\"https:\/\/pugliamare.it\/esperienze\/visita-polignano-a-mare-e-alberobello\/#breadcrumb\",\"itemListElement\":[{\"@type\":\"ListItem\",\"position\":1,\"name\":\"Home\",\"item\":\"https:\/\/pugliamare.it\/\"},{\"@type\":\"ListItem\",\"position\":2,\"name\":\"Visita Polignano a Mare e Alberobello da Bari \u2013 Tour guidato giornaliero\"}]},{\"@type\":\"WebSite\",\"@id\":\"https:\/\/pugliamare.it\/en\/#website\",\"url\":\"https:\/\/pugliamare.it\/en\/\",\"name\":\"Pugliamare\",\"description\":\"Esperienze, Soggiorni e Tour personalizzati in Puglia\",\"publisher\":{\"@id\":\"https:\/\/pugliamare.it\/en\/#organization\"},\"potentialAction\":[{\"@type\":\"SearchAction\",\"target\":{\"@type\":\"EntryPoint\",\"urlTemplate\":\"https:\/\/pugliamare.it\/en\/?s={search_term_string}\"},\"query-input\":\"required name=search_term_string\"}],\"inLanguage\":\"es\"},{\"@type\":\"Organization\",\"@id\":\"https:\/\/pugliamare.it\/en\/#organization\",\"name\":\"Pugliamare srl\",\"url\":\"https:\/\/pugliamare.it\/en\/\",\"logo\":{\"@type\":\"ImageObject\",\"inLanguage\":\"es\",\"@id\":\"https:\/\/pugliamare.it\/en\/#\/schema\/logo\/image\/\",\"url\":\"https:\/\/pugliamare.it\/wp-content\/uploads\/2021\/04\/cropped-cropped-Risorsa-2.png\",\"contentUrl\":\"https:\/\/pugliamare.it\/wp-content\/uploads\/2021\/04\/cropped-cropped-Risorsa-2.png\",\"width\":374,\"height\":117,\"caption\":\"Pugliamare srl\"},\"image\":{\"@id\":\"https:\/\/pugliamare.it\/en\/#\/schema\/logo\/image\/\"},\"sameAs\":[\"https:\/\/www.facebook.com\/pugliamarexperience\",\"https:\/\/www.instagram.com\/pugliamare\/\"]}]}<\/script>\n<!-- \/ Yoast SEO Premium plugin. -->","yoast_head_json":{"title":"Visita a Polignano a Mare e Alberobello con partenza da Bari | Pugliamare","description":"Scopri Polignano a Mare e Alberobello in un tour guidato da Bari. Visita i trulli UNESCO, le scogliere e il centro storico. Prenota ora!","robots":{"index":"index","follow":"follow","max-snippet":"max-snippet:-1","max-image-preview":"max-image-preview:large","max-video-preview":"max-video-preview:-1"},"canonical":"https:\/\/pugliamare.it\/es\/esperienze\/visita-polignano-a-mare-e-alberobello\/","og_locale":"es_ES","og_type":"article","og_title":"Visita Polignano a Mare e Alberobello da Bari \u2013 Tour guidato giornaliero","og_description":"Scopri Polignano a Mare e Alberobello in un tour guidato da Bari. Visita i trulli UNESCO, le scogliere e il centro storico. Prenota ora!","og_url":"https:\/\/pugliamare.it\/es\/esperienze\/visita-polignano-a-mare-e-alberobello\/","og_site_name":"Pugliamare","article_publisher":"https:\/\/www.facebook.com\/pugliamarexperience","article_modified_time":"2026-04-10T15:38:30+00:00","og_image":[{"width":1024,"height":639,"url":"https:\/\/pugliamare.it\/wp-content\/uploads\/2024\/03\/Company-Ita-Pugliamare-2-e1722504198217-1024x639.jpg","type":"image\/jpeg"}],"twitter_card":"summary_large_image","schema":{"@context":"https:\/\/schema.org","@graph":[{"@type":"WebPage","@id":"https:\/\/pugliamare.it\/esperienze\/visita-polignano-a-mare-e-alberobello\/","url":"https:\/\/pugliamare.it\/esperienze\/visita-polignano-a-mare-e-alberobello\/","name":"Visita a Polignano a Mare e Alberobello con partenza da Bari | Pugliamare","isPartOf":{"@id":"https:\/\/pugliamare.it\/en\/#website"},"primaryImageOfPage":{"@id":"https:\/\/pugliamare.it\/esperienze\/visita-polignano-a-mare-e-alberobello\/#primaryimage"},"image":{"@id":"https:\/\/pugliamare.it\/esperienze\/visita-polignano-a-mare-e-alberobello\/#primaryimage"},"thumbnailUrl":"https:\/\/pugliamare.it\/wp-content\/uploads\/2024\/03\/Company-Ita-Pugliamare-2-e1722504198217.jpg","datePublished":"2024-03-24T17:51:03+00:00","dateModified":"2026-04-10T15:38:30+00:00","description":"Scopri Polignano a Mare e Alberobello in un tour guidato da Bari. Visita i trulli UNESCO, le scogliere e il centro storico. Prenota ora!","breadcrumb":{"@id":"https:\/\/pugliamare.it\/esperienze\/visita-polignano-a-mare-e-alberobello\/#breadcrumb"},"inLanguage":"es","potentialAction":[{"@type":"ReadAction","target":["https:\/\/pugliamare.it\/esperienze\/visita-polignano-a-mare-e-alberobello\/"]}]},{"@type":"ImageObject","inLanguage":"es","@id":"https:\/\/pugliamare.it\/esperienze\/visita-polignano-a-mare-e-alberobello\/#primaryimage","url":"https:\/\/pugliamare.it\/wp-content\/uploads\/2024\/03\/Company-Ita-Pugliamare-2-e1722504198217.jpg","contentUrl":"https:\/\/pugliamare.it\/wp-content\/uploads\/2024\/03\/Company-Ita-Pugliamare-2-e1722504198217.jpg","width":1690,"height":1054,"caption":"Polignano a Mare e Alberobello"},{"@type":"BreadcrumbList","@id":"https:\/\/pugliamare.it\/esperienze\/visita-polignano-a-mare-e-alberobello\/#breadcrumb","itemListElement":[{"@type":"ListItem","position":1,"name":"Home","item":"https:\/\/pugliamare.it\/"},{"@type":"ListItem","position":2,"name":"Visita Polignano a Mare e Alberobello da Bari \u2013 Tour guidato giornaliero"}]},{"@type":"WebSite","@id":"https:\/\/pugliamare.it\/en\/#website","url":"https:\/\/pugliamare.it\/en\/","name":"Pugliamare","description":"Esperienze, Soggiorni e Tour personalizzati in Puglia","publisher":{"@id":"https:\/\/pugliamare.it\/en\/#organization"},"potentialAction":[{"@type":"SearchAction","target":{"@type":"EntryPoint","urlTemplate":"https:\/\/pugliamare.it\/en\/?s={search_term_string}"},"query-input":"required name=search_term_string"}],"inLanguage":"es"},{"@type":"Organization","@id":"https:\/\/pugliamare.it\/en\/#organization","name":"Pugliamare srl","url":"https:\/\/pugliamare.it\/en\/","logo":{"@type":"ImageObject","inLanguage":"es","@id":"https:\/\/pugliamare.it\/en\/#\/schema\/logo\/image\/","url":"https:\/\/pugliamare.it\/wp-content\/uploads\/2021\/04\/cropped-cropped-Risorsa-2.png","contentUrl":"https:\/\/pugliamare.it\/wp-content\/uploads\/2021\/04\/cropped-cropped-Risorsa-2.png","width":374,"height":117,"caption":"Pugliamare srl"},"image":{"@id":"https:\/\/pugliamare.it\/en\/#\/schema\/logo\/image\/"},"sameAs":["https:\/\/www.facebook.com\/pugliamarexperience","https:\/\/www.instagram.com\/pugliamare\/"]}]}},"_links":{"self":[{"href":"https:\/\/pugliamare.it\/es\/wp-json\/wp\/v2\/product\/20647"}],"collection":[{"href":"https:\/\/pugliamare.it\/es\/wp-json\/wp\/v2\/product"}],"about":[{"href":"https:\/\/pugliamare.it\/es\/wp-json\/wp\/v2\/types\/product"}],"version-history":[{"count":17,"href":"https:\/\/pugliamare.it\/es\/wp-json\/wp\/v2\/product\/20647\/revisions"}],"predecessor-version":[{"id":25988,"href":"https:\/\/pugliamare.it\/es\/wp-json\/wp\/v2\/product\/20647\/revisions\/25988"}],"wp:featuredmedia":[{"embeddable":true,"href":"https:\/\/pugliamare.it\/es\/wp-json\/wp\/v2\/media\/23184"}],"wp:attachment":[{"href":"https:\/\/pugliamare.it\/es\/wp-json\/wp\/v2\/media?parent=20647"}],"wp:term":[{"taxonomy":"product_cat","embeddable":true,"href":"https:\/\/pugliamare.it\/es\/wp-json\/wp\/v2\/product_cat?post=20647"},{"taxonomy":"product_tag","embeddable":true,"href":"https:\/\/pugliamare.it\/es\/wp-json\/wp\/v2\/product_tag?post=20647"}],"curies":[{"name":"wp","href":"https:\/\/api.w.org\/{rel}","templated":true}]}}