{"id":20651,"date":"2024-03-24T18:51:14","date_gmt":"2024-03-24T17:51:14","guid":{"rendered":"https:\/\/staging.pugliamare.it\/esperienze\/visita-guidata-ai-sassi-di-matera\/"},"modified":"2026-03-09T16:21:27","modified_gmt":"2026-03-09T15:21:27","slug":"visita-guidata-ai-sassi-di-matera","status":"publish","type":"product","link":"https:\/\/pugliamare.it\/es\/esperienze\/visita-guidata-ai-sassi-di-matera\/","title":{"rendered":"Visita Guiada por los Sassi de Matera \u2013 Tour con Gu\u00eda Experta"},"content":{"rendered":"<h1 data-start=\"525\" data-end=\"607\"><strong data-start=\"570\" data-end=\"607\">Visita guiada por los \"Sassi de Matera\"<\/strong><\/h1>\n<p data-start=\"609\" data-end=\"942\">Sum\u00e9rgete en la extraordinaria historia de Matera, conocida como la \u201cCiudad de las Cavernas\u201d, con un tour guiado que te mostrar\u00e1 sus rincones m\u00e1s sugestivos y aut\u00e9nticos. Este recorrido te llevar\u00e1 por callejuelas intrincadas, antiguas escaleras y amplias terrazas, revelando la vida de los pueblos excavados en la roca.<\/p>\n<p data-start=\"944\" data-end=\"1266\" class=\" translation-block\">Paseando con la gu\u00eda experta, explorar\u00e1s los dos c\u00e9lebres barrios, <strong data-start=\"1018\" data-end=\"1036\">Sasso Barisano<\/strong> y <strong data-start=\"1042\" data-end=\"1059\">Sasso Caveoso<\/strong>, verdaderos museos al aire libre donde cada piedra cuenta siglos de historia. Podr\u00e1s admirar grandes iglesias rom\u00e1nicas, barrocas y rupestres, y dejarte cautivar por las vistas \u00fanicas que ofrece la ciudad.<\/p>\n<p data-start=\"1268\" data-end=\"1624\">Matera, reconocida como Patrimonio de la Humanidad por la UNESCO y Capital Italiana de la Cultura en 2019, te regalar\u00e1 una experiencia intensa y envolvente, llev\u00e1ndote en un viaje en el tiempo entre cultura, arte y naturaleza. Si lo deseas, tambi\u00e9n podr\u00e1s explorar el casco hist\u00f3rico o adentrarte en el Parque de la Murgia Materana, con sus impresionantes formaciones naturales.<\/p>\n<p data-start=\"1626\" data-end=\"1764\" class=\" translation-block\"><strong data-start=\"1629\" data-end=\"1654\">Consejos para el tour:<\/strong> lleva calzado c\u00f3modo y una c\u00e1mara para capturar cada emoci\u00f3n de este viaje inolvidable.<\/p>\n<p data-start=\"1766\" data-end=\"1872\" class=\" translation-block\">El tour es apto para grupos peque\u00f1os (<strong>m\u00ednimo 2 participantes<\/strong>) para garantizarte la mejor experiencia posible.<\/p>\n<h3 data-start=\"1879\" data-end=\"2139\">\ud83c\udf1f <strong data-start=\"1882\" data-end=\"1906\">Experiencias relacionadas<\/strong><\/h3>\n<p data-start=\"1879\" data-end=\"2139\" class=\" translation-block\">Para enriquecer tus vacaciones, descubre nuestro <a href=\"https:\/\/pugliamare.it\/esperienze\/tour-unesco-matera-e-alberobello-da-polignano-a-mare\/\" target=\"_self\"><strong data-start=\"1957\" data-end=\"1993\">Tour UNESCO por Matera y Alberobello<\/strong><\/a>, que une la magia de los Sassi con la visita a los caracter\u00edsticos trulli de Puglia. Vive una inmersi\u00f3n completa en la cultura de Puglia y Basilicata.<\/p>\n<h3 data-start=\"2146\" data-end=\"2466\"><strong data-start=\"2150\" data-end=\"2206\">Reserva Ahora Tu Visita Guiada por los Sassi de Matera<\/strong><\/h3>\n<p data-start=\"2146\" data-end=\"2466\" class=\" translation-block\">No pierdas la oportunidad de descubrir uno de los lugares m\u00e1s fascinantes de Italia con la m\u00e1xima comodidad y una gu\u00eda experta. Para m\u00e1s informaci\u00f3n o solicitudes, <a href=\"https:\/\/api.whatsapp.com\/send?phone=393668959532\" target=\"_self\">cont\u00e1ctanos<\/a>: nuestro equipo est\u00e1 a tu disposici\u00f3n para ofrecerte asistencia y consejos personalizados.<\/p>","protected":false},"excerpt":{"rendered":"<p class=\" translation-block\">Descubre los <strong>Sassi de Matera<\/strong>, Patrimonio de la <strong>UNESCO<\/strong> y Capital Italiana de la Cultura 2019, con una visita guiada que te llevar\u00e1 entre antiguas casas rupestres, iglesias hist\u00f3ricas y vistas impresionantes. Vive la magia de la \u201c<strong>Ciudad de las Cavernas<\/strong>\u201d con una gu\u00eda cualificada.<\/p>","protected":false},"featured_media":12437,"template":"","meta":{"_acf_changed":false,"inline_featured_image":false},"product_cat":[292],"product_tag":[290],"acf":[],"yoast_head":"<!-- This site is optimized with the Yoast SEO Premium plugin v22.8 (Yoast SEO v22.8) - https:\/\/yoast.com\/wordpress\/plugins\/seo\/ -->\n<title>Visita guidata ai Sassi di Matera \u2013 Tour con guida esperta | Pugliamare<\/title>\n<meta name=\"description\" content=\"Scopri i Sassi di Matera con una visita guidata tra antiche case rupestri, chiese storiche e panorami mozzafiato. Tour con guida esperta, prenota ora!\" \/>\n<meta name=\"robots\" content=\"index, follow, max-snippet:-1, max-image-preview:large, max-video-preview:-1\" \/>\n<link rel=\"canonical\" href=\"https:\/\/pugliamare.it\/es\/esperienze\/visita-guidata-ai-sassi-di-matera\/\" \/>\n<meta property=\"og:locale\" content=\"es_ES\" \/>\n<meta property=\"og:type\" content=\"article\" \/>\n<meta property=\"og:title\" content=\"Visita guidata ai Sassi di Matera \u2013 Tour con guida esperta\" \/>\n<meta property=\"og:description\" content=\"Scopri i Sassi di Matera con una visita guidata tra antiche case rupestri, chiese storiche e panorami mozzafiato. Tour con guida esperta, prenota ora!\" \/>\n<meta property=\"og:url\" content=\"https:\/\/pugliamare.it\/es\/esperienze\/visita-guidata-ai-sassi-di-matera\/\" \/>\n<meta property=\"og:site_name\" content=\"Pugliamare\" \/>\n<meta property=\"article:publisher\" content=\"https:\/\/www.facebook.com\/pugliamarexperience\" \/>\n<meta property=\"article:modified_time\" content=\"2026-03-09T15:21:27+00:00\" \/>\n<meta property=\"og:image\" content=\"https:\/\/pugliamare.it\/wp-content\/uploads\/2021\/05\/AdobeStock_221841462-scaled.jpeg\" \/>\n\t<meta property=\"og:image:width\" content=\"2560\" \/>\n\t<meta property=\"og:image:height\" content=\"1707\" \/>\n\t<meta property=\"og:image:type\" content=\"image\/jpeg\" \/>\n<meta name=\"twitter:card\" content=\"summary_large_image\" \/>\n<script type=\"application\/ld+json\" class=\"yoast-schema-graph\">{\"@context\":\"https:\/\/schema.org\",\"@graph\":[{\"@type\":\"WebPage\",\"@id\":\"https:\/\/pugliamare.it\/esperienze\/visita-guidata-ai-sassi-di-matera\/\",\"url\":\"https:\/\/pugliamare.it\/esperienze\/visita-guidata-ai-sassi-di-matera\/\",\"name\":\"Visita guidata ai Sassi di Matera \u2013 Tour con guida esperta | Pugliamare\",\"isPartOf\":{\"@id\":\"https:\/\/pugliamare.it\/en\/#website\"},\"primaryImageOfPage\":{\"@id\":\"https:\/\/pugliamare.it\/esperienze\/visita-guidata-ai-sassi-di-matera\/#primaryimage\"},\"image\":{\"@id\":\"https:\/\/pugliamare.it\/esperienze\/visita-guidata-ai-sassi-di-matera\/#primaryimage\"},\"thumbnailUrl\":\"https:\/\/pugliamare.it\/wp-content\/uploads\/2021\/05\/AdobeStock_221841462-scaled.jpeg\",\"datePublished\":\"2024-03-24T17:51:14+00:00\",\"dateModified\":\"2026-03-09T15:21:27+00:00\",\"description\":\"Scopri i Sassi di Matera con una visita guidata tra antiche case rupestri, chiese storiche e panorami mozzafiato. Tour con guida esperta, prenota ora!\",\"breadcrumb\":{\"@id\":\"https:\/\/pugliamare.it\/esperienze\/visita-guidata-ai-sassi-di-matera\/#breadcrumb\"},\"inLanguage\":\"es\",\"potentialAction\":[{\"@type\":\"ReadAction\",\"target\":[\"https:\/\/pugliamare.it\/esperienze\/visita-guidata-ai-sassi-di-matera\/\"]}]},{\"@type\":\"ImageObject\",\"inLanguage\":\"es\",\"@id\":\"https:\/\/pugliamare.it\/esperienze\/visita-guidata-ai-sassi-di-matera\/#primaryimage\",\"url\":\"https:\/\/pugliamare.it\/wp-content\/uploads\/2021\/05\/AdobeStock_221841462-scaled.jpeg\",\"contentUrl\":\"https:\/\/pugliamare.it\/wp-content\/uploads\/2021\/05\/AdobeStock_221841462-scaled.jpeg\",\"width\":2560,\"height\":1707,\"caption\":\"Young elegant woman tourist in historical Matera town in Italy standing on a wall looking at city landscape\"},{\"@type\":\"BreadcrumbList\",\"@id\":\"https:\/\/pugliamare.it\/esperienze\/visita-guidata-ai-sassi-di-matera\/#breadcrumb\",\"itemListElement\":[{\"@type\":\"ListItem\",\"position\":1,\"name\":\"Home\",\"item\":\"https:\/\/pugliamare.it\/\"},{\"@type\":\"ListItem\",\"position\":2,\"name\":\"Visita guidata ai Sassi di Matera \u2013 Tour con guida esperta\"}]},{\"@type\":\"WebSite\",\"@id\":\"https:\/\/pugliamare.it\/en\/#website\",\"url\":\"https:\/\/pugliamare.it\/en\/\",\"name\":\"Pugliamare\",\"description\":\"Esperienze, Soggiorni e Tour personalizzati in Puglia\",\"publisher\":{\"@id\":\"https:\/\/pugliamare.it\/en\/#organization\"},\"potentialAction\":[{\"@type\":\"SearchAction\",\"target\":{\"@type\":\"EntryPoint\",\"urlTemplate\":\"https:\/\/pugliamare.it\/en\/?s={search_term_string}\"},\"query-input\":\"required name=search_term_string\"}],\"inLanguage\":\"es\"},{\"@type\":\"Organization\",\"@id\":\"https:\/\/pugliamare.it\/en\/#organization\",\"name\":\"Pugliamare srl\",\"url\":\"https:\/\/pugliamare.it\/en\/\",\"logo\":{\"@type\":\"ImageObject\",\"inLanguage\":\"es\",\"@id\":\"https:\/\/pugliamare.it\/en\/#\/schema\/logo\/image\/\",\"url\":\"https:\/\/pugliamare.it\/wp-content\/uploads\/2021\/04\/cropped-cropped-Risorsa-2.png\",\"contentUrl\":\"https:\/\/pugliamare.it\/wp-content\/uploads\/2021\/04\/cropped-cropped-Risorsa-2.png\",\"width\":374,\"height\":117,\"caption\":\"Pugliamare srl\"},\"image\":{\"@id\":\"https:\/\/pugliamare.it\/en\/#\/schema\/logo\/image\/\"},\"sameAs\":[\"https:\/\/www.facebook.com\/pugliamarexperience\",\"https:\/\/www.instagram.com\/pugliamare\/\"]}]}<\/script>\n<!-- \/ Yoast SEO Premium plugin. -->","yoast_head_json":{"title":"Visita guidata ai Sassi di Matera \u2013 Tour con guida esperta | Pugliamare","description":"Scopri i Sassi di Matera con una visita guidata tra antiche case rupestri, chiese storiche e panorami mozzafiato. Tour con guida esperta, prenota ora!","robots":{"index":"index","follow":"follow","max-snippet":"max-snippet:-1","max-image-preview":"max-image-preview:large","max-video-preview":"max-video-preview:-1"},"canonical":"https:\/\/pugliamare.it\/es\/esperienze\/visita-guidata-ai-sassi-di-matera\/","og_locale":"es_ES","og_type":"article","og_title":"Visita guidata ai Sassi di Matera \u2013 Tour con guida esperta","og_description":"Scopri i Sassi di Matera con una visita guidata tra antiche case rupestri, chiese storiche e panorami mozzafiato. Tour con guida esperta, prenota ora!","og_url":"https:\/\/pugliamare.it\/es\/esperienze\/visita-guidata-ai-sassi-di-matera\/","og_site_name":"Pugliamare","article_publisher":"https:\/\/www.facebook.com\/pugliamarexperience","article_modified_time":"2026-03-09T15:21:27+00:00","og_image":[{"width":2560,"height":1707,"url":"https:\/\/pugliamare.it\/wp-content\/uploads\/2021\/05\/AdobeStock_221841462-scaled.jpeg","type":"image\/jpeg"}],"twitter_card":"summary_large_image","schema":{"@context":"https:\/\/schema.org","@graph":[{"@type":"WebPage","@id":"https:\/\/pugliamare.it\/esperienze\/visita-guidata-ai-sassi-di-matera\/","url":"https:\/\/pugliamare.it\/esperienze\/visita-guidata-ai-sassi-di-matera\/","name":"Visita guidata ai Sassi di Matera \u2013 Tour con guida esperta | Pugliamare","isPartOf":{"@id":"https:\/\/pugliamare.it\/en\/#website"},"primaryImageOfPage":{"@id":"https:\/\/pugliamare.it\/esperienze\/visita-guidata-ai-sassi-di-matera\/#primaryimage"},"image":{"@id":"https:\/\/pugliamare.it\/esperienze\/visita-guidata-ai-sassi-di-matera\/#primaryimage"},"thumbnailUrl":"https:\/\/pugliamare.it\/wp-content\/uploads\/2021\/05\/AdobeStock_221841462-scaled.jpeg","datePublished":"2024-03-24T17:51:14+00:00","dateModified":"2026-03-09T15:21:27+00:00","description":"Scopri i Sassi di Matera con una visita guidata tra antiche case rupestri, chiese storiche e panorami mozzafiato. Tour con guida esperta, prenota ora!","breadcrumb":{"@id":"https:\/\/pugliamare.it\/esperienze\/visita-guidata-ai-sassi-di-matera\/#breadcrumb"},"inLanguage":"es","potentialAction":[{"@type":"ReadAction","target":["https:\/\/pugliamare.it\/esperienze\/visita-guidata-ai-sassi-di-matera\/"]}]},{"@type":"ImageObject","inLanguage":"es","@id":"https:\/\/pugliamare.it\/esperienze\/visita-guidata-ai-sassi-di-matera\/#primaryimage","url":"https:\/\/pugliamare.it\/wp-content\/uploads\/2021\/05\/AdobeStock_221841462-scaled.jpeg","contentUrl":"https:\/\/pugliamare.it\/wp-content\/uploads\/2021\/05\/AdobeStock_221841462-scaled.jpeg","width":2560,"height":1707,"caption":"Young elegant woman tourist in historical Matera town in Italy standing on a wall looking at city landscape"},{"@type":"BreadcrumbList","@id":"https:\/\/pugliamare.it\/esperienze\/visita-guidata-ai-sassi-di-matera\/#breadcrumb","itemListElement":[{"@type":"ListItem","position":1,"name":"Home","item":"https:\/\/pugliamare.it\/"},{"@type":"ListItem","position":2,"name":"Visita guidata ai Sassi di Matera \u2013 Tour con guida esperta"}]},{"@type":"WebSite","@id":"https:\/\/pugliamare.it\/en\/#website","url":"https:\/\/pugliamare.it\/en\/","name":"Pugliamare","description":"Esperienze, Soggiorni e Tour personalizzati in Puglia","publisher":{"@id":"https:\/\/pugliamare.it\/en\/#organization"},"potentialAction":[{"@type":"SearchAction","target":{"@type":"EntryPoint","urlTemplate":"https:\/\/pugliamare.it\/en\/?s={search_term_string}"},"query-input":"required name=search_term_string"}],"inLanguage":"es"},{"@type":"Organization","@id":"https:\/\/pugliamare.it\/en\/#organization","name":"Pugliamare srl","url":"https:\/\/pugliamare.it\/en\/","logo":{"@type":"ImageObject","inLanguage":"es","@id":"https:\/\/pugliamare.it\/en\/#\/schema\/logo\/image\/","url":"https:\/\/pugliamare.it\/wp-content\/uploads\/2021\/04\/cropped-cropped-Risorsa-2.png","contentUrl":"https:\/\/pugliamare.it\/wp-content\/uploads\/2021\/04\/cropped-cropped-Risorsa-2.png","width":374,"height":117,"caption":"Pugliamare srl"},"image":{"@id":"https:\/\/pugliamare.it\/en\/#\/schema\/logo\/image\/"},"sameAs":["https:\/\/www.facebook.com\/pugliamarexperience","https:\/\/www.instagram.com\/pugliamare\/"]}]}},"_links":{"self":[{"href":"https:\/\/pugliamare.it\/es\/wp-json\/wp\/v2\/product\/20651"}],"collection":[{"href":"https:\/\/pugliamare.it\/es\/wp-json\/wp\/v2\/product"}],"about":[{"href":"https:\/\/pugliamare.it\/es\/wp-json\/wp\/v2\/types\/product"}],"version-history":[{"count":10,"href":"https:\/\/pugliamare.it\/es\/wp-json\/wp\/v2\/product\/20651\/revisions"}],"predecessor-version":[{"id":37178,"href":"https:\/\/pugliamare.it\/es\/wp-json\/wp\/v2\/product\/20651\/revisions\/37178"}],"wp:featuredmedia":[{"embeddable":true,"href":"https:\/\/pugliamare.it\/es\/wp-json\/wp\/v2\/media\/12437"}],"wp:attachment":[{"href":"https:\/\/pugliamare.it\/es\/wp-json\/wp\/v2\/media?parent=20651"}],"wp:term":[{"taxonomy":"product_cat","embeddable":true,"href":"https:\/\/pugliamare.it\/es\/wp-json\/wp\/v2\/product_cat?post=20651"},{"taxonomy":"product_tag","embeddable":true,"href":"https:\/\/pugliamare.it\/es\/wp-json\/wp\/v2\/product_tag?post=20651"}],"curies":[{"name":"wp","href":"https:\/\/api.w.org\/{rel}","templated":true}]}}