{"id":20652,"date":"2024-03-24T18:51:18","date_gmt":"2024-03-24T17:51:18","guid":{"rendered":"https:\/\/staging.pugliamare.it\/esperienze\/visita-guidata-di-alberobello\/"},"modified":"2025-12-20T14:56:24","modified_gmt":"2025-12-20T13:56:24","slug":"visita-guidata-di-alberobello","status":"publish","type":"product","link":"https:\/\/pugliamare.it\/es\/esperienze\/visita-guidata-di-alberobello\/","title":{"rendered":"Visita Guiada por Alberobello \u2013 Recorrido entre los Trulli Patrimonio de la UNESCO"},"content":{"rendered":"<h1 data-start=\"517\" data-end=\"606\"><strong data-start=\"550\" data-end=\"606\">Tour Guiado por Alberobello: Explora los Trulli Patrimonio de la UNESCO<\/strong><\/h1>\n<p data-start=\"608\" data-end=\"933\" class=\" translation-block\">Sum\u00e9rgete en la atm\u00f3sfera \u00fanica de Alberobello, uno de los pueblos m\u00e1s encantadores del Mediterr\u00e1neo, famoso por sus caracter\u00edsticos trulli c\u00f3nicos, un patrimonio hist\u00f3rico y arquitect\u00f3nico \u00fanico en el mundo. Desde 1996, Alberobello est\u00e1 reconocido como <strong data-start=\"849\" data-end=\"888\">Patrimonio de la Humanidad por la UNESCO<\/strong> y forma parte de los \u201cPueblos m\u00e1s bonitos de Italia\u201d.<\/p>\n<h3 data-start=\"935\" data-end=\"972\">\ud83d\udeb6\u200d\u2642\ufe0f <strong data-start=\"941\" data-end=\"972\">Qu\u00e9 Ver\u00e1s Durante el Tour<\/strong><\/h3>\n<p data-start=\"974\" data-end=\"1335\" class=\" translation-block\">Nuestro tour comienza en el pintoresco barrio de <strong data-start=\"1017\" data-end=\"1032\">Aia Piccola<\/strong>, uno de los dos n\u00facleos hist\u00f3ricos de Alberobello, donde podr\u00e1s admirar de cerca la estructura y los detalles de los trulli tradicionales de piedra caliza. Continuaremos hacia el <strong data-start=\"1200\" data-end=\"1213\">Belvedere<\/strong>, desde donde disfrutar\u00e1s de una vista panor\u00e1mica espectacular de la ciudad y sus trulli, ideal para tomar fotos inolvidables.<\/p>\n<p data-start=\"1337\" data-end=\"1693\" class=\" translation-block\">El recorrido contin\u00faa con una parada en la animada <strong data-start=\"1385\" data-end=\"1406\">Piazza del Popolo<\/strong>, el coraz\u00f3n palpitante del pueblo, y una visita exterior a la hist\u00f3rica <strong data-start=\"1468\" data-end=\"1484\">Casa D\u2019Amore<\/strong>, un notable ejemplo de arquitectura local. Luego exploraremos el <strong data-start=\"1570\" data-end=\"1585\">barrio Monti<\/strong>, famoso por el <strong data-start=\"1601\" data-end=\"1619\">Trullo Siam\u00e9s<\/strong>, dos trulli unidos que representan una obra maestra de la ingenier\u00eda popular.<\/p>\n<p data-start=\"1695\" data-end=\"1836\" class=\" translation-block\">La visita culmina con el descubrimiento de la <strong data-start=\"1734\" data-end=\"1766\">\u00fanica iglesia trullo del mundo<\/strong>, una maravilla arquitect\u00f3nica emocionante que te dejar\u00e1 sin aliento.<\/p>\n<h3 data-start=\"1838\" data-end=\"1870\">\ud83d\udc65 <strong data-start=\"1841\" data-end=\"1870\">Participaci\u00f3n y Consejos<\/strong><\/h3>\n<p data-start=\"1872\" data-end=\"2098\"><strong>N\u00famero m\u00ednimo de participantes: 2<\/strong><\/p>\n<p data-start=\"1872\" data-end=\"2098\">Recomendamos encarecidamente visitar Alberobello con una gu\u00eda experta para profundizar en su historia, cultura y resolver todas tus dudas sobre este lugar extraordinario.<\/p>\n<p data-start=\"2100\" data-end=\"2230\" class=\" translation-block\">Para m\u00e1s detalles, <a href=\"https:\/\/api.whatsapp.com\/send?phone=393668959532\" target=\"_self\">cont\u00e1ctanos<\/a> para obtener informaci\u00f3n sobre el punto de encuentro y las opciones de visitas al interior de los trulli y la Bas\u00edlica.<\/p>\n<h3 data-start=\"2237\" data-end=\"2476\">\ud83c\udf1f <strong data-start=\"2240\" data-end=\"2265\">Experiencias relacionadas<\/strong><\/h3>\n<p data-start=\"2237\" data-end=\"2476\" class=\" translation-block\">Si te encanta Alberobello, tambi\u00e9n podr\u00edas disfrutar de nuestro <a href=\"https:\/\/pugliamare.it\/esperienze\/luxury-wine-tour-in-valle-ditria\/\" target=\"_self\"><strong data-start=\"2324\" data-end=\"2361\">Tour de Vino de Lujo en el Valle de Itria<\/strong><\/a> o del <a href=\"https:\/\/pugliamare.it\/esperienze\/e-bike-tour-tra-i-trulli\/\" target=\"_self\"><strong data-start=\"2367\" data-end=\"2398\">Tour en E-Bike entre los Trulli<\/strong><\/a>, para descubrir otras maravillas de Puglia rodeado de naturaleza y sabor.<\/p>\n<h3 data-start=\"2483\" data-end=\"2772\"><strong data-start=\"2487\" data-end=\"2540\">\u00a1Reserva Ahora Tu Visita Guiada por Alberobello!<\/strong><\/h3>\n<p data-start=\"2483\" data-end=\"2772\" class=\" translation-block\">No pierdas la oportunidad de vivir una experiencia \u00fanica entre los trulli m\u00e1s famosos del mundo. Reserva ahora y <a href=\"https:\/\/api.whatsapp.com\/send?phone=393668959532\" target=\"_self\">cont\u00e1ctanos<\/a> para cualquier duda o necesidad especial. \u00a1Estaremos encantados de ayudarte a organizar tu tour inolvidable!<\/p>","protected":false},"excerpt":{"rendered":"<p class=\" translation-block\">Descubre <strong>Alberobello<\/strong> con una visita guiada entre sus c\u00e9lebres <strong>trulli,<\/strong> declarados Patrimonio de la <strong>UNESCO<\/strong> y uno de los pueblos m\u00e1s bonitos de Italia. Vive la historia, la arquitectura \u00fanica y los paisajes encantadores de este rinc\u00f3n m\u00e1gico de Puglia.<\/p>","protected":false},"featured_media":11127,"template":"","meta":{"_acf_changed":false,"inline_featured_image":false},"product_cat":[292],"product_tag":[290],"acf":[],"yoast_head":"<!-- This site is optimized with the Yoast SEO Premium plugin v22.8 (Yoast SEO v22.8) - https:\/\/yoast.com\/wordpress\/plugins\/seo\/ -->\n<title>Visita guidata di Alberobello \u2013 Tour tra i trulli patrimonio UNESCO | Pugliamare<\/title>\n<meta name=\"description\" content=\"Scopri Alberobello con una visita guidata tra i suoi famosi trulli patrimonio UNESCO. Vivi storia e cultura nel cuore della Puglia. Prenota ora!\" \/>\n<meta name=\"robots\" content=\"index, follow, max-snippet:-1, max-image-preview:large, max-video-preview:-1\" \/>\n<link rel=\"canonical\" href=\"https:\/\/pugliamare.it\/es\/esperienze\/visita-guidata-di-alberobello\/\" \/>\n<meta property=\"og:locale\" content=\"es_ES\" \/>\n<meta property=\"og:type\" content=\"article\" \/>\n<meta property=\"og:title\" content=\"Visita guidata di Alberobello \u2013 Tour tra i trulli patrimonio UNESCO\" \/>\n<meta property=\"og:description\" content=\"Scopri Alberobello con una visita guidata tra i suoi famosi trulli patrimonio UNESCO. Vivi storia e cultura nel cuore della Puglia. Prenota ora!\" \/>\n<meta property=\"og:url\" content=\"https:\/\/pugliamare.it\/es\/esperienze\/visita-guidata-di-alberobello\/\" \/>\n<meta property=\"og:site_name\" content=\"Pugliamare\" \/>\n<meta property=\"article:publisher\" content=\"https:\/\/www.facebook.com\/pugliamarexperience\" \/>\n<meta property=\"article:modified_time\" content=\"2025-12-20T13:56:24+00:00\" \/>\n<meta property=\"og:image\" content=\"https:\/\/pugliamare.it\/wp-content\/uploads\/2022\/01\/Alberobello-scaled-1.jpeg\" \/>\n\t<meta property=\"og:image:width\" content=\"2560\" \/>\n\t<meta property=\"og:image:height\" content=\"1099\" \/>\n\t<meta property=\"og:image:type\" content=\"image\/jpeg\" \/>\n<meta name=\"twitter:card\" content=\"summary_large_image\" \/>\n<script type=\"application\/ld+json\" class=\"yoast-schema-graph\">{\"@context\":\"https:\/\/schema.org\",\"@graph\":[{\"@type\":\"WebPage\",\"@id\":\"https:\/\/pugliamare.it\/esperienze\/visita-guidata-di-alberobello\/\",\"url\":\"https:\/\/pugliamare.it\/esperienze\/visita-guidata-di-alberobello\/\",\"name\":\"Visita guidata di Alberobello \u2013 Tour tra i trulli patrimonio UNESCO | Pugliamare\",\"isPartOf\":{\"@id\":\"https:\/\/pugliamare.it\/en\/#website\"},\"primaryImageOfPage\":{\"@id\":\"https:\/\/pugliamare.it\/esperienze\/visita-guidata-di-alberobello\/#primaryimage\"},\"image\":{\"@id\":\"https:\/\/pugliamare.it\/esperienze\/visita-guidata-di-alberobello\/#primaryimage\"},\"thumbnailUrl\":\"https:\/\/pugliamare.it\/wp-content\/uploads\/2022\/01\/Alberobello-scaled-1.jpeg\",\"datePublished\":\"2024-03-24T17:51:18+00:00\",\"dateModified\":\"2025-12-20T13:56:24+00:00\",\"description\":\"Scopri Alberobello con una visita guidata tra i suoi famosi trulli patrimonio UNESCO. Vivi storia e cultura nel cuore della Puglia. Prenota ora!\",\"breadcrumb\":{\"@id\":\"https:\/\/pugliamare.it\/esperienze\/visita-guidata-di-alberobello\/#breadcrumb\"},\"inLanguage\":\"es\",\"potentialAction\":[{\"@type\":\"ReadAction\",\"target\":[\"https:\/\/pugliamare.it\/esperienze\/visita-guidata-di-alberobello\/\"]}]},{\"@type\":\"ImageObject\",\"inLanguage\":\"es\",\"@id\":\"https:\/\/pugliamare.it\/esperienze\/visita-guidata-di-alberobello\/#primaryimage\",\"url\":\"https:\/\/pugliamare.it\/wp-content\/uploads\/2022\/01\/Alberobello-scaled-1.jpeg\",\"contentUrl\":\"https:\/\/pugliamare.it\/wp-content\/uploads\/2022\/01\/Alberobello-scaled-1.jpeg\",\"width\":2560,\"height\":1099,\"caption\":\"Trulli di Alberobello\"},{\"@type\":\"BreadcrumbList\",\"@id\":\"https:\/\/pugliamare.it\/esperienze\/visita-guidata-di-alberobello\/#breadcrumb\",\"itemListElement\":[{\"@type\":\"ListItem\",\"position\":1,\"name\":\"Home\",\"item\":\"https:\/\/pugliamare.it\/\"},{\"@type\":\"ListItem\",\"position\":2,\"name\":\"Visita guidata di Alberobello \u2013 Tour tra i trulli patrimonio UNESCO\"}]},{\"@type\":\"WebSite\",\"@id\":\"https:\/\/pugliamare.it\/en\/#website\",\"url\":\"https:\/\/pugliamare.it\/en\/\",\"name\":\"Pugliamare\",\"description\":\"Esperienze, Soggiorni e Tour personalizzati in Puglia\",\"publisher\":{\"@id\":\"https:\/\/pugliamare.it\/en\/#organization\"},\"potentialAction\":[{\"@type\":\"SearchAction\",\"target\":{\"@type\":\"EntryPoint\",\"urlTemplate\":\"https:\/\/pugliamare.it\/en\/?s={search_term_string}\"},\"query-input\":\"required name=search_term_string\"}],\"inLanguage\":\"es\"},{\"@type\":\"Organization\",\"@id\":\"https:\/\/pugliamare.it\/en\/#organization\",\"name\":\"Pugliamare srl\",\"url\":\"https:\/\/pugliamare.it\/en\/\",\"logo\":{\"@type\":\"ImageObject\",\"inLanguage\":\"es\",\"@id\":\"https:\/\/pugliamare.it\/en\/#\/schema\/logo\/image\/\",\"url\":\"https:\/\/pugliamare.it\/wp-content\/uploads\/2021\/04\/cropped-cropped-Risorsa-2.png\",\"contentUrl\":\"https:\/\/pugliamare.it\/wp-content\/uploads\/2021\/04\/cropped-cropped-Risorsa-2.png\",\"width\":374,\"height\":117,\"caption\":\"Pugliamare srl\"},\"image\":{\"@id\":\"https:\/\/pugliamare.it\/en\/#\/schema\/logo\/image\/\"},\"sameAs\":[\"https:\/\/www.facebook.com\/pugliamarexperience\",\"https:\/\/www.instagram.com\/pugliamare\/\"]}]}<\/script>\n<!-- \/ Yoast SEO Premium plugin. -->","yoast_head_json":{"title":"Visita guidata di Alberobello \u2013 Tour tra i trulli patrimonio UNESCO | Pugliamare","description":"Scopri Alberobello con una visita guidata tra i suoi famosi trulli patrimonio UNESCO. Vivi storia e cultura nel cuore della Puglia. Prenota ora!","robots":{"index":"index","follow":"follow","max-snippet":"max-snippet:-1","max-image-preview":"max-image-preview:large","max-video-preview":"max-video-preview:-1"},"canonical":"https:\/\/pugliamare.it\/es\/esperienze\/visita-guidata-di-alberobello\/","og_locale":"es_ES","og_type":"article","og_title":"Visita guidata di Alberobello \u2013 Tour tra i trulli patrimonio UNESCO","og_description":"Scopri Alberobello con una visita guidata tra i suoi famosi trulli patrimonio UNESCO. Vivi storia e cultura nel cuore della Puglia. Prenota ora!","og_url":"https:\/\/pugliamare.it\/es\/esperienze\/visita-guidata-di-alberobello\/","og_site_name":"Pugliamare","article_publisher":"https:\/\/www.facebook.com\/pugliamarexperience","article_modified_time":"2025-12-20T13:56:24+00:00","og_image":[{"width":2560,"height":1099,"url":"https:\/\/pugliamare.it\/wp-content\/uploads\/2022\/01\/Alberobello-scaled-1.jpeg","type":"image\/jpeg"}],"twitter_card":"summary_large_image","schema":{"@context":"https:\/\/schema.org","@graph":[{"@type":"WebPage","@id":"https:\/\/pugliamare.it\/esperienze\/visita-guidata-di-alberobello\/","url":"https:\/\/pugliamare.it\/esperienze\/visita-guidata-di-alberobello\/","name":"Visita guidata di Alberobello \u2013 Tour tra i trulli patrimonio UNESCO | Pugliamare","isPartOf":{"@id":"https:\/\/pugliamare.it\/en\/#website"},"primaryImageOfPage":{"@id":"https:\/\/pugliamare.it\/esperienze\/visita-guidata-di-alberobello\/#primaryimage"},"image":{"@id":"https:\/\/pugliamare.it\/esperienze\/visita-guidata-di-alberobello\/#primaryimage"},"thumbnailUrl":"https:\/\/pugliamare.it\/wp-content\/uploads\/2022\/01\/Alberobello-scaled-1.jpeg","datePublished":"2024-03-24T17:51:18+00:00","dateModified":"2025-12-20T13:56:24+00:00","description":"Scopri Alberobello con una visita guidata tra i suoi famosi trulli patrimonio UNESCO. Vivi storia e cultura nel cuore della Puglia. Prenota ora!","breadcrumb":{"@id":"https:\/\/pugliamare.it\/esperienze\/visita-guidata-di-alberobello\/#breadcrumb"},"inLanguage":"es","potentialAction":[{"@type":"ReadAction","target":["https:\/\/pugliamare.it\/esperienze\/visita-guidata-di-alberobello\/"]}]},{"@type":"ImageObject","inLanguage":"es","@id":"https:\/\/pugliamare.it\/esperienze\/visita-guidata-di-alberobello\/#primaryimage","url":"https:\/\/pugliamare.it\/wp-content\/uploads\/2022\/01\/Alberobello-scaled-1.jpeg","contentUrl":"https:\/\/pugliamare.it\/wp-content\/uploads\/2022\/01\/Alberobello-scaled-1.jpeg","width":2560,"height":1099,"caption":"Trulli di Alberobello"},{"@type":"BreadcrumbList","@id":"https:\/\/pugliamare.it\/esperienze\/visita-guidata-di-alberobello\/#breadcrumb","itemListElement":[{"@type":"ListItem","position":1,"name":"Home","item":"https:\/\/pugliamare.it\/"},{"@type":"ListItem","position":2,"name":"Visita guidata di Alberobello \u2013 Tour tra i trulli patrimonio UNESCO"}]},{"@type":"WebSite","@id":"https:\/\/pugliamare.it\/en\/#website","url":"https:\/\/pugliamare.it\/en\/","name":"Pugliamare","description":"Esperienze, Soggiorni e Tour personalizzati in Puglia","publisher":{"@id":"https:\/\/pugliamare.it\/en\/#organization"},"potentialAction":[{"@type":"SearchAction","target":{"@type":"EntryPoint","urlTemplate":"https:\/\/pugliamare.it\/en\/?s={search_term_string}"},"query-input":"required name=search_term_string"}],"inLanguage":"es"},{"@type":"Organization","@id":"https:\/\/pugliamare.it\/en\/#organization","name":"Pugliamare srl","url":"https:\/\/pugliamare.it\/en\/","logo":{"@type":"ImageObject","inLanguage":"es","@id":"https:\/\/pugliamare.it\/en\/#\/schema\/logo\/image\/","url":"https:\/\/pugliamare.it\/wp-content\/uploads\/2021\/04\/cropped-cropped-Risorsa-2.png","contentUrl":"https:\/\/pugliamare.it\/wp-content\/uploads\/2021\/04\/cropped-cropped-Risorsa-2.png","width":374,"height":117,"caption":"Pugliamare srl"},"image":{"@id":"https:\/\/pugliamare.it\/en\/#\/schema\/logo\/image\/"},"sameAs":["https:\/\/www.facebook.com\/pugliamarexperience","https:\/\/www.instagram.com\/pugliamare\/"]}]}},"_links":{"self":[{"href":"https:\/\/pugliamare.it\/es\/wp-json\/wp\/v2\/product\/20652"}],"collection":[{"href":"https:\/\/pugliamare.it\/es\/wp-json\/wp\/v2\/product"}],"about":[{"href":"https:\/\/pugliamare.it\/es\/wp-json\/wp\/v2\/types\/product"}],"version-history":[{"count":5,"href":"https:\/\/pugliamare.it\/es\/wp-json\/wp\/v2\/product\/20652\/revisions"}],"predecessor-version":[{"id":34064,"href":"https:\/\/pugliamare.it\/es\/wp-json\/wp\/v2\/product\/20652\/revisions\/34064"}],"wp:featuredmedia":[{"embeddable":true,"href":"https:\/\/pugliamare.it\/es\/wp-json\/wp\/v2\/media\/11127"}],"wp:attachment":[{"href":"https:\/\/pugliamare.it\/es\/wp-json\/wp\/v2\/media?parent=20652"}],"wp:term":[{"taxonomy":"product_cat","embeddable":true,"href":"https:\/\/pugliamare.it\/es\/wp-json\/wp\/v2\/product_cat?post=20652"},{"taxonomy":"product_tag","embeddable":true,"href":"https:\/\/pugliamare.it\/es\/wp-json\/wp\/v2\/product_tag?post=20652"}],"curies":[{"name":"wp","href":"https:\/\/api.w.org\/{rel}","templated":true}]}}