{"id":20654,"date":"2024-03-24T18:51:23","date_gmt":"2024-03-24T17:51:23","guid":{"rendered":"https:\/\/staging.pugliamare.it\/esperienze\/tour-a-piedi-di-bari-per-le-vie-della-pasta\/"},"modified":"2026-03-26T10:44:02","modified_gmt":"2026-03-26T09:44:02","slug":"tour-di-bari-per-le-vie-della-pasta","status":"publish","type":"product","link":"https:\/\/pugliamare.it\/es\/esperienze\/tour-di-bari-per-le-vie-della-pasta\/","title":{"rendered":"Tour de la Pasta en Bari \u2013 Clase de Orecchiette y Degustaci\u00f3n"},"content":{"rendered":"<h1 data-start=\"722\" data-end=\"794\"><strong data-start=\"752\" data-end=\"794\">Tour por las Calles de la Pasta en Bari\u00a0<\/strong><\/h1>\n<p data-start=\"796\" data-end=\"1080\" class=\" translation-block\">Vive una experiencia <strong data-start=\"815\" data-end=\"843\">aut\u00e9ntica y envolvente<\/strong> en el coraz\u00f3n de Bari con nuestro exclusivo <strong data-start=\"886\" data-end=\"917\">Tour por las Calles de la Pasta<\/strong>. Este recorrido te llevar\u00e1 a descubrir la ciudad a trav\u00e9s de su <strong data-start=\"984\" data-end=\"1037\">historia milenaria, cultura y tradiciones culinarias<\/strong>, acompa\u00f1ado por un gu\u00eda local experto.<\/p>\n<h3 data-start=\"1082\" data-end=\"1108\"><strong data-start=\"1082\" data-end=\"1106\">Itinerario del Tour:<\/strong><\/h3>\n<ul data-start=\"1109\" data-end=\"1866\">\n<li data-start=\"1109\" data-end=\"1362\">\n<p data-start=\"1111\" data-end=\"1362\" class=\" translation-block\"><strong data-start=\"1111\" data-end=\"1137\">Casco Antiguo de Bari:<\/strong> Pasea por las callejuelas hist\u00f3ricas admirando la majestuosa <strong data-start=\"1189\" data-end=\"1215\">Bas\u00edlica de San Nicol\u00e1s<\/strong> con su cripta sugestiva, la antigua <strong data-start=\"1255\" data-end=\"1283\">Catedral de San Sabino<\/strong> y el imponente <strong data-start=\"1298\" data-end=\"1325\">Castillo Normando-Suevo<\/strong>, s\u00edmbolos del rico pasado de Bari.<\/p>\n<\/li>\n<li data-start=\"1363\" data-end=\"1551\">\n<p data-start=\"1365\" data-end=\"1551\" class=\" translation-block\"><strong data-start=\"1365\" data-end=\"1400\">Barrio Franc\u00e9s y Paseo Mar\u00edtimo:<\/strong> Explora la parte moderna de Bari, con el animado <strong data-start=\"1449\" data-end=\"1474\">paseo mar\u00edtimo monumental<\/strong>, el caracter\u00edstico <strong data-start=\"1494\" data-end=\"1515\">mercado de pescado<\/strong> y las elegantes calles comerciales.<\/p>\n<\/li>\n<li data-start=\"1552\" data-end=\"1866\">\n<p data-start=\"1554\" data-end=\"1866\" class=\" translation-block\"><strong data-start=\"1554\" data-end=\"1589\">Clase de Cocina Tradicional:<\/strong> Participa en una clase de cocina en una casa t\u00edpica, donde aprender\u00e1s a preparar las ic\u00f3nicas <strong data-start=\"1683\" data-end=\"1707\">orecchiette puglieses<\/strong> seg\u00fan la tradici\u00f3n local. Al finalizar, degusta el fruto de tu trabajo acompa\u00f1ado de una copa de <strong data-start=\"1812\" data-end=\"1830\">vino Primitivo<\/strong>, en un ambiente c\u00e1lido y familiar.<\/p>\n<\/li>\n<\/ul>\n<p data-start=\"1868\" data-end=\"1992\" class=\" translation-block\">Esta experiencia es perfecta para quienes desean descubrir Bari de una manera <strong data-start=\"1933\" data-end=\"1946\">aut\u00e9ntica<\/strong>, combinando cultura, historia y sabores genuinos.<\/p>\n<h3 data-start=\"1999\" data-end=\"2345\">\ud83c\udf1f <strong data-start=\"2002\" data-end=\"2027\">Experiencias relacionadas<\/strong><\/h3>\n<p data-start=\"1999\" data-end=\"2345\" class=\" translation-block\">Descubre otras experiencias fant\u00e1sticas en Puglia, como nuestros <strong data-start=\"2097\" data-end=\"2138\"><a href=\"https:\/\/pugliamare.it\/tipologia\/cruises\/\" target=\"_self\">tours en barco<\/a> por la costa de Puglia<\/strong>, las <a href=\"https:\/\/pugliamare.it\/tipologia\/food-wine\/\" target=\"_self\"><strong data-start=\"2143\" data-end=\"2174\">excursiones enogastron\u00f3micas<\/strong><\/a> y los <a href=\"https:\/\/pugliamare.it\/tipologia\/city-tours\/\" target=\"_self\"><strong data-start=\"2179\" data-end=\"2205\">walking tours culturales<\/strong><\/a> para explorar los tesoros escondidos de Bari y sus alrededores. Haz clic aqu\u00ed para ver todas nuestras propuestas imperdibles y enriquecer tus vacaciones.<\/p>\n<h3 data-start=\"2352\" data-end=\"2580\"><strong data-start=\"2356\" data-end=\"2415\">\u00a1Reserva Ahora Tu Tour por las Calles de la Pasta en Bari!<\/strong><\/h3>\n<p data-start=\"2352\" data-end=\"2580\">No pierdas la oportunidad de vivir una experiencia culinaria y cultural \u00fanica en el coraz\u00f3n de Puglia. \u00a1Reserva ahora y asegura tu lugar en este tour exclusivo!<\/p>\n<p data-start=\"2582\" data-end=\"2757\" class=\" translation-block\">Para m\u00e1s informaci\u00f3n o solicitudes personalizadas, no dudes en <a href=\"https:\/\/api.whatsapp.com\/send?phone=393668959532\" target=\"_self\">contactarnos<\/a>. Estamos totalmente a tu disposici\u00f3n para ayudarte a organizar tu experiencia de la mejor manera posible.<\/p>","protected":false},"excerpt":{"rendered":"<p class=\" translation-block\">Explora la vibrante ciudad de <strong>Bari<\/strong> con nuestro completo <strong>tour de comida callejera<\/strong>. Visita las principales atracciones del <strong>casco antiguo<\/strong>, como la Bas\u00edlica de San Nicol\u00e1s y el Castillo Normando-Suevo. Descubre la moderna zona de estilo franc\u00e9s con su paseo mar\u00edtimo y el mercado de pescado, y sum\u00e9rgete en la cultura local con una clase de cocina en la casa t\u00edpica de una abuela. Aprende a preparar las famosas orecchiette y pru\u00e9balas con una copa de vino Primitivo, en un ambiente aut\u00e9ntico y familiar.<\/p>","protected":false},"featured_media":13894,"template":"","meta":{"_acf_changed":false,"inline_featured_image":false},"product_cat":[292,293],"product_tag":[290],"acf":[],"yoast_head":"<!-- This site is optimized with the Yoast SEO Premium plugin v22.8 (Yoast SEO v22.8) - https:\/\/yoast.com\/wordpress\/plugins\/seo\/ -->\n<title>Tour di Bari tra le Vie della Pasta con lezione di orecchiette | Pugliamare<\/title>\n<meta name=\"description\" content=\"Scopri Bari con il tour \u201cTra le Vie della Pasta\u201d: esplora la storia, vivi la modernit\u00e0 e impara a fare orecchiette con una nonna locale. Prenota subito!\" \/>\n<meta name=\"robots\" content=\"index, follow, max-snippet:-1, max-image-preview:large, max-video-preview:-1\" \/>\n<link rel=\"canonical\" href=\"https:\/\/pugliamare.it\/es\/esperienze\/tour-di-bari-per-le-vie-della-pasta\/\" \/>\n<meta property=\"og:locale\" content=\"es_ES\" \/>\n<meta property=\"og:type\" content=\"article\" \/>\n<meta property=\"og:title\" content=\"Tour di Bari tra le Vie della Pasta - Lezione di orecchiette e degustazione\" \/>\n<meta property=\"og:description\" content=\"Scopri Bari con il tour \u201cTra le Vie della Pasta\u201d: esplora la storia, vivi la modernit\u00e0 e impara a fare orecchiette con una nonna locale. Prenota subito!\" \/>\n<meta property=\"og:url\" content=\"https:\/\/pugliamare.it\/es\/esperienze\/tour-di-bari-per-le-vie-della-pasta\/\" \/>\n<meta property=\"og:site_name\" content=\"Pugliamare\" \/>\n<meta property=\"article:publisher\" content=\"https:\/\/www.facebook.com\/pugliamarexperience\" \/>\n<meta property=\"article:modified_time\" content=\"2026-03-26T09:44:02+00:00\" \/>\n<meta property=\"og:image\" content=\"https:\/\/pugliamare.it\/wp-content\/uploads\/2023\/02\/shutterstock_2032843706-scaled.jpg\" \/>\n\t<meta property=\"og:image:width\" content=\"1707\" \/>\n\t<meta property=\"og:image:height\" content=\"2560\" \/>\n\t<meta property=\"og:image:type\" content=\"image\/jpeg\" \/>\n<meta name=\"twitter:card\" content=\"summary_large_image\" \/>\n<script type=\"application\/ld+json\" class=\"yoast-schema-graph\">{\"@context\":\"https:\/\/schema.org\",\"@graph\":[{\"@type\":\"WebPage\",\"@id\":\"https:\/\/pugliamare.it\/esperienze\/tour-di-bari-per-le-vie-della-pasta\/\",\"url\":\"https:\/\/pugliamare.it\/esperienze\/tour-di-bari-per-le-vie-della-pasta\/\",\"name\":\"Tour di Bari tra le Vie della Pasta con lezione di orecchiette | Pugliamare\",\"isPartOf\":{\"@id\":\"https:\/\/pugliamare.it\/en\/#website\"},\"primaryImageOfPage\":{\"@id\":\"https:\/\/pugliamare.it\/esperienze\/tour-di-bari-per-le-vie-della-pasta\/#primaryimage\"},\"image\":{\"@id\":\"https:\/\/pugliamare.it\/esperienze\/tour-di-bari-per-le-vie-della-pasta\/#primaryimage\"},\"thumbnailUrl\":\"https:\/\/pugliamare.it\/wp-content\/uploads\/2023\/02\/shutterstock_2032843706-scaled.jpg\",\"datePublished\":\"2024-03-24T17:51:23+00:00\",\"dateModified\":\"2026-03-26T09:44:02+00:00\",\"description\":\"Scopri Bari con il tour \u201cTra le Vie della Pasta\u201d: esplora la storia, vivi la modernit\u00e0 e impara a fare orecchiette con una nonna locale. Prenota subito!\",\"breadcrumb\":{\"@id\":\"https:\/\/pugliamare.it\/esperienze\/tour-di-bari-per-le-vie-della-pasta\/#breadcrumb\"},\"inLanguage\":\"es\",\"potentialAction\":[{\"@type\":\"ReadAction\",\"target\":[\"https:\/\/pugliamare.it\/esperienze\/tour-di-bari-per-le-vie-della-pasta\/\"]}]},{\"@type\":\"ImageObject\",\"inLanguage\":\"es\",\"@id\":\"https:\/\/pugliamare.it\/esperienze\/tour-di-bari-per-le-vie-della-pasta\/#primaryimage\",\"url\":\"https:\/\/pugliamare.it\/wp-content\/uploads\/2023\/02\/shutterstock_2032843706-scaled.jpg\",\"contentUrl\":\"https:\/\/pugliamare.it\/wp-content\/uploads\/2023\/02\/shutterstock_2032843706-scaled.jpg\",\"width\":1707,\"height\":2560,\"caption\":\"Le vie della Pasta\"},{\"@type\":\"BreadcrumbList\",\"@id\":\"https:\/\/pugliamare.it\/esperienze\/tour-di-bari-per-le-vie-della-pasta\/#breadcrumb\",\"itemListElement\":[{\"@type\":\"ListItem\",\"position\":1,\"name\":\"Home\",\"item\":\"https:\/\/pugliamare.it\/\"},{\"@type\":\"ListItem\",\"position\":2,\"name\":\"Tour di Bari tra le Vie della Pasta &#8211; Lezione di orecchiette e degustazione\"}]},{\"@type\":\"WebSite\",\"@id\":\"https:\/\/pugliamare.it\/en\/#website\",\"url\":\"https:\/\/pugliamare.it\/en\/\",\"name\":\"Pugliamare\",\"description\":\"Esperienze, Soggiorni e Tour personalizzati in Puglia\",\"publisher\":{\"@id\":\"https:\/\/pugliamare.it\/en\/#organization\"},\"potentialAction\":[{\"@type\":\"SearchAction\",\"target\":{\"@type\":\"EntryPoint\",\"urlTemplate\":\"https:\/\/pugliamare.it\/en\/?s={search_term_string}\"},\"query-input\":\"required name=search_term_string\"}],\"inLanguage\":\"es\"},{\"@type\":\"Organization\",\"@id\":\"https:\/\/pugliamare.it\/en\/#organization\",\"name\":\"Pugliamare srl\",\"url\":\"https:\/\/pugliamare.it\/en\/\",\"logo\":{\"@type\":\"ImageObject\",\"inLanguage\":\"es\",\"@id\":\"https:\/\/pugliamare.it\/en\/#\/schema\/logo\/image\/\",\"url\":\"https:\/\/pugliamare.it\/wp-content\/uploads\/2021\/04\/cropped-cropped-Risorsa-2.png\",\"contentUrl\":\"https:\/\/pugliamare.it\/wp-content\/uploads\/2021\/04\/cropped-cropped-Risorsa-2.png\",\"width\":374,\"height\":117,\"caption\":\"Pugliamare srl\"},\"image\":{\"@id\":\"https:\/\/pugliamare.it\/en\/#\/schema\/logo\/image\/\"},\"sameAs\":[\"https:\/\/www.facebook.com\/pugliamarexperience\",\"https:\/\/www.instagram.com\/pugliamare\/\"]}]}<\/script>\n<!-- \/ Yoast SEO Premium plugin. -->","yoast_head_json":{"title":"Tour di Bari tra le Vie della Pasta con lezione di orecchiette | Pugliamare","description":"Scopri Bari con il tour \u201cTra le Vie della Pasta\u201d: esplora la storia, vivi la modernit\u00e0 e impara a fare orecchiette con una nonna locale. Prenota subito!","robots":{"index":"index","follow":"follow","max-snippet":"max-snippet:-1","max-image-preview":"max-image-preview:large","max-video-preview":"max-video-preview:-1"},"canonical":"https:\/\/pugliamare.it\/es\/esperienze\/tour-di-bari-per-le-vie-della-pasta\/","og_locale":"es_ES","og_type":"article","og_title":"Tour di Bari tra le Vie della Pasta - Lezione di orecchiette e degustazione","og_description":"Scopri Bari con il tour \u201cTra le Vie della Pasta\u201d: esplora la storia, vivi la modernit\u00e0 e impara a fare orecchiette con una nonna locale. Prenota subito!","og_url":"https:\/\/pugliamare.it\/es\/esperienze\/tour-di-bari-per-le-vie-della-pasta\/","og_site_name":"Pugliamare","article_publisher":"https:\/\/www.facebook.com\/pugliamarexperience","article_modified_time":"2026-03-26T09:44:02+00:00","og_image":[{"width":1707,"height":2560,"url":"https:\/\/pugliamare.it\/wp-content\/uploads\/2023\/02\/shutterstock_2032843706-scaled.jpg","type":"image\/jpeg"}],"twitter_card":"summary_large_image","schema":{"@context":"https:\/\/schema.org","@graph":[{"@type":"WebPage","@id":"https:\/\/pugliamare.it\/esperienze\/tour-di-bari-per-le-vie-della-pasta\/","url":"https:\/\/pugliamare.it\/esperienze\/tour-di-bari-per-le-vie-della-pasta\/","name":"Tour di Bari tra le Vie della Pasta con lezione di orecchiette | Pugliamare","isPartOf":{"@id":"https:\/\/pugliamare.it\/en\/#website"},"primaryImageOfPage":{"@id":"https:\/\/pugliamare.it\/esperienze\/tour-di-bari-per-le-vie-della-pasta\/#primaryimage"},"image":{"@id":"https:\/\/pugliamare.it\/esperienze\/tour-di-bari-per-le-vie-della-pasta\/#primaryimage"},"thumbnailUrl":"https:\/\/pugliamare.it\/wp-content\/uploads\/2023\/02\/shutterstock_2032843706-scaled.jpg","datePublished":"2024-03-24T17:51:23+00:00","dateModified":"2026-03-26T09:44:02+00:00","description":"Scopri Bari con il tour \u201cTra le Vie della Pasta\u201d: esplora la storia, vivi la modernit\u00e0 e impara a fare orecchiette con una nonna locale. Prenota subito!","breadcrumb":{"@id":"https:\/\/pugliamare.it\/esperienze\/tour-di-bari-per-le-vie-della-pasta\/#breadcrumb"},"inLanguage":"es","potentialAction":[{"@type":"ReadAction","target":["https:\/\/pugliamare.it\/esperienze\/tour-di-bari-per-le-vie-della-pasta\/"]}]},{"@type":"ImageObject","inLanguage":"es","@id":"https:\/\/pugliamare.it\/esperienze\/tour-di-bari-per-le-vie-della-pasta\/#primaryimage","url":"https:\/\/pugliamare.it\/wp-content\/uploads\/2023\/02\/shutterstock_2032843706-scaled.jpg","contentUrl":"https:\/\/pugliamare.it\/wp-content\/uploads\/2023\/02\/shutterstock_2032843706-scaled.jpg","width":1707,"height":2560,"caption":"Le vie della Pasta"},{"@type":"BreadcrumbList","@id":"https:\/\/pugliamare.it\/esperienze\/tour-di-bari-per-le-vie-della-pasta\/#breadcrumb","itemListElement":[{"@type":"ListItem","position":1,"name":"Home","item":"https:\/\/pugliamare.it\/"},{"@type":"ListItem","position":2,"name":"Tour di Bari tra le Vie della Pasta &#8211; Lezione di orecchiette e degustazione"}]},{"@type":"WebSite","@id":"https:\/\/pugliamare.it\/en\/#website","url":"https:\/\/pugliamare.it\/en\/","name":"Pugliamare","description":"Esperienze, Soggiorni e Tour personalizzati in Puglia","publisher":{"@id":"https:\/\/pugliamare.it\/en\/#organization"},"potentialAction":[{"@type":"SearchAction","target":{"@type":"EntryPoint","urlTemplate":"https:\/\/pugliamare.it\/en\/?s={search_term_string}"},"query-input":"required name=search_term_string"}],"inLanguage":"es"},{"@type":"Organization","@id":"https:\/\/pugliamare.it\/en\/#organization","name":"Pugliamare srl","url":"https:\/\/pugliamare.it\/en\/","logo":{"@type":"ImageObject","inLanguage":"es","@id":"https:\/\/pugliamare.it\/en\/#\/schema\/logo\/image\/","url":"https:\/\/pugliamare.it\/wp-content\/uploads\/2021\/04\/cropped-cropped-Risorsa-2.png","contentUrl":"https:\/\/pugliamare.it\/wp-content\/uploads\/2021\/04\/cropped-cropped-Risorsa-2.png","width":374,"height":117,"caption":"Pugliamare srl"},"image":{"@id":"https:\/\/pugliamare.it\/en\/#\/schema\/logo\/image\/"},"sameAs":["https:\/\/www.facebook.com\/pugliamarexperience","https:\/\/www.instagram.com\/pugliamare\/"]}]}},"_links":{"self":[{"href":"https:\/\/pugliamare.it\/es\/wp-json\/wp\/v2\/product\/20654"}],"collection":[{"href":"https:\/\/pugliamare.it\/es\/wp-json\/wp\/v2\/product"}],"about":[{"href":"https:\/\/pugliamare.it\/es\/wp-json\/wp\/v2\/types\/product"}],"version-history":[{"count":7,"href":"https:\/\/pugliamare.it\/es\/wp-json\/wp\/v2\/product\/20654\/revisions"}],"predecessor-version":[{"id":34053,"href":"https:\/\/pugliamare.it\/es\/wp-json\/wp\/v2\/product\/20654\/revisions\/34053"}],"wp:featuredmedia":[{"embeddable":true,"href":"https:\/\/pugliamare.it\/es\/wp-json\/wp\/v2\/media\/13894"}],"wp:attachment":[{"href":"https:\/\/pugliamare.it\/es\/wp-json\/wp\/v2\/media?parent=20654"}],"wp:term":[{"taxonomy":"product_cat","embeddable":true,"href":"https:\/\/pugliamare.it\/es\/wp-json\/wp\/v2\/product_cat?post=20654"},{"taxonomy":"product_tag","embeddable":true,"href":"https:\/\/pugliamare.it\/es\/wp-json\/wp\/v2\/product_tag?post=20654"}],"curies":[{"name":"wp","href":"https:\/\/api.w.org\/{rel}","templated":true}]}}