{"id":20655,"date":"2024-03-24T18:51:26","date_gmt":"2024-03-24T17:51:26","guid":{"rendered":"https:\/\/staging.pugliamare.it\/esperienze\/visita-guidata-di-bari-in-bicicletta\/"},"modified":"2026-03-26T10:29:09","modified_gmt":"2026-03-26T09:29:09","slug":"visita-guidata-di-bari-in-bicicletta","status":"publish","type":"product","link":"https:\/\/pugliamare.it\/es\/esperienze\/visita-guidata-di-bari-in-bicicletta\/","title":{"rendered":"Tour en Bicicleta por Bari \u2013 Visita Cultural con Degustaci\u00f3n de Comida Callejera"},"content":{"rendered":"<h1 data-start=\"432\" data-end=\"532\"><strong data-start=\"464\" data-end=\"532\">Tour en Bicicleta por Bari: Cultura, Historia y Sabores por Descubrir<\/strong><\/h1>\n<p data-start=\"534\" data-end=\"802\" class=\" translation-block\">Descubre Bari de una forma \u00fanica y divertida con nuestro tour guiado en bicicleta. Explora las callejuelas del centro hist\u00f3rico, llenas de historia milenaria, entre iglesias, palacios nobles y monumentos emblem\u00e1ticos como el <strong>Castillo Normando-Suevo<\/strong> y el prestigioso <strong>Teatro Petruzzelli<\/strong>.<\/p>\n<h3 data-start=\"804\" data-end=\"1198\">\ud83c\udf7d\ufe0f <strong data-start=\"808\" data-end=\"848\">Degustaci\u00f3n de Comida Callejera de Puglia<\/strong><\/h3>\n<p data-start=\"804\" data-end=\"1198\">Durante el recorrido, haz una parada para saborear las especialidades de la comida callejera local: platos sencillos, aut\u00e9nticos y llenos de sabor que narran la tradici\u00f3n gastron\u00f3mica de Bari. Participa en una parada especial donde aprender\u00e1s a hacer pasta tradicional de la mano experta de las se\u00f1oras locales, llev\u00e1ndote a casa un pedazo de cultura aut\u00e9ntica.<\/p>\n<h3 data-start=\"1200\" data-end=\"1413\">\ud83c\udf0a <strong data-start=\"1203\" data-end=\"1241\">Recorrido por el Paseo Mar\u00edtimo Monumental<\/strong><\/h3>\n<p data-start=\"1200\" data-end=\"1413\">Pedalea por el pintoresco paseo mar\u00edtimo con vistas al mar Adri\u00e1tico, sumergi\u00e9ndote en paisajes impresionantes y en la fresca brisa marina, ideal para refrescarte y relajarte.<\/p>\n<h3 data-start=\"1415\" data-end=\"1595\">\ud83d\udecd\ufe0f <strong data-start=\"1419\" data-end=\"1449\">Compras y Descubrimientos Finales<\/strong><\/h3>\n<p data-start=\"1415\" data-end=\"1595\">Descubre las boutiques del casco hist\u00f3rico para llevarte a casa un recuerdo especial, completando as\u00ed una experiencia cultural y gastron\u00f3mica completa.<\/p>\n<h4 data-start=\"1602\" data-end=\"1628\"><strong data-start=\"1602\" data-end=\"1626\">Detalles Importantes:<\/strong><\/h4>\n<ul data-start=\"1629\" data-end=\"1742\">\n<li data-start=\"1629\" data-end=\"1662\">\n<p data-start=\"1631\" data-end=\"1662\">Gu\u00eda multiling\u00fce disponible<\/p>\n<\/li>\n<li data-start=\"1663\" data-end=\"1710\">\n<p data-start=\"1665\" data-end=\"1710\">Tour apto para todos los niveles de experiencia<\/p>\n<\/li>\n<li data-start=\"1711\" data-end=\"1742\">\n<p data-start=\"1713\" data-end=\"1742\">Reserva m\u00ednima: 2 personas<\/p>\n<\/li>\n<\/ul>\n<h3 data-start=\"1749\" data-end=\"1930\"><strong data-start=\"1749\" data-end=\"1773\">\ud83c\udf1f Experiencias relacionadas<\/strong><\/h3>\n<p data-start=\"1749\" data-end=\"1930\" class=\" translation-block\">Enriquece tu viaje con otros <a href=\"https:\/\/pugliamare.it\/destinazioni\/bari\/\" target=\"_self\">tours en Bari<\/a> o descubre <a href=\"https:\/\/pugliamare.it\/tipologia\/cruises\/\" target=\"_self\">excursiones en barco<\/a> por la costa de Puglia. Visita nuestro sitio web para conocer todas las propuestas \u00fanicas.<\/p>\n<h3 data-start=\"1937\" data-end=\"2247\"><strong data-start=\"1937\" data-end=\"1987\">Reserva Ahora Tu Tour en Bicicleta por Bari!<\/strong><\/h3>\n<p data-start=\"1937\" data-end=\"2247\" class=\" translation-block\">No pierdas la oportunidad de vivir Bari desde una perspectiva \u00fanica y din\u00e1mica. Reserva ahora y prep\u00e1rate para pedalear entre historia, cultura y sabores aut\u00e9nticos. Para preguntas o solicitudes, <a href=\"https:\/\/api.whatsapp.com\/send?phone=393668959532\" target=\"_self\">cont\u00e1ctanos<\/a>: estamos aqu\u00ed para ayudarte a organizar tu experiencia perfecta.<\/p>","protected":false},"excerpt":{"rendered":"<p class=\" translation-block\">Explora <strong>Bari en bicicleta<\/strong> con un gu\u00eda local y degustaciones de <strong>comida callejera<\/strong>. Visita el <strong>centro hist\u00f3rico<\/strong>, monumentos ic\u00f3nicos y disfruta de los sabores aut\u00e9nticos de Puglia en un tour din\u00e1mico y envolvente.<\/p>","protected":false},"featured_media":21244,"template":"","meta":{"_acf_changed":false,"inline_featured_image":false},"product_cat":[292,365],"product_tag":[290],"acf":[],"yoast_head":"<!-- This site is optimized with the Yoast SEO Premium plugin v22.8 (Yoast SEO v22.8) - https:\/\/yoast.com\/wordpress\/plugins\/seo\/ -->\n<title>Tour di Bari in Bicicletta con degustazione di Street Food locale | Pugliamare<\/title>\n<meta name=\"description\" content=\"Esplora Bari in bicicletta con guida locale, visita i luoghi storici e gusta lo street food pugliese. Prenota ora un tour autentico e coinvolgente!\" \/>\n<meta name=\"robots\" content=\"index, follow, max-snippet:-1, max-image-preview:large, max-video-preview:-1\" \/>\n<link rel=\"canonical\" href=\"https:\/\/pugliamare.it\/es\/esperienze\/visita-guidata-di-bari-in-bicicletta\/\" \/>\n<meta property=\"og:locale\" content=\"es_ES\" \/>\n<meta property=\"og:type\" content=\"article\" \/>\n<meta property=\"og:title\" content=\"Tour di Bari in bicicletta - Visita culturale con degustazione di street food\" \/>\n<meta property=\"og:description\" content=\"Esplora Bari in bicicletta con guida locale, visita i luoghi storici e gusta lo street food pugliese. Prenota ora un tour autentico e coinvolgente!\" \/>\n<meta property=\"og:url\" content=\"https:\/\/pugliamare.it\/es\/esperienze\/visita-guidata-di-bari-in-bicicletta\/\" \/>\n<meta property=\"og:site_name\" content=\"Pugliamare\" \/>\n<meta property=\"article:publisher\" content=\"https:\/\/www.facebook.com\/pugliamarexperience\" \/>\n<meta property=\"article:modified_time\" content=\"2026-03-26T09:29:09+00:00\" \/>\n<meta property=\"og:image\" content=\"https:\/\/pugliamare.it\/wp-content\/uploads\/2024\/03\/bici2.jpeg\" \/>\n\t<meta property=\"og:image:width\" content=\"669\" \/>\n\t<meta property=\"og:image:height\" content=\"446\" \/>\n\t<meta property=\"og:image:type\" content=\"image\/jpeg\" \/>\n<meta name=\"twitter:card\" content=\"summary_large_image\" \/>\n<script type=\"application\/ld+json\" class=\"yoast-schema-graph\">{\"@context\":\"https:\/\/schema.org\",\"@graph\":[{\"@type\":\"WebPage\",\"@id\":\"https:\/\/pugliamare.it\/esperienze\/visita-guidata-di-bari-in-bicicletta\/\",\"url\":\"https:\/\/pugliamare.it\/esperienze\/visita-guidata-di-bari-in-bicicletta\/\",\"name\":\"Tour di Bari in Bicicletta con degustazione di Street Food locale | Pugliamare\",\"isPartOf\":{\"@id\":\"https:\/\/pugliamare.it\/en\/#website\"},\"primaryImageOfPage\":{\"@id\":\"https:\/\/pugliamare.it\/esperienze\/visita-guidata-di-bari-in-bicicletta\/#primaryimage\"},\"image\":{\"@id\":\"https:\/\/pugliamare.it\/esperienze\/visita-guidata-di-bari-in-bicicletta\/#primaryimage\"},\"thumbnailUrl\":\"https:\/\/pugliamare.it\/wp-content\/uploads\/2024\/03\/bici2.jpeg\",\"datePublished\":\"2024-03-24T17:51:26+00:00\",\"dateModified\":\"2026-03-26T09:29:09+00:00\",\"description\":\"Esplora Bari in bicicletta con guida locale, visita i luoghi storici e gusta lo street food pugliese. Prenota ora un tour autentico e coinvolgente!\",\"breadcrumb\":{\"@id\":\"https:\/\/pugliamare.it\/esperienze\/visita-guidata-di-bari-in-bicicletta\/#breadcrumb\"},\"inLanguage\":\"es\",\"potentialAction\":[{\"@type\":\"ReadAction\",\"target\":[\"https:\/\/pugliamare.it\/esperienze\/visita-guidata-di-bari-in-bicicletta\/\"]}]},{\"@type\":\"ImageObject\",\"inLanguage\":\"es\",\"@id\":\"https:\/\/pugliamare.it\/esperienze\/visita-guidata-di-bari-in-bicicletta\/#primaryimage\",\"url\":\"https:\/\/pugliamare.it\/wp-content\/uploads\/2024\/03\/bici2.jpeg\",\"contentUrl\":\"https:\/\/pugliamare.it\/wp-content\/uploads\/2024\/03\/bici2.jpeg\",\"width\":669,\"height\":446,\"caption\":\"Gruppo in tour a Bari in bicicletta\"},{\"@type\":\"BreadcrumbList\",\"@id\":\"https:\/\/pugliamare.it\/esperienze\/visita-guidata-di-bari-in-bicicletta\/#breadcrumb\",\"itemListElement\":[{\"@type\":\"ListItem\",\"position\":1,\"name\":\"Home\",\"item\":\"https:\/\/pugliamare.it\/\"},{\"@type\":\"ListItem\",\"position\":2,\"name\":\"Tour di Bari in bicicletta &#8211; Visita culturale con degustazione di street food\"}]},{\"@type\":\"WebSite\",\"@id\":\"https:\/\/pugliamare.it\/en\/#website\",\"url\":\"https:\/\/pugliamare.it\/en\/\",\"name\":\"Pugliamare\",\"description\":\"Esperienze, Soggiorni e Tour personalizzati in Puglia\",\"publisher\":{\"@id\":\"https:\/\/pugliamare.it\/en\/#organization\"},\"potentialAction\":[{\"@type\":\"SearchAction\",\"target\":{\"@type\":\"EntryPoint\",\"urlTemplate\":\"https:\/\/pugliamare.it\/en\/?s={search_term_string}\"},\"query-input\":\"required name=search_term_string\"}],\"inLanguage\":\"es\"},{\"@type\":\"Organization\",\"@id\":\"https:\/\/pugliamare.it\/en\/#organization\",\"name\":\"Pugliamare srl\",\"url\":\"https:\/\/pugliamare.it\/en\/\",\"logo\":{\"@type\":\"ImageObject\",\"inLanguage\":\"es\",\"@id\":\"https:\/\/pugliamare.it\/en\/#\/schema\/logo\/image\/\",\"url\":\"https:\/\/pugliamare.it\/wp-content\/uploads\/2021\/04\/cropped-cropped-Risorsa-2.png\",\"contentUrl\":\"https:\/\/pugliamare.it\/wp-content\/uploads\/2021\/04\/cropped-cropped-Risorsa-2.png\",\"width\":374,\"height\":117,\"caption\":\"Pugliamare srl\"},\"image\":{\"@id\":\"https:\/\/pugliamare.it\/en\/#\/schema\/logo\/image\/\"},\"sameAs\":[\"https:\/\/www.facebook.com\/pugliamarexperience\",\"https:\/\/www.instagram.com\/pugliamare\/\"]}]}<\/script>\n<!-- \/ Yoast SEO Premium plugin. -->","yoast_head_json":{"title":"Tour di Bari in Bicicletta con degustazione di Street Food locale | Pugliamare","description":"Esplora Bari in bicicletta con guida locale, visita i luoghi storici e gusta lo street food pugliese. Prenota ora un tour autentico e coinvolgente!","robots":{"index":"index","follow":"follow","max-snippet":"max-snippet:-1","max-image-preview":"max-image-preview:large","max-video-preview":"max-video-preview:-1"},"canonical":"https:\/\/pugliamare.it\/es\/esperienze\/visita-guidata-di-bari-in-bicicletta\/","og_locale":"es_ES","og_type":"article","og_title":"Tour di Bari in bicicletta - Visita culturale con degustazione di street food","og_description":"Esplora Bari in bicicletta con guida locale, visita i luoghi storici e gusta lo street food pugliese. Prenota ora un tour autentico e coinvolgente!","og_url":"https:\/\/pugliamare.it\/es\/esperienze\/visita-guidata-di-bari-in-bicicletta\/","og_site_name":"Pugliamare","article_publisher":"https:\/\/www.facebook.com\/pugliamarexperience","article_modified_time":"2026-03-26T09:29:09+00:00","og_image":[{"width":669,"height":446,"url":"https:\/\/pugliamare.it\/wp-content\/uploads\/2024\/03\/bici2.jpeg","type":"image\/jpeg"}],"twitter_card":"summary_large_image","schema":{"@context":"https:\/\/schema.org","@graph":[{"@type":"WebPage","@id":"https:\/\/pugliamare.it\/esperienze\/visita-guidata-di-bari-in-bicicletta\/","url":"https:\/\/pugliamare.it\/esperienze\/visita-guidata-di-bari-in-bicicletta\/","name":"Tour di Bari in Bicicletta con degustazione di Street Food locale | Pugliamare","isPartOf":{"@id":"https:\/\/pugliamare.it\/en\/#website"},"primaryImageOfPage":{"@id":"https:\/\/pugliamare.it\/esperienze\/visita-guidata-di-bari-in-bicicletta\/#primaryimage"},"image":{"@id":"https:\/\/pugliamare.it\/esperienze\/visita-guidata-di-bari-in-bicicletta\/#primaryimage"},"thumbnailUrl":"https:\/\/pugliamare.it\/wp-content\/uploads\/2024\/03\/bici2.jpeg","datePublished":"2024-03-24T17:51:26+00:00","dateModified":"2026-03-26T09:29:09+00:00","description":"Esplora Bari in bicicletta con guida locale, visita i luoghi storici e gusta lo street food pugliese. Prenota ora un tour autentico e coinvolgente!","breadcrumb":{"@id":"https:\/\/pugliamare.it\/esperienze\/visita-guidata-di-bari-in-bicicletta\/#breadcrumb"},"inLanguage":"es","potentialAction":[{"@type":"ReadAction","target":["https:\/\/pugliamare.it\/esperienze\/visita-guidata-di-bari-in-bicicletta\/"]}]},{"@type":"ImageObject","inLanguage":"es","@id":"https:\/\/pugliamare.it\/esperienze\/visita-guidata-di-bari-in-bicicletta\/#primaryimage","url":"https:\/\/pugliamare.it\/wp-content\/uploads\/2024\/03\/bici2.jpeg","contentUrl":"https:\/\/pugliamare.it\/wp-content\/uploads\/2024\/03\/bici2.jpeg","width":669,"height":446,"caption":"Gruppo in tour a Bari in bicicletta"},{"@type":"BreadcrumbList","@id":"https:\/\/pugliamare.it\/esperienze\/visita-guidata-di-bari-in-bicicletta\/#breadcrumb","itemListElement":[{"@type":"ListItem","position":1,"name":"Home","item":"https:\/\/pugliamare.it\/"},{"@type":"ListItem","position":2,"name":"Tour di Bari in bicicletta &#8211; Visita culturale con degustazione di street food"}]},{"@type":"WebSite","@id":"https:\/\/pugliamare.it\/en\/#website","url":"https:\/\/pugliamare.it\/en\/","name":"Pugliamare","description":"Esperienze, Soggiorni e Tour personalizzati in Puglia","publisher":{"@id":"https:\/\/pugliamare.it\/en\/#organization"},"potentialAction":[{"@type":"SearchAction","target":{"@type":"EntryPoint","urlTemplate":"https:\/\/pugliamare.it\/en\/?s={search_term_string}"},"query-input":"required name=search_term_string"}],"inLanguage":"es"},{"@type":"Organization","@id":"https:\/\/pugliamare.it\/en\/#organization","name":"Pugliamare srl","url":"https:\/\/pugliamare.it\/en\/","logo":{"@type":"ImageObject","inLanguage":"es","@id":"https:\/\/pugliamare.it\/en\/#\/schema\/logo\/image\/","url":"https:\/\/pugliamare.it\/wp-content\/uploads\/2021\/04\/cropped-cropped-Risorsa-2.png","contentUrl":"https:\/\/pugliamare.it\/wp-content\/uploads\/2021\/04\/cropped-cropped-Risorsa-2.png","width":374,"height":117,"caption":"Pugliamare srl"},"image":{"@id":"https:\/\/pugliamare.it\/en\/#\/schema\/logo\/image\/"},"sameAs":["https:\/\/www.facebook.com\/pugliamarexperience","https:\/\/www.instagram.com\/pugliamare\/"]}]}},"_links":{"self":[{"href":"https:\/\/pugliamare.it\/es\/wp-json\/wp\/v2\/product\/20655"}],"collection":[{"href":"https:\/\/pugliamare.it\/es\/wp-json\/wp\/v2\/product"}],"about":[{"href":"https:\/\/pugliamare.it\/es\/wp-json\/wp\/v2\/types\/product"}],"version-history":[{"count":11,"href":"https:\/\/pugliamare.it\/es\/wp-json\/wp\/v2\/product\/20655\/revisions"}],"predecessor-version":[{"id":34051,"href":"https:\/\/pugliamare.it\/es\/wp-json\/wp\/v2\/product\/20655\/revisions\/34051"}],"wp:featuredmedia":[{"embeddable":true,"href":"https:\/\/pugliamare.it\/es\/wp-json\/wp\/v2\/media\/21244"}],"wp:attachment":[{"href":"https:\/\/pugliamare.it\/es\/wp-json\/wp\/v2\/media?parent=20655"}],"wp:term":[{"taxonomy":"product_cat","embeddable":true,"href":"https:\/\/pugliamare.it\/es\/wp-json\/wp\/v2\/product_cat?post=20655"},{"taxonomy":"product_tag","embeddable":true,"href":"https:\/\/pugliamare.it\/es\/wp-json\/wp\/v2\/product_tag?post=20655"}],"curies":[{"name":"wp","href":"https:\/\/api.w.org\/{rel}","templated":true}]}}