{"id":20656,"date":"2024-03-24T18:51:29","date_gmt":"2024-03-24T17:51:29","guid":{"rendered":"https:\/\/staging.pugliamare.it\/esperienze\/luxury-wine-tasting-in-valle-ditria\/"},"modified":"2025-12-20T14:56:05","modified_gmt":"2025-12-20T13:56:05","slug":"luxury-wine-tour-in-valle-ditria","status":"publish","type":"product","link":"https:\/\/pugliamare.it\/es\/esperienze\/luxury-wine-tour-in-valle-ditria\/","title":{"rendered":"Tour de Vino de Lujo en el Valle de Itria \u2013 Degustaci\u00f3n de Vinos de Puglia y Productos T\u00edpicos"},"content":{"rendered":"<div class=\"flex max-w-full flex-col flex-grow\">\n<div class=\"min-h-[20px] text-message flex w-full flex-col items-end gap-2 whitespace-pre-wrap break-words [.text-message+&amp;]:mt-5 overflow-x-auto\" dir=\"auto\" data-message-author-role=\"assistant\" data-message-id=\"33231e38-4447-4982-ab93-7d4d8156f1a8\">\n<div class=\"flex w-full flex-col gap-1 empty:hidden first:pt-[3px]\">\n<div class=\"markdown prose w-full break-words dark:prose-invert dark\">\n<h1 data-start=\"464\" data-end=\"573\"><strong data-start=\"496\" data-end=\"573\">Tour de Vino de Lujo en el Valle de Itria: Un Viaje entre Vinos y Sabores Aut\u00e9nticos<\/strong><\/h1>\n<p data-start=\"575\" data-end=\"879\">Sum\u00e9rgete en la magia del Valle de Itria con nuestro Tour de Vino de Lujo, una experiencia exclusiva dedicada a los amantes del vino y de la cultura enogastron\u00f3mica de Puglia. El Valle de Itria, tierra f\u00e9rtil y ba\u00f1ada por el sol, es famoso por sus vinos de alta calidad, fruto de tradiciones milenarias y pasi\u00f3n artesanal.<\/p>\n<p data-start=\"881\" data-end=\"1284\" class=\" translation-block\">\ud83d\ude9c <strong data-start=\"884\" data-end=\"923\">Visita a los Vi\u00f1edos y Bodega Hist\u00f3rica<\/strong><br data-start=\"923\" data-end=\"926\">\nComienza el tour con un paseo guiado entre vi\u00f1edos frondosos, observando las vides cuidadosamente cultivadas y descubriendo los secretos de la viticultura local. Contin\u00faa con la visita a una bodega tradicional, donde la historia y la innovaci\u00f3n se encuentran. All\u00ed podr\u00e1s degustar tres vinos seleccionados, cada uno representando la esencia del territorio pugliese.<\/p>\n<p data-start=\"1286\" data-end=\"1648\" class=\" translation-block\">\ud83c\udf7d\ufe0f <strong data-start=\"1290\" data-end=\"1334\">Degustaci\u00f3n de Productos T\u00edpicos de Puglia<\/strong><br data-start=\"1334\" data-end=\"1337\">\nAcompa\u00f1a cada sorbo con productos aut\u00e9nticos de la Masseria: bruschettas crujientes con tomates frescos y aceite de oliva virgen extra, queso primosale fresco, mozzarellas artesanales, calabacines de temporada y embutidos caseros. Un recorrido sensorial que une el sabor del vino con la riqueza de la tradici\u00f3n culinaria.<\/p>\n<p data-start=\"1650\" data-end=\"1953\" class=\" translation-block\">\ud83d\udcda <strong data-start=\"1653\" data-end=\"1691\">Cultura del Vino y Pasi\u00f3n Local<\/strong><br data-start=\"1691\" data-end=\"1694\">\nEl Tour de Vino de Lujo en el Valle de Itria no es solo una degustaci\u00f3n, sino tambi\u00e9n una inmersi\u00f3n en la cultura vitivin\u00edcola local, guiada por sumilleres expertos y productores apasionados. Ideal para principiantes y conocedores que deseen descubrir los secretos de los vinos puglieses.<\/p>\n<h3 data-start=\"1955\" data-end=\"2174\">\ud83c\udf3f <strong data-start=\"1958\" data-end=\"1982\">Experiencias Relacionadas<\/strong><\/h3>\n<p data-start=\"1955\" data-end=\"2174\" class=\" translation-block\">Completa tu viaje con otras experiencias \u00fanicas en Puglia: <a href=\"https:\/\/pugliamare.it\/tipologia\/city-tours\/\" target=\"_self\">tours hist\u00f3ricos por la ciudad<\/a>, <a href=\"https:\/\/pugliamare.it\/tipologia\/cruises\/\" target=\"_self\">excursiones en barco<\/a> por la costa y <a href=\"https:\/\/pugliamare.it\/tipologia\/food-wine\/\" target=\"_self\">degustaciones enogastron\u00f3micas<\/a> en las mejores masserie de la regi\u00f3n.<\/p>\n<h3 data-start=\"2176\" data-end=\"2464\"><strong data-start=\"2180\" data-end=\"2237\">Reserva Ahora Tu Tour de Vino de Lujo en el Valle de Itria!<\/strong><\/h3>\n<p data-start=\"2176\" data-end=\"2464\">No pierdas la oportunidad de vivir un viaje inolvidable en el coraz\u00f3n de Puglia. Reserva ahora tu Tour de Vino de Lujo en el Valle de Itria y d\u00e9jate conquistar por los sabores, los colores y las historias de esta tierra \u00fanica.<\/p>\n<p data-start=\"2466\" data-end=\"2591\" class=\" translation-block\">Para informaci\u00f3n y personalizaciones, <a href=\"https:\/\/api.whatsapp.com\/send?phone=393668959532\" target=\"_self\">cont\u00e1ctanos<\/a>: estamos a tu disposici\u00f3n para hacer que tu experiencia sea a\u00fan m\u00e1s especial.<\/p>\n<\/div>\n<\/div>\n<\/div>\n<\/div>","protected":false},"excerpt":{"rendered":"<p data-start=\"195\" data-end=\"457\" class=\" translation-block\">Vive un exclusivo <strong>Tour de Vino de Lujo en el Valle de Itria<\/strong>, entre vi\u00f1edos y bodegas de Puglia. Degusta vinos aut\u00f3ctonos acompa\u00f1ados de bruschettas, quesos y embutidos locales. Una experiencia \u00fanica para los amantes del buen vino y de la tradici\u00f3n pugliesa.<\/p>","protected":false},"featured_media":21238,"template":"","meta":{"_acf_changed":false,"inline_featured_image":false},"product_cat":[293],"product_tag":[290],"acf":[],"yoast_head":"<!-- This site is optimized with the Yoast SEO Premium plugin v22.8 (Yoast SEO v22.8) - https:\/\/yoast.com\/wordpress\/plugins\/seo\/ -->\n<title>Luxury Wine Tour in Puglia - Valle D&#039;Itria | Pugliamare<\/title>\n<meta name=\"description\" content=\"Esplora i vigneti con un esclusivo Luxury Wine Tour in Puglia: degustazioni, prodotti tipici e panorami mozzafiato. Prenota ora questa esperienza unica!\" \/>\n<meta name=\"robots\" content=\"index, follow, max-snippet:-1, max-image-preview:large, max-video-preview:-1\" \/>\n<link rel=\"canonical\" href=\"https:\/\/pugliamare.it\/es\/esperienze\/luxury-wine-tour-in-valle-ditria\/\" \/>\n<meta property=\"og:locale\" content=\"es_ES\" \/>\n<meta property=\"og:type\" content=\"article\" \/>\n<meta property=\"og:title\" content=\"Luxury Wine Tour in Valle d\u2019Itria - Degustazione vini pugliesi e prodotti tipici\" \/>\n<meta property=\"og:description\" content=\"Esplora i vigneti con un esclusivo Luxury Wine Tour in Puglia: degustazioni, prodotti tipici e panorami mozzafiato. Prenota ora questa esperienza unica!\" \/>\n<meta property=\"og:url\" content=\"https:\/\/pugliamare.it\/es\/esperienze\/luxury-wine-tour-in-valle-ditria\/\" \/>\n<meta property=\"og:site_name\" content=\"Pugliamare\" \/>\n<meta property=\"article:publisher\" content=\"https:\/\/www.facebook.com\/pugliamarexperience\" \/>\n<meta property=\"article:modified_time\" content=\"2025-12-20T13:56:05+00:00\" \/>\n<meta property=\"og:image\" content=\"https:\/\/pugliamare.it\/wp-content\/uploads\/2024\/03\/AdobeStock_268986553.jpeg\" \/>\n\t<meta property=\"og:image:width\" content=\"2560\" \/>\n\t<meta property=\"og:image:height\" content=\"1707\" \/>\n\t<meta property=\"og:image:type\" content=\"image\/jpeg\" \/>\n<meta name=\"twitter:card\" content=\"summary_large_image\" \/>\n<script type=\"application\/ld+json\" class=\"yoast-schema-graph\">{\"@context\":\"https:\/\/schema.org\",\"@graph\":[{\"@type\":\"WebPage\",\"@id\":\"https:\/\/pugliamare.it\/esperienze\/luxury-wine-tour-in-valle-ditria\/\",\"url\":\"https:\/\/pugliamare.it\/esperienze\/luxury-wine-tour-in-valle-ditria\/\",\"name\":\"Luxury Wine Tour in Puglia - Valle D'Itria | Pugliamare\",\"isPartOf\":{\"@id\":\"https:\/\/pugliamare.it\/en\/#website\"},\"primaryImageOfPage\":{\"@id\":\"https:\/\/pugliamare.it\/esperienze\/luxury-wine-tour-in-valle-ditria\/#primaryimage\"},\"image\":{\"@id\":\"https:\/\/pugliamare.it\/esperienze\/luxury-wine-tour-in-valle-ditria\/#primaryimage\"},\"thumbnailUrl\":\"https:\/\/pugliamare.it\/wp-content\/uploads\/2024\/03\/AdobeStock_268986553.jpeg\",\"datePublished\":\"2024-03-24T17:51:29+00:00\",\"dateModified\":\"2025-12-20T13:56:05+00:00\",\"description\":\"Esplora i vigneti con un esclusivo Luxury Wine Tour in Puglia: degustazioni, prodotti tipici e panorami mozzafiato. Prenota ora questa esperienza unica!\",\"breadcrumb\":{\"@id\":\"https:\/\/pugliamare.it\/esperienze\/luxury-wine-tour-in-valle-ditria\/#breadcrumb\"},\"inLanguage\":\"es\",\"potentialAction\":[{\"@type\":\"ReadAction\",\"target\":[\"https:\/\/pugliamare.it\/esperienze\/luxury-wine-tour-in-valle-ditria\/\"]}]},{\"@type\":\"ImageObject\",\"inLanguage\":\"es\",\"@id\":\"https:\/\/pugliamare.it\/esperienze\/luxury-wine-tour-in-valle-ditria\/#primaryimage\",\"url\":\"https:\/\/pugliamare.it\/wp-content\/uploads\/2024\/03\/AdobeStock_268986553.jpeg\",\"contentUrl\":\"https:\/\/pugliamare.it\/wp-content\/uploads\/2024\/03\/AdobeStock_268986553.jpeg\",\"width\":2560,\"height\":1707,\"caption\":\"Sommelier che versa Vino Pugliese durante la degustazione\"},{\"@type\":\"BreadcrumbList\",\"@id\":\"https:\/\/pugliamare.it\/esperienze\/luxury-wine-tour-in-valle-ditria\/#breadcrumb\",\"itemListElement\":[{\"@type\":\"ListItem\",\"position\":1,\"name\":\"Home\",\"item\":\"https:\/\/pugliamare.it\/\"},{\"@type\":\"ListItem\",\"position\":2,\"name\":\"Luxury Wine Tour in Valle d\u2019Itria &#8211; Degustazione vini pugliesi e prodotti tipici\"}]},{\"@type\":\"WebSite\",\"@id\":\"https:\/\/pugliamare.it\/en\/#website\",\"url\":\"https:\/\/pugliamare.it\/en\/\",\"name\":\"Pugliamare\",\"description\":\"Esperienze, Soggiorni e Tour personalizzati in Puglia\",\"publisher\":{\"@id\":\"https:\/\/pugliamare.it\/en\/#organization\"},\"potentialAction\":[{\"@type\":\"SearchAction\",\"target\":{\"@type\":\"EntryPoint\",\"urlTemplate\":\"https:\/\/pugliamare.it\/en\/?s={search_term_string}\"},\"query-input\":\"required name=search_term_string\"}],\"inLanguage\":\"es\"},{\"@type\":\"Organization\",\"@id\":\"https:\/\/pugliamare.it\/en\/#organization\",\"name\":\"Pugliamare srl\",\"url\":\"https:\/\/pugliamare.it\/en\/\",\"logo\":{\"@type\":\"ImageObject\",\"inLanguage\":\"es\",\"@id\":\"https:\/\/pugliamare.it\/en\/#\/schema\/logo\/image\/\",\"url\":\"https:\/\/pugliamare.it\/wp-content\/uploads\/2021\/04\/cropped-cropped-Risorsa-2.png\",\"contentUrl\":\"https:\/\/pugliamare.it\/wp-content\/uploads\/2021\/04\/cropped-cropped-Risorsa-2.png\",\"width\":374,\"height\":117,\"caption\":\"Pugliamare srl\"},\"image\":{\"@id\":\"https:\/\/pugliamare.it\/en\/#\/schema\/logo\/image\/\"},\"sameAs\":[\"https:\/\/www.facebook.com\/pugliamarexperience\",\"https:\/\/www.instagram.com\/pugliamare\/\"]}]}<\/script>\n<!-- \/ Yoast SEO Premium plugin. -->","yoast_head_json":{"title":"Luxury Wine Tour in Puglia - Valle D'Itria | Pugliamare","description":"Esplora i vigneti con un esclusivo Luxury Wine Tour in Puglia: degustazioni, prodotti tipici e panorami mozzafiato. Prenota ora questa esperienza unica!","robots":{"index":"index","follow":"follow","max-snippet":"max-snippet:-1","max-image-preview":"max-image-preview:large","max-video-preview":"max-video-preview:-1"},"canonical":"https:\/\/pugliamare.it\/es\/esperienze\/luxury-wine-tour-in-valle-ditria\/","og_locale":"es_ES","og_type":"article","og_title":"Luxury Wine Tour in Valle d\u2019Itria - Degustazione vini pugliesi e prodotti tipici","og_description":"Esplora i vigneti con un esclusivo Luxury Wine Tour in Puglia: degustazioni, prodotti tipici e panorami mozzafiato. Prenota ora questa esperienza unica!","og_url":"https:\/\/pugliamare.it\/es\/esperienze\/luxury-wine-tour-in-valle-ditria\/","og_site_name":"Pugliamare","article_publisher":"https:\/\/www.facebook.com\/pugliamarexperience","article_modified_time":"2025-12-20T13:56:05+00:00","og_image":[{"width":2560,"height":1707,"url":"https:\/\/pugliamare.it\/wp-content\/uploads\/2024\/03\/AdobeStock_268986553.jpeg","type":"image\/jpeg"}],"twitter_card":"summary_large_image","schema":{"@context":"https:\/\/schema.org","@graph":[{"@type":"WebPage","@id":"https:\/\/pugliamare.it\/esperienze\/luxury-wine-tour-in-valle-ditria\/","url":"https:\/\/pugliamare.it\/esperienze\/luxury-wine-tour-in-valle-ditria\/","name":"Luxury Wine Tour in Puglia - Valle D'Itria | Pugliamare","isPartOf":{"@id":"https:\/\/pugliamare.it\/en\/#website"},"primaryImageOfPage":{"@id":"https:\/\/pugliamare.it\/esperienze\/luxury-wine-tour-in-valle-ditria\/#primaryimage"},"image":{"@id":"https:\/\/pugliamare.it\/esperienze\/luxury-wine-tour-in-valle-ditria\/#primaryimage"},"thumbnailUrl":"https:\/\/pugliamare.it\/wp-content\/uploads\/2024\/03\/AdobeStock_268986553.jpeg","datePublished":"2024-03-24T17:51:29+00:00","dateModified":"2025-12-20T13:56:05+00:00","description":"Esplora i vigneti con un esclusivo Luxury Wine Tour in Puglia: degustazioni, prodotti tipici e panorami mozzafiato. Prenota ora questa esperienza unica!","breadcrumb":{"@id":"https:\/\/pugliamare.it\/esperienze\/luxury-wine-tour-in-valle-ditria\/#breadcrumb"},"inLanguage":"es","potentialAction":[{"@type":"ReadAction","target":["https:\/\/pugliamare.it\/esperienze\/luxury-wine-tour-in-valle-ditria\/"]}]},{"@type":"ImageObject","inLanguage":"es","@id":"https:\/\/pugliamare.it\/esperienze\/luxury-wine-tour-in-valle-ditria\/#primaryimage","url":"https:\/\/pugliamare.it\/wp-content\/uploads\/2024\/03\/AdobeStock_268986553.jpeg","contentUrl":"https:\/\/pugliamare.it\/wp-content\/uploads\/2024\/03\/AdobeStock_268986553.jpeg","width":2560,"height":1707,"caption":"Sommelier che versa Vino Pugliese durante la degustazione"},{"@type":"BreadcrumbList","@id":"https:\/\/pugliamare.it\/esperienze\/luxury-wine-tour-in-valle-ditria\/#breadcrumb","itemListElement":[{"@type":"ListItem","position":1,"name":"Home","item":"https:\/\/pugliamare.it\/"},{"@type":"ListItem","position":2,"name":"Luxury Wine Tour in Valle d\u2019Itria &#8211; Degustazione vini pugliesi e prodotti tipici"}]},{"@type":"WebSite","@id":"https:\/\/pugliamare.it\/en\/#website","url":"https:\/\/pugliamare.it\/en\/","name":"Pugliamare","description":"Esperienze, Soggiorni e Tour personalizzati in Puglia","publisher":{"@id":"https:\/\/pugliamare.it\/en\/#organization"},"potentialAction":[{"@type":"SearchAction","target":{"@type":"EntryPoint","urlTemplate":"https:\/\/pugliamare.it\/en\/?s={search_term_string}"},"query-input":"required name=search_term_string"}],"inLanguage":"es"},{"@type":"Organization","@id":"https:\/\/pugliamare.it\/en\/#organization","name":"Pugliamare srl","url":"https:\/\/pugliamare.it\/en\/","logo":{"@type":"ImageObject","inLanguage":"es","@id":"https:\/\/pugliamare.it\/en\/#\/schema\/logo\/image\/","url":"https:\/\/pugliamare.it\/wp-content\/uploads\/2021\/04\/cropped-cropped-Risorsa-2.png","contentUrl":"https:\/\/pugliamare.it\/wp-content\/uploads\/2021\/04\/cropped-cropped-Risorsa-2.png","width":374,"height":117,"caption":"Pugliamare srl"},"image":{"@id":"https:\/\/pugliamare.it\/en\/#\/schema\/logo\/image\/"},"sameAs":["https:\/\/www.facebook.com\/pugliamarexperience","https:\/\/www.instagram.com\/pugliamare\/"]}]}},"_links":{"self":[{"href":"https:\/\/pugliamare.it\/es\/wp-json\/wp\/v2\/product\/20656"}],"collection":[{"href":"https:\/\/pugliamare.it\/es\/wp-json\/wp\/v2\/product"}],"about":[{"href":"https:\/\/pugliamare.it\/es\/wp-json\/wp\/v2\/types\/product"}],"version-history":[{"count":7,"href":"https:\/\/pugliamare.it\/es\/wp-json\/wp\/v2\/product\/20656\/revisions"}],"predecessor-version":[{"id":34019,"href":"https:\/\/pugliamare.it\/es\/wp-json\/wp\/v2\/product\/20656\/revisions\/34019"}],"wp:featuredmedia":[{"embeddable":true,"href":"https:\/\/pugliamare.it\/es\/wp-json\/wp\/v2\/media\/21238"}],"wp:attachment":[{"href":"https:\/\/pugliamare.it\/es\/wp-json\/wp\/v2\/media?parent=20656"}],"wp:term":[{"taxonomy":"product_cat","embeddable":true,"href":"https:\/\/pugliamare.it\/es\/wp-json\/wp\/v2\/product_cat?post=20656"},{"taxonomy":"product_tag","embeddable":true,"href":"https:\/\/pugliamare.it\/es\/wp-json\/wp\/v2\/product_tag?post=20656"}],"curies":[{"name":"wp","href":"https:\/\/api.w.org\/{rel}","templated":true}]}}