{"id":20657,"date":"2024-03-24T18:51:32","date_gmt":"2024-03-24T17:51:32","guid":{"rendered":"https:\/\/staging.pugliamare.it\/esperienze\/puglia-as-a-real-local\/"},"modified":"2025-07-31T15:49:35","modified_gmt":"2025-07-31T13:49:35","slug":"puglia-as-a-real-local","status":"publish","type":"product","link":"https:\/\/pugliamare.it\/es\/esperienze\/puglia-as-a-real-local\/","title":{"rendered":"Vive Puglia como un aut\u00e9ntico local"},"content":{"rendered":"<p><strong>Tour de 6 d\u00edas por Puglia \u2013 V\u00edvela como un verdadero local<\/strong><\/p>\n<p class=\" translation-block\">Este viaje inmersivo est\u00e1 pensado para ofrecerte una visi\u00f3n completa de las maravillas de esta hermosa regi\u00f3n del sur de Italia, con una <strong>combinaci\u00f3n perfecta<\/strong> de historia, cultura y gastronom\u00eda. <strong>Adem\u00e1s<\/strong>, vivir\u00e1s experiencias \u00fanicas que te permitir\u00e1n explorar en profundidad los tesoros ocultos y las tradiciones arraigadas de Puglia.<\/p>\n<p><strong>D\u00cdA 1<\/strong><\/p>\n<p class=\" translation-block\">Llegada a <strong>Bari<\/strong> y alojamiento en el hotel. A continuaci\u00f3n, encuentro con el gu\u00eda para una panor\u00e1mica de los principales monumentos de la ciudad. En el encantador casco antiguo, disfrutar\u00e1s de una experiencia culinaria \u00fanica con <a href=\"https:\/\/pugliamare.it\/esperienze\/street-food-bari\/\" target=\"_self\">street food<\/a> en puntos de inter\u00e9s, donde degustar\u00e1s embutidos, quesos, focaccia y panzerotti. El tour finalizar\u00e1 en la parte francesa de Bari. Regreso al hotel.<\/p>\n<p><strong>D\u00cdA 2<\/strong><\/p>\n<p class=\" translation-block\">Desayuno en el hotel y salida hacia <strong>Altamura<\/strong>. All\u00ed, junto con el gu\u00eda, explorar\u00e1s el centro hist\u00f3rico medieval y la Catedral de Santa Mar\u00eda Assunta. A continuaci\u00f3n, disfrutar\u00e1s de una experiencia gastron\u00f3mica para descubrir las t\u00e9cnicas tradicionales de elaboraci\u00f3n del pan y una rica degustaci\u00f3n de productos locales en una panader\u00eda hist\u00f3rica. Por la tarde, llegada a <strong>Matera<\/strong> para un <a href=\"https:\/\/pugliamare.it\/esperienze\/visita-guidata-ai-sassi-di-matera\/\" target=\"_self\">tour guiado por los Sassi<\/a>, Patrimonio de la Humanidad por la UNESCO y Capital Europea de la Cultura 2019. Regreso al hotel.<\/p>\n<p><strong>D\u00cdA 3<\/strong><\/p>\n<p class=\" translation-block\">Desayuno en el hotel y visita guiada del pueblo medieval de <strong>Conversano<\/strong> y su castillo. A continuaci\u00f3n, participar\u00e1s en una <a href=\"https:\/\/pugliamare.it\/esperienze\/lezione-di-cucina-pugliese-conversano\/\" target=\"_self\">clase de cocina pugliese<\/a> en una villa hist\u00f3rica, donde podr\u00e1s degustar los platos que hayas preparado. Despu\u00e9s, salida hacia <strong><a href=\"https:\/\/pugliamare.it\/esperienze\/visita-guidata-di-alberobello\/\" target=\"_self\">Alberobello<\/a><\/strong> para admirar los trulli, Patrimonio de la Humanidad por la UNESCO, y vivir la atm\u00f3sfera de cuento de hadas del pueblo. Regreso al hotel.<\/p>\n<p><strong>D\u00cdA 4<\/strong><\/p>\n<p class=\" translation-block\">Desayuno en el hotel y salida hacia <strong>Castellana Grotte<\/strong>. Visita a las espectaculares cuevas de Castellana, unas de las cavidades subterr\u00e1neas m\u00e1s fascinantes de Italia. A continuaci\u00f3n, tras el almuerzo libre, traslado a <strong>Polignano a Mare<\/strong>. Explorar\u00e1s las encantadoras <a href=\"https:\/\/pugliamare.it\/esperienze\/tour-in-barca-delle-grotte-di-polignano-a-mare\/\" target=\"_self\">cuevas marinas en barco<\/a> a bordo de una embarcaci\u00f3n de 7 metros, acompa\u00f1ado por patrones profesionales, y disfrutar\u00e1s de un aperitivo a bordo. Finalmente, tendr\u00e1s tiempo libre para visitar el centro hist\u00f3rico de Polignano. Regreso al hotel.<\/p>\n<p><strong>D\u00cdA 5<\/strong><\/p>\n<p class=\" translation-block\">Desayuno en el hotel y salida hacia <strong>Ostuni<\/strong>, la famosa \u201cciudad blanca\u201d. Visita guiada de la ciudad y traslado a una masseria local para visitar el molino de aceite y degustar aceite de oliva virgen extra. A continuaci\u00f3n, recorrido por el centro hist\u00f3rico de <strong>Locorotondo<\/strong> y visita a una bodega local para una cata de vinos de kil\u00f3metro cero, directamente del vi\u00f1edo que acabas de visitar. <strong>Por tanto<\/strong>, vivir\u00e1s una experiencia aut\u00e9ntica de Puglia. Regreso al hotel.<\/p>\n<p><strong>D\u00cdA 6<\/strong><\/p>\n<p>Desayuno, check-out y salida hacia el aeropuerto.<\/p>\n<p class=\" translation-block\">Para m\u00e1s detalles sobre las experiencias \u00fanicas que puedes vivir en Puglia, visita <a href=\"https:\/\/pugliamare.it\" target=\"_new\" rel=\"noreferrer noopener\">pugliamare.it<\/a> y descubre la belleza de nuestra regi\u00f3n. Para cualquier duda o necesidad, no dudes en <a href=\"https:\/\/api.whatsapp.com\/send?phone=393668959532\" target=\"_self\">contactarnos<\/a>. Estaremos encantados de ayudarte en cada momento de tu viaje. \u00a1Reserva ahora tu Tour de 6 d\u00edas en Puglia as a real Local!<\/p>","protected":false},"excerpt":{"rendered":"<p class=\" translation-block\">Los <strong>Multi-day<\/strong> tours combinan experiencias y visitas en un itinerario listo para disfrutar.<\/p>\n<p class=\" translation-block\"><b><i>La Puglia como un verdadero Local<\/i><\/b> es el tour que une las <strong>tradiciones culinarias pugliesas<\/strong> con <strong>visitas culturales<\/strong> para sumergirse en la historia del territorio con gu\u00edas expertos.<\/p>\n<ul>\n<li>Pasea por las calles de Polignano a Mare y visita las impresionantes cuevas marinas<\/li>\n<li>Explora Ostuni, una de las ciudades m\u00e1s encantadoras de Puglia<\/li>\n<li>Disfruta de una cata de aceite de oliva y una clase de cocina<\/li>\n<li>Visita las Cuevas de Castellana, el sistema de cuevas m\u00e1s grande de Italia<\/li>\n<li>Descubre 2 sitios UNESCO: Alberobello y Matera<\/li>\n<li>Aprende a preparar orecchiette y el pan t\u00edpico de Puglia<\/li>\n<\/ul>","protected":false},"featured_media":13914,"template":"","meta":{"_acf_changed":false,"inline_featured_image":false},"product_cat":[294],"product_tag":[321],"acf":[],"yoast_head":"<!-- This site is optimized with the Yoast SEO Premium plugin v22.8 (Yoast SEO v22.8) - https:\/\/yoast.com\/wordpress\/plugins\/seo\/ -->\n<title>Tour di 6 giorni in Puglia as a real Local | Pugliamare<\/title>\n<meta name=\"description\" content=\"Scopri la Puglia as a real local con il nostro tour di 6 giorni. Esplora citt\u00e0 affascinanti, spiagge mozzafiato e tradizioni autentiche. Prenota ora!\" \/>\n<meta name=\"robots\" content=\"index, follow, max-snippet:-1, max-image-preview:large, max-video-preview:-1\" \/>\n<link rel=\"canonical\" href=\"https:\/\/pugliamare.it\/es\/esperienze\/puglia-as-a-real-local\/\" \/>\n<meta property=\"og:locale\" content=\"es_ES\" \/>\n<meta property=\"og:type\" content=\"article\" \/>\n<meta property=\"og:title\" content=\"Puglia as a real Local\" \/>\n<meta property=\"og:description\" content=\"Scopri la Puglia as a real local con il nostro tour di 6 giorni. Esplora citt\u00e0 affascinanti, spiagge mozzafiato e tradizioni autentiche. Prenota ora!\" \/>\n<meta property=\"og:url\" content=\"https:\/\/pugliamare.it\/es\/esperienze\/puglia-as-a-real-local\/\" \/>\n<meta property=\"og:site_name\" content=\"Pugliamare\" \/>\n<meta property=\"article:publisher\" content=\"https:\/\/www.facebook.com\/pugliamarexperience\" \/>\n<meta property=\"article:modified_time\" content=\"2025-07-31T13:49:35+00:00\" \/>\n<meta property=\"og:image\" content=\"https:\/\/pugliamare.it\/wp-content\/uploads\/2023\/02\/iStock-1151285131-1024x625.jpg\" \/>\n\t<meta property=\"og:image:width\" content=\"1024\" \/>\n\t<meta property=\"og:image:height\" content=\"625\" \/>\n\t<meta property=\"og:image:type\" content=\"image\/jpeg\" \/>\n<meta name=\"twitter:card\" content=\"summary_large_image\" \/>\n<script type=\"application\/ld+json\" class=\"yoast-schema-graph\">{\"@context\":\"https:\/\/schema.org\",\"@graph\":[{\"@type\":\"WebPage\",\"@id\":\"https:\/\/pugliamare.it\/esperienze\/puglia-as-a-real-local\/\",\"url\":\"https:\/\/pugliamare.it\/esperienze\/puglia-as-a-real-local\/\",\"name\":\"Tour di 6 giorni in Puglia as a real Local | Pugliamare\",\"isPartOf\":{\"@id\":\"https:\/\/pugliamare.it\/en\/#website\"},\"primaryImageOfPage\":{\"@id\":\"https:\/\/pugliamare.it\/esperienze\/puglia-as-a-real-local\/#primaryimage\"},\"image\":{\"@id\":\"https:\/\/pugliamare.it\/esperienze\/puglia-as-a-real-local\/#primaryimage\"},\"thumbnailUrl\":\"https:\/\/pugliamare.it\/wp-content\/uploads\/2023\/02\/iStock-1151285131.jpg\",\"datePublished\":\"2024-03-24T17:51:32+00:00\",\"dateModified\":\"2025-07-31T13:49:35+00:00\",\"description\":\"Scopri la Puglia as a real local con il nostro tour di 6 giorni. Esplora citt\u00e0 affascinanti, spiagge mozzafiato e tradizioni autentiche. Prenota ora!\",\"breadcrumb\":{\"@id\":\"https:\/\/pugliamare.it\/esperienze\/puglia-as-a-real-local\/#breadcrumb\"},\"inLanguage\":\"es\",\"potentialAction\":[{\"@type\":\"ReadAction\",\"target\":[\"https:\/\/pugliamare.it\/esperienze\/puglia-as-a-real-local\/\"]}]},{\"@type\":\"ImageObject\",\"inLanguage\":\"es\",\"@id\":\"https:\/\/pugliamare.it\/esperienze\/puglia-as-a-real-local\/#primaryimage\",\"url\":\"https:\/\/pugliamare.it\/wp-content\/uploads\/2023\/02\/iStock-1151285131.jpg\",\"contentUrl\":\"https:\/\/pugliamare.it\/wp-content\/uploads\/2023\/02\/iStock-1151285131.jpg\",\"width\":2215,\"height\":1353,\"caption\":\"Gravina in Puglia ancient town, bridge and canyon at sunrise. Panoramic view of old city Gravina in Puglia, Apulia, Italy. Europe\"},{\"@type\":\"BreadcrumbList\",\"@id\":\"https:\/\/pugliamare.it\/esperienze\/puglia-as-a-real-local\/#breadcrumb\",\"itemListElement\":[{\"@type\":\"ListItem\",\"position\":1,\"name\":\"Home\",\"item\":\"https:\/\/pugliamare.it\/\"},{\"@type\":\"ListItem\",\"position\":2,\"name\":\"Puglia as a real Local\"}]},{\"@type\":\"WebSite\",\"@id\":\"https:\/\/pugliamare.it\/en\/#website\",\"url\":\"https:\/\/pugliamare.it\/en\/\",\"name\":\"Pugliamare\",\"description\":\"Esperienze, Soggiorni e Tour personalizzati in Puglia\",\"publisher\":{\"@id\":\"https:\/\/pugliamare.it\/en\/#organization\"},\"potentialAction\":[{\"@type\":\"SearchAction\",\"target\":{\"@type\":\"EntryPoint\",\"urlTemplate\":\"https:\/\/pugliamare.it\/en\/?s={search_term_string}\"},\"query-input\":\"required name=search_term_string\"}],\"inLanguage\":\"es\"},{\"@type\":\"Organization\",\"@id\":\"https:\/\/pugliamare.it\/en\/#organization\",\"name\":\"Pugliamare srl\",\"url\":\"https:\/\/pugliamare.it\/en\/\",\"logo\":{\"@type\":\"ImageObject\",\"inLanguage\":\"es\",\"@id\":\"https:\/\/pugliamare.it\/en\/#\/schema\/logo\/image\/\",\"url\":\"https:\/\/pugliamare.it\/wp-content\/uploads\/2021\/04\/cropped-cropped-Risorsa-2.png\",\"contentUrl\":\"https:\/\/pugliamare.it\/wp-content\/uploads\/2021\/04\/cropped-cropped-Risorsa-2.png\",\"width\":374,\"height\":117,\"caption\":\"Pugliamare srl\"},\"image\":{\"@id\":\"https:\/\/pugliamare.it\/en\/#\/schema\/logo\/image\/\"},\"sameAs\":[\"https:\/\/www.facebook.com\/pugliamarexperience\",\"https:\/\/www.instagram.com\/pugliamare\/\"]}]}<\/script>\n<!-- \/ Yoast SEO Premium plugin. -->","yoast_head_json":{"title":"Tour di 6 giorni in Puglia as a real Local | Pugliamare","description":"Scopri la Puglia as a real local con il nostro tour di 6 giorni. Esplora citt\u00e0 affascinanti, spiagge mozzafiato e tradizioni autentiche. Prenota ora!","robots":{"index":"index","follow":"follow","max-snippet":"max-snippet:-1","max-image-preview":"max-image-preview:large","max-video-preview":"max-video-preview:-1"},"canonical":"https:\/\/pugliamare.it\/es\/esperienze\/puglia-as-a-real-local\/","og_locale":"es_ES","og_type":"article","og_title":"Puglia as a real Local","og_description":"Scopri la Puglia as a real local con il nostro tour di 6 giorni. Esplora citt\u00e0 affascinanti, spiagge mozzafiato e tradizioni autentiche. Prenota ora!","og_url":"https:\/\/pugliamare.it\/es\/esperienze\/puglia-as-a-real-local\/","og_site_name":"Pugliamare","article_publisher":"https:\/\/www.facebook.com\/pugliamarexperience","article_modified_time":"2025-07-31T13:49:35+00:00","og_image":[{"width":1024,"height":625,"url":"https:\/\/pugliamare.it\/wp-content\/uploads\/2023\/02\/iStock-1151285131-1024x625.jpg","type":"image\/jpeg"}],"twitter_card":"summary_large_image","schema":{"@context":"https:\/\/schema.org","@graph":[{"@type":"WebPage","@id":"https:\/\/pugliamare.it\/esperienze\/puglia-as-a-real-local\/","url":"https:\/\/pugliamare.it\/esperienze\/puglia-as-a-real-local\/","name":"Tour di 6 giorni in Puglia as a real Local | Pugliamare","isPartOf":{"@id":"https:\/\/pugliamare.it\/en\/#website"},"primaryImageOfPage":{"@id":"https:\/\/pugliamare.it\/esperienze\/puglia-as-a-real-local\/#primaryimage"},"image":{"@id":"https:\/\/pugliamare.it\/esperienze\/puglia-as-a-real-local\/#primaryimage"},"thumbnailUrl":"https:\/\/pugliamare.it\/wp-content\/uploads\/2023\/02\/iStock-1151285131.jpg","datePublished":"2024-03-24T17:51:32+00:00","dateModified":"2025-07-31T13:49:35+00:00","description":"Scopri la Puglia as a real local con il nostro tour di 6 giorni. Esplora citt\u00e0 affascinanti, spiagge mozzafiato e tradizioni autentiche. Prenota ora!","breadcrumb":{"@id":"https:\/\/pugliamare.it\/esperienze\/puglia-as-a-real-local\/#breadcrumb"},"inLanguage":"es","potentialAction":[{"@type":"ReadAction","target":["https:\/\/pugliamare.it\/esperienze\/puglia-as-a-real-local\/"]}]},{"@type":"ImageObject","inLanguage":"es","@id":"https:\/\/pugliamare.it\/esperienze\/puglia-as-a-real-local\/#primaryimage","url":"https:\/\/pugliamare.it\/wp-content\/uploads\/2023\/02\/iStock-1151285131.jpg","contentUrl":"https:\/\/pugliamare.it\/wp-content\/uploads\/2023\/02\/iStock-1151285131.jpg","width":2215,"height":1353,"caption":"Gravina in Puglia ancient town, bridge and canyon at sunrise. Panoramic view of old city Gravina in Puglia, Apulia, Italy. Europe"},{"@type":"BreadcrumbList","@id":"https:\/\/pugliamare.it\/esperienze\/puglia-as-a-real-local\/#breadcrumb","itemListElement":[{"@type":"ListItem","position":1,"name":"Home","item":"https:\/\/pugliamare.it\/"},{"@type":"ListItem","position":2,"name":"Puglia as a real Local"}]},{"@type":"WebSite","@id":"https:\/\/pugliamare.it\/en\/#website","url":"https:\/\/pugliamare.it\/en\/","name":"Pugliamare","description":"Esperienze, Soggiorni e Tour personalizzati in Puglia","publisher":{"@id":"https:\/\/pugliamare.it\/en\/#organization"},"potentialAction":[{"@type":"SearchAction","target":{"@type":"EntryPoint","urlTemplate":"https:\/\/pugliamare.it\/en\/?s={search_term_string}"},"query-input":"required name=search_term_string"}],"inLanguage":"es"},{"@type":"Organization","@id":"https:\/\/pugliamare.it\/en\/#organization","name":"Pugliamare srl","url":"https:\/\/pugliamare.it\/en\/","logo":{"@type":"ImageObject","inLanguage":"es","@id":"https:\/\/pugliamare.it\/en\/#\/schema\/logo\/image\/","url":"https:\/\/pugliamare.it\/wp-content\/uploads\/2021\/04\/cropped-cropped-Risorsa-2.png","contentUrl":"https:\/\/pugliamare.it\/wp-content\/uploads\/2021\/04\/cropped-cropped-Risorsa-2.png","width":374,"height":117,"caption":"Pugliamare srl"},"image":{"@id":"https:\/\/pugliamare.it\/en\/#\/schema\/logo\/image\/"},"sameAs":["https:\/\/www.facebook.com\/pugliamarexperience","https:\/\/www.instagram.com\/pugliamare\/"]}]}},"_links":{"self":[{"href":"https:\/\/pugliamare.it\/es\/wp-json\/wp\/v2\/product\/20657"}],"collection":[{"href":"https:\/\/pugliamare.it\/es\/wp-json\/wp\/v2\/product"}],"about":[{"href":"https:\/\/pugliamare.it\/es\/wp-json\/wp\/v2\/types\/product"}],"version-history":[{"count":12,"href":"https:\/\/pugliamare.it\/es\/wp-json\/wp\/v2\/product\/20657\/revisions"}],"predecessor-version":[{"id":27535,"href":"https:\/\/pugliamare.it\/es\/wp-json\/wp\/v2\/product\/20657\/revisions\/27535"}],"wp:featuredmedia":[{"embeddable":true,"href":"https:\/\/pugliamare.it\/es\/wp-json\/wp\/v2\/media\/13914"}],"wp:attachment":[{"href":"https:\/\/pugliamare.it\/es\/wp-json\/wp\/v2\/media?parent=20657"}],"wp:term":[{"taxonomy":"product_cat","embeddable":true,"href":"https:\/\/pugliamare.it\/es\/wp-json\/wp\/v2\/product_cat?post=20657"},{"taxonomy":"product_tag","embeddable":true,"href":"https:\/\/pugliamare.it\/es\/wp-json\/wp\/v2\/product_tag?post=20657"}],"curies":[{"name":"wp","href":"https:\/\/api.w.org\/{rel}","templated":true}]}}