{"id":20659,"date":"2024-03-24T18:51:39","date_gmt":"2024-03-24T17:51:39","guid":{"rendered":"https:\/\/staging.pugliamare.it\/esperienze\/street-food-tour-di-monopoli\/"},"modified":"2025-12-20T14:55:08","modified_gmt":"2025-12-20T13:55:08","slug":"street-food-tour-di-monopoli","status":"publish","type":"product","link":"https:\/\/pugliamare.it\/es\/esperienze\/street-food-tour-di-monopoli\/","title":{"rendered":"Street Food Tour de Monopoli \u2013 Sabores Aut\u00e9nticos y Tradiciones de Apulia"},"content":{"rendered":"<h1 data-start=\"414\" data-end=\"524\"><strong data-start=\"448\" data-end=\"524\">Street Food Tour de Monopoli: Explora los Sabores de la Tradici\u00f3n de Apulia<\/strong><\/h1>\n<p data-start=\"526\" data-end=\"864\" class=\" translation-block\">Comienza tu viaje gastron\u00f3mico en el coraz\u00f3n de Monopoli, una encantadora ciudad costera llena de historia y cultura. Con nuestro exclusivo <strong data-start=\"667\" data-end=\"699\">Street Food Tour de Monopoli<\/strong>, expertos locales te guiar\u00e1n por las calles m\u00e1s animadas y los callejones escondidos, descubri\u00e9ndote la verdadera esencia de la cocina callejera de Apulia.<\/p>\n<h3 data-start=\"866\" data-end=\"915\">\ud83c\udf66 <strong data-start=\"869\" data-end=\"915\">Saborea la Tradici\u00f3n y la Cultura Local<\/strong><\/h3>\n<p data-start=\"917\" data-end=\"1329\" class=\" translation-block\">Durante el tour, degustar\u00e1s especialidades como <strong>helados artesanales y granizados<\/strong> en el encantador Puerto Antiguo, y podr\u00e1s saborear la famosa <strong>focaccia barese<\/strong> y los <strong>panzerottini<\/strong> calientes, s\u00edmbolos de la tradici\u00f3n gastron\u00f3mica local. El recorrido tambi\u00e9n incluye una pausa relajante con una copa de <strong>vino de Apulia<\/strong>, acompa\u00f1ada de crujientes <strong>taralli<\/strong> y <strong>aceitunas<\/strong>, en un ambiente acogedor que celebra los sabores aut\u00e9nticos de Monopoli.<\/p>\n<h3 data-start=\"1331\" data-end=\"1378\"><strong data-start=\"1334\" data-end=\"1378\">Una Experiencia Completa e Inolvidable<\/strong><\/h3>\n<p data-start=\"1380\" data-end=\"1683\">Este tour es perfecto para quienes aman descubrir la cocina local, sumergi\u00e9ndose en la cultura y la historia de la ciudad. Ya seas un amante del buen comer o un viajero curioso, nuestro Street Food Tour de Monopoli te regalar\u00e1 momentos inolvidables llenos de sabores, tradiciones e historias aut\u00e9nticas.<\/p>\n<h3 data-start=\"1685\" data-end=\"1834\">\ud83d\udccd <strong data-start=\"1688\" data-end=\"1710\">Punto de Encuentro:<\/strong><\/h3>\n<p data-start=\"1685\" data-end=\"1834\" class=\" translation-block\"><strong>Bar della Stazione<\/strong>, Largo della Stazione 1, 70043 Monopoli.<\/p>\n<p data-start=\"1685\" data-end=\"1834\"><em> Se ruega presentarse 15 minutos antes del inicio del tour.<\/em><\/p>\n<h3 data-start=\"1331\" data-end=\"1378\"><strong>\ud83c\udf1fOtras Experiencias Imperdibles<\/strong><\/h3>\n<p data-start=\"1836\" data-end=\"2038\">Para enriquecer tu experiencia en Puglia, explora tambi\u00e9n nuestras otras actividades, desde city tours hasta excursiones en barco por la hermosa costa. \u00a1Descubre todas nuestras propuestas imperdibles en nuestro sitio web!<\/p>\n<h3 data-start=\"2040\" data-end=\"2241\"><strong data-start=\"2044\" data-end=\"2099\">\u00a1Reserva ya tu Street Food Tour de Monopoli!<\/strong><\/h3>\n<p data-start=\"2040\" data-end=\"2241\">Para consultas o informaci\u00f3n, cont\u00e1ctanos: estamos a tu disposici\u00f3n para ayudarte a vivir una aventura culinaria \u00fanica en el coraz\u00f3n de Puglia.<\/p>\n<p>&nbsp;<\/p>","protected":false},"excerpt":{"rendered":"<p class=\" translation-block\">Vive el aut\u00e9ntico <strong data-start=\"168\" data-end=\"200\">Street Food Tour de Monopoli<\/strong> acompa\u00f1ado por expertos locales apasionados, que te guiar\u00e1n por los sabores genuinos y las tradiciones gastron\u00f3micas m\u00e1s aut\u00e9nticas de esta encantadora ciudad costera.<\/p>\n<p class=\" translation-block\">Recorre sus calles vibrantes y callejones escondidos, sumergi\u00e9ndote en una experiencia culinaria \u00fanica hecha de platos tradicionales, productos frescos e historias locales que hacen de <strong>Monopoli<\/strong> un destino imperdible para los amantes de la buena comida y de la cultura de Apulia.<\/p>","protected":false},"featured_media":22760,"template":"","meta":{"_acf_changed":false,"inline_featured_image":false},"product_cat":[292,293],"product_tag":[290],"acf":[],"yoast_head":"<!-- This site is optimized with the Yoast SEO Premium plugin v22.8 (Yoast SEO v22.8) - https:\/\/yoast.com\/wordpress\/plugins\/seo\/ -->\n<title>Street Food Tour di Monopoli \u2013 Scopri i Sapori Autentici della Puglia | Pugliamare<\/title>\n<meta name=\"description\" content=\"Assapora il vero street food pugliese con il tour a Monopoli. Scopri sapori autentici, tradizioni locali e luoghi nascosti con guida esperta. Prenota ora!\" \/>\n<meta name=\"robots\" content=\"index, follow, max-snippet:-1, max-image-preview:large, max-video-preview:-1\" \/>\n<link rel=\"canonical\" href=\"https:\/\/pugliamare.it\/es\/esperienze\/street-food-tour-di-monopoli\/\" \/>\n<meta property=\"og:locale\" content=\"es_ES\" \/>\n<meta property=\"og:type\" content=\"article\" \/>\n<meta property=\"og:title\" content=\"Street Food Tour di Monopoli - Sapori Autentici e Tradizioni Pugliesi\" \/>\n<meta property=\"og:description\" content=\"Assapora il vero street food pugliese con il tour a Monopoli. Scopri sapori autentici, tradizioni locali e luoghi nascosti con guida esperta. Prenota ora!\" \/>\n<meta property=\"og:url\" content=\"https:\/\/pugliamare.it\/es\/esperienze\/street-food-tour-di-monopoli\/\" \/>\n<meta property=\"og:site_name\" content=\"Pugliamare\" \/>\n<meta property=\"article:publisher\" content=\"https:\/\/www.facebook.com\/pugliamarexperience\" \/>\n<meta property=\"article:modified_time\" content=\"2025-12-20T13:55:08+00:00\" \/>\n<meta property=\"og:image\" content=\"https:\/\/pugliamare.it\/wp-content\/uploads\/2024\/03\/IMG_7771-scaled.jpg\" \/>\n\t<meta property=\"og:image:width\" content=\"1706\" \/>\n\t<meta property=\"og:image:height\" content=\"2560\" \/>\n\t<meta property=\"og:image:type\" content=\"image\/jpeg\" \/>\n<meta name=\"twitter:card\" content=\"summary_large_image\" \/>\n<script type=\"application\/ld+json\" class=\"yoast-schema-graph\">{\"@context\":\"https:\/\/schema.org\",\"@graph\":[{\"@type\":\"WebPage\",\"@id\":\"https:\/\/pugliamare.it\/esperienze\/street-food-tour-di-monopoli\/\",\"url\":\"https:\/\/pugliamare.it\/esperienze\/street-food-tour-di-monopoli\/\",\"name\":\"Street Food Tour di Monopoli \u2013 Scopri i Sapori Autentici della Puglia | Pugliamare\",\"isPartOf\":{\"@id\":\"https:\/\/pugliamare.it\/en\/#website\"},\"primaryImageOfPage\":{\"@id\":\"https:\/\/pugliamare.it\/esperienze\/street-food-tour-di-monopoli\/#primaryimage\"},\"image\":{\"@id\":\"https:\/\/pugliamare.it\/esperienze\/street-food-tour-di-monopoli\/#primaryimage\"},\"thumbnailUrl\":\"https:\/\/pugliamare.it\/wp-content\/uploads\/2024\/03\/IMG_7771-scaled.jpg\",\"datePublished\":\"2024-03-24T17:51:39+00:00\",\"dateModified\":\"2025-12-20T13:55:08+00:00\",\"description\":\"Assapora il vero street food pugliese con il tour a Monopoli. Scopri sapori autentici, tradizioni locali e luoghi nascosti con guida esperta. Prenota ora!\",\"breadcrumb\":{\"@id\":\"https:\/\/pugliamare.it\/esperienze\/street-food-tour-di-monopoli\/#breadcrumb\"},\"inLanguage\":\"es\",\"potentialAction\":[{\"@type\":\"ReadAction\",\"target\":[\"https:\/\/pugliamare.it\/esperienze\/street-food-tour-di-monopoli\/\"]}]},{\"@type\":\"ImageObject\",\"inLanguage\":\"es\",\"@id\":\"https:\/\/pugliamare.it\/esperienze\/street-food-tour-di-monopoli\/#primaryimage\",\"url\":\"https:\/\/pugliamare.it\/wp-content\/uploads\/2024\/03\/IMG_7771-scaled.jpg\",\"contentUrl\":\"https:\/\/pugliamare.it\/wp-content\/uploads\/2024\/03\/IMG_7771-scaled.jpg\",\"width\":1706,\"height\":2560,\"caption\":\"Turisti che gustano una granita sul lungomare durante il nostro street food tour\"},{\"@type\":\"BreadcrumbList\",\"@id\":\"https:\/\/pugliamare.it\/esperienze\/street-food-tour-di-monopoli\/#breadcrumb\",\"itemListElement\":[{\"@type\":\"ListItem\",\"position\":1,\"name\":\"Home\",\"item\":\"https:\/\/pugliamare.it\/\"},{\"@type\":\"ListItem\",\"position\":2,\"name\":\"Street Food Tour di Monopoli &#8211; Sapori Autentici e Tradizioni Pugliesi\"}]},{\"@type\":\"WebSite\",\"@id\":\"https:\/\/pugliamare.it\/en\/#website\",\"url\":\"https:\/\/pugliamare.it\/en\/\",\"name\":\"Pugliamare\",\"description\":\"Esperienze, Soggiorni e Tour personalizzati in Puglia\",\"publisher\":{\"@id\":\"https:\/\/pugliamare.it\/en\/#organization\"},\"potentialAction\":[{\"@type\":\"SearchAction\",\"target\":{\"@type\":\"EntryPoint\",\"urlTemplate\":\"https:\/\/pugliamare.it\/en\/?s={search_term_string}\"},\"query-input\":\"required name=search_term_string\"}],\"inLanguage\":\"es\"},{\"@type\":\"Organization\",\"@id\":\"https:\/\/pugliamare.it\/en\/#organization\",\"name\":\"Pugliamare srl\",\"url\":\"https:\/\/pugliamare.it\/en\/\",\"logo\":{\"@type\":\"ImageObject\",\"inLanguage\":\"es\",\"@id\":\"https:\/\/pugliamare.it\/en\/#\/schema\/logo\/image\/\",\"url\":\"https:\/\/pugliamare.it\/wp-content\/uploads\/2021\/04\/cropped-cropped-Risorsa-2.png\",\"contentUrl\":\"https:\/\/pugliamare.it\/wp-content\/uploads\/2021\/04\/cropped-cropped-Risorsa-2.png\",\"width\":374,\"height\":117,\"caption\":\"Pugliamare srl\"},\"image\":{\"@id\":\"https:\/\/pugliamare.it\/en\/#\/schema\/logo\/image\/\"},\"sameAs\":[\"https:\/\/www.facebook.com\/pugliamarexperience\",\"https:\/\/www.instagram.com\/pugliamare\/\"]}]}<\/script>\n<!-- \/ Yoast SEO Premium plugin. -->","yoast_head_json":{"title":"Street Food Tour di Monopoli \u2013 Scopri i Sapori Autentici della Puglia | Pugliamare","description":"Assapora il vero street food pugliese con il tour a Monopoli. Scopri sapori autentici, tradizioni locali e luoghi nascosti con guida esperta. Prenota ora!","robots":{"index":"index","follow":"follow","max-snippet":"max-snippet:-1","max-image-preview":"max-image-preview:large","max-video-preview":"max-video-preview:-1"},"canonical":"https:\/\/pugliamare.it\/es\/esperienze\/street-food-tour-di-monopoli\/","og_locale":"es_ES","og_type":"article","og_title":"Street Food Tour di Monopoli - Sapori Autentici e Tradizioni Pugliesi","og_description":"Assapora il vero street food pugliese con il tour a Monopoli. Scopri sapori autentici, tradizioni locali e luoghi nascosti con guida esperta. Prenota ora!","og_url":"https:\/\/pugliamare.it\/es\/esperienze\/street-food-tour-di-monopoli\/","og_site_name":"Pugliamare","article_publisher":"https:\/\/www.facebook.com\/pugliamarexperience","article_modified_time":"2025-12-20T13:55:08+00:00","og_image":[{"width":1706,"height":2560,"url":"https:\/\/pugliamare.it\/wp-content\/uploads\/2024\/03\/IMG_7771-scaled.jpg","type":"image\/jpeg"}],"twitter_card":"summary_large_image","schema":{"@context":"https:\/\/schema.org","@graph":[{"@type":"WebPage","@id":"https:\/\/pugliamare.it\/esperienze\/street-food-tour-di-monopoli\/","url":"https:\/\/pugliamare.it\/esperienze\/street-food-tour-di-monopoli\/","name":"Street Food Tour di Monopoli \u2013 Scopri i Sapori Autentici della Puglia | Pugliamare","isPartOf":{"@id":"https:\/\/pugliamare.it\/en\/#website"},"primaryImageOfPage":{"@id":"https:\/\/pugliamare.it\/esperienze\/street-food-tour-di-monopoli\/#primaryimage"},"image":{"@id":"https:\/\/pugliamare.it\/esperienze\/street-food-tour-di-monopoli\/#primaryimage"},"thumbnailUrl":"https:\/\/pugliamare.it\/wp-content\/uploads\/2024\/03\/IMG_7771-scaled.jpg","datePublished":"2024-03-24T17:51:39+00:00","dateModified":"2025-12-20T13:55:08+00:00","description":"Assapora il vero street food pugliese con il tour a Monopoli. Scopri sapori autentici, tradizioni locali e luoghi nascosti con guida esperta. Prenota ora!","breadcrumb":{"@id":"https:\/\/pugliamare.it\/esperienze\/street-food-tour-di-monopoli\/#breadcrumb"},"inLanguage":"es","potentialAction":[{"@type":"ReadAction","target":["https:\/\/pugliamare.it\/esperienze\/street-food-tour-di-monopoli\/"]}]},{"@type":"ImageObject","inLanguage":"es","@id":"https:\/\/pugliamare.it\/esperienze\/street-food-tour-di-monopoli\/#primaryimage","url":"https:\/\/pugliamare.it\/wp-content\/uploads\/2024\/03\/IMG_7771-scaled.jpg","contentUrl":"https:\/\/pugliamare.it\/wp-content\/uploads\/2024\/03\/IMG_7771-scaled.jpg","width":1706,"height":2560,"caption":"Turisti che gustano una granita sul lungomare durante il nostro street food tour"},{"@type":"BreadcrumbList","@id":"https:\/\/pugliamare.it\/esperienze\/street-food-tour-di-monopoli\/#breadcrumb","itemListElement":[{"@type":"ListItem","position":1,"name":"Home","item":"https:\/\/pugliamare.it\/"},{"@type":"ListItem","position":2,"name":"Street Food Tour di Monopoli &#8211; Sapori Autentici e Tradizioni Pugliesi"}]},{"@type":"WebSite","@id":"https:\/\/pugliamare.it\/en\/#website","url":"https:\/\/pugliamare.it\/en\/","name":"Pugliamare","description":"Esperienze, Soggiorni e Tour personalizzati in Puglia","publisher":{"@id":"https:\/\/pugliamare.it\/en\/#organization"},"potentialAction":[{"@type":"SearchAction","target":{"@type":"EntryPoint","urlTemplate":"https:\/\/pugliamare.it\/en\/?s={search_term_string}"},"query-input":"required name=search_term_string"}],"inLanguage":"es"},{"@type":"Organization","@id":"https:\/\/pugliamare.it\/en\/#organization","name":"Pugliamare srl","url":"https:\/\/pugliamare.it\/en\/","logo":{"@type":"ImageObject","inLanguage":"es","@id":"https:\/\/pugliamare.it\/en\/#\/schema\/logo\/image\/","url":"https:\/\/pugliamare.it\/wp-content\/uploads\/2021\/04\/cropped-cropped-Risorsa-2.png","contentUrl":"https:\/\/pugliamare.it\/wp-content\/uploads\/2021\/04\/cropped-cropped-Risorsa-2.png","width":374,"height":117,"caption":"Pugliamare srl"},"image":{"@id":"https:\/\/pugliamare.it\/en\/#\/schema\/logo\/image\/"},"sameAs":["https:\/\/www.facebook.com\/pugliamarexperience","https:\/\/www.instagram.com\/pugliamare\/"]}]}},"_links":{"self":[{"href":"https:\/\/pugliamare.it\/es\/wp-json\/wp\/v2\/product\/20659"}],"collection":[{"href":"https:\/\/pugliamare.it\/es\/wp-json\/wp\/v2\/product"}],"about":[{"href":"https:\/\/pugliamare.it\/es\/wp-json\/wp\/v2\/types\/product"}],"version-history":[{"count":17,"href":"https:\/\/pugliamare.it\/es\/wp-json\/wp\/v2\/product\/20659\/revisions"}],"predecessor-version":[{"id":34017,"href":"https:\/\/pugliamare.it\/es\/wp-json\/wp\/v2\/product\/20659\/revisions\/34017"}],"wp:featuredmedia":[{"embeddable":true,"href":"https:\/\/pugliamare.it\/es\/wp-json\/wp\/v2\/media\/22760"}],"wp:attachment":[{"href":"https:\/\/pugliamare.it\/es\/wp-json\/wp\/v2\/media?parent=20659"}],"wp:term":[{"taxonomy":"product_cat","embeddable":true,"href":"https:\/\/pugliamare.it\/es\/wp-json\/wp\/v2\/product_cat?post=20659"},{"taxonomy":"product_tag","embeddable":true,"href":"https:\/\/pugliamare.it\/es\/wp-json\/wp\/v2\/product_tag?post=20659"}],"curies":[{"name":"wp","href":"https:\/\/api.w.org\/{rel}","templated":true}]}}