{"id":20662,"date":"2024-03-24T18:51:46","date_gmt":"2024-03-24T17:51:46","guid":{"rendered":"https:\/\/staging.pugliamare.it\/esperienze\/street-food-di-alberobello\/"},"modified":"2025-07-31T13:14:11","modified_gmt":"2025-07-31T11:14:11","slug":"street-food-di-alberobello","status":"publish","type":"product","link":"https:\/\/pugliamare.it\/es\/esperienze\/street-food-di-alberobello\/","title":{"rendered":"Street Food Tour de Alberobello \u2013 Sabores Aut\u00e9nticos y Tradici\u00f3n Apuliana"},"content":{"rendered":"<h1 data-start=\"511\" data-end=\"621\"><strong data-start=\"544\" data-end=\"621\">Street Food Tour de Alberobello: Vive la Tradici\u00f3n Gastron\u00f3mica de Apulia<\/strong><\/h1>\n<p data-start=\"623\" data-end=\"977\" class=\" translation-block\">\u00danete a nosotros para vivir una experiencia culinaria inmersiva en el coraz\u00f3n de <a href=\"https:\/\/pugliamare.it\/destinazioni\/alberobello\/\" target=\"_self\"><strong>Alberobello<\/strong><\/a>, una ciudad famosa por sus trulli \u00fanicos y su rica tradici\u00f3n gastron\u00f3mica. Durante este tour guiado, degustar\u00e1s especialidades t\u00edpicas de Apulia, acompa\u00f1ado por expertos locales que te contar\u00e1n historias y curiosidades sobre los sabores y la cultura del territorio.<\/p>\n<h3 data-start=\"979\" data-end=\"1271\"><strong data-start=\"982\" data-end=\"1026\">Inicio del Tour en el Coraz\u00f3n de Alberobello<\/strong><\/h3>\n<p data-start=\"979\" data-end=\"1271\">Nuestra aventura comienza en Largo Martellotta, en el centro hist\u00f3rico de Alberobello. Caminar\u00e1s por callejuelas empedradas, admirar\u00e1s los trulli \u2014las t\u00edpicas casas de piedra con techos c\u00f3nicos\u2014 y descubrir\u00e1s los or\u00edgenes de este Patrimonio Mundial de la UNESCO.<\/p>\n<h3 data-start=\"1273\" data-end=\"1641\">\ud83c\udf55 <strong data-start=\"1276\" data-end=\"1321\">Prueba las Especialidades Callejeras de Apulia<\/strong><\/h3>\n<p data-start=\"1273\" data-end=\"1641\">Disfruta de la verdadera focaccia barese, sabrosas alb\u00f3ndigas y quesos frescos, preparados seg\u00fan recetas transmitidas de generaci\u00f3n en generaci\u00f3n. Este tour te ofrece una inmersi\u00f3n total en los sabores de Apulia, con degustaciones directamente en los talleres y tiendas locales, donde podr\u00e1s hablar con productores apasionados.<\/p>\n<h3 data-start=\"1643\" data-end=\"1958\"><strong data-start=\"1646\" data-end=\"1687\">Una Experiencia Aut\u00e9ntica e Interactiva<\/strong><\/h3>\n<p data-start=\"1643\" data-end=\"1958\">A diferencia de otros tours, aqu\u00ed vivir\u00e1s una experiencia genuina que te permitir\u00e1 conectar con la gente local, descubrir an\u00e9cdotas gastron\u00f3micas y apreciar el valor cultural detr\u00e1s de cada plato. Un viaje sensorial y cultural que quedar\u00e1 en tu coraz\u00f3n.<\/p>\n<h3 data-start=\"1960\" data-end=\"2162\">\ud83d\udd59 <strong data-start=\"1963\" data-end=\"1983\">Detalles y Horarios<\/strong><\/h3>\n<p data-start=\"1960\" data-end=\"2162\" class=\" translation-block\">El tour est\u00e1 disponible <strong>todos los d\u00edas a las 10:00 h<\/strong>, con punto de encuentro en <strong>Largo Martellotta<\/strong>, <strong>Alberobello<\/strong>. Prep\u00e1rate para una ma\u00f1ana llena de sabor y descubrimiento.<\/p>\n<h3 data-start=\"2164\" data-end=\"2416\">\u2728 <strong data-start=\"2166\" data-end=\"2203\">Descubre M\u00e1s Experiencias en Apulia<\/strong><\/h3>\n<p data-start=\"2164\" data-end=\"2416\" class=\" translation-block\">Para que tu viaje sea a\u00fan m\u00e1s especial, explora tambi\u00e9n nuestros <a href=\"https:\/\/pugliamare.it\/tipologia\/city-tours\/\" target=\"_self\">city tours<\/a> y nuestras <a href=\"https:\/\/pugliamare.it\/tipologia\/cruises\/\" target=\"_self\">excursiones en barco<\/a> por la costa de Apulia. Cada experiencia est\u00e1 pensada para que vivas una Apulia aut\u00e9ntica y sorprendente.<\/p>\n<h3 data-start=\"2418\" data-end=\"2704\"><strong data-start=\"2422\" data-end=\"2476\">Reserva Ahora Tu Street Food Tour de Alberobello<\/strong><\/h3>\n<p data-start=\"2418\" data-end=\"2704\" class=\" translation-block\">No pierdas la oportunidad de degustar los sabores \u00fanicos de Alberobello y vivir una experiencia cultural inolvidable. <a href=\"https:\/\/api.whatsapp.com\/send?phone=393668959532\" target=\"_self\">Cont\u00e1ctanos<\/a> para obtener informaci\u00f3n y reservas \u2014 \u00a1estamos aqu\u00ed para ayudarte a organizar tu viaje perfecto!<\/p>","protected":false},"excerpt":{"rendered":"<p class=\" translation-block\">Descubre los sabores aut\u00e9nticos de <strong>Alberobello<\/strong> con un exclusivo street food tour guiado por expertos locales. Pasea entre los trulli y saborea las especialidades callejeras de Apulia, sumergi\u00e9ndote en la <strong>cultura gastron\u00f3mica<\/strong> de este encantador pueblo.<\/p>","protected":false},"featured_media":8723,"template":"","meta":{"_acf_changed":false,"inline_featured_image":false},"product_cat":[292,293],"product_tag":[290],"acf":[],"yoast_head":"<!-- This site is optimized with the Yoast SEO Premium plugin v22.8 (Yoast SEO v22.8) - https:\/\/yoast.com\/wordpress\/plugins\/seo\/ -->\n<title>Street Food Tour di Alberobello - Degustazione Prodotti Tipici | Pugliamare<\/title>\n<meta name=\"description\" content=\"Scopri i sapori autentici di Alberobello con lo street food tour: degustazioni tradizionali tra i trulli, cultura locale e storie uniche da vivere.\" \/>\n<meta name=\"robots\" content=\"index, follow, max-snippet:-1, max-image-preview:large, max-video-preview:-1\" \/>\n<link rel=\"canonical\" href=\"https:\/\/pugliamare.it\/es\/esperienze\/street-food-di-alberobello\/\" \/>\n<meta property=\"og:locale\" content=\"es_ES\" \/>\n<meta property=\"og:type\" content=\"article\" \/>\n<meta property=\"og:title\" content=\"Street Food Tour di Alberobello - Sapori Autentici e Tradizione Pugliese\" \/>\n<meta property=\"og:description\" content=\"Scopri i sapori autentici di Alberobello con lo street food tour: degustazioni tradizionali tra i trulli, cultura locale e storie uniche da vivere.\" \/>\n<meta property=\"og:url\" content=\"https:\/\/pugliamare.it\/es\/esperienze\/street-food-di-alberobello\/\" \/>\n<meta property=\"og:site_name\" content=\"Pugliamare\" \/>\n<meta property=\"article:publisher\" content=\"https:\/\/www.facebook.com\/pugliamarexperience\" \/>\n<meta property=\"article:modified_time\" content=\"2025-07-31T11:14:11+00:00\" \/>\n<meta property=\"og:image\" content=\"https:\/\/pugliamare.it\/wp-content\/uploads\/2021\/07\/walking-tour-di-alberobello.jpg\" \/>\n\t<meta property=\"og:image:width\" content=\"1267\" \/>\n\t<meta property=\"og:image:height\" content=\"950\" \/>\n\t<meta property=\"og:image:type\" content=\"image\/jpeg\" \/>\n<meta name=\"twitter:card\" content=\"summary_large_image\" \/>\n<script type=\"application\/ld+json\" class=\"yoast-schema-graph\">{\"@context\":\"https:\/\/schema.org\",\"@graph\":[{\"@type\":\"WebPage\",\"@id\":\"https:\/\/pugliamare.it\/esperienze\/street-food-di-alberobello\/\",\"url\":\"https:\/\/pugliamare.it\/esperienze\/street-food-di-alberobello\/\",\"name\":\"Street Food Tour di Alberobello - Degustazione Prodotti Tipici | Pugliamare\",\"isPartOf\":{\"@id\":\"https:\/\/pugliamare.it\/en\/#website\"},\"primaryImageOfPage\":{\"@id\":\"https:\/\/pugliamare.it\/esperienze\/street-food-di-alberobello\/#primaryimage\"},\"image\":{\"@id\":\"https:\/\/pugliamare.it\/esperienze\/street-food-di-alberobello\/#primaryimage\"},\"thumbnailUrl\":\"https:\/\/pugliamare.it\/wp-content\/uploads\/2021\/07\/walking-tour-di-alberobello.jpg\",\"datePublished\":\"2024-03-24T17:51:46+00:00\",\"dateModified\":\"2025-07-31T11:14:11+00:00\",\"description\":\"Scopri i sapori autentici di Alberobello con lo street food tour: degustazioni tradizionali tra i trulli, cultura locale e storie uniche da vivere.\",\"breadcrumb\":{\"@id\":\"https:\/\/pugliamare.it\/esperienze\/street-food-di-alberobello\/#breadcrumb\"},\"inLanguage\":\"es\",\"potentialAction\":[{\"@type\":\"ReadAction\",\"target\":[\"https:\/\/pugliamare.it\/esperienze\/street-food-di-alberobello\/\"]}]},{\"@type\":\"ImageObject\",\"inLanguage\":\"es\",\"@id\":\"https:\/\/pugliamare.it\/esperienze\/street-food-di-alberobello\/#primaryimage\",\"url\":\"https:\/\/pugliamare.it\/wp-content\/uploads\/2021\/07\/walking-tour-di-alberobello.jpg\",\"contentUrl\":\"https:\/\/pugliamare.it\/wp-content\/uploads\/2021\/07\/walking-tour-di-alberobello.jpg\",\"width\":1267,\"height\":950,\"caption\":\"Trulli di Alberobello\"},{\"@type\":\"BreadcrumbList\",\"@id\":\"https:\/\/pugliamare.it\/esperienze\/street-food-di-alberobello\/#breadcrumb\",\"itemListElement\":[{\"@type\":\"ListItem\",\"position\":1,\"name\":\"Home\",\"item\":\"https:\/\/pugliamare.it\/\"},{\"@type\":\"ListItem\",\"position\":2,\"name\":\"Street Food Tour di Alberobello &#8211; Sapori Autentici e Tradizione Pugliese\"}]},{\"@type\":\"WebSite\",\"@id\":\"https:\/\/pugliamare.it\/en\/#website\",\"url\":\"https:\/\/pugliamare.it\/en\/\",\"name\":\"Pugliamare\",\"description\":\"Esperienze, Soggiorni e Tour personalizzati in Puglia\",\"publisher\":{\"@id\":\"https:\/\/pugliamare.it\/en\/#organization\"},\"potentialAction\":[{\"@type\":\"SearchAction\",\"target\":{\"@type\":\"EntryPoint\",\"urlTemplate\":\"https:\/\/pugliamare.it\/en\/?s={search_term_string}\"},\"query-input\":\"required name=search_term_string\"}],\"inLanguage\":\"es\"},{\"@type\":\"Organization\",\"@id\":\"https:\/\/pugliamare.it\/en\/#organization\",\"name\":\"Pugliamare srl\",\"url\":\"https:\/\/pugliamare.it\/en\/\",\"logo\":{\"@type\":\"ImageObject\",\"inLanguage\":\"es\",\"@id\":\"https:\/\/pugliamare.it\/en\/#\/schema\/logo\/image\/\",\"url\":\"https:\/\/pugliamare.it\/wp-content\/uploads\/2021\/04\/cropped-cropped-Risorsa-2.png\",\"contentUrl\":\"https:\/\/pugliamare.it\/wp-content\/uploads\/2021\/04\/cropped-cropped-Risorsa-2.png\",\"width\":374,\"height\":117,\"caption\":\"Pugliamare srl\"},\"image\":{\"@id\":\"https:\/\/pugliamare.it\/en\/#\/schema\/logo\/image\/\"},\"sameAs\":[\"https:\/\/www.facebook.com\/pugliamarexperience\",\"https:\/\/www.instagram.com\/pugliamare\/\"]}]}<\/script>\n<!-- \/ Yoast SEO Premium plugin. -->","yoast_head_json":{"title":"Street Food Tour di Alberobello - Degustazione Prodotti Tipici | Pugliamare","description":"Scopri i sapori autentici di Alberobello con lo street food tour: degustazioni tradizionali tra i trulli, cultura locale e storie uniche da vivere.","robots":{"index":"index","follow":"follow","max-snippet":"max-snippet:-1","max-image-preview":"max-image-preview:large","max-video-preview":"max-video-preview:-1"},"canonical":"https:\/\/pugliamare.it\/es\/esperienze\/street-food-di-alberobello\/","og_locale":"es_ES","og_type":"article","og_title":"Street Food Tour di Alberobello - Sapori Autentici e Tradizione Pugliese","og_description":"Scopri i sapori autentici di Alberobello con lo street food tour: degustazioni tradizionali tra i trulli, cultura locale e storie uniche da vivere.","og_url":"https:\/\/pugliamare.it\/es\/esperienze\/street-food-di-alberobello\/","og_site_name":"Pugliamare","article_publisher":"https:\/\/www.facebook.com\/pugliamarexperience","article_modified_time":"2025-07-31T11:14:11+00:00","og_image":[{"width":1267,"height":950,"url":"https:\/\/pugliamare.it\/wp-content\/uploads\/2021\/07\/walking-tour-di-alberobello.jpg","type":"image\/jpeg"}],"twitter_card":"summary_large_image","schema":{"@context":"https:\/\/schema.org","@graph":[{"@type":"WebPage","@id":"https:\/\/pugliamare.it\/esperienze\/street-food-di-alberobello\/","url":"https:\/\/pugliamare.it\/esperienze\/street-food-di-alberobello\/","name":"Street Food Tour di Alberobello - Degustazione Prodotti Tipici | Pugliamare","isPartOf":{"@id":"https:\/\/pugliamare.it\/en\/#website"},"primaryImageOfPage":{"@id":"https:\/\/pugliamare.it\/esperienze\/street-food-di-alberobello\/#primaryimage"},"image":{"@id":"https:\/\/pugliamare.it\/esperienze\/street-food-di-alberobello\/#primaryimage"},"thumbnailUrl":"https:\/\/pugliamare.it\/wp-content\/uploads\/2021\/07\/walking-tour-di-alberobello.jpg","datePublished":"2024-03-24T17:51:46+00:00","dateModified":"2025-07-31T11:14:11+00:00","description":"Scopri i sapori autentici di Alberobello con lo street food tour: degustazioni tradizionali tra i trulli, cultura locale e storie uniche da vivere.","breadcrumb":{"@id":"https:\/\/pugliamare.it\/esperienze\/street-food-di-alberobello\/#breadcrumb"},"inLanguage":"es","potentialAction":[{"@type":"ReadAction","target":["https:\/\/pugliamare.it\/esperienze\/street-food-di-alberobello\/"]}]},{"@type":"ImageObject","inLanguage":"es","@id":"https:\/\/pugliamare.it\/esperienze\/street-food-di-alberobello\/#primaryimage","url":"https:\/\/pugliamare.it\/wp-content\/uploads\/2021\/07\/walking-tour-di-alberobello.jpg","contentUrl":"https:\/\/pugliamare.it\/wp-content\/uploads\/2021\/07\/walking-tour-di-alberobello.jpg","width":1267,"height":950,"caption":"Trulli di Alberobello"},{"@type":"BreadcrumbList","@id":"https:\/\/pugliamare.it\/esperienze\/street-food-di-alberobello\/#breadcrumb","itemListElement":[{"@type":"ListItem","position":1,"name":"Home","item":"https:\/\/pugliamare.it\/"},{"@type":"ListItem","position":2,"name":"Street Food Tour di Alberobello &#8211; Sapori Autentici e Tradizione Pugliese"}]},{"@type":"WebSite","@id":"https:\/\/pugliamare.it\/en\/#website","url":"https:\/\/pugliamare.it\/en\/","name":"Pugliamare","description":"Esperienze, Soggiorni e Tour personalizzati in Puglia","publisher":{"@id":"https:\/\/pugliamare.it\/en\/#organization"},"potentialAction":[{"@type":"SearchAction","target":{"@type":"EntryPoint","urlTemplate":"https:\/\/pugliamare.it\/en\/?s={search_term_string}"},"query-input":"required name=search_term_string"}],"inLanguage":"es"},{"@type":"Organization","@id":"https:\/\/pugliamare.it\/en\/#organization","name":"Pugliamare srl","url":"https:\/\/pugliamare.it\/en\/","logo":{"@type":"ImageObject","inLanguage":"es","@id":"https:\/\/pugliamare.it\/en\/#\/schema\/logo\/image\/","url":"https:\/\/pugliamare.it\/wp-content\/uploads\/2021\/04\/cropped-cropped-Risorsa-2.png","contentUrl":"https:\/\/pugliamare.it\/wp-content\/uploads\/2021\/04\/cropped-cropped-Risorsa-2.png","width":374,"height":117,"caption":"Pugliamare srl"},"image":{"@id":"https:\/\/pugliamare.it\/en\/#\/schema\/logo\/image\/"},"sameAs":["https:\/\/www.facebook.com\/pugliamarexperience","https:\/\/www.instagram.com\/pugliamare\/"]}]}},"_links":{"self":[{"href":"https:\/\/pugliamare.it\/es\/wp-json\/wp\/v2\/product\/20662"}],"collection":[{"href":"https:\/\/pugliamare.it\/es\/wp-json\/wp\/v2\/product"}],"about":[{"href":"https:\/\/pugliamare.it\/es\/wp-json\/wp\/v2\/types\/product"}],"version-history":[{"count":10,"href":"https:\/\/pugliamare.it\/es\/wp-json\/wp\/v2\/product\/20662\/revisions"}],"predecessor-version":[{"id":34012,"href":"https:\/\/pugliamare.it\/es\/wp-json\/wp\/v2\/product\/20662\/revisions\/34012"}],"wp:featuredmedia":[{"embeddable":true,"href":"https:\/\/pugliamare.it\/es\/wp-json\/wp\/v2\/media\/8723"}],"wp:attachment":[{"href":"https:\/\/pugliamare.it\/es\/wp-json\/wp\/v2\/media?parent=20662"}],"wp:term":[{"taxonomy":"product_cat","embeddable":true,"href":"https:\/\/pugliamare.it\/es\/wp-json\/wp\/v2\/product_cat?post=20662"},{"taxonomy":"product_tag","embeddable":true,"href":"https:\/\/pugliamare.it\/es\/wp-json\/wp\/v2\/product_tag?post=20662"}],"curies":[{"name":"wp","href":"https:\/\/api.w.org\/{rel}","templated":true}]}}