{"id":20663,"date":"2024-03-24T18:51:49","date_gmt":"2024-03-24T17:51:49","guid":{"rendered":"https:\/\/staging.pugliamare.it\/esperienze\/bike-tour-della-costa-di-polignano\/"},"modified":"2025-12-20T14:54:24","modified_gmt":"2025-12-20T13:54:24","slug":"tour-in-bici-della-costa-di-polignano-a-mare","status":"publish","type":"product","link":"https:\/\/pugliamare.it\/es\/esperienze\/tour-in-bici-della-costa-di-polignano-a-mare\/","title":{"rendered":"Tour en Bicicleta por la Costa de Polignano a Mare \u2013 Explora el Mar Adri\u00e1tico sobre Dos Ruedas"},"content":{"rendered":"<h1><strong>Tour en Bicicleta por la Costa de Polignano a Mare<\/strong><\/h1>\n<p data-start=\"161\" data-end=\"390\" class=\" translation-block\">Nuestro <strong data-start=\"171\" data-end=\"219\">Tour en Bicicleta por la Costa de <a href=\"https:\/\/pugliamare.it\/destinazioni\/polignano-a-mare\/\" target=\"_self\">Polignano a Mare<\/a><\/strong> comienza en la pintoresca <strong data-start=\"248\" data-end=\"266\">Cala Port\u2019alga<\/strong>, un rinc\u00f3n natural paradis\u00edaco donde ser\u00e1s recibido y preparado para pedalear por el famoso paseo mar\u00edtimo Domenico Modugno.<\/p>\n<p data-start=\"392\" data-end=\"606\"><strong data-start=\"392\" data-end=\"413\">1. Cala Port\u2019alga<\/strong><br data-start=\"413\" data-end=\"416\" \/>Punto de partida del tour, Cala Port\u2019alga te recibe con su belleza virgen y la tranquilidad del mar cristalino. Aqu\u00ed recibir\u00e1s una breve introducci\u00f3n y preparar\u00e1s tu bicicleta.<\/p>\n<p data-start=\"608\" data-end=\"893\"><strong data-start=\"608\" data-end=\"641\">2. Paseo Mar\u00edtimo Domenico Modugno<\/strong><br data-start=\"641\" data-end=\"644\" \/>Pedaleando por el paseo mar\u00edtimo, podr\u00e1s admirar los imponentes acantilados que caen al mar Adri\u00e1tico y dejarte llevar por el ambiente \u00fanico de esta costa. La brisa marina y los paisajes impresionantes har\u00e1n que el recorrido sea agradable e inolvidable.<\/p>\n<p data-start=\"895\" data-end=\"1125\"><strong data-start=\"895\" data-end=\"919\">3. Paradas Panor\u00e1micas<\/strong><br data-start=\"919\" data-end=\"922\" \/>Durante el recorrido se prev\u00e9n varias paradas en puntos panor\u00e1micos seleccionados, perfectos para tomar fotos sugerentes y disfrutar de la espectacular vista de la costa de Apulia y sus calas escondidas.<\/p>\n<p data-start=\"1127\" data-end=\"1381\"><strong data-start=\"1127\" data-end=\"1153\">4. Abad\u00eda de San Vito<\/strong><br data-start=\"1153\" data-end=\"1156\" \/>La etapa final es en la Abad\u00eda de San Vito, un lugar de gran importancia hist\u00f3rica y espiritual. Aqu\u00ed podr\u00e1s relajarte, admirar su imponente arquitectura y reflexionar sobre la experiencia vivida en un ambiente de paz y serenidad.<\/p>\n<h3 data-start=\"1717\" data-end=\"1742\"><strong data-start=\"1717\" data-end=\"1742\">\u2139\ufe0f Informaci\u00f3n \u00datil<\/strong><\/h3>\n<ul data-start=\"1744\" data-end=\"1988\">\n<li data-start=\"1744\" data-end=\"1765\">\n<p data-start=\"1746\" data-end=\"1765\" class=\" translation-block\"><strong>Duraci\u00f3n:<\/strong> unas 3 horas<\/p>\n<\/li>\n<li data-start=\"1766\" data-end=\"1810\">\n<p data-start=\"1768\" data-end=\"1810\" class=\" translation-block\"><strong>Salida:<\/strong> Cala Port\u2019alga, Polignano a Mare<\/p>\n<\/li>\n<li data-start=\"1811\" data-end=\"1856\">\n<p data-start=\"1813\" data-end=\"1856\" class=\" translation-block\"><strong>Horario:<\/strong> martes, jueves y s\u00e1bado a las 10:30 h<\/p>\n<\/li>\n<li data-start=\"1857\" data-end=\"1889\">\n<p data-start=\"1859\" data-end=\"1889\" class=\" translation-block\"><strong>N\u00famero m\u00ednimo de participantes:<\/strong> 2 personas<\/p>\n<\/li>\n<li data-start=\"1890\" data-end=\"1937\">\n<p data-start=\"1892\" data-end=\"1937\" class=\" translation-block\"><strong data-start=\"2154\" data-end=\"2180\">Cancelaci\u00f3n gratuita<\/strong> hasta 14 d\u00edas antes<\/p>\n<\/li>\n<li data-start=\"1938\" data-end=\"1988\">\n<p data-start=\"1940\" data-end=\"1988\" class=\" translation-block\"><strong>Equipo incluido:<\/strong> bicicleta, casco, gu\u00eda experto<\/p>\n<\/li>\n<\/ul>\n<h3 data-start=\"1995\" data-end=\"2022\"><strong data-start=\"1995\" data-end=\"2022\">\ud83c\udf1f Experiencias relacionadas<\/strong><\/h3>\n<p data-start=\"2024\" data-end=\"2275\" class=\" translation-block\">Elige tu experiencia: aqu\u00ed tienes otros tours \u00fanicos en Apulia. Prueba el <a href=\"https:\/\/pugliamare.it\/esperienze\/e-bike-tour-tra-i-trulli\/\" target=\"_self\">tour en e-bike entre los trulli del Valle de Itria<\/a> o el <a href=\"https:\/\/pugliamare.it\/esperienze\/polignano-e-conversano-in-bicicletta-con-degustazione\/\" target=\"_self\">tour en bicicleta de Polignano a Mare a Conversano<\/a> con degustaci\u00f3n de street food. \u00a1Vive Apulia de forma aut\u00e9ntica e inolvidable!<\/p>\n<h3 data-start=\"2282\" data-end=\"2353\"><strong data-start=\"2282\" data-end=\"2353\">Reserva ahora tu tour en bicicleta por la costa de Polignano a Mare<\/strong><\/h3>\n<p data-start=\"2355\" data-end=\"2559\" class=\" translation-block\">No pierdas la oportunidad de explorar la costa de Apulia en bicicleta, combinando deporte, naturaleza y cultura en un solo d\u00eda. <a href=\"https:\/\/api.whatsapp.com\/send?phone=393668959532\" target=\"_self\">Cont\u00e1ctanos<\/a> para m\u00e1s detalles y asegura tu plaza en este tour exclusivo.<\/p>","protected":false},"excerpt":{"rendered":"<p>Vive una experiencia \u00fanica con nuestro tour en bicicleta por la costa de Polignano a Mare, un recorrido impresionante que te llevar\u00e1 a descubrir los espectaculares acantilados y las aguas cristalinas del mar Adri\u00e1tico. Pedalea por el paseo mar\u00edtimo Domenico Modugno, sumergi\u00e9ndote en la naturaleza y la historia de este encantador rinc\u00f3n de Apulia, con paradas panor\u00e1micas para fotos inolvidables.<\/p>","protected":false},"featured_media":21292,"template":"","meta":{"_acf_changed":false,"inline_featured_image":false},"product_cat":[292,365],"product_tag":[290],"acf":[],"yoast_head":"<!-- This site is optimized with the Yoast SEO Premium plugin v22.8 (Yoast SEO v22.8) - https:\/\/yoast.com\/wordpress\/plugins\/seo\/ -->\n<title>Tour in bici della costa di Polignano a Mare | Pugliamare<\/title>\n<meta name=\"description\" content=\"Partecipa al tour in bici della costa di Polignano a Mare e pedala tra scogliere spettacolari e acque cristalline. Soste panoramiche ti aspettano!\" \/>\n<meta name=\"robots\" content=\"index, follow, max-snippet:-1, max-image-preview:large, max-video-preview:-1\" \/>\n<link rel=\"canonical\" href=\"https:\/\/pugliamare.it\/es\/esperienze\/tour-in-bici-della-costa-di-polignano-a-mare\/\" \/>\n<meta property=\"og:locale\" content=\"es_ES\" \/>\n<meta property=\"og:type\" content=\"article\" \/>\n<meta property=\"og:title\" content=\"Tour in bici della costa di Polignano a Mare \u2013 Esplora il Mar Adriatico su due ruote\" \/>\n<meta property=\"og:description\" content=\"Partecipa al tour in bici della costa di Polignano a Mare e pedala tra scogliere spettacolari e acque cristalline. Soste panoramiche ti aspettano!\" \/>\n<meta property=\"og:url\" content=\"https:\/\/pugliamare.it\/es\/esperienze\/tour-in-bici-della-costa-di-polignano-a-mare\/\" \/>\n<meta property=\"og:site_name\" content=\"Pugliamare\" \/>\n<meta property=\"article:publisher\" content=\"https:\/\/www.facebook.com\/pugliamarexperience\" \/>\n<meta property=\"article:modified_time\" content=\"2025-12-20T13:54:24+00:00\" \/>\n<meta property=\"og:image\" content=\"https:\/\/pugliamare.it\/wp-content\/uploads\/2024\/03\/bike-poli.jpeg\" \/>\n\t<meta property=\"og:image:width\" content=\"480\" \/>\n\t<meta property=\"og:image:height\" content=\"640\" \/>\n\t<meta property=\"og:image:type\" content=\"image\/jpeg\" \/>\n<meta name=\"twitter:card\" content=\"summary_large_image\" \/>\n<script type=\"application\/ld+json\" class=\"yoast-schema-graph\">{\"@context\":\"https:\/\/schema.org\",\"@graph\":[{\"@type\":\"WebPage\",\"@id\":\"https:\/\/pugliamare.it\/esperienze\/tour-in-bici-della-costa-di-polignano-a-mare\/\",\"url\":\"https:\/\/pugliamare.it\/esperienze\/tour-in-bici-della-costa-di-polignano-a-mare\/\",\"name\":\"Tour in bici della costa di Polignano a Mare | Pugliamare\",\"isPartOf\":{\"@id\":\"https:\/\/pugliamare.it\/en\/#website\"},\"primaryImageOfPage\":{\"@id\":\"https:\/\/pugliamare.it\/esperienze\/tour-in-bici-della-costa-di-polignano-a-mare\/#primaryimage\"},\"image\":{\"@id\":\"https:\/\/pugliamare.it\/esperienze\/tour-in-bici-della-costa-di-polignano-a-mare\/#primaryimage\"},\"thumbnailUrl\":\"https:\/\/pugliamare.it\/wp-content\/uploads\/2024\/03\/bike-poli.jpeg\",\"datePublished\":\"2024-03-24T17:51:49+00:00\",\"dateModified\":\"2025-12-20T13:54:24+00:00\",\"description\":\"Partecipa al tour in bici della costa di Polignano a Mare e pedala tra scogliere spettacolari e acque cristalline. Soste panoramiche ti aspettano!\",\"breadcrumb\":{\"@id\":\"https:\/\/pugliamare.it\/esperienze\/tour-in-bici-della-costa-di-polignano-a-mare\/#breadcrumb\"},\"inLanguage\":\"es\",\"potentialAction\":[{\"@type\":\"ReadAction\",\"target\":[\"https:\/\/pugliamare.it\/esperienze\/tour-in-bici-della-costa-di-polignano-a-mare\/\"]}]},{\"@type\":\"ImageObject\",\"inLanguage\":\"es\",\"@id\":\"https:\/\/pugliamare.it\/esperienze\/tour-in-bici-della-costa-di-polignano-a-mare\/#primaryimage\",\"url\":\"https:\/\/pugliamare.it\/wp-content\/uploads\/2024\/03\/bike-poli.jpeg\",\"contentUrl\":\"https:\/\/pugliamare.it\/wp-content\/uploads\/2024\/03\/bike-poli.jpeg\",\"width\":480,\"height\":640,\"caption\":\"Tour in bici in visita a Lama Monachile sulla costa di Polignano\"},{\"@type\":\"BreadcrumbList\",\"@id\":\"https:\/\/pugliamare.it\/esperienze\/tour-in-bici-della-costa-di-polignano-a-mare\/#breadcrumb\",\"itemListElement\":[{\"@type\":\"ListItem\",\"position\":1,\"name\":\"Home\",\"item\":\"https:\/\/pugliamare.it\/\"},{\"@type\":\"ListItem\",\"position\":2,\"name\":\"Tour in bici della costa di Polignano a Mare \u2013 Esplora il Mar Adriatico su due ruote\"}]},{\"@type\":\"WebSite\",\"@id\":\"https:\/\/pugliamare.it\/en\/#website\",\"url\":\"https:\/\/pugliamare.it\/en\/\",\"name\":\"Pugliamare\",\"description\":\"Esperienze, Soggiorni e Tour personalizzati in Puglia\",\"publisher\":{\"@id\":\"https:\/\/pugliamare.it\/en\/#organization\"},\"potentialAction\":[{\"@type\":\"SearchAction\",\"target\":{\"@type\":\"EntryPoint\",\"urlTemplate\":\"https:\/\/pugliamare.it\/en\/?s={search_term_string}\"},\"query-input\":\"required name=search_term_string\"}],\"inLanguage\":\"es\"},{\"@type\":\"Organization\",\"@id\":\"https:\/\/pugliamare.it\/en\/#organization\",\"name\":\"Pugliamare srl\",\"url\":\"https:\/\/pugliamare.it\/en\/\",\"logo\":{\"@type\":\"ImageObject\",\"inLanguage\":\"es\",\"@id\":\"https:\/\/pugliamare.it\/en\/#\/schema\/logo\/image\/\",\"url\":\"https:\/\/pugliamare.it\/wp-content\/uploads\/2021\/04\/cropped-cropped-Risorsa-2.png\",\"contentUrl\":\"https:\/\/pugliamare.it\/wp-content\/uploads\/2021\/04\/cropped-cropped-Risorsa-2.png\",\"width\":374,\"height\":117,\"caption\":\"Pugliamare srl\"},\"image\":{\"@id\":\"https:\/\/pugliamare.it\/en\/#\/schema\/logo\/image\/\"},\"sameAs\":[\"https:\/\/www.facebook.com\/pugliamarexperience\",\"https:\/\/www.instagram.com\/pugliamare\/\"]}]}<\/script>\n<!-- \/ Yoast SEO Premium plugin. -->","yoast_head_json":{"title":"Tour in bici della costa di Polignano a Mare | Pugliamare","description":"Partecipa al tour in bici della costa di Polignano a Mare e pedala tra scogliere spettacolari e acque cristalline. Soste panoramiche ti aspettano!","robots":{"index":"index","follow":"follow","max-snippet":"max-snippet:-1","max-image-preview":"max-image-preview:large","max-video-preview":"max-video-preview:-1"},"canonical":"https:\/\/pugliamare.it\/es\/esperienze\/tour-in-bici-della-costa-di-polignano-a-mare\/","og_locale":"es_ES","og_type":"article","og_title":"Tour in bici della costa di Polignano a Mare \u2013 Esplora il Mar Adriatico su due ruote","og_description":"Partecipa al tour in bici della costa di Polignano a Mare e pedala tra scogliere spettacolari e acque cristalline. Soste panoramiche ti aspettano!","og_url":"https:\/\/pugliamare.it\/es\/esperienze\/tour-in-bici-della-costa-di-polignano-a-mare\/","og_site_name":"Pugliamare","article_publisher":"https:\/\/www.facebook.com\/pugliamarexperience","article_modified_time":"2025-12-20T13:54:24+00:00","og_image":[{"width":480,"height":640,"url":"https:\/\/pugliamare.it\/wp-content\/uploads\/2024\/03\/bike-poli.jpeg","type":"image\/jpeg"}],"twitter_card":"summary_large_image","schema":{"@context":"https:\/\/schema.org","@graph":[{"@type":"WebPage","@id":"https:\/\/pugliamare.it\/esperienze\/tour-in-bici-della-costa-di-polignano-a-mare\/","url":"https:\/\/pugliamare.it\/esperienze\/tour-in-bici-della-costa-di-polignano-a-mare\/","name":"Tour in bici della costa di Polignano a Mare | Pugliamare","isPartOf":{"@id":"https:\/\/pugliamare.it\/en\/#website"},"primaryImageOfPage":{"@id":"https:\/\/pugliamare.it\/esperienze\/tour-in-bici-della-costa-di-polignano-a-mare\/#primaryimage"},"image":{"@id":"https:\/\/pugliamare.it\/esperienze\/tour-in-bici-della-costa-di-polignano-a-mare\/#primaryimage"},"thumbnailUrl":"https:\/\/pugliamare.it\/wp-content\/uploads\/2024\/03\/bike-poli.jpeg","datePublished":"2024-03-24T17:51:49+00:00","dateModified":"2025-12-20T13:54:24+00:00","description":"Partecipa al tour in bici della costa di Polignano a Mare e pedala tra scogliere spettacolari e acque cristalline. Soste panoramiche ti aspettano!","breadcrumb":{"@id":"https:\/\/pugliamare.it\/esperienze\/tour-in-bici-della-costa-di-polignano-a-mare\/#breadcrumb"},"inLanguage":"es","potentialAction":[{"@type":"ReadAction","target":["https:\/\/pugliamare.it\/esperienze\/tour-in-bici-della-costa-di-polignano-a-mare\/"]}]},{"@type":"ImageObject","inLanguage":"es","@id":"https:\/\/pugliamare.it\/esperienze\/tour-in-bici-della-costa-di-polignano-a-mare\/#primaryimage","url":"https:\/\/pugliamare.it\/wp-content\/uploads\/2024\/03\/bike-poli.jpeg","contentUrl":"https:\/\/pugliamare.it\/wp-content\/uploads\/2024\/03\/bike-poli.jpeg","width":480,"height":640,"caption":"Tour in bici in visita a Lama Monachile sulla costa di Polignano"},{"@type":"BreadcrumbList","@id":"https:\/\/pugliamare.it\/esperienze\/tour-in-bici-della-costa-di-polignano-a-mare\/#breadcrumb","itemListElement":[{"@type":"ListItem","position":1,"name":"Home","item":"https:\/\/pugliamare.it\/"},{"@type":"ListItem","position":2,"name":"Tour in bici della costa di Polignano a Mare \u2013 Esplora il Mar Adriatico su due ruote"}]},{"@type":"WebSite","@id":"https:\/\/pugliamare.it\/en\/#website","url":"https:\/\/pugliamare.it\/en\/","name":"Pugliamare","description":"Esperienze, Soggiorni e Tour personalizzati in Puglia","publisher":{"@id":"https:\/\/pugliamare.it\/en\/#organization"},"potentialAction":[{"@type":"SearchAction","target":{"@type":"EntryPoint","urlTemplate":"https:\/\/pugliamare.it\/en\/?s={search_term_string}"},"query-input":"required name=search_term_string"}],"inLanguage":"es"},{"@type":"Organization","@id":"https:\/\/pugliamare.it\/en\/#organization","name":"Pugliamare srl","url":"https:\/\/pugliamare.it\/en\/","logo":{"@type":"ImageObject","inLanguage":"es","@id":"https:\/\/pugliamare.it\/en\/#\/schema\/logo\/image\/","url":"https:\/\/pugliamare.it\/wp-content\/uploads\/2021\/04\/cropped-cropped-Risorsa-2.png","contentUrl":"https:\/\/pugliamare.it\/wp-content\/uploads\/2021\/04\/cropped-cropped-Risorsa-2.png","width":374,"height":117,"caption":"Pugliamare srl"},"image":{"@id":"https:\/\/pugliamare.it\/en\/#\/schema\/logo\/image\/"},"sameAs":["https:\/\/www.facebook.com\/pugliamarexperience","https:\/\/www.instagram.com\/pugliamare\/"]}]}},"_links":{"self":[{"href":"https:\/\/pugliamare.it\/es\/wp-json\/wp\/v2\/product\/20663"}],"collection":[{"href":"https:\/\/pugliamare.it\/es\/wp-json\/wp\/v2\/product"}],"about":[{"href":"https:\/\/pugliamare.it\/es\/wp-json\/wp\/v2\/types\/product"}],"version-history":[{"count":12,"href":"https:\/\/pugliamare.it\/es\/wp-json\/wp\/v2\/product\/20663\/revisions"}],"predecessor-version":[{"id":34010,"href":"https:\/\/pugliamare.it\/es\/wp-json\/wp\/v2\/product\/20663\/revisions\/34010"}],"wp:featuredmedia":[{"embeddable":true,"href":"https:\/\/pugliamare.it\/es\/wp-json\/wp\/v2\/media\/21292"}],"wp:attachment":[{"href":"https:\/\/pugliamare.it\/es\/wp-json\/wp\/v2\/media?parent=20663"}],"wp:term":[{"taxonomy":"product_cat","embeddable":true,"href":"https:\/\/pugliamare.it\/es\/wp-json\/wp\/v2\/product_cat?post=20663"},{"taxonomy":"product_tag","embeddable":true,"href":"https:\/\/pugliamare.it\/es\/wp-json\/wp\/v2\/product_tag?post=20663"}],"curies":[{"name":"wp","href":"https:\/\/api.w.org\/{rel}","templated":true}]}}