{"id":21823,"date":"2024-04-13T15:06:52","date_gmt":"2024-04-13T13:06:52","guid":{"rendered":"https:\/\/pugliamare.it\/?post_type=product&#038;p=21823"},"modified":"2025-12-20T14:43:25","modified_gmt":"2025-12-20T13:43:25","slug":"e-bike-tour-tra-i-trulli","status":"publish","type":"product","link":"https:\/\/pugliamare.it\/es\/esperienze\/e-bike-tour-tra-i-trulli\/","title":{"rendered":"Tour en E-bike entre los Trulli del Valle de Itria \u2013 Degustaci\u00f3n de Productos T\u00edpicos"},"content":{"rendered":"<h1 data-start=\"642\" data-end=\"719\"><strong data-start=\"645\" data-end=\"717\">Tour en E-bike entre los Trulli: Explora el Valle de Itria de Forma Aut\u00e9ntica<\/strong><\/h1>\n<p data-start=\"721\" data-end=\"936\" class=\" translation-block\">\u00danete a nosotros en un emocionante <strong data-start=\"755\" data-end=\"783\">tour en e-bike entre los trulli<\/strong> por el hermoso <a href=\"https:\/\/pugliamare.it\/destinazioni\/valle-itria\/\" target=\"_self\">Valle de Itria<\/a>. Este itinerario te har\u00e1 vivir la Apulia m\u00e1s aut\u00e9ntica, entre pueblos antiguos, naturaleza exuberante y sabores inolvidables.<\/p>\n<p data-start=\"938\" data-end=\"1223\" class=\" translation-block\">\ud83d\udeb4\u200d\u2642\ufe0f <strong data-start=\"944\" data-end=\"995\">Salida desde Alberobello: La Capital de los Trulli<\/strong><br data-start=\"995\" data-end=\"998\">\nEl tour comienza en el pintoresco pueblo de Alberobello, Patrimonio de la Humanidad por la UNESCO, donde admirar\u00e1s las famosas construcciones c\u00f3nicas que representan un s\u00edmbolo \u00fanico de la regi\u00f3n. Sum\u00e9rgete en la atm\u00f3sfera hist\u00f3rica y m\u00e1gica del lugar.<\/p>\n<p data-start=\"1225\" data-end=\"1552\" class=\" translation-block\">\ud83d\udeb4\u200d\u2640\ufe0f <strong data-start=\"1231\" data-end=\"1289\">Hacia Locorotondo: El Pueblo Blanco del Valle de Itria<\/strong><br data-start=\"1289\" data-end=\"1292\">\nDesde Alberobello, pedalearemos hacia Locorotondo, uno de los pueblos m\u00e1s bonitos de Italia, famoso por sus casas blancas y su encantador centro hist\u00f3rico. El recorrido atraviesa campos de olivos, muros de piedra seca y antiguas maser\u00edas, regalando vistas panor\u00e1micas espectaculares.<\/p>\n<p data-start=\"1554\" data-end=\"1944\" class=\" translation-block\">\ud83c\udf7d\ufe0f <strong data-start=\"1558\" data-end=\"1602\">Degustaci\u00f3n de productos t\u00edpicos de Apulia<\/strong><br data-start=\"1602\" data-end=\"1605\">\nDurante el tour, haremos una pausa en una tienda de productos locales para saborear friselle, mozzarella fresca y embutidos t\u00edpicos que realzan los sabores aut\u00e9nticos de la tradici\u00f3n culinaria de Apulia. Antes de regresar, una parada dulce en una pasteler\u00eda tradicional te permitir\u00e1 disfrutar de las especialidades de Maria, un toque final de dulzura apuliana.<\/p>\n<p data-start=\"1554\" data-end=\"1944\">La e-bike hace que el recorrido sea accesible para personas de todas las edades y niveles de condici\u00f3n f\u00edsica, garantizando una aventura relajante y divertida.<\/p>\n<h3 data-start=\"2121\" data-end=\"2136\"><strong data-start=\"2121\" data-end=\"2134\">Detalles:<\/strong><\/h3>\n<ul data-start=\"2137\" data-end=\"2364\">\n<li data-start=\"2137\" data-end=\"2160\">\n<p data-start=\"2139\" data-end=\"2160\" class=\" translation-block\"><strong>Duraci\u00f3n:<\/strong> unas 4 horas<\/p>\n<\/li>\n<li data-start=\"2161\" data-end=\"2223\">\n<p data-start=\"2163\" data-end=\"2223\" class=\" translation-block\"><strong>Idiomas disponibles:<\/strong> italiano, ingl\u00e9s (otros bajo petici\u00f3n)<\/p>\n<\/li>\n<li data-start=\"2224\" data-end=\"2257\">\n<p data-start=\"2226\" data-end=\"2257\"><strong>N\u00famero m\u00ednimo de participantes:<\/strong> 2<\/p>\n<\/li>\n<li data-start=\"2258\" data-end=\"2364\">\n<p data-start=\"2260\" data-end=\"2364\" class=\" translation-block\"><strong>Pol\u00edtica de cancelaci\u00f3n:<\/strong> cancelaci\u00f3n gratuita hasta 14 d\u00edas antes; despu\u00e9s, la tarifa no es reembolsable<\/p>\n<\/li>\n<\/ul>\n<h3 data-start=\"2371\" data-end=\"2613\">\u2728 <strong data-start=\"2373\" data-end=\"2418\">Descubre m\u00e1s experiencias \u00fanicas en Apulia!<\/strong><\/h3>\n<p data-start=\"2371\" data-end=\"2613\" class=\" translation-block\">Enriquece tu viaje con un <a href=\"https:\/\/pugliamare.it\/tipologia\/cruises\/\" target=\"_self\">tour en barco<\/a> por la costa. Vive Apulia en todos sus aspectos m\u00e1s aut\u00e9nticos y envolventes.<\/p>\n<h3 data-start=\"2620\" data-end=\"2853\"><strong>Reserva ahora tu tour en e-bike <\/strong><\/h3>\n<p data-start=\"2620\" data-end=\"2853\" class=\" translation-block\">\u00a1Sum\u00e9rgete en la verdadera esencia de Apulia! Para preguntas o informaci\u00f3n, <a href=\"https:\/\/api.whatsapp.com\/send?phone=393668959532\" target=\"_self\">cont\u00e1ctanos<\/a>: nuestro equipo est\u00e1 listo para ayudarte a elegir la experiencia perfecta para ti.<\/p>","protected":false},"excerpt":{"rendered":"<p class=\" translation-block\">Descubre la magia del <strong>Valle de Itria<\/strong> con un fascinante tour en e-bike entre los trulli de Alberobello y Locorotondo. Vive una experiencia aut\u00e9ntica en Apulia, pedaleando entre paisajes impresionantes y degustando productos t\u00edpicos locales. Un recorrido \u00fanico que une naturaleza, cultura y sabores genuinos, lejos de los circuitos tur\u00edsticos habituales.<\/p>","protected":false},"featured_media":21827,"template":"","meta":{"_acf_changed":false,"inline_featured_image":false},"product_cat":[292,293,365],"product_tag":[290],"acf":[],"yoast_head":"<!-- This site is optimized with the Yoast SEO Premium plugin v22.8 (Yoast SEO v22.8) - https:\/\/yoast.com\/wordpress\/plugins\/seo\/ -->\n<title>E-bike Tour tra i Trulli della Valle d\u2019Itria con Degustazione | Pugliamare<\/title>\n<meta name=\"description\" content=\"Scopri la Valle d\u2019Itria con un e-bike tour tra i trulli, degustando prodotti tipici pugliesi. Un\u2019esperienza autentica di natura, cultura e sapori.\" \/>\n<meta name=\"robots\" content=\"index, follow, max-snippet:-1, max-image-preview:large, max-video-preview:-1\" \/>\n<link rel=\"canonical\" href=\"https:\/\/pugliamare.it\/es\/esperienze\/e-bike-tour-tra-i-trulli\/\" \/>\n<meta property=\"og:locale\" content=\"es_ES\" \/>\n<meta property=\"og:type\" content=\"article\" \/>\n<meta property=\"og:title\" content=\"E-bike Tour tra i Trulli della Valle d\u2019Itria - Degustazione di Prodotti Tipici\" \/>\n<meta property=\"og:description\" content=\"Scopri la Valle d\u2019Itria con un e-bike tour tra i trulli, degustando prodotti tipici pugliesi. Un\u2019esperienza autentica di natura, cultura e sapori.\" \/>\n<meta property=\"og:url\" content=\"https:\/\/pugliamare.it\/es\/esperienze\/e-bike-tour-tra-i-trulli\/\" \/>\n<meta property=\"og:site_name\" content=\"Pugliamare\" \/>\n<meta property=\"article:publisher\" content=\"https:\/\/www.facebook.com\/pugliamarexperience\" \/>\n<meta property=\"article:modified_time\" content=\"2025-12-20T13:43:25+00:00\" \/>\n<meta property=\"og:image\" content=\"https:\/\/pugliamare.it\/wp-content\/uploads\/2024\/04\/AdobeStock_540390065-scaled.jpeg\" \/>\n\t<meta property=\"og:image:width\" content=\"2560\" \/>\n\t<meta property=\"og:image:height\" content=\"1920\" \/>\n\t<meta property=\"og:image:type\" content=\"image\/jpeg\" \/>\n<meta name=\"twitter:card\" content=\"summary_large_image\" \/>\n<script type=\"application\/ld+json\" class=\"yoast-schema-graph\">{\"@context\":\"https:\/\/schema.org\",\"@graph\":[{\"@type\":\"WebPage\",\"@id\":\"https:\/\/pugliamare.it\/esperienze\/e-bike-tour-tra-i-trulli\/\",\"url\":\"https:\/\/pugliamare.it\/esperienze\/e-bike-tour-tra-i-trulli\/\",\"name\":\"E-bike Tour tra i Trulli della Valle d\u2019Itria con Degustazione | Pugliamare\",\"isPartOf\":{\"@id\":\"https:\/\/pugliamare.it\/en\/#website\"},\"primaryImageOfPage\":{\"@id\":\"https:\/\/pugliamare.it\/esperienze\/e-bike-tour-tra-i-trulli\/#primaryimage\"},\"image\":{\"@id\":\"https:\/\/pugliamare.it\/esperienze\/e-bike-tour-tra-i-trulli\/#primaryimage\"},\"thumbnailUrl\":\"https:\/\/pugliamare.it\/wp-content\/uploads\/2024\/04\/AdobeStock_540390065-scaled.jpeg\",\"datePublished\":\"2024-04-13T13:06:52+00:00\",\"dateModified\":\"2025-12-20T13:43:25+00:00\",\"description\":\"Scopri la Valle d\u2019Itria con un e-bike tour tra i trulli, degustando prodotti tipici pugliesi. Un\u2019esperienza autentica di natura, cultura e sapori.\",\"breadcrumb\":{\"@id\":\"https:\/\/pugliamare.it\/esperienze\/e-bike-tour-tra-i-trulli\/#breadcrumb\"},\"inLanguage\":\"es\",\"potentialAction\":[{\"@type\":\"ReadAction\",\"target\":[\"https:\/\/pugliamare.it\/esperienze\/e-bike-tour-tra-i-trulli\/\"]}]},{\"@type\":\"ImageObject\",\"inLanguage\":\"es\",\"@id\":\"https:\/\/pugliamare.it\/esperienze\/e-bike-tour-tra-i-trulli\/#primaryimage\",\"url\":\"https:\/\/pugliamare.it\/wp-content\/uploads\/2024\/04\/AdobeStock_540390065-scaled.jpeg\",\"contentUrl\":\"https:\/\/pugliamare.it\/wp-content\/uploads\/2024\/04\/AdobeStock_540390065-scaled.jpeg\",\"width\":2560,\"height\":1920,\"caption\":\"Turista in bici nelle campagne Pugliesi durante il Tour\"},{\"@type\":\"BreadcrumbList\",\"@id\":\"https:\/\/pugliamare.it\/esperienze\/e-bike-tour-tra-i-trulli\/#breadcrumb\",\"itemListElement\":[{\"@type\":\"ListItem\",\"position\":1,\"name\":\"Home\",\"item\":\"https:\/\/pugliamare.it\/\"},{\"@type\":\"ListItem\",\"position\":2,\"name\":\"E-bike Tour tra i Trulli della Valle d\u2019Itria &#8211; Degustazione di Prodotti Tipici\"}]},{\"@type\":\"WebSite\",\"@id\":\"https:\/\/pugliamare.it\/en\/#website\",\"url\":\"https:\/\/pugliamare.it\/en\/\",\"name\":\"Pugliamare\",\"description\":\"Esperienze, Soggiorni e Tour personalizzati in Puglia\",\"publisher\":{\"@id\":\"https:\/\/pugliamare.it\/en\/#organization\"},\"potentialAction\":[{\"@type\":\"SearchAction\",\"target\":{\"@type\":\"EntryPoint\",\"urlTemplate\":\"https:\/\/pugliamare.it\/en\/?s={search_term_string}\"},\"query-input\":\"required name=search_term_string\"}],\"inLanguage\":\"es\"},{\"@type\":\"Organization\",\"@id\":\"https:\/\/pugliamare.it\/en\/#organization\",\"name\":\"Pugliamare srl\",\"url\":\"https:\/\/pugliamare.it\/en\/\",\"logo\":{\"@type\":\"ImageObject\",\"inLanguage\":\"es\",\"@id\":\"https:\/\/pugliamare.it\/en\/#\/schema\/logo\/image\/\",\"url\":\"https:\/\/pugliamare.it\/wp-content\/uploads\/2021\/04\/cropped-cropped-Risorsa-2.png\",\"contentUrl\":\"https:\/\/pugliamare.it\/wp-content\/uploads\/2021\/04\/cropped-cropped-Risorsa-2.png\",\"width\":374,\"height\":117,\"caption\":\"Pugliamare srl\"},\"image\":{\"@id\":\"https:\/\/pugliamare.it\/en\/#\/schema\/logo\/image\/\"},\"sameAs\":[\"https:\/\/www.facebook.com\/pugliamarexperience\",\"https:\/\/www.instagram.com\/pugliamare\/\"]}]}<\/script>\n<!-- \/ Yoast SEO Premium plugin. -->","yoast_head_json":{"title":"E-bike Tour tra i Trulli della Valle d\u2019Itria con Degustazione | Pugliamare","description":"Scopri la Valle d\u2019Itria con un e-bike tour tra i trulli, degustando prodotti tipici pugliesi. Un\u2019esperienza autentica di natura, cultura e sapori.","robots":{"index":"index","follow":"follow","max-snippet":"max-snippet:-1","max-image-preview":"max-image-preview:large","max-video-preview":"max-video-preview:-1"},"canonical":"https:\/\/pugliamare.it\/es\/esperienze\/e-bike-tour-tra-i-trulli\/","og_locale":"es_ES","og_type":"article","og_title":"E-bike Tour tra i Trulli della Valle d\u2019Itria - Degustazione di Prodotti Tipici","og_description":"Scopri la Valle d\u2019Itria con un e-bike tour tra i trulli, degustando prodotti tipici pugliesi. Un\u2019esperienza autentica di natura, cultura e sapori.","og_url":"https:\/\/pugliamare.it\/es\/esperienze\/e-bike-tour-tra-i-trulli\/","og_site_name":"Pugliamare","article_publisher":"https:\/\/www.facebook.com\/pugliamarexperience","article_modified_time":"2025-12-20T13:43:25+00:00","og_image":[{"width":2560,"height":1920,"url":"https:\/\/pugliamare.it\/wp-content\/uploads\/2024\/04\/AdobeStock_540390065-scaled.jpeg","type":"image\/jpeg"}],"twitter_card":"summary_large_image","schema":{"@context":"https:\/\/schema.org","@graph":[{"@type":"WebPage","@id":"https:\/\/pugliamare.it\/esperienze\/e-bike-tour-tra-i-trulli\/","url":"https:\/\/pugliamare.it\/esperienze\/e-bike-tour-tra-i-trulli\/","name":"E-bike Tour tra i Trulli della Valle d\u2019Itria con Degustazione | Pugliamare","isPartOf":{"@id":"https:\/\/pugliamare.it\/en\/#website"},"primaryImageOfPage":{"@id":"https:\/\/pugliamare.it\/esperienze\/e-bike-tour-tra-i-trulli\/#primaryimage"},"image":{"@id":"https:\/\/pugliamare.it\/esperienze\/e-bike-tour-tra-i-trulli\/#primaryimage"},"thumbnailUrl":"https:\/\/pugliamare.it\/wp-content\/uploads\/2024\/04\/AdobeStock_540390065-scaled.jpeg","datePublished":"2024-04-13T13:06:52+00:00","dateModified":"2025-12-20T13:43:25+00:00","description":"Scopri la Valle d\u2019Itria con un e-bike tour tra i trulli, degustando prodotti tipici pugliesi. Un\u2019esperienza autentica di natura, cultura e sapori.","breadcrumb":{"@id":"https:\/\/pugliamare.it\/esperienze\/e-bike-tour-tra-i-trulli\/#breadcrumb"},"inLanguage":"es","potentialAction":[{"@type":"ReadAction","target":["https:\/\/pugliamare.it\/esperienze\/e-bike-tour-tra-i-trulli\/"]}]},{"@type":"ImageObject","inLanguage":"es","@id":"https:\/\/pugliamare.it\/esperienze\/e-bike-tour-tra-i-trulli\/#primaryimage","url":"https:\/\/pugliamare.it\/wp-content\/uploads\/2024\/04\/AdobeStock_540390065-scaled.jpeg","contentUrl":"https:\/\/pugliamare.it\/wp-content\/uploads\/2024\/04\/AdobeStock_540390065-scaled.jpeg","width":2560,"height":1920,"caption":"Turista in bici nelle campagne Pugliesi durante il Tour"},{"@type":"BreadcrumbList","@id":"https:\/\/pugliamare.it\/esperienze\/e-bike-tour-tra-i-trulli\/#breadcrumb","itemListElement":[{"@type":"ListItem","position":1,"name":"Home","item":"https:\/\/pugliamare.it\/"},{"@type":"ListItem","position":2,"name":"E-bike Tour tra i Trulli della Valle d\u2019Itria &#8211; Degustazione di Prodotti Tipici"}]},{"@type":"WebSite","@id":"https:\/\/pugliamare.it\/en\/#website","url":"https:\/\/pugliamare.it\/en\/","name":"Pugliamare","description":"Esperienze, Soggiorni e Tour personalizzati in Puglia","publisher":{"@id":"https:\/\/pugliamare.it\/en\/#organization"},"potentialAction":[{"@type":"SearchAction","target":{"@type":"EntryPoint","urlTemplate":"https:\/\/pugliamare.it\/en\/?s={search_term_string}"},"query-input":"required name=search_term_string"}],"inLanguage":"es"},{"@type":"Organization","@id":"https:\/\/pugliamare.it\/en\/#organization","name":"Pugliamare srl","url":"https:\/\/pugliamare.it\/en\/","logo":{"@type":"ImageObject","inLanguage":"es","@id":"https:\/\/pugliamare.it\/en\/#\/schema\/logo\/image\/","url":"https:\/\/pugliamare.it\/wp-content\/uploads\/2021\/04\/cropped-cropped-Risorsa-2.png","contentUrl":"https:\/\/pugliamare.it\/wp-content\/uploads\/2021\/04\/cropped-cropped-Risorsa-2.png","width":374,"height":117,"caption":"Pugliamare srl"},"image":{"@id":"https:\/\/pugliamare.it\/en\/#\/schema\/logo\/image\/"},"sameAs":["https:\/\/www.facebook.com\/pugliamarexperience","https:\/\/www.instagram.com\/pugliamare\/"]}]}},"_links":{"self":[{"href":"https:\/\/pugliamare.it\/es\/wp-json\/wp\/v2\/product\/21823"}],"collection":[{"href":"https:\/\/pugliamare.it\/es\/wp-json\/wp\/v2\/product"}],"about":[{"href":"https:\/\/pugliamare.it\/es\/wp-json\/wp\/v2\/types\/product"}],"version-history":[{"count":11,"href":"https:\/\/pugliamare.it\/es\/wp-json\/wp\/v2\/product\/21823\/revisions"}],"predecessor-version":[{"id":34004,"href":"https:\/\/pugliamare.it\/es\/wp-json\/wp\/v2\/product\/21823\/revisions\/34004"}],"wp:featuredmedia":[{"embeddable":true,"href":"https:\/\/pugliamare.it\/es\/wp-json\/wp\/v2\/media\/21827"}],"wp:attachment":[{"href":"https:\/\/pugliamare.it\/es\/wp-json\/wp\/v2\/media?parent=21823"}],"wp:term":[{"taxonomy":"product_cat","embeddable":true,"href":"https:\/\/pugliamare.it\/es\/wp-json\/wp\/v2\/product_cat?post=21823"},{"taxonomy":"product_tag","embeddable":true,"href":"https:\/\/pugliamare.it\/es\/wp-json\/wp\/v2\/product_tag?post=21823"}],"curies":[{"name":"wp","href":"https:\/\/api.w.org\/{rel}","templated":true}]}}