{"id":21832,"date":"2024-04-13T15:46:15","date_gmt":"2024-04-13T13:46:15","guid":{"rendered":"https:\/\/pugliamare.it\/?post_type=product&#038;p=21832"},"modified":"2025-07-31T11:08:46","modified_gmt":"2025-07-31T09:08:46","slug":"polignano-e-conversano-in-bicicletta-con-degustazione","status":"publish","type":"product","link":"https:\/\/pugliamare.it\/es\/esperienze\/polignano-e-conversano-in-bicicletta-con-degustazione\/","title":{"rendered":"Polignano a Mare e Conversano in bicicletta &#8211; Street Food Tour"},"content":{"rendered":"<h1 data-start=\"156\" data-end=\"254\"><strong>Tour en bicicleta entre Polignano a Mare y Conversano con degustaci\u00f3n de productos t\u00edpicos<\/strong><\/h1>\n<p data-start=\"256\" data-end=\"506\" class=\" translation-block\">Explora la Apulia m\u00e1s aut\u00e9ntica pedaleando entre <a href=\"https:\/\/pugliamare.it\/destinazioni\/polignano-a-mare\/\" target=\"_self\"><strong>Polignano a Mare<\/strong><\/a> y <a href=\"https:\/\/pugliamare.it\/destinazioni\/conversano\/\" target=\"_self\"><strong>Conversano<\/strong><\/a>, dos joyas llenas de historia y sabor. Descubre paisajes impresionantes, prueba la focaccia pugliese y otros productos locales en una experiencia \u00fanica, lejos de las multitudes tur\u00edsticas.<\/p>\n<h3 data-start=\"513\" data-end=\"537\"><strong>Itinerario del Tour<\/strong><\/h3>\n<ul data-start=\"539\" data-end=\"1446\">\n<li data-start=\"539\" data-end=\"786\">\n<p data-start=\"541\" data-end=\"786\" class=\" translation-block\"><strong data-start=\"541\" data-end=\"573\">Salida desde Polignano a Mare<\/strong><br data-start=\"573\" data-end=\"576\">\nEl tour comienza en el coraz\u00f3n de Polignano a Mare, la \u201cPerla del Adri\u00e1tico\u201d. Pedalear\u00e1s entre vistas impresionantes, callejones con encanto y panor\u00e1micas del Adri\u00e1tico, respirando la atm\u00f3sfera aut\u00e9ntica de esta ciudad \u00fanica.<\/p>\n<\/li>\n<li data-start=\"788\" data-end=\"1019\">\n<p data-start=\"790\" data-end=\"1019\" class=\" translation-block\"><strong data-start=\"790\" data-end=\"820\">Parada en Panader\u00eda Local<\/strong><br data-start=\"820\" data-end=\"823\">\nHaz una pausa para probar la <strong>focaccia<\/strong> pugliese reci\u00e9n horneada, acompa\u00f1ada de una copa de <strong>vino<\/strong> local. Un momento sabroso para sumergirte en los sabores genuinos de la tradici\u00f3n culinaria de Apulia.<\/p>\n<\/li>\n<li data-start=\"1021\" data-end=\"1201\">\n<p data-start=\"1023\" data-end=\"1201\" class=\" translation-block\"><strong data-start=\"1023\" data-end=\"1066\">Cruce del campo de Apulia<\/strong><br data-start=\"1066\" data-end=\"1069\">\nPedalear\u00e1s entre olivares centenarios y paisajes rurales, descubriendo la naturaleza virgen y los peque\u00f1os pueblos escondidos del Valle de Itria.<\/p>\n<\/li>\n<li data-start=\"1203\" data-end=\"1446\">\n<p data-start=\"1205\" data-end=\"1446\" class=\" translation-block\"><strong data-start=\"1205\" data-end=\"1249\">Llegada a Conversano y visita al castillo<\/strong><br data-start=\"1249\" data-end=\"1252\">\nConcluye el tour admirando el majestuoso Castillo de Conversano, s\u00edmbolo hist\u00f3rico y cultural del territorio. Rel\u00e1jate con una bebida fresca mientras te dejas encantar por su historia milenaria.<\/p>\n<\/li>\n<\/ul>\n<h3 data-start=\"1727\" data-end=\"1742\"><strong>Informaci\u00f3n \u00fatil<\/strong><\/h3>\n<ul data-start=\"1744\" data-end=\"1924\">\n<li data-start=\"1744\" data-end=\"1767\">\n<p data-start=\"1746\" data-end=\"1767\" class=\" translation-block\"><strong>Duraci\u00f3n:<\/strong> unas 4 horas<\/p>\n<\/li>\n<li data-start=\"1768\" data-end=\"1801\">\n<p data-start=\"1770\" data-end=\"1801\"><strong>N\u00famero m\u00ednimo de participantes:<\/strong> 2<\/p>\n<\/li>\n<li data-start=\"1802\" data-end=\"1843\">\n<p data-start=\"1804\" data-end=\"1843\" class=\" translation-block\"><strong data-start=\"1331\" data-end=\"1354\">Idiomas disponibles:<\/strong> Italiano, Ingl\u00e9s<\/p>\n<\/li>\n<li data-start=\"1844\" data-end=\"1924\">\n<p data-start=\"1846\" data-end=\"1924\" class=\" translation-block\"><strong>Pol\u00edtica de cancelaci\u00f3n:<\/strong> cancela hasta 14 d\u00edas antes para obtener un reembolso completo<\/p>\n<\/li>\n<\/ul>\n<h3 data-start=\"1931\" data-end=\"2278\" class=\" translation-block\">\u2728 <strong data-start=\"1933\" data-end=\"1973\">Completa tu experiencia en Apulia<\/strong><\/h3>\n<p data-start=\"1931\" data-end=\"2278\" class=\" translation-block\">Te recomendamos combinar este tour con nuestro <strong data-start=\"2029\" data-end=\"2070\">Tour en E-Bike por las playas de Monopoli<\/strong> o con el <strong data-start=\"2085\" data-end=\"2136\">Tour en Vespa por Polignano, Conversano y Monopoli<\/strong>. Para los amantes del mar, nuestros <strong data-start=\"2168\" data-end=\"2217\">Tours en barco a las cuevas marinas de Polignano a Mare<\/strong> son ideales para descubrir la costa desde otra perspectiva.<\/p>\n<p data-start=\"2285\" data-end=\"2487\" class=\" translation-block\">\u00a1Estamos deseando pedalear contigo y hacer que tu viaje a Apulia sea realmente especial! Reserva ahora tu tour en bicicleta entre Polignano a Mare y Conversano con degustaci\u00f3n, y vive una experiencia aut\u00e9ntica de Apulia. Para m\u00e1s informaci\u00f3n o solicitudes personalizadas, <a href=\"https:\/\/api.whatsapp.com\/send?phone=393668959532\" target=\"_self\">cont\u00e1ctanos<\/a>: estamos a tu disposici\u00f3n.<\/p>","protected":false},"excerpt":{"rendered":"<p class=\" translation-block\">Explora los sabores aut\u00e9nticos de Apulia con un emocionante tour en bicicleta desde <strong>Polignano a Mare<\/strong> hasta <strong>Conversano<\/strong>. Disfruta de vistas impresionantes, degustaciones de productos t\u00edpicos y una experiencia genuina lejos de las multitudes, pedaleando entre historia, naturaleza y cultura local.<\/p>","protected":false},"featured_media":21837,"template":"","meta":{"_acf_changed":false,"inline_featured_image":false},"product_cat":[292,293,365],"product_tag":[290],"acf":[],"yoast_head":"<!-- This site is optimized with the Yoast SEO Premium plugin v22.8 (Yoast SEO v22.8) - https:\/\/yoast.com\/wordpress\/plugins\/seo\/ -->\n<title>Tour in bicicletta a Polignano a Mare e Conversano con Street Food | Pugliamare<\/title>\n<meta name=\"description\" content=\"Esplora Polignano a Mare e Conversano in bici con degustazione di prodotti tipici pugliesi. Un tour autentico tra natura e sapori locali. Prenota ora!\" \/>\n<meta name=\"robots\" content=\"index, follow, max-snippet:-1, max-image-preview:large, max-video-preview:-1\" \/>\n<link rel=\"canonical\" href=\"https:\/\/pugliamare.it\/es\/esperienze\/polignano-e-conversano-in-bicicletta-con-degustazione\/\" \/>\n<meta property=\"og:locale\" content=\"es_ES\" \/>\n<meta property=\"og:type\" content=\"article\" \/>\n<meta property=\"og:title\" content=\"Polignano a Mare e Conversano in bicicletta - Street Food Tour\" \/>\n<meta property=\"og:description\" content=\"Esplora Polignano a Mare e Conversano in bici con degustazione di prodotti tipici pugliesi. Un tour autentico tra natura e sapori locali. Prenota ora!\" \/>\n<meta property=\"og:url\" content=\"https:\/\/pugliamare.it\/es\/esperienze\/polignano-e-conversano-in-bicicletta-con-degustazione\/\" \/>\n<meta property=\"og:site_name\" content=\"Pugliamare\" \/>\n<meta property=\"article:publisher\" content=\"https:\/\/www.facebook.com\/pugliamarexperience\" \/>\n<meta property=\"article:modified_time\" content=\"2025-07-31T09:08:46+00:00\" \/>\n<meta property=\"og:image\" content=\"https:\/\/pugliamare.it\/wp-content\/uploads\/2024\/04\/conversano6.jpg\" \/>\n\t<meta property=\"og:image:width\" content=\"900\" \/>\n\t<meta property=\"og:image:height\" content=\"600\" \/>\n\t<meta property=\"og:image:type\" content=\"image\/jpeg\" \/>\n<meta name=\"twitter:card\" content=\"summary_large_image\" \/>\n<script type=\"application\/ld+json\" class=\"yoast-schema-graph\">{\"@context\":\"https:\/\/schema.org\",\"@graph\":[{\"@type\":\"WebPage\",\"@id\":\"https:\/\/pugliamare.it\/esperienze\/polignano-e-conversano-in-bicicletta-con-degustazione\/\",\"url\":\"https:\/\/pugliamare.it\/esperienze\/polignano-e-conversano-in-bicicletta-con-degustazione\/\",\"name\":\"Tour in bicicletta a Polignano a Mare e Conversano con Street Food | Pugliamare\",\"isPartOf\":{\"@id\":\"https:\/\/pugliamare.it\/en\/#website\"},\"primaryImageOfPage\":{\"@id\":\"https:\/\/pugliamare.it\/esperienze\/polignano-e-conversano-in-bicicletta-con-degustazione\/#primaryimage\"},\"image\":{\"@id\":\"https:\/\/pugliamare.it\/esperienze\/polignano-e-conversano-in-bicicletta-con-degustazione\/#primaryimage\"},\"thumbnailUrl\":\"https:\/\/pugliamare.it\/wp-content\/uploads\/2024\/04\/conversano6.jpg\",\"datePublished\":\"2024-04-13T13:46:15+00:00\",\"dateModified\":\"2025-07-31T09:08:46+00:00\",\"description\":\"Esplora Polignano a Mare e Conversano in bici con degustazione di prodotti tipici pugliesi. Un tour autentico tra natura e sapori locali. Prenota ora!\",\"breadcrumb\":{\"@id\":\"https:\/\/pugliamare.it\/esperienze\/polignano-e-conversano-in-bicicletta-con-degustazione\/#breadcrumb\"},\"inLanguage\":\"es\",\"potentialAction\":[{\"@type\":\"ReadAction\",\"target\":[\"https:\/\/pugliamare.it\/esperienze\/polignano-e-conversano-in-bicicletta-con-degustazione\/\"]}]},{\"@type\":\"ImageObject\",\"inLanguage\":\"es\",\"@id\":\"https:\/\/pugliamare.it\/esperienze\/polignano-e-conversano-in-bicicletta-con-degustazione\/#primaryimage\",\"url\":\"https:\/\/pugliamare.it\/wp-content\/uploads\/2024\/04\/conversano6.jpg\",\"contentUrl\":\"https:\/\/pugliamare.it\/wp-content\/uploads\/2024\/04\/conversano6.jpg\",\"width\":900,\"height\":600,\"caption\":\"Turisti nel nostro Tour in bici nelle campagne di Conversano e Polignano a Mare\"},{\"@type\":\"BreadcrumbList\",\"@id\":\"https:\/\/pugliamare.it\/esperienze\/polignano-e-conversano-in-bicicletta-con-degustazione\/#breadcrumb\",\"itemListElement\":[{\"@type\":\"ListItem\",\"position\":1,\"name\":\"Home\",\"item\":\"https:\/\/pugliamare.it\/\"},{\"@type\":\"ListItem\",\"position\":2,\"name\":\"Polignano a Mare e Conversano in bicicletta &#8211; Street Food Tour\"}]},{\"@type\":\"WebSite\",\"@id\":\"https:\/\/pugliamare.it\/en\/#website\",\"url\":\"https:\/\/pugliamare.it\/en\/\",\"name\":\"Pugliamare\",\"description\":\"Esperienze, Soggiorni e Tour personalizzati in Puglia\",\"publisher\":{\"@id\":\"https:\/\/pugliamare.it\/en\/#organization\"},\"potentialAction\":[{\"@type\":\"SearchAction\",\"target\":{\"@type\":\"EntryPoint\",\"urlTemplate\":\"https:\/\/pugliamare.it\/en\/?s={search_term_string}\"},\"query-input\":\"required name=search_term_string\"}],\"inLanguage\":\"es\"},{\"@type\":\"Organization\",\"@id\":\"https:\/\/pugliamare.it\/en\/#organization\",\"name\":\"Pugliamare srl\",\"url\":\"https:\/\/pugliamare.it\/en\/\",\"logo\":{\"@type\":\"ImageObject\",\"inLanguage\":\"es\",\"@id\":\"https:\/\/pugliamare.it\/en\/#\/schema\/logo\/image\/\",\"url\":\"https:\/\/pugliamare.it\/wp-content\/uploads\/2021\/04\/cropped-cropped-Risorsa-2.png\",\"contentUrl\":\"https:\/\/pugliamare.it\/wp-content\/uploads\/2021\/04\/cropped-cropped-Risorsa-2.png\",\"width\":374,\"height\":117,\"caption\":\"Pugliamare srl\"},\"image\":{\"@id\":\"https:\/\/pugliamare.it\/en\/#\/schema\/logo\/image\/\"},\"sameAs\":[\"https:\/\/www.facebook.com\/pugliamarexperience\",\"https:\/\/www.instagram.com\/pugliamare\/\"]}]}<\/script>\n<!-- \/ Yoast SEO Premium plugin. -->","yoast_head_json":{"title":"Tour in bicicletta a Polignano a Mare e Conversano con Street Food | Pugliamare","description":"Esplora Polignano a Mare e Conversano in bici con degustazione di prodotti tipici pugliesi. Un tour autentico tra natura e sapori locali. Prenota ora!","robots":{"index":"index","follow":"follow","max-snippet":"max-snippet:-1","max-image-preview":"max-image-preview:large","max-video-preview":"max-video-preview:-1"},"canonical":"https:\/\/pugliamare.it\/es\/esperienze\/polignano-e-conversano-in-bicicletta-con-degustazione\/","og_locale":"es_ES","og_type":"article","og_title":"Polignano a Mare e Conversano in bicicletta - Street Food Tour","og_description":"Esplora Polignano a Mare e Conversano in bici con degustazione di prodotti tipici pugliesi. Un tour autentico tra natura e sapori locali. Prenota ora!","og_url":"https:\/\/pugliamare.it\/es\/esperienze\/polignano-e-conversano-in-bicicletta-con-degustazione\/","og_site_name":"Pugliamare","article_publisher":"https:\/\/www.facebook.com\/pugliamarexperience","article_modified_time":"2025-07-31T09:08:46+00:00","og_image":[{"width":900,"height":600,"url":"https:\/\/pugliamare.it\/wp-content\/uploads\/2024\/04\/conversano6.jpg","type":"image\/jpeg"}],"twitter_card":"summary_large_image","schema":{"@context":"https:\/\/schema.org","@graph":[{"@type":"WebPage","@id":"https:\/\/pugliamare.it\/esperienze\/polignano-e-conversano-in-bicicletta-con-degustazione\/","url":"https:\/\/pugliamare.it\/esperienze\/polignano-e-conversano-in-bicicletta-con-degustazione\/","name":"Tour in bicicletta a Polignano a Mare e Conversano con Street Food | Pugliamare","isPartOf":{"@id":"https:\/\/pugliamare.it\/en\/#website"},"primaryImageOfPage":{"@id":"https:\/\/pugliamare.it\/esperienze\/polignano-e-conversano-in-bicicletta-con-degustazione\/#primaryimage"},"image":{"@id":"https:\/\/pugliamare.it\/esperienze\/polignano-e-conversano-in-bicicletta-con-degustazione\/#primaryimage"},"thumbnailUrl":"https:\/\/pugliamare.it\/wp-content\/uploads\/2024\/04\/conversano6.jpg","datePublished":"2024-04-13T13:46:15+00:00","dateModified":"2025-07-31T09:08:46+00:00","description":"Esplora Polignano a Mare e Conversano in bici con degustazione di prodotti tipici pugliesi. Un tour autentico tra natura e sapori locali. Prenota ora!","breadcrumb":{"@id":"https:\/\/pugliamare.it\/esperienze\/polignano-e-conversano-in-bicicletta-con-degustazione\/#breadcrumb"},"inLanguage":"es","potentialAction":[{"@type":"ReadAction","target":["https:\/\/pugliamare.it\/esperienze\/polignano-e-conversano-in-bicicletta-con-degustazione\/"]}]},{"@type":"ImageObject","inLanguage":"es","@id":"https:\/\/pugliamare.it\/esperienze\/polignano-e-conversano-in-bicicletta-con-degustazione\/#primaryimage","url":"https:\/\/pugliamare.it\/wp-content\/uploads\/2024\/04\/conversano6.jpg","contentUrl":"https:\/\/pugliamare.it\/wp-content\/uploads\/2024\/04\/conversano6.jpg","width":900,"height":600,"caption":"Turisti nel nostro Tour in bici nelle campagne di Conversano e Polignano a Mare"},{"@type":"BreadcrumbList","@id":"https:\/\/pugliamare.it\/esperienze\/polignano-e-conversano-in-bicicletta-con-degustazione\/#breadcrumb","itemListElement":[{"@type":"ListItem","position":1,"name":"Home","item":"https:\/\/pugliamare.it\/"},{"@type":"ListItem","position":2,"name":"Polignano a Mare e Conversano in bicicletta &#8211; Street Food Tour"}]},{"@type":"WebSite","@id":"https:\/\/pugliamare.it\/en\/#website","url":"https:\/\/pugliamare.it\/en\/","name":"Pugliamare","description":"Esperienze, Soggiorni e Tour personalizzati in Puglia","publisher":{"@id":"https:\/\/pugliamare.it\/en\/#organization"},"potentialAction":[{"@type":"SearchAction","target":{"@type":"EntryPoint","urlTemplate":"https:\/\/pugliamare.it\/en\/?s={search_term_string}"},"query-input":"required name=search_term_string"}],"inLanguage":"es"},{"@type":"Organization","@id":"https:\/\/pugliamare.it\/en\/#organization","name":"Pugliamare srl","url":"https:\/\/pugliamare.it\/en\/","logo":{"@type":"ImageObject","inLanguage":"es","@id":"https:\/\/pugliamare.it\/en\/#\/schema\/logo\/image\/","url":"https:\/\/pugliamare.it\/wp-content\/uploads\/2021\/04\/cropped-cropped-Risorsa-2.png","contentUrl":"https:\/\/pugliamare.it\/wp-content\/uploads\/2021\/04\/cropped-cropped-Risorsa-2.png","width":374,"height":117,"caption":"Pugliamare srl"},"image":{"@id":"https:\/\/pugliamare.it\/en\/#\/schema\/logo\/image\/"},"sameAs":["https:\/\/www.facebook.com\/pugliamarexperience","https:\/\/www.instagram.com\/pugliamare\/"]}]}},"_links":{"self":[{"href":"https:\/\/pugliamare.it\/es\/wp-json\/wp\/v2\/product\/21832"}],"collection":[{"href":"https:\/\/pugliamare.it\/es\/wp-json\/wp\/v2\/product"}],"about":[{"href":"https:\/\/pugliamare.it\/es\/wp-json\/wp\/v2\/types\/product"}],"version-history":[{"count":9,"href":"https:\/\/pugliamare.it\/es\/wp-json\/wp\/v2\/product\/21832\/revisions"}],"predecessor-version":[{"id":34000,"href":"https:\/\/pugliamare.it\/es\/wp-json\/wp\/v2\/product\/21832\/revisions\/34000"}],"wp:featuredmedia":[{"embeddable":true,"href":"https:\/\/pugliamare.it\/es\/wp-json\/wp\/v2\/media\/21837"}],"wp:attachment":[{"href":"https:\/\/pugliamare.it\/es\/wp-json\/wp\/v2\/media?parent=21832"}],"wp:term":[{"taxonomy":"product_cat","embeddable":true,"href":"https:\/\/pugliamare.it\/es\/wp-json\/wp\/v2\/product_cat?post=21832"},{"taxonomy":"product_tag","embeddable":true,"href":"https:\/\/pugliamare.it\/es\/wp-json\/wp\/v2\/product_tag?post=21832"}],"curies":[{"name":"wp","href":"https:\/\/api.w.org\/{rel}","templated":true}]}}