{"id":21840,"date":"2024-04-13T16:00:57","date_gmt":"2024-04-13T14:00:57","guid":{"rendered":"https:\/\/pugliamare.it\/?post_type=product&#038;p=21840"},"modified":"2025-07-30T11:42:21","modified_gmt":"2025-07-30T09:42:21","slug":"monopoli-ebike-tour-delle-spiaggie","status":"publish","type":"product","link":"https:\/\/pugliamare.it\/es\/esperienze\/monopoli-ebike-tour-delle-spiaggie\/","title":{"rendered":"Tour en Bicicleta El\u00e9ctrica por las Playas de Monopoli \u2013 Degustaci\u00f3n de Productos Locales"},"content":{"rendered":"<h1><strong>Tour en E\u2011Bike por las Playas de Monopoli: Explora la Costa dei Trulli de Forma \u00danica<\/strong><\/h1>\n<p data-start=\"707\" data-end=\"1007\" class=\" translation-block\">Prep\u00e1rate para vivir una aventura inolvidable con nuestro tour en bicicleta el\u00e9ctrica que te llevar\u00e1 a descubrir la hermosa <strong data-start=\"829\" data-end=\"849\">Costa dei Trulli<\/strong>. Este recorrido de unos 30 km te sumergir\u00e1 en los paisajes v\u00edrgenes de Apulia, entre playas de arena dorada, olivares centenarios y pueblos aut\u00e9nticos.<\/p>\n<p data-start=\"1009\" data-end=\"1280\"><strong data-start=\"1009\" data-end=\"1086\">\ud83d\udeb4\u200d\u2642\ufe0f Salida desde Monopoli \u2013 Descubriendo el centro hist\u00f3rico y el puerto<\/strong><br data-start=\"1086\" data-end=\"1089\" \/>El tour comienza en el coraz\u00f3n de Monopoli, una ciudad llena de historia y encanto, donde podr\u00e1s admirar su animado centro hist\u00f3rico, las antiguas murallas y el pintoresco puerto, s\u00edmbolo de la vida local.<\/p>\n<p data-start=\"1282\" data-end=\"1509\"><strong data-start=\"1282\" data-end=\"1326\">\ud83c\udfd6\ufe0f Hacia Capitolo \u2013 Playas y naturaleza<\/strong><br data-start=\"1326\" data-end=\"1329\" \/>Pedaleando hacia la famosa localidad costera de Capitolo, podr\u00e1s disfrutar de vistas espectaculares al mar cristalino y respirar la atm\u00f3sfera relajante de esta encantadora costa.<\/p>\n<p data-start=\"1511\" data-end=\"1862\"><strong data-start=\"1511\" data-end=\"1572\">\ud83c\udf77 Parada en la Masseria dei Tauro \u2013 Degustaci\u00f3n aut\u00e9ntica<\/strong><br data-start=\"1572\" data-end=\"1575\" \/>Durante el tour, haremos una parada en la Masseria dei Tauro, donde podr\u00e1s participar en una degustaci\u00f3n guiada de productos t\u00edpicos de Apulia, fruto de una tradici\u00f3n centenaria y de ingredientes frescos y genuinos. Una experiencia que cuenta el alma de la cocina y la cultura local.<\/p>\n<p data-start=\"1864\" data-end=\"2104\"><strong data-start=\"1864\" data-end=\"1920\">\ud83c\udf68 Helado artesanal en Monopoli \u2013 Un dulce final<\/strong><br data-start=\"1920\" data-end=\"1923\" \/>Al regresar, te espera una pausa refrescante en una de las mejores helader\u00edas de la ciudad, donde podr\u00e1s saborear un helado artesanal, el dulce perfecto para concluir este d\u00eda tan especial.<\/p>\n<h3 data-start=\"2111\" data-end=\"2138\"><strong>\u2139\ufe0f Informaci\u00f3n \u00datil<\/strong><\/h3>\n<ul data-start=\"2139\" data-end=\"2389\">\n<li data-start=\"2139\" data-end=\"2168\">\n<p data-start=\"2141\" data-end=\"2168\" class=\" translation-block\"><strong data-start=\"2141\" data-end=\"2152\">Duraci\u00f3n:<\/strong> unas 4\u20135 horas<\/p>\n<\/li>\n<li data-start=\"2169\" data-end=\"2206\">\n<p data-start=\"2171\" data-end=\"2206\"><strong data-start=\"2171\" data-end=\"2202\">N\u00famero m\u00ednimo de participantes:<\/strong> 2<\/p>\n<\/li>\n<li data-start=\"2207\" data-end=\"2324\">\n<p data-start=\"2209\" data-end=\"2324\" class=\" translation-block\"><strong data-start=\"2209\" data-end=\"2239\">Pol\u00edtica de cancelaci\u00f3n:<\/strong> Cancela hasta 14 d\u00edas antes para obtener un reembolso completo; despu\u00e9s, la tarifa no es reembolsable.<\/p>\n<\/li>\n<li data-start=\"2325\" data-end=\"2389\">\n<p data-start=\"2327\" data-end=\"2389\" class=\" translation-block\"><strong>Idiomas disponibles:<\/strong> italiano, ingl\u00e9s (otros bajo petici\u00f3n)<\/p>\n<\/li>\n<\/ul>\n<h3 data-start=\"2396\" data-end=\"2470\"><strong>Por qu\u00e9 elegir nuestro tour en e-bike por las playas de Monopoli?<\/strong><\/h3>\n<ul data-start=\"2472\" data-end=\"2745\">\n<li data-start=\"2472\" data-end=\"2523\">\n<p data-start=\"2474\" data-end=\"2523\">Recorrido exclusivo lejos del turismo de masas<\/p>\n<\/li>\n<li data-start=\"2524\" data-end=\"2589\">\n<p data-start=\"2526\" data-end=\"2589\">Visita panor\u00e1mica entre playas y naturaleza de la Costa dei Trulli<\/p>\n<\/li>\n<li data-start=\"2590\" data-end=\"2643\">\n<p data-start=\"2592\" data-end=\"2643\">Degustaciones aut\u00e9nticas y productos locales genuinos<\/p>\n<\/li>\n<li data-start=\"2644\" data-end=\"2690\">\n<p data-start=\"2646\" data-end=\"2690\">Gu\u00eda experto y asistencia durante el recorrido<\/p>\n<\/li>\n<li data-start=\"2691\" data-end=\"2745\">\n<p data-start=\"2693\" data-end=\"2745\">Sostenibilidad y experiencia activa al aire libre<\/p>\n<\/li>\n<\/ul>\n<h3 data-start=\"2396\" data-end=\"2470\"><strong>\u2b50 Otras experiencias de Pugliamare para descubrir<\/strong><\/h3>\n<p data-start=\"2802\" data-end=\"3205\" class=\" translation-block\">Si te encanta explorar Apulia sobre dos ruedas, te recomendamos combinar este tour con nuestros <a href=\"https:\/\/pugliamare.it\/esperienze\/tour-in-barca-delle-grotte-di-polignano-a-mare\/\" target=\"_self\"><strong>tours en barco<\/strong><\/a> para descubrir las maravillosas <strong>cuevas marinas<\/strong> de la costa pugliese: una forma perfecta de completar tu aventura entre tierra y mar.<\/p>\n<h3 data-start=\"3212\" data-end=\"3495\"><strong data-start=\"3212\" data-end=\"3278\">Reserva ahora tu tour en e-bike por las playas de Monopoli<\/strong><\/h3>\n<p data-start=\"3212\" data-end=\"3495\" class=\" translation-block\">Vive el lado m\u00e1s aut\u00e9ntico de Apulia, entre naturaleza, cultura y sabores genuinos. Para m\u00e1s informaci\u00f3n o solicitudes personalizadas, no dudes en <a href=\"https:\/\/api.whatsapp.com\/send?phone=393668959532\" target=\"_self\">contactarnos<\/a>: nuestro equipo est\u00e1 listo para ayudarte a organizar tu viaje ideal.<\/p>","protected":false},"excerpt":{"rendered":"<p class=\" translation-block\">Descubre la belleza de la Costa dei Trulli con un tour en <strong>bicicleta el\u00e9ctrica desde Monopoli<\/strong> hasta Capitolo. Pedalea entre <strong>playas<\/strong> doradas y <strong>olivares<\/strong> centenarios, saborea aut\u00e9nticos <strong>productos de Apulia<\/strong> y vive una experiencia \u00fanica lejos del turismo de masas. Reserva ahora tu tour en e-bike para explorar Monopoli de forma aut\u00e9ntica y sostenible.<\/p>","protected":false},"featured_media":21846,"template":"","meta":{"_acf_changed":false,"inline_featured_image":false},"product_cat":[292,293,365],"product_tag":[290],"acf":[],"yoast_head":"<!-- This site is optimized with the Yoast SEO Premium plugin v22.8 (Yoast SEO v22.8) - https:\/\/yoast.com\/wordpress\/plugins\/seo\/ -->\n<title>Monopoli Tour in E-Bike delle Spiagge con Degustazione | Pugliamare<\/title>\n<meta name=\"description\" content=\"Esplora la Costa dei Trulli con il tour in e-bike da Monopoli al Capitolo, tra spiagge, natura e degustazioni di prodotti tipici pugliesi.\" \/>\n<meta name=\"robots\" content=\"index, follow, max-snippet:-1, max-image-preview:large, max-video-preview:-1\" \/>\n<link rel=\"canonical\" href=\"https:\/\/pugliamare.it\/es\/esperienze\/monopoli-ebike-tour-delle-spiaggie\/\" \/>\n<meta property=\"og:locale\" content=\"es_ES\" \/>\n<meta property=\"og:type\" content=\"article\" \/>\n<meta property=\"og:title\" content=\"Tour in E-Bike delle Spiagge di Monopoli - Degustazione di Prodotti Locali\" \/>\n<meta property=\"og:description\" content=\"Esplora la Costa dei Trulli con il tour in e-bike da Monopoli al Capitolo, tra spiagge, natura e degustazioni di prodotti tipici pugliesi.\" \/>\n<meta property=\"og:url\" content=\"https:\/\/pugliamare.it\/es\/esperienze\/monopoli-ebike-tour-delle-spiaggie\/\" \/>\n<meta property=\"og:site_name\" content=\"Pugliamare\" \/>\n<meta property=\"article:publisher\" content=\"https:\/\/www.facebook.com\/pugliamarexperience\" \/>\n<meta property=\"article:modified_time\" content=\"2025-07-30T09:42:21+00:00\" \/>\n<meta property=\"og:image\" content=\"https:\/\/pugliamare.it\/wp-content\/uploads\/2024\/04\/145-1.jpg\" \/>\n\t<meta property=\"og:image:width\" content=\"960\" \/>\n\t<meta property=\"og:image:height\" content=\"576\" \/>\n\t<meta property=\"og:image:type\" content=\"image\/jpeg\" \/>\n<meta name=\"twitter:card\" content=\"summary_large_image\" \/>\n<script type=\"application\/ld+json\" class=\"yoast-schema-graph\">{\"@context\":\"https:\/\/schema.org\",\"@graph\":[{\"@type\":\"WebPage\",\"@id\":\"https:\/\/pugliamare.it\/esperienze\/monopoli-ebike-tour-delle-spiaggie\/\",\"url\":\"https:\/\/pugliamare.it\/esperienze\/monopoli-ebike-tour-delle-spiaggie\/\",\"name\":\"Monopoli Tour in E-Bike delle Spiagge con Degustazione | Pugliamare\",\"isPartOf\":{\"@id\":\"https:\/\/pugliamare.it\/en\/#website\"},\"primaryImageOfPage\":{\"@id\":\"https:\/\/pugliamare.it\/esperienze\/monopoli-ebike-tour-delle-spiaggie\/#primaryimage\"},\"image\":{\"@id\":\"https:\/\/pugliamare.it\/esperienze\/monopoli-ebike-tour-delle-spiaggie\/#primaryimage\"},\"thumbnailUrl\":\"https:\/\/pugliamare.it\/wp-content\/uploads\/2024\/04\/145-1.jpg\",\"datePublished\":\"2024-04-13T14:00:57+00:00\",\"dateModified\":\"2025-07-30T09:42:21+00:00\",\"description\":\"Esplora la Costa dei Trulli con il tour in e-bike da Monopoli al Capitolo, tra spiagge, natura e degustazioni di prodotti tipici pugliesi.\",\"breadcrumb\":{\"@id\":\"https:\/\/pugliamare.it\/esperienze\/monopoli-ebike-tour-delle-spiaggie\/#breadcrumb\"},\"inLanguage\":\"es\",\"potentialAction\":[{\"@type\":\"ReadAction\",\"target\":[\"https:\/\/pugliamare.it\/esperienze\/monopoli-ebike-tour-delle-spiaggie\/\"]}]},{\"@type\":\"ImageObject\",\"inLanguage\":\"es\",\"@id\":\"https:\/\/pugliamare.it\/esperienze\/monopoli-ebike-tour-delle-spiaggie\/#primaryimage\",\"url\":\"https:\/\/pugliamare.it\/wp-content\/uploads\/2024\/04\/145-1.jpg\",\"contentUrl\":\"https:\/\/pugliamare.it\/wp-content\/uploads\/2024\/04\/145-1.jpg\",\"width\":960,\"height\":576,\"caption\":\"Turisti fotografano il mare durante il tour in bicicletta\"},{\"@type\":\"BreadcrumbList\",\"@id\":\"https:\/\/pugliamare.it\/esperienze\/monopoli-ebike-tour-delle-spiaggie\/#breadcrumb\",\"itemListElement\":[{\"@type\":\"ListItem\",\"position\":1,\"name\":\"Home\",\"item\":\"https:\/\/pugliamare.it\/\"},{\"@type\":\"ListItem\",\"position\":2,\"name\":\"Tour in E-Bike delle Spiagge di Monopoli &#8211; Degustazione di Prodotti Locali\"}]},{\"@type\":\"WebSite\",\"@id\":\"https:\/\/pugliamare.it\/en\/#website\",\"url\":\"https:\/\/pugliamare.it\/en\/\",\"name\":\"Pugliamare\",\"description\":\"Esperienze, Soggiorni e Tour personalizzati in Puglia\",\"publisher\":{\"@id\":\"https:\/\/pugliamare.it\/en\/#organization\"},\"potentialAction\":[{\"@type\":\"SearchAction\",\"target\":{\"@type\":\"EntryPoint\",\"urlTemplate\":\"https:\/\/pugliamare.it\/en\/?s={search_term_string}\"},\"query-input\":\"required name=search_term_string\"}],\"inLanguage\":\"es\"},{\"@type\":\"Organization\",\"@id\":\"https:\/\/pugliamare.it\/en\/#organization\",\"name\":\"Pugliamare srl\",\"url\":\"https:\/\/pugliamare.it\/en\/\",\"logo\":{\"@type\":\"ImageObject\",\"inLanguage\":\"es\",\"@id\":\"https:\/\/pugliamare.it\/en\/#\/schema\/logo\/image\/\",\"url\":\"https:\/\/pugliamare.it\/wp-content\/uploads\/2021\/04\/cropped-cropped-Risorsa-2.png\",\"contentUrl\":\"https:\/\/pugliamare.it\/wp-content\/uploads\/2021\/04\/cropped-cropped-Risorsa-2.png\",\"width\":374,\"height\":117,\"caption\":\"Pugliamare srl\"},\"image\":{\"@id\":\"https:\/\/pugliamare.it\/en\/#\/schema\/logo\/image\/\"},\"sameAs\":[\"https:\/\/www.facebook.com\/pugliamarexperience\",\"https:\/\/www.instagram.com\/pugliamare\/\"]}]}<\/script>\n<!-- \/ Yoast SEO Premium plugin. -->","yoast_head_json":{"title":"Monopoli Tour in E-Bike delle Spiagge con Degustazione | Pugliamare","description":"Esplora la Costa dei Trulli con il tour in e-bike da Monopoli al Capitolo, tra spiagge, natura e degustazioni di prodotti tipici pugliesi.","robots":{"index":"index","follow":"follow","max-snippet":"max-snippet:-1","max-image-preview":"max-image-preview:large","max-video-preview":"max-video-preview:-1"},"canonical":"https:\/\/pugliamare.it\/es\/esperienze\/monopoli-ebike-tour-delle-spiaggie\/","og_locale":"es_ES","og_type":"article","og_title":"Tour in E-Bike delle Spiagge di Monopoli - Degustazione di Prodotti Locali","og_description":"Esplora la Costa dei Trulli con il tour in e-bike da Monopoli al Capitolo, tra spiagge, natura e degustazioni di prodotti tipici pugliesi.","og_url":"https:\/\/pugliamare.it\/es\/esperienze\/monopoli-ebike-tour-delle-spiaggie\/","og_site_name":"Pugliamare","article_publisher":"https:\/\/www.facebook.com\/pugliamarexperience","article_modified_time":"2025-07-30T09:42:21+00:00","og_image":[{"width":960,"height":576,"url":"https:\/\/pugliamare.it\/wp-content\/uploads\/2024\/04\/145-1.jpg","type":"image\/jpeg"}],"twitter_card":"summary_large_image","schema":{"@context":"https:\/\/schema.org","@graph":[{"@type":"WebPage","@id":"https:\/\/pugliamare.it\/esperienze\/monopoli-ebike-tour-delle-spiaggie\/","url":"https:\/\/pugliamare.it\/esperienze\/monopoli-ebike-tour-delle-spiaggie\/","name":"Monopoli Tour in E-Bike delle Spiagge con Degustazione | Pugliamare","isPartOf":{"@id":"https:\/\/pugliamare.it\/en\/#website"},"primaryImageOfPage":{"@id":"https:\/\/pugliamare.it\/esperienze\/monopoli-ebike-tour-delle-spiaggie\/#primaryimage"},"image":{"@id":"https:\/\/pugliamare.it\/esperienze\/monopoli-ebike-tour-delle-spiaggie\/#primaryimage"},"thumbnailUrl":"https:\/\/pugliamare.it\/wp-content\/uploads\/2024\/04\/145-1.jpg","datePublished":"2024-04-13T14:00:57+00:00","dateModified":"2025-07-30T09:42:21+00:00","description":"Esplora la Costa dei Trulli con il tour in e-bike da Monopoli al Capitolo, tra spiagge, natura e degustazioni di prodotti tipici pugliesi.","breadcrumb":{"@id":"https:\/\/pugliamare.it\/esperienze\/monopoli-ebike-tour-delle-spiaggie\/#breadcrumb"},"inLanguage":"es","potentialAction":[{"@type":"ReadAction","target":["https:\/\/pugliamare.it\/esperienze\/monopoli-ebike-tour-delle-spiaggie\/"]}]},{"@type":"ImageObject","inLanguage":"es","@id":"https:\/\/pugliamare.it\/esperienze\/monopoli-ebike-tour-delle-spiaggie\/#primaryimage","url":"https:\/\/pugliamare.it\/wp-content\/uploads\/2024\/04\/145-1.jpg","contentUrl":"https:\/\/pugliamare.it\/wp-content\/uploads\/2024\/04\/145-1.jpg","width":960,"height":576,"caption":"Turisti fotografano il mare durante il tour in bicicletta"},{"@type":"BreadcrumbList","@id":"https:\/\/pugliamare.it\/esperienze\/monopoli-ebike-tour-delle-spiaggie\/#breadcrumb","itemListElement":[{"@type":"ListItem","position":1,"name":"Home","item":"https:\/\/pugliamare.it\/"},{"@type":"ListItem","position":2,"name":"Tour in E-Bike delle Spiagge di Monopoli &#8211; Degustazione di Prodotti Locali"}]},{"@type":"WebSite","@id":"https:\/\/pugliamare.it\/en\/#website","url":"https:\/\/pugliamare.it\/en\/","name":"Pugliamare","description":"Esperienze, Soggiorni e Tour personalizzati in Puglia","publisher":{"@id":"https:\/\/pugliamare.it\/en\/#organization"},"potentialAction":[{"@type":"SearchAction","target":{"@type":"EntryPoint","urlTemplate":"https:\/\/pugliamare.it\/en\/?s={search_term_string}"},"query-input":"required name=search_term_string"}],"inLanguage":"es"},{"@type":"Organization","@id":"https:\/\/pugliamare.it\/en\/#organization","name":"Pugliamare srl","url":"https:\/\/pugliamare.it\/en\/","logo":{"@type":"ImageObject","inLanguage":"es","@id":"https:\/\/pugliamare.it\/en\/#\/schema\/logo\/image\/","url":"https:\/\/pugliamare.it\/wp-content\/uploads\/2021\/04\/cropped-cropped-Risorsa-2.png","contentUrl":"https:\/\/pugliamare.it\/wp-content\/uploads\/2021\/04\/cropped-cropped-Risorsa-2.png","width":374,"height":117,"caption":"Pugliamare srl"},"image":{"@id":"https:\/\/pugliamare.it\/en\/#\/schema\/logo\/image\/"},"sameAs":["https:\/\/www.facebook.com\/pugliamarexperience","https:\/\/www.instagram.com\/pugliamare\/"]}]}},"_links":{"self":[{"href":"https:\/\/pugliamare.it\/es\/wp-json\/wp\/v2\/product\/21840"}],"collection":[{"href":"https:\/\/pugliamare.it\/es\/wp-json\/wp\/v2\/product"}],"about":[{"href":"https:\/\/pugliamare.it\/es\/wp-json\/wp\/v2\/types\/product"}],"version-history":[{"count":8,"href":"https:\/\/pugliamare.it\/es\/wp-json\/wp\/v2\/product\/21840\/revisions"}],"predecessor-version":[{"id":33970,"href":"https:\/\/pugliamare.it\/es\/wp-json\/wp\/v2\/product\/21840\/revisions\/33970"}],"wp:featuredmedia":[{"embeddable":true,"href":"https:\/\/pugliamare.it\/es\/wp-json\/wp\/v2\/media\/21846"}],"wp:attachment":[{"href":"https:\/\/pugliamare.it\/es\/wp-json\/wp\/v2\/media?parent=21840"}],"wp:term":[{"taxonomy":"product_cat","embeddable":true,"href":"https:\/\/pugliamare.it\/es\/wp-json\/wp\/v2\/product_cat?post=21840"},{"taxonomy":"product_tag","embeddable":true,"href":"https:\/\/pugliamare.it\/es\/wp-json\/wp\/v2\/product_tag?post=21840"}],"curies":[{"name":"wp","href":"https:\/\/api.w.org\/{rel}","templated":true}]}}