{"id":21852,"date":"2024-04-13T16:27:53","date_gmt":"2024-04-13T14:27:53","guid":{"rendered":"https:\/\/pugliamare.it\/?post_type=product&#038;p=21852"},"modified":"2025-07-25T16:54:04","modified_gmt":"2025-07-25T14:54:04","slug":"noleggio-bici-e-bike-polignano","status":"publish","type":"product","link":"https:\/\/pugliamare.it\/es\/esperienze\/noleggio-bici-e-bike-polignano\/","title":{"rendered":"Alquiler de Bicicletas y E-Bikes en Polignano a Mare para Tours Autoguiados"},"content":{"rendered":"<h1 data-start=\"218\" data-end=\"286\"><strong>Alquiler de Bicicletas y E-Bikes \u2013 Explora Polignano y sus alrededores\u00a0<\/strong><\/h1>\n<p data-start=\"288\" data-end=\"608\" class=\" translation-block\">Alquila tu <strong>bici<\/strong> o <strong>e-bike<\/strong> en <a href=\"https:\/\/pugliamare.it\/destinazioni\/polignano-a-mare\/\" target=\"_self\">Polignano a Mare<\/a> y vive una experiencia \u00fanica al aire libre. Ya sea que quieras pedalear por las calles del casco antiguo o aventurarte por los senderos naturales de la costa de Puglia, nuestra amplia selecci\u00f3n de bicicletas ofrece la soluci\u00f3n perfecta para cada necesidad y nivel de experiencia.<\/p>\n<h3 data-start=\"615\" data-end=\"635\"><strong>\ud83d\udeb2 Qu\u00e9 ofrecemos<\/strong><\/h3>\n<ul data-start=\"637\" data-end=\"904\">\n<li data-start=\"637\" data-end=\"719\">\n<p data-start=\"639\" data-end=\"719\" class=\" translation-block\"><strong>Bicicletas tradicionales<\/strong> para descubrir la ciudad de manera sostenible y divertida<\/p>\n<\/li>\n<li data-start=\"720\" data-end=\"813\">\n<p data-start=\"722\" data-end=\"813\" class=\" translation-block\"><strong>E-bikes<\/strong> c\u00f3modas para recorrer trayectos m\u00e1s largos y colinas sin esfuerzo<\/p>\n<\/li>\n<li data-start=\"814\" data-end=\"904\">\n<p data-start=\"816\" data-end=\"904\" class=\" translation-block\"><strong>Bicicletas de monta\u00f1a<\/strong> ideales para los que aman los recorridos off-road y los senderos inmersos en la naturaleza<\/p>\n<\/li>\n<\/ul>\n<p data-start=\"906\" data-end=\"1149\" class=\" translation-block\">Nuestro servicio de alquiler de bicicletas en Polignano est\u00e1 pensado para que vivas tours <strong>autoguiados<\/strong> con total libertad, con el apoyo de un equipo experimentado que te ayudar\u00e1 a elegir el mejor equipo y prepararte de la mejor manera para tu aventura.<\/p>\n<h3 data-start=\"1156\" data-end=\"1196\"><strong>Servicio de entrega y asistencia<\/strong><\/h3>\n<p data-start=\"1198\" data-end=\"1458\">Para garantizar la m\u00e1xima comodidad, ofrecemos la posibilidad de entregar la bicicleta o e-bike directamente en tu alojamiento. Adem\u00e1s, durante todo el alquiler, podr\u00e1s contar con asistencia r\u00e1pida y calificada para resolver cualquier necesidad que tengas.<\/p>\n<h3 data-start=\"1465\" data-end=\"1517\"><strong>\ud83c\udf7d\ufe0f Tour recomendado para vivir la Puglia a 360\u00b0<\/strong><\/h3>\n<p data-start=\"1519\" data-end=\"1830\" class=\" translation-block\">Para una experiencia completa, te recomendamos nuestro <a href=\"https:\/\/pugliamare.it\/esperienze\/polignano-e-conversano-in-bicicletta-con-degustazione\/\" target=\"_self\"><strong data-start=\"1572\" data-end=\"1640\">Tour en bicicleta Polignano a Mare y Conversano con Street Food<\/strong><\/a>, una forma especial de combinar deporte, naturaleza y sabores aut\u00e9nticos. Pedalea por paisajes impresionantes y detente a degustar las delicias locales, sumergi\u00e9ndote completamente en la cultura pugliesa.<\/p>\n<h3 data-start=\"1837\" data-end=\"1905\"><strong>Reserva ahora tu alquiler de bicicleta o e-bike en Polignano a Mare<\/strong><\/h3>\n<p data-start=\"1907\" data-end=\"2180\" class=\" translation-block\">\u00a1No esperes! Reserva ahora tu bicicleta o e-bike para explorar Polignano a Mare y sus alrededores con libertad y diversi\u00f3n. Para cualquier pregunta o solicitud, <a href=\"https:\/\/api.whatsapp.com\/send?phone=393668959532\" target=\"_self\">cont\u00e1ctanos,<\/a> nuestro equipo est\u00e1 a tu disposici\u00f3n para ayudarte a organizar la mejor experiencia al aire libre.<\/p>","protected":false},"excerpt":{"rendered":"<p data-start=\"196\" data-end=\"555\">Descubre Polignano a Mare y sus alrededores de forma independiente alquilando bicicletas y e-bikes. Elige entre bicicletas de ciudad, bicicletas de monta\u00f1a y e-bikes potentes, con entrega disponible bajo solicitud. Vive una experiencia al aire libre \u00fanica, pedaleando entre paisajes impresionantes y pueblos aut\u00e9nticos. \u00a1Reserva ahora tu alquiler de bicicleta para una aventura al aire libre!<\/p>","protected":false},"featured_media":21856,"template":"","meta":{"_acf_changed":false,"inline_featured_image":false},"product_cat":[292,365],"product_tag":[290],"acf":[],"yoast_head":"<!-- This site is optimized with the Yoast SEO Premium plugin v22.8 (Yoast SEO v22.8) - https:\/\/yoast.com\/wordpress\/plugins\/seo\/ -->\n<title>Noleggio Bici e E-Bike Polignano a Mare \u2013 Tour Self-Guided | Pugliamare<\/title>\n<meta name=\"description\" content=\"Noleggia bici e e-bike a Polignano a Mare per tour self-guided. Scopri la costa pugliese con assistenza e consegna su richiesta. Prenota ora!\" \/>\n<meta name=\"robots\" content=\"index, follow, max-snippet:-1, max-image-preview:large, max-video-preview:-1\" \/>\n<link rel=\"canonical\" href=\"https:\/\/pugliamare.it\/es\/esperienze\/noleggio-bici-e-bike-polignano\/\" \/>\n<meta property=\"og:locale\" content=\"es_ES\" \/>\n<meta property=\"og:type\" content=\"article\" \/>\n<meta property=\"og:title\" content=\"Noleggio Bici e E-Bike a Polignano a Mare per Tour Self-Guided\" \/>\n<meta property=\"og:description\" content=\"Noleggia bici e e-bike a Polignano a Mare per tour self-guided. Scopri la costa pugliese con assistenza e consegna su richiesta. Prenota ora!\" \/>\n<meta property=\"og:url\" content=\"https:\/\/pugliamare.it\/es\/esperienze\/noleggio-bici-e-bike-polignano\/\" \/>\n<meta property=\"og:site_name\" content=\"Pugliamare\" \/>\n<meta property=\"article:publisher\" content=\"https:\/\/www.facebook.com\/pugliamarexperience\" \/>\n<meta property=\"article:modified_time\" content=\"2025-07-25T14:54:04+00:00\" \/>\n<meta property=\"og:image\" content=\"https:\/\/pugliamare.it\/wp-content\/uploads\/2024\/04\/AdobeStock_287784926-scaled.jpeg\" \/>\n\t<meta property=\"og:image:width\" content=\"2560\" \/>\n\t<meta property=\"og:image:height\" content=\"1707\" \/>\n\t<meta property=\"og:image:type\" content=\"image\/jpeg\" \/>\n<meta name=\"twitter:card\" content=\"summary_large_image\" \/>\n<script type=\"application\/ld+json\" class=\"yoast-schema-graph\">{\"@context\":\"https:\/\/schema.org\",\"@graph\":[{\"@type\":\"WebPage\",\"@id\":\"https:\/\/pugliamare.it\/esperienze\/noleggio-bici-e-bike-polignano\/\",\"url\":\"https:\/\/pugliamare.it\/esperienze\/noleggio-bici-e-bike-polignano\/\",\"name\":\"Noleggio Bici e E-Bike Polignano a Mare \u2013 Tour Self-Guided | Pugliamare\",\"isPartOf\":{\"@id\":\"https:\/\/pugliamare.it\/en\/#website\"},\"primaryImageOfPage\":{\"@id\":\"https:\/\/pugliamare.it\/esperienze\/noleggio-bici-e-bike-polignano\/#primaryimage\"},\"image\":{\"@id\":\"https:\/\/pugliamare.it\/esperienze\/noleggio-bici-e-bike-polignano\/#primaryimage\"},\"thumbnailUrl\":\"https:\/\/pugliamare.it\/wp-content\/uploads\/2024\/04\/AdobeStock_287784926-scaled.jpeg\",\"datePublished\":\"2024-04-13T14:27:53+00:00\",\"dateModified\":\"2025-07-25T14:54:04+00:00\",\"description\":\"Noleggia bici e e-bike a Polignano a Mare per tour self-guided. Scopri la costa pugliese con assistenza e consegna su richiesta. Prenota ora!\",\"breadcrumb\":{\"@id\":\"https:\/\/pugliamare.it\/esperienze\/noleggio-bici-e-bike-polignano\/#breadcrumb\"},\"inLanguage\":\"es\",\"potentialAction\":[{\"@type\":\"ReadAction\",\"target\":[\"https:\/\/pugliamare.it\/esperienze\/noleggio-bici-e-bike-polignano\/\"]}]},{\"@type\":\"ImageObject\",\"inLanguage\":\"es\",\"@id\":\"https:\/\/pugliamare.it\/esperienze\/noleggio-bici-e-bike-polignano\/#primaryimage\",\"url\":\"https:\/\/pugliamare.it\/wp-content\/uploads\/2024\/04\/AdobeStock_287784926-scaled.jpeg\",\"contentUrl\":\"https:\/\/pugliamare.it\/wp-content\/uploads\/2024\/04\/AdobeStock_287784926-scaled.jpeg\",\"width\":2560,\"height\":1707,\"caption\":\"Noleggio bici o e-bike a Polignano a Mare\"},{\"@type\":\"BreadcrumbList\",\"@id\":\"https:\/\/pugliamare.it\/esperienze\/noleggio-bici-e-bike-polignano\/#breadcrumb\",\"itemListElement\":[{\"@type\":\"ListItem\",\"position\":1,\"name\":\"Home\",\"item\":\"https:\/\/pugliamare.it\/\"},{\"@type\":\"ListItem\",\"position\":2,\"name\":\"Noleggio Bici e E-Bike a Polignano a Mare per Tour Self-Guided\"}]},{\"@type\":\"WebSite\",\"@id\":\"https:\/\/pugliamare.it\/en\/#website\",\"url\":\"https:\/\/pugliamare.it\/en\/\",\"name\":\"Pugliamare\",\"description\":\"Esperienze, Soggiorni e Tour personalizzati in Puglia\",\"publisher\":{\"@id\":\"https:\/\/pugliamare.it\/en\/#organization\"},\"potentialAction\":[{\"@type\":\"SearchAction\",\"target\":{\"@type\":\"EntryPoint\",\"urlTemplate\":\"https:\/\/pugliamare.it\/en\/?s={search_term_string}\"},\"query-input\":\"required name=search_term_string\"}],\"inLanguage\":\"es\"},{\"@type\":\"Organization\",\"@id\":\"https:\/\/pugliamare.it\/en\/#organization\",\"name\":\"Pugliamare srl\",\"url\":\"https:\/\/pugliamare.it\/en\/\",\"logo\":{\"@type\":\"ImageObject\",\"inLanguage\":\"es\",\"@id\":\"https:\/\/pugliamare.it\/en\/#\/schema\/logo\/image\/\",\"url\":\"https:\/\/pugliamare.it\/wp-content\/uploads\/2021\/04\/cropped-cropped-Risorsa-2.png\",\"contentUrl\":\"https:\/\/pugliamare.it\/wp-content\/uploads\/2021\/04\/cropped-cropped-Risorsa-2.png\",\"width\":374,\"height\":117,\"caption\":\"Pugliamare srl\"},\"image\":{\"@id\":\"https:\/\/pugliamare.it\/en\/#\/schema\/logo\/image\/\"},\"sameAs\":[\"https:\/\/www.facebook.com\/pugliamarexperience\",\"https:\/\/www.instagram.com\/pugliamare\/\"]}]}<\/script>\n<!-- \/ Yoast SEO Premium plugin. -->","yoast_head_json":{"title":"Noleggio Bici e E-Bike Polignano a Mare \u2013 Tour Self-Guided | Pugliamare","description":"Noleggia bici e e-bike a Polignano a Mare per tour self-guided. Scopri la costa pugliese con assistenza e consegna su richiesta. Prenota ora!","robots":{"index":"index","follow":"follow","max-snippet":"max-snippet:-1","max-image-preview":"max-image-preview:large","max-video-preview":"max-video-preview:-1"},"canonical":"https:\/\/pugliamare.it\/es\/esperienze\/noleggio-bici-e-bike-polignano\/","og_locale":"es_ES","og_type":"article","og_title":"Noleggio Bici e E-Bike a Polignano a Mare per Tour Self-Guided","og_description":"Noleggia bici e e-bike a Polignano a Mare per tour self-guided. Scopri la costa pugliese con assistenza e consegna su richiesta. Prenota ora!","og_url":"https:\/\/pugliamare.it\/es\/esperienze\/noleggio-bici-e-bike-polignano\/","og_site_name":"Pugliamare","article_publisher":"https:\/\/www.facebook.com\/pugliamarexperience","article_modified_time":"2025-07-25T14:54:04+00:00","og_image":[{"width":2560,"height":1707,"url":"https:\/\/pugliamare.it\/wp-content\/uploads\/2024\/04\/AdobeStock_287784926-scaled.jpeg","type":"image\/jpeg"}],"twitter_card":"summary_large_image","schema":{"@context":"https:\/\/schema.org","@graph":[{"@type":"WebPage","@id":"https:\/\/pugliamare.it\/esperienze\/noleggio-bici-e-bike-polignano\/","url":"https:\/\/pugliamare.it\/esperienze\/noleggio-bici-e-bike-polignano\/","name":"Noleggio Bici e E-Bike Polignano a Mare \u2013 Tour Self-Guided | Pugliamare","isPartOf":{"@id":"https:\/\/pugliamare.it\/en\/#website"},"primaryImageOfPage":{"@id":"https:\/\/pugliamare.it\/esperienze\/noleggio-bici-e-bike-polignano\/#primaryimage"},"image":{"@id":"https:\/\/pugliamare.it\/esperienze\/noleggio-bici-e-bike-polignano\/#primaryimage"},"thumbnailUrl":"https:\/\/pugliamare.it\/wp-content\/uploads\/2024\/04\/AdobeStock_287784926-scaled.jpeg","datePublished":"2024-04-13T14:27:53+00:00","dateModified":"2025-07-25T14:54:04+00:00","description":"Noleggia bici e e-bike a Polignano a Mare per tour self-guided. Scopri la costa pugliese con assistenza e consegna su richiesta. Prenota ora!","breadcrumb":{"@id":"https:\/\/pugliamare.it\/esperienze\/noleggio-bici-e-bike-polignano\/#breadcrumb"},"inLanguage":"es","potentialAction":[{"@type":"ReadAction","target":["https:\/\/pugliamare.it\/esperienze\/noleggio-bici-e-bike-polignano\/"]}]},{"@type":"ImageObject","inLanguage":"es","@id":"https:\/\/pugliamare.it\/esperienze\/noleggio-bici-e-bike-polignano\/#primaryimage","url":"https:\/\/pugliamare.it\/wp-content\/uploads\/2024\/04\/AdobeStock_287784926-scaled.jpeg","contentUrl":"https:\/\/pugliamare.it\/wp-content\/uploads\/2024\/04\/AdobeStock_287784926-scaled.jpeg","width":2560,"height":1707,"caption":"Noleggio bici o e-bike a Polignano a Mare"},{"@type":"BreadcrumbList","@id":"https:\/\/pugliamare.it\/esperienze\/noleggio-bici-e-bike-polignano\/#breadcrumb","itemListElement":[{"@type":"ListItem","position":1,"name":"Home","item":"https:\/\/pugliamare.it\/"},{"@type":"ListItem","position":2,"name":"Noleggio Bici e E-Bike a Polignano a Mare per Tour Self-Guided"}]},{"@type":"WebSite","@id":"https:\/\/pugliamare.it\/en\/#website","url":"https:\/\/pugliamare.it\/en\/","name":"Pugliamare","description":"Esperienze, Soggiorni e Tour personalizzati in Puglia","publisher":{"@id":"https:\/\/pugliamare.it\/en\/#organization"},"potentialAction":[{"@type":"SearchAction","target":{"@type":"EntryPoint","urlTemplate":"https:\/\/pugliamare.it\/en\/?s={search_term_string}"},"query-input":"required name=search_term_string"}],"inLanguage":"es"},{"@type":"Organization","@id":"https:\/\/pugliamare.it\/en\/#organization","name":"Pugliamare srl","url":"https:\/\/pugliamare.it\/en\/","logo":{"@type":"ImageObject","inLanguage":"es","@id":"https:\/\/pugliamare.it\/en\/#\/schema\/logo\/image\/","url":"https:\/\/pugliamare.it\/wp-content\/uploads\/2021\/04\/cropped-cropped-Risorsa-2.png","contentUrl":"https:\/\/pugliamare.it\/wp-content\/uploads\/2021\/04\/cropped-cropped-Risorsa-2.png","width":374,"height":117,"caption":"Pugliamare srl"},"image":{"@id":"https:\/\/pugliamare.it\/en\/#\/schema\/logo\/image\/"},"sameAs":["https:\/\/www.facebook.com\/pugliamarexperience","https:\/\/www.instagram.com\/pugliamare\/"]}]}},"_links":{"self":[{"href":"https:\/\/pugliamare.it\/es\/wp-json\/wp\/v2\/product\/21852"}],"collection":[{"href":"https:\/\/pugliamare.it\/es\/wp-json\/wp\/v2\/product"}],"about":[{"href":"https:\/\/pugliamare.it\/es\/wp-json\/wp\/v2\/types\/product"}],"version-history":[{"count":7,"href":"https:\/\/pugliamare.it\/es\/wp-json\/wp\/v2\/product\/21852\/revisions"}],"predecessor-version":[{"id":33802,"href":"https:\/\/pugliamare.it\/es\/wp-json\/wp\/v2\/product\/21852\/revisions\/33802"}],"wp:featuredmedia":[{"embeddable":true,"href":"https:\/\/pugliamare.it\/es\/wp-json\/wp\/v2\/media\/21856"}],"wp:attachment":[{"href":"https:\/\/pugliamare.it\/es\/wp-json\/wp\/v2\/media?parent=21852"}],"wp:term":[{"taxonomy":"product_cat","embeddable":true,"href":"https:\/\/pugliamare.it\/es\/wp-json\/wp\/v2\/product_cat?post=21852"},{"taxonomy":"product_tag","embeddable":true,"href":"https:\/\/pugliamare.it\/es\/wp-json\/wp\/v2\/product_tag?post=21852"}],"curies":[{"name":"wp","href":"https:\/\/api.w.org\/{rel}","templated":true}]}}