{"id":21925,"date":"2024-04-19T18:21:40","date_gmt":"2024-04-19T16:21:40","guid":{"rendered":"https:\/\/pugliamare.it\/esperienze\/grand-hotel-la-chiusa-di-chietri-4\/"},"modified":"2024-11-29T18:21:39","modified_gmt":"2024-11-29T17:21:39","slug":"grand-hotel-la-chiusa-di-chietri-4","status":"publish","type":"product","link":"https:\/\/pugliamare.it\/es\/esperienze\/grand-hotel-la-chiusa-di-chietri-4\/","title":{"rendered":"Grand Hotel la Chiusa di Chietri 4*: Un Para\u00edso en Apulia"},"content":{"rendered":"<h1>Grand Hotel la Chiusa di Chietri 4*<\/h1>\n<p class=\" translation-block\">El <strong>Grand Hotel la Chiusa di Chietri<\/strong> es un encantador alojamiento situado en el coraz\u00f3n de <a href=\"https:\/\/pugliamare.it\/destinazioni\/\" target=\"_self\"><strong>Apulia<\/strong><\/a>, concretamente en <strong><a href=\"https:\/\/pugliamare.it\/destinazioni\/alberobello\/\" target=\"_self\">Alberobello<\/a><\/strong>, inmerso en un peque\u00f1o pueblo rural de trulli. Este hotel ofrece un entorno \u00fanico, rodeado de amplios jardines adornados con olivos y plantas aut\u00f3ctonas, donde los hu\u00e9spedes pueden pasear y relajarse durante su estancia.<\/p>\n<h3>Ubicaci\u00f3n<\/h3>\n<p class=\" translation-block\">El <strong>Grand Hotel la Chiusa di Chietri<\/strong> se encuentra en la magn\u00edfica <a href=\"https:\/\/pugliamare.it\/destinazioni\/valle-itria\/\" target=\"_self\"><strong>Valle d\u2019Itria<\/strong><\/a>, a pocos kil\u00f3metros de Locorotondo y Martina Franca. Adem\u00e1s, su ubicaci\u00f3n privilegiada permite un f\u00e1cil acceso a la reserva natural \u201cBosco Selva\u201d, un lugar ideal para familias, con \u00e1reas de juegos, zonas de picnic y numerosos senderos para recorrer en bicicleta.<\/p>\n<h3>Habitaciones<\/h3>\n<p class=\" translation-block\">La propiedad cuenta con <strong>8 suites<\/strong>, <strong>32 habitaciones deluxe<\/strong> con balc\u00f3n y hidromasaje, <strong>98 habitaciones est\u00e1ndar<\/strong>, algunas comunicadas, y <strong>6 habitaciones para personas con discapacidad<\/strong>. Cada habitaci\u00f3n est\u00e1 dise\u00f1ada para garantizar el m\u00e1ximo confort y bienestar, haciendo que cada estancia sea una experiencia memorable.<\/p>\n<h3>Restaurante<\/h3>\n<p class=\" translation-block\">El restaurante \u201cNobis\u201d representa un viaje culinario donde la creatividad y la armon\u00eda de sabores se encuentran. Los platos, preparados por un chef de renombre, utilizan solo <strong>ingredientes de alta calidad<\/strong> y cuentan la antigua historia de la tradici\u00f3n popular de Apulia. El <strong>desayuno<\/strong> se sirve en la habitaci\u00f3n o en el hotel, con una selecci\u00f3n de productos de alta calidad para comenzar el d\u00eda de la mejor manera posible.<\/p>\n<h3>Spa<\/h3>\n<p class=\" translation-block\">El centro de bienestar est\u00e1 inspirado en los antiguos recorridos romanos. Aqu\u00ed, los hu\u00e9spedes pueden disfrutar de una <strong>piscina hidro-relax<\/strong>, duchas multisensoriales, un ba\u00f1o romano y un calidarium policrom\u00e1tico. Adem\u00e1s, el \u00e1rea de relax ofrece degustaciones de infusiones, y el acceso al \u00e1rea de fitness siempre est\u00e1 incluido.<\/p>\n<h3>Congresos<\/h3>\n<p class=\" translation-block\">El <strong>Grand Hotel la Chiusa di Chietri<\/strong> est\u00e1 equipado para albergar eventos de todo tipo, gracias a sus <strong>16 salas de reuniones modulares<\/strong> capaces de acomodar de 5 a 1000 personas. Las instalaciones cuentan con tecnolog\u00eda de vanguardia, lo que lo convierte en el lugar ideal para <strong>citas corporativas<\/strong>, seminarios y talleres.<\/p>\n<h3>Aparcamiento<\/h3>\n<p class=\" translation-block\">La propiedad ofrece un amplio <strong>estacionamiento exterior vallado<\/strong> y gratuito, capaz de alojar hasta 600 veh\u00edculos. Los hu\u00e9spedes pueden aparcar con total seguridad y tranquilidad.<\/p>\n<h3>Servicios Adicionales<\/h3>\n<p class=\" translation-block\">La <strong>recepci\u00f3n<\/strong> est\u00e1 disponible las 24 horas, mientras que el servicio de <strong>cuidado de ni\u00f1os<\/strong>, piscina, bar, restaurante y senderos naturales completan la oferta, asegurando una estancia llena de relax y tranquilidad. Tenga en cuenta que no se admiten mascotas.<\/p>\n<p class=\" translation-block\">En conclusi\u00f3n, el <strong>Grand Hotel la Chiusa di Chietri<\/strong> representa una elecci\u00f3n perfecta para quienes desean explorar la belleza de <strong><a href=\"https:\/\/pugliamare.it\/destinazioni\/\" target=\"_self\">Apulia<\/a><\/strong>, combinando comodidad, elegancia y una amplia oferta de servicios. Para verificar la disponibilidad y recibir asistencia, no dude en <a href=\"https:\/\/api.whatsapp.com\/send?phone=390802223620\" target=\"_self\">contactarnos<\/a>. \u00a1Estamos aqu\u00ed para ayudarle!<\/p>","protected":false},"excerpt":{"rendered":"<p>Un&#8217;oasi di eleganza immersa nella Valle d&#8217;Itria, circondata da trulli e ulivi. Con <strong>8 suite<\/strong>, <strong>32 camere deluxe<\/strong> con idromassaggio, e un <strong>ristorante gourmet<\/strong>, offre un&#8217;esperienza unica. Il <strong>centro benessere<\/strong> in stile romano, le <strong>16 sale congressi<\/strong> e un <strong>parcheggio gratuito<\/strong> per 600 auto completano l&#8217;offerta.<\/p>","protected":false},"featured_media":10446,"template":"","meta":{"_acf_changed":false,"inline_featured_image":false},"product_cat":[402],"product_tag":[374],"acf":[],"yoast_head":"<!-- This site is optimized with the Yoast SEO Premium plugin v22.8 (Yoast SEO v22.8) - https:\/\/yoast.com\/wordpress\/plugins\/seo\/ -->\n<title>Grand Hotel la Chiusa di Chietri: Un Paradiso in Puglia | Pugliamare<\/title>\n<meta name=\"description\" content=\"Grand Hotel la Chiusa di Chietri in Puglia: un angolo di paradiso con ristorante, spa e tanti altri servizi per un soggiorno indimenticabile.\" \/>\n<meta name=\"robots\" content=\"index, follow, max-snippet:-1, max-image-preview:large, max-video-preview:-1\" \/>\n<link rel=\"canonical\" href=\"https:\/\/pugliamare.it\/es\/esperienze\/grand-hotel-la-chiusa-di-chietri-4\/\" \/>\n<meta property=\"og:locale\" content=\"es_ES\" \/>\n<meta property=\"og:type\" content=\"article\" \/>\n<meta property=\"og:title\" content=\"Grand Hotel la Chiusa di Chietri 4*: Un Paradiso in Puglia\" \/>\n<meta property=\"og:description\" content=\"Grand Hotel la Chiusa di Chietri in Puglia: un angolo di paradiso con ristorante, spa e tanti altri servizi per un soggiorno indimenticabile.\" \/>\n<meta property=\"og:url\" content=\"https:\/\/pugliamare.it\/es\/esperienze\/grand-hotel-la-chiusa-di-chietri-4\/\" \/>\n<meta property=\"og:site_name\" content=\"Pugliamare\" \/>\n<meta property=\"article:publisher\" content=\"https:\/\/www.facebook.com\/pugliamarexperience\" \/>\n<meta property=\"article:modified_time\" content=\"2024-11-29T17:21:39+00:00\" \/>\n<meta property=\"og:image\" content=\"https:\/\/pugliamare.it\/wp-content\/uploads\/2022\/01\/chiusa-di-chietri-9.jpg\" \/>\n\t<meta property=\"og:image:width\" content=\"1024\" \/>\n\t<meta property=\"og:image:height\" content=\"683\" \/>\n\t<meta property=\"og:image:type\" content=\"image\/jpeg\" \/>\n<meta name=\"twitter:card\" content=\"summary_large_image\" \/>\n<script type=\"application\/ld+json\" class=\"yoast-schema-graph\">{\"@context\":\"https:\/\/schema.org\",\"@graph\":[{\"@type\":\"WebPage\",\"@id\":\"https:\/\/pugliamare.it\/esperienze\/grand-hotel-la-chiusa-di-chietri-4\/\",\"url\":\"https:\/\/pugliamare.it\/esperienze\/grand-hotel-la-chiusa-di-chietri-4\/\",\"name\":\"Grand Hotel la Chiusa di Chietri: Un Paradiso in Puglia | Pugliamare\",\"isPartOf\":{\"@id\":\"https:\/\/pugliamare.it\/en\/#website\"},\"primaryImageOfPage\":{\"@id\":\"https:\/\/pugliamare.it\/esperienze\/grand-hotel-la-chiusa-di-chietri-4\/#primaryimage\"},\"image\":{\"@id\":\"https:\/\/pugliamare.it\/esperienze\/grand-hotel-la-chiusa-di-chietri-4\/#primaryimage\"},\"thumbnailUrl\":\"https:\/\/pugliamare.it\/wp-content\/uploads\/2022\/01\/chiusa-di-chietri-9.jpg\",\"datePublished\":\"2024-04-19T16:21:40+00:00\",\"dateModified\":\"2024-11-29T17:21:39+00:00\",\"description\":\"Grand Hotel la Chiusa di Chietri in Puglia: un angolo di paradiso con ristorante, spa e tanti altri servizi per un soggiorno indimenticabile.\",\"breadcrumb\":{\"@id\":\"https:\/\/pugliamare.it\/esperienze\/grand-hotel-la-chiusa-di-chietri-4\/#breadcrumb\"},\"inLanguage\":\"es\",\"potentialAction\":[{\"@type\":\"ReadAction\",\"target\":[\"https:\/\/pugliamare.it\/esperienze\/grand-hotel-la-chiusa-di-chietri-4\/\"]}]},{\"@type\":\"ImageObject\",\"inLanguage\":\"es\",\"@id\":\"https:\/\/pugliamare.it\/esperienze\/grand-hotel-la-chiusa-di-chietri-4\/#primaryimage\",\"url\":\"https:\/\/pugliamare.it\/wp-content\/uploads\/2022\/01\/chiusa-di-chietri-9.jpg\",\"contentUrl\":\"https:\/\/pugliamare.it\/wp-content\/uploads\/2022\/01\/chiusa-di-chietri-9.jpg\",\"width\":1024,\"height\":683,\"caption\":\"Camera Grand Hotel la Chiusa di Chietri\"},{\"@type\":\"BreadcrumbList\",\"@id\":\"https:\/\/pugliamare.it\/esperienze\/grand-hotel-la-chiusa-di-chietri-4\/#breadcrumb\",\"itemListElement\":[{\"@type\":\"ListItem\",\"position\":1,\"name\":\"Home\",\"item\":\"https:\/\/pugliamare.it\/\"},{\"@type\":\"ListItem\",\"position\":2,\"name\":\"Grand Hotel la Chiusa di Chietri 4*: Un Paradiso in Puglia\"}]},{\"@type\":\"WebSite\",\"@id\":\"https:\/\/pugliamare.it\/en\/#website\",\"url\":\"https:\/\/pugliamare.it\/en\/\",\"name\":\"Pugliamare\",\"description\":\"Esperienze, Soggiorni e Tour personalizzati in Puglia\",\"publisher\":{\"@id\":\"https:\/\/pugliamare.it\/en\/#organization\"},\"potentialAction\":[{\"@type\":\"SearchAction\",\"target\":{\"@type\":\"EntryPoint\",\"urlTemplate\":\"https:\/\/pugliamare.it\/en\/?s={search_term_string}\"},\"query-input\":\"required name=search_term_string\"}],\"inLanguage\":\"es\"},{\"@type\":\"Organization\",\"@id\":\"https:\/\/pugliamare.it\/en\/#organization\",\"name\":\"Pugliamare srl\",\"url\":\"https:\/\/pugliamare.it\/en\/\",\"logo\":{\"@type\":\"ImageObject\",\"inLanguage\":\"es\",\"@id\":\"https:\/\/pugliamare.it\/en\/#\/schema\/logo\/image\/\",\"url\":\"https:\/\/pugliamare.it\/wp-content\/uploads\/2021\/04\/cropped-cropped-Risorsa-2.png\",\"contentUrl\":\"https:\/\/pugliamare.it\/wp-content\/uploads\/2021\/04\/cropped-cropped-Risorsa-2.png\",\"width\":374,\"height\":117,\"caption\":\"Pugliamare srl\"},\"image\":{\"@id\":\"https:\/\/pugliamare.it\/en\/#\/schema\/logo\/image\/\"},\"sameAs\":[\"https:\/\/www.facebook.com\/pugliamarexperience\",\"https:\/\/www.instagram.com\/pugliamare\/\"]}]}<\/script>\n<!-- \/ Yoast SEO Premium plugin. -->","yoast_head_json":{"title":"Grand Hotel la Chiusa di Chietri: Un Paradiso in Puglia | Pugliamare","description":"Grand Hotel la Chiusa di Chietri in Puglia: un angolo di paradiso con ristorante, spa e tanti altri servizi per un soggiorno indimenticabile.","robots":{"index":"index","follow":"follow","max-snippet":"max-snippet:-1","max-image-preview":"max-image-preview:large","max-video-preview":"max-video-preview:-1"},"canonical":"https:\/\/pugliamare.it\/es\/esperienze\/grand-hotel-la-chiusa-di-chietri-4\/","og_locale":"es_ES","og_type":"article","og_title":"Grand Hotel la Chiusa di Chietri 4*: Un Paradiso in Puglia","og_description":"Grand Hotel la Chiusa di Chietri in Puglia: un angolo di paradiso con ristorante, spa e tanti altri servizi per un soggiorno indimenticabile.","og_url":"https:\/\/pugliamare.it\/es\/esperienze\/grand-hotel-la-chiusa-di-chietri-4\/","og_site_name":"Pugliamare","article_publisher":"https:\/\/www.facebook.com\/pugliamarexperience","article_modified_time":"2024-11-29T17:21:39+00:00","og_image":[{"width":1024,"height":683,"url":"https:\/\/pugliamare.it\/wp-content\/uploads\/2022\/01\/chiusa-di-chietri-9.jpg","type":"image\/jpeg"}],"twitter_card":"summary_large_image","schema":{"@context":"https:\/\/schema.org","@graph":[{"@type":"WebPage","@id":"https:\/\/pugliamare.it\/esperienze\/grand-hotel-la-chiusa-di-chietri-4\/","url":"https:\/\/pugliamare.it\/esperienze\/grand-hotel-la-chiusa-di-chietri-4\/","name":"Grand Hotel la Chiusa di Chietri: Un Paradiso in Puglia | Pugliamare","isPartOf":{"@id":"https:\/\/pugliamare.it\/en\/#website"},"primaryImageOfPage":{"@id":"https:\/\/pugliamare.it\/esperienze\/grand-hotel-la-chiusa-di-chietri-4\/#primaryimage"},"image":{"@id":"https:\/\/pugliamare.it\/esperienze\/grand-hotel-la-chiusa-di-chietri-4\/#primaryimage"},"thumbnailUrl":"https:\/\/pugliamare.it\/wp-content\/uploads\/2022\/01\/chiusa-di-chietri-9.jpg","datePublished":"2024-04-19T16:21:40+00:00","dateModified":"2024-11-29T17:21:39+00:00","description":"Grand Hotel la Chiusa di Chietri in Puglia: un angolo di paradiso con ristorante, spa e tanti altri servizi per un soggiorno indimenticabile.","breadcrumb":{"@id":"https:\/\/pugliamare.it\/esperienze\/grand-hotel-la-chiusa-di-chietri-4\/#breadcrumb"},"inLanguage":"es","potentialAction":[{"@type":"ReadAction","target":["https:\/\/pugliamare.it\/esperienze\/grand-hotel-la-chiusa-di-chietri-4\/"]}]},{"@type":"ImageObject","inLanguage":"es","@id":"https:\/\/pugliamare.it\/esperienze\/grand-hotel-la-chiusa-di-chietri-4\/#primaryimage","url":"https:\/\/pugliamare.it\/wp-content\/uploads\/2022\/01\/chiusa-di-chietri-9.jpg","contentUrl":"https:\/\/pugliamare.it\/wp-content\/uploads\/2022\/01\/chiusa-di-chietri-9.jpg","width":1024,"height":683,"caption":"Camera Grand Hotel la Chiusa di Chietri"},{"@type":"BreadcrumbList","@id":"https:\/\/pugliamare.it\/esperienze\/grand-hotel-la-chiusa-di-chietri-4\/#breadcrumb","itemListElement":[{"@type":"ListItem","position":1,"name":"Home","item":"https:\/\/pugliamare.it\/"},{"@type":"ListItem","position":2,"name":"Grand Hotel la Chiusa di Chietri 4*: Un Paradiso in Puglia"}]},{"@type":"WebSite","@id":"https:\/\/pugliamare.it\/en\/#website","url":"https:\/\/pugliamare.it\/en\/","name":"Pugliamare","description":"Esperienze, Soggiorni e Tour personalizzati in Puglia","publisher":{"@id":"https:\/\/pugliamare.it\/en\/#organization"},"potentialAction":[{"@type":"SearchAction","target":{"@type":"EntryPoint","urlTemplate":"https:\/\/pugliamare.it\/en\/?s={search_term_string}"},"query-input":"required name=search_term_string"}],"inLanguage":"es"},{"@type":"Organization","@id":"https:\/\/pugliamare.it\/en\/#organization","name":"Pugliamare srl","url":"https:\/\/pugliamare.it\/en\/","logo":{"@type":"ImageObject","inLanguage":"es","@id":"https:\/\/pugliamare.it\/en\/#\/schema\/logo\/image\/","url":"https:\/\/pugliamare.it\/wp-content\/uploads\/2021\/04\/cropped-cropped-Risorsa-2.png","contentUrl":"https:\/\/pugliamare.it\/wp-content\/uploads\/2021\/04\/cropped-cropped-Risorsa-2.png","width":374,"height":117,"caption":"Pugliamare srl"},"image":{"@id":"https:\/\/pugliamare.it\/en\/#\/schema\/logo\/image\/"},"sameAs":["https:\/\/www.facebook.com\/pugliamarexperience","https:\/\/www.instagram.com\/pugliamare\/"]}]}},"_links":{"self":[{"href":"https:\/\/pugliamare.it\/es\/wp-json\/wp\/v2\/product\/21925"}],"collection":[{"href":"https:\/\/pugliamare.it\/es\/wp-json\/wp\/v2\/product"}],"about":[{"href":"https:\/\/pugliamare.it\/es\/wp-json\/wp\/v2\/types\/product"}],"version-history":[{"count":5,"href":"https:\/\/pugliamare.it\/es\/wp-json\/wp\/v2\/product\/21925\/revisions"}],"predecessor-version":[{"id":29674,"href":"https:\/\/pugliamare.it\/es\/wp-json\/wp\/v2\/product\/21925\/revisions\/29674"}],"wp:featuredmedia":[{"embeddable":true,"href":"https:\/\/pugliamare.it\/es\/wp-json\/wp\/v2\/media\/10446"}],"wp:attachment":[{"href":"https:\/\/pugliamare.it\/es\/wp-json\/wp\/v2\/media?parent=21925"}],"wp:term":[{"taxonomy":"product_cat","embeddable":true,"href":"https:\/\/pugliamare.it\/es\/wp-json\/wp\/v2\/product_cat?post=21925"},{"taxonomy":"product_tag","embeddable":true,"href":"https:\/\/pugliamare.it\/es\/wp-json\/wp\/v2\/product_tag?post=21925"}],"curies":[{"name":"wp","href":"https:\/\/api.w.org\/{rel}","templated":true}]}}