{"id":21926,"date":"2024-04-19T18:21:43","date_gmt":"2024-04-19T16:21:43","guid":{"rendered":"https:\/\/pugliamare.it\/esperienze\/il-simposio-suite\/"},"modified":"2025-08-29T16:41:15","modified_gmt":"2025-08-29T14:41:15","slug":"il-simposio-suite","status":"publish","type":"product","link":"https:\/\/pugliamare.it\/es\/esperienze\/il-simposio-suite\/","title":{"rendered":"Il Simposio Suite: Una Experiencia Rom\u00e1ntica en el Coraz\u00f3n de Apulia"},"content":{"rendered":"<div class=\"flex max-w-full flex-col flex-grow\">\n<div class=\"min-h-[20px] text-message flex w-full flex-col items-end gap-2 whitespace-normal break-words [.text-message+&amp;]:mt-5\" dir=\"auto\" data-message-author-role=\"assistant\" data-message-id=\"eab73850-2f42-4e99-b26f-ecae8c0699c7\">\n<div class=\"flex w-full flex-col gap-1 empty:hidden first:pt-[3px]\">\n<div class=\"markdown prose w-full break-words dark:prose-invert dark\">\n<h3><strong>Ubicaci\u00f3n<\/strong><\/h3>\n<p class=\" translation-block\">El B&amp;B Il Simposio Suite se encuentra <strong>en el centro hist\u00f3rico de <a href=\"https:\/\/pugliamare.it\/destinazioni\/polignano-a-mare\/\" target=\"_self\">Polignano a Mare<\/a><\/strong>, concretamente en <strong>Piazza Vittorio Emanuele II<\/strong>, el vibrante coraz\u00f3n de la <strong>vida nocturna de Polignano<\/strong>. Esta ubicaci\u00f3n estrat\u00e9gica permite a los hu\u00e9spedes sumergirse por completo en la vida nocturna, con restaurantes, bares y eventos que animan las noches, perfecta para parejas que desean vivir momentos inolvidables. De hecho, la ubicaci\u00f3n es tan <strong>c\u00f3moda como encantadora<\/strong>, haciendo que la estancia sea una oportunidad para explorar las bellezas de Polignano.<\/p>\n<h3><strong>Habitaciones<\/strong><\/h3>\n<p class=\" translation-block\">El apartamento del B&amp;B Il Simposio Suite est\u00e1 dise\u00f1ado para garantizar el m\u00e1ximo confort durante su estancia. Est\u00e1 compuesto por un <strong>amplio sal\u00f3n<\/strong> y una <strong>cocina totalmente equipada<\/strong> con utensilios y una <strong>cafetera Nespresso<\/strong>. La <strong>habitaci\u00f3n<\/strong> es un refugio acogedor, mientras que el <strong>ba\u00f1o<\/strong> cuenta con todas las comodidades modernas. Adem\u00e1s, el <strong>sof\u00e1 cama<\/strong> permite alojar c\u00f3modamente a dos personas m\u00e1s, siendo ideal para familias o amigos que viajan juntos. <strong>Aire acondicionado y Wi-Fi<\/strong> est\u00e1n incluidos, asegurando una estancia c\u00f3moda. Los hu\u00e9spedes tambi\u00e9n encontrar\u00e1n <strong>s\u00e1banas y toallas<\/strong> proporcionadas, para que no tengan que preocuparse de nada durante la estancia.<\/p>\n<h3><strong>Servicios<\/strong><\/h3>\n<p class=\" translation-block\">El check-in est\u00e1 disponible a partir de las <strong>13:00<\/strong>, mientras que el check-out est\u00e1 fijado a las <strong>10:00<\/strong>. Adem\u00e1s, para quienes viajan en coche, es importante tener en cuenta que <strong>el estacionamiento p\u00fablico<\/strong> est\u00e1 disponible <strong>gratuitamente en las cercan\u00edas<\/strong>. Se admiten mascotas, lo que hace de Il Simposio Suite una opci\u00f3n excelente para quienes no quieren dejar a su fiel amigo en casa.<\/p>\n<p class=\" translation-block\">En resumen, el B&amp;B Il Simposio Suite es una excelente opci\u00f3n para quienes buscan una experiencia rom\u00e1ntica y animada en <a href=\"https:\/\/pugliamare.it\/destinazioni\/\" target=\"_self\">Apulia<\/a>. Situado en el <strong>coraz\u00f3n de la vida nocturna de Polignano<\/strong>, ofrece todas las comodidades necesarias para unas vacaciones inolvidables. Solo queda reservar y prepararse para descubrir el encanto de Polignano a Mare, donde cada momento es una oportunidad para crear recuerdos especiales. Para consultar la disponibilidad y recibir asistencia, no dude en <a href=\"https:\/\/api.whatsapp.com\/send?phone=390802223620\" target=\"_self\">contactarnos<\/a>. \u00a1Estamos aqu\u00ed para ayudarle!<\/p>\n<\/div>\n<\/div>\n<\/div>\n<\/div>","protected":false},"excerpt":{"rendered":"<p>Situato nel <strong>centro storico di Polignano a Mare<\/strong>, perfetto per coppie che desiderano una vacanza romantica. Offre <strong>comfort<\/strong> moderni, una posizione strategica vicino ai migliori locali e attrazioni, e un&#8217;atmosfera accogliente per un soggiorno indimenticabile.<\/p>","protected":false},"featured_media":11397,"template":"","meta":{"_acf_changed":false,"inline_featured_image":false},"product_cat":[404],"product_tag":[374],"acf":[],"yoast_head":"<!-- This site is optimized with the Yoast SEO Premium plugin v22.8 (Yoast SEO v22.8) - https:\/\/yoast.com\/wordpress\/plugins\/seo\/ -->\n<title>Il Simposio Suite: Un Rifugio nel Cuore di Polignano a Mare| Pugliamare<\/title>\n<meta name=\"description\" content=\"Simposio Suite a Polignano a Mare: un accogliente B&amp;B nel cuore della movida polignanese, ideale per coppie che cercano comfort e divertimento.\" \/>\n<meta name=\"robots\" content=\"index, follow, max-snippet:-1, max-image-preview:large, max-video-preview:-1\" \/>\n<link rel=\"canonical\" href=\"https:\/\/pugliamare.it\/es\/esperienze\/il-simposio-suite\/\" \/>\n<meta property=\"og:locale\" content=\"es_ES\" \/>\n<meta property=\"og:type\" content=\"article\" \/>\n<meta property=\"og:title\" content=\"Il Simposio Suite: Un\u2019Esperienza Romantica nel Cuore della Puglia\" \/>\n<meta property=\"og:description\" content=\"Simposio Suite a Polignano a Mare: un accogliente B&amp;B nel cuore della movida polignanese, ideale per coppie che cercano comfort e divertimento.\" \/>\n<meta property=\"og:url\" content=\"https:\/\/pugliamare.it\/es\/esperienze\/il-simposio-suite\/\" \/>\n<meta property=\"og:site_name\" content=\"Pugliamare\" \/>\n<meta property=\"article:publisher\" content=\"https:\/\/www.facebook.com\/pugliamarexperience\" \/>\n<meta property=\"article:modified_time\" content=\"2025-08-29T14:41:15+00:00\" \/>\n<meta property=\"og:image\" content=\"https:\/\/pugliamare.it\/wp-content\/uploads\/2022\/02\/simposio-2.jpg\" \/>\n\t<meta property=\"og:image:width\" content=\"1200\" \/>\n\t<meta property=\"og:image:height\" content=\"801\" \/>\n\t<meta property=\"og:image:type\" content=\"image\/jpeg\" \/>\n<meta name=\"twitter:card\" content=\"summary_large_image\" \/>\n<script type=\"application\/ld+json\" class=\"yoast-schema-graph\">{\"@context\":\"https:\/\/schema.org\",\"@graph\":[{\"@type\":\"WebPage\",\"@id\":\"https:\/\/pugliamare.it\/esperienze\/il-simposio-suite\/\",\"url\":\"https:\/\/pugliamare.it\/esperienze\/il-simposio-suite\/\",\"name\":\"Il Simposio Suite: Un Rifugio nel Cuore di Polignano a Mare| Pugliamare\",\"isPartOf\":{\"@id\":\"https:\/\/pugliamare.it\/en\/#website\"},\"primaryImageOfPage\":{\"@id\":\"https:\/\/pugliamare.it\/esperienze\/il-simposio-suite\/#primaryimage\"},\"image\":{\"@id\":\"https:\/\/pugliamare.it\/esperienze\/il-simposio-suite\/#primaryimage\"},\"thumbnailUrl\":\"https:\/\/pugliamare.it\/wp-content\/uploads\/2022\/02\/simposio-2.jpg\",\"datePublished\":\"2024-04-19T16:21:43+00:00\",\"dateModified\":\"2025-08-29T14:41:15+00:00\",\"description\":\"Simposio Suite a Polignano a Mare: un accogliente B&B nel cuore della movida polignanese, ideale per coppie che cercano comfort e divertimento.\",\"breadcrumb\":{\"@id\":\"https:\/\/pugliamare.it\/esperienze\/il-simposio-suite\/#breadcrumb\"},\"inLanguage\":\"es\",\"potentialAction\":[{\"@type\":\"ReadAction\",\"target\":[\"https:\/\/pugliamare.it\/esperienze\/il-simposio-suite\/\"]}]},{\"@type\":\"ImageObject\",\"inLanguage\":\"es\",\"@id\":\"https:\/\/pugliamare.it\/esperienze\/il-simposio-suite\/#primaryimage\",\"url\":\"https:\/\/pugliamare.it\/wp-content\/uploads\/2022\/02\/simposio-2.jpg\",\"contentUrl\":\"https:\/\/pugliamare.it\/wp-content\/uploads\/2022\/02\/simposio-2.jpg\",\"width\":1200,\"height\":801,\"caption\":\"Salotto del b&b il simposio suite\"},{\"@type\":\"BreadcrumbList\",\"@id\":\"https:\/\/pugliamare.it\/esperienze\/il-simposio-suite\/#breadcrumb\",\"itemListElement\":[{\"@type\":\"ListItem\",\"position\":1,\"name\":\"Home\",\"item\":\"https:\/\/pugliamare.it\/\"},{\"@type\":\"ListItem\",\"position\":2,\"name\":\"Il Simposio Suite: Un\u2019Esperienza Romantica nel Cuore della Puglia\"}]},{\"@type\":\"WebSite\",\"@id\":\"https:\/\/pugliamare.it\/en\/#website\",\"url\":\"https:\/\/pugliamare.it\/en\/\",\"name\":\"Pugliamare\",\"description\":\"Esperienze, Soggiorni e Tour personalizzati in Puglia\",\"publisher\":{\"@id\":\"https:\/\/pugliamare.it\/en\/#organization\"},\"potentialAction\":[{\"@type\":\"SearchAction\",\"target\":{\"@type\":\"EntryPoint\",\"urlTemplate\":\"https:\/\/pugliamare.it\/en\/?s={search_term_string}\"},\"query-input\":\"required name=search_term_string\"}],\"inLanguage\":\"es\"},{\"@type\":\"Organization\",\"@id\":\"https:\/\/pugliamare.it\/en\/#organization\",\"name\":\"Pugliamare srl\",\"url\":\"https:\/\/pugliamare.it\/en\/\",\"logo\":{\"@type\":\"ImageObject\",\"inLanguage\":\"es\",\"@id\":\"https:\/\/pugliamare.it\/en\/#\/schema\/logo\/image\/\",\"url\":\"https:\/\/pugliamare.it\/wp-content\/uploads\/2021\/04\/cropped-cropped-Risorsa-2.png\",\"contentUrl\":\"https:\/\/pugliamare.it\/wp-content\/uploads\/2021\/04\/cropped-cropped-Risorsa-2.png\",\"width\":374,\"height\":117,\"caption\":\"Pugliamare srl\"},\"image\":{\"@id\":\"https:\/\/pugliamare.it\/en\/#\/schema\/logo\/image\/\"},\"sameAs\":[\"https:\/\/www.facebook.com\/pugliamarexperience\",\"https:\/\/www.instagram.com\/pugliamare\/\"]}]}<\/script>\n<!-- \/ Yoast SEO Premium plugin. -->","yoast_head_json":{"title":"Il Simposio Suite: Un Rifugio nel Cuore di Polignano a Mare| Pugliamare","description":"Simposio Suite a Polignano a Mare: un accogliente B&B nel cuore della movida polignanese, ideale per coppie che cercano comfort e divertimento.","robots":{"index":"index","follow":"follow","max-snippet":"max-snippet:-1","max-image-preview":"max-image-preview:large","max-video-preview":"max-video-preview:-1"},"canonical":"https:\/\/pugliamare.it\/es\/esperienze\/il-simposio-suite\/","og_locale":"es_ES","og_type":"article","og_title":"Il Simposio Suite: Un\u2019Esperienza Romantica nel Cuore della Puglia","og_description":"Simposio Suite a Polignano a Mare: un accogliente B&B nel cuore della movida polignanese, ideale per coppie che cercano comfort e divertimento.","og_url":"https:\/\/pugliamare.it\/es\/esperienze\/il-simposio-suite\/","og_site_name":"Pugliamare","article_publisher":"https:\/\/www.facebook.com\/pugliamarexperience","article_modified_time":"2025-08-29T14:41:15+00:00","og_image":[{"width":1200,"height":801,"url":"https:\/\/pugliamare.it\/wp-content\/uploads\/2022\/02\/simposio-2.jpg","type":"image\/jpeg"}],"twitter_card":"summary_large_image","schema":{"@context":"https:\/\/schema.org","@graph":[{"@type":"WebPage","@id":"https:\/\/pugliamare.it\/esperienze\/il-simposio-suite\/","url":"https:\/\/pugliamare.it\/esperienze\/il-simposio-suite\/","name":"Il Simposio Suite: Un Rifugio nel Cuore di Polignano a Mare| Pugliamare","isPartOf":{"@id":"https:\/\/pugliamare.it\/en\/#website"},"primaryImageOfPage":{"@id":"https:\/\/pugliamare.it\/esperienze\/il-simposio-suite\/#primaryimage"},"image":{"@id":"https:\/\/pugliamare.it\/esperienze\/il-simposio-suite\/#primaryimage"},"thumbnailUrl":"https:\/\/pugliamare.it\/wp-content\/uploads\/2022\/02\/simposio-2.jpg","datePublished":"2024-04-19T16:21:43+00:00","dateModified":"2025-08-29T14:41:15+00:00","description":"Simposio Suite a Polignano a Mare: un accogliente B&B nel cuore della movida polignanese, ideale per coppie che cercano comfort e divertimento.","breadcrumb":{"@id":"https:\/\/pugliamare.it\/esperienze\/il-simposio-suite\/#breadcrumb"},"inLanguage":"es","potentialAction":[{"@type":"ReadAction","target":["https:\/\/pugliamare.it\/esperienze\/il-simposio-suite\/"]}]},{"@type":"ImageObject","inLanguage":"es","@id":"https:\/\/pugliamare.it\/esperienze\/il-simposio-suite\/#primaryimage","url":"https:\/\/pugliamare.it\/wp-content\/uploads\/2022\/02\/simposio-2.jpg","contentUrl":"https:\/\/pugliamare.it\/wp-content\/uploads\/2022\/02\/simposio-2.jpg","width":1200,"height":801,"caption":"Salotto del b&b il simposio suite"},{"@type":"BreadcrumbList","@id":"https:\/\/pugliamare.it\/esperienze\/il-simposio-suite\/#breadcrumb","itemListElement":[{"@type":"ListItem","position":1,"name":"Home","item":"https:\/\/pugliamare.it\/"},{"@type":"ListItem","position":2,"name":"Il Simposio Suite: Un\u2019Esperienza Romantica nel Cuore della Puglia"}]},{"@type":"WebSite","@id":"https:\/\/pugliamare.it\/en\/#website","url":"https:\/\/pugliamare.it\/en\/","name":"Pugliamare","description":"Esperienze, Soggiorni e Tour personalizzati in Puglia","publisher":{"@id":"https:\/\/pugliamare.it\/en\/#organization"},"potentialAction":[{"@type":"SearchAction","target":{"@type":"EntryPoint","urlTemplate":"https:\/\/pugliamare.it\/en\/?s={search_term_string}"},"query-input":"required name=search_term_string"}],"inLanguage":"es"},{"@type":"Organization","@id":"https:\/\/pugliamare.it\/en\/#organization","name":"Pugliamare srl","url":"https:\/\/pugliamare.it\/en\/","logo":{"@type":"ImageObject","inLanguage":"es","@id":"https:\/\/pugliamare.it\/en\/#\/schema\/logo\/image\/","url":"https:\/\/pugliamare.it\/wp-content\/uploads\/2021\/04\/cropped-cropped-Risorsa-2.png","contentUrl":"https:\/\/pugliamare.it\/wp-content\/uploads\/2021\/04\/cropped-cropped-Risorsa-2.png","width":374,"height":117,"caption":"Pugliamare srl"},"image":{"@id":"https:\/\/pugliamare.it\/en\/#\/schema\/logo\/image\/"},"sameAs":["https:\/\/www.facebook.com\/pugliamarexperience","https:\/\/www.instagram.com\/pugliamare\/"]}]}},"_links":{"self":[{"href":"https:\/\/pugliamare.it\/es\/wp-json\/wp\/v2\/product\/21926"}],"collection":[{"href":"https:\/\/pugliamare.it\/es\/wp-json\/wp\/v2\/product"}],"about":[{"href":"https:\/\/pugliamare.it\/es\/wp-json\/wp\/v2\/types\/product"}],"version-history":[{"count":8,"href":"https:\/\/pugliamare.it\/es\/wp-json\/wp\/v2\/product\/21926\/revisions"}],"predecessor-version":[{"id":35325,"href":"https:\/\/pugliamare.it\/es\/wp-json\/wp\/v2\/product\/21926\/revisions\/35325"}],"wp:featuredmedia":[{"embeddable":true,"href":"https:\/\/pugliamare.it\/es\/wp-json\/wp\/v2\/media\/11397"}],"wp:attachment":[{"href":"https:\/\/pugliamare.it\/es\/wp-json\/wp\/v2\/media?parent=21926"}],"wp:term":[{"taxonomy":"product_cat","embeddable":true,"href":"https:\/\/pugliamare.it\/es\/wp-json\/wp\/v2\/product_cat?post=21926"},{"taxonomy":"product_tag","embeddable":true,"href":"https:\/\/pugliamare.it\/es\/wp-json\/wp\/v2\/product_tag?post=21926"}],"curies":[{"name":"wp","href":"https:\/\/api.w.org\/{rel}","templated":true}]}}