{"id":21929,"date":"2024-04-19T18:21:52","date_gmt":"2024-04-19T16:21:52","guid":{"rendered":"https:\/\/pugliamare.it\/esperienze\/marsento\/"},"modified":"2025-08-29T16:41:22","modified_gmt":"2025-08-29T14:41:22","slug":"marsento-resort","status":"publish","type":"product","link":"https:\/\/pugliamare.it\/es\/esperienze\/marsento-resort\/","title":{"rendered":"Marsento Resort: Para\u00edso junto al mar en Polignano"},"content":{"rendered":"<div class=\"flex max-w-full flex-col flex-grow\">\n<div class=\"min-h-8 text-message flex w-full flex-col items-end gap-2 whitespace-normal break-words [.text-message+&amp;]:mt-5\" dir=\"auto\" data-message-author-role=\"assistant\" data-message-id=\"a19b07b6-b5ce-4fea-a2b3-91d9d1c28f03\" data-client-thread-id=\"673b8a41-ef04-8007-9aa8-ed31a803a13a\" data-message-model-slug=\"gpt-4o\">\n<div class=\"flex w-full flex-col gap-1 empty:hidden first:pt-[3px]\">\n<div class=\"markdown prose w-full break-words dark:prose-invert dark\">\n<h3><strong>Ubicaci\u00f3n<\/strong><\/h3>\n<p class=\" translation-block\">El <strong>Marsento Resort<\/strong> se encuentra en la hermosa marina de <a href=\"https:\/\/pugliamare.it\/destinazioni\/polignano-a-mare\/\" target=\"_self\"><strong>Polignano a Mare<\/strong><\/a>, concretamente en la ensenada de <strong>Porto Cavallo<\/strong>, un lugar que combina tranquilidad y belleza natural. Situado entre el puerto tur\u00edstico y la caracter\u00edstica localidad de <strong>San Vito<\/strong>, con sus tradicionales <strong>barcos de pesca coloridos<\/strong>, es el lugar ideal para quienes buscan una estancia aut\u00e9ntica en contacto con el mar.<\/p>\n<h3><strong>Habitaciones<\/strong><\/h3>\n<p class=\" translation-block\">Las suites independientes ofrecen muebles elegantes y sofisticados, elaborados con <strong>madera reciclada de antiguos barcos<\/strong> y <strong>cer\u00e1micas de Apulia<\/strong>. Algunas cuentan con <strong>vista al mar<\/strong> y patio privado, para una experiencia exclusiva. Cada habitaci\u00f3n garantiza el m\u00e1ximo confort gracias a servicios como <strong>aislamiento ac\u00fastico, ba\u00f1o privado, aire acondicionado, TV satelital<\/strong> y productos de aseo incluidos.<\/p>\n<h3><strong>Servicios<\/strong><\/h3>\n<p class=\" translation-block\">Los hu\u00e9spedes pueden relajarse en la <strong>terraza panor\u00e1mica<\/strong> con un <strong>sol\u00e1rium privado<\/strong>, ideal para disfrutar del sol y las vistas. El desayuno, preparado cada ma\u00f1ana, ofrece opciones <strong>continental e ingl\u00e9s<\/strong> con ingredientes de alta calidad. El resort tambi\u00e9n ofrece <strong>estacionamiento privado gratuito<\/strong> y recepci\u00f3n 24 horas, garantizando asistencia constante.<\/p>\n<p class=\" translation-block\">El <strong>Marsento Resort<\/strong> es un destino perfecto para quienes buscan una estancia exclusiva en Polignano a Mare. Su ubicaci\u00f3n \u00fanica, los detalles cuidados de las suites y los servicios de alto nivel hacen de este alojamiento un verdadero rinc\u00f3n del para\u00edso. Solo queda reservar y vivir una experiencia inolvidable junto al mar. Para asistencia y disponibilidad, <a href=\"https:\/\/api.whatsapp.com\/send?phone=390802223620\" target=\"_self\">cont\u00e1ctanos<\/a> ahora!<\/p>\n<\/div>\n<\/div>\n<\/div>\n<\/div>","protected":false},"excerpt":{"rendered":"<p>Un luogo esclusivo a\u00a0<strong>Polignano a Mare<\/strong>\u00a0adagiato sulla splendida insenatura di <strong>Porto Cavallo<\/strong>. Eleganti suite, vista mozzafiato e dettagli unici per un soggiorno indimenticabile!<\/p>","protected":false},"featured_media":11347,"template":"","meta":{"_acf_changed":false,"inline_featured_image":false},"product_cat":[404],"product_tag":[374],"acf":[],"yoast_head":"<!-- This site is optimized with the Yoast SEO Premium plugin v22.8 (Yoast SEO v22.8) - https:\/\/yoast.com\/wordpress\/plugins\/seo\/ -->\n<title>Marsento Resort: Un Paradiso sul Mare a Polignano | Pugliamare<\/title>\n<meta name=\"description\" content=\"Scopri il Marsento Resort, un&#039;oasi esclusiva sul mare a Polignano. Suite eleganti, vista panoramica e servizi di qualit\u00e0 per una vacanza indimenticabile!\" \/>\n<meta name=\"robots\" content=\"index, follow, max-snippet:-1, max-image-preview:large, max-video-preview:-1\" \/>\n<link rel=\"canonical\" href=\"https:\/\/pugliamare.it\/es\/esperienze\/marsento-resort\/\" \/>\n<meta property=\"og:locale\" content=\"es_ES\" \/>\n<meta property=\"og:type\" content=\"article\" \/>\n<meta property=\"og:title\" content=\"Marsento Resort: Il Paradiso sul Mare a Polignano\" \/>\n<meta property=\"og:description\" content=\"Scopri il Marsento Resort, un&#039;oasi esclusiva sul mare a Polignano. Suite eleganti, vista panoramica e servizi di qualit\u00e0 per una vacanza indimenticabile!\" \/>\n<meta property=\"og:url\" content=\"https:\/\/pugliamare.it\/es\/esperienze\/marsento-resort\/\" \/>\n<meta property=\"og:site_name\" content=\"Pugliamare\" \/>\n<meta property=\"article:publisher\" content=\"https:\/\/www.facebook.com\/pugliamarexperience\" \/>\n<meta property=\"article:modified_time\" content=\"2025-08-29T14:41:22+00:00\" \/>\n<meta property=\"og:image\" content=\"https:\/\/pugliamare.it\/wp-content\/uploads\/2022\/02\/marsento-resort-4.jpg\" \/>\n\t<meta property=\"og:image:width\" content=\"1024\" \/>\n\t<meta property=\"og:image:height\" content=\"683\" \/>\n\t<meta property=\"og:image:type\" content=\"image\/jpeg\" \/>\n<meta name=\"twitter:card\" content=\"summary_large_image\" \/>\n<script type=\"application\/ld+json\" class=\"yoast-schema-graph\">{\"@context\":\"https:\/\/schema.org\",\"@graph\":[{\"@type\":\"WebPage\",\"@id\":\"https:\/\/pugliamare.it\/esperienze\/marsento-resort\/\",\"url\":\"https:\/\/pugliamare.it\/esperienze\/marsento-resort\/\",\"name\":\"Marsento Resort: Un Paradiso sul Mare a Polignano | Pugliamare\",\"isPartOf\":{\"@id\":\"https:\/\/pugliamare.it\/en\/#website\"},\"primaryImageOfPage\":{\"@id\":\"https:\/\/pugliamare.it\/esperienze\/marsento-resort\/#primaryimage\"},\"image\":{\"@id\":\"https:\/\/pugliamare.it\/esperienze\/marsento-resort\/#primaryimage\"},\"thumbnailUrl\":\"https:\/\/pugliamare.it\/wp-content\/uploads\/2022\/02\/marsento-resort-4.jpg\",\"datePublished\":\"2024-04-19T16:21:52+00:00\",\"dateModified\":\"2025-08-29T14:41:22+00:00\",\"description\":\"Scopri il Marsento Resort, un'oasi esclusiva sul mare a Polignano. Suite eleganti, vista panoramica e servizi di qualit\u00e0 per una vacanza indimenticabile!\",\"breadcrumb\":{\"@id\":\"https:\/\/pugliamare.it\/esperienze\/marsento-resort\/#breadcrumb\"},\"inLanguage\":\"es\",\"potentialAction\":[{\"@type\":\"ReadAction\",\"target\":[\"https:\/\/pugliamare.it\/esperienze\/marsento-resort\/\"]}]},{\"@type\":\"ImageObject\",\"inLanguage\":\"es\",\"@id\":\"https:\/\/pugliamare.it\/esperienze\/marsento-resort\/#primaryimage\",\"url\":\"https:\/\/pugliamare.it\/wp-content\/uploads\/2022\/02\/marsento-resort-4.jpg\",\"contentUrl\":\"https:\/\/pugliamare.it\/wp-content\/uploads\/2022\/02\/marsento-resort-4.jpg\",\"width\":1024,\"height\":683,\"caption\":\"camera da letto marsento resort\"},{\"@type\":\"BreadcrumbList\",\"@id\":\"https:\/\/pugliamare.it\/esperienze\/marsento-resort\/#breadcrumb\",\"itemListElement\":[{\"@type\":\"ListItem\",\"position\":1,\"name\":\"Home\",\"item\":\"https:\/\/pugliamare.it\/\"},{\"@type\":\"ListItem\",\"position\":2,\"name\":\"Marsento Resort: Il Paradiso sul Mare a Polignano\"}]},{\"@type\":\"WebSite\",\"@id\":\"https:\/\/pugliamare.it\/en\/#website\",\"url\":\"https:\/\/pugliamare.it\/en\/\",\"name\":\"Pugliamare\",\"description\":\"Esperienze, Soggiorni e Tour personalizzati in Puglia\",\"publisher\":{\"@id\":\"https:\/\/pugliamare.it\/en\/#organization\"},\"potentialAction\":[{\"@type\":\"SearchAction\",\"target\":{\"@type\":\"EntryPoint\",\"urlTemplate\":\"https:\/\/pugliamare.it\/en\/?s={search_term_string}\"},\"query-input\":\"required name=search_term_string\"}],\"inLanguage\":\"es\"},{\"@type\":\"Organization\",\"@id\":\"https:\/\/pugliamare.it\/en\/#organization\",\"name\":\"Pugliamare srl\",\"url\":\"https:\/\/pugliamare.it\/en\/\",\"logo\":{\"@type\":\"ImageObject\",\"inLanguage\":\"es\",\"@id\":\"https:\/\/pugliamare.it\/en\/#\/schema\/logo\/image\/\",\"url\":\"https:\/\/pugliamare.it\/wp-content\/uploads\/2021\/04\/cropped-cropped-Risorsa-2.png\",\"contentUrl\":\"https:\/\/pugliamare.it\/wp-content\/uploads\/2021\/04\/cropped-cropped-Risorsa-2.png\",\"width\":374,\"height\":117,\"caption\":\"Pugliamare srl\"},\"image\":{\"@id\":\"https:\/\/pugliamare.it\/en\/#\/schema\/logo\/image\/\"},\"sameAs\":[\"https:\/\/www.facebook.com\/pugliamarexperience\",\"https:\/\/www.instagram.com\/pugliamare\/\"]}]}<\/script>\n<!-- \/ Yoast SEO Premium plugin. -->","yoast_head_json":{"title":"Marsento Resort: Un Paradiso sul Mare a Polignano | Pugliamare","description":"Scopri il Marsento Resort, un'oasi esclusiva sul mare a Polignano. Suite eleganti, vista panoramica e servizi di qualit\u00e0 per una vacanza indimenticabile!","robots":{"index":"index","follow":"follow","max-snippet":"max-snippet:-1","max-image-preview":"max-image-preview:large","max-video-preview":"max-video-preview:-1"},"canonical":"https:\/\/pugliamare.it\/es\/esperienze\/marsento-resort\/","og_locale":"es_ES","og_type":"article","og_title":"Marsento Resort: Il Paradiso sul Mare a Polignano","og_description":"Scopri il Marsento Resort, un'oasi esclusiva sul mare a Polignano. Suite eleganti, vista panoramica e servizi di qualit\u00e0 per una vacanza indimenticabile!","og_url":"https:\/\/pugliamare.it\/es\/esperienze\/marsento-resort\/","og_site_name":"Pugliamare","article_publisher":"https:\/\/www.facebook.com\/pugliamarexperience","article_modified_time":"2025-08-29T14:41:22+00:00","og_image":[{"width":1024,"height":683,"url":"https:\/\/pugliamare.it\/wp-content\/uploads\/2022\/02\/marsento-resort-4.jpg","type":"image\/jpeg"}],"twitter_card":"summary_large_image","schema":{"@context":"https:\/\/schema.org","@graph":[{"@type":"WebPage","@id":"https:\/\/pugliamare.it\/esperienze\/marsento-resort\/","url":"https:\/\/pugliamare.it\/esperienze\/marsento-resort\/","name":"Marsento Resort: Un Paradiso sul Mare a Polignano | Pugliamare","isPartOf":{"@id":"https:\/\/pugliamare.it\/en\/#website"},"primaryImageOfPage":{"@id":"https:\/\/pugliamare.it\/esperienze\/marsento-resort\/#primaryimage"},"image":{"@id":"https:\/\/pugliamare.it\/esperienze\/marsento-resort\/#primaryimage"},"thumbnailUrl":"https:\/\/pugliamare.it\/wp-content\/uploads\/2022\/02\/marsento-resort-4.jpg","datePublished":"2024-04-19T16:21:52+00:00","dateModified":"2025-08-29T14:41:22+00:00","description":"Scopri il Marsento Resort, un'oasi esclusiva sul mare a Polignano. Suite eleganti, vista panoramica e servizi di qualit\u00e0 per una vacanza indimenticabile!","breadcrumb":{"@id":"https:\/\/pugliamare.it\/esperienze\/marsento-resort\/#breadcrumb"},"inLanguage":"es","potentialAction":[{"@type":"ReadAction","target":["https:\/\/pugliamare.it\/esperienze\/marsento-resort\/"]}]},{"@type":"ImageObject","inLanguage":"es","@id":"https:\/\/pugliamare.it\/esperienze\/marsento-resort\/#primaryimage","url":"https:\/\/pugliamare.it\/wp-content\/uploads\/2022\/02\/marsento-resort-4.jpg","contentUrl":"https:\/\/pugliamare.it\/wp-content\/uploads\/2022\/02\/marsento-resort-4.jpg","width":1024,"height":683,"caption":"camera da letto marsento resort"},{"@type":"BreadcrumbList","@id":"https:\/\/pugliamare.it\/esperienze\/marsento-resort\/#breadcrumb","itemListElement":[{"@type":"ListItem","position":1,"name":"Home","item":"https:\/\/pugliamare.it\/"},{"@type":"ListItem","position":2,"name":"Marsento Resort: Il Paradiso sul Mare a Polignano"}]},{"@type":"WebSite","@id":"https:\/\/pugliamare.it\/en\/#website","url":"https:\/\/pugliamare.it\/en\/","name":"Pugliamare","description":"Esperienze, Soggiorni e Tour personalizzati in Puglia","publisher":{"@id":"https:\/\/pugliamare.it\/en\/#organization"},"potentialAction":[{"@type":"SearchAction","target":{"@type":"EntryPoint","urlTemplate":"https:\/\/pugliamare.it\/en\/?s={search_term_string}"},"query-input":"required name=search_term_string"}],"inLanguage":"es"},{"@type":"Organization","@id":"https:\/\/pugliamare.it\/en\/#organization","name":"Pugliamare srl","url":"https:\/\/pugliamare.it\/en\/","logo":{"@type":"ImageObject","inLanguage":"es","@id":"https:\/\/pugliamare.it\/en\/#\/schema\/logo\/image\/","url":"https:\/\/pugliamare.it\/wp-content\/uploads\/2021\/04\/cropped-cropped-Risorsa-2.png","contentUrl":"https:\/\/pugliamare.it\/wp-content\/uploads\/2021\/04\/cropped-cropped-Risorsa-2.png","width":374,"height":117,"caption":"Pugliamare srl"},"image":{"@id":"https:\/\/pugliamare.it\/en\/#\/schema\/logo\/image\/"},"sameAs":["https:\/\/www.facebook.com\/pugliamarexperience","https:\/\/www.instagram.com\/pugliamare\/"]}]}},"_links":{"self":[{"href":"https:\/\/pugliamare.it\/es\/wp-json\/wp\/v2\/product\/21929"}],"collection":[{"href":"https:\/\/pugliamare.it\/es\/wp-json\/wp\/v2\/product"}],"about":[{"href":"https:\/\/pugliamare.it\/es\/wp-json\/wp\/v2\/types\/product"}],"version-history":[{"count":3,"href":"https:\/\/pugliamare.it\/es\/wp-json\/wp\/v2\/product\/21929\/revisions"}],"predecessor-version":[{"id":35326,"href":"https:\/\/pugliamare.it\/es\/wp-json\/wp\/v2\/product\/21929\/revisions\/35326"}],"wp:featuredmedia":[{"embeddable":true,"href":"https:\/\/pugliamare.it\/es\/wp-json\/wp\/v2\/media\/11347"}],"wp:attachment":[{"href":"https:\/\/pugliamare.it\/es\/wp-json\/wp\/v2\/media?parent=21929"}],"wp:term":[{"taxonomy":"product_cat","embeddable":true,"href":"https:\/\/pugliamare.it\/es\/wp-json\/wp\/v2\/product_cat?post=21929"},{"taxonomy":"product_tag","embeddable":true,"href":"https:\/\/pugliamare.it\/es\/wp-json\/wp\/v2\/product_tag?post=21929"}],"curies":[{"name":"wp","href":"https:\/\/api.w.org\/{rel}","templated":true}]}}