{"id":21934,"date":"2024-04-19T18:22:09","date_gmt":"2024-04-19T16:22:09","guid":{"rendered":"https:\/\/pugliamare.it\/esperienze\/masseria-le-cerase\/"},"modified":"2024-11-24T16:39:20","modified_gmt":"2024-11-24T15:39:20","slug":"masseria-le-cerase","status":"publish","type":"product","link":"https:\/\/pugliamare.it\/es\/esperienze\/masseria-le-cerase\/","title":{"rendered":"Masseria Le Cerase: Un Oasis de Tranquilidad en Apulia"},"content":{"rendered":"<h1>Masseria Le Cerase<\/h1>\n<p class=\" translation-block\"><strong>Masseria Le Cerase<\/strong> es un oasis de paz y tranquilidad, rodeada de vegetaci\u00f3n y <strong>18 hect\u00e1reas de olivares, vi\u00f1edos y cerezos<\/strong>. Esta hist\u00f3rica mas\u00eda fortificada del siglo XIX cuenta con elementos \u00fanicos, como &lt;strong&#039;abrevaderos en el sal\u00f3n<\/strong> y la tradicional <strong>trabajo en piedra<\/strong> que impregna toda la propiedad.<\/p>\n<h3>Ubicaci\u00f3n<\/h3>\n<p class=\" translation-block\">Situada a solo <strong>3 km del centro hist\u00f3rico de <a href=\"https:\/\/pugliamare.it\/destinazioni\/conversano\/\" target=\"_self\">Conversano<\/a><\/strong>, Masseria Le Cerase goza de una posici\u00f3n privilegiada para visitar los hermosos pueblos cercanos, como <strong><a href=\"https:\/\/pugliamare.it\/destinazioni\/polignano-a-mare\/\" target=\"_self\">Polignano a Mare<\/a>, <a href=\"https:\/\/pugliamare.it\/destinazioni\/monopoli\/\" target=\"_self\">Monopoli<\/a>, Putignano<\/strong> y todo el <a href=\"https:\/\/pugliamare.it\/destinazioni\/valle-itria\/\" target=\"_self\"><strong>Valle de Itria<\/strong><\/a>. En este entorno, los hu\u00e9spedes pueden disfrutar de la belleza paisaj\u00edstica de la <a href=\"https:\/\/pugliamare.it\/destinazioni\/\" target=\"_self\"><strong>Apulia<\/strong><\/a>.<\/p>\n<h3>Habitaciones<\/h3>\n<p class=\" translation-block\">Masseria Le Cerase es una mas\u00eda de lujo que ofrece <strong>cinco dormitorios<\/strong> completos con cocina, amplio sal\u00f3n y comedor. Se trata de una <strong>casa de vacaciones ideal<\/strong> para familias numerosas o grupos, y toda la propiedad puede alquilarse en exclusiva, alojando hasta <strong>10 personas<\/strong>.<\/p>\n<p class=\" translation-block\"><strong>Entrada:<\/strong> 15:00 h \/ <strong>Salida:<\/strong> 10:00 h<\/p>\n<h3>Restaurante<\/h3>\n<p class=\" translation-block\">El gran comedor puede alojar hasta <strong>100 personas<\/strong>, ofreciendo un entorno espectacular para celebraciones de todo tipo. Las <strong>b\u00f3vedas de piedra<\/strong> y las <strong>ventanas en forma de rendija<\/strong> le dan un aire majestuoso a este espacio r\u00fastico y elegante.<\/p>\n<p class=\" translation-block\">Masseria Le Cerase produce una gran variedad de <strong>productos frescos<\/strong>, lo que permite al chef obtener diariamente frutas, verduras y hierbas org\u00e1nicas directamente de su huerto. El desayuno se sirve en la habitaci\u00f3n o en el comedor, con <strong>productos genuinos y de alta calidad<\/strong>.<\/p>\n<h3>Servicios<\/h3>\n<p class=\" translation-block\">La Masseria cuenta con un <strong>amplio aparcamiento cercado y gratuito<\/strong>. La recepci\u00f3n est\u00e1 disponible <strong>las 24 horas<\/strong> y se <strong>admiten perros<\/strong>, permitiendo que los hu\u00e9spedes disfruten de una estancia completa y sin preocupaciones.<\/p>\n<p class=\" translation-block\">Masseria Le Cerase representa una opci\u00f3n ideal para quienes buscan una estancia inmersa en la naturaleza, con la comodidad y el lujo de una mas\u00eda de alta gama. Una experiencia memorable en la hermosa <strong><a href=\"https:\/\/pugliamare.it\/destinazioni\/\" target=\"_self\">Apulia<\/a><\/strong>, donde la tradici\u00f3n se encuentra con la belleza del paisaje. Para comprobar la disponibilidad y recibir asistencia, no dude en <a href=\"https:\/\/api.whatsapp.com\/send?phone=390802223620\" target=\"_self\">contactarnos<\/a>. \u00a1Estamos aqu\u00ed para ayudarle!<\/p>","protected":false},"excerpt":{"rendered":"<p>Storica masseria fortificata del <strong>1800<\/strong>, immersa in 18 ettari di uliveti e vigneti. Situata a soli <strong>3 km<\/strong> da <strong>Conversano<\/strong>, \u00e8 ideale per esplorare la <strong>Puglia<\/strong>. Offre <strong>camere eleganti<\/strong>, un ampio <strong>ristorante<\/strong> con cucina biologica, e una spaziosa <strong>sala da pranzo<\/strong> per eventi. La struttura \u00e8 perfetta per famiglie o gruppi, ospitando fino a <strong>10 persone<\/strong>.<\/p>","protected":false},"featured_media":10548,"template":"","meta":{"_acf_changed":false,"inline_featured_image":false},"product_cat":[403],"product_tag":[374],"acf":[],"yoast_head":"<!-- This site is optimized with the Yoast SEO Premium plugin v22.8 (Yoast SEO v22.8) - https:\/\/yoast.com\/wordpress\/plugins\/seo\/ -->\n<title>Masseria Le Cerase: Un&#039;Oasi di Tranquillit\u00e0 in Puglia | Pugliamare<\/title>\n<meta name=\"description\" content=\"Masseria Le Cerase: un agriturismo di lusso a Conversano, in Puglia, immerso in uliveti e vigneti, con piscina e ristorante.\" \/>\n<meta name=\"robots\" content=\"index, follow, max-snippet:-1, max-image-preview:large, max-video-preview:-1\" \/>\n<link rel=\"canonical\" href=\"https:\/\/pugliamare.it\/es\/esperienze\/masseria-le-cerase\/\" \/>\n<meta property=\"og:locale\" content=\"es_ES\" \/>\n<meta property=\"og:type\" content=\"article\" \/>\n<meta property=\"og:title\" content=\"Masseria Le Cerase: Un&#039;Oasi di Tranquillit\u00e0 in Puglia\" \/>\n<meta property=\"og:description\" content=\"Masseria Le Cerase: un agriturismo di lusso a Conversano, in Puglia, immerso in uliveti e vigneti, con piscina e ristorante.\" \/>\n<meta property=\"og:url\" content=\"https:\/\/pugliamare.it\/es\/esperienze\/masseria-le-cerase\/\" \/>\n<meta property=\"og:site_name\" content=\"Pugliamare\" \/>\n<meta property=\"article:publisher\" content=\"https:\/\/www.facebook.com\/pugliamarexperience\" \/>\n<meta property=\"article:modified_time\" content=\"2024-11-24T15:39:20+00:00\" \/>\n<meta property=\"og:image\" content=\"https:\/\/pugliamare.it\/wp-content\/uploads\/2022\/01\/masseria-le-cerase-9.jpg\" \/>\n\t<meta property=\"og:image:width\" content=\"1024\" \/>\n\t<meta property=\"og:image:height\" content=\"681\" \/>\n\t<meta property=\"og:image:type\" content=\"image\/jpeg\" \/>\n<meta name=\"twitter:card\" content=\"summary_large_image\" \/>\n<script type=\"application\/ld+json\" class=\"yoast-schema-graph\">{\"@context\":\"https:\/\/schema.org\",\"@graph\":[{\"@type\":\"WebPage\",\"@id\":\"https:\/\/pugliamare.it\/esperienze\/masseria-le-cerase\/\",\"url\":\"https:\/\/pugliamare.it\/esperienze\/masseria-le-cerase\/\",\"name\":\"Masseria Le Cerase: Un'Oasi di Tranquillit\u00e0 in Puglia | Pugliamare\",\"isPartOf\":{\"@id\":\"https:\/\/pugliamare.it\/en\/#website\"},\"primaryImageOfPage\":{\"@id\":\"https:\/\/pugliamare.it\/esperienze\/masseria-le-cerase\/#primaryimage\"},\"image\":{\"@id\":\"https:\/\/pugliamare.it\/esperienze\/masseria-le-cerase\/#primaryimage\"},\"thumbnailUrl\":\"https:\/\/pugliamare.it\/wp-content\/uploads\/2022\/01\/masseria-le-cerase-9.jpg\",\"datePublished\":\"2024-04-19T16:22:09+00:00\",\"dateModified\":\"2024-11-24T15:39:20+00:00\",\"description\":\"Masseria Le Cerase: un agriturismo di lusso a Conversano, in Puglia, immerso in uliveti e vigneti, con piscina e ristorante.\",\"breadcrumb\":{\"@id\":\"https:\/\/pugliamare.it\/esperienze\/masseria-le-cerase\/#breadcrumb\"},\"inLanguage\":\"es\",\"potentialAction\":[{\"@type\":\"ReadAction\",\"target\":[\"https:\/\/pugliamare.it\/esperienze\/masseria-le-cerase\/\"]}]},{\"@type\":\"ImageObject\",\"inLanguage\":\"es\",\"@id\":\"https:\/\/pugliamare.it\/esperienze\/masseria-le-cerase\/#primaryimage\",\"url\":\"https:\/\/pugliamare.it\/wp-content\/uploads\/2022\/01\/masseria-le-cerase-9.jpg\",\"contentUrl\":\"https:\/\/pugliamare.it\/wp-content\/uploads\/2022\/01\/masseria-le-cerase-9.jpg\",\"width\":1024,\"height\":681,\"caption\":\"Atrio masseria le cerase\"},{\"@type\":\"BreadcrumbList\",\"@id\":\"https:\/\/pugliamare.it\/esperienze\/masseria-le-cerase\/#breadcrumb\",\"itemListElement\":[{\"@type\":\"ListItem\",\"position\":1,\"name\":\"Home\",\"item\":\"https:\/\/pugliamare.it\/\"},{\"@type\":\"ListItem\",\"position\":2,\"name\":\"Masseria Le Cerase: Un&#8217;Oasi di Tranquillit\u00e0 in Puglia\"}]},{\"@type\":\"WebSite\",\"@id\":\"https:\/\/pugliamare.it\/en\/#website\",\"url\":\"https:\/\/pugliamare.it\/en\/\",\"name\":\"Pugliamare\",\"description\":\"Esperienze, Soggiorni e Tour personalizzati in Puglia\",\"publisher\":{\"@id\":\"https:\/\/pugliamare.it\/en\/#organization\"},\"potentialAction\":[{\"@type\":\"SearchAction\",\"target\":{\"@type\":\"EntryPoint\",\"urlTemplate\":\"https:\/\/pugliamare.it\/en\/?s={search_term_string}\"},\"query-input\":\"required name=search_term_string\"}],\"inLanguage\":\"es\"},{\"@type\":\"Organization\",\"@id\":\"https:\/\/pugliamare.it\/en\/#organization\",\"name\":\"Pugliamare srl\",\"url\":\"https:\/\/pugliamare.it\/en\/\",\"logo\":{\"@type\":\"ImageObject\",\"inLanguage\":\"es\",\"@id\":\"https:\/\/pugliamare.it\/en\/#\/schema\/logo\/image\/\",\"url\":\"https:\/\/pugliamare.it\/wp-content\/uploads\/2021\/04\/cropped-cropped-Risorsa-2.png\",\"contentUrl\":\"https:\/\/pugliamare.it\/wp-content\/uploads\/2021\/04\/cropped-cropped-Risorsa-2.png\",\"width\":374,\"height\":117,\"caption\":\"Pugliamare srl\"},\"image\":{\"@id\":\"https:\/\/pugliamare.it\/en\/#\/schema\/logo\/image\/\"},\"sameAs\":[\"https:\/\/www.facebook.com\/pugliamarexperience\",\"https:\/\/www.instagram.com\/pugliamare\/\"]}]}<\/script>\n<!-- \/ Yoast SEO Premium plugin. -->","yoast_head_json":{"title":"Masseria Le Cerase: Un'Oasi di Tranquillit\u00e0 in Puglia | Pugliamare","description":"Masseria Le Cerase: un agriturismo di lusso a Conversano, in Puglia, immerso in uliveti e vigneti, con piscina e ristorante.","robots":{"index":"index","follow":"follow","max-snippet":"max-snippet:-1","max-image-preview":"max-image-preview:large","max-video-preview":"max-video-preview:-1"},"canonical":"https:\/\/pugliamare.it\/es\/esperienze\/masseria-le-cerase\/","og_locale":"es_ES","og_type":"article","og_title":"Masseria Le Cerase: Un'Oasi di Tranquillit\u00e0 in Puglia","og_description":"Masseria Le Cerase: un agriturismo di lusso a Conversano, in Puglia, immerso in uliveti e vigneti, con piscina e ristorante.","og_url":"https:\/\/pugliamare.it\/es\/esperienze\/masseria-le-cerase\/","og_site_name":"Pugliamare","article_publisher":"https:\/\/www.facebook.com\/pugliamarexperience","article_modified_time":"2024-11-24T15:39:20+00:00","og_image":[{"width":1024,"height":681,"url":"https:\/\/pugliamare.it\/wp-content\/uploads\/2022\/01\/masseria-le-cerase-9.jpg","type":"image\/jpeg"}],"twitter_card":"summary_large_image","schema":{"@context":"https:\/\/schema.org","@graph":[{"@type":"WebPage","@id":"https:\/\/pugliamare.it\/esperienze\/masseria-le-cerase\/","url":"https:\/\/pugliamare.it\/esperienze\/masseria-le-cerase\/","name":"Masseria Le Cerase: Un'Oasi di Tranquillit\u00e0 in Puglia | Pugliamare","isPartOf":{"@id":"https:\/\/pugliamare.it\/en\/#website"},"primaryImageOfPage":{"@id":"https:\/\/pugliamare.it\/esperienze\/masseria-le-cerase\/#primaryimage"},"image":{"@id":"https:\/\/pugliamare.it\/esperienze\/masseria-le-cerase\/#primaryimage"},"thumbnailUrl":"https:\/\/pugliamare.it\/wp-content\/uploads\/2022\/01\/masseria-le-cerase-9.jpg","datePublished":"2024-04-19T16:22:09+00:00","dateModified":"2024-11-24T15:39:20+00:00","description":"Masseria Le Cerase: un agriturismo di lusso a Conversano, in Puglia, immerso in uliveti e vigneti, con piscina e ristorante.","breadcrumb":{"@id":"https:\/\/pugliamare.it\/esperienze\/masseria-le-cerase\/#breadcrumb"},"inLanguage":"es","potentialAction":[{"@type":"ReadAction","target":["https:\/\/pugliamare.it\/esperienze\/masseria-le-cerase\/"]}]},{"@type":"ImageObject","inLanguage":"es","@id":"https:\/\/pugliamare.it\/esperienze\/masseria-le-cerase\/#primaryimage","url":"https:\/\/pugliamare.it\/wp-content\/uploads\/2022\/01\/masseria-le-cerase-9.jpg","contentUrl":"https:\/\/pugliamare.it\/wp-content\/uploads\/2022\/01\/masseria-le-cerase-9.jpg","width":1024,"height":681,"caption":"Atrio masseria le cerase"},{"@type":"BreadcrumbList","@id":"https:\/\/pugliamare.it\/esperienze\/masseria-le-cerase\/#breadcrumb","itemListElement":[{"@type":"ListItem","position":1,"name":"Home","item":"https:\/\/pugliamare.it\/"},{"@type":"ListItem","position":2,"name":"Masseria Le Cerase: Un&#8217;Oasi di Tranquillit\u00e0 in Puglia"}]},{"@type":"WebSite","@id":"https:\/\/pugliamare.it\/en\/#website","url":"https:\/\/pugliamare.it\/en\/","name":"Pugliamare","description":"Esperienze, Soggiorni e Tour personalizzati in Puglia","publisher":{"@id":"https:\/\/pugliamare.it\/en\/#organization"},"potentialAction":[{"@type":"SearchAction","target":{"@type":"EntryPoint","urlTemplate":"https:\/\/pugliamare.it\/en\/?s={search_term_string}"},"query-input":"required name=search_term_string"}],"inLanguage":"es"},{"@type":"Organization","@id":"https:\/\/pugliamare.it\/en\/#organization","name":"Pugliamare srl","url":"https:\/\/pugliamare.it\/en\/","logo":{"@type":"ImageObject","inLanguage":"es","@id":"https:\/\/pugliamare.it\/en\/#\/schema\/logo\/image\/","url":"https:\/\/pugliamare.it\/wp-content\/uploads\/2021\/04\/cropped-cropped-Risorsa-2.png","contentUrl":"https:\/\/pugliamare.it\/wp-content\/uploads\/2021\/04\/cropped-cropped-Risorsa-2.png","width":374,"height":117,"caption":"Pugliamare srl"},"image":{"@id":"https:\/\/pugliamare.it\/en\/#\/schema\/logo\/image\/"},"sameAs":["https:\/\/www.facebook.com\/pugliamarexperience","https:\/\/www.instagram.com\/pugliamare\/"]}]}},"_links":{"self":[{"href":"https:\/\/pugliamare.it\/es\/wp-json\/wp\/v2\/product\/21934"}],"collection":[{"href":"https:\/\/pugliamare.it\/es\/wp-json\/wp\/v2\/product"}],"about":[{"href":"https:\/\/pugliamare.it\/es\/wp-json\/wp\/v2\/types\/product"}],"version-history":[{"count":5,"href":"https:\/\/pugliamare.it\/es\/wp-json\/wp\/v2\/product\/21934\/revisions"}],"predecessor-version":[{"id":28641,"href":"https:\/\/pugliamare.it\/es\/wp-json\/wp\/v2\/product\/21934\/revisions\/28641"}],"wp:featuredmedia":[{"embeddable":true,"href":"https:\/\/pugliamare.it\/es\/wp-json\/wp\/v2\/media\/10548"}],"wp:attachment":[{"href":"https:\/\/pugliamare.it\/es\/wp-json\/wp\/v2\/media?parent=21934"}],"wp:term":[{"taxonomy":"product_cat","embeddable":true,"href":"https:\/\/pugliamare.it\/es\/wp-json\/wp\/v2\/product_cat?post=21934"},{"taxonomy":"product_tag","embeddable":true,"href":"https:\/\/pugliamare.it\/es\/wp-json\/wp\/v2\/product_tag?post=21934"}],"curies":[{"name":"wp","href":"https:\/\/api.w.org\/{rel}","templated":true}]}}