{"id":21935,"date":"2024-04-19T18:22:12","date_gmt":"2024-04-19T16:22:12","guid":{"rendered":"https:\/\/pugliamare.it\/esperienze\/masseria-le-torri\/"},"modified":"2025-08-29T15:51:50","modified_gmt":"2025-08-29T13:51:50","slug":"masseria-le-torri","status":"publish","type":"product","link":"https:\/\/pugliamare.it\/es\/esperienze\/masseria-le-torri\/","title":{"rendered":"Masseria Le Torri: Lujo y Tradici\u00f3n en el Coraz\u00f3n de Apulia"},"content":{"rendered":"<h3><strong>Ubicaci\u00f3n<\/strong><\/h3>\n<p class=\" translation-block\">Situada en <a href=\"https:\/\/pugliamare.it\/destinazioni\/polignano-a-mare\/\" target=\"_self\"><strong>Polignano a Mare<\/strong><\/a>, en una zona tranquila, Masseria Le Torri se encuentra a solo <strong>5 km<\/strong> del centro hist\u00f3rico y de lugares emblem\u00e1ticos como <a href=\"https:\/\/pugliamare.it\/lama-monachile-cala-porto\/\" target=\"_self\"><strong>Lama Monachile<\/strong><\/a>, la estatua de <strong>Domenico Modugno<\/strong> y la impresionante <strong>Grotta Palazzese<\/strong>. Gracias a su ubicaci\u00f3n, la masseria es perfecta para quienes desean explorar Apulia y disfrutar de una experiencia inmersa en la naturaleza.<\/p>\n<h3><strong>La Propiedad<\/strong><\/h3>\n<p class=\" translation-block\">Masseria Le Torri es una <strong>masseria del siglo XVII<\/strong>, cuidadosamente restaurada para que la elegancia de la cal blanca y la piedra se combine con la naturaleza circundante, caracterizada por olivos, laureles y cerezos. Este entorno crea una atm\u00f3sfera perfecta para relajarse y respirar el aut\u00e9ntico aire de Apulia. Durante la estancia, se pueden disfrutar de espl\u00e9ndidos <strong>espacios exteriores<\/strong>, incluidos un amplio jard\u00edn y una <strong>piscina<\/strong> equipada con tumbonas y un bar, donde degustar refrescantes c\u00f3cteles y aperitivos t\u00edpicos.<\/p>\n<h3><strong>Habitaciones<\/strong><\/h3>\n<p class=\" translation-block\">Las <strong>habitaciones<\/strong> de Masseria Le Torri son espacios elegantes, decorados con telas ligeras y transparentes, suelos de alta calidad y detalles decorativos que evocan el esp\u00edritu rural de la masseria. La cal viva de las paredes y los detalles hist\u00f3ricos aportan un encanto \u00fanico, haciendo que cada estancia sea memorable. Algunas habitaciones ofrecen <strong>patio privado<\/strong>, <strong>chimenea<\/strong> y vistas al mar o al jard\u00edn. Cada habitaci\u00f3n cuenta con comodidades modernas, incluyendo <strong>TV de pantalla plana<\/strong>, <strong>ba\u00f1o privado<\/strong> con albornoces, zapatillas y set de cortes\u00eda, permitiendo a los hu\u00e9spedes relajarse por completo.<\/p>\n<h3><strong>Desayuno<\/strong><\/h3>\n<p class=\" translation-block\">Cada ma\u00f1ana, el <strong>desayuno<\/strong> se sirve en la habitaci\u00f3n o en el comedor e incluye <strong>productos frescos<\/strong> y de alta calidad. Antiguamente, en la masseria, en el \u00e1rea de desayuno se extend\u00edan las almendras para secarlas; ahora es el lugar perfecto para disfrutar de <strong>tartas<\/strong> y <strong>croissants<\/strong>, en un ambiente que evoca el pasado de la masseria.<\/p>\n<h3><strong>Servicios<\/strong><\/h3>\n<ul>\n<li class=\" translation-block\"><strong>Piscina al aire libre equipada<\/strong><\/li>\n<li class=\" translation-block\"><strong>Bar junto a la piscina<\/strong><\/li>\n<li><strong>Recepci\u00f3n 24\/7<\/strong><\/li>\n<li class=\" translation-block\"><strong>Estacionamiento gratuito y cerrado<\/strong><\/li>\n<li class=\" translation-block\"><b>Perros<\/b><span style=\"font-weight: 400\"> admitidos<\/span><\/li>\n<\/ul>\n<p class=\" translation-block\">Masseria Le Torri es perfecta para quienes buscan una estancia de <strong>lujo y relax<\/strong> en <a href=\"https:\/\/pugliamare.it\/destinazioni\/\" target=\"_self\">Apulia<\/a>, inmersos en la historia y la naturaleza, pero con todas las <strong>comodidades modernas<\/strong>. Para verificar la disponibilidad y recibir asistencia, no dudes en <a href=\"https:\/\/api.whatsapp.com\/send?phone=390802223620\" target=\"_self\">contactarnos<\/a>. \u00a1Estamos aqu\u00ed para ayudarte!<\/p>","protected":false},"excerpt":{"rendered":"<div class=\"flex-shrink-0 flex flex-col relative items-end\">\n<div>\n<div class=\"pt-0\">\n<div class=\"gizmo-bot-avatar flex h-8 w-8 items-center justify-center overflow-hidden rounded-full\">\n<div class=\"relative p-1 rounded-sm flex items-center justify-center bg-token-main-surface-primary text-token-text-primary h-8 w-8\"><strong>\u00a0Masseria Le Torri<\/strong> si trova a <strong>Polignano a Mare<\/strong>, a 5 km dal centro. Risalente al <strong>\u2018600<\/strong>, \u00e8 stata restaurata per combinare eleganza e natura. Le camere offrono <strong>vista mare<\/strong> o sul giardino e sono dotate di <strong>comfort moderni<\/strong>. La <strong>piscina all\u2019aperto<\/strong> e il <strong>bar<\/strong> a bordo piscina permettono momenti di relax. La colazione include <strong>prodotti freschi<\/strong> e pu\u00f2 essere servita in camera.<\/div>\n<\/div>\n<\/div>\n<\/div>\n<\/div>","protected":false},"featured_media":11559,"template":"","meta":{"_acf_changed":false,"inline_featured_image":false},"product_cat":[403],"product_tag":[374],"acf":[],"yoast_head":"<!-- This site is optimized with the Yoast SEO Premium plugin v22.8 (Yoast SEO v22.8) - https:\/\/yoast.com\/wordpress\/plugins\/seo\/ -->\n<title>Masseria Le Torri: Lusso e Tradizione nel Cuore della Puglia | Pugliamare<\/title>\n<meta name=\"description\" content=\"Scopri Masseria Le Torri: un&#039;elegante dimora del &#039;600 con piscina a Polignano a Mare, per un soggiorno indimenticabile tra relax e tradizione.\" \/>\n<meta name=\"robots\" content=\"index, follow, max-snippet:-1, max-image-preview:large, max-video-preview:-1\" \/>\n<link rel=\"canonical\" href=\"https:\/\/pugliamare.it\/es\/esperienze\/masseria-le-torri\/\" \/>\n<meta property=\"og:locale\" content=\"es_ES\" \/>\n<meta property=\"og:type\" content=\"article\" \/>\n<meta property=\"og:title\" content=\"Masseria Le Torri: Lusso e Tradizione nel Cuore della Puglia\" \/>\n<meta property=\"og:description\" content=\"Scopri Masseria Le Torri: un&#039;elegante dimora del &#039;600 con piscina a Polignano a Mare, per un soggiorno indimenticabile tra relax e tradizione.\" \/>\n<meta property=\"og:url\" content=\"https:\/\/pugliamare.it\/es\/esperienze\/masseria-le-torri\/\" \/>\n<meta property=\"og:site_name\" content=\"Pugliamare\" \/>\n<meta property=\"article:publisher\" content=\"https:\/\/www.facebook.com\/pugliamarexperience\" \/>\n<meta property=\"article:modified_time\" content=\"2025-08-29T13:51:50+00:00\" \/>\n<meta property=\"og:image\" content=\"https:\/\/pugliamare.it\/wp-content\/uploads\/2022\/03\/Masseria-Le-Torri-25.jpg\" \/>\n\t<meta property=\"og:image:width\" content=\"1920\" \/>\n\t<meta property=\"og:image:height\" content=\"1282\" \/>\n\t<meta property=\"og:image:type\" content=\"image\/jpeg\" \/>\n<meta name=\"twitter:card\" content=\"summary_large_image\" \/>\n<script type=\"application\/ld+json\" class=\"yoast-schema-graph\">{\"@context\":\"https:\/\/schema.org\",\"@graph\":[{\"@type\":\"WebPage\",\"@id\":\"https:\/\/pugliamare.it\/esperienze\/masseria-le-torri\/\",\"url\":\"https:\/\/pugliamare.it\/esperienze\/masseria-le-torri\/\",\"name\":\"Masseria Le Torri: Lusso e Tradizione nel Cuore della Puglia | Pugliamare\",\"isPartOf\":{\"@id\":\"https:\/\/pugliamare.it\/en\/#website\"},\"primaryImageOfPage\":{\"@id\":\"https:\/\/pugliamare.it\/esperienze\/masseria-le-torri\/#primaryimage\"},\"image\":{\"@id\":\"https:\/\/pugliamare.it\/esperienze\/masseria-le-torri\/#primaryimage\"},\"thumbnailUrl\":\"https:\/\/pugliamare.it\/wp-content\/uploads\/2022\/03\/Masseria-Le-Torri-25.jpg\",\"datePublished\":\"2024-04-19T16:22:12+00:00\",\"dateModified\":\"2025-08-29T13:51:50+00:00\",\"description\":\"Scopri Masseria Le Torri: un'elegante dimora del '600 con piscina a Polignano a Mare, per un soggiorno indimenticabile tra relax e tradizione.\",\"breadcrumb\":{\"@id\":\"https:\/\/pugliamare.it\/esperienze\/masseria-le-torri\/#breadcrumb\"},\"inLanguage\":\"es\",\"potentialAction\":[{\"@type\":\"ReadAction\",\"target\":[\"https:\/\/pugliamare.it\/esperienze\/masseria-le-torri\/\"]}]},{\"@type\":\"ImageObject\",\"inLanguage\":\"es\",\"@id\":\"https:\/\/pugliamare.it\/esperienze\/masseria-le-torri\/#primaryimage\",\"url\":\"https:\/\/pugliamare.it\/wp-content\/uploads\/2022\/03\/Masseria-Le-Torri-25.jpg\",\"contentUrl\":\"https:\/\/pugliamare.it\/wp-content\/uploads\/2022\/03\/Masseria-Le-Torri-25.jpg\",\"width\":1920,\"height\":1282,\"caption\":\"masseria le torri all'esterno\"},{\"@type\":\"BreadcrumbList\",\"@id\":\"https:\/\/pugliamare.it\/esperienze\/masseria-le-torri\/#breadcrumb\",\"itemListElement\":[{\"@type\":\"ListItem\",\"position\":1,\"name\":\"Home\",\"item\":\"https:\/\/pugliamare.it\/\"},{\"@type\":\"ListItem\",\"position\":2,\"name\":\"Masseria Le Torri: Lusso e Tradizione nel Cuore della Puglia\"}]},{\"@type\":\"WebSite\",\"@id\":\"https:\/\/pugliamare.it\/en\/#website\",\"url\":\"https:\/\/pugliamare.it\/en\/\",\"name\":\"Pugliamare\",\"description\":\"Esperienze, Soggiorni e Tour personalizzati in Puglia\",\"publisher\":{\"@id\":\"https:\/\/pugliamare.it\/en\/#organization\"},\"potentialAction\":[{\"@type\":\"SearchAction\",\"target\":{\"@type\":\"EntryPoint\",\"urlTemplate\":\"https:\/\/pugliamare.it\/en\/?s={search_term_string}\"},\"query-input\":\"required name=search_term_string\"}],\"inLanguage\":\"es\"},{\"@type\":\"Organization\",\"@id\":\"https:\/\/pugliamare.it\/en\/#organization\",\"name\":\"Pugliamare srl\",\"url\":\"https:\/\/pugliamare.it\/en\/\",\"logo\":{\"@type\":\"ImageObject\",\"inLanguage\":\"es\",\"@id\":\"https:\/\/pugliamare.it\/en\/#\/schema\/logo\/image\/\",\"url\":\"https:\/\/pugliamare.it\/wp-content\/uploads\/2021\/04\/cropped-cropped-Risorsa-2.png\",\"contentUrl\":\"https:\/\/pugliamare.it\/wp-content\/uploads\/2021\/04\/cropped-cropped-Risorsa-2.png\",\"width\":374,\"height\":117,\"caption\":\"Pugliamare srl\"},\"image\":{\"@id\":\"https:\/\/pugliamare.it\/en\/#\/schema\/logo\/image\/\"},\"sameAs\":[\"https:\/\/www.facebook.com\/pugliamarexperience\",\"https:\/\/www.instagram.com\/pugliamare\/\"]}]}<\/script>\n<!-- \/ Yoast SEO Premium plugin. -->","yoast_head_json":{"title":"Masseria Le Torri: Lusso e Tradizione nel Cuore della Puglia | Pugliamare","description":"Scopri Masseria Le Torri: un'elegante dimora del '600 con piscina a Polignano a Mare, per un soggiorno indimenticabile tra relax e tradizione.","robots":{"index":"index","follow":"follow","max-snippet":"max-snippet:-1","max-image-preview":"max-image-preview:large","max-video-preview":"max-video-preview:-1"},"canonical":"https:\/\/pugliamare.it\/es\/esperienze\/masseria-le-torri\/","og_locale":"es_ES","og_type":"article","og_title":"Masseria Le Torri: Lusso e Tradizione nel Cuore della Puglia","og_description":"Scopri Masseria Le Torri: un'elegante dimora del '600 con piscina a Polignano a Mare, per un soggiorno indimenticabile tra relax e tradizione.","og_url":"https:\/\/pugliamare.it\/es\/esperienze\/masseria-le-torri\/","og_site_name":"Pugliamare","article_publisher":"https:\/\/www.facebook.com\/pugliamarexperience","article_modified_time":"2025-08-29T13:51:50+00:00","og_image":[{"width":1920,"height":1282,"url":"https:\/\/pugliamare.it\/wp-content\/uploads\/2022\/03\/Masseria-Le-Torri-25.jpg","type":"image\/jpeg"}],"twitter_card":"summary_large_image","schema":{"@context":"https:\/\/schema.org","@graph":[{"@type":"WebPage","@id":"https:\/\/pugliamare.it\/esperienze\/masseria-le-torri\/","url":"https:\/\/pugliamare.it\/esperienze\/masseria-le-torri\/","name":"Masseria Le Torri: Lusso e Tradizione nel Cuore della Puglia | Pugliamare","isPartOf":{"@id":"https:\/\/pugliamare.it\/en\/#website"},"primaryImageOfPage":{"@id":"https:\/\/pugliamare.it\/esperienze\/masseria-le-torri\/#primaryimage"},"image":{"@id":"https:\/\/pugliamare.it\/esperienze\/masseria-le-torri\/#primaryimage"},"thumbnailUrl":"https:\/\/pugliamare.it\/wp-content\/uploads\/2022\/03\/Masseria-Le-Torri-25.jpg","datePublished":"2024-04-19T16:22:12+00:00","dateModified":"2025-08-29T13:51:50+00:00","description":"Scopri Masseria Le Torri: un'elegante dimora del '600 con piscina a Polignano a Mare, per un soggiorno indimenticabile tra relax e tradizione.","breadcrumb":{"@id":"https:\/\/pugliamare.it\/esperienze\/masseria-le-torri\/#breadcrumb"},"inLanguage":"es","potentialAction":[{"@type":"ReadAction","target":["https:\/\/pugliamare.it\/esperienze\/masseria-le-torri\/"]}]},{"@type":"ImageObject","inLanguage":"es","@id":"https:\/\/pugliamare.it\/esperienze\/masseria-le-torri\/#primaryimage","url":"https:\/\/pugliamare.it\/wp-content\/uploads\/2022\/03\/Masseria-Le-Torri-25.jpg","contentUrl":"https:\/\/pugliamare.it\/wp-content\/uploads\/2022\/03\/Masseria-Le-Torri-25.jpg","width":1920,"height":1282,"caption":"masseria le torri all'esterno"},{"@type":"BreadcrumbList","@id":"https:\/\/pugliamare.it\/esperienze\/masseria-le-torri\/#breadcrumb","itemListElement":[{"@type":"ListItem","position":1,"name":"Home","item":"https:\/\/pugliamare.it\/"},{"@type":"ListItem","position":2,"name":"Masseria Le Torri: Lusso e Tradizione nel Cuore della Puglia"}]},{"@type":"WebSite","@id":"https:\/\/pugliamare.it\/en\/#website","url":"https:\/\/pugliamare.it\/en\/","name":"Pugliamare","description":"Esperienze, Soggiorni e Tour personalizzati in Puglia","publisher":{"@id":"https:\/\/pugliamare.it\/en\/#organization"},"potentialAction":[{"@type":"SearchAction","target":{"@type":"EntryPoint","urlTemplate":"https:\/\/pugliamare.it\/en\/?s={search_term_string}"},"query-input":"required name=search_term_string"}],"inLanguage":"es"},{"@type":"Organization","@id":"https:\/\/pugliamare.it\/en\/#organization","name":"Pugliamare srl","url":"https:\/\/pugliamare.it\/en\/","logo":{"@type":"ImageObject","inLanguage":"es","@id":"https:\/\/pugliamare.it\/en\/#\/schema\/logo\/image\/","url":"https:\/\/pugliamare.it\/wp-content\/uploads\/2021\/04\/cropped-cropped-Risorsa-2.png","contentUrl":"https:\/\/pugliamare.it\/wp-content\/uploads\/2021\/04\/cropped-cropped-Risorsa-2.png","width":374,"height":117,"caption":"Pugliamare srl"},"image":{"@id":"https:\/\/pugliamare.it\/en\/#\/schema\/logo\/image\/"},"sameAs":["https:\/\/www.facebook.com\/pugliamarexperience","https:\/\/www.instagram.com\/pugliamare\/"]}]}},"_links":{"self":[{"href":"https:\/\/pugliamare.it\/es\/wp-json\/wp\/v2\/product\/21935"}],"collection":[{"href":"https:\/\/pugliamare.it\/es\/wp-json\/wp\/v2\/product"}],"about":[{"href":"https:\/\/pugliamare.it\/es\/wp-json\/wp\/v2\/types\/product"}],"version-history":[{"count":5,"href":"https:\/\/pugliamare.it\/es\/wp-json\/wp\/v2\/product\/21935\/revisions"}],"predecessor-version":[{"id":35322,"href":"https:\/\/pugliamare.it\/es\/wp-json\/wp\/v2\/product\/21935\/revisions\/35322"}],"wp:featuredmedia":[{"embeddable":true,"href":"https:\/\/pugliamare.it\/es\/wp-json\/wp\/v2\/media\/11559"}],"wp:attachment":[{"href":"https:\/\/pugliamare.it\/es\/wp-json\/wp\/v2\/media?parent=21935"}],"wp:term":[{"taxonomy":"product_cat","embeddable":true,"href":"https:\/\/pugliamare.it\/es\/wp-json\/wp\/v2\/product_cat?post=21935"},{"taxonomy":"product_tag","embeddable":true,"href":"https:\/\/pugliamare.it\/es\/wp-json\/wp\/v2\/product_tag?post=21935"}],"curies":[{"name":"wp","href":"https:\/\/api.w.org\/{rel}","templated":true}]}}