{"id":21936,"date":"2024-04-19T18:22:15","date_gmt":"2024-04-19T16:22:15","guid":{"rendered":"https:\/\/pugliamare.it\/esperienze\/masseria-santa-teresa\/"},"modified":"2024-11-24T16:36:56","modified_gmt":"2024-11-24T15:36:56","slug":"masseria-santa-teresa","status":"publish","type":"product","link":"https:\/\/pugliamare.it\/es\/esperienze\/masseria-santa-teresa\/","title":{"rendered":"Masseria Santa Teresa: Vive la Tradici\u00f3n en Apulia"},"content":{"rendered":"<h1><strong>Masseria Santa Teresa<\/strong><\/h1>\n<p class=\" translation-block\">La <strong>Masseria Santa Teresa<\/strong>, que data del siglo XVIII, representa una de las mas\u00edas m\u00e1s aut\u00e9nticas de la <strong>Apulia<\/strong>, rodeada de olivares centenarios y construida \u00edntegramente con piedra local. Sus techos abovedados y su atm\u00f3sfera hist\u00f3rica conservan un encanto atemporal, haciendo de este lugar un sitio ideal para quienes buscan una estancia tranquila.<\/p>\n<h3>Ubicaci\u00f3n de la Masseria Santa Teresa<\/h3>\n<p class=\" translation-block\">Situada en la pintoresca campi\u00f1a de <a href=\"https:\/\/pugliamare.it\/destinazioni\/monopoli\/\" target=\"_self\"><strong>Monopoli<\/strong><\/a>, la Masseria se encuentra bastante cerca del centro hist\u00f3rico de la ciudad y del mar, lo que permite disfrutar tanto de la tranquilidad del campo como de la vitalidad costera.<\/p>\n<h3>Habitaciones<\/h3>\n<p class=\" translation-block\">La Masseria cuenta con <strong>14 antiguas viviendas<\/strong>, cuidadosamente restauradas, que conservan los colores t\u00edpicos mediterr\u00e1neos. Cada habitaci\u00f3n est\u00e1 equipada con <strong>aire acondicionado<\/strong>, <strong>TV LCD<\/strong> de pantalla plana, <strong>caja fuerte<\/strong>, <strong>minibar<\/strong>, <strong>tel\u00e9fono<\/strong> y conexi\u00f3n <strong>Wi-Fi<\/strong>, algunas de ellas con una impresionante <strong>vista al mar<\/strong>. El confort de los hu\u00e9spedes es prioritario, garantizando una estancia relajante y sumergida en la belleza de Apulia.<\/p>\n<h3>Piscina y Parque<\/h3>\n<p class=\" translation-block\">La <strong>piscina panor\u00e1mica<\/strong> de la Masseria Santa Teresa, equipada con tumbonas, ofrece vistas a uno de los paisajes m\u00e1s encantadores de Apulia. Rodeada del exuberante parque de olivos, brinda a los hu\u00e9spedes la oportunidad de relajarse por completo, disfrutando del sol y la naturaleza.<\/p>\n<h3>Restaurante<\/h3>\n<p class=\" translation-block\">El <strong>restaurante<\/strong> ofrece una cocina basada en los sabores de la tradici\u00f3n local, donde los protagonistas son los productos frescos y genuinos de Apulia. El pescado, procedente de las costas cercanas, convierte cada comida en una experiencia verdaderamente \u00fanica. Los hu\u00e9spedes de la Masseria Santa Teresa pueden elegir entre un desayuno italiano o un abundante desayuno continental, con la posibilidad de recibirlo en la habitaci\u00f3n o en la sala de desayunos.<\/p>\n<h3>Servicios<\/h3>\n<ul>\n<li class=\" translation-block\"><strong>Entrada<\/strong>: 14:00 h<\/li>\n<li class=\" translation-block\"><strong>Salida<\/strong>: 11:00 h<\/li>\n<li class=\" translation-block\"><strong>Recepci\u00f3n<\/strong>: disponible 24 horas<\/li>\n<li class=\" translation-block\"><strong>Aparcamiento<\/strong>: completamente reservado dentro del establecimiento<\/li>\n<li class=\" translation-block\"><strong>Perros Admitidos<\/strong>: La Masseria Santa Teresa tambi\u00e9n da la bienvenida a tus amigos de cuatro patas.<\/li>\n<\/ul>\n<p class=\" translation-block\"><strong>Masseria Santa Teresa<\/strong> es el refugio perfecto para quienes buscan unas vacaciones relajantes en la hermosa <a href=\"https:\/\/pugliamare.it\/destinazioni\/\" target=\"_self\">Apulia<\/a>, con la oportunidad de sumergirse en la historia, la naturaleza y los sabores de esta encantadora tierra. Para comprobar la disponibilidad y recibir asistencia, no dude en <a href=\"https:\/\/api.whatsapp.com\/send?phone=390802223620\" target=\"_self\">contactarnos<\/a>. \u00a1Estamos aqu\u00ed para ayudarle!<\/p>","protected":false},"excerpt":{"rendered":"<p>Nel cuore della campagna di <strong>Monopoli<\/strong>, <strong>Masseria Santa Teresa<\/strong> \u00e8 una struttura storica risalente al <strong>1700<\/strong>, circondata da uliveti secolari. La masseria offre <strong>14 camere eleganti<\/strong>, alcune con vista sul mare, dotate di <strong>aria condizionata<\/strong>, <strong>TV LCD<\/strong>, e <strong>Wi-Fi<\/strong>. Gli ospiti possono godere di una <strong>piscina panoramica<\/strong> immersa nel verde e un <strong>ristorante<\/strong> che propone piatti tipici pugliesi.<\/p>","protected":false},"featured_media":10503,"template":"","meta":{"_acf_changed":false,"inline_featured_image":false},"product_cat":[403],"product_tag":[374],"acf":[],"yoast_head":"<!-- This site is optimized with the Yoast SEO Premium plugin v22.8 (Yoast SEO v22.8) - https:\/\/yoast.com\/wordpress\/plugins\/seo\/ -->\n<title>Masseria Santa Teresa: Vivi la Tradizione in Puglia | Pugliamare<\/title>\n<meta name=\"description\" content=\"Masseria Santa Teresa: un&#039;oasi di tranquillit\u00e0 in Puglia, con camere confortevoli, cucina tipica e panorami mozzafiato, immersa nella campagna di Monopoli.\" \/>\n<meta name=\"robots\" content=\"index, follow, max-snippet:-1, max-image-preview:large, max-video-preview:-1\" \/>\n<link rel=\"canonical\" href=\"https:\/\/pugliamare.it\/es\/esperienze\/masseria-santa-teresa\/\" \/>\n<meta property=\"og:locale\" content=\"es_ES\" \/>\n<meta property=\"og:type\" content=\"article\" \/>\n<meta property=\"og:title\" content=\"Masseria Santa Teresa: Vivi la Tradizione in Puglia\" \/>\n<meta property=\"og:description\" content=\"Masseria Santa Teresa: un&#039;oasi di tranquillit\u00e0 in Puglia, con camere confortevoli, cucina tipica e panorami mozzafiato, immersa nella campagna di Monopoli.\" \/>\n<meta property=\"og:url\" content=\"https:\/\/pugliamare.it\/es\/esperienze\/masseria-santa-teresa\/\" \/>\n<meta property=\"og:site_name\" content=\"Pugliamare\" \/>\n<meta property=\"article:publisher\" content=\"https:\/\/www.facebook.com\/pugliamarexperience\" \/>\n<meta property=\"article:modified_time\" content=\"2024-11-24T15:36:56+00:00\" \/>\n<meta property=\"og:image\" content=\"https:\/\/pugliamare.it\/wp-content\/uploads\/2022\/01\/masseria-santa-teresa-1.jpg\" \/>\n\t<meta property=\"og:image:width\" content=\"1024\" \/>\n\t<meta property=\"og:image:height\" content=\"768\" \/>\n\t<meta property=\"og:image:type\" content=\"image\/jpeg\" \/>\n<meta name=\"twitter:card\" content=\"summary_large_image\" \/>\n<script type=\"application\/ld+json\" class=\"yoast-schema-graph\">{\"@context\":\"https:\/\/schema.org\",\"@graph\":[{\"@type\":\"WebPage\",\"@id\":\"https:\/\/pugliamare.it\/esperienze\/masseria-santa-teresa\/\",\"url\":\"https:\/\/pugliamare.it\/esperienze\/masseria-santa-teresa\/\",\"name\":\"Masseria Santa Teresa: Vivi la Tradizione in Puglia | Pugliamare\",\"isPartOf\":{\"@id\":\"https:\/\/pugliamare.it\/en\/#website\"},\"primaryImageOfPage\":{\"@id\":\"https:\/\/pugliamare.it\/esperienze\/masseria-santa-teresa\/#primaryimage\"},\"image\":{\"@id\":\"https:\/\/pugliamare.it\/esperienze\/masseria-santa-teresa\/#primaryimage\"},\"thumbnailUrl\":\"https:\/\/pugliamare.it\/wp-content\/uploads\/2022\/01\/masseria-santa-teresa-1.jpg\",\"datePublished\":\"2024-04-19T16:22:15+00:00\",\"dateModified\":\"2024-11-24T15:36:56+00:00\",\"description\":\"Masseria Santa Teresa: un'oasi di tranquillit\u00e0 in Puglia, con camere confortevoli, cucina tipica e panorami mozzafiato, immersa nella campagna di Monopoli.\",\"breadcrumb\":{\"@id\":\"https:\/\/pugliamare.it\/esperienze\/masseria-santa-teresa\/#breadcrumb\"},\"inLanguage\":\"es\",\"potentialAction\":[{\"@type\":\"ReadAction\",\"target\":[\"https:\/\/pugliamare.it\/esperienze\/masseria-santa-teresa\/\"]}]},{\"@type\":\"ImageObject\",\"inLanguage\":\"es\",\"@id\":\"https:\/\/pugliamare.it\/esperienze\/masseria-santa-teresa\/#primaryimage\",\"url\":\"https:\/\/pugliamare.it\/wp-content\/uploads\/2022\/01\/masseria-santa-teresa-1.jpg\",\"contentUrl\":\"https:\/\/pugliamare.it\/wp-content\/uploads\/2022\/01\/masseria-santa-teresa-1.jpg\",\"width\":1024,\"height\":768,\"caption\":\"esterno della masseria santa teresa\"},{\"@type\":\"BreadcrumbList\",\"@id\":\"https:\/\/pugliamare.it\/esperienze\/masseria-santa-teresa\/#breadcrumb\",\"itemListElement\":[{\"@type\":\"ListItem\",\"position\":1,\"name\":\"Home\",\"item\":\"https:\/\/pugliamare.it\/\"},{\"@type\":\"ListItem\",\"position\":2,\"name\":\"Masseria Santa Teresa: Vivi la Tradizione in Puglia\"}]},{\"@type\":\"WebSite\",\"@id\":\"https:\/\/pugliamare.it\/en\/#website\",\"url\":\"https:\/\/pugliamare.it\/en\/\",\"name\":\"Pugliamare\",\"description\":\"Esperienze, Soggiorni e Tour personalizzati in Puglia\",\"publisher\":{\"@id\":\"https:\/\/pugliamare.it\/en\/#organization\"},\"potentialAction\":[{\"@type\":\"SearchAction\",\"target\":{\"@type\":\"EntryPoint\",\"urlTemplate\":\"https:\/\/pugliamare.it\/en\/?s={search_term_string}\"},\"query-input\":\"required name=search_term_string\"}],\"inLanguage\":\"es\"},{\"@type\":\"Organization\",\"@id\":\"https:\/\/pugliamare.it\/en\/#organization\",\"name\":\"Pugliamare srl\",\"url\":\"https:\/\/pugliamare.it\/en\/\",\"logo\":{\"@type\":\"ImageObject\",\"inLanguage\":\"es\",\"@id\":\"https:\/\/pugliamare.it\/en\/#\/schema\/logo\/image\/\",\"url\":\"https:\/\/pugliamare.it\/wp-content\/uploads\/2021\/04\/cropped-cropped-Risorsa-2.png\",\"contentUrl\":\"https:\/\/pugliamare.it\/wp-content\/uploads\/2021\/04\/cropped-cropped-Risorsa-2.png\",\"width\":374,\"height\":117,\"caption\":\"Pugliamare srl\"},\"image\":{\"@id\":\"https:\/\/pugliamare.it\/en\/#\/schema\/logo\/image\/\"},\"sameAs\":[\"https:\/\/www.facebook.com\/pugliamarexperience\",\"https:\/\/www.instagram.com\/pugliamare\/\"]}]}<\/script>\n<!-- \/ Yoast SEO Premium plugin. -->","yoast_head_json":{"title":"Masseria Santa Teresa: Vivi la Tradizione in Puglia | Pugliamare","description":"Masseria Santa Teresa: un'oasi di tranquillit\u00e0 in Puglia, con camere confortevoli, cucina tipica e panorami mozzafiato, immersa nella campagna di Monopoli.","robots":{"index":"index","follow":"follow","max-snippet":"max-snippet:-1","max-image-preview":"max-image-preview:large","max-video-preview":"max-video-preview:-1"},"canonical":"https:\/\/pugliamare.it\/es\/esperienze\/masseria-santa-teresa\/","og_locale":"es_ES","og_type":"article","og_title":"Masseria Santa Teresa: Vivi la Tradizione in Puglia","og_description":"Masseria Santa Teresa: un'oasi di tranquillit\u00e0 in Puglia, con camere confortevoli, cucina tipica e panorami mozzafiato, immersa nella campagna di Monopoli.","og_url":"https:\/\/pugliamare.it\/es\/esperienze\/masseria-santa-teresa\/","og_site_name":"Pugliamare","article_publisher":"https:\/\/www.facebook.com\/pugliamarexperience","article_modified_time":"2024-11-24T15:36:56+00:00","og_image":[{"width":1024,"height":768,"url":"https:\/\/pugliamare.it\/wp-content\/uploads\/2022\/01\/masseria-santa-teresa-1.jpg","type":"image\/jpeg"}],"twitter_card":"summary_large_image","schema":{"@context":"https:\/\/schema.org","@graph":[{"@type":"WebPage","@id":"https:\/\/pugliamare.it\/esperienze\/masseria-santa-teresa\/","url":"https:\/\/pugliamare.it\/esperienze\/masseria-santa-teresa\/","name":"Masseria Santa Teresa: Vivi la Tradizione in Puglia | Pugliamare","isPartOf":{"@id":"https:\/\/pugliamare.it\/en\/#website"},"primaryImageOfPage":{"@id":"https:\/\/pugliamare.it\/esperienze\/masseria-santa-teresa\/#primaryimage"},"image":{"@id":"https:\/\/pugliamare.it\/esperienze\/masseria-santa-teresa\/#primaryimage"},"thumbnailUrl":"https:\/\/pugliamare.it\/wp-content\/uploads\/2022\/01\/masseria-santa-teresa-1.jpg","datePublished":"2024-04-19T16:22:15+00:00","dateModified":"2024-11-24T15:36:56+00:00","description":"Masseria Santa Teresa: un'oasi di tranquillit\u00e0 in Puglia, con camere confortevoli, cucina tipica e panorami mozzafiato, immersa nella campagna di Monopoli.","breadcrumb":{"@id":"https:\/\/pugliamare.it\/esperienze\/masseria-santa-teresa\/#breadcrumb"},"inLanguage":"es","potentialAction":[{"@type":"ReadAction","target":["https:\/\/pugliamare.it\/esperienze\/masseria-santa-teresa\/"]}]},{"@type":"ImageObject","inLanguage":"es","@id":"https:\/\/pugliamare.it\/esperienze\/masseria-santa-teresa\/#primaryimage","url":"https:\/\/pugliamare.it\/wp-content\/uploads\/2022\/01\/masseria-santa-teresa-1.jpg","contentUrl":"https:\/\/pugliamare.it\/wp-content\/uploads\/2022\/01\/masseria-santa-teresa-1.jpg","width":1024,"height":768,"caption":"esterno della masseria santa teresa"},{"@type":"BreadcrumbList","@id":"https:\/\/pugliamare.it\/esperienze\/masseria-santa-teresa\/#breadcrumb","itemListElement":[{"@type":"ListItem","position":1,"name":"Home","item":"https:\/\/pugliamare.it\/"},{"@type":"ListItem","position":2,"name":"Masseria Santa Teresa: Vivi la Tradizione in Puglia"}]},{"@type":"WebSite","@id":"https:\/\/pugliamare.it\/en\/#website","url":"https:\/\/pugliamare.it\/en\/","name":"Pugliamare","description":"Esperienze, Soggiorni e Tour personalizzati in Puglia","publisher":{"@id":"https:\/\/pugliamare.it\/en\/#organization"},"potentialAction":[{"@type":"SearchAction","target":{"@type":"EntryPoint","urlTemplate":"https:\/\/pugliamare.it\/en\/?s={search_term_string}"},"query-input":"required name=search_term_string"}],"inLanguage":"es"},{"@type":"Organization","@id":"https:\/\/pugliamare.it\/en\/#organization","name":"Pugliamare srl","url":"https:\/\/pugliamare.it\/en\/","logo":{"@type":"ImageObject","inLanguage":"es","@id":"https:\/\/pugliamare.it\/en\/#\/schema\/logo\/image\/","url":"https:\/\/pugliamare.it\/wp-content\/uploads\/2021\/04\/cropped-cropped-Risorsa-2.png","contentUrl":"https:\/\/pugliamare.it\/wp-content\/uploads\/2021\/04\/cropped-cropped-Risorsa-2.png","width":374,"height":117,"caption":"Pugliamare srl"},"image":{"@id":"https:\/\/pugliamare.it\/en\/#\/schema\/logo\/image\/"},"sameAs":["https:\/\/www.facebook.com\/pugliamarexperience","https:\/\/www.instagram.com\/pugliamare\/"]}]}},"_links":{"self":[{"href":"https:\/\/pugliamare.it\/es\/wp-json\/wp\/v2\/product\/21936"}],"collection":[{"href":"https:\/\/pugliamare.it\/es\/wp-json\/wp\/v2\/product"}],"about":[{"href":"https:\/\/pugliamare.it\/es\/wp-json\/wp\/v2\/types\/product"}],"version-history":[{"count":4,"href":"https:\/\/pugliamare.it\/es\/wp-json\/wp\/v2\/product\/21936\/revisions"}],"predecessor-version":[{"id":29677,"href":"https:\/\/pugliamare.it\/es\/wp-json\/wp\/v2\/product\/21936\/revisions\/29677"}],"wp:featuredmedia":[{"embeddable":true,"href":"https:\/\/pugliamare.it\/es\/wp-json\/wp\/v2\/media\/10503"}],"wp:attachment":[{"href":"https:\/\/pugliamare.it\/es\/wp-json\/wp\/v2\/media?parent=21936"}],"wp:term":[{"taxonomy":"product_cat","embeddable":true,"href":"https:\/\/pugliamare.it\/es\/wp-json\/wp\/v2\/product_cat?post=21936"},{"taxonomy":"product_tag","embeddable":true,"href":"https:\/\/pugliamare.it\/es\/wp-json\/wp\/v2\/product_tag?post=21936"}],"curies":[{"name":"wp","href":"https:\/\/api.w.org\/{rel}","templated":true}]}}