{"id":21937,"date":"2024-04-19T18:22:19","date_gmt":"2024-04-19T16:22:19","guid":{"rendered":"https:\/\/pugliamare.it\/esperienze\/masseria-scaledda\/"},"modified":"2024-11-24T16:35:23","modified_gmt":"2024-11-24T15:35:23","slug":"masseria-scaledda","status":"publish","type":"product","link":"https:\/\/pugliamare.it\/es\/esperienze\/masseria-scaledda\/","title":{"rendered":"Masseria Scaledda: Un Rinc\u00f3n de Para\u00edso en Apulia"},"content":{"rendered":"<h1>Masseria Scaledda<\/h1>\n<h3>Historia y Caracter\u00edsticas<\/h3>\n<p class=\" translation-block\">La <strong>Masseria Scaledda<\/strong>, fortificada y con una espl\u00e9ndida vista al mar, tiene or\u00edgenes que se remontan a 1172. Totalmente renovada y ampliada, esta masseria est\u00e1 rodeada de impresionantes paisajes naturales caracter\u00edsticos de la regi\u00f3n de Apulia, con el incre\u00edble azul del mar a lo lejos. A pesar de las renovaciones modernas, ha mantenido intacta su historia y tradici\u00f3n, cultivando de manera org\u00e1nica aceitunas, trigo, verduras y frutas.<\/p>\n<h3>Ubicaci\u00f3n<\/h3>\n<p class=\" translation-block\">La masseria se encuentra dentro de una reserva natural en <strong>Manduria (TA)<\/strong>, en Apulia, lo que la convierte en un lugar ideal para los amantes de la naturaleza. En los alrededores, se pueden explorar bosques de encinas, zonas arqueol\u00f3gicas, el renombrado r\u00edo Chidro y la Salina Monaci. Adem\u00e1s, las hermosas playas de Punta Prosciutto y San Pietro in Bevagna se encuentran a solo unos 2 km de distancia.<\/p>\n<h3>Habitaciones<\/h3>\n<p class=\" translation-block\">La <strong>Masseria Scaledda<\/strong> ofrece una experiencia exclusiva en Apulia con <strong>4 suites y una habitaci\u00f3n deluxe independiente<\/strong>. Todas las habitaciones est\u00e1n cuidadosamente renovadas y amuebladas, preservando el encanto del pasado. Las suites, en particular, est\u00e1n equipadas con todas las comodidades modernas y cuentan con jard\u00edn o terraza privados. Los hu\u00e9spedes pueden admirar elementos originales como b\u00f3vedas de tufa, suelos de piedra y muros de hasta un metro de grosor. Cada habitaci\u00f3n incluye un lugar en el club de playa de la propiedad, completo con 2 tumbonas y 1 sombrilla.<\/p>\n<h3>Servizi e Colazione<\/h3>\n<p class=\" translation-block\">La <strong>Masseria Scaledda<\/strong> ofrece <strong>aparcamiento privado gratuito<\/strong> y admite mascotas, lo que la convierte en una opci\u00f3n conveniente para familias. Cada ma\u00f1ana se sirve un desayuno con productos genuinos y de alta calidad. Los hu\u00e9spedes encontrar\u00e1n una bandeja con delicias frescas, dulces y saladas, procedentes de la zona local.<\/p>\n<h3>Entrada y Salida<\/h3>\n<ul>\n<li class=\" translation-block\"><strong>Entrada<\/strong>: 16:00 h<\/li>\n<li class=\" translation-block\"><strong>Salida<\/strong>: 10:00 h<\/li>\n<\/ul>\n<p class=\" translation-block\">La <strong>Masseria Scaledda<\/strong> representa una fusi\u00f3n perfecta de historia, comodidad y naturaleza, ofreciendo una experiencia inolvidable en la hermosa <a href=\"https:\/\/pugliamare.it\/destinazioni\/\" target=\"_self\">Apulia<\/a>. Para comprobar la disponibilidad y recibir asistencia, no dude en <a href=\"https:\/\/api.whatsapp.com\/send?phone=390802223620\" target=\"_self\">contactarnos<\/a>. \u00a1Estamos aqu\u00ed para ayudarle!<\/p>","protected":false},"excerpt":{"rendered":"<p>Una struttura storica situata a <strong>Manduria<\/strong>, Puglia, con origini che risalgono al <strong>1172<\/strong>. Circondata da paesaggi naturali mozzafiato, offre <strong>4 suite<\/strong> e una <strong>camera deluxe<\/strong>, tutte finemente ristrutturate. Gli ospiti possono godere di un <strong>parcheggio privato gratuito<\/strong>, <strong>colazione genuina<\/strong> con prodotti locali e l\u2019accesso a un <strong>lido privato<\/strong>.<\/p>","protected":false},"featured_media":11332,"template":"","meta":{"_acf_changed":false,"inline_featured_image":false},"product_cat":[403],"product_tag":[374],"acf":[],"yoast_head":"<!-- This site is optimized with the Yoast SEO Premium plugin v22.8 (Yoast SEO v22.8) - https:\/\/yoast.com\/wordpress\/plugins\/seo\/ -->\n<title>Masseria Scaledda: Un Angolo di Paradiso in Puglia | Pugliamare<\/title>\n<meta name=\"description\" content=\"Masseria Scaledda: un antico rifugio pugliese con vista mare, immersa in una riserva naturale, Relax e Natura ti aspettano. Contattaci ora!\" \/>\n<meta name=\"robots\" content=\"index, follow, max-snippet:-1, max-image-preview:large, max-video-preview:-1\" \/>\n<link rel=\"canonical\" href=\"https:\/\/pugliamare.it\/es\/esperienze\/masseria-scaledda\/\" \/>\n<meta property=\"og:locale\" content=\"es_ES\" \/>\n<meta property=\"og:type\" content=\"article\" \/>\n<meta property=\"og:title\" content=\"Masseria Scaledda: Un Angolo di Paradiso in Puglia\" \/>\n<meta property=\"og:description\" content=\"Masseria Scaledda: un antico rifugio pugliese con vista mare, immersa in una riserva naturale, Relax e Natura ti aspettano. Contattaci ora!\" \/>\n<meta property=\"og:url\" content=\"https:\/\/pugliamare.it\/es\/esperienze\/masseria-scaledda\/\" \/>\n<meta property=\"og:site_name\" content=\"Pugliamare\" \/>\n<meta property=\"article:publisher\" content=\"https:\/\/www.facebook.com\/pugliamarexperience\" \/>\n<meta property=\"article:modified_time\" content=\"2024-11-24T15:35:23+00:00\" \/>\n<meta property=\"og:image\" content=\"https:\/\/pugliamare.it\/wp-content\/uploads\/2022\/02\/masseria-scaledda-il-casone-2-scaled.jpg\" \/>\n\t<meta property=\"og:image:width\" content=\"2560\" \/>\n\t<meta property=\"og:image:height\" content=\"1709\" \/>\n\t<meta property=\"og:image:type\" content=\"image\/jpeg\" \/>\n<meta name=\"twitter:card\" content=\"summary_large_image\" \/>\n<script type=\"application\/ld+json\" class=\"yoast-schema-graph\">{\"@context\":\"https:\/\/schema.org\",\"@graph\":[{\"@type\":\"WebPage\",\"@id\":\"https:\/\/pugliamare.it\/esperienze\/masseria-scaledda\/\",\"url\":\"https:\/\/pugliamare.it\/esperienze\/masseria-scaledda\/\",\"name\":\"Masseria Scaledda: Un Angolo di Paradiso in Puglia | Pugliamare\",\"isPartOf\":{\"@id\":\"https:\/\/pugliamare.it\/en\/#website\"},\"primaryImageOfPage\":{\"@id\":\"https:\/\/pugliamare.it\/esperienze\/masseria-scaledda\/#primaryimage\"},\"image\":{\"@id\":\"https:\/\/pugliamare.it\/esperienze\/masseria-scaledda\/#primaryimage\"},\"thumbnailUrl\":\"https:\/\/pugliamare.it\/wp-content\/uploads\/2022\/02\/masseria-scaledda-il-casone-2-scaled.jpg\",\"datePublished\":\"2024-04-19T16:22:19+00:00\",\"dateModified\":\"2024-11-24T15:35:23+00:00\",\"description\":\"Masseria Scaledda: un antico rifugio pugliese con vista mare, immersa in una riserva naturale, Relax e Natura ti aspettano. Contattaci ora!\",\"breadcrumb\":{\"@id\":\"https:\/\/pugliamare.it\/esperienze\/masseria-scaledda\/#breadcrumb\"},\"inLanguage\":\"es\",\"potentialAction\":[{\"@type\":\"ReadAction\",\"target\":[\"https:\/\/pugliamare.it\/esperienze\/masseria-scaledda\/\"]}]},{\"@type\":\"ImageObject\",\"inLanguage\":\"es\",\"@id\":\"https:\/\/pugliamare.it\/esperienze\/masseria-scaledda\/#primaryimage\",\"url\":\"https:\/\/pugliamare.it\/wp-content\/uploads\/2022\/02\/masseria-scaledda-il-casone-2-scaled.jpg\",\"contentUrl\":\"https:\/\/pugliamare.it\/wp-content\/uploads\/2022\/02\/masseria-scaledda-il-casone-2-scaled.jpg\",\"width\":2560,\"height\":1709,\"caption\":\"esterno masseria scaledda\"},{\"@type\":\"BreadcrumbList\",\"@id\":\"https:\/\/pugliamare.it\/esperienze\/masseria-scaledda\/#breadcrumb\",\"itemListElement\":[{\"@type\":\"ListItem\",\"position\":1,\"name\":\"Home\",\"item\":\"https:\/\/pugliamare.it\/\"},{\"@type\":\"ListItem\",\"position\":2,\"name\":\"Masseria Scaledda: Un Angolo di Paradiso in Puglia\"}]},{\"@type\":\"WebSite\",\"@id\":\"https:\/\/pugliamare.it\/en\/#website\",\"url\":\"https:\/\/pugliamare.it\/en\/\",\"name\":\"Pugliamare\",\"description\":\"Esperienze, Soggiorni e Tour personalizzati in Puglia\",\"publisher\":{\"@id\":\"https:\/\/pugliamare.it\/en\/#organization\"},\"potentialAction\":[{\"@type\":\"SearchAction\",\"target\":{\"@type\":\"EntryPoint\",\"urlTemplate\":\"https:\/\/pugliamare.it\/en\/?s={search_term_string}\"},\"query-input\":\"required name=search_term_string\"}],\"inLanguage\":\"es\"},{\"@type\":\"Organization\",\"@id\":\"https:\/\/pugliamare.it\/en\/#organization\",\"name\":\"Pugliamare srl\",\"url\":\"https:\/\/pugliamare.it\/en\/\",\"logo\":{\"@type\":\"ImageObject\",\"inLanguage\":\"es\",\"@id\":\"https:\/\/pugliamare.it\/en\/#\/schema\/logo\/image\/\",\"url\":\"https:\/\/pugliamare.it\/wp-content\/uploads\/2021\/04\/cropped-cropped-Risorsa-2.png\",\"contentUrl\":\"https:\/\/pugliamare.it\/wp-content\/uploads\/2021\/04\/cropped-cropped-Risorsa-2.png\",\"width\":374,\"height\":117,\"caption\":\"Pugliamare srl\"},\"image\":{\"@id\":\"https:\/\/pugliamare.it\/en\/#\/schema\/logo\/image\/\"},\"sameAs\":[\"https:\/\/www.facebook.com\/pugliamarexperience\",\"https:\/\/www.instagram.com\/pugliamare\/\"]}]}<\/script>\n<!-- \/ Yoast SEO Premium plugin. -->","yoast_head_json":{"title":"Masseria Scaledda: Un Angolo di Paradiso in Puglia | Pugliamare","description":"Masseria Scaledda: un antico rifugio pugliese con vista mare, immersa in una riserva naturale, Relax e Natura ti aspettano. Contattaci ora!","robots":{"index":"index","follow":"follow","max-snippet":"max-snippet:-1","max-image-preview":"max-image-preview:large","max-video-preview":"max-video-preview:-1"},"canonical":"https:\/\/pugliamare.it\/es\/esperienze\/masseria-scaledda\/","og_locale":"es_ES","og_type":"article","og_title":"Masseria Scaledda: Un Angolo di Paradiso in Puglia","og_description":"Masseria Scaledda: un antico rifugio pugliese con vista mare, immersa in una riserva naturale, Relax e Natura ti aspettano. Contattaci ora!","og_url":"https:\/\/pugliamare.it\/es\/esperienze\/masseria-scaledda\/","og_site_name":"Pugliamare","article_publisher":"https:\/\/www.facebook.com\/pugliamarexperience","article_modified_time":"2024-11-24T15:35:23+00:00","og_image":[{"width":2560,"height":1709,"url":"https:\/\/pugliamare.it\/wp-content\/uploads\/2022\/02\/masseria-scaledda-il-casone-2-scaled.jpg","type":"image\/jpeg"}],"twitter_card":"summary_large_image","schema":{"@context":"https:\/\/schema.org","@graph":[{"@type":"WebPage","@id":"https:\/\/pugliamare.it\/esperienze\/masseria-scaledda\/","url":"https:\/\/pugliamare.it\/esperienze\/masseria-scaledda\/","name":"Masseria Scaledda: Un Angolo di Paradiso in Puglia | Pugliamare","isPartOf":{"@id":"https:\/\/pugliamare.it\/en\/#website"},"primaryImageOfPage":{"@id":"https:\/\/pugliamare.it\/esperienze\/masseria-scaledda\/#primaryimage"},"image":{"@id":"https:\/\/pugliamare.it\/esperienze\/masseria-scaledda\/#primaryimage"},"thumbnailUrl":"https:\/\/pugliamare.it\/wp-content\/uploads\/2022\/02\/masseria-scaledda-il-casone-2-scaled.jpg","datePublished":"2024-04-19T16:22:19+00:00","dateModified":"2024-11-24T15:35:23+00:00","description":"Masseria Scaledda: un antico rifugio pugliese con vista mare, immersa in una riserva naturale, Relax e Natura ti aspettano. Contattaci ora!","breadcrumb":{"@id":"https:\/\/pugliamare.it\/esperienze\/masseria-scaledda\/#breadcrumb"},"inLanguage":"es","potentialAction":[{"@type":"ReadAction","target":["https:\/\/pugliamare.it\/esperienze\/masseria-scaledda\/"]}]},{"@type":"ImageObject","inLanguage":"es","@id":"https:\/\/pugliamare.it\/esperienze\/masseria-scaledda\/#primaryimage","url":"https:\/\/pugliamare.it\/wp-content\/uploads\/2022\/02\/masseria-scaledda-il-casone-2-scaled.jpg","contentUrl":"https:\/\/pugliamare.it\/wp-content\/uploads\/2022\/02\/masseria-scaledda-il-casone-2-scaled.jpg","width":2560,"height":1709,"caption":"esterno masseria scaledda"},{"@type":"BreadcrumbList","@id":"https:\/\/pugliamare.it\/esperienze\/masseria-scaledda\/#breadcrumb","itemListElement":[{"@type":"ListItem","position":1,"name":"Home","item":"https:\/\/pugliamare.it\/"},{"@type":"ListItem","position":2,"name":"Masseria Scaledda: Un Angolo di Paradiso in Puglia"}]},{"@type":"WebSite","@id":"https:\/\/pugliamare.it\/en\/#website","url":"https:\/\/pugliamare.it\/en\/","name":"Pugliamare","description":"Esperienze, Soggiorni e Tour personalizzati in Puglia","publisher":{"@id":"https:\/\/pugliamare.it\/en\/#organization"},"potentialAction":[{"@type":"SearchAction","target":{"@type":"EntryPoint","urlTemplate":"https:\/\/pugliamare.it\/en\/?s={search_term_string}"},"query-input":"required name=search_term_string"}],"inLanguage":"es"},{"@type":"Organization","@id":"https:\/\/pugliamare.it\/en\/#organization","name":"Pugliamare srl","url":"https:\/\/pugliamare.it\/en\/","logo":{"@type":"ImageObject","inLanguage":"es","@id":"https:\/\/pugliamare.it\/en\/#\/schema\/logo\/image\/","url":"https:\/\/pugliamare.it\/wp-content\/uploads\/2021\/04\/cropped-cropped-Risorsa-2.png","contentUrl":"https:\/\/pugliamare.it\/wp-content\/uploads\/2021\/04\/cropped-cropped-Risorsa-2.png","width":374,"height":117,"caption":"Pugliamare srl"},"image":{"@id":"https:\/\/pugliamare.it\/en\/#\/schema\/logo\/image\/"},"sameAs":["https:\/\/www.facebook.com\/pugliamarexperience","https:\/\/www.instagram.com\/pugliamare\/"]}]}},"_links":{"self":[{"href":"https:\/\/pugliamare.it\/es\/wp-json\/wp\/v2\/product\/21937"}],"collection":[{"href":"https:\/\/pugliamare.it\/es\/wp-json\/wp\/v2\/product"}],"about":[{"href":"https:\/\/pugliamare.it\/es\/wp-json\/wp\/v2\/types\/product"}],"version-history":[{"count":6,"href":"https:\/\/pugliamare.it\/es\/wp-json\/wp\/v2\/product\/21937\/revisions"}],"predecessor-version":[{"id":29676,"href":"https:\/\/pugliamare.it\/es\/wp-json\/wp\/v2\/product\/21937\/revisions\/29676"}],"wp:featuredmedia":[{"embeddable":true,"href":"https:\/\/pugliamare.it\/es\/wp-json\/wp\/v2\/media\/11332"}],"wp:attachment":[{"href":"https:\/\/pugliamare.it\/es\/wp-json\/wp\/v2\/media?parent=21937"}],"wp:term":[{"taxonomy":"product_cat","embeddable":true,"href":"https:\/\/pugliamare.it\/es\/wp-json\/wp\/v2\/product_cat?post=21937"},{"taxonomy":"product_tag","embeddable":true,"href":"https:\/\/pugliamare.it\/es\/wp-json\/wp\/v2\/product_tag?post=21937"}],"curies":[{"name":"wp","href":"https:\/\/api.w.org\/{rel}","templated":true}]}}