{"id":21938,"date":"2024-04-19T18:22:23","date_gmt":"2024-04-19T16:22:23","guid":{"rendered":"https:\/\/pugliamare.it\/esperienze\/musae-relais-spa\/"},"modified":"2025-08-29T15:51:28","modified_gmt":"2025-08-29T13:51:28","slug":"musae-relais-spa","status":"publish","type":"product","link":"https:\/\/pugliamare.it\/es\/esperienze\/musae-relais-spa\/","title":{"rendered":"Musae Relais &amp; Spa: Elegancia y Relax en el Coraz\u00f3n de Polignano a Mare"},"content":{"rendered":"<h3><strong>Ubicaci\u00f3n<\/strong><\/h3>\n<p class=\" translation-block\">Situado en el coraz\u00f3n del centro hist\u00f3rico de <a href=\"https:\/\/pugliamare.it\/destinazioni\/polignano-a-mare\/\" target=\"_self\">Polignano a Mare<\/a>, Musae Relais &amp; Spa se encuentra a pocos pasos de impresionantes atracciones como <a href=\"https:\/\/pugliamare.it\/lama-monachile-cala-porto\/\" target=\"_self\">Lama Monachile<\/a> y la Grotta Palazzese. Por lo tanto, los hu\u00e9spedes pueden disfrutar de una ubicaci\u00f3n estrat\u00e9gica para explorar las maravillas de Apulia.<\/p>\n<h3><strong>Habitaciones<\/strong><\/h3>\n<p class=\" translation-block\">Musae Relais &amp; Spa ofrece una experiencia \u00fanica con <strong>5 habitaciones y un \u00e1tico<\/strong>, divididas en est\u00e1ndar, deluxe y suites. Adem\u00e1s, algunas de estas habitaciones cuentan con jacuzzi interior o exterior, terrazas privadas y mobiliario de dise\u00f1o, garantizando una estancia llena de confort y sofisticaci\u00f3n.<\/p>\n<h3><strong>Desayuno<\/strong><\/h3>\n<p class=\" translation-block\">El desayuno en Musae Relais &amp; Spa es un momento especial y puede servirse <strong>en la habitaci\u00f3n<\/strong> o <strong>dentro de la cocina social<\/strong>. Por ejemplo, se utilizan productos de reposter\u00eda y panader\u00eda artesanales y locales, para que los hu\u00e9spedes puedan saborear los aut\u00e9nticos sabores de la tradici\u00f3n de Apulia.<\/p>\n<h3><strong>Spa<\/strong><\/h3>\n<p class=\" translation-block\">El <strong>spa<\/strong>, situado en el s\u00f3tano del edificio, es un espacio encantador y relajante, ideal para parejas o hu\u00e9spedes individuales. Los visitantes pueden disfrutar de una piscina de hidromasaje climatizada, una ducha emocional con cromoterapia y dos cabinas exclusivas con sauna y ba\u00f1o turco, ambas equipadas con cromoterapia. En total, el recorrido de bienestar tiene una duraci\u00f3n de 90 minutos e incluye un Kit de Spa de cortes\u00eda con albornoz y zapatillas.<\/p>\n<h3><strong>Aparcamiento<\/strong><\/h3>\n<p class=\" translation-block\">Para la comodidad de los hu\u00e9spedes de Musae Relais &amp; Spa, hay un <strong>aparcamiento de pago<\/strong> disponible, cerrado y privado, ubicado a solo 400 metros de la propiedad. Este servicio permite explorar Polignano a Mare sin preocupaciones.<\/p>\n<h3><strong>Informaci\u00f3n Adicional<\/strong><\/h3>\n<ul>\n<li class=\" translation-block\"><strong>Registro de entrada:<\/strong> desde las 14:00<\/li>\n<li class=\" translation-block\"><strong>Registro de salida:<\/strong> antes de las 10:30<\/li>\n<li class=\" translation-block\"><strong>Recepci\u00f3n:<\/strong> disponible de 08:00 a 20:00<\/li>\n<li><strong>Animales: no se admiten<\/strong><\/li>\n<\/ul>\n<p class=\" translation-block\">En conclusi\u00f3n, <strong>B&amp;B Musae Relais &amp; Spa<\/strong> es una elecci\u00f3n ideal para quienes desean disfrutar de una estancia exclusiva inmersa en la belleza de <strong><a href=\"https:\/\/pugliamare.it\/destinazioni\/\" target=\"_self\">Apulia<\/a><\/strong>. Para verificar la disponibilidad y recibir asistencia, no dudes en <a href=\"https:\/\/api.whatsapp.com\/send?phone=390802223620\" target=\"_self\">contactarnos<\/a>. \u00a1Estamos aqu\u00ed para ayudarte!<\/p>","protected":false},"excerpt":{"rendered":"<p><strong>Musae Relais &amp; Spa<\/strong> \u00e8 un b&amp;b esclusivo nel <strong>centro storico di Polignano a Mare<\/strong>, a pochi passi da <strong>Lama Monachile<\/strong> e la <strong>Grotta Palazzese<\/strong>. Offre <strong>camere di lusso<\/strong> con <strong>vasca idromassaggio<\/strong>, <strong>terrazze private<\/strong> e arredi raffinati.<\/p>","protected":false},"featured_media":9524,"template":"","meta":{"_acf_changed":false,"inline_featured_image":false},"product_cat":[404],"product_tag":[374],"acf":[],"yoast_head":"<!-- This site is optimized with the Yoast SEO Premium plugin v22.8 (Yoast SEO v22.8) - https:\/\/yoast.com\/wordpress\/plugins\/seo\/ -->\n<title>Musae Relais &amp; Spa: Eleganza e Relax nel Cuore di Polignano | Pugliamare<\/title>\n<meta name=\"description\" content=\"Musae Relais &amp; Spa: B&amp;B nel cuore di Polignano a Mare con camere di design e una spa esclusiva per un soggiorno indimenticabile in Puglia.\" \/>\n<meta name=\"robots\" content=\"index, follow, max-snippet:-1, max-image-preview:large, max-video-preview:-1\" \/>\n<link rel=\"canonical\" href=\"https:\/\/pugliamare.it\/es\/esperienze\/musae-relais-spa\/\" \/>\n<meta property=\"og:locale\" content=\"es_ES\" \/>\n<meta property=\"og:type\" content=\"article\" \/>\n<meta property=\"og:title\" content=\"Musae Relais &amp; Spa: Eleganza e Relax nel Cuore di Polignano a Mare\" \/>\n<meta property=\"og:description\" content=\"Musae Relais &amp; Spa: B&amp;B nel cuore di Polignano a Mare con camere di design e una spa esclusiva per un soggiorno indimenticabile in Puglia.\" \/>\n<meta property=\"og:url\" content=\"https:\/\/pugliamare.it\/es\/esperienze\/musae-relais-spa\/\" \/>\n<meta property=\"og:site_name\" content=\"Pugliamare\" \/>\n<meta property=\"article:publisher\" content=\"https:\/\/www.facebook.com\/pugliamarexperience\" \/>\n<meta property=\"article:modified_time\" content=\"2025-08-29T13:51:28+00:00\" \/>\n<meta property=\"og:image\" content=\"https:\/\/pugliamare.it\/wp-content\/uploads\/2021\/11\/musae-relaisspa-7.jpg\" \/>\n\t<meta property=\"og:image:width\" content=\"1024\" \/>\n\t<meta property=\"og:image:height\" content=\"683\" \/>\n\t<meta property=\"og:image:type\" content=\"image\/jpeg\" \/>\n<meta name=\"twitter:card\" content=\"summary_large_image\" \/>\n<script type=\"application\/ld+json\" class=\"yoast-schema-graph\">{\"@context\":\"https:\/\/schema.org\",\"@graph\":[{\"@type\":\"WebPage\",\"@id\":\"https:\/\/pugliamare.it\/esperienze\/musae-relais-spa\/\",\"url\":\"https:\/\/pugliamare.it\/esperienze\/musae-relais-spa\/\",\"name\":\"Musae Relais & Spa: Eleganza e Relax nel Cuore di Polignano | Pugliamare\",\"isPartOf\":{\"@id\":\"https:\/\/pugliamare.it\/en\/#website\"},\"primaryImageOfPage\":{\"@id\":\"https:\/\/pugliamare.it\/esperienze\/musae-relais-spa\/#primaryimage\"},\"image\":{\"@id\":\"https:\/\/pugliamare.it\/esperienze\/musae-relais-spa\/#primaryimage\"},\"thumbnailUrl\":\"https:\/\/pugliamare.it\/wp-content\/uploads\/2021\/11\/musae-relaisspa-7.jpg\",\"datePublished\":\"2024-04-19T16:22:23+00:00\",\"dateModified\":\"2025-08-29T13:51:28+00:00\",\"description\":\"Musae Relais & Spa: B&B nel cuore di Polignano a Mare con camere di design e una spa esclusiva per un soggiorno indimenticabile in Puglia.\",\"breadcrumb\":{\"@id\":\"https:\/\/pugliamare.it\/esperienze\/musae-relais-spa\/#breadcrumb\"},\"inLanguage\":\"es\",\"potentialAction\":[{\"@type\":\"ReadAction\",\"target\":[\"https:\/\/pugliamare.it\/esperienze\/musae-relais-spa\/\"]}]},{\"@type\":\"ImageObject\",\"inLanguage\":\"es\",\"@id\":\"https:\/\/pugliamare.it\/esperienze\/musae-relais-spa\/#primaryimage\",\"url\":\"https:\/\/pugliamare.it\/wp-content\/uploads\/2021\/11\/musae-relaisspa-7.jpg\",\"contentUrl\":\"https:\/\/pugliamare.it\/wp-content\/uploads\/2021\/11\/musae-relaisspa-7.jpg\",\"width\":1024,\"height\":683,\"caption\":\"Spa del b&b musae relais&spa\"},{\"@type\":\"BreadcrumbList\",\"@id\":\"https:\/\/pugliamare.it\/esperienze\/musae-relais-spa\/#breadcrumb\",\"itemListElement\":[{\"@type\":\"ListItem\",\"position\":1,\"name\":\"Home\",\"item\":\"https:\/\/pugliamare.it\/\"},{\"@type\":\"ListItem\",\"position\":2,\"name\":\"Musae Relais &#038; Spa: Eleganza e Relax nel Cuore di Polignano a Mare\"}]},{\"@type\":\"WebSite\",\"@id\":\"https:\/\/pugliamare.it\/en\/#website\",\"url\":\"https:\/\/pugliamare.it\/en\/\",\"name\":\"Pugliamare\",\"description\":\"Esperienze, Soggiorni e Tour personalizzati in Puglia\",\"publisher\":{\"@id\":\"https:\/\/pugliamare.it\/en\/#organization\"},\"potentialAction\":[{\"@type\":\"SearchAction\",\"target\":{\"@type\":\"EntryPoint\",\"urlTemplate\":\"https:\/\/pugliamare.it\/en\/?s={search_term_string}\"},\"query-input\":\"required name=search_term_string\"}],\"inLanguage\":\"es\"},{\"@type\":\"Organization\",\"@id\":\"https:\/\/pugliamare.it\/en\/#organization\",\"name\":\"Pugliamare srl\",\"url\":\"https:\/\/pugliamare.it\/en\/\",\"logo\":{\"@type\":\"ImageObject\",\"inLanguage\":\"es\",\"@id\":\"https:\/\/pugliamare.it\/en\/#\/schema\/logo\/image\/\",\"url\":\"https:\/\/pugliamare.it\/wp-content\/uploads\/2021\/04\/cropped-cropped-Risorsa-2.png\",\"contentUrl\":\"https:\/\/pugliamare.it\/wp-content\/uploads\/2021\/04\/cropped-cropped-Risorsa-2.png\",\"width\":374,\"height\":117,\"caption\":\"Pugliamare srl\"},\"image\":{\"@id\":\"https:\/\/pugliamare.it\/en\/#\/schema\/logo\/image\/\"},\"sameAs\":[\"https:\/\/www.facebook.com\/pugliamarexperience\",\"https:\/\/www.instagram.com\/pugliamare\/\"]}]}<\/script>\n<!-- \/ Yoast SEO Premium plugin. -->","yoast_head_json":{"title":"Musae Relais & Spa: Eleganza e Relax nel Cuore di Polignano | Pugliamare","description":"Musae Relais & Spa: B&B nel cuore di Polignano a Mare con camere di design e una spa esclusiva per un soggiorno indimenticabile in Puglia.","robots":{"index":"index","follow":"follow","max-snippet":"max-snippet:-1","max-image-preview":"max-image-preview:large","max-video-preview":"max-video-preview:-1"},"canonical":"https:\/\/pugliamare.it\/es\/esperienze\/musae-relais-spa\/","og_locale":"es_ES","og_type":"article","og_title":"Musae Relais & Spa: Eleganza e Relax nel Cuore di Polignano a Mare","og_description":"Musae Relais & Spa: B&B nel cuore di Polignano a Mare con camere di design e una spa esclusiva per un soggiorno indimenticabile in Puglia.","og_url":"https:\/\/pugliamare.it\/es\/esperienze\/musae-relais-spa\/","og_site_name":"Pugliamare","article_publisher":"https:\/\/www.facebook.com\/pugliamarexperience","article_modified_time":"2025-08-29T13:51:28+00:00","og_image":[{"width":1024,"height":683,"url":"https:\/\/pugliamare.it\/wp-content\/uploads\/2021\/11\/musae-relaisspa-7.jpg","type":"image\/jpeg"}],"twitter_card":"summary_large_image","schema":{"@context":"https:\/\/schema.org","@graph":[{"@type":"WebPage","@id":"https:\/\/pugliamare.it\/esperienze\/musae-relais-spa\/","url":"https:\/\/pugliamare.it\/esperienze\/musae-relais-spa\/","name":"Musae Relais & Spa: Eleganza e Relax nel Cuore di Polignano | Pugliamare","isPartOf":{"@id":"https:\/\/pugliamare.it\/en\/#website"},"primaryImageOfPage":{"@id":"https:\/\/pugliamare.it\/esperienze\/musae-relais-spa\/#primaryimage"},"image":{"@id":"https:\/\/pugliamare.it\/esperienze\/musae-relais-spa\/#primaryimage"},"thumbnailUrl":"https:\/\/pugliamare.it\/wp-content\/uploads\/2021\/11\/musae-relaisspa-7.jpg","datePublished":"2024-04-19T16:22:23+00:00","dateModified":"2025-08-29T13:51:28+00:00","description":"Musae Relais & Spa: B&B nel cuore di Polignano a Mare con camere di design e una spa esclusiva per un soggiorno indimenticabile in Puglia.","breadcrumb":{"@id":"https:\/\/pugliamare.it\/esperienze\/musae-relais-spa\/#breadcrumb"},"inLanguage":"es","potentialAction":[{"@type":"ReadAction","target":["https:\/\/pugliamare.it\/esperienze\/musae-relais-spa\/"]}]},{"@type":"ImageObject","inLanguage":"es","@id":"https:\/\/pugliamare.it\/esperienze\/musae-relais-spa\/#primaryimage","url":"https:\/\/pugliamare.it\/wp-content\/uploads\/2021\/11\/musae-relaisspa-7.jpg","contentUrl":"https:\/\/pugliamare.it\/wp-content\/uploads\/2021\/11\/musae-relaisspa-7.jpg","width":1024,"height":683,"caption":"Spa del b&b musae relais&spa"},{"@type":"BreadcrumbList","@id":"https:\/\/pugliamare.it\/esperienze\/musae-relais-spa\/#breadcrumb","itemListElement":[{"@type":"ListItem","position":1,"name":"Home","item":"https:\/\/pugliamare.it\/"},{"@type":"ListItem","position":2,"name":"Musae Relais &#038; Spa: Eleganza e Relax nel Cuore di Polignano a Mare"}]},{"@type":"WebSite","@id":"https:\/\/pugliamare.it\/en\/#website","url":"https:\/\/pugliamare.it\/en\/","name":"Pugliamare","description":"Esperienze, Soggiorni e Tour personalizzati in Puglia","publisher":{"@id":"https:\/\/pugliamare.it\/en\/#organization"},"potentialAction":[{"@type":"SearchAction","target":{"@type":"EntryPoint","urlTemplate":"https:\/\/pugliamare.it\/en\/?s={search_term_string}"},"query-input":"required name=search_term_string"}],"inLanguage":"es"},{"@type":"Organization","@id":"https:\/\/pugliamare.it\/en\/#organization","name":"Pugliamare srl","url":"https:\/\/pugliamare.it\/en\/","logo":{"@type":"ImageObject","inLanguage":"es","@id":"https:\/\/pugliamare.it\/en\/#\/schema\/logo\/image\/","url":"https:\/\/pugliamare.it\/wp-content\/uploads\/2021\/04\/cropped-cropped-Risorsa-2.png","contentUrl":"https:\/\/pugliamare.it\/wp-content\/uploads\/2021\/04\/cropped-cropped-Risorsa-2.png","width":374,"height":117,"caption":"Pugliamare srl"},"image":{"@id":"https:\/\/pugliamare.it\/en\/#\/schema\/logo\/image\/"},"sameAs":["https:\/\/www.facebook.com\/pugliamarexperience","https:\/\/www.instagram.com\/pugliamare\/"]}]}},"_links":{"self":[{"href":"https:\/\/pugliamare.it\/es\/wp-json\/wp\/v2\/product\/21938"}],"collection":[{"href":"https:\/\/pugliamare.it\/es\/wp-json\/wp\/v2\/product"}],"about":[{"href":"https:\/\/pugliamare.it\/es\/wp-json\/wp\/v2\/types\/product"}],"version-history":[{"count":7,"href":"https:\/\/pugliamare.it\/es\/wp-json\/wp\/v2\/product\/21938\/revisions"}],"predecessor-version":[{"id":35320,"href":"https:\/\/pugliamare.it\/es\/wp-json\/wp\/v2\/product\/21938\/revisions\/35320"}],"wp:featuredmedia":[{"embeddable":true,"href":"https:\/\/pugliamare.it\/es\/wp-json\/wp\/v2\/media\/9524"}],"wp:attachment":[{"href":"https:\/\/pugliamare.it\/es\/wp-json\/wp\/v2\/media?parent=21938"}],"wp:term":[{"taxonomy":"product_cat","embeddable":true,"href":"https:\/\/pugliamare.it\/es\/wp-json\/wp\/v2\/product_cat?post=21938"},{"taxonomy":"product_tag","embeddable":true,"href":"https:\/\/pugliamare.it\/es\/wp-json\/wp\/v2\/product_tag?post=21938"}],"curies":[{"name":"wp","href":"https:\/\/api.w.org\/{rel}","templated":true}]}}