{"id":21940,"date":"2024-04-19T18:22:29","date_gmt":"2024-04-19T16:22:29","guid":{"rendered":"https:\/\/pugliamare.it\/esperienze\/regio-hotel-manfredi-4\/"},"modified":"2025-08-29T11:17:28","modified_gmt":"2025-08-29T09:17:28","slug":"regio-hotel-manfredi-4","status":"publish","type":"product","link":"https:\/\/pugliamare.it\/es\/esperienze\/regio-hotel-manfredi-4\/","title":{"rendered":"Regio Hotel Manfredi: Una Estancia Inolvidable en Apulia"},"content":{"rendered":"<h3>Ubicaci\u00f3n<\/h3>\n<p class=\" translation-block\"><strong>Regio Hotel Manfredi<\/strong> se encuentra en <strong>Manfredonia<\/strong>, en el coraz\u00f3n del <strong>Gargano<\/strong>, entre el mar y la monta\u00f1a. El establecimiento est\u00e1 a pocos kil\u00f3metros de <strong>Siponto<\/strong>, <strong>San Giovanni Rotondo<\/strong>, <strong>Mattinata<\/strong> y <strong>Vieste<\/strong>.<\/p>\n<h3>Habitaciones<\/h3>\n<p class=\" translation-block\">Las <strong>100 habitaciones<\/strong> del hotel se distribuyen en <strong>2 plantas<\/strong> e incluyen categor\u00edas classic, superior, suite y junior suite. Cada una de ellas est\u00e1 equipada con:<\/p>\n<ul>\n<li><strong>Aire Acondicionado<\/strong><\/li>\n<li><strong>Balc\u00f3n<\/strong><\/li>\n<li><strong>Minibar<\/strong><\/li>\n<li><strong>TV<\/strong><\/li>\n<li><strong>Art\u00edculos de tocador<\/strong><\/li>\n<li><strong>Secador de pelo<\/strong><\/li>\n<li><strong>Mesa con silla<\/strong><\/li>\n<li><strong>Caja fuerte<\/strong><\/li>\n<li><strong>Vista al mar o a la monta\u00f1a<\/strong><\/li>\n<\/ul>\n<p class=\" translation-block\"><strong>Entrada<\/strong>: 15:00 h \/ <strong>Salida<\/strong>: 10:30 h<\/p>\n<h3>Restaurante<\/h3>\n<p class=\" translation-block\">El restaurante del <strong>Regio Hotel Manfredi<\/strong> cuenta con <strong>2 comedores<\/strong> preparados para ofrecer lo mejor de la cocina <strong>apulia<\/strong> y mediterr\u00e1nea en ambientes de gran encanto, con el apoyo de un personal altamente cualificado. El <strong>men\u00fa \u201c\u00e0 la carte\u201d<\/strong> es siempre variado, evocando sabores antiguos y refinados, para un almuerzo o cena inolvidable. Adem\u00e1s, hay un <strong>\u00e1rea de bar<\/strong> con vista a los jardines, equipada con mesas y c\u00f3modos sof\u00e1s, ideal para reuniones de trabajo o peque\u00f1os descansos durante el d\u00eda.<\/p>\n<h3>Desayuno<\/h3>\n<p class=\" translation-block\">El desayuno se sirve en la habitaci\u00f3n o en el hotel, con productos locales de alta calidad. Los hu\u00e9spedes pueden elegir entre un <strong>desayuno italiano cl\u00e1sico<\/strong> o un <strong>abundante desayuno continental<\/strong>.<\/p>\n<h2>Spa<\/h2>\n<p class=\" translation-block\">El <strong>Spa<\/strong> del Regio Hotel Manfredi ofrece un recorrido dedicado al bienestar, con:<\/p>\n<ul>\n<li><strong>Ba\u00f1era de hidromasaje<\/strong><\/li>\n<li><strong>Ba\u00f1o turco<\/strong><\/li>\n<li><strong>Sauna<\/strong><\/li>\n<li><strong>Sala de sal<\/strong><\/li>\n<li><strong>Duchas sensoriales<\/strong><\/li>\n<li><strong>Cascada de hielo<\/strong><\/li>\n<li><strong>\u00c1rea de fitness<\/strong><\/li>\n<\/ul>\n<p class=\" translation-block\">Adem\u00e1s, hay <strong>2 cabinas<\/strong> para masajes y tratamientos, con personal altamente cualificado. Tambi\u00e9n cuenta con un <strong>Recorrido de Fitness al Aire Libre<\/strong> con se\u00f1ales informativas para realizar los ejercicios correctamente.<\/p>\n<h3>Congresos<\/h3>\n<p class=\" translation-block\">El <strong>Regio Hotel Manfredi<\/strong> tambi\u00e9n cuenta con un centro de congresos, situado en una zona tranquila y privada dentro de un amplio jard\u00edn, con <strong>300 asientos<\/strong> y <strong>4 espacios para reuniones<\/strong>, todos equipados con las tecnolog\u00edas necesarias.<\/p>\n<h3>Otras Informaci\u00f3n<\/h3>\n<ul>\n<li class=\" translation-block\"><b>Aparcamiento<\/b><span style=\"font-weight: 400\"> privado gratuito en el establecimiento<\/span><\/li>\n<li><strong>Recepci\u00f3n disponible 24 horas<\/strong><\/li>\n<li class=\" translation-block\"><b>Perros<\/b><span style=\"font-weight: 400\"> admitidos<\/span><\/li>\n<\/ul>\n<p class=\" translation-block\">El <strong>Regio Hotel Manfredi<\/strong> representa una excelente opci\u00f3n para quienes buscan una estancia centrada en la relajaci\u00f3n, la buena comida y la belleza de <a href=\"https:\/\/pugliamare.it\/destinazioni\/\" target=\"_self\">Apulia<\/a>, garantizando una experiencia completa y satisfactoria. Para comprobar la disponibilidad y recibir asistencia, no dude en <a href=\"https:\/\/api.whatsapp.com\/send?phone=390802223620\" target=\"_self\">contactarnos<\/a>. \u00a1Estamos aqu\u00ed para ayudarle!<\/p>","protected":false},"excerpt":{"rendered":"<p><strong>Regio Hotel Manfredi<\/strong> si trova nel cuore del Gargano, a Manfredonia, ed \u00e8 la scelta ideale per un soggiorno tra mare e montagna. Con <strong>100 camere<\/strong> moderne, un <strong>ristorante gourmet<\/strong>, e una <strong>spa<\/strong> con vasca idromassaggio e sauna, offre il massimo del relax. Il centro congressi da 300 posti e i <strong>servizi per animali<\/strong> lo rendono perfetto anche per viaggi di lavoro.<\/p>","protected":false},"featured_media":9709,"template":"","meta":{"_acf_changed":false,"inline_featured_image":false},"product_cat":[402],"product_tag":[374],"acf":[],"yoast_head":"<!-- This site is optimized with the Yoast SEO Premium plugin v22.8 (Yoast SEO v22.8) - https:\/\/yoast.com\/wordpress\/plugins\/seo\/ -->\n<title>Regio Hotel Manfredi: Un Soggiorno Indimenticabile in Puglia | Pugliamare<\/title>\n<meta name=\"description\" content=\"Regio Hotel Manfredi: soggiorno tra mare e montagna nel Gargano, con ristorante, spa, camere panoramiche e centro congressi. Relax e comfort in Puglia.\" \/>\n<meta name=\"robots\" content=\"index, follow, max-snippet:-1, max-image-preview:large, max-video-preview:-1\" \/>\n<link rel=\"canonical\" href=\"https:\/\/pugliamare.it\/es\/esperienze\/regio-hotel-manfredi-4\/\" \/>\n<meta property=\"og:locale\" content=\"es_ES\" \/>\n<meta property=\"og:type\" content=\"article\" \/>\n<meta property=\"og:title\" content=\"Regio Hotel Manfredi: Un Soggiorno Indimenticabile in Puglia\" \/>\n<meta property=\"og:description\" content=\"Regio Hotel Manfredi: soggiorno tra mare e montagna nel Gargano, con ristorante, spa, camere panoramiche e centro congressi. Relax e comfort in Puglia.\" \/>\n<meta property=\"og:url\" content=\"https:\/\/pugliamare.it\/es\/esperienze\/regio-hotel-manfredi-4\/\" \/>\n<meta property=\"og:site_name\" content=\"Pugliamare\" \/>\n<meta property=\"article:publisher\" content=\"https:\/\/www.facebook.com\/pugliamarexperience\" \/>\n<meta property=\"article:modified_time\" content=\"2025-08-29T09:17:28+00:00\" \/>\n<meta property=\"og:image\" content=\"https:\/\/pugliamare.it\/wp-content\/uploads\/2021\/11\/regio-hotel-manfredi-17.jpg\" \/>\n\t<meta property=\"og:image:width\" content=\"901\" \/>\n\t<meta property=\"og:image:height\" content=\"600\" \/>\n\t<meta property=\"og:image:type\" content=\"image\/jpeg\" \/>\n<meta name=\"twitter:card\" content=\"summary_large_image\" \/>\n<script type=\"application\/ld+json\" class=\"yoast-schema-graph\">{\"@context\":\"https:\/\/schema.org\",\"@graph\":[{\"@type\":\"WebPage\",\"@id\":\"https:\/\/pugliamare.it\/esperienze\/regio-hotel-manfredi-4\/\",\"url\":\"https:\/\/pugliamare.it\/esperienze\/regio-hotel-manfredi-4\/\",\"name\":\"Regio Hotel Manfredi: Un Soggiorno Indimenticabile in Puglia | Pugliamare\",\"isPartOf\":{\"@id\":\"https:\/\/pugliamare.it\/en\/#website\"},\"primaryImageOfPage\":{\"@id\":\"https:\/\/pugliamare.it\/esperienze\/regio-hotel-manfredi-4\/#primaryimage\"},\"image\":{\"@id\":\"https:\/\/pugliamare.it\/esperienze\/regio-hotel-manfredi-4\/#primaryimage\"},\"thumbnailUrl\":\"https:\/\/pugliamare.it\/wp-content\/uploads\/2021\/11\/regio-hotel-manfredi-17.jpg\",\"datePublished\":\"2024-04-19T16:22:29+00:00\",\"dateModified\":\"2025-08-29T09:17:28+00:00\",\"description\":\"Regio Hotel Manfredi: soggiorno tra mare e montagna nel Gargano, con ristorante, spa, camere panoramiche e centro congressi. Relax e comfort in Puglia.\",\"breadcrumb\":{\"@id\":\"https:\/\/pugliamare.it\/esperienze\/regio-hotel-manfredi-4\/#breadcrumb\"},\"inLanguage\":\"es\",\"potentialAction\":[{\"@type\":\"ReadAction\",\"target\":[\"https:\/\/pugliamare.it\/esperienze\/regio-hotel-manfredi-4\/\"]}]},{\"@type\":\"ImageObject\",\"inLanguage\":\"es\",\"@id\":\"https:\/\/pugliamare.it\/esperienze\/regio-hotel-manfredi-4\/#primaryimage\",\"url\":\"https:\/\/pugliamare.it\/wp-content\/uploads\/2021\/11\/regio-hotel-manfredi-17.jpg\",\"contentUrl\":\"https:\/\/pugliamare.it\/wp-content\/uploads\/2021\/11\/regio-hotel-manfredi-17.jpg\",\"width\":901,\"height\":600,\"caption\":\"camera regio hotel manfredi\"},{\"@type\":\"BreadcrumbList\",\"@id\":\"https:\/\/pugliamare.it\/esperienze\/regio-hotel-manfredi-4\/#breadcrumb\",\"itemListElement\":[{\"@type\":\"ListItem\",\"position\":1,\"name\":\"Home\",\"item\":\"https:\/\/pugliamare.it\/\"},{\"@type\":\"ListItem\",\"position\":2,\"name\":\"Regio Hotel Manfredi: Un Soggiorno Indimenticabile in Puglia\"}]},{\"@type\":\"WebSite\",\"@id\":\"https:\/\/pugliamare.it\/en\/#website\",\"url\":\"https:\/\/pugliamare.it\/en\/\",\"name\":\"Pugliamare\",\"description\":\"Esperienze, Soggiorni e Tour personalizzati in Puglia\",\"publisher\":{\"@id\":\"https:\/\/pugliamare.it\/en\/#organization\"},\"potentialAction\":[{\"@type\":\"SearchAction\",\"target\":{\"@type\":\"EntryPoint\",\"urlTemplate\":\"https:\/\/pugliamare.it\/en\/?s={search_term_string}\"},\"query-input\":\"required name=search_term_string\"}],\"inLanguage\":\"es\"},{\"@type\":\"Organization\",\"@id\":\"https:\/\/pugliamare.it\/en\/#organization\",\"name\":\"Pugliamare srl\",\"url\":\"https:\/\/pugliamare.it\/en\/\",\"logo\":{\"@type\":\"ImageObject\",\"inLanguage\":\"es\",\"@id\":\"https:\/\/pugliamare.it\/en\/#\/schema\/logo\/image\/\",\"url\":\"https:\/\/pugliamare.it\/wp-content\/uploads\/2021\/04\/cropped-cropped-Risorsa-2.png\",\"contentUrl\":\"https:\/\/pugliamare.it\/wp-content\/uploads\/2021\/04\/cropped-cropped-Risorsa-2.png\",\"width\":374,\"height\":117,\"caption\":\"Pugliamare srl\"},\"image\":{\"@id\":\"https:\/\/pugliamare.it\/en\/#\/schema\/logo\/image\/\"},\"sameAs\":[\"https:\/\/www.facebook.com\/pugliamarexperience\",\"https:\/\/www.instagram.com\/pugliamare\/\"]}]}<\/script>\n<!-- \/ Yoast SEO Premium plugin. -->","yoast_head_json":{"title":"Regio Hotel Manfredi: Un Soggiorno Indimenticabile in Puglia | Pugliamare","description":"Regio Hotel Manfredi: soggiorno tra mare e montagna nel Gargano, con ristorante, spa, camere panoramiche e centro congressi. Relax e comfort in Puglia.","robots":{"index":"index","follow":"follow","max-snippet":"max-snippet:-1","max-image-preview":"max-image-preview:large","max-video-preview":"max-video-preview:-1"},"canonical":"https:\/\/pugliamare.it\/es\/esperienze\/regio-hotel-manfredi-4\/","og_locale":"es_ES","og_type":"article","og_title":"Regio Hotel Manfredi: Un Soggiorno Indimenticabile in Puglia","og_description":"Regio Hotel Manfredi: soggiorno tra mare e montagna nel Gargano, con ristorante, spa, camere panoramiche e centro congressi. Relax e comfort in Puglia.","og_url":"https:\/\/pugliamare.it\/es\/esperienze\/regio-hotel-manfredi-4\/","og_site_name":"Pugliamare","article_publisher":"https:\/\/www.facebook.com\/pugliamarexperience","article_modified_time":"2025-08-29T09:17:28+00:00","og_image":[{"width":901,"height":600,"url":"https:\/\/pugliamare.it\/wp-content\/uploads\/2021\/11\/regio-hotel-manfredi-17.jpg","type":"image\/jpeg"}],"twitter_card":"summary_large_image","schema":{"@context":"https:\/\/schema.org","@graph":[{"@type":"WebPage","@id":"https:\/\/pugliamare.it\/esperienze\/regio-hotel-manfredi-4\/","url":"https:\/\/pugliamare.it\/esperienze\/regio-hotel-manfredi-4\/","name":"Regio Hotel Manfredi: Un Soggiorno Indimenticabile in Puglia | Pugliamare","isPartOf":{"@id":"https:\/\/pugliamare.it\/en\/#website"},"primaryImageOfPage":{"@id":"https:\/\/pugliamare.it\/esperienze\/regio-hotel-manfredi-4\/#primaryimage"},"image":{"@id":"https:\/\/pugliamare.it\/esperienze\/regio-hotel-manfredi-4\/#primaryimage"},"thumbnailUrl":"https:\/\/pugliamare.it\/wp-content\/uploads\/2021\/11\/regio-hotel-manfredi-17.jpg","datePublished":"2024-04-19T16:22:29+00:00","dateModified":"2025-08-29T09:17:28+00:00","description":"Regio Hotel Manfredi: soggiorno tra mare e montagna nel Gargano, con ristorante, spa, camere panoramiche e centro congressi. Relax e comfort in Puglia.","breadcrumb":{"@id":"https:\/\/pugliamare.it\/esperienze\/regio-hotel-manfredi-4\/#breadcrumb"},"inLanguage":"es","potentialAction":[{"@type":"ReadAction","target":["https:\/\/pugliamare.it\/esperienze\/regio-hotel-manfredi-4\/"]}]},{"@type":"ImageObject","inLanguage":"es","@id":"https:\/\/pugliamare.it\/esperienze\/regio-hotel-manfredi-4\/#primaryimage","url":"https:\/\/pugliamare.it\/wp-content\/uploads\/2021\/11\/regio-hotel-manfredi-17.jpg","contentUrl":"https:\/\/pugliamare.it\/wp-content\/uploads\/2021\/11\/regio-hotel-manfredi-17.jpg","width":901,"height":600,"caption":"camera regio hotel manfredi"},{"@type":"BreadcrumbList","@id":"https:\/\/pugliamare.it\/esperienze\/regio-hotel-manfredi-4\/#breadcrumb","itemListElement":[{"@type":"ListItem","position":1,"name":"Home","item":"https:\/\/pugliamare.it\/"},{"@type":"ListItem","position":2,"name":"Regio Hotel Manfredi: Un Soggiorno Indimenticabile in Puglia"}]},{"@type":"WebSite","@id":"https:\/\/pugliamare.it\/en\/#website","url":"https:\/\/pugliamare.it\/en\/","name":"Pugliamare","description":"Esperienze, Soggiorni e Tour personalizzati in Puglia","publisher":{"@id":"https:\/\/pugliamare.it\/en\/#organization"},"potentialAction":[{"@type":"SearchAction","target":{"@type":"EntryPoint","urlTemplate":"https:\/\/pugliamare.it\/en\/?s={search_term_string}"},"query-input":"required name=search_term_string"}],"inLanguage":"es"},{"@type":"Organization","@id":"https:\/\/pugliamare.it\/en\/#organization","name":"Pugliamare srl","url":"https:\/\/pugliamare.it\/en\/","logo":{"@type":"ImageObject","inLanguage":"es","@id":"https:\/\/pugliamare.it\/en\/#\/schema\/logo\/image\/","url":"https:\/\/pugliamare.it\/wp-content\/uploads\/2021\/04\/cropped-cropped-Risorsa-2.png","contentUrl":"https:\/\/pugliamare.it\/wp-content\/uploads\/2021\/04\/cropped-cropped-Risorsa-2.png","width":374,"height":117,"caption":"Pugliamare srl"},"image":{"@id":"https:\/\/pugliamare.it\/en\/#\/schema\/logo\/image\/"},"sameAs":["https:\/\/www.facebook.com\/pugliamarexperience","https:\/\/www.instagram.com\/pugliamare\/"]}]}},"_links":{"self":[{"href":"https:\/\/pugliamare.it\/es\/wp-json\/wp\/v2\/product\/21940"}],"collection":[{"href":"https:\/\/pugliamare.it\/es\/wp-json\/wp\/v2\/product"}],"about":[{"href":"https:\/\/pugliamare.it\/es\/wp-json\/wp\/v2\/types\/product"}],"version-history":[{"count":8,"href":"https:\/\/pugliamare.it\/es\/wp-json\/wp\/v2\/product\/21940\/revisions"}],"predecessor-version":[{"id":35277,"href":"https:\/\/pugliamare.it\/es\/wp-json\/wp\/v2\/product\/21940\/revisions\/35277"}],"wp:featuredmedia":[{"embeddable":true,"href":"https:\/\/pugliamare.it\/es\/wp-json\/wp\/v2\/media\/9709"}],"wp:attachment":[{"href":"https:\/\/pugliamare.it\/es\/wp-json\/wp\/v2\/media?parent=21940"}],"wp:term":[{"taxonomy":"product_cat","embeddable":true,"href":"https:\/\/pugliamare.it\/es\/wp-json\/wp\/v2\/product_cat?post=21940"},{"taxonomy":"product_tag","embeddable":true,"href":"https:\/\/pugliamare.it\/es\/wp-json\/wp\/v2\/product_tag?post=21940"}],"curies":[{"name":"wp","href":"https:\/\/api.w.org\/{rel}","templated":true}]}}