{"id":21943,"date":"2024-04-19T18:22:38","date_gmt":"2024-04-19T16:22:38","guid":{"rendered":"https:\/\/pugliamare.it\/esperienze\/tenuta-monacelle\/"},"modified":"2024-11-24T16:34:17","modified_gmt":"2024-11-24T15:34:17","slug":"tenuta-monacelle","status":"publish","type":"product","link":"https:\/\/pugliamare.it\/es\/esperienze\/tenuta-monacelle\/","title":{"rendered":"Tenuta Monacelle: Una Aut\u00e9ntica Masseria en Apulia"},"content":{"rendered":"<h1><strong>Tenuta Monacelle<\/strong><\/h1>\n<p class=\" translation-block\">Situada en la hermosa <strong>Puglia<\/strong>, la Masseria <strong>Tenuta Monacelle<\/strong> es un encantador establecimiento ubicado en <a href=\"https:\/\/pugliamare.it\/destinazioni\/monopoli\/\" target=\"_self\">Monopoli<\/a>, rodeado por la exuberante Selva di Fasano. Esta masseria, fundada en 1790 como convento, ha conservado su aut\u00e9ntico encanto, ofreciendo a los visitantes una experiencia inolvidable entre historia y naturaleza.<\/p>\n<h3><strong>Habitaciones y Comodidades en Tenuta<\/strong><\/h3>\n<p class=\" translation-block\">La Masseria <strong>Tenuta Monacelle<\/strong> est\u00e1 compuesta por dos encantadores pueblos: el <strong>Borgo dei Trulli<\/strong> y el <strong>Borgo delle Masserie<\/strong>.<\/p>\n<ul>\n<li class=\" translation-block\"><strong>Trulli<\/strong>: <strong>Siete habitaciones<\/strong> elegantemente amuebladas, cada una equipada con ba\u00f1o privado, minibar y tel\u00e9fono, con algunas opciones que incluyen aire acondicionado.<\/li>\n<li class=\" translation-block\"><strong>Masserie<\/strong>: <strong>Seis habitaciones \u00fanicas<\/strong>, construidas en toba de Salento, con un dise\u00f1o refinado y comodidades modernas, algunas de las cuales cuentan con ba\u00f1era de hidromasaje.<\/li>\n<\/ul>\n<h3><strong>Restaurante<\/strong><\/h3>\n<p class=\" translation-block\">El restaurante de la <strong>Masseria Tenuta Monacelle<\/strong> ofrece una selecci\u00f3n de platos t\u00edpicos de Apulia, preparados con ingredientes frescos y naturales. Los hu\u00e9spedes pueden degustar especialidades locales en un entorno que celebra la tradici\u00f3n culinaria de la regi\u00f3n.<\/p>\n<h3><strong>Desayuno<\/strong><\/h3>\n<p class=\" translation-block\">El desayuno, servido <strong>en la habitaci\u00f3n<\/strong> o <strong>en la masseria<\/strong>, ofrece una variedad de productos de alta calidad y pasteles artesanales para comenzar el d\u00eda con sabor.<\/p>\n<h3><strong>Espacios para Congresos<\/strong><\/h3>\n<p class=\" translation-block\">La <strong>Masseria Tenuta Monacelle<\/strong> tambi\u00e9n es un lugar ideal para eventos y congresos. Cuenta con una sala de conferencias circular para reuniones de gran tama\u00f1o y otras salas peque\u00f1as para encuentros privados.<\/p>\n<h3><strong>Aparcamiento y Servicios Ofrecidos en la Masseria<\/strong><\/h3>\n<p class=\" translation-block\">Los hu\u00e9spedes pueden disfrutar de <strong>aparcamiento privado gratuito<\/strong>. La recepci\u00f3n est\u00e1 abierta <strong>24 horas al d\u00eda<\/strong>, garantizando un servicio constante y asistencia personalizada.<\/p>\n<h3><strong>Se Admiten Mascotas<\/strong><\/h3>\n<p class=\" translation-block\">El establecimiento tambi\u00e9n acepta perros, lo que convierte a la <strong>Masseria Tenuta Monacelle<\/strong> en la elecci\u00f3n perfecta para quienes desean viajar con sus amigos de cuatro patas.<\/p>\n<p class=\" translation-block\">Alojarse en la <strong>Masseria Tenuta Monacelle<\/strong> significa sumergirse en la belleza de <strong><a href=\"https:\/\/pugliamare.it\/destinazioni\/\" target=\"_self\">Apulia<\/a><\/strong>, descubriendo la riqueza de Monopoli y sus tradiciones, todo en un ambiente de elegante sofisticaci\u00f3n. Para comprobar la disponibilidad y recibir asistencia, no dude en <a href=\"https:\/\/api.whatsapp.com\/send?phone=390802223620\" target=\"_self\">contactarnos<\/a>. \u00a1Estamos aqu\u00ed para ayudarle!<\/p>","protected":false},"excerpt":{"rendered":"<p>Masseria immersa nella <strong>Selva di Fasano<\/strong>, offre camere eleganti in due borghi: il <strong>Borgo dei Trulli<\/strong> e il <strong>Borgo delle Masserie<\/strong>. Con un ristorante che celebra la <strong>cucina pugliese<\/strong>, una <strong>sala congressi<\/strong>, e servizi moderni, la struttura \u00e8 ideale per soggiorni e eventi.<\/p>","protected":false},"featured_media":10415,"template":"","meta":{"_acf_changed":false,"inline_featured_image":false},"product_cat":[403],"product_tag":[374],"acf":[],"yoast_head":"<!-- This site is optimized with the Yoast SEO Premium plugin v22.8 (Yoast SEO v22.8) - https:\/\/yoast.com\/wordpress\/plugins\/seo\/ -->\n<title>Tenuta Monacelle: Un&#039;Autentica Masseria in Puglia | Pugliamare<\/title>\n<meta name=\"description\" content=\"Tenuta Monacelle: una Masseria unica a Monopoli, in Puglia. Un soggiorno esclusivo tra storia, comfort e tradizione. Prenota ora!\" \/>\n<meta name=\"robots\" content=\"index, follow, max-snippet:-1, max-image-preview:large, max-video-preview:-1\" \/>\n<link rel=\"canonical\" href=\"https:\/\/pugliamare.it\/es\/esperienze\/tenuta-monacelle\/\" \/>\n<meta property=\"og:locale\" content=\"es_ES\" \/>\n<meta property=\"og:type\" content=\"article\" \/>\n<meta property=\"og:title\" content=\"Tenuta Monacelle: Un&#039;Autentica Masseria in Puglia\" \/>\n<meta property=\"og:description\" content=\"Tenuta Monacelle: una Masseria unica a Monopoli, in Puglia. Un soggiorno esclusivo tra storia, comfort e tradizione. Prenota ora!\" \/>\n<meta property=\"og:url\" content=\"https:\/\/pugliamare.it\/es\/esperienze\/tenuta-monacelle\/\" \/>\n<meta property=\"og:site_name\" content=\"Pugliamare\" \/>\n<meta property=\"article:publisher\" content=\"https:\/\/www.facebook.com\/pugliamarexperience\" \/>\n<meta property=\"article:modified_time\" content=\"2024-11-24T15:34:17+00:00\" \/>\n<meta property=\"og:image\" content=\"https:\/\/pugliamare.it\/wp-content\/uploads\/2022\/01\/tenuta-monacelle-1.jpg\" \/>\n\t<meta property=\"og:image:width\" content=\"1600\" \/>\n\t<meta property=\"og:image:height\" content=\"824\" \/>\n\t<meta property=\"og:image:type\" content=\"image\/jpeg\" \/>\n<meta name=\"twitter:card\" content=\"summary_large_image\" \/>\n<script type=\"application\/ld+json\" class=\"yoast-schema-graph\">{\"@context\":\"https:\/\/schema.org\",\"@graph\":[{\"@type\":\"WebPage\",\"@id\":\"https:\/\/pugliamare.it\/esperienze\/tenuta-monacelle\/\",\"url\":\"https:\/\/pugliamare.it\/esperienze\/tenuta-monacelle\/\",\"name\":\"Tenuta Monacelle: Un'Autentica Masseria in Puglia | Pugliamare\",\"isPartOf\":{\"@id\":\"https:\/\/pugliamare.it\/en\/#website\"},\"primaryImageOfPage\":{\"@id\":\"https:\/\/pugliamare.it\/esperienze\/tenuta-monacelle\/#primaryimage\"},\"image\":{\"@id\":\"https:\/\/pugliamare.it\/esperienze\/tenuta-monacelle\/#primaryimage\"},\"thumbnailUrl\":\"https:\/\/pugliamare.it\/wp-content\/uploads\/2022\/01\/tenuta-monacelle-1.jpg\",\"datePublished\":\"2024-04-19T16:22:38+00:00\",\"dateModified\":\"2024-11-24T15:34:17+00:00\",\"description\":\"Tenuta Monacelle: una Masseria unica a Monopoli, in Puglia. Un soggiorno esclusivo tra storia, comfort e tradizione. Prenota ora!\",\"breadcrumb\":{\"@id\":\"https:\/\/pugliamare.it\/esperienze\/tenuta-monacelle\/#breadcrumb\"},\"inLanguage\":\"es\",\"potentialAction\":[{\"@type\":\"ReadAction\",\"target\":[\"https:\/\/pugliamare.it\/esperienze\/tenuta-monacelle\/\"]}]},{\"@type\":\"ImageObject\",\"inLanguage\":\"es\",\"@id\":\"https:\/\/pugliamare.it\/esperienze\/tenuta-monacelle\/#primaryimage\",\"url\":\"https:\/\/pugliamare.it\/wp-content\/uploads\/2022\/01\/tenuta-monacelle-1.jpg\",\"contentUrl\":\"https:\/\/pugliamare.it\/wp-content\/uploads\/2022\/01\/tenuta-monacelle-1.jpg\",\"width\":1600,\"height\":824,\"caption\":\"masseria tenuta monacelle\"},{\"@type\":\"BreadcrumbList\",\"@id\":\"https:\/\/pugliamare.it\/esperienze\/tenuta-monacelle\/#breadcrumb\",\"itemListElement\":[{\"@type\":\"ListItem\",\"position\":1,\"name\":\"Home\",\"item\":\"https:\/\/pugliamare.it\/\"},{\"@type\":\"ListItem\",\"position\":2,\"name\":\"Tenuta Monacelle: Un&#8217;Autentica Masseria in Puglia\"}]},{\"@type\":\"WebSite\",\"@id\":\"https:\/\/pugliamare.it\/en\/#website\",\"url\":\"https:\/\/pugliamare.it\/en\/\",\"name\":\"Pugliamare\",\"description\":\"Esperienze, Soggiorni e Tour personalizzati in Puglia\",\"publisher\":{\"@id\":\"https:\/\/pugliamare.it\/en\/#organization\"},\"potentialAction\":[{\"@type\":\"SearchAction\",\"target\":{\"@type\":\"EntryPoint\",\"urlTemplate\":\"https:\/\/pugliamare.it\/en\/?s={search_term_string}\"},\"query-input\":\"required name=search_term_string\"}],\"inLanguage\":\"es\"},{\"@type\":\"Organization\",\"@id\":\"https:\/\/pugliamare.it\/en\/#organization\",\"name\":\"Pugliamare srl\",\"url\":\"https:\/\/pugliamare.it\/en\/\",\"logo\":{\"@type\":\"ImageObject\",\"inLanguage\":\"es\",\"@id\":\"https:\/\/pugliamare.it\/en\/#\/schema\/logo\/image\/\",\"url\":\"https:\/\/pugliamare.it\/wp-content\/uploads\/2021\/04\/cropped-cropped-Risorsa-2.png\",\"contentUrl\":\"https:\/\/pugliamare.it\/wp-content\/uploads\/2021\/04\/cropped-cropped-Risorsa-2.png\",\"width\":374,\"height\":117,\"caption\":\"Pugliamare srl\"},\"image\":{\"@id\":\"https:\/\/pugliamare.it\/en\/#\/schema\/logo\/image\/\"},\"sameAs\":[\"https:\/\/www.facebook.com\/pugliamarexperience\",\"https:\/\/www.instagram.com\/pugliamare\/\"]}]}<\/script>\n<!-- \/ Yoast SEO Premium plugin. -->","yoast_head_json":{"title":"Tenuta Monacelle: Un'Autentica Masseria in Puglia | Pugliamare","description":"Tenuta Monacelle: una Masseria unica a Monopoli, in Puglia. Un soggiorno esclusivo tra storia, comfort e tradizione. Prenota ora!","robots":{"index":"index","follow":"follow","max-snippet":"max-snippet:-1","max-image-preview":"max-image-preview:large","max-video-preview":"max-video-preview:-1"},"canonical":"https:\/\/pugliamare.it\/es\/esperienze\/tenuta-monacelle\/","og_locale":"es_ES","og_type":"article","og_title":"Tenuta Monacelle: Un'Autentica Masseria in Puglia","og_description":"Tenuta Monacelle: una Masseria unica a Monopoli, in Puglia. Un soggiorno esclusivo tra storia, comfort e tradizione. Prenota ora!","og_url":"https:\/\/pugliamare.it\/es\/esperienze\/tenuta-monacelle\/","og_site_name":"Pugliamare","article_publisher":"https:\/\/www.facebook.com\/pugliamarexperience","article_modified_time":"2024-11-24T15:34:17+00:00","og_image":[{"width":1600,"height":824,"url":"https:\/\/pugliamare.it\/wp-content\/uploads\/2022\/01\/tenuta-monacelle-1.jpg","type":"image\/jpeg"}],"twitter_card":"summary_large_image","schema":{"@context":"https:\/\/schema.org","@graph":[{"@type":"WebPage","@id":"https:\/\/pugliamare.it\/esperienze\/tenuta-monacelle\/","url":"https:\/\/pugliamare.it\/esperienze\/tenuta-monacelle\/","name":"Tenuta Monacelle: Un'Autentica Masseria in Puglia | Pugliamare","isPartOf":{"@id":"https:\/\/pugliamare.it\/en\/#website"},"primaryImageOfPage":{"@id":"https:\/\/pugliamare.it\/esperienze\/tenuta-monacelle\/#primaryimage"},"image":{"@id":"https:\/\/pugliamare.it\/esperienze\/tenuta-monacelle\/#primaryimage"},"thumbnailUrl":"https:\/\/pugliamare.it\/wp-content\/uploads\/2022\/01\/tenuta-monacelle-1.jpg","datePublished":"2024-04-19T16:22:38+00:00","dateModified":"2024-11-24T15:34:17+00:00","description":"Tenuta Monacelle: una Masseria unica a Monopoli, in Puglia. Un soggiorno esclusivo tra storia, comfort e tradizione. Prenota ora!","breadcrumb":{"@id":"https:\/\/pugliamare.it\/esperienze\/tenuta-monacelle\/#breadcrumb"},"inLanguage":"es","potentialAction":[{"@type":"ReadAction","target":["https:\/\/pugliamare.it\/esperienze\/tenuta-monacelle\/"]}]},{"@type":"ImageObject","inLanguage":"es","@id":"https:\/\/pugliamare.it\/esperienze\/tenuta-monacelle\/#primaryimage","url":"https:\/\/pugliamare.it\/wp-content\/uploads\/2022\/01\/tenuta-monacelle-1.jpg","contentUrl":"https:\/\/pugliamare.it\/wp-content\/uploads\/2022\/01\/tenuta-monacelle-1.jpg","width":1600,"height":824,"caption":"masseria tenuta monacelle"},{"@type":"BreadcrumbList","@id":"https:\/\/pugliamare.it\/esperienze\/tenuta-monacelle\/#breadcrumb","itemListElement":[{"@type":"ListItem","position":1,"name":"Home","item":"https:\/\/pugliamare.it\/"},{"@type":"ListItem","position":2,"name":"Tenuta Monacelle: Un&#8217;Autentica Masseria in Puglia"}]},{"@type":"WebSite","@id":"https:\/\/pugliamare.it\/en\/#website","url":"https:\/\/pugliamare.it\/en\/","name":"Pugliamare","description":"Esperienze, Soggiorni e Tour personalizzati in Puglia","publisher":{"@id":"https:\/\/pugliamare.it\/en\/#organization"},"potentialAction":[{"@type":"SearchAction","target":{"@type":"EntryPoint","urlTemplate":"https:\/\/pugliamare.it\/en\/?s={search_term_string}"},"query-input":"required name=search_term_string"}],"inLanguage":"es"},{"@type":"Organization","@id":"https:\/\/pugliamare.it\/en\/#organization","name":"Pugliamare srl","url":"https:\/\/pugliamare.it\/en\/","logo":{"@type":"ImageObject","inLanguage":"es","@id":"https:\/\/pugliamare.it\/en\/#\/schema\/logo\/image\/","url":"https:\/\/pugliamare.it\/wp-content\/uploads\/2021\/04\/cropped-cropped-Risorsa-2.png","contentUrl":"https:\/\/pugliamare.it\/wp-content\/uploads\/2021\/04\/cropped-cropped-Risorsa-2.png","width":374,"height":117,"caption":"Pugliamare srl"},"image":{"@id":"https:\/\/pugliamare.it\/en\/#\/schema\/logo\/image\/"},"sameAs":["https:\/\/www.facebook.com\/pugliamarexperience","https:\/\/www.instagram.com\/pugliamare\/"]}]}},"_links":{"self":[{"href":"https:\/\/pugliamare.it\/es\/wp-json\/wp\/v2\/product\/21943"}],"collection":[{"href":"https:\/\/pugliamare.it\/es\/wp-json\/wp\/v2\/product"}],"about":[{"href":"https:\/\/pugliamare.it\/es\/wp-json\/wp\/v2\/types\/product"}],"version-history":[{"count":6,"href":"https:\/\/pugliamare.it\/es\/wp-json\/wp\/v2\/product\/21943\/revisions"}],"predecessor-version":[{"id":29675,"href":"https:\/\/pugliamare.it\/es\/wp-json\/wp\/v2\/product\/21943\/revisions\/29675"}],"wp:featuredmedia":[{"embeddable":true,"href":"https:\/\/pugliamare.it\/es\/wp-json\/wp\/v2\/media\/10415"}],"wp:attachment":[{"href":"https:\/\/pugliamare.it\/es\/wp-json\/wp\/v2\/media?parent=21943"}],"wp:term":[{"taxonomy":"product_cat","embeddable":true,"href":"https:\/\/pugliamare.it\/es\/wp-json\/wp\/v2\/product_cat?post=21943"},{"taxonomy":"product_tag","embeddable":true,"href":"https:\/\/pugliamare.it\/es\/wp-json\/wp\/v2\/product_tag?post=21943"}],"curies":[{"name":"wp","href":"https:\/\/api.w.org\/{rel}","templated":true}]}}