{"id":22448,"date":"2024-05-03T19:05:00","date_gmt":"2024-05-03T17:05:00","guid":{"rendered":"https:\/\/pugliamare.it\/?post_type=product&#038;p=22448"},"modified":"2026-03-09T16:21:51","modified_gmt":"2026-03-09T15:21:51","slug":"visita-ai-sassi-di-matera-con-partenza-da-bari","status":"publish","type":"product","link":"https:\/\/pugliamare.it\/es\/esperienze\/visita-ai-sassi-di-matera-con-partenza-da-bari\/","title":{"rendered":"Visita Guiada a los Sassi de Matera con Salida desde Bari \u2013 Traslado Incluido"},"content":{"rendered":"<h1><strong>Visita Guiada a los Sassi de Matera \u2013 Explora Matera y sus Sassi con un Gu\u00eda Experto<\/strong><\/h1>\n<p data-start=\"256\" data-end=\"595\" class=\" translation-block\">Participa en una envolvente <strong data-start=\"285\" data-end=\"343\">visita guiada a los Sassi de Matera con salida desde Bari<\/strong> y sum\u00e9rgete en uno de los sitios UNESCO m\u00e1s fascinantes de Italia. Vive una experiencia \u00fanica entre las antiguas viviendas excavadas en la roca, callejones hist\u00f3ricos y panoramas impresionantes, acompa\u00f1ado por un gu\u00eda experto y con un c\u00f3modo traslado en minib\u00fas incluido.<\/p>\n<h3 data-start=\"602\" data-end=\"633\"><strong>\ud83d\udcc5 Programa del D\u00eda<\/strong><\/h3>\n<ul data-start=\"635\" data-end=\"1077\">\n<li data-start=\"635\" data-end=\"699\">\n<p data-start=\"637\" data-end=\"699\"><strong data-start=\"637\" data-end=\"646\">09:00<\/strong>: Punto de encuentro en Bari y salida en minib\u00fas hacia Matera<\/p>\n<\/li>\n<li data-start=\"700\" data-end=\"860\">\n<p data-start=\"702\" data-end=\"860\"><strong data-start=\"702\" data-end=\"711\">10:00<\/strong>: Llegada a Matera y comienzo de la visita guiada entre los c\u00e9lebres Sassi, explorando las viviendas rupestres y descubriendo la historia milenaria de la ciudad<\/p>\n<\/li>\n<li data-start=\"861\" data-end=\"994\">\n<p data-start=\"863\" data-end=\"994\"><strong data-start=\"863\" data-end=\"872\">12:30<\/strong>: Tiempo libre para el almuerzo y visita aut\u00f3noma de Matera, para sumergirte a\u00fan m\u00e1s en la atm\u00f3sfera \u00fanica de esta ciudad<\/p>\n<\/li>\n<li data-start=\"995\" data-end=\"1039\">\n<p data-start=\"997\" data-end=\"1039\"><strong>14:00<\/strong>: Punto de encuentro para el regreso a Bari<\/p>\n<\/li>\n<li data-start=\"1040\" data-end=\"1077\">\n<p data-start=\"1042\" data-end=\"1077\"><strong>15:00<\/strong>: Llegada prevista a Bari<\/p>\n<\/li>\n<\/ul>\n<h3 data-start=\"1084\" data-end=\"1114\"><strong>\u2139\ufe0f Informaci\u00f3n importante<\/strong><\/h3>\n<ul data-start=\"1116\" data-end=\"1363\">\n<li data-start=\"1116\" data-end=\"1191\">\n<p data-start=\"1118\" data-end=\"1191\">El programa puede sufrir modificaciones de horario, que se comunicar\u00e1n con antelaci\u00f3n.<\/p>\n<\/li>\n<li data-start=\"1192\" data-end=\"1254\">\n<p data-start=\"1194\" data-end=\"1254\" class=\" translation-block\">Tour confirmado al alcanzar un <strong>m\u00ednimo<\/strong> de <strong>4 participantes<\/strong><\/p>\n<\/li>\n<li data-start=\"1255\" data-end=\"1313\">\n<p data-start=\"1257\" data-end=\"1313\" class=\" translation-block\">Cancelaciones gratuitas hasta <strong>14 d\u00edas antes del tour<\/strong><\/p>\n<\/li>\n<li data-start=\"1314\" data-end=\"1363\">\n<p data-start=\"1316\" data-end=\"1363\"><em><strong>Despu\u00e9s de ese plazo, la cuota no es reembolsable.<\/strong><\/em><\/p>\n<\/li>\n<\/ul>\n<p class=\" translation-block\"><a href=\"https:\/\/pugliamare.it\/\" target=\"_self\">Pugliamare<\/a> se reserva el derecho de <strong>cancelar la reserva<\/strong> en caso de no alcanzarse el n\u00famero m\u00ednimo de participantes. No obstante, nos comprometemos a informarte puntualmente en tal caso, para que puedas reorganizar tus planes sin problemas.<\/p>\n<h3 data-start=\"1370\" data-end=\"1412\"><strong>\ud83c\udf1f Experiencias relacionadas que no debes perderte<\/strong><\/h3>\n<p data-start=\"1414\" data-end=\"1636\" class=\" translation-block\">Te recomendamos enriquecer tu viaje con nuestro <a href=\"https:\/\/pugliamare.it\/esperienze\/visita-guidata-di-alberobello\/\" target=\"_self\"><strong data-start=\"1472\" data-end=\"1508\">Tour de Alberobello<\/strong><\/a>, para descubrir tambi\u00e9n los famosos trulli de Puglia. Vive un d\u00eda intenso entre historia, cultura y tradiciones de dos regiones \u00fanicas.<\/p>\n<h3 data-start=\"1643\" data-end=\"1724\"><strong>Reserva ahora tu visita guiada a los Sassi de Matera con salida desde Bari<\/strong><\/h3>\n<p data-start=\"1726\" data-end=\"2029\" class=\" translation-block\">No pierdas la oportunidad de vivir una experiencia inolvidable en la \"Ciudad de los Sassi\". <strong data-start=\"1815\" data-end=\"1833\">Reserva ahora<\/strong> tu lugar y prep\u00e1rate para descubrir Matera con la comodidad del transfer incluido. Para cualquier pregunta o informaci\u00f3n, <a href=\"https:\/\/api.whatsapp.com\/send?phone=393668959532\" target=\"_self\">cont\u00e1ctanos<\/a>: estamos a tu disposici\u00f3n para ofrecerte asistencia y consejos.<\/p>","protected":false},"excerpt":{"rendered":"<p class=\" translation-block\">Participa en una envolvente <strong data-start=\"334\" data-end=\"392\">visita guiada a los Sassi de Matera con salida desde Bari<\/strong> y descubre uno de los sitios UNESCO m\u00e1s fascinantes de Italia. Vive una experiencia \u00fanica en la \u201cCiudad de las Piedras\u201d, Patrimonio de la Humanidad, con un c\u00f3modo traslado en minibus incluido. Explora las viviendas rupestres, los callejones hist\u00f3ricos y las maravillas arquitect\u00f3nicas de esta ciudad milenaria, acompa\u00f1ado por un gu\u00eda experto.<\/p>","protected":false},"featured_media":12437,"template":"","meta":{"_acf_changed":false,"inline_featured_image":false},"product_cat":[292,364],"product_tag":[290],"acf":[],"yoast_head":"<!-- This site is optimized with the Yoast SEO Premium plugin v22.8 (Yoast SEO v22.8) - https:\/\/yoast.com\/wordpress\/plugins\/seo\/ -->\n<title>Visita guidata ai Sassi di Matera con partenza Transfer da Bari | Pugliamare<\/title>\n<meta name=\"description\" content=\"Scopri i Sassi di Matera con visita guidata e transfer da Bari. Esplora la citt\u00e0 patrimonio UNESCO in totale comfort. Prenota ora!\" \/>\n<meta name=\"robots\" content=\"index, follow, max-snippet:-1, max-image-preview:large, max-video-preview:-1\" \/>\n<link rel=\"canonical\" href=\"https:\/\/pugliamare.it\/es\/esperienze\/visita-ai-sassi-di-matera-con-partenza-da-bari\/\" \/>\n<meta property=\"og:locale\" content=\"es_ES\" \/>\n<meta property=\"og:type\" content=\"article\" \/>\n<meta property=\"og:title\" content=\"Visita guidata ai Sassi di Matera con partenza da Bari \u2013 Transfer incluso\" \/>\n<meta property=\"og:description\" content=\"Scopri i Sassi di Matera con visita guidata e transfer da Bari. Esplora la citt\u00e0 patrimonio UNESCO in totale comfort. Prenota ora!\" \/>\n<meta property=\"og:url\" content=\"https:\/\/pugliamare.it\/es\/esperienze\/visita-ai-sassi-di-matera-con-partenza-da-bari\/\" \/>\n<meta property=\"og:site_name\" content=\"Pugliamare\" \/>\n<meta property=\"article:publisher\" content=\"https:\/\/www.facebook.com\/pugliamarexperience\" \/>\n<meta property=\"article:modified_time\" content=\"2026-03-09T15:21:51+00:00\" \/>\n<meta property=\"og:image\" content=\"https:\/\/pugliamare.it\/wp-content\/uploads\/2021\/05\/AdobeStock_221841462-scaled.jpeg\" \/>\n\t<meta property=\"og:image:width\" content=\"2560\" \/>\n\t<meta property=\"og:image:height\" content=\"1707\" \/>\n\t<meta property=\"og:image:type\" content=\"image\/jpeg\" \/>\n<meta name=\"twitter:card\" content=\"summary_large_image\" \/>\n<script type=\"application\/ld+json\" class=\"yoast-schema-graph\">{\"@context\":\"https:\/\/schema.org\",\"@graph\":[{\"@type\":\"WebPage\",\"@id\":\"https:\/\/pugliamare.it\/esperienze\/visita-ai-sassi-di-matera-con-partenza-da-bari\/\",\"url\":\"https:\/\/pugliamare.it\/esperienze\/visita-ai-sassi-di-matera-con-partenza-da-bari\/\",\"name\":\"Visita guidata ai Sassi di Matera con partenza Transfer da Bari | Pugliamare\",\"isPartOf\":{\"@id\":\"https:\/\/pugliamare.it\/en\/#website\"},\"primaryImageOfPage\":{\"@id\":\"https:\/\/pugliamare.it\/esperienze\/visita-ai-sassi-di-matera-con-partenza-da-bari\/#primaryimage\"},\"image\":{\"@id\":\"https:\/\/pugliamare.it\/esperienze\/visita-ai-sassi-di-matera-con-partenza-da-bari\/#primaryimage\"},\"thumbnailUrl\":\"https:\/\/pugliamare.it\/wp-content\/uploads\/2021\/05\/AdobeStock_221841462-scaled.jpeg\",\"datePublished\":\"2024-05-03T17:05:00+00:00\",\"dateModified\":\"2026-03-09T15:21:51+00:00\",\"description\":\"Scopri i Sassi di Matera con visita guidata e transfer da Bari. Esplora la citt\u00e0 patrimonio UNESCO in totale comfort. Prenota ora!\",\"breadcrumb\":{\"@id\":\"https:\/\/pugliamare.it\/esperienze\/visita-ai-sassi-di-matera-con-partenza-da-bari\/#breadcrumb\"},\"inLanguage\":\"es\",\"potentialAction\":[{\"@type\":\"ReadAction\",\"target\":[\"https:\/\/pugliamare.it\/esperienze\/visita-ai-sassi-di-matera-con-partenza-da-bari\/\"]}]},{\"@type\":\"ImageObject\",\"inLanguage\":\"es\",\"@id\":\"https:\/\/pugliamare.it\/esperienze\/visita-ai-sassi-di-matera-con-partenza-da-bari\/#primaryimage\",\"url\":\"https:\/\/pugliamare.it\/wp-content\/uploads\/2021\/05\/AdobeStock_221841462-scaled.jpeg\",\"contentUrl\":\"https:\/\/pugliamare.it\/wp-content\/uploads\/2021\/05\/AdobeStock_221841462-scaled.jpeg\",\"width\":2560,\"height\":1707,\"caption\":\"Young elegant woman tourist in historical Matera town in Italy standing on a wall looking at city landscape\"},{\"@type\":\"BreadcrumbList\",\"@id\":\"https:\/\/pugliamare.it\/esperienze\/visita-ai-sassi-di-matera-con-partenza-da-bari\/#breadcrumb\",\"itemListElement\":[{\"@type\":\"ListItem\",\"position\":1,\"name\":\"Home\",\"item\":\"https:\/\/pugliamare.it\/\"},{\"@type\":\"ListItem\",\"position\":2,\"name\":\"Visita guidata ai Sassi di Matera con partenza da Bari \u2013 Transfer incluso\"}]},{\"@type\":\"WebSite\",\"@id\":\"https:\/\/pugliamare.it\/en\/#website\",\"url\":\"https:\/\/pugliamare.it\/en\/\",\"name\":\"Pugliamare\",\"description\":\"Esperienze, Soggiorni e Tour personalizzati in Puglia\",\"publisher\":{\"@id\":\"https:\/\/pugliamare.it\/en\/#organization\"},\"potentialAction\":[{\"@type\":\"SearchAction\",\"target\":{\"@type\":\"EntryPoint\",\"urlTemplate\":\"https:\/\/pugliamare.it\/en\/?s={search_term_string}\"},\"query-input\":\"required name=search_term_string\"}],\"inLanguage\":\"es\"},{\"@type\":\"Organization\",\"@id\":\"https:\/\/pugliamare.it\/en\/#organization\",\"name\":\"Pugliamare srl\",\"url\":\"https:\/\/pugliamare.it\/en\/\",\"logo\":{\"@type\":\"ImageObject\",\"inLanguage\":\"es\",\"@id\":\"https:\/\/pugliamare.it\/en\/#\/schema\/logo\/image\/\",\"url\":\"https:\/\/pugliamare.it\/wp-content\/uploads\/2021\/04\/cropped-cropped-Risorsa-2.png\",\"contentUrl\":\"https:\/\/pugliamare.it\/wp-content\/uploads\/2021\/04\/cropped-cropped-Risorsa-2.png\",\"width\":374,\"height\":117,\"caption\":\"Pugliamare srl\"},\"image\":{\"@id\":\"https:\/\/pugliamare.it\/en\/#\/schema\/logo\/image\/\"},\"sameAs\":[\"https:\/\/www.facebook.com\/pugliamarexperience\",\"https:\/\/www.instagram.com\/pugliamare\/\"]}]}<\/script>\n<!-- \/ Yoast SEO Premium plugin. -->","yoast_head_json":{"title":"Visita guidata ai Sassi di Matera con partenza Transfer da Bari | Pugliamare","description":"Scopri i Sassi di Matera con visita guidata e transfer da Bari. Esplora la citt\u00e0 patrimonio UNESCO in totale comfort. Prenota ora!","robots":{"index":"index","follow":"follow","max-snippet":"max-snippet:-1","max-image-preview":"max-image-preview:large","max-video-preview":"max-video-preview:-1"},"canonical":"https:\/\/pugliamare.it\/es\/esperienze\/visita-ai-sassi-di-matera-con-partenza-da-bari\/","og_locale":"es_ES","og_type":"article","og_title":"Visita guidata ai Sassi di Matera con partenza da Bari \u2013 Transfer incluso","og_description":"Scopri i Sassi di Matera con visita guidata e transfer da Bari. Esplora la citt\u00e0 patrimonio UNESCO in totale comfort. Prenota ora!","og_url":"https:\/\/pugliamare.it\/es\/esperienze\/visita-ai-sassi-di-matera-con-partenza-da-bari\/","og_site_name":"Pugliamare","article_publisher":"https:\/\/www.facebook.com\/pugliamarexperience","article_modified_time":"2026-03-09T15:21:51+00:00","og_image":[{"width":2560,"height":1707,"url":"https:\/\/pugliamare.it\/wp-content\/uploads\/2021\/05\/AdobeStock_221841462-scaled.jpeg","type":"image\/jpeg"}],"twitter_card":"summary_large_image","schema":{"@context":"https:\/\/schema.org","@graph":[{"@type":"WebPage","@id":"https:\/\/pugliamare.it\/esperienze\/visita-ai-sassi-di-matera-con-partenza-da-bari\/","url":"https:\/\/pugliamare.it\/esperienze\/visita-ai-sassi-di-matera-con-partenza-da-bari\/","name":"Visita guidata ai Sassi di Matera con partenza Transfer da Bari | Pugliamare","isPartOf":{"@id":"https:\/\/pugliamare.it\/en\/#website"},"primaryImageOfPage":{"@id":"https:\/\/pugliamare.it\/esperienze\/visita-ai-sassi-di-matera-con-partenza-da-bari\/#primaryimage"},"image":{"@id":"https:\/\/pugliamare.it\/esperienze\/visita-ai-sassi-di-matera-con-partenza-da-bari\/#primaryimage"},"thumbnailUrl":"https:\/\/pugliamare.it\/wp-content\/uploads\/2021\/05\/AdobeStock_221841462-scaled.jpeg","datePublished":"2024-05-03T17:05:00+00:00","dateModified":"2026-03-09T15:21:51+00:00","description":"Scopri i Sassi di Matera con visita guidata e transfer da Bari. Esplora la citt\u00e0 patrimonio UNESCO in totale comfort. Prenota ora!","breadcrumb":{"@id":"https:\/\/pugliamare.it\/esperienze\/visita-ai-sassi-di-matera-con-partenza-da-bari\/#breadcrumb"},"inLanguage":"es","potentialAction":[{"@type":"ReadAction","target":["https:\/\/pugliamare.it\/esperienze\/visita-ai-sassi-di-matera-con-partenza-da-bari\/"]}]},{"@type":"ImageObject","inLanguage":"es","@id":"https:\/\/pugliamare.it\/esperienze\/visita-ai-sassi-di-matera-con-partenza-da-bari\/#primaryimage","url":"https:\/\/pugliamare.it\/wp-content\/uploads\/2021\/05\/AdobeStock_221841462-scaled.jpeg","contentUrl":"https:\/\/pugliamare.it\/wp-content\/uploads\/2021\/05\/AdobeStock_221841462-scaled.jpeg","width":2560,"height":1707,"caption":"Young elegant woman tourist in historical Matera town in Italy standing on a wall looking at city landscape"},{"@type":"BreadcrumbList","@id":"https:\/\/pugliamare.it\/esperienze\/visita-ai-sassi-di-matera-con-partenza-da-bari\/#breadcrumb","itemListElement":[{"@type":"ListItem","position":1,"name":"Home","item":"https:\/\/pugliamare.it\/"},{"@type":"ListItem","position":2,"name":"Visita guidata ai Sassi di Matera con partenza da Bari \u2013 Transfer incluso"}]},{"@type":"WebSite","@id":"https:\/\/pugliamare.it\/en\/#website","url":"https:\/\/pugliamare.it\/en\/","name":"Pugliamare","description":"Esperienze, Soggiorni e Tour personalizzati in Puglia","publisher":{"@id":"https:\/\/pugliamare.it\/en\/#organization"},"potentialAction":[{"@type":"SearchAction","target":{"@type":"EntryPoint","urlTemplate":"https:\/\/pugliamare.it\/en\/?s={search_term_string}"},"query-input":"required name=search_term_string"}],"inLanguage":"es"},{"@type":"Organization","@id":"https:\/\/pugliamare.it\/en\/#organization","name":"Pugliamare srl","url":"https:\/\/pugliamare.it\/en\/","logo":{"@type":"ImageObject","inLanguage":"es","@id":"https:\/\/pugliamare.it\/en\/#\/schema\/logo\/image\/","url":"https:\/\/pugliamare.it\/wp-content\/uploads\/2021\/04\/cropped-cropped-Risorsa-2.png","contentUrl":"https:\/\/pugliamare.it\/wp-content\/uploads\/2021\/04\/cropped-cropped-Risorsa-2.png","width":374,"height":117,"caption":"Pugliamare srl"},"image":{"@id":"https:\/\/pugliamare.it\/en\/#\/schema\/logo\/image\/"},"sameAs":["https:\/\/www.facebook.com\/pugliamarexperience","https:\/\/www.instagram.com\/pugliamare\/"]}]}},"_links":{"self":[{"href":"https:\/\/pugliamare.it\/es\/wp-json\/wp\/v2\/product\/22448"}],"collection":[{"href":"https:\/\/pugliamare.it\/es\/wp-json\/wp\/v2\/product"}],"about":[{"href":"https:\/\/pugliamare.it\/es\/wp-json\/wp\/v2\/types\/product"}],"version-history":[{"count":9,"href":"https:\/\/pugliamare.it\/es\/wp-json\/wp\/v2\/product\/22448\/revisions"}],"predecessor-version":[{"id":26544,"href":"https:\/\/pugliamare.it\/es\/wp-json\/wp\/v2\/product\/22448\/revisions\/26544"}],"wp:featuredmedia":[{"embeddable":true,"href":"https:\/\/pugliamare.it\/es\/wp-json\/wp\/v2\/media\/12437"}],"wp:attachment":[{"href":"https:\/\/pugliamare.it\/es\/wp-json\/wp\/v2\/media?parent=22448"}],"wp:term":[{"taxonomy":"product_cat","embeddable":true,"href":"https:\/\/pugliamare.it\/es\/wp-json\/wp\/v2\/product_cat?post=22448"},{"taxonomy":"product_tag","embeddable":true,"href":"https:\/\/pugliamare.it\/es\/wp-json\/wp\/v2\/product_tag?post=22448"}],"curies":[{"name":"wp","href":"https:\/\/api.w.org\/{rel}","templated":true}]}}