{"id":22774,"date":"2024-05-11T18:16:56","date_gmt":"2024-05-11T16:16:56","guid":{"rendered":"https:\/\/pugliamare.it\/?post_type=product&#038;p=22774"},"modified":"2026-01-28T14:36:19","modified_gmt":"2026-01-28T13:36:19","slug":"experience-mozzarella-in-puglia-con-casaro","status":"publish","type":"product","link":"https:\/\/pugliamare.it\/es\/esperienze\/experience-mozzarella-in-puglia-con-casaro\/","title":{"rendered":"Mozzarella Experience en Puglia \u2013 Degustaci\u00f3n y Demostraci\u00f3n con un Quesero"},"content":{"rendered":"<h1><strong>Mozzarella Experience Puglia \u2013 Descubre el Arte de la Elaboraci\u00f3n Tradicional de Queso<\/strong><\/h1>\n<p data-start=\"332\" data-end=\"764\" class=\" translation-block\">Ven a vivir una experiencia \u00fanica y aut\u00e9ntica con nuestra <strong data-start=\"393\" data-end=\"428\">Mozzarella Experience in Puglia<\/strong>, un viaje sensorial en el coraz\u00f3n de la tradici\u00f3n quesera local. En un entorno natural pintoresco, entre naranjos que perfuman el aire, podr\u00e1s observar de cerca el trabajo experto de un quesero que te guiar\u00e1 en la elaboraci\u00f3n de mozzarella y burrata, dos s\u00edmbolos del patrimonio gastron\u00f3mico italiano.<\/p>\n<p data-start=\"766\" data-end=\"1070\">La demostraci\u00f3n en vivo te har\u00e1 descubrir cada paso del proceso de producci\u00f3n: desde la cuajada hasta el hilado, hasta el moldeado manual de estas excelencias queseras. El quesero desvelar\u00e1 an\u00e9cdotas, curiosidades y secretos custodiados de generaci\u00f3n en generaci\u00f3n, llenando cada gesto de historia y pasi\u00f3n.<\/p>\n<h3 data-start=\"1464\" data-end=\"1507\"><strong>\ud83c\udf77 Aperitivo pugliese y atm\u00f3sfera \u00fanica<\/strong><\/h3>\n<p data-start=\"1509\" data-end=\"1708\">Mientras absorbes los aromas y colores de esta experiencia inmersiva, ser\u00e1s invitado a degustar un aperitivo t\u00edpico pugliese. Disfruta de las friselle crujientes, acompa\u00f1adas de una selecci\u00f3n de bocados locales elaborados con ingredientes genuinos y sabrosos. Una copa de vino local completar\u00e1 todo, creando un momento de convivencia que une sabores aut\u00e9nticos e historias de una tierra generosa.<\/p>\n<h3 data-start=\"1520\" data-end=\"1556\">\ud83c\udf4a<strong> Un rinc\u00f3n de naturaleza y tradici\u00f3n<\/strong><\/h3>\n<p data-start=\"1558\" data-end=\"1875\">La ubicaci\u00f3n, enclavada entre exuberantes naranjales, te brindar\u00e1 tambi\u00e9n un momento de relax y conexi\u00f3n con la naturaleza mediterr\u00e1nea. Aqu\u00ed, la belleza paisaj\u00edstica se fusiona con la cultura gastron\u00f3mica, convirtiendo esta Mozzarella Experience en no solo un recorrido de sabor, sino tambi\u00e9n en una experiencia de bienestar y descubrimiento.<\/p>\n<h3 data-start=\"1506\" data-end=\"1535\"><strong>\ud83d\udd52 Detalles\u00a0<\/strong><\/h3>\n<ul>\n<li data-start=\"1955\" data-end=\"1978\">\n<p data-start=\"1957\" data-end=\"1978\" class=\" translation-block\"><strong>Duraci\u00f3n<\/strong>: aproximadamente 2 horas<\/p>\n<\/li>\n<li data-start=\"1979\" data-end=\"2041\">\n<p data-start=\"1981\" data-end=\"2041\" class=\" translation-block\"><strong>Idiomas disponibles:<\/strong> italiano, ingl\u00e9s (otros bajo petici\u00f3n)<\/p>\n<\/li>\n<li data-start=\"2042\" data-end=\"2077\">\n<p data-start=\"2044\" data-end=\"2077\" class=\" translation-block\"><strong>Grupo<\/strong>: m\u00e1ximo 12 participantes<\/p>\n<\/li>\n<li data-start=\"2078\" data-end=\"2172\">\n<p data-start=\"2080\" data-end=\"2172\" class=\" translation-block\"><strong>Ubicaci\u00f3n<\/strong>: rodeada de naranjales, detalles comunicados al reservar<\/p>\n<\/li>\n<\/ul>\n<h3 data-start=\"2179\" data-end=\"2233\">\ud83c\udf1f Descubre otras experiencias pugluesas con Pugliamare<\/h3>\n<p data-start=\"2235\" data-end=\"2499\" class=\" translation-block\">Para completar tu viaje en sabores y tradiciones, te recomendamos probar nuestras <a href=\"https:\/\/pugliamare.it\/esperienze\/lezione-di-cucina-pugliese-a-polignano-a-mare-cena\/\" target=\"_self\">clases de cocina t\u00edpicas<\/a> y <a href=\"https:\/\/pugliamare.it\/tipologia\/city-tours\/\" target=\"_self\">visitas guiadas<\/a> por los pueblos hist\u00f3ricos de Puglia. Vive la regi\u00f3n con todos tus sentidos, entre naturaleza, cultura y sabores \u00fanicos.<\/p>\n<h3 data-start=\"2506\" data-end=\"2564\"><strong>Prenota ora la tua Mozzarella Experience in Puglia<\/strong><\/h3>\n<p data-start=\"2566\" data-end=\"2891\" class=\" translation-block\">No pierdas la oportunidad de vivir este d\u00eda especial, lleno de pasi\u00f3n, tradici\u00f3n y sabor. <strong data-start=\"2665\" data-end=\"2683\">Reserva ahora<\/strong> tu experiencia con Pugliamare y ll\u00e9vate a casa el aut\u00e9ntico sabor de Puglia. Para informaci\u00f3n o solicitudes especiales, <a href=\"https:\/\/api.whatsapp.com\/send?phone=393668959532\" target=\"_self\">cont\u00e1ctanos<\/a>: estamos aqu\u00ed para ayudarte a organizar una experiencia inolvidable.<\/p>","protected":false},"excerpt":{"rendered":"<p class=\" translation-block\">Participa en nuestra <strong data-start=\"449\" data-end=\"481\">Mozzarella Experience Puglia<\/strong> en un pintoresco naranjal y descubre los secretos de la producci\u00f3n artesanal de mozzarella y burrata. Vive la demostraci\u00f3n en vivo de un quesero experto y deleita tu paladar con un aperitivo t\u00edpico pugliese a base de friselle, vino local y aperitivos genuinos.<\/p>","protected":false},"featured_media":22782,"template":"","meta":{"_acf_changed":false,"inline_featured_image":false},"product_cat":[293],"product_tag":[290],"acf":[],"yoast_head":"<!-- This site is optimized with the Yoast SEO Premium plugin v22.8 (Yoast SEO v22.8) - https:\/\/yoast.com\/wordpress\/plugins\/seo\/ -->\n<title>Mozzarella Experience Puglia \u2013 Degustazione e Dimostrazione | Pugliamare<\/title>\n<meta name=\"description\" content=\"Partecipa alla Mozzarella Experience in Puglia: dimostrazione artigianale del casaro e aperitivo con friselle, vino locale e specialit\u00e0 tipiche.\" \/>\n<meta name=\"robots\" content=\"index, follow, max-snippet:-1, max-image-preview:large, max-video-preview:-1\" \/>\n<link rel=\"canonical\" href=\"https:\/\/pugliamare.it\/es\/esperienze\/experience-mozzarella-in-puglia-con-casaro\/\" \/>\n<meta property=\"og:locale\" content=\"es_ES\" \/>\n<meta property=\"og:type\" content=\"article\" \/>\n<meta property=\"og:title\" content=\"Mozzarella Experience in Puglia \u2013 Degustazione e Dimostrazione con Casaro\" \/>\n<meta property=\"og:description\" content=\"Partecipa alla Mozzarella Experience in Puglia: dimostrazione artigianale del casaro e aperitivo con friselle, vino locale e specialit\u00e0 tipiche.\" \/>\n<meta property=\"og:url\" content=\"https:\/\/pugliamare.it\/es\/esperienze\/experience-mozzarella-in-puglia-con-casaro\/\" \/>\n<meta property=\"og:site_name\" content=\"Pugliamare\" \/>\n<meta property=\"article:publisher\" content=\"https:\/\/www.facebook.com\/pugliamarexperience\" \/>\n<meta property=\"article:modified_time\" content=\"2026-01-28T13:36:19+00:00\" \/>\n<meta property=\"og:image\" content=\"https:\/\/pugliamare.it\/wp-content\/uploads\/2024\/05\/IMG_0736-scaled.jpg\" \/>\n\t<meta property=\"og:image:width\" content=\"2560\" \/>\n\t<meta property=\"og:image:height\" content=\"1440\" \/>\n\t<meta property=\"og:image:type\" content=\"image\/jpeg\" \/>\n<meta name=\"twitter:card\" content=\"summary_large_image\" \/>\n<script type=\"application\/ld+json\" class=\"yoast-schema-graph\">{\"@context\":\"https:\/\/schema.org\",\"@graph\":[{\"@type\":\"WebPage\",\"@id\":\"https:\/\/pugliamare.it\/esperienze\/experience-mozzarella-in-puglia-con-casaro\/\",\"url\":\"https:\/\/pugliamare.it\/esperienze\/experience-mozzarella-in-puglia-con-casaro\/\",\"name\":\"Mozzarella Experience Puglia \u2013 Degustazione e Dimostrazione | Pugliamare\",\"isPartOf\":{\"@id\":\"https:\/\/pugliamare.it\/en\/#website\"},\"primaryImageOfPage\":{\"@id\":\"https:\/\/pugliamare.it\/esperienze\/experience-mozzarella-in-puglia-con-casaro\/#primaryimage\"},\"image\":{\"@id\":\"https:\/\/pugliamare.it\/esperienze\/experience-mozzarella-in-puglia-con-casaro\/#primaryimage\"},\"thumbnailUrl\":\"https:\/\/pugliamare.it\/wp-content\/uploads\/2024\/05\/IMG_0736-scaled.jpg\",\"datePublished\":\"2024-05-11T16:16:56+00:00\",\"dateModified\":\"2026-01-28T13:36:19+00:00\",\"description\":\"Partecipa alla Mozzarella Experience in Puglia: dimostrazione artigianale del casaro e aperitivo con friselle, vino locale e specialit\u00e0 tipiche.\",\"breadcrumb\":{\"@id\":\"https:\/\/pugliamare.it\/esperienze\/experience-mozzarella-in-puglia-con-casaro\/#breadcrumb\"},\"inLanguage\":\"es\",\"potentialAction\":[{\"@type\":\"ReadAction\",\"target\":[\"https:\/\/pugliamare.it\/esperienze\/experience-mozzarella-in-puglia-con-casaro\/\"]}]},{\"@type\":\"ImageObject\",\"inLanguage\":\"es\",\"@id\":\"https:\/\/pugliamare.it\/esperienze\/experience-mozzarella-in-puglia-con-casaro\/#primaryimage\",\"url\":\"https:\/\/pugliamare.it\/wp-content\/uploads\/2024\/05\/IMG_0736-scaled.jpg\",\"contentUrl\":\"https:\/\/pugliamare.it\/wp-content\/uploads\/2024\/05\/IMG_0736-scaled.jpg\",\"width\":2560,\"height\":1440,\"caption\":\"Casaro esperto durante la mozzarella experience in Puglia\"},{\"@type\":\"BreadcrumbList\",\"@id\":\"https:\/\/pugliamare.it\/esperienze\/experience-mozzarella-in-puglia-con-casaro\/#breadcrumb\",\"itemListElement\":[{\"@type\":\"ListItem\",\"position\":1,\"name\":\"Home\",\"item\":\"https:\/\/pugliamare.it\/\"},{\"@type\":\"ListItem\",\"position\":2,\"name\":\"Mozzarella Experience in Puglia \u2013 Degustazione e Dimostrazione con Casaro\"}]},{\"@type\":\"WebSite\",\"@id\":\"https:\/\/pugliamare.it\/en\/#website\",\"url\":\"https:\/\/pugliamare.it\/en\/\",\"name\":\"Pugliamare\",\"description\":\"Esperienze, Soggiorni e Tour personalizzati in Puglia\",\"publisher\":{\"@id\":\"https:\/\/pugliamare.it\/en\/#organization\"},\"potentialAction\":[{\"@type\":\"SearchAction\",\"target\":{\"@type\":\"EntryPoint\",\"urlTemplate\":\"https:\/\/pugliamare.it\/en\/?s={search_term_string}\"},\"query-input\":\"required name=search_term_string\"}],\"inLanguage\":\"es\"},{\"@type\":\"Organization\",\"@id\":\"https:\/\/pugliamare.it\/en\/#organization\",\"name\":\"Pugliamare srl\",\"url\":\"https:\/\/pugliamare.it\/en\/\",\"logo\":{\"@type\":\"ImageObject\",\"inLanguage\":\"es\",\"@id\":\"https:\/\/pugliamare.it\/en\/#\/schema\/logo\/image\/\",\"url\":\"https:\/\/pugliamare.it\/wp-content\/uploads\/2021\/04\/cropped-cropped-Risorsa-2.png\",\"contentUrl\":\"https:\/\/pugliamare.it\/wp-content\/uploads\/2021\/04\/cropped-cropped-Risorsa-2.png\",\"width\":374,\"height\":117,\"caption\":\"Pugliamare srl\"},\"image\":{\"@id\":\"https:\/\/pugliamare.it\/en\/#\/schema\/logo\/image\/\"},\"sameAs\":[\"https:\/\/www.facebook.com\/pugliamarexperience\",\"https:\/\/www.instagram.com\/pugliamare\/\"]}]}<\/script>\n<!-- \/ Yoast SEO Premium plugin. -->","yoast_head_json":{"title":"Mozzarella Experience Puglia \u2013 Degustazione e Dimostrazione | Pugliamare","description":"Partecipa alla Mozzarella Experience in Puglia: dimostrazione artigianale del casaro e aperitivo con friselle, vino locale e specialit\u00e0 tipiche.","robots":{"index":"index","follow":"follow","max-snippet":"max-snippet:-1","max-image-preview":"max-image-preview:large","max-video-preview":"max-video-preview:-1"},"canonical":"https:\/\/pugliamare.it\/es\/esperienze\/experience-mozzarella-in-puglia-con-casaro\/","og_locale":"es_ES","og_type":"article","og_title":"Mozzarella Experience in Puglia \u2013 Degustazione e Dimostrazione con Casaro","og_description":"Partecipa alla Mozzarella Experience in Puglia: dimostrazione artigianale del casaro e aperitivo con friselle, vino locale e specialit\u00e0 tipiche.","og_url":"https:\/\/pugliamare.it\/es\/esperienze\/experience-mozzarella-in-puglia-con-casaro\/","og_site_name":"Pugliamare","article_publisher":"https:\/\/www.facebook.com\/pugliamarexperience","article_modified_time":"2026-01-28T13:36:19+00:00","og_image":[{"width":2560,"height":1440,"url":"https:\/\/pugliamare.it\/wp-content\/uploads\/2024\/05\/IMG_0736-scaled.jpg","type":"image\/jpeg"}],"twitter_card":"summary_large_image","schema":{"@context":"https:\/\/schema.org","@graph":[{"@type":"WebPage","@id":"https:\/\/pugliamare.it\/esperienze\/experience-mozzarella-in-puglia-con-casaro\/","url":"https:\/\/pugliamare.it\/esperienze\/experience-mozzarella-in-puglia-con-casaro\/","name":"Mozzarella Experience Puglia \u2013 Degustazione e Dimostrazione | Pugliamare","isPartOf":{"@id":"https:\/\/pugliamare.it\/en\/#website"},"primaryImageOfPage":{"@id":"https:\/\/pugliamare.it\/esperienze\/experience-mozzarella-in-puglia-con-casaro\/#primaryimage"},"image":{"@id":"https:\/\/pugliamare.it\/esperienze\/experience-mozzarella-in-puglia-con-casaro\/#primaryimage"},"thumbnailUrl":"https:\/\/pugliamare.it\/wp-content\/uploads\/2024\/05\/IMG_0736-scaled.jpg","datePublished":"2024-05-11T16:16:56+00:00","dateModified":"2026-01-28T13:36:19+00:00","description":"Partecipa alla Mozzarella Experience in Puglia: dimostrazione artigianale del casaro e aperitivo con friselle, vino locale e specialit\u00e0 tipiche.","breadcrumb":{"@id":"https:\/\/pugliamare.it\/esperienze\/experience-mozzarella-in-puglia-con-casaro\/#breadcrumb"},"inLanguage":"es","potentialAction":[{"@type":"ReadAction","target":["https:\/\/pugliamare.it\/esperienze\/experience-mozzarella-in-puglia-con-casaro\/"]}]},{"@type":"ImageObject","inLanguage":"es","@id":"https:\/\/pugliamare.it\/esperienze\/experience-mozzarella-in-puglia-con-casaro\/#primaryimage","url":"https:\/\/pugliamare.it\/wp-content\/uploads\/2024\/05\/IMG_0736-scaled.jpg","contentUrl":"https:\/\/pugliamare.it\/wp-content\/uploads\/2024\/05\/IMG_0736-scaled.jpg","width":2560,"height":1440,"caption":"Casaro esperto durante la mozzarella experience in Puglia"},{"@type":"BreadcrumbList","@id":"https:\/\/pugliamare.it\/esperienze\/experience-mozzarella-in-puglia-con-casaro\/#breadcrumb","itemListElement":[{"@type":"ListItem","position":1,"name":"Home","item":"https:\/\/pugliamare.it\/"},{"@type":"ListItem","position":2,"name":"Mozzarella Experience in Puglia \u2013 Degustazione e Dimostrazione con Casaro"}]},{"@type":"WebSite","@id":"https:\/\/pugliamare.it\/en\/#website","url":"https:\/\/pugliamare.it\/en\/","name":"Pugliamare","description":"Esperienze, Soggiorni e Tour personalizzati in Puglia","publisher":{"@id":"https:\/\/pugliamare.it\/en\/#organization"},"potentialAction":[{"@type":"SearchAction","target":{"@type":"EntryPoint","urlTemplate":"https:\/\/pugliamare.it\/en\/?s={search_term_string}"},"query-input":"required name=search_term_string"}],"inLanguage":"es"},{"@type":"Organization","@id":"https:\/\/pugliamare.it\/en\/#organization","name":"Pugliamare srl","url":"https:\/\/pugliamare.it\/en\/","logo":{"@type":"ImageObject","inLanguage":"es","@id":"https:\/\/pugliamare.it\/en\/#\/schema\/logo\/image\/","url":"https:\/\/pugliamare.it\/wp-content\/uploads\/2021\/04\/cropped-cropped-Risorsa-2.png","contentUrl":"https:\/\/pugliamare.it\/wp-content\/uploads\/2021\/04\/cropped-cropped-Risorsa-2.png","width":374,"height":117,"caption":"Pugliamare srl"},"image":{"@id":"https:\/\/pugliamare.it\/en\/#\/schema\/logo\/image\/"},"sameAs":["https:\/\/www.facebook.com\/pugliamarexperience","https:\/\/www.instagram.com\/pugliamare\/"]}]}},"_links":{"self":[{"href":"https:\/\/pugliamare.it\/es\/wp-json\/wp\/v2\/product\/22774"}],"collection":[{"href":"https:\/\/pugliamare.it\/es\/wp-json\/wp\/v2\/product"}],"about":[{"href":"https:\/\/pugliamare.it\/es\/wp-json\/wp\/v2\/types\/product"}],"version-history":[{"count":13,"href":"https:\/\/pugliamare.it\/es\/wp-json\/wp\/v2\/product\/22774\/revisions"}],"predecessor-version":[{"id":33779,"href":"https:\/\/pugliamare.it\/es\/wp-json\/wp\/v2\/product\/22774\/revisions\/33779"}],"wp:featuredmedia":[{"embeddable":true,"href":"https:\/\/pugliamare.it\/es\/wp-json\/wp\/v2\/media\/22782"}],"wp:attachment":[{"href":"https:\/\/pugliamare.it\/es\/wp-json\/wp\/v2\/media?parent=22774"}],"wp:term":[{"taxonomy":"product_cat","embeddable":true,"href":"https:\/\/pugliamare.it\/es\/wp-json\/wp\/v2\/product_cat?post=22774"},{"taxonomy":"product_tag","embeddable":true,"href":"https:\/\/pugliamare.it\/es\/wp-json\/wp\/v2\/product_tag?post=22774"}],"curies":[{"name":"wp","href":"https:\/\/api.w.org\/{rel}","templated":true}]}}