{"id":23689,"date":"2024-06-03T17:33:36","date_gmt":"2024-06-03T15:33:36","guid":{"rendered":"https:\/\/pugliamare.it\/?post_type=product&#038;p=23689"},"modified":"2026-03-26T10:45:51","modified_gmt":"2026-03-26T09:45:51","slug":"visita-guidata-di-bari","status":"publish","type":"product","link":"https:\/\/pugliamare.it\/es\/esperienze\/visita-guidata-di-bari\/","title":{"rendered":"Visita guiada por Bari - recorrido cultural y degustaci\u00f3n"},"content":{"rendered":"<h1 data-start=\"764\" data-end=\"841\"><strong>Visita Guiada de Bari \u2013 Arte, Cultura y Sabores Aut\u00e9nticos<\/strong><\/h1>\n<p data-start=\"843\" data-end=\"1120\" class=\" translation-block\">Descubre <a href=\"https:\/\/pugliamare.it\/destinazioni\/bari\/\" target=\"_self\"><strong>Bari<\/strong><\/a> con una <strong data-start=\"863\" data-end=\"901\">visita guiada<\/strong> pensada para hacerte vivir una experiencia fuera del tiempo. Acompa\u00f1ado de un gu\u00eda experto y apasionado, explorar\u00e1s las principales atracciones del coraz\u00f3n hist\u00f3rico de la ciudad, sumergi\u00e9ndote en el aut\u00e9ntico esp\u00edritu pugliese.<\/p>\n<h3 data-start=\"1127\" data-end=\"1153\"><strong>\ud83d\udccd Itinerario del tour<\/strong><\/h3>\n<ul data-start=\"1155\" data-end=\"1942\">\n<li data-start=\"1155\" data-end=\"1351\">\n<p data-start=\"1157\" data-end=\"1351\" class=\" translation-block\"><strong data-start=\"1157\" data-end=\"1174\">Ciudad Vieja<\/strong>: Admira la majestuosa Bas\u00edlica de San Nicol\u00e1s con su preciosa Cripta, la Catedral de San Sabino y el exterior del Castillo Normando-Suevo, s\u00edmbolos hist\u00f3ricos y culturales de Bari.<\/p>\n<\/li>\n<li data-start=\"1353\" data-end=\"1563\">\n<p data-start=\"1355\" data-end=\"1563\" class=\" translation-block\"><strong data-start=\"1355\" data-end=\"1371\">Borgo Antico<\/strong>: Pasea por las calles donde se respira la vida local, observando escenas aut\u00e9nticas del d\u00eda a d\u00eda, como las se\u00f1oras que preparan pasta casera y los ni\u00f1os que juegan en las calles.<\/p>\n<\/li>\n<li data-start=\"1565\" data-end=\"1769\">\n<p data-start=\"1567\" data-end=\"1769\" class=\" translation-block\"><strong data-start=\"1567\" data-end=\"1600\">Plazas Animadas y Distrito Moderno<\/strong>: Descubre las plazas bulliciosas, el teatro, las elegantes calles comerciales y el famoso paseo mar\u00edtimo monumental, con una parada en el mercado de pescado, el coraz\u00f3n palpitante de la ciudad.<\/p>\n<\/li>\n<li data-start=\"1771\" data-end=\"1942\">\n<p data-start=\"1773\" data-end=\"1942\" class=\" translation-block\"><strong data-start=\"1773\" data-end=\"1808\">Degustaci\u00f3n de productos t\u00edpicos<\/strong>: Disfruta de una especialidad pugliesa en una parada gastron\u00f3mica, como la focaccia arom\u00e1tica, orecchiette frescas o una copa de vino local.<\/p>\n<\/li>\n<\/ul>\n<h3 data-start=\"1949\" data-end=\"1979\"><strong>\u2139\ufe0f Informaci\u00f3n importante<\/strong><\/h3>\n<ul data-start=\"1981\" data-end=\"2137\">\n<li data-start=\"1981\" data-end=\"2077\">\n<p data-start=\"1983\" data-end=\"2077\" class=\" translation-block\"><strong>N\u00famero m\u00ednimo de participantes:<\/strong> 2 adultos (posibles modificaciones en caso de no alcanzar el m\u00ednimo)<\/p>\n<\/li>\n<li data-start=\"2078\" data-end=\"2137\">\n<p data-start=\"2080\" data-end=\"2137\"><em><strong>Cont\u00e1ctanos para disponibilidad y solicitudes personalizadas<\/strong><\/em><\/p>\n<\/li>\n<\/ul>\n<h3 data-start=\"2144\" data-end=\"2171\"><strong>\ud83c\udf1f Experiencias relacionadas<\/strong><\/h3>\n<p data-start=\"2173\" data-end=\"2366\" class=\" translation-block\">Enriquece tu visita con nuestros <a href=\"https:\/\/pugliamare.it\/esperienze\/tour-di-bari-in-gozzo-tipico-con-aperitivo\/\" target=\"_self\"><strong>tours en barco<\/strong><\/a> a lo largo de la costa de Bari, las excursiones enogastron\u00f3micas y las <a href=\"https:\/\/pugliamare.it\/esperienze\/lezione-di-cucina-pugliese-a-polignano-a-mare-cena\/\" target=\"_self\"><strong>clases de cocina<\/strong><\/a>, para vivir plenamente la cultura, la gastronom\u00eda y el paisaje de Puglia.<\/p>\n<h3 data-start=\"2373\" data-end=\"2440\"><strong>Reserva ahora tu visita guiada por el centro hist\u00f3rico de Bari<\/strong><\/h3>\n<p data-start=\"2442\" data-end=\"2689\" class=\" translation-block\">No pierdas la oportunidad de descubrir Bari desde un punto de vista aut\u00e9ntico y envolvente. <strong data-start=\"2530\" data-end=\"2548\">Reserva ahora<\/strong> tu visita guiada y prep\u00e1rate para llevarte recuerdos inolvidables. Para informaci\u00f3n y solicitudes, <a href=\"https:\/\/api.whatsapp.com\/send?phone=393668959532\" target=\"_self\">cont\u00e1ctanos<\/a>: estamos aqu\u00ed para ayudarte.<\/p>","protected":false},"excerpt":{"rendered":"<p data-start=\"433\" data-end=\"715\" class=\" translation-block\">Explora los encantadores callejones del <strong data-start=\"467\" data-end=\"493\">casco hist\u00f3rico de Bari<\/strong> con una visita guiada que te llevar\u00e1 a descubrir arte, cultura y tradiciones aut\u00e9nticas. Respira el animado ambiente del casco antiguo, entre monumentos hist\u00f3ricos, plazas animadas y una degustaci\u00f3n de productos t\u00edpicos de Puglia.<\/p>","protected":false},"featured_media":23682,"template":"","meta":{"_acf_changed":false,"inline_featured_image":false},"product_cat":[292],"product_tag":[290],"acf":[],"yoast_head":"<!-- This site is optimized with the Yoast SEO Premium plugin v22.8 (Yoast SEO v22.8) - https:\/\/yoast.com\/wordpress\/plugins\/seo\/ -->\n<title>Visita guidata di Bari con Degustazione di prodotti tipici | Pugliamare<\/title>\n<meta name=\"description\" content=\"Esplora Bari con una visita guidata nel centro storico, tra monumenti, tradizioni e degustazioni di prodotti tipici pugliesi. Prenota ora!\" \/>\n<meta name=\"robots\" content=\"index, follow, max-snippet:-1, max-image-preview:large, max-video-preview:-1\" \/>\n<link rel=\"canonical\" href=\"https:\/\/pugliamare.it\/es\/esperienze\/visita-guidata-di-bari\/\" \/>\n<meta property=\"og:locale\" content=\"es_ES\" \/>\n<meta property=\"og:type\" content=\"article\" \/>\n<meta property=\"og:title\" content=\"Visita Guidata Bari \u2013 Tour Culturale e Degustazione\" \/>\n<meta property=\"og:description\" content=\"Esplora Bari con una visita guidata nel centro storico, tra monumenti, tradizioni e degustazioni di prodotti tipici pugliesi. Prenota ora!\" \/>\n<meta property=\"og:url\" content=\"https:\/\/pugliamare.it\/es\/esperienze\/visita-guidata-di-bari\/\" \/>\n<meta property=\"og:site_name\" content=\"Pugliamare\" \/>\n<meta property=\"article:publisher\" content=\"https:\/\/www.facebook.com\/pugliamarexperience\" \/>\n<meta property=\"article:modified_time\" content=\"2026-03-26T09:45:51+00:00\" \/>\n<meta property=\"og:image\" content=\"https:\/\/pugliamare.it\/wp-content\/uploads\/2024\/06\/AdobeStock_493978007-scaled.jpeg\" \/>\n\t<meta property=\"og:image:width\" content=\"2560\" \/>\n\t<meta property=\"og:image:height\" content=\"1189\" \/>\n\t<meta property=\"og:image:type\" content=\"image\/jpeg\" \/>\n<meta name=\"twitter:card\" content=\"summary_large_image\" \/>\n<script type=\"application\/ld+json\" class=\"yoast-schema-graph\">{\"@context\":\"https:\/\/schema.org\",\"@graph\":[{\"@type\":\"WebPage\",\"@id\":\"https:\/\/pugliamare.it\/esperienze\/visita-guidata-di-bari\/\",\"url\":\"https:\/\/pugliamare.it\/esperienze\/visita-guidata-di-bari\/\",\"name\":\"Visita guidata di Bari con Degustazione di prodotti tipici | Pugliamare\",\"isPartOf\":{\"@id\":\"https:\/\/pugliamare.it\/en\/#website\"},\"primaryImageOfPage\":{\"@id\":\"https:\/\/pugliamare.it\/esperienze\/visita-guidata-di-bari\/#primaryimage\"},\"image\":{\"@id\":\"https:\/\/pugliamare.it\/esperienze\/visita-guidata-di-bari\/#primaryimage\"},\"thumbnailUrl\":\"https:\/\/pugliamare.it\/wp-content\/uploads\/2024\/06\/AdobeStock_493978007-scaled.jpeg\",\"datePublished\":\"2024-06-03T15:33:36+00:00\",\"dateModified\":\"2026-03-26T09:45:51+00:00\",\"description\":\"Esplora Bari con una visita guidata nel centro storico, tra monumenti, tradizioni e degustazioni di prodotti tipici pugliesi. Prenota ora!\",\"breadcrumb\":{\"@id\":\"https:\/\/pugliamare.it\/esperienze\/visita-guidata-di-bari\/#breadcrumb\"},\"inLanguage\":\"es\",\"potentialAction\":[{\"@type\":\"ReadAction\",\"target\":[\"https:\/\/pugliamare.it\/esperienze\/visita-guidata-di-bari\/\"]}]},{\"@type\":\"ImageObject\",\"inLanguage\":\"es\",\"@id\":\"https:\/\/pugliamare.it\/esperienze\/visita-guidata-di-bari\/#primaryimage\",\"url\":\"https:\/\/pugliamare.it\/wp-content\/uploads\/2024\/06\/AdobeStock_493978007-scaled.jpeg\",\"contentUrl\":\"https:\/\/pugliamare.it\/wp-content\/uploads\/2024\/06\/AdobeStock_493978007-scaled.jpeg\",\"width\":2560,\"height\":1189,\"caption\":\"Teatro Margherita panoramica tour di Bari\"},{\"@type\":\"BreadcrumbList\",\"@id\":\"https:\/\/pugliamare.it\/esperienze\/visita-guidata-di-bari\/#breadcrumb\",\"itemListElement\":[{\"@type\":\"ListItem\",\"position\":1,\"name\":\"Home\",\"item\":\"https:\/\/pugliamare.it\/\"},{\"@type\":\"ListItem\",\"position\":2,\"name\":\"Visita Guidata Bari \u2013 Tour Culturale e Degustazione\"}]},{\"@type\":\"WebSite\",\"@id\":\"https:\/\/pugliamare.it\/en\/#website\",\"url\":\"https:\/\/pugliamare.it\/en\/\",\"name\":\"Pugliamare\",\"description\":\"Esperienze, Soggiorni e Tour personalizzati in Puglia\",\"publisher\":{\"@id\":\"https:\/\/pugliamare.it\/en\/#organization\"},\"potentialAction\":[{\"@type\":\"SearchAction\",\"target\":{\"@type\":\"EntryPoint\",\"urlTemplate\":\"https:\/\/pugliamare.it\/en\/?s={search_term_string}\"},\"query-input\":\"required name=search_term_string\"}],\"inLanguage\":\"es\"},{\"@type\":\"Organization\",\"@id\":\"https:\/\/pugliamare.it\/en\/#organization\",\"name\":\"Pugliamare srl\",\"url\":\"https:\/\/pugliamare.it\/en\/\",\"logo\":{\"@type\":\"ImageObject\",\"inLanguage\":\"es\",\"@id\":\"https:\/\/pugliamare.it\/en\/#\/schema\/logo\/image\/\",\"url\":\"https:\/\/pugliamare.it\/wp-content\/uploads\/2021\/04\/cropped-cropped-Risorsa-2.png\",\"contentUrl\":\"https:\/\/pugliamare.it\/wp-content\/uploads\/2021\/04\/cropped-cropped-Risorsa-2.png\",\"width\":374,\"height\":117,\"caption\":\"Pugliamare srl\"},\"image\":{\"@id\":\"https:\/\/pugliamare.it\/en\/#\/schema\/logo\/image\/\"},\"sameAs\":[\"https:\/\/www.facebook.com\/pugliamarexperience\",\"https:\/\/www.instagram.com\/pugliamare\/\"]}]}<\/script>\n<!-- \/ Yoast SEO Premium plugin. -->","yoast_head_json":{"title":"Visita guidata di Bari con Degustazione di prodotti tipici | Pugliamare","description":"Esplora Bari con una visita guidata nel centro storico, tra monumenti, tradizioni e degustazioni di prodotti tipici pugliesi. Prenota ora!","robots":{"index":"index","follow":"follow","max-snippet":"max-snippet:-1","max-image-preview":"max-image-preview:large","max-video-preview":"max-video-preview:-1"},"canonical":"https:\/\/pugliamare.it\/es\/esperienze\/visita-guidata-di-bari\/","og_locale":"es_ES","og_type":"article","og_title":"Visita Guidata Bari \u2013 Tour Culturale e Degustazione","og_description":"Esplora Bari con una visita guidata nel centro storico, tra monumenti, tradizioni e degustazioni di prodotti tipici pugliesi. Prenota ora!","og_url":"https:\/\/pugliamare.it\/es\/esperienze\/visita-guidata-di-bari\/","og_site_name":"Pugliamare","article_publisher":"https:\/\/www.facebook.com\/pugliamarexperience","article_modified_time":"2026-03-26T09:45:51+00:00","og_image":[{"width":2560,"height":1189,"url":"https:\/\/pugliamare.it\/wp-content\/uploads\/2024\/06\/AdobeStock_493978007-scaled.jpeg","type":"image\/jpeg"}],"twitter_card":"summary_large_image","schema":{"@context":"https:\/\/schema.org","@graph":[{"@type":"WebPage","@id":"https:\/\/pugliamare.it\/esperienze\/visita-guidata-di-bari\/","url":"https:\/\/pugliamare.it\/esperienze\/visita-guidata-di-bari\/","name":"Visita guidata di Bari con Degustazione di prodotti tipici | Pugliamare","isPartOf":{"@id":"https:\/\/pugliamare.it\/en\/#website"},"primaryImageOfPage":{"@id":"https:\/\/pugliamare.it\/esperienze\/visita-guidata-di-bari\/#primaryimage"},"image":{"@id":"https:\/\/pugliamare.it\/esperienze\/visita-guidata-di-bari\/#primaryimage"},"thumbnailUrl":"https:\/\/pugliamare.it\/wp-content\/uploads\/2024\/06\/AdobeStock_493978007-scaled.jpeg","datePublished":"2024-06-03T15:33:36+00:00","dateModified":"2026-03-26T09:45:51+00:00","description":"Esplora Bari con una visita guidata nel centro storico, tra monumenti, tradizioni e degustazioni di prodotti tipici pugliesi. Prenota ora!","breadcrumb":{"@id":"https:\/\/pugliamare.it\/esperienze\/visita-guidata-di-bari\/#breadcrumb"},"inLanguage":"es","potentialAction":[{"@type":"ReadAction","target":["https:\/\/pugliamare.it\/esperienze\/visita-guidata-di-bari\/"]}]},{"@type":"ImageObject","inLanguage":"es","@id":"https:\/\/pugliamare.it\/esperienze\/visita-guidata-di-bari\/#primaryimage","url":"https:\/\/pugliamare.it\/wp-content\/uploads\/2024\/06\/AdobeStock_493978007-scaled.jpeg","contentUrl":"https:\/\/pugliamare.it\/wp-content\/uploads\/2024\/06\/AdobeStock_493978007-scaled.jpeg","width":2560,"height":1189,"caption":"Teatro Margherita panoramica tour di Bari"},{"@type":"BreadcrumbList","@id":"https:\/\/pugliamare.it\/esperienze\/visita-guidata-di-bari\/#breadcrumb","itemListElement":[{"@type":"ListItem","position":1,"name":"Home","item":"https:\/\/pugliamare.it\/"},{"@type":"ListItem","position":2,"name":"Visita Guidata Bari \u2013 Tour Culturale e Degustazione"}]},{"@type":"WebSite","@id":"https:\/\/pugliamare.it\/en\/#website","url":"https:\/\/pugliamare.it\/en\/","name":"Pugliamare","description":"Esperienze, Soggiorni e Tour personalizzati in Puglia","publisher":{"@id":"https:\/\/pugliamare.it\/en\/#organization"},"potentialAction":[{"@type":"SearchAction","target":{"@type":"EntryPoint","urlTemplate":"https:\/\/pugliamare.it\/en\/?s={search_term_string}"},"query-input":"required name=search_term_string"}],"inLanguage":"es"},{"@type":"Organization","@id":"https:\/\/pugliamare.it\/en\/#organization","name":"Pugliamare srl","url":"https:\/\/pugliamare.it\/en\/","logo":{"@type":"ImageObject","inLanguage":"es","@id":"https:\/\/pugliamare.it\/en\/#\/schema\/logo\/image\/","url":"https:\/\/pugliamare.it\/wp-content\/uploads\/2021\/04\/cropped-cropped-Risorsa-2.png","contentUrl":"https:\/\/pugliamare.it\/wp-content\/uploads\/2021\/04\/cropped-cropped-Risorsa-2.png","width":374,"height":117,"caption":"Pugliamare srl"},"image":{"@id":"https:\/\/pugliamare.it\/en\/#\/schema\/logo\/image\/"},"sameAs":["https:\/\/www.facebook.com\/pugliamarexperience","https:\/\/www.instagram.com\/pugliamare\/"]}]}},"_links":{"self":[{"href":"https:\/\/pugliamare.it\/es\/wp-json\/wp\/v2\/product\/23689"}],"collection":[{"href":"https:\/\/pugliamare.it\/es\/wp-json\/wp\/v2\/product"}],"about":[{"href":"https:\/\/pugliamare.it\/es\/wp-json\/wp\/v2\/types\/product"}],"version-history":[{"count":22,"href":"https:\/\/pugliamare.it\/es\/wp-json\/wp\/v2\/product\/23689\/revisions"}],"predecessor-version":[{"id":26424,"href":"https:\/\/pugliamare.it\/es\/wp-json\/wp\/v2\/product\/23689\/revisions\/26424"}],"wp:featuredmedia":[{"embeddable":true,"href":"https:\/\/pugliamare.it\/es\/wp-json\/wp\/v2\/media\/23682"}],"wp:attachment":[{"href":"https:\/\/pugliamare.it\/es\/wp-json\/wp\/v2\/media?parent=23689"}],"wp:term":[{"taxonomy":"product_cat","embeddable":true,"href":"https:\/\/pugliamare.it\/es\/wp-json\/wp\/v2\/product_cat?post=23689"},{"taxonomy":"product_tag","embeddable":true,"href":"https:\/\/pugliamare.it\/es\/wp-json\/wp\/v2\/product_tag?post=23689"}],"curies":[{"name":"wp","href":"https:\/\/api.w.org\/{rel}","templated":true}]}}