{"id":23742,"date":"2024-06-05T15:36:42","date_gmt":"2024-06-05T13:36:42","guid":{"rendered":"https:\/\/pugliamare.it\/?post_type=product&#038;p=23742"},"modified":"2025-12-20T13:03:14","modified_gmt":"2025-12-20T12:03:14","slug":"lezione-di-cucina-pugliese-a-polignano-a-mare-cena","status":"publish","type":"product","link":"https:\/\/pugliamare.it\/es\/esperienze\/lezione-di-cucina-pugliese-a-polignano-a-mare-cena\/","title":{"rendered":"Clase de cocina t\u00edpica de Apulia en Polignano a Mare: Orecchiette con aperitivo y vino"},"content":{"rendered":"<h1 data-start=\"817\" data-end=\"867\"><strong>Clase de cocina local en Polignano a Mare<\/strong><\/h1>\n<p data-start=\"869\" data-end=\"1208\" class=\" translation-block\">\u00danete a nosotros para una <strong data-start=\"892\" data-end=\"946\">clase de cocina t\u00edpica pugliese en <a href=\"https:\/\/pugliamare.it\/destinazioni\/polignano-a-mare\/\" target=\"_self\">Polignano a Mare<\/a><\/strong> en el coraz\u00f3n del centro hist\u00f3rico y descubre el arte de preparar orecchiette, uno de los platos emblem\u00e1ticos de la tradici\u00f3n culinaria de Puglia. Guiados por chefs expertos y apasionados, aprender\u00e1s t\u00e9cnicas tradicionales utilizando ingredientes frescos y de <strong>kil\u00f3metro cero<\/strong>.<\/p>\n<p data-start=\"1210\" data-end=\"1499\" class=\" translation-block\">Esta clase de cocina de <strong>2 horas<\/strong> te ofrecer\u00e1 una experiencia aut\u00e9ntica e inmersiva, llevada a cabo en una t\u00edpica vivienda en los pintorescos callejones de Polignano a Mare. Ser\u00e1 la ocasi\u00f3n perfecta para conocer los secretos de la pasta hecha a mano y para llevarte a casa un pedacito de Puglia, est\u00e9s donde est\u00e9s.<\/p>\n<h3 data-start=\"1506\" data-end=\"1535\"><strong>\ud83d\udd52 Detalles de la lecci\u00f3n<\/strong><\/h3>\n<ul data-start=\"1537\" data-end=\"1832\">\n<li data-start=\"1537\" data-end=\"1554\">\n<p data-start=\"1539\" data-end=\"1554\" class=\" translation-block\"><strong>Duraci\u00f3n:<\/strong> 2 horas<\/p>\n<\/li>\n<li data-start=\"1555\" data-end=\"1619\">\n<p data-start=\"1557\" data-end=\"1619\" class=\" translation-block\"><strong>Ubicaci\u00f3n:<\/strong> Casa t\u00edpica en el centro hist\u00f3rico de Polignano a Mare<\/p>\n<\/li>\n<li data-start=\"1620\" data-end=\"1643\">\n<p data-start=\"1622\" data-end=\"1643\"><em><strong>Chefs locales experimentados<\/strong><\/em><\/p>\n<\/li>\n<li data-start=\"1644\" data-end=\"1702\">\n<p data-start=\"1646\" data-end=\"1702\"><em><strong>Ingredientes frescos y tradicionales de Apulia<\/strong><\/em><\/p>\n<\/li>\n<li data-start=\"1703\" data-end=\"1804\">\n<p data-start=\"1705\" data-end=\"1804\" class=\" translation-block\"><strong>Aperitivo final con productos locales:<\/strong> focaccia fragante, taralli crujientes y verduras de temporada<\/p>\n<\/li>\n<li data-start=\"1805\" data-end=\"1832\">\n<p data-start=\"1807\" data-end=\"1832\"><em><strong>Vino local seleccionado<\/strong><\/em><\/p>\n<\/li>\n<\/ul>\n<h3 data-start=\"1839\" data-end=\"1854\"><strong>\ud83d\ude97 Transfer<\/strong><\/h3>\n<p data-start=\"1856\" data-end=\"1997\" class=\" translation-block\">Bajo petici\u00f3n, est\u00e1 disponible un c\u00f3modo servicio de <strong>traslado<\/strong> desde los pueblos cercanos para que tu experiencia sea a\u00fan m\u00e1s agradable y sin estr\u00e9s.<\/p>\n<h3 data-start=\"154\" data-end=\"181\"><strong>\ud83c\udf1f Experiencias relacionadas<\/strong><\/h3>\n<p data-start=\"183\" data-end=\"417\" class=\" translation-block\">Completa tus vacaciones con otras experiencias aut\u00e9nticas de Pugliamare, como<strong><a href=\"https:\/\/pugliamare.it\/esperienze\/lezione-di-cucina-pugliese-a-polignano-a-mare-cena\/\" target=\"_self\"> tours en barco por las cuevas<\/a><\/strong>, visitas guiadas enogastron\u00f3micas y <a href=\"https:\/\/pugliamare.it\/tipologia\/vespa-tours\/\" target=\"_self\"><strong>tours en Vespa<\/strong><\/a> por los pueblos hist\u00f3ricos. Sum\u00e9rgete en los sabores, la cultura y los paisajes de Puglia.<\/p>\n<h3 data-start=\"424\" data-end=\"502\"><strong>Reserva ahora tu clase de cocina tradicional de Apulia en Polignano a Mare.<\/strong><\/h3>\n<p data-start=\"504\" data-end=\"811\" class=\" translation-block\">No pierdas la oportunidad de vivir una experiencia culinaria \u00fanica, aprendiendo a preparar orecchiette y degustando sabores aut\u00e9nticos. <strong data-start=\"639\" data-end=\"657\">Reserva ahora<\/strong> tu clase y descubre la verdadera Puglia a trav\u00e9s de su cocina.<br data-start=\"722\" data-end=\"725\">Para informaci\u00f3n o solicitudes, <a href=\"https:\/\/api.whatsapp.com\/send?phone=393668959532\" target=\"_self\"><strong data-start=\"755\" data-end=\"769\">cont\u00e1ctanos<\/strong><\/a>: el equipo de Pugliamare est\u00e1 a tu disposici\u00f3n.<\/p>","protected":false},"excerpt":{"rendered":"<p data-start=\"467\" data-end=\"768\" class=\" translation-block\">Participa en una <strong data-start=\"483\" data-end=\"537\">clase de cocina t\u00edpica de Puglia en Polignano a Mare<\/strong> y aprende a preparar las aut\u00e9nticas <strong>orecchiette<\/strong> hechas a mano. Vive una experiencia gastron\u00f3mica \u00fanica con un aperitivo a base de productos locales y vino seleccionado. Perfecto para los apasionados de la cocina y los amantes de las tradiciones pugliesas.<\/p>","protected":false},"featured_media":23563,"template":"","meta":{"_acf_changed":false,"inline_featured_image":false},"product_cat":[293],"product_tag":[290],"acf":[],"yoast_head":"<!-- This site is optimized with the Yoast SEO Premium plugin v22.8 (Yoast SEO v22.8) - https:\/\/yoast.com\/wordpress\/plugins\/seo\/ -->\n<title>Lezione di Cucina Tipica Pugliese a Polignano a Mare | Pugliamare<\/title>\n<meta name=\"description\" content=\"Partecipa a una lezione di cucina tipica pugliese a Polignano, impara a fare le orecchiette e gusta aperitivo con prodotti locali e vino. Prenota ora!\" \/>\n<meta name=\"robots\" content=\"index, follow, max-snippet:-1, max-image-preview:large, max-video-preview:-1\" \/>\n<link rel=\"canonical\" href=\"https:\/\/pugliamare.it\/es\/esperienze\/lezione-di-cucina-pugliese-a-polignano-a-mare-cena\/\" \/>\n<meta property=\"og:locale\" content=\"es_ES\" \/>\n<meta property=\"og:type\" content=\"article\" \/>\n<meta property=\"og:title\" content=\"Lezione di Cucina Tipica Pugliese a Polignano a Mare \u2013 Orecchiette con Aperitivo e Vino\" \/>\n<meta property=\"og:description\" content=\"Partecipa a una lezione di cucina tipica pugliese a Polignano, impara a fare le orecchiette e gusta aperitivo con prodotti locali e vino. Prenota ora!\" \/>\n<meta property=\"og:url\" content=\"https:\/\/pugliamare.it\/es\/esperienze\/lezione-di-cucina-pugliese-a-polignano-a-mare-cena\/\" \/>\n<meta property=\"og:site_name\" content=\"Pugliamare\" \/>\n<meta property=\"article:publisher\" content=\"https:\/\/www.facebook.com\/pugliamarexperience\" \/>\n<meta property=\"article:modified_time\" content=\"2025-12-20T12:03:14+00:00\" \/>\n<meta property=\"og:image\" content=\"https:\/\/pugliamare.it\/wp-content\/uploads\/2024\/03\/DSCF0230-RAF_DxO_DeepPRIMEXD.jpg\" \/>\n\t<meta property=\"og:image:width\" content=\"1667\" \/>\n\t<meta property=\"og:image:height\" content=\"2500\" \/>\n\t<meta property=\"og:image:type\" content=\"image\/jpeg\" \/>\n<meta name=\"twitter:card\" content=\"summary_large_image\" \/>\n<script type=\"application\/ld+json\" class=\"yoast-schema-graph\">{\"@context\":\"https:\/\/schema.org\",\"@graph\":[{\"@type\":\"WebPage\",\"@id\":\"https:\/\/pugliamare.it\/esperienze\/lezione-di-cucina-pugliese-a-polignano-a-mare-cena\/\",\"url\":\"https:\/\/pugliamare.it\/esperienze\/lezione-di-cucina-pugliese-a-polignano-a-mare-cena\/\",\"name\":\"Lezione di Cucina Tipica Pugliese a Polignano a Mare | Pugliamare\",\"isPartOf\":{\"@id\":\"https:\/\/pugliamare.it\/en\/#website\"},\"primaryImageOfPage\":{\"@id\":\"https:\/\/pugliamare.it\/esperienze\/lezione-di-cucina-pugliese-a-polignano-a-mare-cena\/#primaryimage\"},\"image\":{\"@id\":\"https:\/\/pugliamare.it\/esperienze\/lezione-di-cucina-pugliese-a-polignano-a-mare-cena\/#primaryimage\"},\"thumbnailUrl\":\"https:\/\/pugliamare.it\/wp-content\/uploads\/2024\/03\/DSCF0230-RAF_DxO_DeepPRIMEXD.jpg\",\"datePublished\":\"2024-06-05T13:36:42+00:00\",\"dateModified\":\"2025-12-20T12:03:14+00:00\",\"description\":\"Partecipa a una lezione di cucina tipica pugliese a Polignano, impara a fare le orecchiette e gusta aperitivo con prodotti locali e vino. Prenota ora!\",\"breadcrumb\":{\"@id\":\"https:\/\/pugliamare.it\/esperienze\/lezione-di-cucina-pugliese-a-polignano-a-mare-cena\/#breadcrumb\"},\"inLanguage\":\"es\",\"potentialAction\":[{\"@type\":\"ReadAction\",\"target\":[\"https:\/\/pugliamare.it\/esperienze\/lezione-di-cucina-pugliese-a-polignano-a-mare-cena\/\"]}]},{\"@type\":\"ImageObject\",\"inLanguage\":\"es\",\"@id\":\"https:\/\/pugliamare.it\/esperienze\/lezione-di-cucina-pugliese-a-polignano-a-mare-cena\/#primaryimage\",\"url\":\"https:\/\/pugliamare.it\/wp-content\/uploads\/2024\/03\/DSCF0230-RAF_DxO_DeepPRIMEXD.jpg\",\"contentUrl\":\"https:\/\/pugliamare.it\/wp-content\/uploads\/2024\/03\/DSCF0230-RAF_DxO_DeepPRIMEXD.jpg\",\"width\":1667,\"height\":2500,\"caption\":\"Il nostro chef locale all'opera durante la lezione di cucina\"},{\"@type\":\"BreadcrumbList\",\"@id\":\"https:\/\/pugliamare.it\/esperienze\/lezione-di-cucina-pugliese-a-polignano-a-mare-cena\/#breadcrumb\",\"itemListElement\":[{\"@type\":\"ListItem\",\"position\":1,\"name\":\"Home\",\"item\":\"https:\/\/pugliamare.it\/\"},{\"@type\":\"ListItem\",\"position\":2,\"name\":\"Lezione di Cucina Tipica Pugliese a Polignano a Mare \u2013 Orecchiette con Aperitivo e Vino\"}]},{\"@type\":\"WebSite\",\"@id\":\"https:\/\/pugliamare.it\/en\/#website\",\"url\":\"https:\/\/pugliamare.it\/en\/\",\"name\":\"Pugliamare\",\"description\":\"Esperienze, Soggiorni e Tour personalizzati in Puglia\",\"publisher\":{\"@id\":\"https:\/\/pugliamare.it\/en\/#organization\"},\"potentialAction\":[{\"@type\":\"SearchAction\",\"target\":{\"@type\":\"EntryPoint\",\"urlTemplate\":\"https:\/\/pugliamare.it\/en\/?s={search_term_string}\"},\"query-input\":\"required name=search_term_string\"}],\"inLanguage\":\"es\"},{\"@type\":\"Organization\",\"@id\":\"https:\/\/pugliamare.it\/en\/#organization\",\"name\":\"Pugliamare srl\",\"url\":\"https:\/\/pugliamare.it\/en\/\",\"logo\":{\"@type\":\"ImageObject\",\"inLanguage\":\"es\",\"@id\":\"https:\/\/pugliamare.it\/en\/#\/schema\/logo\/image\/\",\"url\":\"https:\/\/pugliamare.it\/wp-content\/uploads\/2021\/04\/cropped-cropped-Risorsa-2.png\",\"contentUrl\":\"https:\/\/pugliamare.it\/wp-content\/uploads\/2021\/04\/cropped-cropped-Risorsa-2.png\",\"width\":374,\"height\":117,\"caption\":\"Pugliamare srl\"},\"image\":{\"@id\":\"https:\/\/pugliamare.it\/en\/#\/schema\/logo\/image\/\"},\"sameAs\":[\"https:\/\/www.facebook.com\/pugliamarexperience\",\"https:\/\/www.instagram.com\/pugliamare\/\"]}]}<\/script>\n<!-- \/ Yoast SEO Premium plugin. -->","yoast_head_json":{"title":"Lezione di Cucina Tipica Pugliese a Polignano a Mare | Pugliamare","description":"Partecipa a una lezione di cucina tipica pugliese a Polignano, impara a fare le orecchiette e gusta aperitivo con prodotti locali e vino. Prenota ora!","robots":{"index":"index","follow":"follow","max-snippet":"max-snippet:-1","max-image-preview":"max-image-preview:large","max-video-preview":"max-video-preview:-1"},"canonical":"https:\/\/pugliamare.it\/es\/esperienze\/lezione-di-cucina-pugliese-a-polignano-a-mare-cena\/","og_locale":"es_ES","og_type":"article","og_title":"Lezione di Cucina Tipica Pugliese a Polignano a Mare \u2013 Orecchiette con Aperitivo e Vino","og_description":"Partecipa a una lezione di cucina tipica pugliese a Polignano, impara a fare le orecchiette e gusta aperitivo con prodotti locali e vino. Prenota ora!","og_url":"https:\/\/pugliamare.it\/es\/esperienze\/lezione-di-cucina-pugliese-a-polignano-a-mare-cena\/","og_site_name":"Pugliamare","article_publisher":"https:\/\/www.facebook.com\/pugliamarexperience","article_modified_time":"2025-12-20T12:03:14+00:00","og_image":[{"width":1667,"height":2500,"url":"https:\/\/pugliamare.it\/wp-content\/uploads\/2024\/03\/DSCF0230-RAF_DxO_DeepPRIMEXD.jpg","type":"image\/jpeg"}],"twitter_card":"summary_large_image","schema":{"@context":"https:\/\/schema.org","@graph":[{"@type":"WebPage","@id":"https:\/\/pugliamare.it\/esperienze\/lezione-di-cucina-pugliese-a-polignano-a-mare-cena\/","url":"https:\/\/pugliamare.it\/esperienze\/lezione-di-cucina-pugliese-a-polignano-a-mare-cena\/","name":"Lezione di Cucina Tipica Pugliese a Polignano a Mare | Pugliamare","isPartOf":{"@id":"https:\/\/pugliamare.it\/en\/#website"},"primaryImageOfPage":{"@id":"https:\/\/pugliamare.it\/esperienze\/lezione-di-cucina-pugliese-a-polignano-a-mare-cena\/#primaryimage"},"image":{"@id":"https:\/\/pugliamare.it\/esperienze\/lezione-di-cucina-pugliese-a-polignano-a-mare-cena\/#primaryimage"},"thumbnailUrl":"https:\/\/pugliamare.it\/wp-content\/uploads\/2024\/03\/DSCF0230-RAF_DxO_DeepPRIMEXD.jpg","datePublished":"2024-06-05T13:36:42+00:00","dateModified":"2025-12-20T12:03:14+00:00","description":"Partecipa a una lezione di cucina tipica pugliese a Polignano, impara a fare le orecchiette e gusta aperitivo con prodotti locali e vino. Prenota ora!","breadcrumb":{"@id":"https:\/\/pugliamare.it\/esperienze\/lezione-di-cucina-pugliese-a-polignano-a-mare-cena\/#breadcrumb"},"inLanguage":"es","potentialAction":[{"@type":"ReadAction","target":["https:\/\/pugliamare.it\/esperienze\/lezione-di-cucina-pugliese-a-polignano-a-mare-cena\/"]}]},{"@type":"ImageObject","inLanguage":"es","@id":"https:\/\/pugliamare.it\/esperienze\/lezione-di-cucina-pugliese-a-polignano-a-mare-cena\/#primaryimage","url":"https:\/\/pugliamare.it\/wp-content\/uploads\/2024\/03\/DSCF0230-RAF_DxO_DeepPRIMEXD.jpg","contentUrl":"https:\/\/pugliamare.it\/wp-content\/uploads\/2024\/03\/DSCF0230-RAF_DxO_DeepPRIMEXD.jpg","width":1667,"height":2500,"caption":"Il nostro chef locale all'opera durante la lezione di cucina"},{"@type":"BreadcrumbList","@id":"https:\/\/pugliamare.it\/esperienze\/lezione-di-cucina-pugliese-a-polignano-a-mare-cena\/#breadcrumb","itemListElement":[{"@type":"ListItem","position":1,"name":"Home","item":"https:\/\/pugliamare.it\/"},{"@type":"ListItem","position":2,"name":"Lezione di Cucina Tipica Pugliese a Polignano a Mare \u2013 Orecchiette con Aperitivo e Vino"}]},{"@type":"WebSite","@id":"https:\/\/pugliamare.it\/en\/#website","url":"https:\/\/pugliamare.it\/en\/","name":"Pugliamare","description":"Esperienze, Soggiorni e Tour personalizzati in Puglia","publisher":{"@id":"https:\/\/pugliamare.it\/en\/#organization"},"potentialAction":[{"@type":"SearchAction","target":{"@type":"EntryPoint","urlTemplate":"https:\/\/pugliamare.it\/en\/?s={search_term_string}"},"query-input":"required name=search_term_string"}],"inLanguage":"es"},{"@type":"Organization","@id":"https:\/\/pugliamare.it\/en\/#organization","name":"Pugliamare srl","url":"https:\/\/pugliamare.it\/en\/","logo":{"@type":"ImageObject","inLanguage":"es","@id":"https:\/\/pugliamare.it\/en\/#\/schema\/logo\/image\/","url":"https:\/\/pugliamare.it\/wp-content\/uploads\/2021\/04\/cropped-cropped-Risorsa-2.png","contentUrl":"https:\/\/pugliamare.it\/wp-content\/uploads\/2021\/04\/cropped-cropped-Risorsa-2.png","width":374,"height":117,"caption":"Pugliamare srl"},"image":{"@id":"https:\/\/pugliamare.it\/en\/#\/schema\/logo\/image\/"},"sameAs":["https:\/\/www.facebook.com\/pugliamarexperience","https:\/\/www.instagram.com\/pugliamare\/"]}]}},"_links":{"self":[{"href":"https:\/\/pugliamare.it\/es\/wp-json\/wp\/v2\/product\/23742"}],"collection":[{"href":"https:\/\/pugliamare.it\/es\/wp-json\/wp\/v2\/product"}],"about":[{"href":"https:\/\/pugliamare.it\/es\/wp-json\/wp\/v2\/types\/product"}],"version-history":[{"count":31,"href":"https:\/\/pugliamare.it\/es\/wp-json\/wp\/v2\/product\/23742\/revisions"}],"predecessor-version":[{"id":36327,"href":"https:\/\/pugliamare.it\/es\/wp-json\/wp\/v2\/product\/23742\/revisions\/36327"}],"wp:featuredmedia":[{"embeddable":true,"href":"https:\/\/pugliamare.it\/es\/wp-json\/wp\/v2\/media\/23563"}],"wp:attachment":[{"href":"https:\/\/pugliamare.it\/es\/wp-json\/wp\/v2\/media?parent=23742"}],"wp:term":[{"taxonomy":"product_cat","embeddable":true,"href":"https:\/\/pugliamare.it\/es\/wp-json\/wp\/v2\/product_cat?post=23742"},{"taxonomy":"product_tag","embeddable":true,"href":"https:\/\/pugliamare.it\/es\/wp-json\/wp\/v2\/product_tag?post=23742"}],"curies":[{"name":"wp","href":"https:\/\/api.w.org\/{rel}","templated":true}]}}